

{"id":60743,"date":"2022-11-15T16:16:01","date_gmt":"2022-11-15T15:16:01","guid":{"rendered":"https:\/\/teslafm.net\/?page_id=60743"},"modified":"2022-11-15T16:18:29","modified_gmt":"2022-11-15T15:18:29","slug":"ones-de-crom-14","status":"publish","type":"page","link":"https:\/\/teslafm.net\/en\/ones-de-crom-14\/","title":{"rendered":"Ones de Crom #14"},"content":{"rendered":"<div data-elementor-type=\"wp-page\" data-elementor-id=\"60743\" class=\"elementor elementor-60743\">\n\t\t\t\t\t\t<section class=\"elementor-section elementor-top-section elementor-element elementor-element-3543877f elementor-section-boxed elementor-section-height-default elementor-section-height-default\" data-id=\"3543877f\" data-element_type=\"section\" data-e-type=\"section\">\n\t\t\t\t\t\t<div class=\"elementor-container elementor-column-gap-default\">\n\t\t\t\t\t<div class=\"elementor-column elementor-col-100 elementor-top-column elementor-element elementor-element-254fcf9a\" data-id=\"254fcf9a\" data-element_type=\"column\" data-e-type=\"column\">\n\t\t\t<div class=\"elementor-widget-wrap elementor-element-populated\">\n\t\t\t\t\t\t<div class=\"elementor-element elementor-element-3501e9f9 elementor-widget elementor-widget-text-editor\" data-id=\"3501e9f9\" data-element_type=\"widget\" data-e-type=\"widget\" data-widget_type=\"text-editor.default\">\n\t\t\t\t<div class=\"elementor-widget-container\">\n\t\t\t\t\t\t\t\t\t<h2><span style=\"color: #ffffff;\"><strong>Ones de Crom #14<\/strong><\/span><\/h2><p><span style=\"color: #808080;\"><em>Smegma<\/em><\/span><\/p><p><iframe src=\"https:\/\/www.mixcloud.com\/widget\/iframe\/?hide_cover=1&amp;feed=%2FTeslafm_net%2Fones-de-crom-14-smegma%2F\" width=\"100%\" height=\"120\" frameborder=\"0\"><\/iframe><\/p>\t\t\t\t\t\t\t\t<\/div>\n\t\t\t\t<\/div>\n\t\t\t\t\t<\/div>\n\t\t<\/div>\n\t\t\t\t\t<\/div>\n\t\t<\/section>\n\t\t\t\t<section class=\"elementor-section elementor-top-section elementor-element elementor-element-28ef3b8 elementor-section-boxed elementor-section-height-default elementor-section-height-default\" data-id=\"28ef3b8\" data-element_type=\"section\" data-e-type=\"section\">\n\t\t\t\t\t\t<div class=\"elementor-container elementor-column-gap-default\">\n\t\t\t\t\t<div class=\"elementor-column elementor-col-50 elementor-top-column elementor-element elementor-element-b5feebb\" data-id=\"b5feebb\" data-element_type=\"column\" data-e-type=\"column\">\n\t\t\t<div class=\"elementor-widget-wrap elementor-element-populated\">\n\t\t\t\t\t\t<div class=\"elementor-element elementor-element-547a177 elementor-widget elementor-widget-image\" data-id=\"547a177\" data-element_type=\"widget\" data-e-type=\"widget\" data-widget_type=\"image.default\">\n\t\t\t\t<div class=\"elementor-widget-container\">\n\t\t\t\t\t\t\t\t\t\t\t\t\t\t\t<img fetchpriority=\"high\" decoding=\"async\" width=\"425\" height=\"233\" src=\"https:\/\/teslafm.net\/wp-content\/uploads\/2022\/11\/SMEGMA.jpg\" class=\"attachment-large size-large wp-image-60746\" alt=\"\" srcset=\"https:\/\/teslafm.net\/wp-content\/uploads\/2022\/11\/SMEGMA.jpg 425w, https:\/\/teslafm.net\/wp-content\/uploads\/2022\/11\/SMEGMA-300x164.jpg 300w\" sizes=\"(max-width: 425px) 100vw, 425px\" \/>\t\t\t\t\t\t\t\t\t\t\t\t\t\t\t<\/div>\n\t\t\t\t<\/div>\n\t\t\t\t\t<\/div>\n\t\t<\/div>\n\t\t\t\t<div class=\"elementor-column elementor-col-50 elementor-top-column elementor-element elementor-element-2e6796d\" data-id=\"2e6796d\" data-element_type=\"column\" data-e-type=\"column\">\n\t\t\t<div class=\"elementor-widget-wrap elementor-element-populated\">\n\t\t\t\t\t\t<div class=\"elementor-element elementor-element-7f69c7d elementor-widget elementor-widget-text-editor\" data-id=\"7f69c7d\" data-element_type=\"widget\" data-e-type=\"widget\" data-widget_type=\"text-editor.default\">\n\t\t\t\t<div class=\"elementor-widget-container\">\n\t\t\t\t\t\t\t\t\t<p><span style=\"color: #808080;\"><em>June 18, 2008<\/em><\/span><br \/><span style=\"color: #808080;\">Sorgits at the beginning of the 70s in the scene of <strong>Los Angeles Free Music Society<\/strong> on improvisation<\/span><br \/><span style=\"color: #808080;\">musical, soroll, electronic experiments, decompositions of 50's music and rock and the use of<\/span><br \/><span style=\"color: #808080;\">of invented instruments was the style that would define them. Established later in Portland, these classics from<\/span><br \/><span style=\"color: #808080;\">the musical deconstruction have been referents for current Sorolla bands with whom they have collaborated<\/span><br \/><span style=\"color: #808080;\">com <strong>Wolf Eyes<\/strong>,<strong> Jazkamer<\/strong>,<strong> Merzbow<\/strong>,<strong> NON<\/strong>,<strong> Butthole Surfers<\/strong>,<strong> Carlos Giffoni <\/strong>o<strong> C Spencer Yeah<\/strong>. We review his discography from the beginnings with \"Glamour Girl<\/span><br \/><span style=\"color: #808080;\">1941\u2033 i \"Flashcards\" (1979), \"Wild Man Fisher\" (1975), \"Pigs For Leppers\" (1982), \"Nattering.<\/span><br \/><span style=\"color: #808080;\">Naybobs of Negativity\" (1988), \"Ism\" (1994), \"Rumblings\" (2005) and \"33 1.3\" (2007). From them<\/span><br \/><span style=\"color: #808080;\">collaborations mentioned above include songs from the albums made in half with <strong>Merzbow<\/strong> \"Smegma Plays<\/span><br \/><span style=\"color: #808080;\">Merzbow\" (1996), \"The Beast\" (2003) Amb. <strong>Wolf Eyes<\/strong> i \"Endless Coast\" (2007) amb<\/span><br \/><span style=\"color: #808080;\"><strong>Jazkamer<\/strong>. The godfathers of the sorollosa concrete music and of the irreverence with rock, free jazz and electronics are them: <strong>Smegma<\/strong>!<\/span><\/p>\t\t\t\t\t\t\t\t<\/div>\n\t\t\t\t<\/div>\n\t\t\t\t\t<\/div>\n\t\t<\/div>\n\t\t\t\t\t<\/div>\n\t\t<\/section>\n\t\t\t\t<\/div>","protected":false},"excerpt":{"rendered":"<p>Ones de Crom #14 Smegma 18 de juny de 2008Sorgits a inicis dels 70 en l&#8217;escena de Los Angeles Free Music Society on improvisaci\u00f3musical, soroll, experiments electr\u00f2nics, descomposicions de veus i de rock dels 50 i \u00fasd&#8217;instruments inventats era l&#8217;estil que els definiria. Establerts despr\u00e9s a Portland, aquests cl\u00e0ssics dela deconstrucci\u00f3 musical han estat referents [&hellip;]<\/p>\n","protected":false},"author":19,"featured_media":0,"parent":0,"menu_order":0,"comment_status":"closed","ping_status":"closed","template":"","meta":{"footnotes":""},"class_list":["post-60743","page","type-page","status-publish","hentry"],"yoast_head":"<!-- This site is optimized with the Yoast SEO plugin v27.2 - https:\/\/yoast.com\/product\/yoast-seo-wordpress\/ -->\n<title>Ones de Crom #14 -<\/title>\n<meta name=\"robots\" content=\"index, follow, max-snippet:-1, max-image-preview:large, max-video-preview:-1\" \/>\n<link rel=\"canonical\" href=\"https:\/\/teslafm.net\/en\/ones-de-crom-14\/\" \/>\n<meta property=\"og:locale\" content=\"en_US\" \/>\n<meta property=\"og:type\" content=\"article\" \/>\n<meta property=\"og:title\" content=\"Ones de Crom #14 -\" \/>\n<meta property=\"og:description\" content=\"Ones de Crom #14 Smegma 18 de juny de 2008Sorgits a inicis dels 70 en l&#8217;escena de Los Angeles Free Music Society on improvisaci\u00f3musical, soroll, experiments electr\u00f2nics, descomposicions de veus i de rock dels 50 i \u00fasd&#8217;instruments inventats era l&#8217;estil que els definiria. Establerts despr\u00e9s a Portland, aquests cl\u00e0ssics dela deconstrucci\u00f3 musical han estat referents [&hellip;]\" \/>\n<meta property=\"og:url\" content=\"https:\/\/teslafm.net\/en\/ones-de-crom-14\/\" \/>\n<meta property=\"article:publisher\" content=\"https:\/\/www.facebook.com\/teslafm.net\" \/>\n<meta property=\"article:modified_time\" content=\"2022-11-15T15:18:29+00:00\" \/>\n<meta property=\"og:image\" content=\"https:\/\/teslafm.net\/wp-content\/uploads\/2022\/11\/SMEGMA.jpg\" \/>\n<meta name=\"twitter:card\" content=\"summary_large_image\" \/>\n<meta name=\"twitter:site\" content=\"@teslafm\" \/>\n<meta name=\"twitter:label1\" content=\"Est. reading time\" \/>\n\t<meta name=\"twitter:data1\" content=\"1 minute\" \/>\n<script type=\"application\/ld+json\" class=\"yoast-schema-graph\">{\"@context\":\"https:\/\/schema.org\",\"@graph\":[{\"@type\":\"WebPage\",\"@id\":\"https:\/\/teslafm.net\/ones-de-crom-14\/\",\"url\":\"https:\/\/teslafm.net\/ones-de-crom-14\/\",\"name\":\"Ones de Crom #14 -\",\"isPartOf\":{\"@id\":\"https:\/\/teslafm.net\/#website\"},\"primaryImageOfPage\":{\"@id\":\"https:\/\/teslafm.net\/ones-de-crom-14\/#primaryimage\"},\"image\":{\"@id\":\"https:\/\/teslafm.net\/ones-de-crom-14\/#primaryimage\"},\"thumbnailUrl\":\"https:\/\/teslafm.net\/wp-content\/uploads\/2022\/11\/SMEGMA.jpg\",\"datePublished\":\"2022-11-15T15:16:01+00:00\",\"dateModified\":\"2022-11-15T15:18:29+00:00\",\"breadcrumb\":{\"@id\":\"https:\/\/teslafm.net\/ones-de-crom-14\/#breadcrumb\"},\"inLanguage\":\"en-US\",\"potentialAction\":[{\"@type\":\"ReadAction\",\"target\":[\"https:\/\/teslafm.net\/ones-de-crom-14\/\"]}]},{\"@type\":\"ImageObject\",\"inLanguage\":\"en-US\",\"@id\":\"https:\/\/teslafm.net\/ones-de-crom-14\/#primaryimage\",\"url\":\"https:\/\/teslafm.net\/wp-content\/uploads\/2022\/11\/SMEGMA.jpg\",\"contentUrl\":\"https:\/\/teslafm.net\/wp-content\/uploads\/2022\/11\/SMEGMA.jpg\"},{\"@type\":\"BreadcrumbList\",\"@id\":\"https:\/\/teslafm.net\/ones-de-crom-14\/#breadcrumb\",\"itemListElement\":[{\"@type\":\"ListItem\",\"position\":1,\"name\":\"Portada\",\"item\":\"https:\/\/teslafm.net\/\"},{\"@type\":\"ListItem\",\"position\":2,\"name\":\"Ones de Crom #14\"}]},{\"@type\":\"WebSite\",\"@id\":\"https:\/\/teslafm.net\/#website\",\"url\":\"https:\/\/teslafm.net\/\",\"name\":\"TeslaFM\",\"description\":\"An experimental and creative radio\",\"publisher\":{\"@id\":\"https:\/\/teslafm.net\/#organization\"},\"potentialAction\":[{\"@type\":\"SearchAction\",\"target\":{\"@type\":\"EntryPoint\",\"urlTemplate\":\"https:\/\/teslafm.net\/?s={search_term_string}\"},\"query-input\":{\"@type\":\"PropertyValueSpecification\",\"valueRequired\":true,\"valueName\":\"search_term_string\"}}],\"inLanguage\":\"en-US\"},{\"@type\":\"Organization\",\"@id\":\"https:\/\/teslafm.net\/#organization\",\"name\":\"TeslaFM\",\"url\":\"https:\/\/teslafm.net\/\",\"logo\":{\"@type\":\"ImageObject\",\"inLanguage\":\"en-US\",\"@id\":\"https:\/\/teslafm.net\/#\/schema\/logo\/image\/\",\"url\":\"https:\/\/teslafm.net\/wp-content\/uploads\/2020\/06\/logo-tesla.png\",\"contentUrl\":\"https:\/\/teslafm.net\/wp-content\/uploads\/2020\/06\/logo-tesla.png\",\"width\":512,\"height\":512,\"caption\":\"TeslaFM\"},\"image\":{\"@id\":\"https:\/\/teslafm.net\/#\/schema\/logo\/image\/\"},\"sameAs\":[\"https:\/\/www.facebook.com\/teslafm.net\",\"https:\/\/x.com\/teslafm\"]}]}<\/script>\n<!-- \/ Yoast SEO plugin. -->","yoast_head_json":{"title":"Ones de Crom #14 -","robots":{"index":"index","follow":"follow","max-snippet":"max-snippet:-1","max-image-preview":"max-image-preview:large","max-video-preview":"max-video-preview:-1"},"canonical":"https:\/\/teslafm.net\/en\/ones-de-crom-14\/","og_locale":"en_US","og_type":"article","og_title":"Ones de Crom #14 -","og_description":"Ones de Crom #14 Smegma 18 de juny de 2008Sorgits a inicis dels 70 en l&#8217;escena de Los Angeles Free Music Society on improvisaci\u00f3musical, soroll, experiments electr\u00f2nics, descomposicions de veus i de rock dels 50 i \u00fasd&#8217;instruments inventats era l&#8217;estil que els definiria. Establerts despr\u00e9s a Portland, aquests cl\u00e0ssics dela deconstrucci\u00f3 musical han estat referents [&hellip;]","og_url":"https:\/\/teslafm.net\/en\/ones-de-crom-14\/","article_publisher":"https:\/\/www.facebook.com\/teslafm.net","article_modified_time":"2022-11-15T15:18:29+00:00","og_image":[{"url":"https:\/\/teslafm.net\/wp-content\/uploads\/2022\/11\/SMEGMA.jpg","type":"","width":"","height":""}],"twitter_card":"summary_large_image","twitter_site":"@teslafm","twitter_misc":{"Est. reading time":"1 minute"},"schema":{"@context":"https:\/\/schema.org","@graph":[{"@type":"WebPage","@id":"https:\/\/teslafm.net\/ones-de-crom-14\/","url":"https:\/\/teslafm.net\/ones-de-crom-14\/","name":"Ones de Crom #14 -","isPartOf":{"@id":"https:\/\/teslafm.net\/#website"},"primaryImageOfPage":{"@id":"https:\/\/teslafm.net\/ones-de-crom-14\/#primaryimage"},"image":{"@id":"https:\/\/teslafm.net\/ones-de-crom-14\/#primaryimage"},"thumbnailUrl":"https:\/\/teslafm.net\/wp-content\/uploads\/2022\/11\/SMEGMA.jpg","datePublished":"2022-11-15T15:16:01+00:00","dateModified":"2022-11-15T15:18:29+00:00","breadcrumb":{"@id":"https:\/\/teslafm.net\/ones-de-crom-14\/#breadcrumb"},"inLanguage":"en-US","potentialAction":[{"@type":"ReadAction","target":["https:\/\/teslafm.net\/ones-de-crom-14\/"]}]},{"@type":"ImageObject","inLanguage":"en-US","@id":"https:\/\/teslafm.net\/ones-de-crom-14\/#primaryimage","url":"https:\/\/teslafm.net\/wp-content\/uploads\/2022\/11\/SMEGMA.jpg","contentUrl":"https:\/\/teslafm.net\/wp-content\/uploads\/2022\/11\/SMEGMA.jpg"},{"@type":"BreadcrumbList","@id":"https:\/\/teslafm.net\/ones-de-crom-14\/#breadcrumb","itemListElement":[{"@type":"ListItem","position":1,"name":"Portada","item":"https:\/\/teslafm.net\/"},{"@type":"ListItem","position":2,"name":"Ones de Crom #14"}]},{"@type":"WebSite","@id":"https:\/\/teslafm.net\/#website","url":"https:\/\/teslafm.net\/","name":"TeslaFM","description":"An experimental and creative radio","publisher":{"@id":"https:\/\/teslafm.net\/#organization"},"potentialAction":[{"@type":"SearchAction","target":{"@type":"EntryPoint","urlTemplate":"https:\/\/teslafm.net\/?s={search_term_string}"},"query-input":{"@type":"PropertyValueSpecification","valueRequired":true,"valueName":"search_term_string"}}],"inLanguage":"en-US"},{"@type":"Organization","@id":"https:\/\/teslafm.net\/#organization","name":"TeslaFM","url":"https:\/\/teslafm.net\/","logo":{"@type":"ImageObject","inLanguage":"en-US","@id":"https:\/\/teslafm.net\/#\/schema\/logo\/image\/","url":"https:\/\/teslafm.net\/wp-content\/uploads\/2020\/06\/logo-tesla.png","contentUrl":"https:\/\/teslafm.net\/wp-content\/uploads\/2020\/06\/logo-tesla.png","width":512,"height":512,"caption":"TeslaFM"},"image":{"@id":"https:\/\/teslafm.net\/#\/schema\/logo\/image\/"},"sameAs":["https:\/\/www.facebook.com\/teslafm.net","https:\/\/x.com\/teslafm"]}]}},"rttpg_featured_image_url":null,"rttpg_author":{"display_name":"Ishak","author_link":"https:\/\/teslafm.net\/en\/author\/cravan\/"},"rttpg_comment":0,"rttpg_category":null,"rttpg_excerpt":"Ones de Crom #14 Smegma 18 de juny de 2008Sorgits a inicis dels 70 en l&#8217;escena de Los Angeles Free Music Society on improvisaci\u00f3musical, soroll, experiments electr\u00f2nics, descomposicions de veus i de rock dels 50 i \u00fasd&#8217;instruments inventats era l&#8217;estil que els definiria. Establerts despr\u00e9s a Portland, aquests cl\u00e0ssics dela deconstrucci\u00f3 musical han estat referents&hellip;","_links":{"self":[{"href":"https:\/\/teslafm.net\/en\/wp-json\/wp\/v2\/pages\/60743","targetHints":{"allow":["GET"]}}],"collection":[{"href":"https:\/\/teslafm.net\/en\/wp-json\/wp\/v2\/pages"}],"about":[{"href":"https:\/\/teslafm.net\/en\/wp-json\/wp\/v2\/types\/page"}],"author":[{"embeddable":true,"href":"https:\/\/teslafm.net\/en\/wp-json\/wp\/v2\/users\/19"}],"replies":[{"embeddable":true,"href":"https:\/\/teslafm.net\/en\/wp-json\/wp\/v2\/comments?post=60743"}],"version-history":[{"count":7,"href":"https:\/\/teslafm.net\/en\/wp-json\/wp\/v2\/pages\/60743\/revisions"}],"predecessor-version":[{"id":60752,"href":"https:\/\/teslafm.net\/en\/wp-json\/wp\/v2\/pages\/60743\/revisions\/60752"}],"wp:attachment":[{"href":"https:\/\/teslafm.net\/en\/wp-json\/wp\/v2\/media?parent=60743"}],"curies":[{"name":"wp","href":"https:\/\/api.w.org\/{rel}","templated":true}]}}