

{"id":60784,"date":"2022-11-19T17:26:26","date_gmt":"2022-11-19T16:26:26","guid":{"rendered":"https:\/\/teslafm.net\/?page_id=60784"},"modified":"2022-11-19T17:51:29","modified_gmt":"2022-11-19T16:51:29","slug":"modulisme-3","status":"publish","type":"page","link":"https:\/\/teslafm.net\/en\/modulisme-3\/","title":{"rendered":"Modulism #3"},"content":{"rendered":"<div data-elementor-type=\"wp-page\" data-elementor-id=\"60784\" class=\"elementor elementor-60784\">\n\t\t\t\t\t\t<section class=\"elementor-section elementor-top-section elementor-element elementor-element-298680ca elementor-section-boxed elementor-section-height-default elementor-section-height-default\" data-id=\"298680ca\" data-element_type=\"section\" data-e-type=\"section\">\n\t\t\t\t\t\t<div class=\"elementor-container elementor-column-gap-default\">\n\t\t\t\t\t<div class=\"elementor-column elementor-col-100 elementor-top-column elementor-element elementor-element-5a25f125\" data-id=\"5a25f125\" data-element_type=\"column\" data-e-type=\"column\">\n\t\t\t<div class=\"elementor-widget-wrap elementor-element-populated\">\n\t\t\t\t\t\t<div class=\"elementor-element elementor-element-66772ef elementor-widget elementor-widget-text-editor\" data-id=\"66772ef\" data-element_type=\"widget\" data-e-type=\"widget\" data-widget_type=\"text-editor.default\">\n\t\t\t\t<div class=\"elementor-widget-container\">\n\t\t\t\t\t\t\t\t\t<h2><span style=\"color: #ffffff;\"><strong>Modulism #3<\/strong><\/span><\/h2><p><span style=\"color: #808080;\"><em> 3 Year Itch Birthday Session volume 1<\/em><\/span><\/p><p><iframe src=\"https:\/\/www.mixcloud.com\/widget\/iframe\/?hide_cover=1&amp;feed=%2FTeslafm_net%2Fmodulisme-3-philippe-petit%2F\" width=\"100%\" height=\"120\" frameborder=\"0\"><\/iframe><\/p>\t\t\t\t\t\t\t\t<\/div>\n\t\t\t\t<\/div>\n\t\t\t\t\t<\/div>\n\t\t<\/div>\n\t\t\t\t\t<\/div>\n\t\t<\/section>\n\t\t\t\t<section class=\"elementor-section elementor-top-section elementor-element elementor-element-371be5b elementor-section-boxed elementor-section-height-default elementor-section-height-default\" data-id=\"371be5b\" data-element_type=\"section\" data-e-type=\"section\">\n\t\t\t\t\t\t<div class=\"elementor-container elementor-column-gap-default\">\n\t\t\t\t\t<div class=\"elementor-column elementor-col-50 elementor-top-column elementor-element elementor-element-f036ab7\" data-id=\"f036ab7\" data-element_type=\"column\" data-e-type=\"column\">\n\t\t\t<div class=\"elementor-widget-wrap elementor-element-populated\">\n\t\t\t\t\t\t<div class=\"elementor-element elementor-element-1f97ce6 elementor-widget elementor-widget-image\" data-id=\"1f97ce6\" data-element_type=\"widget\" data-e-type=\"widget\" data-widget_type=\"image.default\">\n\t\t\t\t<div class=\"elementor-widget-container\">\n\t\t\t\t\t\t\t\t\t\t\t\t\t\t\t<img fetchpriority=\"high\" decoding=\"async\" width=\"1000\" height=\"1000\" src=\"https:\/\/teslafm.net\/wp-content\/uploads\/2022\/11\/vol-1.png\" class=\"attachment-large size-large wp-image-60787\" alt=\"\" srcset=\"https:\/\/teslafm.net\/wp-content\/uploads\/2022\/11\/vol-1.png 1000w, https:\/\/teslafm.net\/wp-content\/uploads\/2022\/11\/vol-1-300x300.png 300w, https:\/\/teslafm.net\/wp-content\/uploads\/2022\/11\/vol-1-150x150.png 150w, https:\/\/teslafm.net\/wp-content\/uploads\/2022\/11\/vol-1-768x768.png 768w\" sizes=\"(max-width: 1000px) 100vw, 1000px\" \/>\t\t\t\t\t\t\t\t\t\t\t\t\t\t\t<\/div>\n\t\t\t\t<\/div>\n\t\t\t\t\t<\/div>\n\t\t<\/div>\n\t\t\t\t<div class=\"elementor-column elementor-col-50 elementor-top-column elementor-element elementor-element-e7437fc\" data-id=\"e7437fc\" data-element_type=\"column\" data-e-type=\"column\">\n\t\t\t<div class=\"elementor-widget-wrap elementor-element-populated\">\n\t\t\t\t\t\t<div class=\"elementor-element elementor-element-4c335a5 elementor-widget elementor-widget-text-editor\" data-id=\"4c335a5\" data-element_type=\"widget\" data-e-type=\"widget\" data-widget_type=\"text-editor.default\">\n\t\t\t\t<div class=\"elementor-widget-container\">\n\t\t\t\t\t\t\t\t\t<p><span style=\"color: #808080;\">Modulisme is celebrating 3 years of existence through special compilations called <em>3 Year Itch Birthday Session<\/em> and here is volume 1.<\/span><\/p><p><span style=\"color: #808080;\"><strong>Felix Kubin<\/strong> - Deviation One<\/span><br \/><span style=\"color: #808080;\">Since 1980, <strong>Felix<\/strong> has been a synthesizer enthusiast releasing his music on various labels and touring everywhere....<\/span><\/p><p><span style=\"color: #808080;\"><strong>Todd Barton<\/strong> - Surfing the Krell<\/span><br \/><span style=\"color: #808080;\">Since 1979, <strong>Todd Barton<\/strong> has been exploring analog and computer-based music. He is currently a consulting artist for <em>Buchla Electronic Musical Instruments<\/em> who, after four decades of exploration, continues to delve into the ever-widening frontiers of musical expression.<\/span><\/p><p><span style=\"color: #808080;\"><strong>Philippe Petit<\/strong> - A Smile in Space May Cause an Avalanche pt.1<\/span><br \/><span style=\"color: #808080;\"><strong>Philippe<\/strong> is the man behind <em>Modulisme<\/em> and has been supporting leftfield music since 1983 (hosting radio shows, editing magazines and running his labels). <strong>Pandemonium Rdz.<\/strong> and <strong>BiP_HOp Music<\/strong>).<\/span><br \/><span style=\"color: #808080;\">Feeling fortunate to release on several international labels, he likes to be portrayed as a \"music travel agent\" and has been performing all over Europe, Russia, Poland, Canada, USA, Mexico, Australia and Asia....<\/span><\/p><p><span style=\"color: #808080;\"><strong>Jack Dangers<\/strong> - Astatic<\/span><br \/><span style=\"color: #808080;\">More than 30 years have passed since <strong>Jack Dangers<\/strong> was and is an essential figure in modern electronic music. In the late 80s, he originated <strong>Meat Beat Manifesto<\/strong> and began to create a universe and a new sound, composed of breaks, psychedelia sown with samples, in a fusion of industrial, dub and hip hop...<\/span><\/p><p><span style=\"color: #808080;\"><strong>UnicaZ\u00fcrn<\/strong> - The Innermost Chamber Leads to the Sky <strong>UnicaZ\u00fcrn<\/strong> is the duo of <strong>David Knight<\/strong> and <strong>Stephen Thrower<\/strong>.<\/span><br \/><span style=\"color: #808080;\">During the 1980s, Knight was the guitarist and co-author of the highly influential and maverick art-pop <strong>Danielle Dax,<\/strong> and contributed wall-of-rock guitars to the malignant poetry of <strong>Karl Blake<\/strong> at<strong> Shock Headed Peters<\/strong>. He also works as <strong>Arkkon<\/strong>a solo project that focuses on melancholic electro-minimalist music.<\/span><br \/><span style=\"color: #808080;\">The credits of <strong>Thrower<\/strong> include eight years in <strong>Coil<\/strong>and is currently half of the electro-psychedelic duo <strong>Cyclobe<\/strong>. His solo credits include original electronic film soundtracks for Hell's Ground (2007) and Down Terrace (2009).<\/span><\/p><p><span style=\"color: #808080;\"><strong>Thierry Holweck<\/strong> - Chandeliers<\/span><br \/><span style=\"color: #808080;\"><strong>Thierry Holweck<\/strong> is a multi-instrumentalist and electronic musician who explores rhythms, polyrhythms and sequences altered by randomization or Euclidean parameters.<\/span><\/p><p><span style=\"color: #808080;\">for more information please visit<\/span> <a href=\"https:\/\/modular-station.com\/modulisme\/\" target=\"_blank\" rel=\"noopener\">modulisme.info<\/a><\/p>\t\t\t\t\t\t\t\t<\/div>\n\t\t\t\t<\/div>\n\t\t\t\t\t<\/div>\n\t\t<\/div>\n\t\t\t\t\t<\/div>\n\t\t<\/section>\n\t\t\t\t<\/div>","protected":false},"excerpt":{"rendered":"<p>Modulisme #3 3 Year Itch Birthday Session vol\u00famen 1 Modulisme est\u00e1 celebrando 3 a\u00f1os de existencia a trav\u00e9s de compilaciones especiales llamadas 3 Year Itch Birthday Session y aqu\u00ed est\u00e1 el v\u00f3lumen 1. Felix Kubin \u2013 Deviation OneDesde 1980, F\u00e9lix ha sido un entusiasta de los sintetizadores publicando su m\u00fasica en varios sellos y haciendo [&hellip;]<\/p>\n","protected":false},"author":19,"featured_media":0,"parent":0,"menu_order":0,"comment_status":"closed","ping_status":"closed","template":"","meta":{"footnotes":""},"class_list":["post-60784","page","type-page","status-publish","hentry"],"yoast_head":"<!-- This site is optimized with the Yoast SEO plugin v27.4 - https:\/\/yoast.com\/product\/yoast-seo-wordpress\/ -->\n<title>Modulisme #3 -<\/title>\n<meta name=\"robots\" content=\"index, follow, max-snippet:-1, max-image-preview:large, max-video-preview:-1\" \/>\n<link rel=\"canonical\" href=\"https:\/\/teslafm.net\/en\/modulisme-3\/\" \/>\n<meta property=\"og:locale\" content=\"en_US\" \/>\n<meta property=\"og:type\" content=\"article\" \/>\n<meta property=\"og:title\" content=\"Modulisme #3 -\" \/>\n<meta property=\"og:description\" content=\"Modulisme #3 3 Year Itch Birthday Session vol\u00famen 1 Modulisme est\u00e1 celebrando 3 a\u00f1os de existencia a trav\u00e9s de compilaciones especiales llamadas 3 Year Itch Birthday Session y aqu\u00ed est\u00e1 el v\u00f3lumen 1. Felix Kubin \u2013 Deviation OneDesde 1980, F\u00e9lix ha sido un entusiasta de los sintetizadores publicando su m\u00fasica en varios sellos y haciendo [&hellip;]\" \/>\n<meta property=\"og:url\" content=\"https:\/\/teslafm.net\/en\/modulisme-3\/\" \/>\n<meta property=\"article:publisher\" content=\"https:\/\/www.facebook.com\/teslafm.net\" \/>\n<meta property=\"article:modified_time\" content=\"2022-11-19T16:51:29+00:00\" \/>\n<meta property=\"og:image\" content=\"https:\/\/teslafm.net\/wp-content\/uploads\/2022\/11\/vol-1.png\" \/>\n<meta name=\"twitter:card\" content=\"summary_large_image\" \/>\n<meta name=\"twitter:site\" content=\"@teslafm\" \/>\n<meta name=\"twitter:label1\" content=\"Est. reading time\" \/>\n\t<meta name=\"twitter:data1\" content=\"2 minutes\" \/>\n<script type=\"application\/ld+json\" class=\"yoast-schema-graph\">{\"@context\":\"https:\\\/\\\/schema.org\",\"@graph\":[{\"@type\":\"WebPage\",\"@id\":\"https:\\\/\\\/teslafm.net\\\/modulisme-3\\\/\",\"url\":\"https:\\\/\\\/teslafm.net\\\/modulisme-3\\\/\",\"name\":\"Modulisme #3 -\",\"isPartOf\":{\"@id\":\"https:\\\/\\\/teslafm.net\\\/#website\"},\"primaryImageOfPage\":{\"@id\":\"https:\\\/\\\/teslafm.net\\\/modulisme-3\\\/#primaryimage\"},\"image\":{\"@id\":\"https:\\\/\\\/teslafm.net\\\/modulisme-3\\\/#primaryimage\"},\"thumbnailUrl\":\"https:\\\/\\\/teslafm.net\\\/wp-content\\\/uploads\\\/2022\\\/11\\\/vol-1.png\",\"datePublished\":\"2022-11-19T16:26:26+00:00\",\"dateModified\":\"2022-11-19T16:51:29+00:00\",\"breadcrumb\":{\"@id\":\"https:\\\/\\\/teslafm.net\\\/modulisme-3\\\/#breadcrumb\"},\"inLanguage\":\"en-US\",\"potentialAction\":[{\"@type\":\"ReadAction\",\"target\":[\"https:\\\/\\\/teslafm.net\\\/modulisme-3\\\/\"]}]},{\"@type\":\"ImageObject\",\"inLanguage\":\"en-US\",\"@id\":\"https:\\\/\\\/teslafm.net\\\/modulisme-3\\\/#primaryimage\",\"url\":\"https:\\\/\\\/teslafm.net\\\/wp-content\\\/uploads\\\/2022\\\/11\\\/vol-1.png\",\"contentUrl\":\"https:\\\/\\\/teslafm.net\\\/wp-content\\\/uploads\\\/2022\\\/11\\\/vol-1.png\"},{\"@type\":\"BreadcrumbList\",\"@id\":\"https:\\\/\\\/teslafm.net\\\/modulisme-3\\\/#breadcrumb\",\"itemListElement\":[{\"@type\":\"ListItem\",\"position\":1,\"name\":\"Portada\",\"item\":\"https:\\\/\\\/teslafm.net\\\/\"},{\"@type\":\"ListItem\",\"position\":2,\"name\":\"Modulisme #3\"}]},{\"@type\":\"WebSite\",\"@id\":\"https:\\\/\\\/teslafm.net\\\/#website\",\"url\":\"https:\\\/\\\/teslafm.net\\\/\",\"name\":\"TeslaFM\",\"description\":\"An experimental and creative radio\",\"publisher\":{\"@id\":\"https:\\\/\\\/teslafm.net\\\/#organization\"},\"potentialAction\":[{\"@type\":\"SearchAction\",\"target\":{\"@type\":\"EntryPoint\",\"urlTemplate\":\"https:\\\/\\\/teslafm.net\\\/?s={search_term_string}\"},\"query-input\":{\"@type\":\"PropertyValueSpecification\",\"valueRequired\":true,\"valueName\":\"search_term_string\"}}],\"inLanguage\":\"en-US\"},{\"@type\":\"Organization\",\"@id\":\"https:\\\/\\\/teslafm.net\\\/#organization\",\"name\":\"TeslaFM\",\"url\":\"https:\\\/\\\/teslafm.net\\\/\",\"logo\":{\"@type\":\"ImageObject\",\"inLanguage\":\"en-US\",\"@id\":\"https:\\\/\\\/teslafm.net\\\/#\\\/schema\\\/logo\\\/image\\\/\",\"url\":\"https:\\\/\\\/teslafm.net\\\/wp-content\\\/uploads\\\/2020\\\/06\\\/logo-tesla.png\",\"contentUrl\":\"https:\\\/\\\/teslafm.net\\\/wp-content\\\/uploads\\\/2020\\\/06\\\/logo-tesla.png\",\"width\":512,\"height\":512,\"caption\":\"TeslaFM\"},\"image\":{\"@id\":\"https:\\\/\\\/teslafm.net\\\/#\\\/schema\\\/logo\\\/image\\\/\"},\"sameAs\":[\"https:\\\/\\\/www.facebook.com\\\/teslafm.net\",\"https:\\\/\\\/x.com\\\/teslafm\"]}]}<\/script>\n<!-- \/ Yoast SEO plugin. -->","yoast_head_json":{"title":"Modulisme #3 -","robots":{"index":"index","follow":"follow","max-snippet":"max-snippet:-1","max-image-preview":"max-image-preview:large","max-video-preview":"max-video-preview:-1"},"canonical":"https:\/\/teslafm.net\/en\/modulisme-3\/","og_locale":"en_US","og_type":"article","og_title":"Modulisme #3 -","og_description":"Modulisme #3 3 Year Itch Birthday Session vol\u00famen 1 Modulisme est\u00e1 celebrando 3 a\u00f1os de existencia a trav\u00e9s de compilaciones especiales llamadas 3 Year Itch Birthday Session y aqu\u00ed est\u00e1 el v\u00f3lumen 1. Felix Kubin \u2013 Deviation OneDesde 1980, F\u00e9lix ha sido un entusiasta de los sintetizadores publicando su m\u00fasica en varios sellos y haciendo [&hellip;]","og_url":"https:\/\/teslafm.net\/en\/modulisme-3\/","article_publisher":"https:\/\/www.facebook.com\/teslafm.net","article_modified_time":"2022-11-19T16:51:29+00:00","og_image":[{"url":"https:\/\/teslafm.net\/wp-content\/uploads\/2022\/11\/vol-1.png","type":"","width":"","height":""}],"twitter_card":"summary_large_image","twitter_site":"@teslafm","twitter_misc":{"Est. reading time":"2 minutes"},"schema":{"@context":"https:\/\/schema.org","@graph":[{"@type":"WebPage","@id":"https:\/\/teslafm.net\/modulisme-3\/","url":"https:\/\/teslafm.net\/modulisme-3\/","name":"Modulisme #3 -","isPartOf":{"@id":"https:\/\/teslafm.net\/#website"},"primaryImageOfPage":{"@id":"https:\/\/teslafm.net\/modulisme-3\/#primaryimage"},"image":{"@id":"https:\/\/teslafm.net\/modulisme-3\/#primaryimage"},"thumbnailUrl":"https:\/\/teslafm.net\/wp-content\/uploads\/2022\/11\/vol-1.png","datePublished":"2022-11-19T16:26:26+00:00","dateModified":"2022-11-19T16:51:29+00:00","breadcrumb":{"@id":"https:\/\/teslafm.net\/modulisme-3\/#breadcrumb"},"inLanguage":"en-US","potentialAction":[{"@type":"ReadAction","target":["https:\/\/teslafm.net\/modulisme-3\/"]}]},{"@type":"ImageObject","inLanguage":"en-US","@id":"https:\/\/teslafm.net\/modulisme-3\/#primaryimage","url":"https:\/\/teslafm.net\/wp-content\/uploads\/2022\/11\/vol-1.png","contentUrl":"https:\/\/teslafm.net\/wp-content\/uploads\/2022\/11\/vol-1.png"},{"@type":"BreadcrumbList","@id":"https:\/\/teslafm.net\/modulisme-3\/#breadcrumb","itemListElement":[{"@type":"ListItem","position":1,"name":"Portada","item":"https:\/\/teslafm.net\/"},{"@type":"ListItem","position":2,"name":"Modulisme #3"}]},{"@type":"WebSite","@id":"https:\/\/teslafm.net\/#website","url":"https:\/\/teslafm.net\/","name":"TeslaFM","description":"An experimental and creative radio","publisher":{"@id":"https:\/\/teslafm.net\/#organization"},"potentialAction":[{"@type":"SearchAction","target":{"@type":"EntryPoint","urlTemplate":"https:\/\/teslafm.net\/?s={search_term_string}"},"query-input":{"@type":"PropertyValueSpecification","valueRequired":true,"valueName":"search_term_string"}}],"inLanguage":"en-US"},{"@type":"Organization","@id":"https:\/\/teslafm.net\/#organization","name":"TeslaFM","url":"https:\/\/teslafm.net\/","logo":{"@type":"ImageObject","inLanguage":"en-US","@id":"https:\/\/teslafm.net\/#\/schema\/logo\/image\/","url":"https:\/\/teslafm.net\/wp-content\/uploads\/2020\/06\/logo-tesla.png","contentUrl":"https:\/\/teslafm.net\/wp-content\/uploads\/2020\/06\/logo-tesla.png","width":512,"height":512,"caption":"TeslaFM"},"image":{"@id":"https:\/\/teslafm.net\/#\/schema\/logo\/image\/"},"sameAs":["https:\/\/www.facebook.com\/teslafm.net","https:\/\/x.com\/teslafm"]}]}},"rttpg_featured_image_url":null,"rttpg_author":{"display_name":"Ishak","author_link":"https:\/\/teslafm.net\/en\/author\/cravan\/"},"rttpg_comment":0,"rttpg_category":null,"rttpg_excerpt":"Modulisme #3 3 Year Itch Birthday Session vol\u00famen 1 Modulisme est\u00e1 celebrando 3 a\u00f1os de existencia a trav\u00e9s de compilaciones especiales llamadas 3 Year Itch Birthday Session y aqu\u00ed est\u00e1 el v\u00f3lumen 1. Felix Kubin \u2013 Deviation OneDesde 1980, F\u00e9lix ha sido un entusiasta de los sintetizadores publicando su m\u00fasica en varios sellos y haciendo&hellip;","_links":{"self":[{"href":"https:\/\/teslafm.net\/en\/wp-json\/wp\/v2\/pages\/60784","targetHints":{"allow":["GET"]}}],"collection":[{"href":"https:\/\/teslafm.net\/en\/wp-json\/wp\/v2\/pages"}],"about":[{"href":"https:\/\/teslafm.net\/en\/wp-json\/wp\/v2\/types\/page"}],"author":[{"embeddable":true,"href":"https:\/\/teslafm.net\/en\/wp-json\/wp\/v2\/users\/19"}],"replies":[{"embeddable":true,"href":"https:\/\/teslafm.net\/en\/wp-json\/wp\/v2\/comments?post=60784"}],"version-history":[{"count":10,"href":"https:\/\/teslafm.net\/en\/wp-json\/wp\/v2\/pages\/60784\/revisions"}],"predecessor-version":[{"id":60796,"href":"https:\/\/teslafm.net\/en\/wp-json\/wp\/v2\/pages\/60784\/revisions\/60796"}],"wp:attachment":[{"href":"https:\/\/teslafm.net\/en\/wp-json\/wp\/v2\/media?parent=60784"}],"curies":[{"name":"wp","href":"https:\/\/api.w.org\/{rel}","templated":true}]}}