

{"id":60801,"date":"2022-11-22T14:38:42","date_gmt":"2022-11-22T13:38:42","guid":{"rendered":"https:\/\/teslafm.net\/?page_id=60801"},"modified":"2023-11-29T17:45:35","modified_gmt":"2023-11-29T16:45:35","slug":"transdata","status":"publish","type":"page","link":"https:\/\/teslafm.net\/en\/transdata\/","title":{"rendered":"Transdata"},"content":{"rendered":"<div data-elementor-type=\"wp-page\" data-elementor-id=\"60801\" class=\"elementor elementor-60801\">\n\t\t\t\t\t\t<section class=\"elementor-section elementor-top-section elementor-element elementor-element-ce246e9 elementor-section-boxed elementor-section-height-default elementor-section-height-default\" data-id=\"ce246e9\" data-element_type=\"section\" data-e-type=\"section\">\n\t\t\t\t\t\t<div class=\"elementor-container elementor-column-gap-default\">\n\t\t\t\t\t<div class=\"elementor-column elementor-col-33 elementor-top-column elementor-element elementor-element-3189ba4\" data-id=\"3189ba4\" data-element_type=\"column\" data-e-type=\"column\">\n\t\t\t<div class=\"elementor-widget-wrap elementor-element-populated\">\n\t\t\t\t\t\t<div class=\"elementor-element elementor-element-afcec04 elementor-widget elementor-widget-image\" data-id=\"afcec04\" data-element_type=\"widget\" data-e-type=\"widget\" data-widget_type=\"image.default\">\n\t\t\t\t<div class=\"elementor-widget-container\">\n\t\t\t\t\t\t\t\t\t\t\t\t\t\t\t<img fetchpriority=\"high\" decoding=\"async\" width=\"300\" height=\"300\" src=\"https:\/\/teslafm.net\/wp-content\/uploads\/2022\/11\/balding-mauri-300x300.jpg\" class=\"attachment-medium size-medium wp-image-60897\" alt=\"\" srcset=\"https:\/\/teslafm.net\/wp-content\/uploads\/2022\/11\/balding-mauri-300x300.jpg 300w, https:\/\/teslafm.net\/wp-content\/uploads\/2022\/11\/balding-mauri-150x150.jpg 150w, https:\/\/teslafm.net\/wp-content\/uploads\/2022\/11\/balding-mauri-768x768.jpg 768w, https:\/\/teslafm.net\/wp-content\/uploads\/2022\/11\/balding-mauri.jpg 1000w\" sizes=\"(max-width: 300px) 100vw, 300px\" \/>\t\t\t\t\t\t\t\t\t\t\t\t\t\t\t<\/div>\n\t\t\t\t<\/div>\n\t\t\t\t\t<\/div>\n\t\t<\/div>\n\t\t\t\t<div class=\"elementor-column elementor-col-33 elementor-top-column elementor-element elementor-element-945f6d5\" data-id=\"945f6d5\" data-element_type=\"column\" data-e-type=\"column\" data-settings=\"{&quot;background_background&quot;:&quot;classic&quot;}\">\n\t\t\t<div class=\"elementor-widget-wrap elementor-element-populated\">\n\t\t\t\t\t\t<div class=\"elementor-element elementor-element-0bbc75b elementor-widget elementor-widget-heading\" data-id=\"0bbc75b\" data-element_type=\"widget\" data-e-type=\"widget\" data-widget_type=\"heading.default\">\n\t\t\t\t<div class=\"elementor-widget-container\">\n\t\t\t\t\t<h2 class=\"elementor-heading-title elementor-size-default\">TONI MART\u00cdNEZ &amp; MAURI IBA\u00d1EZ<\/h2>\t\t\t\t<\/div>\n\t\t\t\t<\/div>\n\t\t\t\t<div class=\"elementor-element elementor-element-26b1610 elementor-widget elementor-widget-text-editor\" data-id=\"26b1610\" data-element_type=\"widget\" data-e-type=\"widget\" data-widget_type=\"text-editor.default\">\n\t\t\t\t<div class=\"elementor-widget-container\">\n\t\t\t\t\t\t\t\t\t<p><strong>Toni Martinez<\/strong>more commonly known as <a href=\"http:\/\/www.elektrisch.net\/Elektrisch\/Entrada.html\" target=\"_blank\" rel=\"noopener\">Banding!<\/a>Parabolic, restless musical activist, producer and sound experimenter from Vall\u00e8s. He has been part of the organizers of the Freestyle Festival of Terrassa. He currently performs the program \"<a href=\"https:\/\/www.mixcloud.com\/exotica-radio\/\" target=\"_blank\" rel=\"noopener\">Ex\u00f2tica Radio<\/a>\"to Matadepera R\u00e0dio.<\/p><p><a href=\"http:\/\/www.mauridj.com\/\" target=\"_blank\" rel=\"noopener\"><strong>Mauri<\/strong><\/a>dj, dj, electronic music producer and creator of performance acts. He has collaborated in specialized music press. He has also performed in several national and french festivals. He has published several albums for record companies around the world.<\/p>\t\t\t\t\t\t\t\t<\/div>\n\t\t\t\t<\/div>\n\t\t\t\t\t<\/div>\n\t\t<\/div>\n\t\t\t\t<div class=\"elementor-column elementor-col-33 elementor-top-column elementor-element elementor-element-f03e323\" data-id=\"f03e323\" data-element_type=\"column\" data-e-type=\"column\" data-settings=\"{&quot;background_background&quot;:&quot;classic&quot;}\">\n\t\t\t<div class=\"elementor-widget-wrap elementor-element-populated\">\n\t\t\t\t\t\t<div class=\"elementor-element elementor-element-487713e elementor-widget elementor-widget-heading\" data-id=\"487713e\" data-element_type=\"widget\" data-e-type=\"widget\" data-widget_type=\"heading.default\">\n\t\t\t\t<div class=\"elementor-widget-container\">\n\t\t\t\t\t<h2 class=\"elementor-heading-title elementor-size-default\">TRANSDATA<\/h2>\t\t\t\t<\/div>\n\t\t\t\t<\/div>\n\t\t\t\t<div class=\"elementor-element elementor-element-6c44312 elementor-widget elementor-widget-text-editor\" data-id=\"6c44312\" data-element_type=\"widget\" data-e-type=\"widget\" data-widget_type=\"text-editor.default\">\n\t\t\t\t<div class=\"elementor-widget-container\">\n\t\t\t\t\t\t\t\t\t<p lang=\"ca-ES\"><span style=\"color: #808080;\"><span style=\"font-family: Arial, sans-serif;\"><span style=\"font-size: medium;\"><strong>Toni Martinez<\/strong> and <strong>Mauri<\/strong> recover the project <strong>Transdata<\/strong>to offer here a program proposing new sonorities that transport us to different states of mind and re-affinement of the ear to be open to new sensations and emotions.<\/span><\/span><\/span><\/p><p lang=\"ca-ES\"><span style=\"color: #252525;\"><span style=\"font-family: Arial, sans-serif;\"><span style=\"font-size: medium;\"><span style=\"color: #808080;\"><strong>Transdata<\/strong>Originally, it was a group created in 1996 with which they published a CDR, and they did several DJ sessions together in Terrassa and Barcelona.<\/span> <\/span><\/span><\/span><\/p>\t\t\t\t\t\t\t\t<\/div>\n\t\t\t\t<\/div>\n\t\t\t\t\t<\/div>\n\t\t<\/div>\n\t\t\t\t\t<\/div>\n\t\t<\/section>\n\t\t\t\t<section class=\"elementor-section elementor-top-section elementor-element elementor-element-0c1d778 elementor-section-boxed elementor-section-height-default elementor-section-height-default\" data-id=\"0c1d778\" data-element_type=\"section\" data-e-type=\"section\">\n\t\t\t\t\t\t<div class=\"elementor-container elementor-column-gap-default\">\n\t\t\t\t\t<div class=\"elementor-column elementor-col-25 elementor-top-column elementor-element elementor-element-d98afb8\" data-id=\"d98afb8\" data-element_type=\"column\" data-e-type=\"column\">\n\t\t\t<div class=\"elementor-widget-wrap elementor-element-populated\">\n\t\t\t\t\t\t<div class=\"elementor-element elementor-element-8b08440 elementor-widget elementor-widget-testimonial\" data-id=\"8b08440\" data-element_type=\"widget\" data-e-type=\"widget\" data-widget_type=\"testimonial.default\">\n\t\t\t\t<div class=\"elementor-widget-container\">\n\t\t\t\t\t\t\t<div class=\"elementor-testimonial-wrapper\">\n\t\t\t\t\t\t\t<div class=\"elementor-testimonial-content\">If you like Transdata, we recommend:<\/div>\n\t\t\t\n\t\t\t\t\t\t<div class=\"elementor-testimonial-meta elementor-has-image elementor-testimonial-image-position-aside\">\n\t\t\t\t<div class=\"elementor-testimonial-meta-inner\">\n\t\t\t\t\t\t\t\t\t\t\t<div class=\"elementor-testimonial-image\">\n\t\t\t\t\t\t\t<a href=\"https:\/\/teslafm.net\/en\/ghost-sounds-wood-noise\/\" target=\"_blank\"><img decoding=\"async\" src=\"https:\/\/teslafm.net\/wp-content\/uploads\/elementor\/thumbs\/2019logowoodsounds-e1590142039297-p22rpmfc4h58uct53fpxuhz7enaxdstbcv20487hda.jpg\" title=\"2019logowoodsounds\" alt=\"2019logowoodsounds\" loading=\"lazy\" \/><\/a>\t\t\t\t\t\t<\/div>\n\t\t\t\t\t\n\t\t\t\t\t\t\t\t\t\t<div class=\"elementor-testimonial-details\">\n\t\t\t\t\t\t\t\t\t\t\t\t\t\t<a class=\"elementor-testimonial-name\" href=\"https:\/\/teslafm.net\/en\/ghost-sounds-wood-noise\/\" target=\"_blank\">G.S.W.N. <\/a>\n\t\t\t\t\t\t\t\t\t\t\t\t\t\t\t\t\t\t\t\t\t\t<a class=\"elementor-testimonial-job\" href=\"https:\/\/teslafm.net\/en\/ghost-sounds-wood-noise\/\" target=\"_blank\">Chra<\/a>\n\t\t\t\t\t\t\t\t\t\t\t\t\t<\/div>\n\t\t\t\t\t\t\t\t\t<\/div>\n\t\t\t<\/div>\n\t\t\t\t\t<\/div>\n\t\t\t\t\t\t<\/div>\n\t\t\t\t<\/div>\n\t\t\t\t\t<\/div>\n\t\t<\/div>\n\t\t\t\t<div class=\"elementor-column elementor-col-25 elementor-top-column elementor-element elementor-element-f1f020c\" data-id=\"f1f020c\" data-element_type=\"column\" data-e-type=\"column\">\n\t\t\t<div class=\"elementor-widget-wrap elementor-element-populated\">\n\t\t\t\t\t\t<div class=\"elementor-element elementor-element-6715f10 elementor-widget elementor-widget-testimonial\" data-id=\"6715f10\" data-element_type=\"widget\" data-e-type=\"widget\" data-widget_type=\"testimonial.default\">\n\t\t\t\t<div class=\"elementor-widget-container\">\n\t\t\t\t\t\t\t<div class=\"elementor-testimonial-wrapper\">\n\t\t\t\t\t\t\t<div class=\"elementor-testimonial-content\">If you like TeslaFM, we recommend:<\/div>\n\t\t\t\n\t\t\t\t\t\t<div class=\"elementor-testimonial-meta elementor-has-image elementor-testimonial-image-position-aside\">\n\t\t\t\t<div class=\"elementor-testimonial-meta-inner\">\n\t\t\t\t\t\t\t\t\t\t\t<div class=\"elementor-testimonial-image\">\n\t\t\t\t\t\t\t<a href=\"https:\/\/teslafm.net\/en\/ibidem\/\" target=\"_blank\"><img decoding=\"async\" src=\"https:\/\/teslafm.net\/wp-content\/uploads\/elementor\/thumbs\/logoibidem_10-p1qjl50f458pl1t0r2kk3asd9kqw8cb8ly6fwizcfi.jpg\" title=\"logoibidem_10\" alt=\"logoibidem_10\" loading=\"lazy\" \/><\/a>\t\t\t\t\t\t<\/div>\n\t\t\t\t\t\n\t\t\t\t\t\t\t\t\t\t<div class=\"elementor-testimonial-details\">\n\t\t\t\t\t\t\t\t\t\t\t\t\t\t<a class=\"elementor-testimonial-name\" href=\"https:\/\/teslafm.net\/en\/ibidem\/\" target=\"_blank\">Ibidem<\/a>\n\t\t\t\t\t\t\t\t\t\t\t\t\t\t\t\t\t\t\t\t\t\t<a class=\"elementor-testimonial-job\" href=\"https:\/\/teslafm.net\/en\/ibidem\/\" target=\"_blank\">Ab One<\/a>\n\t\t\t\t\t\t\t\t\t\t\t\t\t<\/div>\n\t\t\t\t\t\t\t\t\t<\/div>\n\t\t\t<\/div>\n\t\t\t\t\t<\/div>\n\t\t\t\t\t\t<\/div>\n\t\t\t\t<\/div>\n\t\t\t\t\t<\/div>\n\t\t<\/div>\n\t\t\t\t<div class=\"elementor-column elementor-col-25 elementor-top-column elementor-element elementor-element-e173f58\" data-id=\"e173f58\" data-element_type=\"column\" data-e-type=\"column\">\n\t\t\t<div class=\"elementor-widget-wrap\">\n\t\t\t\t\t\t\t<\/div>\n\t\t<\/div>\n\t\t\t\t<div class=\"elementor-column elementor-col-25 elementor-top-column elementor-element elementor-element-f64635a\" data-id=\"f64635a\" data-element_type=\"column\" data-e-type=\"column\">\n\t\t\t<div class=\"elementor-widget-wrap\">\n\t\t\t\t\t\t\t<\/div>\n\t\t<\/div>\n\t\t\t\t\t<\/div>\n\t\t<\/section>\n\t\t\t\t<section class=\"elementor-section elementor-top-section elementor-element elementor-element-6448a68 elementor-section-boxed elementor-section-height-default elementor-section-height-default\" data-id=\"6448a68\" data-element_type=\"section\" data-e-type=\"section\">\n\t\t\t\t\t\t<div class=\"elementor-container elementor-column-gap-default\">\n\t\t\t\t\t<div class=\"elementor-column elementor-col-100 elementor-top-column elementor-element elementor-element-8064ba9\" data-id=\"8064ba9\" data-element_type=\"column\" data-e-type=\"column\">\n\t\t\t<div class=\"elementor-widget-wrap elementor-element-populated\">\n\t\t\t\t\t\t<div class=\"elementor-element elementor-element-d944b48 elementor-widget elementor-widget-spacer\" data-id=\"d944b48\" data-element_type=\"widget\" data-e-type=\"widget\" data-widget_type=\"spacer.default\">\n\t\t\t\t<div class=\"elementor-widget-container\">\n\t\t\t\t\t\t\t<div class=\"elementor-spacer\">\n\t\t\t<div class=\"elementor-spacer-inner\"><\/div>\n\t\t<\/div>\n\t\t\t\t\t\t<\/div>\n\t\t\t\t<\/div>\n\t\t\t\t\t<\/div>\n\t\t<\/div>\n\t\t\t\t\t<\/div>\n\t\t<\/section>\n\t\t\t\t<section class=\"elementor-section elementor-top-section elementor-element elementor-element-582c012 elementor-section-boxed elementor-section-height-default elementor-section-height-default\" data-id=\"582c012\" data-element_type=\"section\" data-e-type=\"section\">\n\t\t\t\t\t\t<div class=\"elementor-container elementor-column-gap-default\">\n\t\t\t\t\t<div class=\"elementor-column elementor-col-100 elementor-top-column elementor-element elementor-element-8570deb\" data-id=\"8570deb\" data-element_type=\"column\" data-e-type=\"column\">\n\t\t\t<div class=\"elementor-widget-wrap elementor-element-populated\">\n\t\t\t\t\t\t<div class=\"elementor-element elementor-element-fbd0fbc elementor-widget elementor-widget-text-editor\" data-id=\"fbd0fbc\" data-element_type=\"widget\" data-e-type=\"widget\" data-widget_type=\"text-editor.default\">\n\t\t\t\t<div class=\"elementor-widget-container\">\n\t\t\t\t\t\t\t\t\t<p><a href=\"https:\/\/teslafm.net\/en\/transdata-12\/\"><strong>Transdata #12 \/ + info<\/strong><\/a> <span style=\"color: #808080;\"><em>November 2023<\/em><\/span><\/p><p><iframe src=\"https:\/\/player-widget.mixcloud.com\/widget\/iframe\/?hide_cover=1&amp;feed=%2FTeslafm_net%2Ftransdata-12-toni-mart%C3%ADnez-mauri%2F\" width=\"100%\" height=\"120\" frameborder=\"0\"><\/iframe><\/p><p><a href=\"https:\/\/teslafm.net\/en\/transdata-11\/\"><strong>Transdata #11 \/ + info<\/strong><\/a> <span style=\"color: #808080;\"><em>October 31, 2023<\/em><\/span><\/p><p><iframe src=\"https:\/\/player-widget.mixcloud.com\/widget\/iframe\/?hide_cover=1&amp;feed=%2FTeslafm_net%2Ftransdata-11-toni-mart%C3%ADnez-mauri%2F\" width=\"100%\" height=\"120\" frameborder=\"0\"><\/iframe><\/p><p><a href=\"https:\/\/teslafm.net\/en\/transdata-10\/\"><strong>Transdata #10 \/ + info<\/strong><\/a>\u00a0 <span style=\"color: #808080;\"><em>October 3, 2023<\/em><\/span><\/p><p><iframe src=\"https:\/\/player-widget.mixcloud.com\/widget\/iframe\/?hide_cover=1&amp;feed=%2FTeslafm_net%2Ftransdata-10-toni-mart%C3%ADnez-mauri%2F\" width=\"100%\" height=\"120\" frameborder=\"0\"><\/iframe><\/p><p><a href=\"https:\/\/teslafm.net\/en\/transdata-9\/\"><strong>Transdata #9 \/ + info<\/strong><\/a> <span style=\"color: #808080;\"><em>September 2023<\/em><\/span><\/p><p><iframe src=\"https:\/\/www.mixcloud.com\/widget\/iframe\/?hide_cover=1&amp;feed=%2FTeslafm_net%2Ftransdata-9-toni-mart%C3%ADnez-mauri%2F\" width=\"100%\" height=\"120\" frameborder=\"0\"><\/iframe><\/p><p><a href=\"https:\/\/teslafm.net\/en\/transdata-8\/\"><strong>Transdata #8 \/ + info<\/strong><\/a> <span style=\"color: #808080;\"><em>July 2023<\/em><\/span><\/p><p><iframe src=\"https:\/\/www.mixcloud.com\/widget\/iframe\/?hide_cover=1&amp;feed=%2FTeslafm_net%2Ftransdata-8-toni-mart%C3%ADnez-mauri%2F\" width=\"100%\" height=\"120\" frameborder=\"0\"><\/iframe><\/p><p><a href=\"https:\/\/teslafm.net\/en\/transdata-7\/\"><strong>Transdata #7 \/ + info<\/strong><\/a> <span style=\"color: #808080;\"><em>June 2023<\/em><\/span><\/p><p><iframe src=\"https:\/\/www.mixcloud.com\/widget\/iframe\/?hide_cover=1&amp;feed=%2FTeslafm_net%2Ftransdata-7-toni-mart%C3%ADnez-mauri%2F\" width=\"100%\" height=\"120\" frameborder=\"0\"><\/iframe><\/p><p><a href=\"https:\/\/teslafm.net\/en\/transdata-6\/\"><strong>Transdata #6 \/ + info<\/strong><\/a> <span style=\"color: #808080;\"><em>May 2023<\/em><\/span><\/p><p><iframe src=\"https:\/\/www.mixcloud.com\/widget\/iframe\/?hide_cover=1&amp;feed=%2FTeslafm_net%2Ftransdata-6-toni-mart%C3%ADnez-mauri%2F\" width=\"100%\" height=\"120\" frameborder=\"0\"><\/iframe><\/p><p><a href=\"https:\/\/teslafm.net\/en\/transdata-5\/\"><strong>Transdata #5 \/ + info<\/strong><\/a> <span style=\"color: #808080;\"><em>April 2023<\/em><\/span><\/p><p><iframe src=\"https:\/\/www.mixcloud.com\/widget\/iframe\/?hide_cover=1&amp;feed=%2FTeslafm_net%2Ftransdata-5-toni-mart%C3%ADnez-mauri%2F\" width=\"100%\" height=\"120\" frameborder=\"0\"><\/iframe><\/p><p><a href=\"https:\/\/teslafm.net\/en\/transdata-4\/\"><strong>Transdata #4 \/ + info<\/strong><\/a> <span style=\"color: #808080;\"><em>March 2023<\/em><\/span><\/p><p><iframe src=\"https:\/\/www.mixcloud.com\/widget\/iframe\/?hide_cover=1&amp;feed=%2FTeslafm_net%2Ftransdata-4-toni-mart%C3%ADnez-mauri%2F\" width=\"100%\" height=\"120\" frameborder=\"0\"><\/iframe><\/p><p><a href=\"https:\/\/teslafm.net\/en\/transdata-3\/\"><strong>Transdata #3 \/ + info<\/strong><\/a> <span style=\"color: #808080;\"><em>February 2023<\/em><\/span><\/p><p><iframe src=\"https:\/\/www.mixcloud.com\/widget\/iframe\/?hide_cover=1&amp;feed=%2FTeslafm_net%2Ftransdata-3-toni-mart%C3%ADnez-mauri%2F\" width=\"100%\" height=\"120\" frameborder=\"0\"><\/iframe><\/p><p><a href=\"https:\/\/teslafm.net\/en\/transdata-2\/\"><strong>Transdata #2 \/ + info<\/strong><\/a> <span style=\"color: #808080;\"><em>January 2023<\/em><\/span><\/p><p><iframe src=\"https:\/\/www.mixcloud.com\/widget\/iframe\/?hide_cover=1&amp;feed=%2FTeslafm_net%2Ftransdata-2-toni-mart%C3%ADnez-mauri%2F\" width=\"100%\" height=\"120\" frameborder=\"0\"><\/iframe><\/p><p><a href=\"https:\/\/teslafm.net\/en\/transdata-1\/\"><strong>Transdata #1 \/ + info<\/strong><\/a> <span style=\"color: #808080;\"><em>November 2022<\/em><em><br \/><\/em><\/span><\/p><p><iframe src=\"https:\/\/www.mixcloud.com\/widget\/iframe\/?hide_cover=1&amp;feed=%2FTeslafm_net%2Ftransdata-1-toni-mart%C3%ADnez-mauri%2F\" width=\"100%\" height=\"120\" frameborder=\"0\"><\/iframe><\/p>\t\t\t\t\t\t\t\t<\/div>\n\t\t\t\t<\/div>\n\t\t\t\t\t<\/div>\n\t\t<\/div>\n\t\t\t\t\t<\/div>\n\t\t<\/section>\n\t\t\t\t<\/div>","protected":false},"excerpt":{"rendered":"<p>TONI MART\u00cdNEZ &#038; MAURI IBA\u00d1EZ Toni Mart\u00ednez, m\u00e9s conegut com a Banding!, Parabolic, inquiet activista musical, productor i experimentador sonor del Vall\u00e8s. Ha format part dels organitzadors en el Festival Freestyle de Terrassa. Actualment realitza el programa \u201cEx\u00f2tica Radio\u201d a Matadepera R\u00e0dio. Mauri, dj, productor de m\u00fasica electr\u00f2nica i creador d\u2019actes perform\u00e0tics. Ha col\u00b7laborat en [&hellip;]<\/p>\n","protected":false},"author":19,"featured_media":0,"parent":0,"menu_order":0,"comment_status":"closed","ping_status":"closed","template":"","meta":{"footnotes":""},"class_list":["post-60801","page","type-page","status-publish","hentry"],"yoast_head":"<!-- This site is optimized with the Yoast SEO plugin v27.2 - https:\/\/yoast.com\/product\/yoast-seo-wordpress\/ -->\n<title>Transdata -<\/title>\n<meta name=\"robots\" content=\"index, follow, max-snippet:-1, max-image-preview:large, max-video-preview:-1\" \/>\n<link rel=\"canonical\" href=\"https:\/\/teslafm.net\/en\/transdata\/\" \/>\n<meta property=\"og:locale\" content=\"en_US\" \/>\n<meta property=\"og:type\" content=\"article\" \/>\n<meta property=\"og:title\" content=\"Transdata -\" \/>\n<meta property=\"og:description\" content=\"TONI MART\u00cdNEZ &#038; MAURI IBA\u00d1EZ Toni Mart\u00ednez, m\u00e9s conegut com a Banding!, Parabolic, inquiet activista musical, productor i experimentador sonor del Vall\u00e8s. Ha format part dels organitzadors en el Festival Freestyle de Terrassa. Actualment realitza el programa \u201cEx\u00f2tica Radio\u201d a Matadepera R\u00e0dio. Mauri, dj, productor de m\u00fasica electr\u00f2nica i creador d\u2019actes perform\u00e0tics. Ha col\u00b7laborat en [&hellip;]\" \/>\n<meta property=\"og:url\" content=\"https:\/\/teslafm.net\/en\/transdata\/\" \/>\n<meta property=\"article:publisher\" content=\"https:\/\/www.facebook.com\/teslafm.net\" \/>\n<meta property=\"article:modified_time\" content=\"2023-11-29T16:45:35+00:00\" \/>\n<meta property=\"og:image\" content=\"http:\/\/teslafm.net\/wp-content\/uploads\/2022\/11\/balding-mauri-300x300.jpg\" \/>\n<meta name=\"twitter:card\" content=\"summary_large_image\" \/>\n<meta name=\"twitter:site\" content=\"@teslafm\" \/>\n<meta name=\"twitter:label1\" content=\"Est. reading time\" \/>\n\t<meta name=\"twitter:data1\" content=\"2 minutes\" \/>\n<script type=\"application\/ld+json\" class=\"yoast-schema-graph\">{\"@context\":\"https:\/\/schema.org\",\"@graph\":[{\"@type\":\"WebPage\",\"@id\":\"https:\/\/teslafm.net\/transdata\/\",\"url\":\"https:\/\/teslafm.net\/transdata\/\",\"name\":\"Transdata -\",\"isPartOf\":{\"@id\":\"https:\/\/teslafm.net\/#website\"},\"primaryImageOfPage\":{\"@id\":\"https:\/\/teslafm.net\/transdata\/#primaryimage\"},\"image\":{\"@id\":\"https:\/\/teslafm.net\/transdata\/#primaryimage\"},\"thumbnailUrl\":\"http:\/\/teslafm.net\/wp-content\/uploads\/2022\/11\/balding-mauri-300x300.jpg\",\"datePublished\":\"2022-11-22T13:38:42+00:00\",\"dateModified\":\"2023-11-29T16:45:35+00:00\",\"breadcrumb\":{\"@id\":\"https:\/\/teslafm.net\/transdata\/#breadcrumb\"},\"inLanguage\":\"en-US\",\"potentialAction\":[{\"@type\":\"ReadAction\",\"target\":[\"https:\/\/teslafm.net\/transdata\/\"]}]},{\"@type\":\"ImageObject\",\"inLanguage\":\"en-US\",\"@id\":\"https:\/\/teslafm.net\/transdata\/#primaryimage\",\"url\":\"http:\/\/teslafm.net\/wp-content\/uploads\/2022\/11\/balding-mauri-300x300.jpg\",\"contentUrl\":\"http:\/\/teslafm.net\/wp-content\/uploads\/2022\/11\/balding-mauri-300x300.jpg\"},{\"@type\":\"BreadcrumbList\",\"@id\":\"https:\/\/teslafm.net\/transdata\/#breadcrumb\",\"itemListElement\":[{\"@type\":\"ListItem\",\"position\":1,\"name\":\"Portada\",\"item\":\"https:\/\/teslafm.net\/\"},{\"@type\":\"ListItem\",\"position\":2,\"name\":\"Transdata\"}]},{\"@type\":\"WebSite\",\"@id\":\"https:\/\/teslafm.net\/#website\",\"url\":\"https:\/\/teslafm.net\/\",\"name\":\"TeslaFM\",\"description\":\"An experimental and creative radio\",\"publisher\":{\"@id\":\"https:\/\/teslafm.net\/#organization\"},\"potentialAction\":[{\"@type\":\"SearchAction\",\"target\":{\"@type\":\"EntryPoint\",\"urlTemplate\":\"https:\/\/teslafm.net\/?s={search_term_string}\"},\"query-input\":{\"@type\":\"PropertyValueSpecification\",\"valueRequired\":true,\"valueName\":\"search_term_string\"}}],\"inLanguage\":\"en-US\"},{\"@type\":\"Organization\",\"@id\":\"https:\/\/teslafm.net\/#organization\",\"name\":\"TeslaFM\",\"url\":\"https:\/\/teslafm.net\/\",\"logo\":{\"@type\":\"ImageObject\",\"inLanguage\":\"en-US\",\"@id\":\"https:\/\/teslafm.net\/#\/schema\/logo\/image\/\",\"url\":\"https:\/\/teslafm.net\/wp-content\/uploads\/2020\/06\/logo-tesla.png\",\"contentUrl\":\"https:\/\/teslafm.net\/wp-content\/uploads\/2020\/06\/logo-tesla.png\",\"width\":512,\"height\":512,\"caption\":\"TeslaFM\"},\"image\":{\"@id\":\"https:\/\/teslafm.net\/#\/schema\/logo\/image\/\"},\"sameAs\":[\"https:\/\/www.facebook.com\/teslafm.net\",\"https:\/\/x.com\/teslafm\"]}]}<\/script>\n<!-- \/ Yoast SEO plugin. -->","yoast_head_json":{"title":"Transdata -","robots":{"index":"index","follow":"follow","max-snippet":"max-snippet:-1","max-image-preview":"max-image-preview:large","max-video-preview":"max-video-preview:-1"},"canonical":"https:\/\/teslafm.net\/en\/transdata\/","og_locale":"en_US","og_type":"article","og_title":"Transdata -","og_description":"TONI MART\u00cdNEZ &#038; MAURI IBA\u00d1EZ Toni Mart\u00ednez, m\u00e9s conegut com a Banding!, Parabolic, inquiet activista musical, productor i experimentador sonor del Vall\u00e8s. Ha format part dels organitzadors en el Festival Freestyle de Terrassa. Actualment realitza el programa \u201cEx\u00f2tica Radio\u201d a Matadepera R\u00e0dio. Mauri, dj, productor de m\u00fasica electr\u00f2nica i creador d\u2019actes perform\u00e0tics. Ha col\u00b7laborat en [&hellip;]","og_url":"https:\/\/teslafm.net\/en\/transdata\/","article_publisher":"https:\/\/www.facebook.com\/teslafm.net","article_modified_time":"2023-11-29T16:45:35+00:00","og_image":[{"url":"http:\/\/teslafm.net\/wp-content\/uploads\/2022\/11\/balding-mauri-300x300.jpg","type":"","width":"","height":""}],"twitter_card":"summary_large_image","twitter_site":"@teslafm","twitter_misc":{"Est. reading time":"2 minutes"},"schema":{"@context":"https:\/\/schema.org","@graph":[{"@type":"WebPage","@id":"https:\/\/teslafm.net\/transdata\/","url":"https:\/\/teslafm.net\/transdata\/","name":"Transdata -","isPartOf":{"@id":"https:\/\/teslafm.net\/#website"},"primaryImageOfPage":{"@id":"https:\/\/teslafm.net\/transdata\/#primaryimage"},"image":{"@id":"https:\/\/teslafm.net\/transdata\/#primaryimage"},"thumbnailUrl":"http:\/\/teslafm.net\/wp-content\/uploads\/2022\/11\/balding-mauri-300x300.jpg","datePublished":"2022-11-22T13:38:42+00:00","dateModified":"2023-11-29T16:45:35+00:00","breadcrumb":{"@id":"https:\/\/teslafm.net\/transdata\/#breadcrumb"},"inLanguage":"en-US","potentialAction":[{"@type":"ReadAction","target":["https:\/\/teslafm.net\/transdata\/"]}]},{"@type":"ImageObject","inLanguage":"en-US","@id":"https:\/\/teslafm.net\/transdata\/#primaryimage","url":"http:\/\/teslafm.net\/wp-content\/uploads\/2022\/11\/balding-mauri-300x300.jpg","contentUrl":"http:\/\/teslafm.net\/wp-content\/uploads\/2022\/11\/balding-mauri-300x300.jpg"},{"@type":"BreadcrumbList","@id":"https:\/\/teslafm.net\/transdata\/#breadcrumb","itemListElement":[{"@type":"ListItem","position":1,"name":"Portada","item":"https:\/\/teslafm.net\/"},{"@type":"ListItem","position":2,"name":"Transdata"}]},{"@type":"WebSite","@id":"https:\/\/teslafm.net\/#website","url":"https:\/\/teslafm.net\/","name":"TeslaFM","description":"An experimental and creative radio","publisher":{"@id":"https:\/\/teslafm.net\/#organization"},"potentialAction":[{"@type":"SearchAction","target":{"@type":"EntryPoint","urlTemplate":"https:\/\/teslafm.net\/?s={search_term_string}"},"query-input":{"@type":"PropertyValueSpecification","valueRequired":true,"valueName":"search_term_string"}}],"inLanguage":"en-US"},{"@type":"Organization","@id":"https:\/\/teslafm.net\/#organization","name":"TeslaFM","url":"https:\/\/teslafm.net\/","logo":{"@type":"ImageObject","inLanguage":"en-US","@id":"https:\/\/teslafm.net\/#\/schema\/logo\/image\/","url":"https:\/\/teslafm.net\/wp-content\/uploads\/2020\/06\/logo-tesla.png","contentUrl":"https:\/\/teslafm.net\/wp-content\/uploads\/2020\/06\/logo-tesla.png","width":512,"height":512,"caption":"TeslaFM"},"image":{"@id":"https:\/\/teslafm.net\/#\/schema\/logo\/image\/"},"sameAs":["https:\/\/www.facebook.com\/teslafm.net","https:\/\/x.com\/teslafm"]}]}},"rttpg_featured_image_url":null,"rttpg_author":{"display_name":"Ishak","author_link":"https:\/\/teslafm.net\/en\/author\/cravan\/"},"rttpg_comment":0,"rttpg_category":null,"rttpg_excerpt":"TONI MART\u00cdNEZ &#038; MAURI IBA\u00d1EZ Toni Mart\u00ednez, m\u00e9s conegut com a Banding!, Parabolic, inquiet activista musical, productor i experimentador sonor del Vall\u00e8s. Ha format part dels organitzadors en el Festival Freestyle de Terrassa. Actualment realitza el programa \u201cEx\u00f2tica Radio\u201d a Matadepera R\u00e0dio. Mauri, dj, productor de m\u00fasica electr\u00f2nica i creador d\u2019actes perform\u00e0tics. Ha col\u00b7laborat en&hellip;","_links":{"self":[{"href":"https:\/\/teslafm.net\/en\/wp-json\/wp\/v2\/pages\/60801","targetHints":{"allow":["GET"]}}],"collection":[{"href":"https:\/\/teslafm.net\/en\/wp-json\/wp\/v2\/pages"}],"about":[{"href":"https:\/\/teslafm.net\/en\/wp-json\/wp\/v2\/types\/page"}],"author":[{"embeddable":true,"href":"https:\/\/teslafm.net\/en\/wp-json\/wp\/v2\/users\/19"}],"replies":[{"embeddable":true,"href":"https:\/\/teslafm.net\/en\/wp-json\/wp\/v2\/comments?post=60801"}],"version-history":[{"count":92,"href":"https:\/\/teslafm.net\/en\/wp-json\/wp\/v2\/pages\/60801\/revisions"}],"predecessor-version":[{"id":63986,"href":"https:\/\/teslafm.net\/en\/wp-json\/wp\/v2\/pages\/60801\/revisions\/63986"}],"wp:attachment":[{"href":"https:\/\/teslafm.net\/en\/wp-json\/wp\/v2\/media?parent=60801"}],"curies":[{"name":"wp","href":"https:\/\/api.w.org\/{rel}","templated":true}]}}