

{"id":60929,"date":"2022-11-26T17:38:44","date_gmt":"2022-11-26T16:38:44","guid":{"rendered":"https:\/\/teslafm.net\/?page_id=60929"},"modified":"2022-11-26T17:38:44","modified_gmt":"2022-11-26T16:38:44","slug":"mutabor-44","status":"publish","type":"page","link":"https:\/\/teslafm.net\/en\/mutabor-44\/","title":{"rendered":"Mutabor #44"},"content":{"rendered":"<h2><span style=\"color: #ffffff;\">Mutabor #44<\/span><\/h2>\n<p><span style=\"color: #808080;\"><em>November 2022<\/em><\/span><\/p>\n<p><iframe src=\"https:\/\/www.mixcloud.com\/widget\/iframe\/?hide_cover=1&amp;feed=%2FTeslafm_net%2Fmutabor-44-fur-voice%2F\" width=\"100%\" height=\"120\" frameborder=\"0\"><\/iframe><\/p>\n<p><span style=\"color: #808080;\">01. <strong>Akusmi<\/strong> - Neo Tokyo<\/span><br \/>\n<span style=\"color: #808080;\">02. <strong>Dale Cornish<\/strong> - Norman Lewis<\/span><br \/>\n<span style=\"color: #808080;\">03. <strong>Slightdeform<\/strong> - Side V<\/span><br \/>\n<span style=\"color: #808080;\">04. <strong>Rom\u00e9o Poirier<\/strong> - Bespoke<\/span><br \/>\n<span style=\"color: #808080;\">05. <strong>IVVVO<\/strong> - Lost Profile<\/span><br \/>\n<span style=\"color: #808080;\">06. <strong>Vanessa Amara<\/strong> - Get Higher, Give Up<\/span><br \/>\n<span style=\"color: #808080;\">07. <strong>Kaitlyn Aurelia Smith<\/strong> - Check Your Translation<\/span><br \/>\n<span style=\"color: #808080;\">08. <strong>Valentina Magaletti<\/strong> - She\/Her\/Gone<\/span><br \/>\n<span style=\"color: #808080;\">09. <strong>Pub<\/strong> - Essence<\/span><br \/>\n<span style=\"color: #808080;\">10. <strong>Maxime Denuc<\/strong> - Infinite End<\/span><br \/>\n<span style=\"color: #808080;\">+ sample: recital <strong>Alicia G. N\u00fa\u00f1ez<\/strong><\/span><br \/>\n<span style=\"color: #808080;\">11. <strong>Giant Swan<\/strong> - RRR+1<\/span><br \/>\n<span style=\"color: #808080;\">12. <strong>G\u00e1bor L\u00e1z\u00e1r<\/strong> - Boundary Object VI<\/span><br \/>\n<span style=\"color: #808080;\">13. <strong>Dialect<\/strong> &amp; <strong>Lyz Cooper<\/strong> - Sonic Sunrise, The Ultimate Alarm<\/span><br \/>\n<span style=\"color: #808080;\">14. <strong>Szun Waves<\/strong> - In The Moon House<\/span><br \/>\n<span style=\"color: #808080;\">15. Huerco S. - Plonk I<\/span><br \/>\n<span style=\"color: #808080;\">16. Anna Butterss - Do Not Disturb<\/span><br \/>\n<span style=\"color: #808080;\">17. <strong>Death Whistle<\/strong> - Last Chance<\/span><br \/>\n<span style=\"color: #808080;\">18. <strong>Tomaga<\/strong> - The Octagon<\/span><\/p>","protected":false},"excerpt":{"rendered":"<p>Mutabor #44 Noviembre 2022 01. Akusmi &#8211; Neo Tokyo 02. Dale Cornish &#8211; Norman Lewis 03. Slightdeform &#8211; Side V 04. Rom\u00e9o Poirier &#8211; Bespoke 05. IVVVO &#8211; Lost Profile 06. Vanessa Amara &#8211; Get Higher, Give Up 07. Kaitlyn Aurelia Smith &#8211; Check Your Translation 08. Valentina Magaletti &#8211; She\/Her\/Gone 09. Pub &#8211; Essence [&hellip;]<\/p>\n","protected":false},"author":19,"featured_media":0,"parent":0,"menu_order":0,"comment_status":"closed","ping_status":"closed","template":"","meta":{"footnotes":""},"class_list":["post-60929","page","type-page","status-publish","hentry"],"yoast_head":"<!-- This site is optimized with the Yoast SEO plugin v27.4 - https:\/\/yoast.com\/product\/yoast-seo-wordpress\/ -->\n<title>Mutabor #44 -<\/title>\n<meta name=\"robots\" content=\"index, follow, max-snippet:-1, max-image-preview:large, max-video-preview:-1\" \/>\n<link rel=\"canonical\" href=\"https:\/\/teslafm.net\/en\/mutabor-44\/\" \/>\n<meta property=\"og:locale\" content=\"en_US\" \/>\n<meta property=\"og:type\" content=\"article\" \/>\n<meta property=\"og:title\" content=\"Mutabor #44 -\" \/>\n<meta property=\"og:description\" content=\"Mutabor #44 Noviembre 2022 01. Akusmi &#8211; Neo Tokyo 02. Dale Cornish &#8211; Norman Lewis 03. Slightdeform &#8211; Side V 04. Rom\u00e9o Poirier &#8211; Bespoke 05. IVVVO &#8211; Lost Profile 06. Vanessa Amara &#8211; Get Higher, Give Up 07. Kaitlyn Aurelia Smith &#8211; Check Your Translation 08. Valentina Magaletti &#8211; She\/Her\/Gone 09. Pub &#8211; Essence [&hellip;]\" \/>\n<meta property=\"og:url\" content=\"https:\/\/teslafm.net\/en\/mutabor-44\/\" \/>\n<meta property=\"article:publisher\" content=\"https:\/\/www.facebook.com\/teslafm.net\" \/>\n<meta property=\"og:image\" content=\"https:\/\/teslafm.net\/wp-content\/uploads\/2022\/09\/header-image-4-temp.png\" \/>\n\t<meta property=\"og:image:width\" content=\"1274\" \/>\n\t<meta property=\"og:image:height\" content=\"818\" \/>\n\t<meta property=\"og:image:type\" content=\"image\/png\" \/>\n<meta name=\"twitter:card\" content=\"summary_large_image\" \/>\n<meta name=\"twitter:site\" content=\"@teslafm\" \/>\n<meta name=\"twitter:label1\" content=\"Est. reading time\" \/>\n\t<meta name=\"twitter:data1\" content=\"1 minute\" \/>\n<script type=\"application\/ld+json\" class=\"yoast-schema-graph\">{\"@context\":\"https:\\\/\\\/schema.org\",\"@graph\":[{\"@type\":\"WebPage\",\"@id\":\"https:\\\/\\\/teslafm.net\\\/mutabor-44\\\/\",\"url\":\"https:\\\/\\\/teslafm.net\\\/mutabor-44\\\/\",\"name\":\"Mutabor #44 -\",\"isPartOf\":{\"@id\":\"https:\\\/\\\/teslafm.net\\\/#website\"},\"datePublished\":\"2022-11-26T16:38:44+00:00\",\"breadcrumb\":{\"@id\":\"https:\\\/\\\/teslafm.net\\\/mutabor-44\\\/#breadcrumb\"},\"inLanguage\":\"en-US\",\"potentialAction\":[{\"@type\":\"ReadAction\",\"target\":[\"https:\\\/\\\/teslafm.net\\\/mutabor-44\\\/\"]}]},{\"@type\":\"BreadcrumbList\",\"@id\":\"https:\\\/\\\/teslafm.net\\\/mutabor-44\\\/#breadcrumb\",\"itemListElement\":[{\"@type\":\"ListItem\",\"position\":1,\"name\":\"Portada\",\"item\":\"https:\\\/\\\/teslafm.net\\\/\"},{\"@type\":\"ListItem\",\"position\":2,\"name\":\"Mutabor #44\"}]},{\"@type\":\"WebSite\",\"@id\":\"https:\\\/\\\/teslafm.net\\\/#website\",\"url\":\"https:\\\/\\\/teslafm.net\\\/\",\"name\":\"TeslaFM\",\"description\":\"An experimental and creative radio\",\"publisher\":{\"@id\":\"https:\\\/\\\/teslafm.net\\\/#organization\"},\"potentialAction\":[{\"@type\":\"SearchAction\",\"target\":{\"@type\":\"EntryPoint\",\"urlTemplate\":\"https:\\\/\\\/teslafm.net\\\/?s={search_term_string}\"},\"query-input\":{\"@type\":\"PropertyValueSpecification\",\"valueRequired\":true,\"valueName\":\"search_term_string\"}}],\"inLanguage\":\"en-US\"},{\"@type\":\"Organization\",\"@id\":\"https:\\\/\\\/teslafm.net\\\/#organization\",\"name\":\"TeslaFM\",\"url\":\"https:\\\/\\\/teslafm.net\\\/\",\"logo\":{\"@type\":\"ImageObject\",\"inLanguage\":\"en-US\",\"@id\":\"https:\\\/\\\/teslafm.net\\\/#\\\/schema\\\/logo\\\/image\\\/\",\"url\":\"https:\\\/\\\/teslafm.net\\\/wp-content\\\/uploads\\\/2020\\\/06\\\/logo-tesla.png\",\"contentUrl\":\"https:\\\/\\\/teslafm.net\\\/wp-content\\\/uploads\\\/2020\\\/06\\\/logo-tesla.png\",\"width\":512,\"height\":512,\"caption\":\"TeslaFM\"},\"image\":{\"@id\":\"https:\\\/\\\/teslafm.net\\\/#\\\/schema\\\/logo\\\/image\\\/\"},\"sameAs\":[\"https:\\\/\\\/www.facebook.com\\\/teslafm.net\",\"https:\\\/\\\/x.com\\\/teslafm\"]}]}<\/script>\n<!-- \/ Yoast SEO plugin. -->","yoast_head_json":{"title":"Mutabor #44 -","robots":{"index":"index","follow":"follow","max-snippet":"max-snippet:-1","max-image-preview":"max-image-preview:large","max-video-preview":"max-video-preview:-1"},"canonical":"https:\/\/teslafm.net\/en\/mutabor-44\/","og_locale":"en_US","og_type":"article","og_title":"Mutabor #44 -","og_description":"Mutabor #44 Noviembre 2022 01. Akusmi &#8211; Neo Tokyo 02. Dale Cornish &#8211; Norman Lewis 03. Slightdeform &#8211; Side V 04. Rom\u00e9o Poirier &#8211; Bespoke 05. IVVVO &#8211; Lost Profile 06. Vanessa Amara &#8211; Get Higher, Give Up 07. Kaitlyn Aurelia Smith &#8211; Check Your Translation 08. Valentina Magaletti &#8211; She\/Her\/Gone 09. Pub &#8211; Essence [&hellip;]","og_url":"https:\/\/teslafm.net\/en\/mutabor-44\/","article_publisher":"https:\/\/www.facebook.com\/teslafm.net","og_image":[{"width":1274,"height":818,"url":"https:\/\/teslafm.net\/wp-content\/uploads\/2022\/09\/header-image-4-temp.png","type":"image\/png"}],"twitter_card":"summary_large_image","twitter_site":"@teslafm","twitter_misc":{"Est. reading time":"1 minute"},"schema":{"@context":"https:\/\/schema.org","@graph":[{"@type":"WebPage","@id":"https:\/\/teslafm.net\/mutabor-44\/","url":"https:\/\/teslafm.net\/mutabor-44\/","name":"Mutabor #44 -","isPartOf":{"@id":"https:\/\/teslafm.net\/#website"},"datePublished":"2022-11-26T16:38:44+00:00","breadcrumb":{"@id":"https:\/\/teslafm.net\/mutabor-44\/#breadcrumb"},"inLanguage":"en-US","potentialAction":[{"@type":"ReadAction","target":["https:\/\/teslafm.net\/mutabor-44\/"]}]},{"@type":"BreadcrumbList","@id":"https:\/\/teslafm.net\/mutabor-44\/#breadcrumb","itemListElement":[{"@type":"ListItem","position":1,"name":"Portada","item":"https:\/\/teslafm.net\/"},{"@type":"ListItem","position":2,"name":"Mutabor #44"}]},{"@type":"WebSite","@id":"https:\/\/teslafm.net\/#website","url":"https:\/\/teslafm.net\/","name":"TeslaFM","description":"An experimental and creative radio","publisher":{"@id":"https:\/\/teslafm.net\/#organization"},"potentialAction":[{"@type":"SearchAction","target":{"@type":"EntryPoint","urlTemplate":"https:\/\/teslafm.net\/?s={search_term_string}"},"query-input":{"@type":"PropertyValueSpecification","valueRequired":true,"valueName":"search_term_string"}}],"inLanguage":"en-US"},{"@type":"Organization","@id":"https:\/\/teslafm.net\/#organization","name":"TeslaFM","url":"https:\/\/teslafm.net\/","logo":{"@type":"ImageObject","inLanguage":"en-US","@id":"https:\/\/teslafm.net\/#\/schema\/logo\/image\/","url":"https:\/\/teslafm.net\/wp-content\/uploads\/2020\/06\/logo-tesla.png","contentUrl":"https:\/\/teslafm.net\/wp-content\/uploads\/2020\/06\/logo-tesla.png","width":512,"height":512,"caption":"TeslaFM"},"image":{"@id":"https:\/\/teslafm.net\/#\/schema\/logo\/image\/"},"sameAs":["https:\/\/www.facebook.com\/teslafm.net","https:\/\/x.com\/teslafm"]}]}},"rttpg_featured_image_url":null,"rttpg_author":{"display_name":"Ishak","author_link":"https:\/\/teslafm.net\/en\/author\/cravan\/"},"rttpg_comment":0,"rttpg_category":null,"rttpg_excerpt":"Mutabor #44 Noviembre 2022 01. Akusmi &#8211; Neo Tokyo 02. Dale Cornish &#8211; Norman Lewis 03. Slightdeform &#8211; Side V 04. Rom\u00e9o Poirier &#8211; Bespoke 05. IVVVO &#8211; Lost Profile 06. Vanessa Amara &#8211; Get Higher, Give Up 07. Kaitlyn Aurelia Smith &#8211; Check Your Translation 08. Valentina Magaletti &#8211; She\/Her\/Gone 09. Pub &#8211; Essence&hellip;","_links":{"self":[{"href":"https:\/\/teslafm.net\/en\/wp-json\/wp\/v2\/pages\/60929","targetHints":{"allow":["GET"]}}],"collection":[{"href":"https:\/\/teslafm.net\/en\/wp-json\/wp\/v2\/pages"}],"about":[{"href":"https:\/\/teslafm.net\/en\/wp-json\/wp\/v2\/types\/page"}],"author":[{"embeddable":true,"href":"https:\/\/teslafm.net\/en\/wp-json\/wp\/v2\/users\/19"}],"replies":[{"embeddable":true,"href":"https:\/\/teslafm.net\/en\/wp-json\/wp\/v2\/comments?post=60929"}],"version-history":[{"count":1,"href":"https:\/\/teslafm.net\/en\/wp-json\/wp\/v2\/pages\/60929\/revisions"}],"predecessor-version":[{"id":60931,"href":"https:\/\/teslafm.net\/en\/wp-json\/wp\/v2\/pages\/60929\/revisions\/60931"}],"wp:attachment":[{"href":"https:\/\/teslafm.net\/en\/wp-json\/wp\/v2\/media?parent=60929"}],"curies":[{"name":"wp","href":"https:\/\/api.w.org\/{rel}","templated":true}]}}