

{"id":60956,"date":"2022-12-02T16:51:51","date_gmt":"2022-12-02T15:51:51","guid":{"rendered":"https:\/\/teslafm.net\/?page_id=60956"},"modified":"2023-11-03T10:54:24","modified_gmt":"2023-11-03T09:54:24","slug":"esquizofonias-o-la-palpitacion-del-siglo-3","status":"publish","type":"page","link":"https:\/\/teslafm.net\/en\/esquizofonias-o-la-palpitacion-del-siglo-3\/","title":{"rendered":"Schizophonies or the palpitation of the century #3"},"content":{"rendered":"<h2><span style=\"color: #ffffff;\"><strong>Esquizofon\u00edas o la palpitaci\u00f3n del siglo #3<\/strong><\/span><\/h2>\n<p><span style=\"color: #808080;\"><em>Passage 3<br \/>\n<\/em><\/span><\/p>\n<p><iframe src=\"https:\/\/www.mixcloud.com\/widget\/iframe\/?hide_cover=1&amp;feed=%2FTeslafm_net%2Fesquizofonias-o-la-palpitaci%C3%B3n-del-siglo-3-zozobra%2F\" width=\"100%\" height=\"120\" frameborder=\"0\"><\/iframe><br \/>\n<span style=\"color: #808080;\">01. David the Imp, chapter 1.<\/span> <a class=\"x_1375268182moz-txt-link-freetext\" href=\"https:\/\/www.youtube.com\/watch?v=7x7Iz205J54\" target=\"_blank\" rel=\"noopener\">https:\/\/www.youtube.com\/watch?v=7x7Iz205J54<\/a><br \/>\n<span style=\"color: #808080;\">02. Audio from a Hollywood movie that I don't remember.<\/span><br \/>\n<span style=\"color: #808080;\">03.<strong> Zozobra<\/strong>Audio made for the return of the bones of a whale to the sea after being exposed for years in the zoo of Barcelona.<\/span><br \/>\n<span style=\"color: #808080;\">04. Reading of <strong>Pascal Quignard<\/strong>The sexual night\".<\/span><br \/>\n<span style=\"color: #808080;\">05. Interview with <strong>Rubinstein<\/strong> of the RTVE program \"A Fondo\".\u00a0 <\/span><a class=\"x_1375268182moz-txt-link-freetext\" href=\"https:\/\/youtu.be\/9Shnyyi20UY?t=1959\" target=\"_blank\" rel=\"noopener\">https:\/\/youtu.be\/9Shnyyi20UY?t=1959<\/a><br \/>\n<span style=\"color: #808080;\">06. Choir recorded in the church Santa Maria del Pi.<\/span><br \/>\n<span style=\"color: #808080;\"><strong>07. Victoria Cirlot<\/strong>conference \"<em>From Hildegard von Bingen to Max Ernst<\/em>\"\u00a0<\/span> <a class=\"x_1375268182moz-txt-link-freetext\" href=\"https:\/\/youtu.be\/Larf70Xclww?t=2896\" target=\"_blank\" rel=\"noopener\">https:\/\/youtu.be\/Larf70Xclww?t=2896<\/a><br \/>\n<span style=\"color: #808080;\">08. Reading of <strong>Pascal Quignard<\/strong>The sexual night\".<\/span><br \/>\n<span style=\"color: #808080;\">09.<strong> Manuela Trasobares<\/strong> in the program \"Parle Vost\u00e9, calle vost\u00e9\". 1997<\/span>\u00a0 <a class=\"x_1375268182moz-txt-link-freetext\" href=\"https:\/\/youtu.be\/owrzM0SU_ck?t=6199\" target=\"_blank\" rel=\"noopener\">https:\/\/youtu.be\/owrzM0SU_ck?t=6199<\/a><br \/>\n<span style=\"color: #808080;\">10.<strong> La Ni\u00f1a de los Peines<\/strong> \"Quisiera yo renegar\" Fragment:<\/span><\/p>\n<p><span style=\"color: #808080;\"><em>\"I would like to disown<\/em><\/span><br \/>\n<span style=\"color: #808080;\"><em>I would like to deny<\/em><\/span><br \/>\n<span style=\"color: #808080;\"><em>of this world in its entirety<\/em><\/span><br \/>\n<span style=\"color: #808080;\"><em>back to living again<\/em><\/span><br \/>\n<span style=\"color: #808080;\"><em>mare of my heart<\/em><\/span><br \/>\n<span style=\"color: #808080;\"><em>back to living again<\/em><\/span><br \/>\n<span style=\"color: #808080;\"><em>to see if in a new world<\/em><\/span><br \/>\n<span style=\"color: #808080;\"><em>I found more truth.\"<\/em><\/span><\/p>\n<p><span style=\"color: #808080;\">11. Movie \"<em>Matou a Fam\u00edlia e Foi ao Cinema<\/em>\" 1969 <strong>J\u00falio Bressane<\/strong> and <strong>Rog\u00e9rio Sganzerla<\/strong>\u00a0\u00a0<\/span> <a class=\"x_1375268182moz-txt-link-freetext\" href=\"https:\/\/youtu.be\/TDb3cEaWv0w?t=726\" target=\"_blank\" rel=\"noopener\">https:\/\/youtu.be\/TDb3cEaWv0w?t=726<\/a><br \/>\n<span style=\"color: #808080;\">12.<strong> Maruja Mallo<\/strong> in the RTVE program \"A Fondo\". April 14, 1980.<\/span>\u00a0 <a class=\"x_1375268182moz-txt-link-freetext\" href=\"https:\/\/youtu.be\/Wb2HXDael7I?t=1520\" target=\"_blank\" rel=\"noopener\">https:\/\/youtu.be\/Wb2HXDael7I?t=1520<\/a><br \/>\n<span style=\"color: #808080;\">13. Excerpt from the movie \"<em>The never-ending story<\/em>\".\u00a0<\/span> <a class=\"x_1375268182moz-txt-link-freetext\" href=\"https:\/\/youtu.be\/M-XegGoXD3E?t=4340\" target=\"_blank\" rel=\"noopener\">https:\/\/youtu.be\/M-XegGoXD3E?t=4340<\/a><br \/>\n<span style=\"color: #808080;\">14. Reading of <strong>Pascal Quignard<\/strong>The sexual night\".<\/span><br \/>\n<span style=\"color: #808080;\">15.<strong> Manuela Trasobares<\/strong> in the documentary of <strong>Lola Merch\u00e1n<\/strong>. 8 March 2022<\/span>.\u00a0 <a class=\"x_1375268182moz-txt-link-freetext\" href=\"https:\/\/youtu.be\/3ST9mrOi-Ek?t=795\" target=\"_blank\" rel=\"noopener\">https:\/\/youtu.be\/3ST9mrOi-Ek?t=795<\/a><br \/>\n<span style=\"color: #808080;\">16. Other audios not specified: <strong>Zozobra<\/strong>.<\/span><\/p>","protected":false},"excerpt":{"rendered":"<p>Esquizofon\u00edas o la palpitaci\u00f3n del siglo #3 Pasaje 3 01. David el Gnomo, cap\u00edtulo 1. https:\/\/www.youtube.com\/watch?v=7x7Iz205J54 02. Audio de pel\u00edcula hollywoodiense que no recuerdo. 03. Zozobra: audio hecho para la devoluci\u00f3n de los huesos de una ballena al mar despu\u00e9s de estar a\u00f1os expuesta en el zool\u00f3gico de Barcelona. 04. Lectura de Pascal Quignard, \u201cLa [&hellip;]<\/p>\n","protected":false},"author":19,"featured_media":0,"parent":0,"menu_order":0,"comment_status":"closed","ping_status":"closed","template":"","meta":{"footnotes":""},"class_list":["post-60956","page","type-page","status-publish","hentry"],"yoast_head":"<!-- This site is optimized with the Yoast SEO plugin v27.2 - https:\/\/yoast.com\/product\/yoast-seo-wordpress\/ -->\n<title>Esquizofonias o la palpitacion del siglo #3 -<\/title>\n<meta name=\"robots\" content=\"index, follow, max-snippet:-1, max-image-preview:large, max-video-preview:-1\" \/>\n<link rel=\"canonical\" href=\"https:\/\/teslafm.net\/en\/esquizofonias-o-la-palpitacion-del-siglo-3\/\" \/>\n<meta property=\"og:locale\" content=\"en_US\" \/>\n<meta property=\"og:type\" content=\"article\" \/>\n<meta property=\"og:title\" content=\"Esquizofonias o la palpitacion del siglo #3 -\" \/>\n<meta property=\"og:description\" content=\"Esquizofon\u00edas o la palpitaci\u00f3n del siglo #3 Pasaje 3 01. David el Gnomo, cap\u00edtulo 1. https:\/\/www.youtube.com\/watch?v=7x7Iz205J54 02. Audio de pel\u00edcula hollywoodiense que no recuerdo. 03. Zozobra: audio hecho para la devoluci\u00f3n de los huesos de una ballena al mar despu\u00e9s de estar a\u00f1os expuesta en el zool\u00f3gico de Barcelona. 04. Lectura de Pascal Quignard, \u201cLa [&hellip;]\" \/>\n<meta property=\"og:url\" content=\"https:\/\/teslafm.net\/en\/esquizofonias-o-la-palpitacion-del-siglo-3\/\" \/>\n<meta property=\"article:publisher\" content=\"https:\/\/www.facebook.com\/teslafm.net\" \/>\n<meta property=\"article:modified_time\" content=\"2023-11-03T09:54:24+00:00\" \/>\n<meta property=\"og:image\" content=\"https:\/\/teslafm.net\/wp-content\/uploads\/2022\/09\/header-image-4-temp.png\" \/>\n\t<meta property=\"og:image:width\" content=\"1274\" \/>\n\t<meta property=\"og:image:height\" content=\"818\" \/>\n\t<meta property=\"og:image:type\" content=\"image\/png\" \/>\n<meta name=\"twitter:card\" content=\"summary_large_image\" \/>\n<meta name=\"twitter:site\" content=\"@teslafm\" \/>\n<meta name=\"twitter:label1\" content=\"Est. reading time\" \/>\n\t<meta name=\"twitter:data1\" content=\"2 minutes\" \/>\n<script type=\"application\/ld+json\" class=\"yoast-schema-graph\">{\"@context\":\"https:\/\/schema.org\",\"@graph\":[{\"@type\":\"WebPage\",\"@id\":\"https:\/\/teslafm.net\/esquizofonias-o-la-palpitacion-del-siglo-3\/\",\"url\":\"https:\/\/teslafm.net\/esquizofonias-o-la-palpitacion-del-siglo-3\/\",\"name\":\"Esquizofonias o la palpitacion del siglo #3 -\",\"isPartOf\":{\"@id\":\"https:\/\/teslafm.net\/#website\"},\"datePublished\":\"2022-12-02T15:51:51+00:00\",\"dateModified\":\"2023-11-03T09:54:24+00:00\",\"breadcrumb\":{\"@id\":\"https:\/\/teslafm.net\/esquizofonias-o-la-palpitacion-del-siglo-3\/#breadcrumb\"},\"inLanguage\":\"en-US\",\"potentialAction\":[{\"@type\":\"ReadAction\",\"target\":[\"https:\/\/teslafm.net\/esquizofonias-o-la-palpitacion-del-siglo-3\/\"]}]},{\"@type\":\"BreadcrumbList\",\"@id\":\"https:\/\/teslafm.net\/esquizofonias-o-la-palpitacion-del-siglo-3\/#breadcrumb\",\"itemListElement\":[{\"@type\":\"ListItem\",\"position\":1,\"name\":\"Portada\",\"item\":\"https:\/\/teslafm.net\/\"},{\"@type\":\"ListItem\",\"position\":2,\"name\":\"Esquizofonias o la palpitacion del siglo #3\"}]},{\"@type\":\"WebSite\",\"@id\":\"https:\/\/teslafm.net\/#website\",\"url\":\"https:\/\/teslafm.net\/\",\"name\":\"TeslaFM\",\"description\":\"An experimental and creative radio\",\"publisher\":{\"@id\":\"https:\/\/teslafm.net\/#organization\"},\"potentialAction\":[{\"@type\":\"SearchAction\",\"target\":{\"@type\":\"EntryPoint\",\"urlTemplate\":\"https:\/\/teslafm.net\/?s={search_term_string}\"},\"query-input\":{\"@type\":\"PropertyValueSpecification\",\"valueRequired\":true,\"valueName\":\"search_term_string\"}}],\"inLanguage\":\"en-US\"},{\"@type\":\"Organization\",\"@id\":\"https:\/\/teslafm.net\/#organization\",\"name\":\"TeslaFM\",\"url\":\"https:\/\/teslafm.net\/\",\"logo\":{\"@type\":\"ImageObject\",\"inLanguage\":\"en-US\",\"@id\":\"https:\/\/teslafm.net\/#\/schema\/logo\/image\/\",\"url\":\"https:\/\/teslafm.net\/wp-content\/uploads\/2020\/06\/logo-tesla.png\",\"contentUrl\":\"https:\/\/teslafm.net\/wp-content\/uploads\/2020\/06\/logo-tesla.png\",\"width\":512,\"height\":512,\"caption\":\"TeslaFM\"},\"image\":{\"@id\":\"https:\/\/teslafm.net\/#\/schema\/logo\/image\/\"},\"sameAs\":[\"https:\/\/www.facebook.com\/teslafm.net\",\"https:\/\/x.com\/teslafm\"]}]}<\/script>\n<!-- \/ Yoast SEO plugin. -->","yoast_head_json":{"title":"Schizophonies or the palpitation of the century #3 -","robots":{"index":"index","follow":"follow","max-snippet":"max-snippet:-1","max-image-preview":"max-image-preview:large","max-video-preview":"max-video-preview:-1"},"canonical":"https:\/\/teslafm.net\/en\/esquizofonias-o-la-palpitacion-del-siglo-3\/","og_locale":"en_US","og_type":"article","og_title":"Esquizofonias o la palpitacion del siglo #3 -","og_description":"Esquizofon\u00edas o la palpitaci\u00f3n del siglo #3 Pasaje 3 01. David el Gnomo, cap\u00edtulo 1. https:\/\/www.youtube.com\/watch?v=7x7Iz205J54 02. Audio de pel\u00edcula hollywoodiense que no recuerdo. 03. Zozobra: audio hecho para la devoluci\u00f3n de los huesos de una ballena al mar despu\u00e9s de estar a\u00f1os expuesta en el zool\u00f3gico de Barcelona. 04. Lectura de Pascal Quignard, \u201cLa [&hellip;]","og_url":"https:\/\/teslafm.net\/en\/esquizofonias-o-la-palpitacion-del-siglo-3\/","article_publisher":"https:\/\/www.facebook.com\/teslafm.net","article_modified_time":"2023-11-03T09:54:24+00:00","og_image":[{"width":1274,"height":818,"url":"https:\/\/teslafm.net\/wp-content\/uploads\/2022\/09\/header-image-4-temp.png","type":"image\/png"}],"twitter_card":"summary_large_image","twitter_site":"@teslafm","twitter_misc":{"Est. reading time":"2 minutes"},"schema":{"@context":"https:\/\/schema.org","@graph":[{"@type":"WebPage","@id":"https:\/\/teslafm.net\/esquizofonias-o-la-palpitacion-del-siglo-3\/","url":"https:\/\/teslafm.net\/esquizofonias-o-la-palpitacion-del-siglo-3\/","name":"Schizophonies or the palpitation of the century #3 -","isPartOf":{"@id":"https:\/\/teslafm.net\/#website"},"datePublished":"2022-12-02T15:51:51+00:00","dateModified":"2023-11-03T09:54:24+00:00","breadcrumb":{"@id":"https:\/\/teslafm.net\/esquizofonias-o-la-palpitacion-del-siglo-3\/#breadcrumb"},"inLanguage":"en-US","potentialAction":[{"@type":"ReadAction","target":["https:\/\/teslafm.net\/esquizofonias-o-la-palpitacion-del-siglo-3\/"]}]},{"@type":"BreadcrumbList","@id":"https:\/\/teslafm.net\/esquizofonias-o-la-palpitacion-del-siglo-3\/#breadcrumb","itemListElement":[{"@type":"ListItem","position":1,"name":"Portada","item":"https:\/\/teslafm.net\/"},{"@type":"ListItem","position":2,"name":"Esquizofonias o la palpitacion del siglo #3"}]},{"@type":"WebSite","@id":"https:\/\/teslafm.net\/#website","url":"https:\/\/teslafm.net\/","name":"TeslaFM","description":"An experimental and creative radio","publisher":{"@id":"https:\/\/teslafm.net\/#organization"},"potentialAction":[{"@type":"SearchAction","target":{"@type":"EntryPoint","urlTemplate":"https:\/\/teslafm.net\/?s={search_term_string}"},"query-input":{"@type":"PropertyValueSpecification","valueRequired":true,"valueName":"search_term_string"}}],"inLanguage":"en-US"},{"@type":"Organization","@id":"https:\/\/teslafm.net\/#organization","name":"TeslaFM","url":"https:\/\/teslafm.net\/","logo":{"@type":"ImageObject","inLanguage":"en-US","@id":"https:\/\/teslafm.net\/#\/schema\/logo\/image\/","url":"https:\/\/teslafm.net\/wp-content\/uploads\/2020\/06\/logo-tesla.png","contentUrl":"https:\/\/teslafm.net\/wp-content\/uploads\/2020\/06\/logo-tesla.png","width":512,"height":512,"caption":"TeslaFM"},"image":{"@id":"https:\/\/teslafm.net\/#\/schema\/logo\/image\/"},"sameAs":["https:\/\/www.facebook.com\/teslafm.net","https:\/\/x.com\/teslafm"]}]}},"rttpg_featured_image_url":null,"rttpg_author":{"display_name":"Ishak","author_link":"https:\/\/teslafm.net\/en\/author\/cravan\/"},"rttpg_comment":0,"rttpg_category":null,"rttpg_excerpt":"Esquizofon\u00edas o la palpitaci\u00f3n del siglo #3 Pasaje 3 01. David el Gnomo, cap\u00edtulo 1. https:\/\/www.youtube.com\/watch?v=7x7Iz205J54 02. Audio de pel\u00edcula hollywoodiense que no recuerdo. 03. Zozobra: audio hecho para la devoluci\u00f3n de los huesos de una ballena al mar despu\u00e9s de estar a\u00f1os expuesta en el zool\u00f3gico de Barcelona. 04. Lectura de Pascal Quignard, \u201cLa&hellip;","_links":{"self":[{"href":"https:\/\/teslafm.net\/en\/wp-json\/wp\/v2\/pages\/60956","targetHints":{"allow":["GET"]}}],"collection":[{"href":"https:\/\/teslafm.net\/en\/wp-json\/wp\/v2\/pages"}],"about":[{"href":"https:\/\/teslafm.net\/en\/wp-json\/wp\/v2\/types\/page"}],"author":[{"embeddable":true,"href":"https:\/\/teslafm.net\/en\/wp-json\/wp\/v2\/users\/19"}],"replies":[{"embeddable":true,"href":"https:\/\/teslafm.net\/en\/wp-json\/wp\/v2\/comments?post=60956"}],"version-history":[{"count":6,"href":"https:\/\/teslafm.net\/en\/wp-json\/wp\/v2\/pages\/60956\/revisions"}],"predecessor-version":[{"id":63847,"href":"https:\/\/teslafm.net\/en\/wp-json\/wp\/v2\/pages\/60956\/revisions\/63847"}],"wp:attachment":[{"href":"https:\/\/teslafm.net\/en\/wp-json\/wp\/v2\/media?parent=60956"}],"curies":[{"name":"wp","href":"https:\/\/api.w.org\/{rel}","templated":true}]}}