

{"id":61035,"date":"2022-12-13T18:08:21","date_gmt":"2022-12-13T17:08:21","guid":{"rendered":"https:\/\/teslafm.net\/?page_id=61035"},"modified":"2023-02-22T23:37:28","modified_gmt":"2023-02-22T22:37:28","slug":"ones-de-crom-15","status":"publish","type":"page","link":"https:\/\/teslafm.net\/en\/ones-de-crom-15\/","title":{"rendered":"Ones de Crom #15"},"content":{"rendered":"<div data-elementor-type=\"wp-page\" data-elementor-id=\"61035\" class=\"elementor elementor-61035\">\n\t\t\t\t\t\t<section class=\"elementor-section elementor-top-section elementor-element elementor-element-45938920 elementor-section-boxed elementor-section-height-default elementor-section-height-default\" data-id=\"45938920\" data-element_type=\"section\" data-e-type=\"section\">\n\t\t\t\t\t\t<div class=\"elementor-container elementor-column-gap-default\">\n\t\t\t\t\t<div class=\"elementor-column elementor-col-100 elementor-top-column elementor-element elementor-element-4be440af\" data-id=\"4be440af\" data-element_type=\"column\" data-e-type=\"column\">\n\t\t\t<div class=\"elementor-widget-wrap elementor-element-populated\">\n\t\t\t\t\t\t<div class=\"elementor-element elementor-element-45644cb elementor-widget elementor-widget-text-editor\" data-id=\"45644cb\" data-element_type=\"widget\" data-e-type=\"widget\" data-widget_type=\"text-editor.default\">\n\t\t\t\t<div class=\"elementor-widget-container\">\n\t\t\t\t\t\t\t\t\t<h2><span style=\"color: #ffffff;\"><strong>Ones de Crom #15<\/strong><\/span><\/h2><p><span style=\"color: #808080;\"><em>This Heat<\/em><\/span><\/p><p><a href=\"https:\/\/teslafm.net\/en\/Ones%20de%20Crom%2015%20This%20Heat.mp3\/\" target=\"_blank\" rel=\"noopener\"><img fetchpriority=\"high\" decoding=\"async\" class=\"alignnone wp-image-61719 size-full\" src=\"https:\/\/teslafm.net\/wp-content\/uploads\/2023\/02\/ones-15.jpg\" alt=\"\" width=\"1119\" height=\"121\" srcset=\"https:\/\/teslafm.net\/wp-content\/uploads\/2023\/02\/ones-15.jpg 1119w, https:\/\/teslafm.net\/wp-content\/uploads\/2023\/02\/ones-15-300x32.jpg 300w, https:\/\/teslafm.net\/wp-content\/uploads\/2023\/02\/ones-15-1024x111.jpg 1024w, https:\/\/teslafm.net\/wp-content\/uploads\/2023\/02\/ones-15-768x83.jpg 768w\" sizes=\"(max-width: 1119px) 100vw, 1119px\" \/><\/a><\/p>\t\t\t\t\t\t\t\t<\/div>\n\t\t\t\t<\/div>\n\t\t\t\t\t<\/div>\n\t\t<\/div>\n\t\t\t\t\t<\/div>\n\t\t<\/section>\n\t\t\t\t<section class=\"elementor-section elementor-top-section elementor-element elementor-element-b1b2ccb elementor-section-boxed elementor-section-height-default elementor-section-height-default\" data-id=\"b1b2ccb\" data-element_type=\"section\" data-e-type=\"section\">\n\t\t\t\t\t\t<div class=\"elementor-container elementor-column-gap-default\">\n\t\t\t\t\t<div class=\"elementor-column elementor-col-50 elementor-top-column elementor-element elementor-element-e90ef3e\" data-id=\"e90ef3e\" data-element_type=\"column\" data-e-type=\"column\">\n\t\t\t<div class=\"elementor-widget-wrap elementor-element-populated\">\n\t\t\t\t\t\t<div class=\"elementor-element elementor-element-779f19f elementor-widget elementor-widget-image\" data-id=\"779f19f\" data-element_type=\"widget\" data-e-type=\"widget\" data-widget_type=\"image.default\">\n\t\t\t\t<div class=\"elementor-widget-container\">\n\t\t\t\t\t\t\t\t\t\t\t\t\t\t\t<img decoding=\"async\" width=\"369\" height=\"241\" src=\"https:\/\/teslafm.net\/wp-content\/uploads\/2022\/12\/THIS-HEAT.jpg\" class=\"attachment-large size-large wp-image-61038\" alt=\"\" srcset=\"https:\/\/teslafm.net\/wp-content\/uploads\/2022\/12\/THIS-HEAT.jpg 369w, https:\/\/teslafm.net\/wp-content\/uploads\/2022\/12\/THIS-HEAT-300x196.jpg 300w\" sizes=\"(max-width: 369px) 100vw, 369px\" \/>\t\t\t\t\t\t\t\t\t\t\t\t\t\t\t<\/div>\n\t\t\t\t<\/div>\n\t\t\t\t\t<\/div>\n\t\t<\/div>\n\t\t\t\t<div class=\"elementor-column elementor-col-50 elementor-top-column elementor-element elementor-element-297c86b\" data-id=\"297c86b\" data-element_type=\"column\" data-e-type=\"column\">\n\t\t\t<div class=\"elementor-widget-wrap elementor-element-populated\">\n\t\t\t\t\t\t<div class=\"elementor-element elementor-element-a5e3687 elementor-widget elementor-widget-text-editor\" data-id=\"a5e3687\" data-element_type=\"widget\" data-e-type=\"widget\" data-widget_type=\"text-editor.default\">\n\t\t\t\t<div class=\"elementor-widget-container\">\n\t\t\t\t\t\t\t\t\t<p><span style=\"color: #808080;\">April 18, 2011<\/span><br \/><span style=\"color: #808080;\">This vindicated British trio, which existed between 1976-1982, will carry out a post-punk music. <\/span><span style=\"color: #808080;\">experimental with elements of improvisation, rock, industrial music, dub and sound manipulation.<\/span><br \/><span style=\"color: #808080;\">From the box \"Out Of Cold Storage\" (2006) we offer a review of his entire discography. <\/span><span style=\"color: #808080;\">starting with the originality of the songs from the Peel Sessions \"Made Available\" (1977) and from the album <\/span><span style=\"color: #808080;\">of debut blau i groc \"This Heat\" (1979). We continue with the EP \"Repeat\" (1979) with a theme <\/span><span style=\"color: #808080;\">d'improvisation with metals and with the EP \"Health And Efficiency\" (1980) by adding veus to a song by <\/span><span style=\"color: #808080;\">pure rock experimentation. From \"Deceit\" (1981), their last and most outstanding album, we feel diverse <\/span><span style=\"color: #808080;\">themes where more than ever they experiment with rock combined with study techniques as elements of <\/span><span style=\"color: #808080;\">dub music, manipulations of tape recordings and field recordings. To finish the <\/span><span style=\"color: #808080;\">vindication of this trio we listen to a track from the \"Live 80\/81\" live show, leaving a record of one of the most important <\/span><span style=\"color: #808080;\">most influential bands despite their short and distant existence.<\/span><\/p>\t\t\t\t\t\t\t\t<\/div>\n\t\t\t\t<\/div>\n\t\t\t\t\t<\/div>\n\t\t<\/div>\n\t\t\t\t\t<\/div>\n\t\t<\/section>\n\t\t\t\t<\/div>","protected":false},"excerpt":{"rendered":"<p>Ones de Crom #15 This Heat 18 d&#8217;abril de 2011Aquest reivindicat trio brit\u00e0nic existent entre 1976-1982 va portar a terme una m\u00fasica post-punk experimental amb elements d&#8217;improvisaci\u00f3, rock, m\u00fasica industrial, dub i manipulacions sonores.Des de la caixa \u00abOut Of Cold Storage\u00bb (2006) se&#8217;ns oferix el rep\u00e0s de tota la seva discografia comen\u00e7ant per l&#8217;originalitat dels [&hellip;]<\/p>\n","protected":false},"author":19,"featured_media":0,"parent":0,"menu_order":0,"comment_status":"closed","ping_status":"closed","template":"","meta":{"footnotes":""},"class_list":["post-61035","page","type-page","status-publish","hentry"],"yoast_head":"<!-- This site is optimized with the Yoast SEO plugin v27.2 - https:\/\/yoast.com\/product\/yoast-seo-wordpress\/ -->\n<title>Ones de Crom #15 -<\/title>\n<meta name=\"robots\" content=\"index, follow, max-snippet:-1, max-image-preview:large, max-video-preview:-1\" \/>\n<link rel=\"canonical\" href=\"https:\/\/teslafm.net\/en\/ones-de-crom-15\/\" \/>\n<meta property=\"og:locale\" content=\"en_US\" \/>\n<meta property=\"og:type\" content=\"article\" \/>\n<meta property=\"og:title\" content=\"Ones de Crom #15 -\" \/>\n<meta property=\"og:description\" content=\"Ones de Crom #15 This Heat 18 d&#8217;abril de 2011Aquest reivindicat trio brit\u00e0nic existent entre 1976-1982 va portar a terme una m\u00fasica post-punk experimental amb elements d&#8217;improvisaci\u00f3, rock, m\u00fasica industrial, dub i manipulacions sonores.Des de la caixa \u00abOut Of Cold Storage\u00bb (2006) se&#8217;ns oferix el rep\u00e0s de tota la seva discografia comen\u00e7ant per l&#8217;originalitat dels [&hellip;]\" \/>\n<meta property=\"og:url\" content=\"https:\/\/teslafm.net\/en\/ones-de-crom-15\/\" \/>\n<meta property=\"article:publisher\" content=\"https:\/\/www.facebook.com\/teslafm.net\" \/>\n<meta property=\"article:modified_time\" content=\"2023-02-22T22:37:28+00:00\" \/>\n<meta property=\"og:image\" content=\"http:\/\/teslafm.net\/wp-content\/uploads\/2023\/02\/ones-15.jpg\" \/>\n<meta name=\"twitter:card\" content=\"summary_large_image\" \/>\n<meta name=\"twitter:site\" content=\"@teslafm\" \/>\n<meta name=\"twitter:label1\" content=\"Est. reading time\" \/>\n\t<meta name=\"twitter:data1\" content=\"2 minutes\" \/>\n<script type=\"application\/ld+json\" class=\"yoast-schema-graph\">{\"@context\":\"https:\/\/schema.org\",\"@graph\":[{\"@type\":\"WebPage\",\"@id\":\"https:\/\/teslafm.net\/ones-de-crom-15\/\",\"url\":\"https:\/\/teslafm.net\/ones-de-crom-15\/\",\"name\":\"Ones de Crom #15 -\",\"isPartOf\":{\"@id\":\"https:\/\/teslafm.net\/#website\"},\"primaryImageOfPage\":{\"@id\":\"https:\/\/teslafm.net\/ones-de-crom-15\/#primaryimage\"},\"image\":{\"@id\":\"https:\/\/teslafm.net\/ones-de-crom-15\/#primaryimage\"},\"thumbnailUrl\":\"http:\/\/teslafm.net\/wp-content\/uploads\/2023\/02\/ones-15.jpg\",\"datePublished\":\"2022-12-13T17:08:21+00:00\",\"dateModified\":\"2023-02-22T22:37:28+00:00\",\"breadcrumb\":{\"@id\":\"https:\/\/teslafm.net\/ones-de-crom-15\/#breadcrumb\"},\"inLanguage\":\"en-US\",\"potentialAction\":[{\"@type\":\"ReadAction\",\"target\":[\"https:\/\/teslafm.net\/ones-de-crom-15\/\"]}]},{\"@type\":\"ImageObject\",\"inLanguage\":\"en-US\",\"@id\":\"https:\/\/teslafm.net\/ones-de-crom-15\/#primaryimage\",\"url\":\"http:\/\/teslafm.net\/wp-content\/uploads\/2023\/02\/ones-15.jpg\",\"contentUrl\":\"http:\/\/teslafm.net\/wp-content\/uploads\/2023\/02\/ones-15.jpg\"},{\"@type\":\"BreadcrumbList\",\"@id\":\"https:\/\/teslafm.net\/ones-de-crom-15\/#breadcrumb\",\"itemListElement\":[{\"@type\":\"ListItem\",\"position\":1,\"name\":\"Portada\",\"item\":\"https:\/\/teslafm.net\/\"},{\"@type\":\"ListItem\",\"position\":2,\"name\":\"Ones de Crom #15\"}]},{\"@type\":\"WebSite\",\"@id\":\"https:\/\/teslafm.net\/#website\",\"url\":\"https:\/\/teslafm.net\/\",\"name\":\"TeslaFM\",\"description\":\"An experimental and creative radio\",\"publisher\":{\"@id\":\"https:\/\/teslafm.net\/#organization\"},\"potentialAction\":[{\"@type\":\"SearchAction\",\"target\":{\"@type\":\"EntryPoint\",\"urlTemplate\":\"https:\/\/teslafm.net\/?s={search_term_string}\"},\"query-input\":{\"@type\":\"PropertyValueSpecification\",\"valueRequired\":true,\"valueName\":\"search_term_string\"}}],\"inLanguage\":\"en-US\"},{\"@type\":\"Organization\",\"@id\":\"https:\/\/teslafm.net\/#organization\",\"name\":\"TeslaFM\",\"url\":\"https:\/\/teslafm.net\/\",\"logo\":{\"@type\":\"ImageObject\",\"inLanguage\":\"en-US\",\"@id\":\"https:\/\/teslafm.net\/#\/schema\/logo\/image\/\",\"url\":\"https:\/\/teslafm.net\/wp-content\/uploads\/2020\/06\/logo-tesla.png\",\"contentUrl\":\"https:\/\/teslafm.net\/wp-content\/uploads\/2020\/06\/logo-tesla.png\",\"width\":512,\"height\":512,\"caption\":\"TeslaFM\"},\"image\":{\"@id\":\"https:\/\/teslafm.net\/#\/schema\/logo\/image\/\"},\"sameAs\":[\"https:\/\/www.facebook.com\/teslafm.net\",\"https:\/\/x.com\/teslafm\"]}]}<\/script>\n<!-- \/ Yoast SEO plugin. -->","yoast_head_json":{"title":"Ones de Crom #15 -","robots":{"index":"index","follow":"follow","max-snippet":"max-snippet:-1","max-image-preview":"max-image-preview:large","max-video-preview":"max-video-preview:-1"},"canonical":"https:\/\/teslafm.net\/en\/ones-de-crom-15\/","og_locale":"en_US","og_type":"article","og_title":"Ones de Crom #15 -","og_description":"Ones de Crom #15 This Heat 18 d&#8217;abril de 2011Aquest reivindicat trio brit\u00e0nic existent entre 1976-1982 va portar a terme una m\u00fasica post-punk experimental amb elements d&#8217;improvisaci\u00f3, rock, m\u00fasica industrial, dub i manipulacions sonores.Des de la caixa \u00abOut Of Cold Storage\u00bb (2006) se&#8217;ns oferix el rep\u00e0s de tota la seva discografia comen\u00e7ant per l&#8217;originalitat dels [&hellip;]","og_url":"https:\/\/teslafm.net\/en\/ones-de-crom-15\/","article_publisher":"https:\/\/www.facebook.com\/teslafm.net","article_modified_time":"2023-02-22T22:37:28+00:00","og_image":[{"url":"http:\/\/teslafm.net\/wp-content\/uploads\/2023\/02\/ones-15.jpg","type":"","width":"","height":""}],"twitter_card":"summary_large_image","twitter_site":"@teslafm","twitter_misc":{"Est. reading time":"2 minutes"},"schema":{"@context":"https:\/\/schema.org","@graph":[{"@type":"WebPage","@id":"https:\/\/teslafm.net\/ones-de-crom-15\/","url":"https:\/\/teslafm.net\/ones-de-crom-15\/","name":"Ones de Crom #15 -","isPartOf":{"@id":"https:\/\/teslafm.net\/#website"},"primaryImageOfPage":{"@id":"https:\/\/teslafm.net\/ones-de-crom-15\/#primaryimage"},"image":{"@id":"https:\/\/teslafm.net\/ones-de-crom-15\/#primaryimage"},"thumbnailUrl":"http:\/\/teslafm.net\/wp-content\/uploads\/2023\/02\/ones-15.jpg","datePublished":"2022-12-13T17:08:21+00:00","dateModified":"2023-02-22T22:37:28+00:00","breadcrumb":{"@id":"https:\/\/teslafm.net\/ones-de-crom-15\/#breadcrumb"},"inLanguage":"en-US","potentialAction":[{"@type":"ReadAction","target":["https:\/\/teslafm.net\/ones-de-crom-15\/"]}]},{"@type":"ImageObject","inLanguage":"en-US","@id":"https:\/\/teslafm.net\/ones-de-crom-15\/#primaryimage","url":"http:\/\/teslafm.net\/wp-content\/uploads\/2023\/02\/ones-15.jpg","contentUrl":"http:\/\/teslafm.net\/wp-content\/uploads\/2023\/02\/ones-15.jpg"},{"@type":"BreadcrumbList","@id":"https:\/\/teslafm.net\/ones-de-crom-15\/#breadcrumb","itemListElement":[{"@type":"ListItem","position":1,"name":"Portada","item":"https:\/\/teslafm.net\/"},{"@type":"ListItem","position":2,"name":"Ones de Crom #15"}]},{"@type":"WebSite","@id":"https:\/\/teslafm.net\/#website","url":"https:\/\/teslafm.net\/","name":"TeslaFM","description":"An experimental and creative radio","publisher":{"@id":"https:\/\/teslafm.net\/#organization"},"potentialAction":[{"@type":"SearchAction","target":{"@type":"EntryPoint","urlTemplate":"https:\/\/teslafm.net\/?s={search_term_string}"},"query-input":{"@type":"PropertyValueSpecification","valueRequired":true,"valueName":"search_term_string"}}],"inLanguage":"en-US"},{"@type":"Organization","@id":"https:\/\/teslafm.net\/#organization","name":"TeslaFM","url":"https:\/\/teslafm.net\/","logo":{"@type":"ImageObject","inLanguage":"en-US","@id":"https:\/\/teslafm.net\/#\/schema\/logo\/image\/","url":"https:\/\/teslafm.net\/wp-content\/uploads\/2020\/06\/logo-tesla.png","contentUrl":"https:\/\/teslafm.net\/wp-content\/uploads\/2020\/06\/logo-tesla.png","width":512,"height":512,"caption":"TeslaFM"},"image":{"@id":"https:\/\/teslafm.net\/#\/schema\/logo\/image\/"},"sameAs":["https:\/\/www.facebook.com\/teslafm.net","https:\/\/x.com\/teslafm"]}]}},"rttpg_featured_image_url":null,"rttpg_author":{"display_name":"Ishak","author_link":"https:\/\/teslafm.net\/en\/author\/cravan\/"},"rttpg_comment":0,"rttpg_category":null,"rttpg_excerpt":"Ones de Crom #15 This Heat 18 d&#8217;abril de 2011Aquest reivindicat trio brit\u00e0nic existent entre 1976-1982 va portar a terme una m\u00fasica post-punk experimental amb elements d&#8217;improvisaci\u00f3, rock, m\u00fasica industrial, dub i manipulacions sonores.Des de la caixa \u00abOut Of Cold Storage\u00bb (2006) se&#8217;ns oferix el rep\u00e0s de tota la seva discografia comen\u00e7ant per l&#8217;originalitat dels&hellip;","_links":{"self":[{"href":"https:\/\/teslafm.net\/en\/wp-json\/wp\/v2\/pages\/61035","targetHints":{"allow":["GET"]}}],"collection":[{"href":"https:\/\/teslafm.net\/en\/wp-json\/wp\/v2\/pages"}],"about":[{"href":"https:\/\/teslafm.net\/en\/wp-json\/wp\/v2\/types\/page"}],"author":[{"embeddable":true,"href":"https:\/\/teslafm.net\/en\/wp-json\/wp\/v2\/users\/19"}],"replies":[{"embeddable":true,"href":"https:\/\/teslafm.net\/en\/wp-json\/wp\/v2\/comments?post=61035"}],"version-history":[{"count":13,"href":"https:\/\/teslafm.net\/en\/wp-json\/wp\/v2\/pages\/61035\/revisions"}],"predecessor-version":[{"id":61725,"href":"https:\/\/teslafm.net\/en\/wp-json\/wp\/v2\/pages\/61035\/revisions\/61725"}],"wp:attachment":[{"href":"https:\/\/teslafm.net\/en\/wp-json\/wp\/v2\/media?parent=61035"}],"curies":[{"name":"wp","href":"https:\/\/api.w.org\/{rel}","templated":true}]}}