

{"id":61072,"date":"2022-12-17T17:48:20","date_gmt":"2022-12-17T16:48:20","guid":{"rendered":"https:\/\/teslafm.net\/?page_id=61072"},"modified":"2022-12-17T18:28:53","modified_gmt":"2022-12-17T17:28:53","slug":"modulisme-4","status":"publish","type":"page","link":"https:\/\/teslafm.net\/en\/modulisme-4\/","title":{"rendered":"Modulism #4"},"content":{"rendered":"<div data-elementor-type=\"wp-page\" data-elementor-id=\"61072\" class=\"elementor elementor-61072\">\n\t\t\t\t\t\t<section class=\"elementor-section elementor-top-section elementor-element elementor-element-2b63c269 elementor-section-boxed elementor-section-height-default elementor-section-height-default\" data-id=\"2b63c269\" data-element_type=\"section\" data-e-type=\"section\">\n\t\t\t\t\t\t<div class=\"elementor-container elementor-column-gap-default\">\n\t\t\t\t\t<div class=\"elementor-column elementor-col-100 elementor-top-column elementor-element elementor-element-783ff0a5\" data-id=\"783ff0a5\" data-element_type=\"column\" data-e-type=\"column\">\n\t\t\t<div class=\"elementor-widget-wrap elementor-element-populated\">\n\t\t\t\t\t\t<div class=\"elementor-element elementor-element-6fbbd72a elementor-widget elementor-widget-text-editor\" data-id=\"6fbbd72a\" data-element_type=\"widget\" data-e-type=\"widget\" data-widget_type=\"text-editor.default\">\n\t\t\t\t<div class=\"elementor-widget-container\">\n\t\t\t\t\t\t\t\t\t<h2><span style=\"color: #ffffff;\"><strong>Modulism #4<\/strong><\/span><\/h2><p><span style=\"color: #808080;\"><em>3 Year Itch Birthday Session volume 2<br \/><\/em><\/span><\/p><p><iframe src=\"https:\/\/www.mixcloud.com\/widget\/iframe\/?hide_cover=1&amp;feed=%2FTeslafm_net%2Fmodulisme-4-philippe-petit%2F\" width=\"100%\" height=\"120\" frameborder=\"0\"><\/iframe><\/p>\t\t\t\t\t\t\t\t<\/div>\n\t\t\t\t<\/div>\n\t\t\t\t\t<\/div>\n\t\t<\/div>\n\t\t\t\t\t<\/div>\n\t\t<\/section>\n\t\t\t\t<section class=\"elementor-section elementor-top-section elementor-element elementor-element-c6a5e9b elementor-section-boxed elementor-section-height-default elementor-section-height-default\" data-id=\"c6a5e9b\" data-element_type=\"section\" data-e-type=\"section\">\n\t\t\t\t\t\t<div class=\"elementor-container elementor-column-gap-default\">\n\t\t\t\t\t<div class=\"elementor-column elementor-col-100 elementor-top-column elementor-element elementor-element-f9f1c5b\" data-id=\"f9f1c5b\" data-element_type=\"column\" data-e-type=\"column\">\n\t\t\t<div class=\"elementor-widget-wrap elementor-element-populated\">\n\t\t\t\t\t\t<div class=\"elementor-element elementor-element-67c5441 elementor-widget elementor-widget-image\" data-id=\"67c5441\" data-element_type=\"widget\" data-e-type=\"widget\" data-widget_type=\"image.default\">\n\t\t\t\t<div class=\"elementor-widget-container\">\n\t\t\t\t\t\t\t\t\t\t\t\t\t\t\t<img fetchpriority=\"high\" decoding=\"async\" width=\"1000\" height=\"1000\" src=\"https:\/\/teslafm.net\/wp-content\/uploads\/2022\/12\/modulisme-4.png\" class=\"attachment-large size-large wp-image-61074\" alt=\"\" srcset=\"https:\/\/teslafm.net\/wp-content\/uploads\/2022\/12\/modulisme-4.png 1000w, https:\/\/teslafm.net\/wp-content\/uploads\/2022\/12\/modulisme-4-300x300.png 300w, https:\/\/teslafm.net\/wp-content\/uploads\/2022\/12\/modulisme-4-150x150.png 150w, https:\/\/teslafm.net\/wp-content\/uploads\/2022\/12\/modulisme-4-768x768.png 768w\" sizes=\"(max-width: 1000px) 100vw, 1000px\" \/>\t\t\t\t\t\t\t\t\t\t\t\t\t\t\t<\/div>\n\t\t\t\t<\/div>\n\t\t\t\t\t<\/div>\n\t\t<\/div>\n\t\t\t\t\t<\/div>\n\t\t<\/section>\n\t\t\t\t<section class=\"elementor-section elementor-top-section elementor-element elementor-element-31c2cd1 elementor-section-boxed elementor-section-height-default elementor-section-height-default\" data-id=\"31c2cd1\" data-element_type=\"section\" data-e-type=\"section\">\n\t\t\t\t\t\t<div class=\"elementor-container elementor-column-gap-default\">\n\t\t\t\t\t<div class=\"elementor-column elementor-col-50 elementor-top-column elementor-element elementor-element-b104522\" data-id=\"b104522\" data-element_type=\"column\" data-e-type=\"column\">\n\t\t\t<div class=\"elementor-widget-wrap elementor-element-populated\">\n\t\t\t\t\t\t<div class=\"elementor-element elementor-element-c4c4021 elementor-widget elementor-widget-text-editor\" data-id=\"c4c4021\" data-element_type=\"widget\" data-e-type=\"widget\" data-widget_type=\"text-editor.default\">\n\t\t\t\t<div class=\"elementor-widget-container\">\n\t\t\t\t\t\t\t\t\t<p><span style=\"color: #808080;\">Modulisme celebrates 3 years of existence by means of special compilations called <em>3 Year Itch Birthday Session<\/em>.<\/span><\/p><p><span style=\"color: #808080;\"><strong>Suzanne Ciani<\/strong> - Paris Awaits<\/span><br \/><span style=\"color: #808080;\">\"From time to time I experiment with expanding the vocabulary of my playing technique. This is a recording I made experimentally in my studio.\"<\/span><br \/><span style=\"color: #808080;\"><strong>Suzanne Ciani<\/strong> graduated from Wellesley College and holds a Master's degree in Music Composition from the University of California, Berkeley.<\/span><br \/><span style=\"color: #808080;\">A pioneer in the world of Buchla, she worked together with <strong>Don Buchla<\/strong> in the early days and, since then, his work has appeared in countless commercials, video games and feature films.<\/span><\/p><p><span style=\"color: #808080;\"><strong>Lau Nau<\/strong> - Decapoda<\/span><br \/><span style=\"color: #808080;\"><strong>Laura Naukkarinen<\/strong> is a Finnish composer and performer working with analog synthesizers, acoustic sounds, voice and field recordings.<\/span><br \/><span style=\"color: #808080;\">His compositions comprise a variety of solo albums, multi-channel sound installations and scores for film and performing arts.<\/span><br \/><span style=\"color: #808080;\">Decapoda was recorded in 2018 at <em>EMS<\/em> It is part of a larger collection of compositions that are inspired by the variation of plankton biomass in the Baltic Sea depending, for example, on incoming salt pulses from the North Sea, oxygen levels and water temperature. The rest of these recordings will be released on the next album of <strong>Lau Nau<\/strong> \"5 x 4\" in the first half of 2023.<\/span><\/p><p><span style=\"color: #808080;\"><strong>Sonny Downs Quartet<\/strong> - Dawn Breakfast<\/span><br \/><span style=\"color: #808080;\">The Sonny Downs Quartet writes microtonal music for the Buchla modular synthesizer. The quartet is guided by luminaries who have come before, like<strong> Raymond Scott<\/strong>, <strong>Jean-Jacques Perrey<\/strong> and <strong>Gershon Kingsley<\/strong>who showed us that electronic explorations can be imbued with a sense of wonder and humor.<\/span><\/p><p><span style=\"color: #808080;\"><strong>Rafael Timoner<\/strong> - Buch-La-La-Loop<\/span><br \/><span style=\"color: #808080;\">Since 1985 <strong>Rafael Timoner<\/strong> has been showing his works regularly in solo and group exhibitions in different cities, also participating in numerous International Art Fairs around the world. He has different sculptures in public spaces, and his artworks are shown in numerous public and private collections in Spain, Europe and USA. The concepts of \"space and time\" have been the main source of inspiration throughout his career, having dedicated years to study everything related to it. When it comes to painting or sculpture these concepts can only be represented visually, while with video (in movement) and sound, space and time acquire a more physical and real presence, becoming the center of the action.<\/span><\/p>\t\t\t\t\t\t\t\t<\/div>\n\t\t\t\t<\/div>\n\t\t\t\t\t<\/div>\n\t\t<\/div>\n\t\t\t\t<div class=\"elementor-column elementor-col-50 elementor-top-column elementor-element elementor-element-31da7ed\" data-id=\"31da7ed\" data-element_type=\"column\" data-e-type=\"column\">\n\t\t\t<div class=\"elementor-widget-wrap elementor-element-populated\">\n\t\t\t\t\t\t<div class=\"elementor-element elementor-element-732206a elementor-widget elementor-widget-text-editor\" data-id=\"732206a\" data-element_type=\"widget\" data-e-type=\"widget\" data-widget_type=\"text-editor.default\">\n\t\t\t\t<div class=\"elementor-widget-container\">\n\t\t\t\t\t\t\t\t\t<p><span style=\"color: #808080;\"><strong>Philippe Petit<\/strong> - Strange Tingling Sensations... Percepto ?<\/span><br \/><span style=\"color: #808080;\">A tribute to The Tingler by <strong>William Castle<\/strong>who in his time was the king of tricks, and the film is still best known for a trick called \"Percepto\". The trick was called \"Percepto\": a vibrating device, on some of the chairs in the theater, that activated the action on the screen.<\/span><br \/><span style=\"color: #808080;\">I hope to provoke strange tingling sensations in you.<\/span><\/p><p><span style=\"color: #808080;\"><strong>Cray<\/strong> - 4 Mari<\/span><br \/><span style=\"color: #808080;\">\"4Mari\" was recorded with various synthesizers.<\/span><br \/><span style=\"color: #808080;\"><strong>Ross Healy<\/strong> has been heavily involved with electronic music since the mid 90s. Releasing recordings for labels in Australia, Germany, France, UK, Ireland and the U.S. under many different names (<strong>This Digital Ocean<\/strong>,<strong> Amnesia<\/strong>,<strong> Siko Spunji<\/strong>, <strong>Roland Oberheim<\/strong>,<strong> Ryou Oonishi<\/strong>,<strong> 56k<\/strong>,<strong> Oskar T Oram <\/strong>and<strong> Cray<\/strong>) covering many styles of electronic music.<\/span><br \/><span style=\"color: #808080;\">Ross is also a founding member of <strong>VICMOD<\/strong>co-owner of <strong>VICMOD Records<\/strong> and member of <strong>VICMOD Ensemble<\/strong>.<\/span><\/p><p><span style=\"color: #808080;\"><strong>Kevin Rix<\/strong> - Color Out Of Space<\/span><br \/><span style=\"color: #808080;\"><strong>Kevin Rix<\/strong> studied orchestral composition and decided to move to Los Angeles to become a full-time composer of libray music.<\/span><br \/><span style=\"color: #808080;\">Over the summer he was obsessed with cosmic horror sci-fi films such as The Thing, Color Out of Space, Annihilation and Invasion of the Body Snatchers. He used them as inspiration to capture the complex emotions of what it would feel like to witness a more evolved alien species engulfing all life on earth.<\/span><\/p><p><span style=\"color: #808080;\"><strong>Palle Dahlstedt<\/strong> - Iron Gait<\/span><br \/><span style=\"color: #808080;\"><strong>Palle Dahlstedt<\/strong> is an artist, composer, improviser and researcher from Stockholm, who has studied piano, composition and electronic music, and holds a PhD in evolutionary computing for artistic creativity.<\/span><br \/><span style=\"color: #808080;\">\"This piece is part of a series of recordings made in my mountain cabin in Swedish Lapland (65\u00b0N) during the last days of autumn 2021. There, in my great-grandfather's fishing hut, without electricity or running water, I cook over an open fire and get water from a small stream. For my modular, here a three-frame Bugbrand system, I rely on a small solar cell and a car battery, and record on a portable 4-track recorder. During a hike with my son along the rapids of the wild river, in a place nowadays rarely visited by people, we found the remains of old log driving apparatus: decaying wood and rusted iron bolts and rebar that were used to hold the logs in the rapids. With these, I recorded a set of sounds. The samples drive the piece and the synthesis in a feedback system, where impulses within the sounds drive it forward.\"<\/span><\/p><p><span class=\"\"><span style=\"color: #808080;\">For more please visit<\/span> <a class=\"\" href=\"http:\/\/modulisme.info\/\" target=\"_blank\" rel=\"noopener\">modulisme.info<\/a><\/span><\/p>\t\t\t\t\t\t\t\t<\/div>\n\t\t\t\t<\/div>\n\t\t\t\t\t<\/div>\n\t\t<\/div>\n\t\t\t\t\t<\/div>\n\t\t<\/section>\n\t\t\t\t<\/div>","protected":false},"excerpt":{"rendered":"<p>Modulisme #4 3 Year Itch Birthday Session vol\u00famen 2 Modulisme celebra 3 a\u00f1os de existencia mediante unos recopilatorios especiales llamados 3 Year Itch Birthday Session. Suzanne Ciani &#8211; Par\u00eds Awaits\u00abDe vez en cuando experimento con la ampliaci\u00f3n del vocabulario de mi t\u00e9cnica de interpretaci\u00f3n. Esta es una grabaci\u00f3n que hice experimentalmente en mi estudio.\u00bbSuzanne Ciani [&hellip;]<\/p>\n","protected":false},"author":19,"featured_media":0,"parent":0,"menu_order":0,"comment_status":"closed","ping_status":"closed","template":"","meta":{"footnotes":""},"class_list":["post-61072","page","type-page","status-publish","hentry"],"yoast_head":"<!-- This site is optimized with the Yoast SEO plugin v27.4 - https:\/\/yoast.com\/product\/yoast-seo-wordpress\/ -->\n<title>Modulisme #4 -<\/title>\n<meta name=\"robots\" content=\"index, follow, max-snippet:-1, max-image-preview:large, max-video-preview:-1\" \/>\n<link rel=\"canonical\" href=\"https:\/\/teslafm.net\/en\/modulisme-4\/\" \/>\n<meta property=\"og:locale\" content=\"en_US\" \/>\n<meta property=\"og:type\" content=\"article\" \/>\n<meta property=\"og:title\" content=\"Modulisme #4 -\" \/>\n<meta property=\"og:description\" content=\"Modulisme #4 3 Year Itch Birthday Session vol\u00famen 2 Modulisme celebra 3 a\u00f1os de existencia mediante unos recopilatorios especiales llamados 3 Year Itch Birthday Session. Suzanne Ciani &#8211; Par\u00eds Awaits\u00abDe vez en cuando experimento con la ampliaci\u00f3n del vocabulario de mi t\u00e9cnica de interpretaci\u00f3n. Esta es una grabaci\u00f3n que hice experimentalmente en mi estudio.\u00bbSuzanne Ciani [&hellip;]\" \/>\n<meta property=\"og:url\" content=\"https:\/\/teslafm.net\/en\/modulisme-4\/\" \/>\n<meta property=\"article:publisher\" content=\"https:\/\/www.facebook.com\/teslafm.net\" \/>\n<meta property=\"article:modified_time\" content=\"2022-12-17T17:28:53+00:00\" \/>\n<meta property=\"og:image\" content=\"https:\/\/teslafm.net\/wp-content\/uploads\/2022\/12\/modulisme-4.png\" \/>\n<meta name=\"twitter:card\" content=\"summary_large_image\" \/>\n<meta name=\"twitter:site\" content=\"@teslafm\" \/>\n<meta name=\"twitter:label1\" content=\"Est. reading time\" \/>\n\t<meta name=\"twitter:data1\" content=\"5 minutes\" \/>\n<script type=\"application\/ld+json\" class=\"yoast-schema-graph\">{\"@context\":\"https:\\\/\\\/schema.org\",\"@graph\":[{\"@type\":\"WebPage\",\"@id\":\"https:\\\/\\\/teslafm.net\\\/modulisme-4\\\/\",\"url\":\"https:\\\/\\\/teslafm.net\\\/modulisme-4\\\/\",\"name\":\"Modulisme #4 -\",\"isPartOf\":{\"@id\":\"https:\\\/\\\/teslafm.net\\\/#website\"},\"primaryImageOfPage\":{\"@id\":\"https:\\\/\\\/teslafm.net\\\/modulisme-4\\\/#primaryimage\"},\"image\":{\"@id\":\"https:\\\/\\\/teslafm.net\\\/modulisme-4\\\/#primaryimage\"},\"thumbnailUrl\":\"https:\\\/\\\/teslafm.net\\\/wp-content\\\/uploads\\\/2022\\\/12\\\/modulisme-4.png\",\"datePublished\":\"2022-12-17T16:48:20+00:00\",\"dateModified\":\"2022-12-17T17:28:53+00:00\",\"breadcrumb\":{\"@id\":\"https:\\\/\\\/teslafm.net\\\/modulisme-4\\\/#breadcrumb\"},\"inLanguage\":\"en-US\",\"potentialAction\":[{\"@type\":\"ReadAction\",\"target\":[\"https:\\\/\\\/teslafm.net\\\/modulisme-4\\\/\"]}]},{\"@type\":\"ImageObject\",\"inLanguage\":\"en-US\",\"@id\":\"https:\\\/\\\/teslafm.net\\\/modulisme-4\\\/#primaryimage\",\"url\":\"https:\\\/\\\/teslafm.net\\\/wp-content\\\/uploads\\\/2022\\\/12\\\/modulisme-4.png\",\"contentUrl\":\"https:\\\/\\\/teslafm.net\\\/wp-content\\\/uploads\\\/2022\\\/12\\\/modulisme-4.png\"},{\"@type\":\"BreadcrumbList\",\"@id\":\"https:\\\/\\\/teslafm.net\\\/modulisme-4\\\/#breadcrumb\",\"itemListElement\":[{\"@type\":\"ListItem\",\"position\":1,\"name\":\"Portada\",\"item\":\"https:\\\/\\\/teslafm.net\\\/\"},{\"@type\":\"ListItem\",\"position\":2,\"name\":\"Modulisme #4\"}]},{\"@type\":\"WebSite\",\"@id\":\"https:\\\/\\\/teslafm.net\\\/#website\",\"url\":\"https:\\\/\\\/teslafm.net\\\/\",\"name\":\"TeslaFM\",\"description\":\"An experimental and creative radio\",\"publisher\":{\"@id\":\"https:\\\/\\\/teslafm.net\\\/#organization\"},\"potentialAction\":[{\"@type\":\"SearchAction\",\"target\":{\"@type\":\"EntryPoint\",\"urlTemplate\":\"https:\\\/\\\/teslafm.net\\\/?s={search_term_string}\"},\"query-input\":{\"@type\":\"PropertyValueSpecification\",\"valueRequired\":true,\"valueName\":\"search_term_string\"}}],\"inLanguage\":\"en-US\"},{\"@type\":\"Organization\",\"@id\":\"https:\\\/\\\/teslafm.net\\\/#organization\",\"name\":\"TeslaFM\",\"url\":\"https:\\\/\\\/teslafm.net\\\/\",\"logo\":{\"@type\":\"ImageObject\",\"inLanguage\":\"en-US\",\"@id\":\"https:\\\/\\\/teslafm.net\\\/#\\\/schema\\\/logo\\\/image\\\/\",\"url\":\"https:\\\/\\\/teslafm.net\\\/wp-content\\\/uploads\\\/2020\\\/06\\\/logo-tesla.png\",\"contentUrl\":\"https:\\\/\\\/teslafm.net\\\/wp-content\\\/uploads\\\/2020\\\/06\\\/logo-tesla.png\",\"width\":512,\"height\":512,\"caption\":\"TeslaFM\"},\"image\":{\"@id\":\"https:\\\/\\\/teslafm.net\\\/#\\\/schema\\\/logo\\\/image\\\/\"},\"sameAs\":[\"https:\\\/\\\/www.facebook.com\\\/teslafm.net\",\"https:\\\/\\\/x.com\\\/teslafm\"]}]}<\/script>\n<!-- \/ Yoast SEO plugin. -->","yoast_head_json":{"title":"Modulisme #4 -","robots":{"index":"index","follow":"follow","max-snippet":"max-snippet:-1","max-image-preview":"max-image-preview:large","max-video-preview":"max-video-preview:-1"},"canonical":"https:\/\/teslafm.net\/en\/modulisme-4\/","og_locale":"en_US","og_type":"article","og_title":"Modulisme #4 -","og_description":"Modulisme #4 3 Year Itch Birthday Session vol\u00famen 2 Modulisme celebra 3 a\u00f1os de existencia mediante unos recopilatorios especiales llamados 3 Year Itch Birthday Session. Suzanne Ciani &#8211; Par\u00eds Awaits\u00abDe vez en cuando experimento con la ampliaci\u00f3n del vocabulario de mi t\u00e9cnica de interpretaci\u00f3n. Esta es una grabaci\u00f3n que hice experimentalmente en mi estudio.\u00bbSuzanne Ciani [&hellip;]","og_url":"https:\/\/teslafm.net\/en\/modulisme-4\/","article_publisher":"https:\/\/www.facebook.com\/teslafm.net","article_modified_time":"2022-12-17T17:28:53+00:00","og_image":[{"url":"https:\/\/teslafm.net\/wp-content\/uploads\/2022\/12\/modulisme-4.png","type":"","width":"","height":""}],"twitter_card":"summary_large_image","twitter_site":"@teslafm","twitter_misc":{"Est. reading time":"5 minutes"},"schema":{"@context":"https:\/\/schema.org","@graph":[{"@type":"WebPage","@id":"https:\/\/teslafm.net\/modulisme-4\/","url":"https:\/\/teslafm.net\/modulisme-4\/","name":"Modulisme #4 -","isPartOf":{"@id":"https:\/\/teslafm.net\/#website"},"primaryImageOfPage":{"@id":"https:\/\/teslafm.net\/modulisme-4\/#primaryimage"},"image":{"@id":"https:\/\/teslafm.net\/modulisme-4\/#primaryimage"},"thumbnailUrl":"https:\/\/teslafm.net\/wp-content\/uploads\/2022\/12\/modulisme-4.png","datePublished":"2022-12-17T16:48:20+00:00","dateModified":"2022-12-17T17:28:53+00:00","breadcrumb":{"@id":"https:\/\/teslafm.net\/modulisme-4\/#breadcrumb"},"inLanguage":"en-US","potentialAction":[{"@type":"ReadAction","target":["https:\/\/teslafm.net\/modulisme-4\/"]}]},{"@type":"ImageObject","inLanguage":"en-US","@id":"https:\/\/teslafm.net\/modulisme-4\/#primaryimage","url":"https:\/\/teslafm.net\/wp-content\/uploads\/2022\/12\/modulisme-4.png","contentUrl":"https:\/\/teslafm.net\/wp-content\/uploads\/2022\/12\/modulisme-4.png"},{"@type":"BreadcrumbList","@id":"https:\/\/teslafm.net\/modulisme-4\/#breadcrumb","itemListElement":[{"@type":"ListItem","position":1,"name":"Portada","item":"https:\/\/teslafm.net\/"},{"@type":"ListItem","position":2,"name":"Modulisme #4"}]},{"@type":"WebSite","@id":"https:\/\/teslafm.net\/#website","url":"https:\/\/teslafm.net\/","name":"TeslaFM","description":"An experimental and creative radio","publisher":{"@id":"https:\/\/teslafm.net\/#organization"},"potentialAction":[{"@type":"SearchAction","target":{"@type":"EntryPoint","urlTemplate":"https:\/\/teslafm.net\/?s={search_term_string}"},"query-input":{"@type":"PropertyValueSpecification","valueRequired":true,"valueName":"search_term_string"}}],"inLanguage":"en-US"},{"@type":"Organization","@id":"https:\/\/teslafm.net\/#organization","name":"TeslaFM","url":"https:\/\/teslafm.net\/","logo":{"@type":"ImageObject","inLanguage":"en-US","@id":"https:\/\/teslafm.net\/#\/schema\/logo\/image\/","url":"https:\/\/teslafm.net\/wp-content\/uploads\/2020\/06\/logo-tesla.png","contentUrl":"https:\/\/teslafm.net\/wp-content\/uploads\/2020\/06\/logo-tesla.png","width":512,"height":512,"caption":"TeslaFM"},"image":{"@id":"https:\/\/teslafm.net\/#\/schema\/logo\/image\/"},"sameAs":["https:\/\/www.facebook.com\/teslafm.net","https:\/\/x.com\/teslafm"]}]}},"rttpg_featured_image_url":null,"rttpg_author":{"display_name":"Ishak","author_link":"https:\/\/teslafm.net\/en\/author\/cravan\/"},"rttpg_comment":0,"rttpg_category":null,"rttpg_excerpt":"Modulisme #4 3 Year Itch Birthday Session vol\u00famen 2 Modulisme celebra 3 a\u00f1os de existencia mediante unos recopilatorios especiales llamados 3 Year Itch Birthday Session. Suzanne Ciani &#8211; Par\u00eds Awaits\u00abDe vez en cuando experimento con la ampliaci\u00f3n del vocabulario de mi t\u00e9cnica de interpretaci\u00f3n. Esta es una grabaci\u00f3n que hice experimentalmente en mi estudio.\u00bbSuzanne Ciani&hellip;","_links":{"self":[{"href":"https:\/\/teslafm.net\/en\/wp-json\/wp\/v2\/pages\/61072","targetHints":{"allow":["GET"]}}],"collection":[{"href":"https:\/\/teslafm.net\/en\/wp-json\/wp\/v2\/pages"}],"about":[{"href":"https:\/\/teslafm.net\/en\/wp-json\/wp\/v2\/types\/page"}],"author":[{"embeddable":true,"href":"https:\/\/teslafm.net\/en\/wp-json\/wp\/v2\/users\/19"}],"replies":[{"embeddable":true,"href":"https:\/\/teslafm.net\/en\/wp-json\/wp\/v2\/comments?post=61072"}],"version-history":[{"count":23,"href":"https:\/\/teslafm.net\/en\/wp-json\/wp\/v2\/pages\/61072\/revisions"}],"predecessor-version":[{"id":61100,"href":"https:\/\/teslafm.net\/en\/wp-json\/wp\/v2\/pages\/61072\/revisions\/61100"}],"wp:attachment":[{"href":"https:\/\/teslafm.net\/en\/wp-json\/wp\/v2\/media?parent=61072"}],"curies":[{"name":"wp","href":"https:\/\/api.w.org\/{rel}","templated":true}]}}