

{"id":61101,"date":"2022-12-20T15:27:41","date_gmt":"2022-12-20T14:27:41","guid":{"rendered":"https:\/\/teslafm.net\/?page_id=61101"},"modified":"2022-12-20T15:42:48","modified_gmt":"2022-12-20T14:42:48","slug":"space-oddity-recollection-39","status":"publish","type":"page","link":"https:\/\/teslafm.net\/en\/space-oddity-recollection-39\/","title":{"rendered":"Space Oddity Recollection #39"},"content":{"rendered":"<div data-elementor-type=\"wp-page\" data-elementor-id=\"61101\" class=\"elementor elementor-61101\">\n\t\t\t\t\t\t<section class=\"elementor-section elementor-top-section elementor-element elementor-element-380e1814 elementor-section-boxed elementor-section-height-default elementor-section-height-default\" data-id=\"380e1814\" data-element_type=\"section\" data-e-type=\"section\">\n\t\t\t\t\t\t<div class=\"elementor-container elementor-column-gap-default\">\n\t\t\t\t\t<div class=\"elementor-column elementor-col-100 elementor-top-column elementor-element elementor-element-396ffe27\" data-id=\"396ffe27\" data-element_type=\"column\" data-e-type=\"column\">\n\t\t\t<div class=\"elementor-widget-wrap elementor-element-populated\">\n\t\t\t\t\t\t<div class=\"elementor-element elementor-element-3aba5c95 elementor-widget elementor-widget-text-editor\" data-id=\"3aba5c95\" data-element_type=\"widget\" data-e-type=\"widget\" data-widget_type=\"text-editor.default\">\n\t\t\t\t<div class=\"elementor-widget-container\">\n\t\t\t\t\t\t\t\t\t<h2><span style=\"color: #ffffff;\"><strong>Space Oddity Recollection #39<\/strong><\/span><\/h2><p><span style=\"color: #808080;\"><em>December 2022<\/em><\/span><\/p><p><iframe src=\"https:\/\/www.mixcloud.com\/widget\/iframe\/?hide_cover=1&amp;feed=%2FTeslafm_net%2Fspace-oddity-recollection-39-monika-pich%2F\" width=\"100%\" height=\"120\" frameborder=\"0\"><\/iframe><\/p>\t\t\t\t\t\t\t\t<\/div>\n\t\t\t\t<\/div>\n\t\t\t\t\t<\/div>\n\t\t<\/div>\n\t\t\t\t\t<\/div>\n\t\t<\/section>\n\t\t\t\t<section class=\"elementor-section elementor-top-section elementor-element elementor-element-d3583f8 elementor-section-boxed elementor-section-height-default elementor-section-height-default\" data-id=\"d3583f8\" data-element_type=\"section\" data-e-type=\"section\">\n\t\t\t\t\t\t<div class=\"elementor-container elementor-column-gap-default\">\n\t\t\t\t\t<div class=\"elementor-column elementor-col-50 elementor-top-column elementor-element elementor-element-b7cbece\" data-id=\"b7cbece\" data-element_type=\"column\" data-e-type=\"column\">\n\t\t\t<div class=\"elementor-widget-wrap elementor-element-populated\">\n\t\t\t\t\t\t<div class=\"elementor-element elementor-element-6cf4452 elementor-widget elementor-widget-image\" data-id=\"6cf4452\" data-element_type=\"widget\" data-e-type=\"widget\" data-widget_type=\"image.default\">\n\t\t\t\t<div class=\"elementor-widget-container\">\n\t\t\t\t\t\t\t\t\t\t\t\t\t\t\t<img fetchpriority=\"high\" decoding=\"async\" width=\"472\" height=\"472\" src=\"https:\/\/teslafm.net\/wp-content\/uploads\/2022\/12\/Ch_eehGidi.jpg\" class=\"attachment-large size-large wp-image-61103\" alt=\"\" srcset=\"https:\/\/teslafm.net\/wp-content\/uploads\/2022\/12\/Ch_eehGidi.jpg 472w, https:\/\/teslafm.net\/wp-content\/uploads\/2022\/12\/Ch_eehGidi-300x300.jpg 300w, https:\/\/teslafm.net\/wp-content\/uploads\/2022\/12\/Ch_eehGidi-150x150.jpg 150w\" sizes=\"(max-width: 472px) 100vw, 472px\" \/>\t\t\t\t\t\t\t\t\t\t\t\t\t\t\t<\/div>\n\t\t\t\t<\/div>\n\t\t\t\t\t<\/div>\n\t\t<\/div>\n\t\t\t\t<div class=\"elementor-column elementor-col-50 elementor-top-column elementor-element elementor-element-6493554\" data-id=\"6493554\" data-element_type=\"column\" data-e-type=\"column\">\n\t\t\t<div class=\"elementor-widget-wrap elementor-element-populated\">\n\t\t\t\t\t\t<div class=\"elementor-element elementor-element-cc2e5c0 elementor-widget elementor-widget-text-editor\" data-id=\"cc2e5c0\" data-element_type=\"widget\" data-e-type=\"widget\" data-widget_type=\"text-editor.default\">\n\t\t\t\t<div class=\"elementor-widget-container\">\n\t\t\t\t\t\t\t\t\t<p><span style=\"color: #808080;\"><em>Ch'eehGidi<\/em><\/span><\/p><p><span style=\"color: #808080;\">A mix of electric sound experiments from <strong>Darek Garczyk<\/strong>a Polish musician and poet who hides under the pseudonym of <strong>Ch'eehGidi<\/strong>. The featured material is an improvised sound session entitled 'R the first year', which was recorded on September 22, 2022, using a delay effect and an electric guitar tuned to 432 Hz, which is the most natural frequency, often called cosmic. It results in emotional and ambient spaces that evoke calm and meditative moods. Undoubtedly, a very important role in this project was played by <strong>Darek Franek<\/strong>a poet, musician, and music curator, who sparked the creation of this album and inspired <strong>Darek Garczyk<\/strong> to perform. The complete audio material with a duration of 75 minutes can be found on the website:<\/span><\/p><p lang=\"pl-PL\"><span style=\"color: #0000ff;\"><u><a href=\"https:\/\/cheehgidi.bandcamp.com\/\" target=\"_blank\" rel=\"noopener\"><span style=\"color: #3366ff;\"><span style=\"font-size: small;\"><i>https:\/\/cheehgidi.bandcamp.com\/<\/i><\/span><\/span><\/a><\/u><\/span><span style=\"color: #3366ff;\"><span style=\"font-size: small;\"><i>\u00a0<\/i><\/span><\/span><\/p><p lang=\"pl-PL\"><span style=\"color: #0000ff;\"><u><a href=\"https:\/\/m.facebook.com\/people\/Cheeh-Gidi\/100079147867211\/\" target=\"_blank\" rel=\"noopener\"><span style=\"color: #3366ff;\"><span style=\"font-size: small;\"><i>https:\/\/m.facebook.com\/people\/Cheeh-Gidi\/100079147867211\/<\/i><\/span><\/span><\/a><\/u><\/span><\/p><p lang=\"pl-PL\"><span style=\"color: #808080;\">Enjoy the mixtrack, December 2022', produced by <strong>monikapich<\/strong><\/span><br \/><br \/><\/p>\t\t\t\t\t\t\t\t<\/div>\n\t\t\t\t<\/div>\n\t\t\t\t\t<\/div>\n\t\t<\/div>\n\t\t\t\t\t<\/div>\n\t\t<\/section>\n\t\t\t\t<\/div>","protected":false},"excerpt":{"rendered":"<p>Space Oddity Recollection #39 Diciembre 2022 Ch&#8217;eehGidi Una mezcla de experimentos de sonido el\u00e9ctrico de Darek Garczyk, un m\u00fasico y poeta polaco que se esconde bajo el seud\u00f3nimo de Ch&#8217;eehGidi. El material presentado es una sesi\u00f3n de sonido improvisada titulada &#8216;R el primer a\u00f1o&#8217;, que fue grabada el 22 de septiembre de 2022, utilizando un [&hellip;]<\/p>\n","protected":false},"author":19,"featured_media":0,"parent":0,"menu_order":0,"comment_status":"closed","ping_status":"closed","template":"","meta":{"footnotes":""},"class_list":["post-61101","page","type-page","status-publish","hentry"],"yoast_head":"<!-- This site is optimized with the Yoast SEO plugin v27.4 - https:\/\/yoast.com\/product\/yoast-seo-wordpress\/ -->\n<title>Space Oddity Recollection #39 -<\/title>\n<meta name=\"robots\" content=\"index, follow, max-snippet:-1, max-image-preview:large, max-video-preview:-1\" \/>\n<link rel=\"canonical\" href=\"https:\/\/teslafm.net\/en\/space-oddity-recollection-39\/\" \/>\n<meta property=\"og:locale\" content=\"en_US\" \/>\n<meta property=\"og:type\" content=\"article\" \/>\n<meta property=\"og:title\" content=\"Space Oddity Recollection #39 -\" \/>\n<meta property=\"og:description\" content=\"Space Oddity Recollection #39 Diciembre 2022 Ch&#8217;eehGidi Una mezcla de experimentos de sonido el\u00e9ctrico de Darek Garczyk, un m\u00fasico y poeta polaco que se esconde bajo el seud\u00f3nimo de Ch&#8217;eehGidi. El material presentado es una sesi\u00f3n de sonido improvisada titulada &#8216;R el primer a\u00f1o&#8217;, que fue grabada el 22 de septiembre de 2022, utilizando un [&hellip;]\" \/>\n<meta property=\"og:url\" content=\"https:\/\/teslafm.net\/en\/space-oddity-recollection-39\/\" \/>\n<meta property=\"article:publisher\" content=\"https:\/\/www.facebook.com\/teslafm.net\" \/>\n<meta property=\"article:modified_time\" content=\"2022-12-20T14:42:48+00:00\" \/>\n<meta property=\"og:image\" content=\"https:\/\/teslafm.net\/wp-content\/uploads\/2022\/12\/Ch_eehGidi.jpg\" \/>\n<meta name=\"twitter:card\" content=\"summary_large_image\" \/>\n<meta name=\"twitter:site\" content=\"@teslafm\" \/>\n<meta name=\"twitter:label1\" content=\"Est. reading time\" \/>\n\t<meta name=\"twitter:data1\" content=\"1 minute\" \/>\n<script type=\"application\/ld+json\" class=\"yoast-schema-graph\">{\"@context\":\"https:\\\/\\\/schema.org\",\"@graph\":[{\"@type\":\"WebPage\",\"@id\":\"https:\\\/\\\/teslafm.net\\\/space-oddity-recollection-39\\\/\",\"url\":\"https:\\\/\\\/teslafm.net\\\/space-oddity-recollection-39\\\/\",\"name\":\"Space Oddity Recollection #39 -\",\"isPartOf\":{\"@id\":\"https:\\\/\\\/teslafm.net\\\/#website\"},\"primaryImageOfPage\":{\"@id\":\"https:\\\/\\\/teslafm.net\\\/space-oddity-recollection-39\\\/#primaryimage\"},\"image\":{\"@id\":\"https:\\\/\\\/teslafm.net\\\/space-oddity-recollection-39\\\/#primaryimage\"},\"thumbnailUrl\":\"https:\\\/\\\/teslafm.net\\\/wp-content\\\/uploads\\\/2022\\\/12\\\/Ch_eehGidi.jpg\",\"datePublished\":\"2022-12-20T14:27:41+00:00\",\"dateModified\":\"2022-12-20T14:42:48+00:00\",\"breadcrumb\":{\"@id\":\"https:\\\/\\\/teslafm.net\\\/space-oddity-recollection-39\\\/#breadcrumb\"},\"inLanguage\":\"en-US\",\"potentialAction\":[{\"@type\":\"ReadAction\",\"target\":[\"https:\\\/\\\/teslafm.net\\\/space-oddity-recollection-39\\\/\"]}]},{\"@type\":\"ImageObject\",\"inLanguage\":\"en-US\",\"@id\":\"https:\\\/\\\/teslafm.net\\\/space-oddity-recollection-39\\\/#primaryimage\",\"url\":\"https:\\\/\\\/teslafm.net\\\/wp-content\\\/uploads\\\/2022\\\/12\\\/Ch_eehGidi.jpg\",\"contentUrl\":\"https:\\\/\\\/teslafm.net\\\/wp-content\\\/uploads\\\/2022\\\/12\\\/Ch_eehGidi.jpg\"},{\"@type\":\"BreadcrumbList\",\"@id\":\"https:\\\/\\\/teslafm.net\\\/space-oddity-recollection-39\\\/#breadcrumb\",\"itemListElement\":[{\"@type\":\"ListItem\",\"position\":1,\"name\":\"Portada\",\"item\":\"https:\\\/\\\/teslafm.net\\\/\"},{\"@type\":\"ListItem\",\"position\":2,\"name\":\"Space Oddity Recollection #39\"}]},{\"@type\":\"WebSite\",\"@id\":\"https:\\\/\\\/teslafm.net\\\/#website\",\"url\":\"https:\\\/\\\/teslafm.net\\\/\",\"name\":\"TeslaFM\",\"description\":\"An experimental and creative radio\",\"publisher\":{\"@id\":\"https:\\\/\\\/teslafm.net\\\/#organization\"},\"potentialAction\":[{\"@type\":\"SearchAction\",\"target\":{\"@type\":\"EntryPoint\",\"urlTemplate\":\"https:\\\/\\\/teslafm.net\\\/?s={search_term_string}\"},\"query-input\":{\"@type\":\"PropertyValueSpecification\",\"valueRequired\":true,\"valueName\":\"search_term_string\"}}],\"inLanguage\":\"en-US\"},{\"@type\":\"Organization\",\"@id\":\"https:\\\/\\\/teslafm.net\\\/#organization\",\"name\":\"TeslaFM\",\"url\":\"https:\\\/\\\/teslafm.net\\\/\",\"logo\":{\"@type\":\"ImageObject\",\"inLanguage\":\"en-US\",\"@id\":\"https:\\\/\\\/teslafm.net\\\/#\\\/schema\\\/logo\\\/image\\\/\",\"url\":\"https:\\\/\\\/teslafm.net\\\/wp-content\\\/uploads\\\/2020\\\/06\\\/logo-tesla.png\",\"contentUrl\":\"https:\\\/\\\/teslafm.net\\\/wp-content\\\/uploads\\\/2020\\\/06\\\/logo-tesla.png\",\"width\":512,\"height\":512,\"caption\":\"TeslaFM\"},\"image\":{\"@id\":\"https:\\\/\\\/teslafm.net\\\/#\\\/schema\\\/logo\\\/image\\\/\"},\"sameAs\":[\"https:\\\/\\\/www.facebook.com\\\/teslafm.net\",\"https:\\\/\\\/x.com\\\/teslafm\"]}]}<\/script>\n<!-- \/ Yoast SEO plugin. -->","yoast_head_json":{"title":"Space Oddity Recollection #39 -","robots":{"index":"index","follow":"follow","max-snippet":"max-snippet:-1","max-image-preview":"max-image-preview:large","max-video-preview":"max-video-preview:-1"},"canonical":"https:\/\/teslafm.net\/en\/space-oddity-recollection-39\/","og_locale":"en_US","og_type":"article","og_title":"Space Oddity Recollection #39 -","og_description":"Space Oddity Recollection #39 Diciembre 2022 Ch&#8217;eehGidi Una mezcla de experimentos de sonido el\u00e9ctrico de Darek Garczyk, un m\u00fasico y poeta polaco que se esconde bajo el seud\u00f3nimo de Ch&#8217;eehGidi. El material presentado es una sesi\u00f3n de sonido improvisada titulada &#8216;R el primer a\u00f1o&#8217;, que fue grabada el 22 de septiembre de 2022, utilizando un [&hellip;]","og_url":"https:\/\/teslafm.net\/en\/space-oddity-recollection-39\/","article_publisher":"https:\/\/www.facebook.com\/teslafm.net","article_modified_time":"2022-12-20T14:42:48+00:00","og_image":[{"url":"https:\/\/teslafm.net\/wp-content\/uploads\/2022\/12\/Ch_eehGidi.jpg","type":"","width":"","height":""}],"twitter_card":"summary_large_image","twitter_site":"@teslafm","twitter_misc":{"Est. reading time":"1 minute"},"schema":{"@context":"https:\/\/schema.org","@graph":[{"@type":"WebPage","@id":"https:\/\/teslafm.net\/space-oddity-recollection-39\/","url":"https:\/\/teslafm.net\/space-oddity-recollection-39\/","name":"Space Oddity Recollection #39 -","isPartOf":{"@id":"https:\/\/teslafm.net\/#website"},"primaryImageOfPage":{"@id":"https:\/\/teslafm.net\/space-oddity-recollection-39\/#primaryimage"},"image":{"@id":"https:\/\/teslafm.net\/space-oddity-recollection-39\/#primaryimage"},"thumbnailUrl":"https:\/\/teslafm.net\/wp-content\/uploads\/2022\/12\/Ch_eehGidi.jpg","datePublished":"2022-12-20T14:27:41+00:00","dateModified":"2022-12-20T14:42:48+00:00","breadcrumb":{"@id":"https:\/\/teslafm.net\/space-oddity-recollection-39\/#breadcrumb"},"inLanguage":"en-US","potentialAction":[{"@type":"ReadAction","target":["https:\/\/teslafm.net\/space-oddity-recollection-39\/"]}]},{"@type":"ImageObject","inLanguage":"en-US","@id":"https:\/\/teslafm.net\/space-oddity-recollection-39\/#primaryimage","url":"https:\/\/teslafm.net\/wp-content\/uploads\/2022\/12\/Ch_eehGidi.jpg","contentUrl":"https:\/\/teslafm.net\/wp-content\/uploads\/2022\/12\/Ch_eehGidi.jpg"},{"@type":"BreadcrumbList","@id":"https:\/\/teslafm.net\/space-oddity-recollection-39\/#breadcrumb","itemListElement":[{"@type":"ListItem","position":1,"name":"Portada","item":"https:\/\/teslafm.net\/"},{"@type":"ListItem","position":2,"name":"Space Oddity Recollection #39"}]},{"@type":"WebSite","@id":"https:\/\/teslafm.net\/#website","url":"https:\/\/teslafm.net\/","name":"TeslaFM","description":"An experimental and creative radio","publisher":{"@id":"https:\/\/teslafm.net\/#organization"},"potentialAction":[{"@type":"SearchAction","target":{"@type":"EntryPoint","urlTemplate":"https:\/\/teslafm.net\/?s={search_term_string}"},"query-input":{"@type":"PropertyValueSpecification","valueRequired":true,"valueName":"search_term_string"}}],"inLanguage":"en-US"},{"@type":"Organization","@id":"https:\/\/teslafm.net\/#organization","name":"TeslaFM","url":"https:\/\/teslafm.net\/","logo":{"@type":"ImageObject","inLanguage":"en-US","@id":"https:\/\/teslafm.net\/#\/schema\/logo\/image\/","url":"https:\/\/teslafm.net\/wp-content\/uploads\/2020\/06\/logo-tesla.png","contentUrl":"https:\/\/teslafm.net\/wp-content\/uploads\/2020\/06\/logo-tesla.png","width":512,"height":512,"caption":"TeslaFM"},"image":{"@id":"https:\/\/teslafm.net\/#\/schema\/logo\/image\/"},"sameAs":["https:\/\/www.facebook.com\/teslafm.net","https:\/\/x.com\/teslafm"]}]}},"rttpg_featured_image_url":null,"rttpg_author":{"display_name":"Ishak","author_link":"https:\/\/teslafm.net\/en\/author\/cravan\/"},"rttpg_comment":0,"rttpg_category":null,"rttpg_excerpt":"Space Oddity Recollection #39 Diciembre 2022 Ch&#8217;eehGidi Una mezcla de experimentos de sonido el\u00e9ctrico de Darek Garczyk, un m\u00fasico y poeta polaco que se esconde bajo el seud\u00f3nimo de Ch&#8217;eehGidi. El material presentado es una sesi\u00f3n de sonido improvisada titulada &#8216;R el primer a\u00f1o&#8217;, que fue grabada el 22 de septiembre de 2022, utilizando un&hellip;","_links":{"self":[{"href":"https:\/\/teslafm.net\/en\/wp-json\/wp\/v2\/pages\/61101","targetHints":{"allow":["GET"]}}],"collection":[{"href":"https:\/\/teslafm.net\/en\/wp-json\/wp\/v2\/pages"}],"about":[{"href":"https:\/\/teslafm.net\/en\/wp-json\/wp\/v2\/types\/page"}],"author":[{"embeddable":true,"href":"https:\/\/teslafm.net\/en\/wp-json\/wp\/v2\/users\/19"}],"replies":[{"embeddable":true,"href":"https:\/\/teslafm.net\/en\/wp-json\/wp\/v2\/comments?post=61101"}],"version-history":[{"count":10,"href":"https:\/\/teslafm.net\/en\/wp-json\/wp\/v2\/pages\/61101\/revisions"}],"predecessor-version":[{"id":61115,"href":"https:\/\/teslafm.net\/en\/wp-json\/wp\/v2\/pages\/61101\/revisions\/61115"}],"wp:attachment":[{"href":"https:\/\/teslafm.net\/en\/wp-json\/wp\/v2\/media?parent=61101"}],"curies":[{"name":"wp","href":"https:\/\/api.w.org\/{rel}","templated":true}]}}