

{"id":61153,"date":"2023-01-10T17:23:39","date_gmt":"2023-01-10T16:23:39","guid":{"rendered":"https:\/\/teslafm.net\/?page_id=61153"},"modified":"2023-01-10T17:26:25","modified_gmt":"2023-01-10T16:26:25","slug":"okno-okno-okno-47","status":"publish","type":"page","link":"https:\/\/teslafm.net\/en\/okno-okno-okno-47\/","title":{"rendered":"Okno Okno Okno Okno #47"},"content":{"rendered":"<h2><span style=\"color: #ffffff;\"><strong>Okno Okno Okno Okno #47<\/strong><\/span><\/h2>\n<p><span style=\"color: #808080;\"><em>January 2023<\/em><\/span><\/p>\n<p><iframe src=\"https:\/\/www.mixcloud.com\/widget\/iframe\/?hide_cover=1&amp;feed=%2FTeslafm_net%2Fokno-okno-okno-47%2F\" width=\"100%\" height=\"120\" frameborder=\"0\"><\/iframe><\/p>\n<p><span style=\"color: #808080;\">In this episode we will listen to resonances and echoes of radio in Spain. From the sentimental consulting room of <strong>Elena Francis<\/strong>through the <em>Arus Con Leche<\/em>We will also listen to the testimony of the testimony of the We will also hear the testimony of <strong>Marcelo Usabiaga<\/strong> as a collaborator of\u00a0<span class=\"\">the Pyrenees.<\/span><\/span><\/p>","protected":false},"excerpt":{"rendered":"<p>Okno Okno Okno Okno #47 January 2023 In this episode we will listen to resonances and echoes of radio in Spain. From the sentimental consulting room of Elena Francis, through Arus Con Leche, to mythical tunings of regional channels. We will also listen to the testimony of Marcelo Usabiaga as a collaborator of Pirenaica.<\/p>","protected":false},"author":19,"featured_media":0,"parent":0,"menu_order":0,"comment_status":"closed","ping_status":"closed","template":"","meta":{"footnotes":""},"class_list":["post-61153","page","type-page","status-publish","hentry"],"yoast_head":"<!-- This site is optimized with the Yoast SEO plugin v27.2 - https:\/\/yoast.com\/product\/yoast-seo-wordpress\/ -->\n<title>Okno Okno Okno #47 -<\/title>\n<meta name=\"robots\" content=\"index, follow, max-snippet:-1, max-image-preview:large, max-video-preview:-1\" \/>\n<link rel=\"canonical\" href=\"https:\/\/teslafm.net\/en\/okno-okno-okno-47\/\" \/>\n<meta property=\"og:locale\" content=\"en_US\" \/>\n<meta property=\"og:type\" content=\"article\" \/>\n<meta property=\"og:title\" content=\"Okno Okno Okno #47 -\" \/>\n<meta property=\"og:description\" content=\"Okno Okno Okno #47 Enero 2023 En este episodio escucharemos resonancias y ecos de la radio en Espa\u00f1a. Desde el consultorio sentimental de Elena Francis, pasando por el Arus Con Leche, hasta sinton\u00edas m\u00edticas de cadenas regionales. Tambi\u00e9n escucharemos el testimonio de Marcelo Usabiaga como colaborador de\u00a0la Pirenaica.\" \/>\n<meta property=\"og:url\" content=\"https:\/\/teslafm.net\/en\/okno-okno-okno-47\/\" \/>\n<meta property=\"article:publisher\" content=\"https:\/\/www.facebook.com\/teslafm.net\" \/>\n<meta property=\"article:modified_time\" content=\"2023-01-10T16:26:25+00:00\" \/>\n<meta property=\"og:image\" content=\"https:\/\/teslafm.net\/wp-content\/uploads\/2022\/09\/header-image-4-temp.png\" \/>\n\t<meta property=\"og:image:width\" content=\"1274\" \/>\n\t<meta property=\"og:image:height\" content=\"818\" \/>\n\t<meta property=\"og:image:type\" content=\"image\/png\" \/>\n<meta name=\"twitter:card\" content=\"summary_large_image\" \/>\n<meta name=\"twitter:site\" content=\"@teslafm\" \/>\n<meta name=\"twitter:label1\" content=\"Est. reading time\" \/>\n\t<meta name=\"twitter:data1\" content=\"1 minute\" \/>\n<script type=\"application\/ld+json\" class=\"yoast-schema-graph\">{\"@context\":\"https:\/\/schema.org\",\"@graph\":[{\"@type\":\"WebPage\",\"@id\":\"https:\/\/teslafm.net\/okno-okno-okno-47\/\",\"url\":\"https:\/\/teslafm.net\/okno-okno-okno-47\/\",\"name\":\"Okno Okno Okno #47 -\",\"isPartOf\":{\"@id\":\"https:\/\/teslafm.net\/#website\"},\"datePublished\":\"2023-01-10T16:23:39+00:00\",\"dateModified\":\"2023-01-10T16:26:25+00:00\",\"breadcrumb\":{\"@id\":\"https:\/\/teslafm.net\/okno-okno-okno-47\/#breadcrumb\"},\"inLanguage\":\"en-US\",\"potentialAction\":[{\"@type\":\"ReadAction\",\"target\":[\"https:\/\/teslafm.net\/okno-okno-okno-47\/\"]}]},{\"@type\":\"BreadcrumbList\",\"@id\":\"https:\/\/teslafm.net\/okno-okno-okno-47\/#breadcrumb\",\"itemListElement\":[{\"@type\":\"ListItem\",\"position\":1,\"name\":\"Portada\",\"item\":\"https:\/\/teslafm.net\/\"},{\"@type\":\"ListItem\",\"position\":2,\"name\":\"Okno Okno Okno #47\"}]},{\"@type\":\"WebSite\",\"@id\":\"https:\/\/teslafm.net\/#website\",\"url\":\"https:\/\/teslafm.net\/\",\"name\":\"TeslaFM\",\"description\":\"An experimental and creative radio\",\"publisher\":{\"@id\":\"https:\/\/teslafm.net\/#organization\"},\"potentialAction\":[{\"@type\":\"SearchAction\",\"target\":{\"@type\":\"EntryPoint\",\"urlTemplate\":\"https:\/\/teslafm.net\/?s={search_term_string}\"},\"query-input\":{\"@type\":\"PropertyValueSpecification\",\"valueRequired\":true,\"valueName\":\"search_term_string\"}}],\"inLanguage\":\"en-US\"},{\"@type\":\"Organization\",\"@id\":\"https:\/\/teslafm.net\/#organization\",\"name\":\"TeslaFM\",\"url\":\"https:\/\/teslafm.net\/\",\"logo\":{\"@type\":\"ImageObject\",\"inLanguage\":\"en-US\",\"@id\":\"https:\/\/teslafm.net\/#\/schema\/logo\/image\/\",\"url\":\"https:\/\/teslafm.net\/wp-content\/uploads\/2020\/06\/logo-tesla.png\",\"contentUrl\":\"https:\/\/teslafm.net\/wp-content\/uploads\/2020\/06\/logo-tesla.png\",\"width\":512,\"height\":512,\"caption\":\"TeslaFM\"},\"image\":{\"@id\":\"https:\/\/teslafm.net\/#\/schema\/logo\/image\/\"},\"sameAs\":[\"https:\/\/www.facebook.com\/teslafm.net\",\"https:\/\/x.com\/teslafm\"]}]}<\/script>\n<!-- \/ Yoast SEO plugin. -->","yoast_head_json":{"title":"Okno Okno Okno #47 -","robots":{"index":"index","follow":"follow","max-snippet":"max-snippet:-1","max-image-preview":"max-image-preview:large","max-video-preview":"max-video-preview:-1"},"canonical":"https:\/\/teslafm.net\/en\/okno-okno-okno-47\/","og_locale":"en_US","og_type":"article","og_title":"Okno Okno Okno #47 -","og_description":"Okno Okno Okno #47 Enero 2023 En este episodio escucharemos resonancias y ecos de la radio en Espa\u00f1a. Desde el consultorio sentimental de Elena Francis, pasando por el Arus Con Leche, hasta sinton\u00edas m\u00edticas de cadenas regionales. Tambi\u00e9n escucharemos el testimonio de Marcelo Usabiaga como colaborador de\u00a0la Pirenaica.","og_url":"https:\/\/teslafm.net\/en\/okno-okno-okno-47\/","article_publisher":"https:\/\/www.facebook.com\/teslafm.net","article_modified_time":"2023-01-10T16:26:25+00:00","og_image":[{"width":1274,"height":818,"url":"https:\/\/teslafm.net\/wp-content\/uploads\/2022\/09\/header-image-4-temp.png","type":"image\/png"}],"twitter_card":"summary_large_image","twitter_site":"@teslafm","twitter_misc":{"Est. reading time":"1 minute"},"schema":{"@context":"https:\/\/schema.org","@graph":[{"@type":"WebPage","@id":"https:\/\/teslafm.net\/okno-okno-okno-47\/","url":"https:\/\/teslafm.net\/okno-okno-okno-47\/","name":"Okno Okno Okno #47 -","isPartOf":{"@id":"https:\/\/teslafm.net\/#website"},"datePublished":"2023-01-10T16:23:39+00:00","dateModified":"2023-01-10T16:26:25+00:00","breadcrumb":{"@id":"https:\/\/teslafm.net\/okno-okno-okno-47\/#breadcrumb"},"inLanguage":"en-US","potentialAction":[{"@type":"ReadAction","target":["https:\/\/teslafm.net\/okno-okno-okno-47\/"]}]},{"@type":"BreadcrumbList","@id":"https:\/\/teslafm.net\/okno-okno-okno-47\/#breadcrumb","itemListElement":[{"@type":"ListItem","position":1,"name":"Portada","item":"https:\/\/teslafm.net\/"},{"@type":"ListItem","position":2,"name":"Okno Okno Okno #47"}]},{"@type":"WebSite","@id":"https:\/\/teslafm.net\/#website","url":"https:\/\/teslafm.net\/","name":"TeslaFM","description":"An experimental and creative radio","publisher":{"@id":"https:\/\/teslafm.net\/#organization"},"potentialAction":[{"@type":"SearchAction","target":{"@type":"EntryPoint","urlTemplate":"https:\/\/teslafm.net\/?s={search_term_string}"},"query-input":{"@type":"PropertyValueSpecification","valueRequired":true,"valueName":"search_term_string"}}],"inLanguage":"en-US"},{"@type":"Organization","@id":"https:\/\/teslafm.net\/#organization","name":"TeslaFM","url":"https:\/\/teslafm.net\/","logo":{"@type":"ImageObject","inLanguage":"en-US","@id":"https:\/\/teslafm.net\/#\/schema\/logo\/image\/","url":"https:\/\/teslafm.net\/wp-content\/uploads\/2020\/06\/logo-tesla.png","contentUrl":"https:\/\/teslafm.net\/wp-content\/uploads\/2020\/06\/logo-tesla.png","width":512,"height":512,"caption":"TeslaFM"},"image":{"@id":"https:\/\/teslafm.net\/#\/schema\/logo\/image\/"},"sameAs":["https:\/\/www.facebook.com\/teslafm.net","https:\/\/x.com\/teslafm"]}]}},"rttpg_featured_image_url":null,"rttpg_author":{"display_name":"Ishak","author_link":"https:\/\/teslafm.net\/en\/author\/cravan\/"},"rttpg_comment":0,"rttpg_category":null,"rttpg_excerpt":"Okno Okno Okno #47 Enero 2023 En este episodio escucharemos resonancias y ecos de la radio en Espa\u00f1a. Desde el consultorio sentimental de Elena Francis, pasando por el Arus Con Leche, hasta sinton\u00edas m\u00edticas de cadenas regionales. Tambi\u00e9n escucharemos el testimonio de Marcelo Usabiaga como colaborador de\u00a0la Pirenaica.","_links":{"self":[{"href":"https:\/\/teslafm.net\/en\/wp-json\/wp\/v2\/pages\/61153","targetHints":{"allow":["GET"]}}],"collection":[{"href":"https:\/\/teslafm.net\/en\/wp-json\/wp\/v2\/pages"}],"about":[{"href":"https:\/\/teslafm.net\/en\/wp-json\/wp\/v2\/types\/page"}],"author":[{"embeddable":true,"href":"https:\/\/teslafm.net\/en\/wp-json\/wp\/v2\/users\/19"}],"replies":[{"embeddable":true,"href":"https:\/\/teslafm.net\/en\/wp-json\/wp\/v2\/comments?post=61153"}],"version-history":[{"count":2,"href":"https:\/\/teslafm.net\/en\/wp-json\/wp\/v2\/pages\/61153\/revisions"}],"predecessor-version":[{"id":61155,"href":"https:\/\/teslafm.net\/en\/wp-json\/wp\/v2\/pages\/61153\/revisions\/61155"}],"wp:attachment":[{"href":"https:\/\/teslafm.net\/en\/wp-json\/wp\/v2\/media?parent=61153"}],"curies":[{"name":"wp","href":"https:\/\/api.w.org\/{rel}","templated":true}]}}