

{"id":61184,"date":"2023-01-13T17:47:05","date_gmt":"2023-01-13T16:47:05","guid":{"rendered":"https:\/\/teslafm.net\/?page_id=61184"},"modified":"2023-11-03T10:53:21","modified_gmt":"2023-11-03T09:53:21","slug":"esquizofonias-o-la-palpitacion-del-siglo-4","status":"publish","type":"page","link":"https:\/\/teslafm.net\/en\/esquizofonias-o-la-palpitacion-del-siglo-4\/","title":{"rendered":"Schizophonias or the palpitation of the century #4"},"content":{"rendered":"<div data-elementor-type=\"wp-page\" data-elementor-id=\"61184\" class=\"elementor elementor-61184\">\n\t\t\t\t\t\t<section class=\"elementor-section elementor-top-section elementor-element elementor-element-1037377f elementor-section-boxed elementor-section-height-default elementor-section-height-default\" data-id=\"1037377f\" data-element_type=\"section\" data-e-type=\"section\">\n\t\t\t\t\t\t<div class=\"elementor-container elementor-column-gap-default\">\n\t\t\t\t\t<div class=\"elementor-column elementor-col-100 elementor-top-column elementor-element elementor-element-427d42f1\" data-id=\"427d42f1\" data-element_type=\"column\" data-e-type=\"column\">\n\t\t\t<div class=\"elementor-widget-wrap elementor-element-populated\">\n\t\t\t\t\t\t<div class=\"elementor-element elementor-element-2f14c9b1 elementor-widget elementor-widget-text-editor\" data-id=\"2f14c9b1\" data-element_type=\"widget\" data-e-type=\"widget\" data-widget_type=\"text-editor.default\">\n\t\t\t\t<div class=\"elementor-widget-container\">\n\t\t\t\t\t\t\t\t\t<h2><span style=\"color: #ffffff;\"><strong>Esquizofon\u00edas o la palpitaci\u00f3n del siglo #4<\/strong><\/span><\/h2><p><span style=\"color: #808080;\"><em>Passage 4<br \/><\/em><\/span><\/p><p><iframe src=\"https:\/\/www.mixcloud.com\/widget\/iframe\/?hide_cover=1&amp;feed=%2FTeslafm_net%2Fesquizofonias-o-la-palpitaci%C3%B3n-del-siglo-4-zozobra%2F\" width=\"100%\" height=\"120\" frameborder=\"0\"><\/iframe><\/p>\t\t\t\t\t\t\t\t<\/div>\n\t\t\t\t<\/div>\n\t\t\t\t\t<\/div>\n\t\t<\/div>\n\t\t\t\t\t<\/div>\n\t\t<\/section>\n\t\t\t\t<section class=\"elementor-section elementor-top-section elementor-element elementor-element-6efe598 elementor-section-boxed elementor-section-height-default elementor-section-height-default\" data-id=\"6efe598\" data-element_type=\"section\" data-e-type=\"section\">\n\t\t\t\t\t\t<div class=\"elementor-container elementor-column-gap-default\">\n\t\t\t\t\t<div class=\"elementor-column elementor-col-50 elementor-top-column elementor-element elementor-element-280be4c\" data-id=\"280be4c\" data-element_type=\"column\" data-e-type=\"column\">\n\t\t\t<div class=\"elementor-widget-wrap elementor-element-populated\">\n\t\t\t\t\t\t<div class=\"elementor-element elementor-element-ea29df0 elementor-widget elementor-widget-image\" data-id=\"ea29df0\" data-element_type=\"widget\" data-e-type=\"widget\" data-widget_type=\"image.default\">\n\t\t\t\t<div class=\"elementor-widget-container\">\n\t\t\t\t\t\t\t\t\t\t\t\t\t\t\t<img fetchpriority=\"high\" decoding=\"async\" width=\"1000\" height=\"971\" src=\"https:\/\/teslafm.net\/wp-content\/uploads\/2023\/03\/el-jardin.jpg\" class=\"attachment-large size-large wp-image-62078\" alt=\"\" srcset=\"https:\/\/teslafm.net\/wp-content\/uploads\/2023\/03\/el-jardin.jpg 1000w, https:\/\/teslafm.net\/wp-content\/uploads\/2023\/03\/el-jardin-300x291.jpg 300w, https:\/\/teslafm.net\/wp-content\/uploads\/2023\/03\/el-jardin-768x746.jpg 768w\" sizes=\"(max-width: 1000px) 100vw, 1000px\" \/>\t\t\t\t\t\t\t\t\t\t\t\t\t\t\t<\/div>\n\t\t\t\t<\/div>\n\t\t\t\t\t<\/div>\n\t\t<\/div>\n\t\t\t\t<div class=\"elementor-column elementor-col-50 elementor-top-column elementor-element elementor-element-fd19c8b\" data-id=\"fd19c8b\" data-element_type=\"column\" data-e-type=\"column\">\n\t\t\t<div class=\"elementor-widget-wrap elementor-element-populated\">\n\t\t\t\t\t\t<div class=\"elementor-element elementor-element-e5aa796 elementor-widget elementor-widget-text-editor\" data-id=\"e5aa796\" data-element_type=\"widget\" data-e-type=\"widget\" data-widget_type=\"text-editor.default\">\n\t\t\t\t<div class=\"elementor-widget-container\">\n\t\t\t\t\t\t\t\t\t<p><span style=\"color: #808080;\"><em>The garden<\/em><\/span><\/p><p><span style=\"color: #808080;\">01. Reading of <b>John Cage<\/b> - Silence - Ardora Ediciones<\/span><br \/><span style=\"color: #808080;\">02. Javanese Music:<\/span> <a class=\"x_-2046530470moz-txt-link-freetext\" href=\"https:\/\/www.youtube.com\/watch?v=UEWCCSuHsuQ\" target=\"_blank\" rel=\"noopener\">https:\/\/www.youtube.com\/watch?v=UEWCCSuHsuQ<\/a><br \/><span style=\"color: #808080;\">03. <b>Wendy Carlos<\/b> - Beauty in the beast, from the album Beauty in the beast, 1986.<\/span><br \/><span style=\"color: #808080;\">04. Reading of <b>Maria Zambrano<\/b> - \"Claros de Bosque\", by<\/span> <a href=\"http:\/\/laura.zcorp.fr\/\" target=\"_blank\" rel=\"noopener\">Laura Romero Valldecabres<\/a>.<br \/><span style=\"color: #808080;\">05. Reading of <b>William Blake<\/b> - \"The fly\" .<\/span><br \/><span style=\"color: #808080;\">06<\/span>. <a href=\"https:\/\/soundcloud.com\/zozobrazozobra\/al-fin-el-campo\" target=\"_blank\" rel=\"noopener\">\"At last the field\"<\/a> <span style=\"color: #808080;\">from <b>anxiety<\/b>.<\/span><br \/><span style=\"color: #808080;\">07. Voice of<\/span> <b><a href=\"https:\/\/youtu.be\/EZNWBLveVyk?t=636\" target=\"_blank\" rel=\"noopener\">Torrente Ballester<\/a><\/b><span style=\"color: #808080;\">extracted from the program <i>In Depth<\/i>\u00a0 of RTVE.<\/span><br \/><span style=\"color: #808080;\">08. Reading of<b> Pessoa<\/b> - Book of uneasiness<\/span><br \/><span style=\"color: #808080;\">09. <b>David Lynch<\/b>'s Weather Report - 08\/09\/20<\/span><br \/><span style=\"color: #808080;\">10. Music camouflaged in Lynch's words: <b>Jaqueline Nova<\/b> -<\/span> <a href=\"https:\/\/www.youtube.com\/watch?v=QoiLz-9XrK0\" target=\"_blank\" rel=\"noopener\"> Songs of the earth - 1972<\/a><br \/><span style=\"color: #808080;\">11. \"The Living Garden\" excerpt from the second chapter: <\/span><a href=\"https:\/\/www.youtube.com\/watch?v=-XeQbGxc7CE\" target=\"_blank\" rel=\"noopener\"><span style=\"color: #808080;\">\"<\/span>A jungle in the garden\".<\/a> <span style=\"color: #808080;\">RTVE 2002<\/span><br \/><span style=\"color: #808080;\">12. <b>Tarkovsky<\/b> - Quote from the book \"Sculpting in Time\". <b>Dostoevsky<\/b> \"The demoniacs\" 1871-72<\/span><br \/><span style=\"color: #808080;\">13. Plantasia.<\/span> <a href=\"https:\/\/www.youtube.com\/watch?v=nhMK4GYC_x4\" target=\"_blank\" rel=\"noopener\">\"You don't have to walk a begonia\".<\/a><br \/><span style=\"color: #808080;\">14. \"Picnic in the circuit of <b>anxiety<\/b>.<\/span><br \/><span style=\"color: #808080;\">15. \"The living garden\" excerpt from: \"A miniature world\".<\/span><br \/><span style=\"color: #808080;\">16. The rest of the audios by <b>anxiety<\/b>.<\/span><\/p>\t\t\t\t\t\t\t\t<\/div>\n\t\t\t\t<\/div>\n\t\t\t\t\t<\/div>\n\t\t<\/div>\n\t\t\t\t\t<\/div>\n\t\t<\/section>\n\t\t\t\t<\/div>","protected":false},"excerpt":{"rendered":"<p>Esquizofon\u00edas o la palpitaci\u00f3n del siglo #4 Pasaje 4 El jard\u00edn 01. Lectura de Jonh Cage &#8211; Silence &#8211; Ardora Ediciones02. Musica Javanesa: https:\/\/www.youtube.com\/watch?v=UEWCCSuHsuQ03. Wendy Carlos &#8211; Beauty in the beast, del disco Beauty in the beast, 1986.04. Lectura de Maria Zambrano &#8211; \u00abClaros de Bosque\u00bb, por Laura Romero Valldecabres.05. Lectura de William Blake &#8211; [&hellip;]<\/p>\n","protected":false},"author":19,"featured_media":0,"parent":0,"menu_order":0,"comment_status":"closed","ping_status":"closed","template":"","meta":{"footnotes":""},"class_list":["post-61184","page","type-page","status-publish","hentry"],"yoast_head":"<!-- This site is optimized with the Yoast SEO plugin v27.2 - https:\/\/yoast.com\/product\/yoast-seo-wordpress\/ -->\n<title>Esquizofonias o la palpitaci\u00f3n del siglo #4 -<\/title>\n<meta name=\"robots\" content=\"index, follow, max-snippet:-1, max-image-preview:large, max-video-preview:-1\" \/>\n<link rel=\"canonical\" href=\"https:\/\/teslafm.net\/en\/esquizofonias-o-la-palpitacion-del-siglo-4\/\" \/>\n<meta property=\"og:locale\" content=\"en_US\" \/>\n<meta property=\"og:type\" content=\"article\" \/>\n<meta property=\"og:title\" content=\"Esquizofonias o la palpitaci\u00f3n del siglo #4 -\" \/>\n<meta property=\"og:description\" content=\"Esquizofon\u00edas o la palpitaci\u00f3n del siglo #4 Pasaje 4 El jard\u00edn 01. Lectura de Jonh Cage &#8211; Silence &#8211; Ardora Ediciones02. Musica Javanesa: https:\/\/www.youtube.com\/watch?v=UEWCCSuHsuQ03. Wendy Carlos &#8211; Beauty in the beast, del disco Beauty in the beast, 1986.04. Lectura de Maria Zambrano &#8211; \u00abClaros de Bosque\u00bb, por Laura Romero Valldecabres.05. Lectura de William Blake &#8211; [&hellip;]\" \/>\n<meta property=\"og:url\" content=\"https:\/\/teslafm.net\/en\/esquizofonias-o-la-palpitacion-del-siglo-4\/\" \/>\n<meta property=\"article:publisher\" content=\"https:\/\/www.facebook.com\/teslafm.net\" \/>\n<meta property=\"article:modified_time\" content=\"2023-11-03T09:53:21+00:00\" \/>\n<meta property=\"og:image\" content=\"http:\/\/teslafm.net\/wp-content\/uploads\/2023\/03\/el-jardin.jpg\" \/>\n<meta name=\"twitter:card\" content=\"summary_large_image\" \/>\n<meta name=\"twitter:site\" content=\"@teslafm\" \/>\n<meta name=\"twitter:label1\" content=\"Est. reading time\" \/>\n\t<meta name=\"twitter:data1\" content=\"1 minute\" \/>\n<script type=\"application\/ld+json\" class=\"yoast-schema-graph\">{\"@context\":\"https:\/\/schema.org\",\"@graph\":[{\"@type\":\"WebPage\",\"@id\":\"https:\/\/teslafm.net\/esquizofonias-o-la-palpitacion-del-siglo-4\/\",\"url\":\"https:\/\/teslafm.net\/esquizofonias-o-la-palpitacion-del-siglo-4\/\",\"name\":\"Esquizofonias o la palpitaci\u00f3n del siglo #4 -\",\"isPartOf\":{\"@id\":\"https:\/\/teslafm.net\/#website\"},\"primaryImageOfPage\":{\"@id\":\"https:\/\/teslafm.net\/esquizofonias-o-la-palpitacion-del-siglo-4\/#primaryimage\"},\"image\":{\"@id\":\"https:\/\/teslafm.net\/esquizofonias-o-la-palpitacion-del-siglo-4\/#primaryimage\"},\"thumbnailUrl\":\"http:\/\/teslafm.net\/wp-content\/uploads\/2023\/03\/el-jardin.jpg\",\"datePublished\":\"2023-01-13T16:47:05+00:00\",\"dateModified\":\"2023-11-03T09:53:21+00:00\",\"breadcrumb\":{\"@id\":\"https:\/\/teslafm.net\/esquizofonias-o-la-palpitacion-del-siglo-4\/#breadcrumb\"},\"inLanguage\":\"en-US\",\"potentialAction\":[{\"@type\":\"ReadAction\",\"target\":[\"https:\/\/teslafm.net\/esquizofonias-o-la-palpitacion-del-siglo-4\/\"]}]},{\"@type\":\"ImageObject\",\"inLanguage\":\"en-US\",\"@id\":\"https:\/\/teslafm.net\/esquizofonias-o-la-palpitacion-del-siglo-4\/#primaryimage\",\"url\":\"http:\/\/teslafm.net\/wp-content\/uploads\/2023\/03\/el-jardin.jpg\",\"contentUrl\":\"http:\/\/teslafm.net\/wp-content\/uploads\/2023\/03\/el-jardin.jpg\"},{\"@type\":\"BreadcrumbList\",\"@id\":\"https:\/\/teslafm.net\/esquizofonias-o-la-palpitacion-del-siglo-4\/#breadcrumb\",\"itemListElement\":[{\"@type\":\"ListItem\",\"position\":1,\"name\":\"Portada\",\"item\":\"https:\/\/teslafm.net\/\"},{\"@type\":\"ListItem\",\"position\":2,\"name\":\"Esquizofonias o la palpitaci\u00f3n del siglo #4\"}]},{\"@type\":\"WebSite\",\"@id\":\"https:\/\/teslafm.net\/#website\",\"url\":\"https:\/\/teslafm.net\/\",\"name\":\"TeslaFM\",\"description\":\"An experimental and creative radio\",\"publisher\":{\"@id\":\"https:\/\/teslafm.net\/#organization\"},\"potentialAction\":[{\"@type\":\"SearchAction\",\"target\":{\"@type\":\"EntryPoint\",\"urlTemplate\":\"https:\/\/teslafm.net\/?s={search_term_string}\"},\"query-input\":{\"@type\":\"PropertyValueSpecification\",\"valueRequired\":true,\"valueName\":\"search_term_string\"}}],\"inLanguage\":\"en-US\"},{\"@type\":\"Organization\",\"@id\":\"https:\/\/teslafm.net\/#organization\",\"name\":\"TeslaFM\",\"url\":\"https:\/\/teslafm.net\/\",\"logo\":{\"@type\":\"ImageObject\",\"inLanguage\":\"en-US\",\"@id\":\"https:\/\/teslafm.net\/#\/schema\/logo\/image\/\",\"url\":\"https:\/\/teslafm.net\/wp-content\/uploads\/2020\/06\/logo-tesla.png\",\"contentUrl\":\"https:\/\/teslafm.net\/wp-content\/uploads\/2020\/06\/logo-tesla.png\",\"width\":512,\"height\":512,\"caption\":\"TeslaFM\"},\"image\":{\"@id\":\"https:\/\/teslafm.net\/#\/schema\/logo\/image\/\"},\"sameAs\":[\"https:\/\/www.facebook.com\/teslafm.net\",\"https:\/\/x.com\/teslafm\"]}]}<\/script>\n<!-- \/ Yoast SEO plugin. -->","yoast_head_json":{"title":"Esquizofonias o la palpitaci\u00f3n del siglo #4 -","robots":{"index":"index","follow":"follow","max-snippet":"max-snippet:-1","max-image-preview":"max-image-preview:large","max-video-preview":"max-video-preview:-1"},"canonical":"https:\/\/teslafm.net\/en\/esquizofonias-o-la-palpitacion-del-siglo-4\/","og_locale":"en_US","og_type":"article","og_title":"Esquizofonias o la palpitaci\u00f3n del siglo #4 -","og_description":"Esquizofon\u00edas o la palpitaci\u00f3n del siglo #4 Pasaje 4 El jard\u00edn 01. Lectura de Jonh Cage &#8211; Silence &#8211; Ardora Ediciones02. Musica Javanesa: https:\/\/www.youtube.com\/watch?v=UEWCCSuHsuQ03. Wendy Carlos &#8211; Beauty in the beast, del disco Beauty in the beast, 1986.04. Lectura de Maria Zambrano &#8211; \u00abClaros de Bosque\u00bb, por Laura Romero Valldecabres.05. Lectura de William Blake &#8211; [&hellip;]","og_url":"https:\/\/teslafm.net\/en\/esquizofonias-o-la-palpitacion-del-siglo-4\/","article_publisher":"https:\/\/www.facebook.com\/teslafm.net","article_modified_time":"2023-11-03T09:53:21+00:00","og_image":[{"url":"http:\/\/teslafm.net\/wp-content\/uploads\/2023\/03\/el-jardin.jpg","type":"","width":"","height":""}],"twitter_card":"summary_large_image","twitter_site":"@teslafm","twitter_misc":{"Est. reading time":"1 minute"},"schema":{"@context":"https:\/\/schema.org","@graph":[{"@type":"WebPage","@id":"https:\/\/teslafm.net\/esquizofonias-o-la-palpitacion-del-siglo-4\/","url":"https:\/\/teslafm.net\/esquizofonias-o-la-palpitacion-del-siglo-4\/","name":"Esquizofonias o la palpitaci\u00f3n del siglo #4 -","isPartOf":{"@id":"https:\/\/teslafm.net\/#website"},"primaryImageOfPage":{"@id":"https:\/\/teslafm.net\/esquizofonias-o-la-palpitacion-del-siglo-4\/#primaryimage"},"image":{"@id":"https:\/\/teslafm.net\/esquizofonias-o-la-palpitacion-del-siglo-4\/#primaryimage"},"thumbnailUrl":"http:\/\/teslafm.net\/wp-content\/uploads\/2023\/03\/el-jardin.jpg","datePublished":"2023-01-13T16:47:05+00:00","dateModified":"2023-11-03T09:53:21+00:00","breadcrumb":{"@id":"https:\/\/teslafm.net\/esquizofonias-o-la-palpitacion-del-siglo-4\/#breadcrumb"},"inLanguage":"en-US","potentialAction":[{"@type":"ReadAction","target":["https:\/\/teslafm.net\/esquizofonias-o-la-palpitacion-del-siglo-4\/"]}]},{"@type":"ImageObject","inLanguage":"en-US","@id":"https:\/\/teslafm.net\/esquizofonias-o-la-palpitacion-del-siglo-4\/#primaryimage","url":"http:\/\/teslafm.net\/wp-content\/uploads\/2023\/03\/el-jardin.jpg","contentUrl":"http:\/\/teslafm.net\/wp-content\/uploads\/2023\/03\/el-jardin.jpg"},{"@type":"BreadcrumbList","@id":"https:\/\/teslafm.net\/esquizofonias-o-la-palpitacion-del-siglo-4\/#breadcrumb","itemListElement":[{"@type":"ListItem","position":1,"name":"Portada","item":"https:\/\/teslafm.net\/"},{"@type":"ListItem","position":2,"name":"Esquizofonias o la palpitaci\u00f3n del siglo #4"}]},{"@type":"WebSite","@id":"https:\/\/teslafm.net\/#website","url":"https:\/\/teslafm.net\/","name":"TeslaFM","description":"An experimental and creative radio","publisher":{"@id":"https:\/\/teslafm.net\/#organization"},"potentialAction":[{"@type":"SearchAction","target":{"@type":"EntryPoint","urlTemplate":"https:\/\/teslafm.net\/?s={search_term_string}"},"query-input":{"@type":"PropertyValueSpecification","valueRequired":true,"valueName":"search_term_string"}}],"inLanguage":"en-US"},{"@type":"Organization","@id":"https:\/\/teslafm.net\/#organization","name":"TeslaFM","url":"https:\/\/teslafm.net\/","logo":{"@type":"ImageObject","inLanguage":"en-US","@id":"https:\/\/teslafm.net\/#\/schema\/logo\/image\/","url":"https:\/\/teslafm.net\/wp-content\/uploads\/2020\/06\/logo-tesla.png","contentUrl":"https:\/\/teslafm.net\/wp-content\/uploads\/2020\/06\/logo-tesla.png","width":512,"height":512,"caption":"TeslaFM"},"image":{"@id":"https:\/\/teslafm.net\/#\/schema\/logo\/image\/"},"sameAs":["https:\/\/www.facebook.com\/teslafm.net","https:\/\/x.com\/teslafm"]}]}},"rttpg_featured_image_url":null,"rttpg_author":{"display_name":"Ishak","author_link":"https:\/\/teslafm.net\/en\/author\/cravan\/"},"rttpg_comment":0,"rttpg_category":null,"rttpg_excerpt":"Esquizofon\u00edas o la palpitaci\u00f3n del siglo #4 Pasaje 4 El jard\u00edn 01. Lectura de Jonh Cage &#8211; Silence &#8211; Ardora Ediciones02. Musica Javanesa: https:\/\/www.youtube.com\/watch?v=UEWCCSuHsuQ03. Wendy Carlos &#8211; Beauty in the beast, del disco Beauty in the beast, 1986.04. Lectura de Maria Zambrano &#8211; \u00abClaros de Bosque\u00bb, por Laura Romero Valldecabres.05. Lectura de William Blake &#8211;&hellip;","_links":{"self":[{"href":"https:\/\/teslafm.net\/en\/wp-json\/wp\/v2\/pages\/61184","targetHints":{"allow":["GET"]}}],"collection":[{"href":"https:\/\/teslafm.net\/en\/wp-json\/wp\/v2\/pages"}],"about":[{"href":"https:\/\/teslafm.net\/en\/wp-json\/wp\/v2\/types\/page"}],"author":[{"embeddable":true,"href":"https:\/\/teslafm.net\/en\/wp-json\/wp\/v2\/users\/19"}],"replies":[{"embeddable":true,"href":"https:\/\/teslafm.net\/en\/wp-json\/wp\/v2\/comments?post=61184"}],"version-history":[{"count":13,"href":"https:\/\/teslafm.net\/en\/wp-json\/wp\/v2\/pages\/61184\/revisions"}],"predecessor-version":[{"id":63846,"href":"https:\/\/teslafm.net\/en\/wp-json\/wp\/v2\/pages\/61184\/revisions\/63846"}],"wp:attachment":[{"href":"https:\/\/teslafm.net\/en\/wp-json\/wp\/v2\/media?parent=61184"}],"curies":[{"name":"wp","href":"https:\/\/api.w.org\/{rel}","templated":true}]}}