

{"id":61206,"date":"2023-01-17T15:59:52","date_gmt":"2023-01-17T14:59:52","guid":{"rendered":"https:\/\/teslafm.net\/?page_id=61206"},"modified":"2023-01-18T13:59:06","modified_gmt":"2023-01-18T12:59:06","slug":"ananke-43","status":"publish","type":"page","link":"https:\/\/teslafm.net\/en\/ananke-43\/","title":{"rendered":"Anank\u00e9 #43"},"content":{"rendered":"<h2><span style=\"color: #ffffff;\"><strong>Anank\u00e9 Chapter XLIII<\/strong><\/span><\/h2>\n<p><span style=\"color: #808080;\"><em>January 2023<\/em><\/span><\/p>\n<p><iframe src=\"https:\/\/www.mixcloud.com\/widget\/iframe\/?hide_cover=1&amp;feed=%2FTeslafm_net%2Fanank%C3%A9-43-jaco%2F\" width=\"100%\" height=\"120\" frameborder=\"0\"><\/iframe><\/p>\n<p><span style=\"color: #808080;\">01. <strong>Metal Preyers<\/strong> - On Her Way - Shadow Swamps (Nyege Nyege, 2022)<\/span><br \/>\n<span style=\"color: #808080;\">02. <strong>Ssab\u00e6<\/strong> - Azurescens - azurescens (Few Crackles, 2022)<\/span><br \/>\n<span style=\"color: #808080;\">03. <strong>Vermooste Vl\u00f8ten<\/strong> - A Little Few on Fall - Crankle (Self-released, 1996)<\/span><br \/>\n<span style=\"color: #808080;\">04. <strong>Jonnine<\/strong> - I Chase You Like Light on a Sundial - Blue Hills (Boomkat Editions, 2020)<\/span><br \/>\n<span style=\"color: #808080;\">05. <strong>Metabolist<\/strong> - Lights - Hansten Klork (Dr\u00f6mm, 1980)<\/span><br \/>\n<span style=\"color: #808080;\">06. <strong>Duster<\/strong> - Escalator - Together (Numero Group, 2022)<\/span><br \/>\n<span style=\"color: #808080;\">07. <strong>The Cat's Miaow<\/strong> - Shoot the Moon - Songs '94-'98 (World of Echo, 2022)<\/span><br \/>\n<span style=\"color: #808080;\">08. <strong>Syrinx<\/strong> - Tumblers to the Vault - Tumblers From the Vault (1970-1972) (Rvng, 2016).<\/span><br \/>\n<span style=\"color: #808080;\">09. <strong>Avalanche Kaito<\/strong> - Le Grand-P\u00e8re - Avalanche Kaito (Glitterbeat, 2022)<\/span><br \/>\n<span style=\"color: #808080;\">10. <strong>Ak'chamel<\/strong> - The Great Saharan-Chihuahuan Assimilation - A Mournful Kingdom of Sand (Akuphone, 2022)<\/span><br \/>\n<span style=\"color: #808080;\">11. <strong>Animal Collective<\/strong> - Prester John - Time Skiffs (Domino, 2022)<\/span><br \/>\n<span style=\"color: #808080;\">12. <strong>Bar Italia<\/strong> - djent - Bedhead (World Music, 2021)<\/span><br \/>\n<span style=\"color: #808080;\">13. <strong>Bohren<\/strong> <strong>&amp; der Club of Gore<\/strong> - Meine Welt ist sch\u00f6n - Patchouli Blues (PIAS, 2020)<\/span><br \/>\n<span style=\"color: #808080;\">14. <strong>Roberto De Simone &amp; Nuova Compagnia di Canto Popolare<\/strong> - II\u00ba delle lavandaie - La Gatta Cenerentola (EMI, 1976)<\/span><\/p>","protected":false},"excerpt":{"rendered":"<p>Anank\u00e9 Cap\u00edtulo XLIII Enero 2023 01. Metal Preyers &#8211; On Her Way &#8211; Shadow Swamps (Nyege Nyege, 2022) 02. Ssab\u00e6 &#8211; Azurescens &#8211; azurescens (Few Crackles, 2022) 03. Vermooste Vl\u00f8ten &#8211; A Little Few on Fall &#8211; Crankle (Autoeditado, 1996) 04. Jonnine &#8211; I Chase You Like Light on a Sundial &#8211; Blue Hills (Boomkat [&hellip;]<\/p>\n","protected":false},"author":19,"featured_media":0,"parent":0,"menu_order":0,"comment_status":"closed","ping_status":"closed","template":"","meta":{"footnotes":""},"class_list":["post-61206","page","type-page","status-publish","hentry"],"yoast_head":"<!-- This site is optimized with the Yoast SEO plugin v27.4 - https:\/\/yoast.com\/product\/yoast-seo-wordpress\/ -->\n<title>Anank\u00e9 #43 -<\/title>\n<meta name=\"robots\" content=\"index, follow, max-snippet:-1, max-image-preview:large, max-video-preview:-1\" \/>\n<link rel=\"canonical\" href=\"https:\/\/teslafm.net\/en\/ananke-43\/\" \/>\n<meta property=\"og:locale\" content=\"en_US\" \/>\n<meta property=\"og:type\" content=\"article\" \/>\n<meta property=\"og:title\" content=\"Anank\u00e9 #43 -\" \/>\n<meta property=\"og:description\" content=\"Anank\u00e9 Cap\u00edtulo XLIII Enero 2023 01. Metal Preyers &#8211; On Her Way &#8211; Shadow Swamps (Nyege Nyege, 2022) 02. Ssab\u00e6 &#8211; Azurescens &#8211; azurescens (Few Crackles, 2022) 03. Vermooste Vl\u00f8ten &#8211; A Little Few on Fall &#8211; Crankle (Autoeditado, 1996) 04. Jonnine &#8211; I Chase You Like Light on a Sundial &#8211; Blue Hills (Boomkat [&hellip;]\" \/>\n<meta property=\"og:url\" content=\"https:\/\/teslafm.net\/en\/ananke-43\/\" \/>\n<meta property=\"article:publisher\" content=\"https:\/\/www.facebook.com\/teslafm.net\" \/>\n<meta property=\"article:modified_time\" content=\"2023-01-18T12:59:06+00:00\" \/>\n<meta property=\"og:image\" content=\"https:\/\/teslafm.net\/wp-content\/uploads\/2022\/09\/header-image-4-temp.png\" \/>\n\t<meta property=\"og:image:width\" content=\"1274\" \/>\n\t<meta property=\"og:image:height\" content=\"818\" \/>\n\t<meta property=\"og:image:type\" content=\"image\/png\" \/>\n<meta name=\"twitter:card\" content=\"summary_large_image\" \/>\n<meta name=\"twitter:site\" content=\"@teslafm\" \/>\n<meta name=\"twitter:label1\" content=\"Est. reading time\" \/>\n\t<meta name=\"twitter:data1\" content=\"1 minute\" \/>\n<script type=\"application\/ld+json\" class=\"yoast-schema-graph\">{\"@context\":\"https:\\\/\\\/schema.org\",\"@graph\":[{\"@type\":\"WebPage\",\"@id\":\"https:\\\/\\\/teslafm.net\\\/ananke-43\\\/\",\"url\":\"https:\\\/\\\/teslafm.net\\\/ananke-43\\\/\",\"name\":\"Anank\u00e9 #43 -\",\"isPartOf\":{\"@id\":\"https:\\\/\\\/teslafm.net\\\/#website\"},\"datePublished\":\"2023-01-17T14:59:52+00:00\",\"dateModified\":\"2023-01-18T12:59:06+00:00\",\"breadcrumb\":{\"@id\":\"https:\\\/\\\/teslafm.net\\\/ananke-43\\\/#breadcrumb\"},\"inLanguage\":\"en-US\",\"potentialAction\":[{\"@type\":\"ReadAction\",\"target\":[\"https:\\\/\\\/teslafm.net\\\/ananke-43\\\/\"]}]},{\"@type\":\"BreadcrumbList\",\"@id\":\"https:\\\/\\\/teslafm.net\\\/ananke-43\\\/#breadcrumb\",\"itemListElement\":[{\"@type\":\"ListItem\",\"position\":1,\"name\":\"Portada\",\"item\":\"https:\\\/\\\/teslafm.net\\\/\"},{\"@type\":\"ListItem\",\"position\":2,\"name\":\"Anank\u00e9 #43\"}]},{\"@type\":\"WebSite\",\"@id\":\"https:\\\/\\\/teslafm.net\\\/#website\",\"url\":\"https:\\\/\\\/teslafm.net\\\/\",\"name\":\"TeslaFM\",\"description\":\"An experimental and creative radio\",\"publisher\":{\"@id\":\"https:\\\/\\\/teslafm.net\\\/#organization\"},\"potentialAction\":[{\"@type\":\"SearchAction\",\"target\":{\"@type\":\"EntryPoint\",\"urlTemplate\":\"https:\\\/\\\/teslafm.net\\\/?s={search_term_string}\"},\"query-input\":{\"@type\":\"PropertyValueSpecification\",\"valueRequired\":true,\"valueName\":\"search_term_string\"}}],\"inLanguage\":\"en-US\"},{\"@type\":\"Organization\",\"@id\":\"https:\\\/\\\/teslafm.net\\\/#organization\",\"name\":\"TeslaFM\",\"url\":\"https:\\\/\\\/teslafm.net\\\/\",\"logo\":{\"@type\":\"ImageObject\",\"inLanguage\":\"en-US\",\"@id\":\"https:\\\/\\\/teslafm.net\\\/#\\\/schema\\\/logo\\\/image\\\/\",\"url\":\"https:\\\/\\\/teslafm.net\\\/wp-content\\\/uploads\\\/2020\\\/06\\\/logo-tesla.png\",\"contentUrl\":\"https:\\\/\\\/teslafm.net\\\/wp-content\\\/uploads\\\/2020\\\/06\\\/logo-tesla.png\",\"width\":512,\"height\":512,\"caption\":\"TeslaFM\"},\"image\":{\"@id\":\"https:\\\/\\\/teslafm.net\\\/#\\\/schema\\\/logo\\\/image\\\/\"},\"sameAs\":[\"https:\\\/\\\/www.facebook.com\\\/teslafm.net\",\"https:\\\/\\\/x.com\\\/teslafm\"]}]}<\/script>\n<!-- \/ Yoast SEO plugin. -->","yoast_head_json":{"title":"Anank\u00e9 #43 -","robots":{"index":"index","follow":"follow","max-snippet":"max-snippet:-1","max-image-preview":"max-image-preview:large","max-video-preview":"max-video-preview:-1"},"canonical":"https:\/\/teslafm.net\/en\/ananke-43\/","og_locale":"en_US","og_type":"article","og_title":"Anank\u00e9 #43 -","og_description":"Anank\u00e9 Cap\u00edtulo XLIII Enero 2023 01. Metal Preyers &#8211; On Her Way &#8211; Shadow Swamps (Nyege Nyege, 2022) 02. Ssab\u00e6 &#8211; Azurescens &#8211; azurescens (Few Crackles, 2022) 03. Vermooste Vl\u00f8ten &#8211; A Little Few on Fall &#8211; Crankle (Autoeditado, 1996) 04. Jonnine &#8211; I Chase You Like Light on a Sundial &#8211; Blue Hills (Boomkat [&hellip;]","og_url":"https:\/\/teslafm.net\/en\/ananke-43\/","article_publisher":"https:\/\/www.facebook.com\/teslafm.net","article_modified_time":"2023-01-18T12:59:06+00:00","og_image":[{"width":1274,"height":818,"url":"https:\/\/teslafm.net\/wp-content\/uploads\/2022\/09\/header-image-4-temp.png","type":"image\/png"}],"twitter_card":"summary_large_image","twitter_site":"@teslafm","twitter_misc":{"Est. reading time":"1 minute"},"schema":{"@context":"https:\/\/schema.org","@graph":[{"@type":"WebPage","@id":"https:\/\/teslafm.net\/ananke-43\/","url":"https:\/\/teslafm.net\/ananke-43\/","name":"Anank\u00e9 #43 -","isPartOf":{"@id":"https:\/\/teslafm.net\/#website"},"datePublished":"2023-01-17T14:59:52+00:00","dateModified":"2023-01-18T12:59:06+00:00","breadcrumb":{"@id":"https:\/\/teslafm.net\/ananke-43\/#breadcrumb"},"inLanguage":"en-US","potentialAction":[{"@type":"ReadAction","target":["https:\/\/teslafm.net\/ananke-43\/"]}]},{"@type":"BreadcrumbList","@id":"https:\/\/teslafm.net\/ananke-43\/#breadcrumb","itemListElement":[{"@type":"ListItem","position":1,"name":"Portada","item":"https:\/\/teslafm.net\/"},{"@type":"ListItem","position":2,"name":"Anank\u00e9 #43"}]},{"@type":"WebSite","@id":"https:\/\/teslafm.net\/#website","url":"https:\/\/teslafm.net\/","name":"TeslaFM","description":"An experimental and creative radio","publisher":{"@id":"https:\/\/teslafm.net\/#organization"},"potentialAction":[{"@type":"SearchAction","target":{"@type":"EntryPoint","urlTemplate":"https:\/\/teslafm.net\/?s={search_term_string}"},"query-input":{"@type":"PropertyValueSpecification","valueRequired":true,"valueName":"search_term_string"}}],"inLanguage":"en-US"},{"@type":"Organization","@id":"https:\/\/teslafm.net\/#organization","name":"TeslaFM","url":"https:\/\/teslafm.net\/","logo":{"@type":"ImageObject","inLanguage":"en-US","@id":"https:\/\/teslafm.net\/#\/schema\/logo\/image\/","url":"https:\/\/teslafm.net\/wp-content\/uploads\/2020\/06\/logo-tesla.png","contentUrl":"https:\/\/teslafm.net\/wp-content\/uploads\/2020\/06\/logo-tesla.png","width":512,"height":512,"caption":"TeslaFM"},"image":{"@id":"https:\/\/teslafm.net\/#\/schema\/logo\/image\/"},"sameAs":["https:\/\/www.facebook.com\/teslafm.net","https:\/\/x.com\/teslafm"]}]}},"rttpg_featured_image_url":null,"rttpg_author":{"display_name":"Ishak","author_link":"https:\/\/teslafm.net\/en\/author\/cravan\/"},"rttpg_comment":0,"rttpg_category":null,"rttpg_excerpt":"Anank\u00e9 Cap\u00edtulo XLIII Enero 2023 01. Metal Preyers &#8211; On Her Way &#8211; Shadow Swamps (Nyege Nyege, 2022) 02. Ssab\u00e6 &#8211; Azurescens &#8211; azurescens (Few Crackles, 2022) 03. Vermooste Vl\u00f8ten &#8211; A Little Few on Fall &#8211; Crankle (Autoeditado, 1996) 04. Jonnine &#8211; I Chase You Like Light on a Sundial &#8211; Blue Hills (Boomkat&hellip;","_links":{"self":[{"href":"https:\/\/teslafm.net\/en\/wp-json\/wp\/v2\/pages\/61206","targetHints":{"allow":["GET"]}}],"collection":[{"href":"https:\/\/teslafm.net\/en\/wp-json\/wp\/v2\/pages"}],"about":[{"href":"https:\/\/teslafm.net\/en\/wp-json\/wp\/v2\/types\/page"}],"author":[{"embeddable":true,"href":"https:\/\/teslafm.net\/en\/wp-json\/wp\/v2\/users\/19"}],"replies":[{"embeddable":true,"href":"https:\/\/teslafm.net\/en\/wp-json\/wp\/v2\/comments?post=61206"}],"version-history":[{"count":3,"href":"https:\/\/teslafm.net\/en\/wp-json\/wp\/v2\/pages\/61206\/revisions"}],"predecessor-version":[{"id":61212,"href":"https:\/\/teslafm.net\/en\/wp-json\/wp\/v2\/pages\/61206\/revisions\/61212"}],"wp:attachment":[{"href":"https:\/\/teslafm.net\/en\/wp-json\/wp\/v2\/media?parent=61206"}],"curies":[{"name":"wp","href":"https:\/\/api.w.org\/{rel}","templated":true}]}}