

{"id":61311,"date":"2023-01-28T17:21:37","date_gmt":"2023-01-28T16:21:37","guid":{"rendered":"https:\/\/teslafm.net\/?page_id=61311"},"modified":"2023-01-28T18:06:27","modified_gmt":"2023-01-28T17:06:27","slug":"modulisme-5","status":"publish","type":"page","link":"https:\/\/teslafm.net\/en\/modulisme-5\/","title":{"rendered":"Modulism #5"},"content":{"rendered":"<div data-elementor-type=\"wp-page\" data-elementor-id=\"61311\" class=\"elementor elementor-61311\">\n\t\t\t\t\t\t<section class=\"elementor-section elementor-top-section elementor-element elementor-element-4a2255f4 elementor-section-boxed elementor-section-height-default elementor-section-height-default\" data-id=\"4a2255f4\" data-element_type=\"section\" data-e-type=\"section\">\n\t\t\t\t\t\t<div class=\"elementor-container elementor-column-gap-default\">\n\t\t\t\t\t<div class=\"elementor-column elementor-col-100 elementor-top-column elementor-element elementor-element-35cec85c\" data-id=\"35cec85c\" data-element_type=\"column\" data-e-type=\"column\">\n\t\t\t<div class=\"elementor-widget-wrap elementor-element-populated\">\n\t\t\t\t\t\t<div class=\"elementor-element elementor-element-5da87b3a elementor-widget elementor-widget-text-editor\" data-id=\"5da87b3a\" data-element_type=\"widget\" data-e-type=\"widget\" data-widget_type=\"text-editor.default\">\n\t\t\t\t<div class=\"elementor-widget-container\">\n\t\t\t\t\t\t\t\t\t<h2><span style=\"color: #ffffff;\"><strong>Modulism #5<\/strong><\/span><\/h2>\r\n<em><span style=\"color: #808080;\">3 Year Itch Birthday Session Volume 3<\/span>\r\n<\/em>\r\n\r\n<iframe src=\"https:\/\/www.mixcloud.com\/widget\/iframe\/?hide_cover=1&amp;feed=%2FTeslafm_net%2Fmodulisme-5-philippe-petit%2F\" width=\"100%\" height=\"120\" frameborder=\"0\"><\/iframe>\t\t\t\t\t\t\t\t<\/div>\n\t\t\t\t<\/div>\n\t\t\t\t\t<\/div>\n\t\t<\/div>\n\t\t\t\t\t<\/div>\n\t\t<\/section>\n\t\t\t\t<section class=\"elementor-section elementor-top-section elementor-element elementor-element-b347507 elementor-section-boxed elementor-section-height-default elementor-section-height-default\" data-id=\"b347507\" data-element_type=\"section\" data-e-type=\"section\">\n\t\t\t\t\t\t<div class=\"elementor-container elementor-column-gap-default\">\n\t\t\t\t\t<div class=\"elementor-column elementor-col-100 elementor-top-column elementor-element elementor-element-bc5491c\" data-id=\"bc5491c\" data-element_type=\"column\" data-e-type=\"column\">\n\t\t\t<div class=\"elementor-widget-wrap elementor-element-populated\">\n\t\t\t\t\t\t<div class=\"elementor-element elementor-element-8ab2262 elementor-widget elementor-widget-image\" data-id=\"8ab2262\" data-element_type=\"widget\" data-e-type=\"widget\" data-widget_type=\"image.default\">\n\t\t\t\t<div class=\"elementor-widget-container\">\n\t\t\t\t\t\t\t\t\t\t\t\t\t\t\t<img fetchpriority=\"high\" decoding=\"async\" width=\"1000\" height=\"1000\" src=\"https:\/\/teslafm.net\/wp-content\/uploads\/2023\/01\/5.jpg\" class=\"attachment-large size-large wp-image-61318\" alt=\"\" srcset=\"https:\/\/teslafm.net\/wp-content\/uploads\/2023\/01\/5.jpg 1000w, https:\/\/teslafm.net\/wp-content\/uploads\/2023\/01\/5-300x300.jpg 300w, https:\/\/teslafm.net\/wp-content\/uploads\/2023\/01\/5-150x150.jpg 150w, https:\/\/teslafm.net\/wp-content\/uploads\/2023\/01\/5-768x768.jpg 768w\" sizes=\"(max-width: 1000px) 100vw, 1000px\" \/>\t\t\t\t\t\t\t\t\t\t\t\t\t\t\t<\/div>\n\t\t\t\t<\/div>\n\t\t\t\t\t<\/div>\n\t\t<\/div>\n\t\t\t\t\t<\/div>\n\t\t<\/section>\n\t\t\t\t<section class=\"elementor-section elementor-top-section elementor-element elementor-element-b3ed3d5 elementor-section-boxed elementor-section-height-default elementor-section-height-default\" data-id=\"b3ed3d5\" data-element_type=\"section\" data-e-type=\"section\">\n\t\t\t\t\t\t<div class=\"elementor-container elementor-column-gap-default\">\n\t\t\t\t\t<div class=\"elementor-column elementor-col-50 elementor-top-column elementor-element elementor-element-8598c99\" data-id=\"8598c99\" data-element_type=\"column\" data-e-type=\"column\">\n\t\t\t<div class=\"elementor-widget-wrap elementor-element-populated\">\n\t\t\t\t\t\t<div class=\"elementor-element elementor-element-26d5e6e elementor-widget elementor-widget-text-editor\" data-id=\"26d5e6e\" data-element_type=\"widget\" data-e-type=\"widget\" data-widget_type=\"text-editor.default\">\n\t\t\t\t<div class=\"elementor-widget-container\">\n\t\t\t\t\t\t\t\t\t<p><span style=\"color: #808080;\">Modulisme is celebrating 3 years of existence through special compilations called <em>3 Year Itch Birthday Session and here it is v.3<\/em><\/span><\/p><p><span style=\"color: #808080;\"><strong>Klaatu<\/strong> - Escape to victory, 1981 !!!<\/span><br \/><span style=\"color: #808080;\">Born in 1945, <strong>Klaatu<\/strong> embraced the Buchla aesthetic back in the 70's during a stay in San Francisco... Returning to Marseille although he knew <strong>Marcel Fr\u00e9miot<\/strong>, <strong>Francis Miroglio<\/strong> o <strong>Jean-Claude Risset<\/strong> -He used to express himself only in music: \"Escape to Victory 1981\" is not a tribute to that film directed by <strong>John Huston<\/strong> the same year, but rather a cry of joy following the electoral victory of <strong>Fran\u00e7ois Mitterrand<\/strong>. In a difficult context, following the eviction of the comedian <strong>Necklace<\/strong> and so many years of supporting the right-wing government, many of us felt happy and victorious. The delirium came later but that is another story, for now we are proud to make this song public more than 40 years after it was recorded... Although socially we have lost a lot since then, there is still this victory thanks to the music.<\/span><\/p><p><span style=\"color: #808080;\"><strong>Philippe Petit<\/strong> - IOU oui<\/span><br \/><span style=\"color: #808080;\">I thought about playing my Buchla System 200 and working on a short suite for <strong>Klaatu<\/strong> while playing some of his tunes on my Serge system....<\/span><br \/><span style=\"color: #808080;\">More than 40 years later expressing how much I owe to such innovators, remembering that the further back I listen, the further ahead I can think...<\/span><br \/><span style=\"color: #808080;\">That's exactly where my music lies, deeply influenced by the pioneers of electronic music but rejecting any kind of passeism and deeply current, my present is retro-futuristic.<\/span><\/p><p><span style=\"color: #808080;\"><strong>Benge<\/strong> - B200 sidewaves 2-04<\/span><br \/><span style=\"color: #808080;\"><strong>Benge<\/strong> is an electronic musician and producer working in the analog and digital domains. He is an advocate of vintage synthesizers and music equipment, and has created a large body of work performed on his <em>Memetune Studios<\/em> in the UK. His latest project is a self-made television series that covers the history and use of electronic instruments called <em>\"The Memetune Programme\"<\/em>.<\/span><\/p><p><span style=\"color: #808080;\"><strong>Michael White<\/strong> - Transmission<\/span><br \/><span style=\"color: #808080;\">Since 2006, <strong>Michael White<\/strong> has created music using the modular music system <em>STS Serge<\/em>. Over the years, its <em>Animoo<\/em> and <em>TKB<\/em> 2 panel originals have been expanded (with the guidance of his friend <strong>Rex Probe<\/strong>) into a beast that is at times mangy, disheveled and unruly and at other times pure and simple. Described as ambient tone poems, the music moves somewhere between classifications or styles. In 2020 he began releasing music on Bandcamp.<\/span><\/p><p><span style=\"color: #808080;\"><strong>Doug Lynner<\/strong> - Occasion 3<\/span><br \/><span style=\"color: #808080;\"><strong>Doug Lynner<\/strong> is a lifelong musician whose career began as a keyboardist and guitarist in psychedelic rock bands in the 1960s. In parallel, he earned a college degree in electronic music composition from the California Institute of the Arts, where he studied with <strong>Morton Subotnick<\/strong>, <strong>Harold Budd<\/strong>, <strong>James Tenny<\/strong>, <strong>Leonid Hambro<\/strong> and <strong>Nicholis England<\/strong>.<\/span><br \/><span style=\"color: #808080;\">He performs internationally, hosts a weekly FM radio program (<em>Bloop and Quack<\/em>), teaches electronic music and music composition privately and presents free modular synthesizer video tutorials.<\/span><\/p>\t\t\t\t\t\t\t\t<\/div>\n\t\t\t\t<\/div>\n\t\t\t\t\t<\/div>\n\t\t<\/div>\n\t\t\t\t<div class=\"elementor-column elementor-col-50 elementor-top-column elementor-element elementor-element-532df90\" data-id=\"532df90\" data-element_type=\"column\" data-e-type=\"column\">\n\t\t\t<div class=\"elementor-widget-wrap elementor-element-populated\">\n\t\t\t\t\t\t<div class=\"elementor-element elementor-element-4d1e021 elementor-widget elementor-widget-text-editor\" data-id=\"4d1e021\" data-element_type=\"widget\" data-e-type=\"widget\" data-widget_type=\"text-editor.default\">\n\t\t\t\t<div class=\"elementor-widget-container\">\n\t\t\t\t\t\t\t\t\t<p><span style=\"color: #808080;\"><strong>Tom Djll<\/strong> - Greetings<\/span><br \/><span style=\"color: #808080;\"><strong>Tom Djll<\/strong> studied electronic music with <strong>Stephen Scott<\/strong> at Colorado College, working with <em>EMS Synthi<\/em> 100. Spent 1981-1993 working with <em>Serge Modular Music System<\/em> (SERGE WORKS published by netlabel <em>Modern Hits by Other Minds<\/em>, 2018) before enrolling in Mills College Contemporary Music Program, where he furthered his quest to develop and integrate an idiosyncratic trumpet language into electronic sound worlds. He resides in California.<\/span><\/p><p><span style=\"color: #808080;\"><strong>Palle Dahlstedt<\/strong> - Pipes<\/span><br \/><span style=\"color: #808080;\">The music of <strong>Palle<\/strong>ranging from piano solos to orchestral music and interactive software installations, has been performed on six continents and has been awarded several international prizes (e.g. the Gaudeamus Prize 2001). In his research, <em>Dahlstedt<\/em> studies the deep entanglement of art and advanced technology, particularly in relation to the creative and aesthetic implications. He develops new technologies for improvisation, composition and art, and is especially interested in advanced algorithms in the creative process, in technologies that enable performance embedded in electronic sounds and new types of interactions, based on an emerging systems view of human technology. interactions. Through his publications and artistic works, he has contributed technologies and theories to the field of computational creativity and musical interaction.<\/span><\/p><p><span style=\"color: #808080;\"><strong>Anla Courtis<\/strong> - Metallic Serge I<\/span><br \/><span style=\"color: #808080;\"><strong>Alan Courtis<\/strong> (aka Anla Courtis, Alna Courtis, etc.) was born in 1972 in Buenos Aires, Argentina. She was a founding member of the <strong>Reynols<\/strong>He is a legendary band that has recorded more than 100 cds and has left a great mark in noise music. He has worked in the field of sound art, electroacoustic music, drone, noise, improvisation and composition.<\/span><br \/><span style=\"color: #808080;\">This work was recorded on March 5, 2014 at <em>Elektronmusikstudion EMS<\/em>Stockholm, Sweden playing his Serge modular synthesizer, metal object and contact microphone.<\/span><\/p><p><span style=\"color: #808080;\"><strong>Batchas<\/strong> - Chrysalide<\/span><br \/><span style=\"color: #808080;\"><strong>Batchas<\/strong> began playing experimental electronic and industrial music in 1983 using analog machines. The way our world vibrates has always fascinated him and today he enjoys every ephemeral moment he spends improvising on his modular systems.<\/span><\/p><p><span style=\"color: #808080;\"><strong>Frank Bretschneider<\/strong> - Ecolette<\/span><br \/><span style=\"color: #808080;\"><strong>Frank Bretschneider<\/strong> is a musician, composer and video artist based in Berlin.<\/span><br \/><span style=\"color: #808080;\">Founded the tape label <em>KlangFarBe<\/em> in the mid-1980s and later co-founded the label <em>Raster-Noton<\/em>. Most of his early solo albums, about half a dozen, were under the alias. <strong>Komet<\/strong>. He has published his work in <em>Raster-Noton<\/em>, <em>12k<\/em>, <em>Line<\/em>,<em> Mille Plateaux<\/em> o <em>Shitkatapult<\/em>and has contributed to some historical compilations such as \"Clicks &amp; cuts\" and the \"20\u2032 to 2000\" series.<\/span><\/p><p><span style=\"color: #808080;\">for more, please visit<\/span> <a href=\"https:\/\/modular-station.com\/modulisme\/\" target=\"_blank\" rel=\"noopener\">modulisme.info<\/a><\/p>\t\t\t\t\t\t\t\t<\/div>\n\t\t\t\t<\/div>\n\t\t\t\t\t<\/div>\n\t\t<\/div>\n\t\t\t\t\t<\/div>\n\t\t<\/section>\n\t\t\t\t<\/div>","protected":false},"excerpt":{"rendered":"<p>Modulisme #5 3 Year Itch Birthday Session vol\u00famen 3 Modulisme celebra 3 a\u00f1os de existencia a trav\u00e9s de compilaciones especiales llamadas 3 Year Itch Birthday Session y aqu\u00ed est\u00e1 v.3 Klaatu &#8211; Escape to victory, 1981 !!!Nacido en 1945, Klaatu abraz\u00f3 la est\u00e9tica Buchla all\u00e1 por los a\u00f1os 70 durante una estancia en San Francisco\u2026 [&hellip;]<\/p>\n","protected":false},"author":19,"featured_media":0,"parent":0,"menu_order":0,"comment_status":"closed","ping_status":"closed","template":"","meta":{"footnotes":""},"class_list":["post-61311","page","type-page","status-publish","hentry"],"yoast_head":"<!-- This site is optimized with the Yoast SEO plugin v27.4 - https:\/\/yoast.com\/product\/yoast-seo-wordpress\/ -->\n<title>Modulisme #5 -<\/title>\n<meta name=\"robots\" content=\"index, follow, max-snippet:-1, max-image-preview:large, max-video-preview:-1\" \/>\n<link rel=\"canonical\" href=\"https:\/\/teslafm.net\/en\/modulisme-5\/\" \/>\n<meta property=\"og:locale\" content=\"en_US\" \/>\n<meta property=\"og:type\" content=\"article\" \/>\n<meta property=\"og:title\" content=\"Modulisme #5 -\" \/>\n<meta property=\"og:description\" content=\"Modulisme #5 3 Year Itch Birthday Session vol\u00famen 3 Modulisme celebra 3 a\u00f1os de existencia a trav\u00e9s de compilaciones especiales llamadas 3 Year Itch Birthday Session y aqu\u00ed est\u00e1 v.3 Klaatu &#8211; Escape to victory, 1981 !!!Nacido en 1945, Klaatu abraz\u00f3 la est\u00e9tica Buchla all\u00e1 por los a\u00f1os 70 durante una estancia en San Francisco\u2026 [&hellip;]\" \/>\n<meta property=\"og:url\" content=\"https:\/\/teslafm.net\/en\/modulisme-5\/\" \/>\n<meta property=\"article:publisher\" content=\"https:\/\/www.facebook.com\/teslafm.net\" \/>\n<meta property=\"article:modified_time\" content=\"2023-01-28T17:06:27+00:00\" \/>\n<meta property=\"og:image\" content=\"http:\/\/teslafm.net\/wp-content\/uploads\/2023\/01\/5.jpg\" \/>\n<meta name=\"twitter:card\" content=\"summary_large_image\" \/>\n<meta name=\"twitter:site\" content=\"@teslafm\" \/>\n<meta name=\"twitter:label1\" content=\"Est. reading time\" \/>\n\t<meta name=\"twitter:data1\" content=\"5 minutes\" \/>\n<script type=\"application\/ld+json\" class=\"yoast-schema-graph\">{\"@context\":\"https:\\\/\\\/schema.org\",\"@graph\":[{\"@type\":\"WebPage\",\"@id\":\"https:\\\/\\\/teslafm.net\\\/modulisme-5\\\/\",\"url\":\"https:\\\/\\\/teslafm.net\\\/modulisme-5\\\/\",\"name\":\"Modulisme #5 -\",\"isPartOf\":{\"@id\":\"https:\\\/\\\/teslafm.net\\\/#website\"},\"primaryImageOfPage\":{\"@id\":\"https:\\\/\\\/teslafm.net\\\/modulisme-5\\\/#primaryimage\"},\"image\":{\"@id\":\"https:\\\/\\\/teslafm.net\\\/modulisme-5\\\/#primaryimage\"},\"thumbnailUrl\":\"http:\\\/\\\/teslafm.net\\\/wp-content\\\/uploads\\\/2023\\\/01\\\/5.jpg\",\"datePublished\":\"2023-01-28T16:21:37+00:00\",\"dateModified\":\"2023-01-28T17:06:27+00:00\",\"breadcrumb\":{\"@id\":\"https:\\\/\\\/teslafm.net\\\/modulisme-5\\\/#breadcrumb\"},\"inLanguage\":\"en-US\",\"potentialAction\":[{\"@type\":\"ReadAction\",\"target\":[\"https:\\\/\\\/teslafm.net\\\/modulisme-5\\\/\"]}]},{\"@type\":\"ImageObject\",\"inLanguage\":\"en-US\",\"@id\":\"https:\\\/\\\/teslafm.net\\\/modulisme-5\\\/#primaryimage\",\"url\":\"http:\\\/\\\/teslafm.net\\\/wp-content\\\/uploads\\\/2023\\\/01\\\/5.jpg\",\"contentUrl\":\"http:\\\/\\\/teslafm.net\\\/wp-content\\\/uploads\\\/2023\\\/01\\\/5.jpg\"},{\"@type\":\"BreadcrumbList\",\"@id\":\"https:\\\/\\\/teslafm.net\\\/modulisme-5\\\/#breadcrumb\",\"itemListElement\":[{\"@type\":\"ListItem\",\"position\":1,\"name\":\"Portada\",\"item\":\"https:\\\/\\\/teslafm.net\\\/\"},{\"@type\":\"ListItem\",\"position\":2,\"name\":\"Modulisme #5\"}]},{\"@type\":\"WebSite\",\"@id\":\"https:\\\/\\\/teslafm.net\\\/#website\",\"url\":\"https:\\\/\\\/teslafm.net\\\/\",\"name\":\"TeslaFM\",\"description\":\"An experimental and creative radio\",\"publisher\":{\"@id\":\"https:\\\/\\\/teslafm.net\\\/#organization\"},\"potentialAction\":[{\"@type\":\"SearchAction\",\"target\":{\"@type\":\"EntryPoint\",\"urlTemplate\":\"https:\\\/\\\/teslafm.net\\\/?s={search_term_string}\"},\"query-input\":{\"@type\":\"PropertyValueSpecification\",\"valueRequired\":true,\"valueName\":\"search_term_string\"}}],\"inLanguage\":\"en-US\"},{\"@type\":\"Organization\",\"@id\":\"https:\\\/\\\/teslafm.net\\\/#organization\",\"name\":\"TeslaFM\",\"url\":\"https:\\\/\\\/teslafm.net\\\/\",\"logo\":{\"@type\":\"ImageObject\",\"inLanguage\":\"en-US\",\"@id\":\"https:\\\/\\\/teslafm.net\\\/#\\\/schema\\\/logo\\\/image\\\/\",\"url\":\"https:\\\/\\\/teslafm.net\\\/wp-content\\\/uploads\\\/2020\\\/06\\\/logo-tesla.png\",\"contentUrl\":\"https:\\\/\\\/teslafm.net\\\/wp-content\\\/uploads\\\/2020\\\/06\\\/logo-tesla.png\",\"width\":512,\"height\":512,\"caption\":\"TeslaFM\"},\"image\":{\"@id\":\"https:\\\/\\\/teslafm.net\\\/#\\\/schema\\\/logo\\\/image\\\/\"},\"sameAs\":[\"https:\\\/\\\/www.facebook.com\\\/teslafm.net\",\"https:\\\/\\\/x.com\\\/teslafm\"]}]}<\/script>\n<!-- \/ Yoast SEO plugin. -->","yoast_head_json":{"title":"Modulisme #5 -","robots":{"index":"index","follow":"follow","max-snippet":"max-snippet:-1","max-image-preview":"max-image-preview:large","max-video-preview":"max-video-preview:-1"},"canonical":"https:\/\/teslafm.net\/en\/modulisme-5\/","og_locale":"en_US","og_type":"article","og_title":"Modulisme #5 -","og_description":"Modulisme #5 3 Year Itch Birthday Session vol\u00famen 3 Modulisme celebra 3 a\u00f1os de existencia a trav\u00e9s de compilaciones especiales llamadas 3 Year Itch Birthday Session y aqu\u00ed est\u00e1 v.3 Klaatu &#8211; Escape to victory, 1981 !!!Nacido en 1945, Klaatu abraz\u00f3 la est\u00e9tica Buchla all\u00e1 por los a\u00f1os 70 durante una estancia en San Francisco\u2026 [&hellip;]","og_url":"https:\/\/teslafm.net\/en\/modulisme-5\/","article_publisher":"https:\/\/www.facebook.com\/teslafm.net","article_modified_time":"2023-01-28T17:06:27+00:00","og_image":[{"url":"http:\/\/teslafm.net\/wp-content\/uploads\/2023\/01\/5.jpg","type":"","width":"","height":""}],"twitter_card":"summary_large_image","twitter_site":"@teslafm","twitter_misc":{"Est. reading time":"5 minutes"},"schema":{"@context":"https:\/\/schema.org","@graph":[{"@type":"WebPage","@id":"https:\/\/teslafm.net\/modulisme-5\/","url":"https:\/\/teslafm.net\/modulisme-5\/","name":"Modulisme #5 -","isPartOf":{"@id":"https:\/\/teslafm.net\/#website"},"primaryImageOfPage":{"@id":"https:\/\/teslafm.net\/modulisme-5\/#primaryimage"},"image":{"@id":"https:\/\/teslafm.net\/modulisme-5\/#primaryimage"},"thumbnailUrl":"http:\/\/teslafm.net\/wp-content\/uploads\/2023\/01\/5.jpg","datePublished":"2023-01-28T16:21:37+00:00","dateModified":"2023-01-28T17:06:27+00:00","breadcrumb":{"@id":"https:\/\/teslafm.net\/modulisme-5\/#breadcrumb"},"inLanguage":"en-US","potentialAction":[{"@type":"ReadAction","target":["https:\/\/teslafm.net\/modulisme-5\/"]}]},{"@type":"ImageObject","inLanguage":"en-US","@id":"https:\/\/teslafm.net\/modulisme-5\/#primaryimage","url":"http:\/\/teslafm.net\/wp-content\/uploads\/2023\/01\/5.jpg","contentUrl":"http:\/\/teslafm.net\/wp-content\/uploads\/2023\/01\/5.jpg"},{"@type":"BreadcrumbList","@id":"https:\/\/teslafm.net\/modulisme-5\/#breadcrumb","itemListElement":[{"@type":"ListItem","position":1,"name":"Portada","item":"https:\/\/teslafm.net\/"},{"@type":"ListItem","position":2,"name":"Modulisme #5"}]},{"@type":"WebSite","@id":"https:\/\/teslafm.net\/#website","url":"https:\/\/teslafm.net\/","name":"TeslaFM","description":"An experimental and creative radio","publisher":{"@id":"https:\/\/teslafm.net\/#organization"},"potentialAction":[{"@type":"SearchAction","target":{"@type":"EntryPoint","urlTemplate":"https:\/\/teslafm.net\/?s={search_term_string}"},"query-input":{"@type":"PropertyValueSpecification","valueRequired":true,"valueName":"search_term_string"}}],"inLanguage":"en-US"},{"@type":"Organization","@id":"https:\/\/teslafm.net\/#organization","name":"TeslaFM","url":"https:\/\/teslafm.net\/","logo":{"@type":"ImageObject","inLanguage":"en-US","@id":"https:\/\/teslafm.net\/#\/schema\/logo\/image\/","url":"https:\/\/teslafm.net\/wp-content\/uploads\/2020\/06\/logo-tesla.png","contentUrl":"https:\/\/teslafm.net\/wp-content\/uploads\/2020\/06\/logo-tesla.png","width":512,"height":512,"caption":"TeslaFM"},"image":{"@id":"https:\/\/teslafm.net\/#\/schema\/logo\/image\/"},"sameAs":["https:\/\/www.facebook.com\/teslafm.net","https:\/\/x.com\/teslafm"]}]}},"rttpg_featured_image_url":null,"rttpg_author":{"display_name":"Ishak","author_link":"https:\/\/teslafm.net\/en\/author\/cravan\/"},"rttpg_comment":0,"rttpg_category":null,"rttpg_excerpt":"Modulisme #5 3 Year Itch Birthday Session vol\u00famen 3 Modulisme celebra 3 a\u00f1os de existencia a trav\u00e9s de compilaciones especiales llamadas 3 Year Itch Birthday Session y aqu\u00ed est\u00e1 v.3 Klaatu &#8211; Escape to victory, 1981 !!!Nacido en 1945, Klaatu abraz\u00f3 la est\u00e9tica Buchla all\u00e1 por los a\u00f1os 70 durante una estancia en San Francisco\u2026&hellip;","_links":{"self":[{"href":"https:\/\/teslafm.net\/en\/wp-json\/wp\/v2\/pages\/61311","targetHints":{"allow":["GET"]}}],"collection":[{"href":"https:\/\/teslafm.net\/en\/wp-json\/wp\/v2\/pages"}],"about":[{"href":"https:\/\/teslafm.net\/en\/wp-json\/wp\/v2\/types\/page"}],"author":[{"embeddable":true,"href":"https:\/\/teslafm.net\/en\/wp-json\/wp\/v2\/users\/19"}],"replies":[{"embeddable":true,"href":"https:\/\/teslafm.net\/en\/wp-json\/wp\/v2\/comments?post=61311"}],"version-history":[{"count":18,"href":"https:\/\/teslafm.net\/en\/wp-json\/wp\/v2\/pages\/61311\/revisions"}],"predecessor-version":[{"id":61334,"href":"https:\/\/teslafm.net\/en\/wp-json\/wp\/v2\/pages\/61311\/revisions\/61334"}],"wp:attachment":[{"href":"https:\/\/teslafm.net\/en\/wp-json\/wp\/v2\/media?parent=61311"}],"curies":[{"name":"wp","href":"https:\/\/api.w.org\/{rel}","templated":true}]}}