

{"id":61369,"date":"2023-02-03T18:20:23","date_gmt":"2023-02-03T17:20:23","guid":{"rendered":"https:\/\/teslafm.net\/?page_id=61369"},"modified":"2023-02-03T18:23:57","modified_gmt":"2023-02-03T17:23:57","slug":"deltagrama-11","status":"publish","type":"page","link":"https:\/\/teslafm.net\/en\/deltagrama-11\/","title":{"rendered":"Deltagram #11"},"content":{"rendered":"<div data-elementor-type=\"wp-page\" data-elementor-id=\"61369\" class=\"elementor elementor-61369\">\n\t\t\t\t\t\t<section class=\"elementor-section elementor-top-section elementor-element elementor-element-3f126d0 elementor-section-boxed elementor-section-height-default elementor-section-height-default\" data-id=\"3f126d0\" data-element_type=\"section\" data-e-type=\"section\">\n\t\t\t\t\t\t<div class=\"elementor-container elementor-column-gap-default\">\n\t\t\t\t\t<div class=\"elementor-column elementor-col-100 elementor-top-column elementor-element elementor-element-1fc4568d\" data-id=\"1fc4568d\" data-element_type=\"column\" data-e-type=\"column\">\n\t\t\t<div class=\"elementor-widget-wrap elementor-element-populated\">\n\t\t\t\t\t\t<div class=\"elementor-element elementor-element-618a8661 elementor-widget elementor-widget-text-editor\" data-id=\"618a8661\" data-element_type=\"widget\" data-e-type=\"widget\" data-widget_type=\"text-editor.default\">\n\t\t\t\t<div class=\"elementor-widget-container\">\n\t\t\t\t\t\t\t\t\t<h2><span style=\"color: #ffffff;\"><strong>Deltagram #11<\/strong><\/span><\/h2><p><span style=\"color: #808080;\"><em>February 2023<\/em><\/span><\/p><p><iframe src=\"https:\/\/www.mixcloud.com\/widget\/iframe\/?hide_cover=1&amp;feed=%2FTeslafm_net%2Fdeltagrama-11-soul-twin%2F\" width=\"100%\" height=\"120\" frameborder=\"0\"><\/iframe><\/p>\t\t\t\t\t\t\t\t<\/div>\n\t\t\t\t<\/div>\n\t\t\t\t\t<\/div>\n\t\t<\/div>\n\t\t\t\t\t<\/div>\n\t\t<\/section>\n\t\t\t\t<section class=\"elementor-section elementor-top-section elementor-element elementor-element-1aa3d1c elementor-section-boxed elementor-section-height-default elementor-section-height-default\" data-id=\"1aa3d1c\" data-element_type=\"section\" data-e-type=\"section\">\n\t\t\t\t\t\t<div class=\"elementor-container elementor-column-gap-default\">\n\t\t\t\t\t<div class=\"elementor-column elementor-col-50 elementor-top-column elementor-element elementor-element-b5ce188\" data-id=\"b5ce188\" data-element_type=\"column\" data-e-type=\"column\">\n\t\t\t<div class=\"elementor-widget-wrap elementor-element-populated\">\n\t\t\t\t\t\t<div class=\"elementor-element elementor-element-ed291fd elementor-widget elementor-widget-image\" data-id=\"ed291fd\" data-element_type=\"widget\" data-e-type=\"widget\" data-widget_type=\"image.default\">\n\t\t\t\t<div class=\"elementor-widget-container\">\n\t\t\t\t\t\t\t\t\t\t\t\t\t\t\t<img fetchpriority=\"high\" decoding=\"async\" width=\"1024\" height=\"1024\" src=\"https:\/\/teslafm.net\/wp-content\/uploads\/2023\/02\/DELTAGRAMA-1024x1024.jpg\" class=\"attachment-large size-large wp-image-61372\" alt=\"\" srcset=\"https:\/\/teslafm.net\/wp-content\/uploads\/2023\/02\/DELTAGRAMA-1024x1024.jpg 1024w, https:\/\/teslafm.net\/wp-content\/uploads\/2023\/02\/DELTAGRAMA-300x300.jpg 300w, https:\/\/teslafm.net\/wp-content\/uploads\/2023\/02\/DELTAGRAMA-150x150.jpg 150w, https:\/\/teslafm.net\/wp-content\/uploads\/2023\/02\/DELTAGRAMA-768x768.jpg 768w, https:\/\/teslafm.net\/wp-content\/uploads\/2023\/02\/DELTAGRAMA.jpg 1080w\" sizes=\"(max-width: 1024px) 100vw, 1024px\" \/>\t\t\t\t\t\t\t\t\t\t\t\t\t\t\t<\/div>\n\t\t\t\t<\/div>\n\t\t\t\t\t<\/div>\n\t\t<\/div>\n\t\t\t\t<div class=\"elementor-column elementor-col-50 elementor-top-column elementor-element elementor-element-8f095ef\" data-id=\"8f095ef\" data-element_type=\"column\" data-e-type=\"column\">\n\t\t\t<div class=\"elementor-widget-wrap elementor-element-populated\">\n\t\t\t\t\t\t<div class=\"elementor-element elementor-element-5ea835a elementor-widget elementor-widget-text-editor\" data-id=\"5ea835a\" data-element_type=\"widget\" data-e-type=\"widget\" data-widget_type=\"text-editor.default\">\n\t\t\t\t<div class=\"elementor-widget-container\">\n\t\t\t\t\t\t\t\t\t<p><span style=\"color: #808080;\"><strong>IDEM FX<\/strong> is a new project of <strong>Soul Twin<\/strong> founders of <strong>Mind Product Records<\/strong>. Under this pseudonym, they experiment processing and mixing music on vinyl and cd. Combining impossible tracks, manipulating the sound, playing with tempo, effects and other elements that offer a new experimental vision of music that inspires them. From pop songs, to classical music, passing through styles such as flamenco, spoken word and other oblivious songs.<\/span><\/p>\t\t\t\t\t\t\t\t<\/div>\n\t\t\t\t<\/div>\n\t\t\t\t\t<\/div>\n\t\t<\/div>\n\t\t\t\t\t<\/div>\n\t\t<\/section>\n\t\t\t\t<\/div>","protected":false},"excerpt":{"rendered":"<p>Deltagrama #11 Febrero 2023 IDEM FX \u00e9s un nou projecte de Soul Twin fundadors de Mind Product Records. Amb aquest pseud\u00f2nim, experimenten processant i barrejant m\u00fasica en vinil i cd. Combinant tracks impossibles, manipulant el so, jugant amb el tempo, efectes i altres elements que ofereixen una nova visi\u00f3 experimental de m\u00fasica que els inspira. [&hellip;]<\/p>\n","protected":false},"author":19,"featured_media":0,"parent":0,"menu_order":0,"comment_status":"closed","ping_status":"closed","template":"","meta":{"footnotes":""},"class_list":["post-61369","page","type-page","status-publish","hentry"],"yoast_head":"<!-- This site is optimized with the Yoast SEO plugin v27.2 - https:\/\/yoast.com\/product\/yoast-seo-wordpress\/ -->\n<title>Deltagrama #11 -<\/title>\n<meta name=\"robots\" content=\"index, follow, max-snippet:-1, max-image-preview:large, max-video-preview:-1\" \/>\n<link rel=\"canonical\" href=\"https:\/\/teslafm.net\/en\/deltagrama-11\/\" \/>\n<meta property=\"og:locale\" content=\"en_US\" \/>\n<meta property=\"og:type\" content=\"article\" \/>\n<meta property=\"og:title\" content=\"Deltagrama #11 -\" \/>\n<meta property=\"og:description\" content=\"Deltagrama #11 Febrero 2023 IDEM FX \u00e9s un nou projecte de Soul Twin fundadors de Mind Product Records. Amb aquest pseud\u00f2nim, experimenten processant i barrejant m\u00fasica en vinil i cd. Combinant tracks impossibles, manipulant el so, jugant amb el tempo, efectes i altres elements que ofereixen una nova visi\u00f3 experimental de m\u00fasica que els inspira. [&hellip;]\" \/>\n<meta property=\"og:url\" content=\"https:\/\/teslafm.net\/en\/deltagrama-11\/\" \/>\n<meta property=\"article:publisher\" content=\"https:\/\/www.facebook.com\/teslafm.net\" \/>\n<meta property=\"article:modified_time\" content=\"2023-02-03T17:23:57+00:00\" \/>\n<meta property=\"og:image\" content=\"http:\/\/teslafm.net\/wp-content\/uploads\/2023\/02\/DELTAGRAMA-1024x1024.jpg\" \/>\n<meta name=\"twitter:card\" content=\"summary_large_image\" \/>\n<meta name=\"twitter:site\" content=\"@teslafm\" \/>\n<meta name=\"twitter:label1\" content=\"Est. reading time\" \/>\n\t<meta name=\"twitter:data1\" content=\"1 minute\" \/>\n<script type=\"application\/ld+json\" class=\"yoast-schema-graph\">{\"@context\":\"https:\/\/schema.org\",\"@graph\":[{\"@type\":\"WebPage\",\"@id\":\"https:\/\/teslafm.net\/deltagrama-11\/\",\"url\":\"https:\/\/teslafm.net\/deltagrama-11\/\",\"name\":\"Deltagrama #11 -\",\"isPartOf\":{\"@id\":\"https:\/\/teslafm.net\/#website\"},\"primaryImageOfPage\":{\"@id\":\"https:\/\/teslafm.net\/deltagrama-11\/#primaryimage\"},\"image\":{\"@id\":\"https:\/\/teslafm.net\/deltagrama-11\/#primaryimage\"},\"thumbnailUrl\":\"http:\/\/teslafm.net\/wp-content\/uploads\/2023\/02\/DELTAGRAMA-1024x1024.jpg\",\"datePublished\":\"2023-02-03T17:20:23+00:00\",\"dateModified\":\"2023-02-03T17:23:57+00:00\",\"breadcrumb\":{\"@id\":\"https:\/\/teslafm.net\/deltagrama-11\/#breadcrumb\"},\"inLanguage\":\"en-US\",\"potentialAction\":[{\"@type\":\"ReadAction\",\"target\":[\"https:\/\/teslafm.net\/deltagrama-11\/\"]}]},{\"@type\":\"ImageObject\",\"inLanguage\":\"en-US\",\"@id\":\"https:\/\/teslafm.net\/deltagrama-11\/#primaryimage\",\"url\":\"http:\/\/teslafm.net\/wp-content\/uploads\/2023\/02\/DELTAGRAMA-1024x1024.jpg\",\"contentUrl\":\"http:\/\/teslafm.net\/wp-content\/uploads\/2023\/02\/DELTAGRAMA-1024x1024.jpg\"},{\"@type\":\"BreadcrumbList\",\"@id\":\"https:\/\/teslafm.net\/deltagrama-11\/#breadcrumb\",\"itemListElement\":[{\"@type\":\"ListItem\",\"position\":1,\"name\":\"Portada\",\"item\":\"https:\/\/teslafm.net\/\"},{\"@type\":\"ListItem\",\"position\":2,\"name\":\"Deltagrama #11\"}]},{\"@type\":\"WebSite\",\"@id\":\"https:\/\/teslafm.net\/#website\",\"url\":\"https:\/\/teslafm.net\/\",\"name\":\"TeslaFM\",\"description\":\"An experimental and creative radio\",\"publisher\":{\"@id\":\"https:\/\/teslafm.net\/#organization\"},\"potentialAction\":[{\"@type\":\"SearchAction\",\"target\":{\"@type\":\"EntryPoint\",\"urlTemplate\":\"https:\/\/teslafm.net\/?s={search_term_string}\"},\"query-input\":{\"@type\":\"PropertyValueSpecification\",\"valueRequired\":true,\"valueName\":\"search_term_string\"}}],\"inLanguage\":\"en-US\"},{\"@type\":\"Organization\",\"@id\":\"https:\/\/teslafm.net\/#organization\",\"name\":\"TeslaFM\",\"url\":\"https:\/\/teslafm.net\/\",\"logo\":{\"@type\":\"ImageObject\",\"inLanguage\":\"en-US\",\"@id\":\"https:\/\/teslafm.net\/#\/schema\/logo\/image\/\",\"url\":\"https:\/\/teslafm.net\/wp-content\/uploads\/2020\/06\/logo-tesla.png\",\"contentUrl\":\"https:\/\/teslafm.net\/wp-content\/uploads\/2020\/06\/logo-tesla.png\",\"width\":512,\"height\":512,\"caption\":\"TeslaFM\"},\"image\":{\"@id\":\"https:\/\/teslafm.net\/#\/schema\/logo\/image\/\"},\"sameAs\":[\"https:\/\/www.facebook.com\/teslafm.net\",\"https:\/\/x.com\/teslafm\"]}]}<\/script>\n<!-- \/ Yoast SEO plugin. -->","yoast_head_json":{"title":"Deltagrama #11 -","robots":{"index":"index","follow":"follow","max-snippet":"max-snippet:-1","max-image-preview":"max-image-preview:large","max-video-preview":"max-video-preview:-1"},"canonical":"https:\/\/teslafm.net\/en\/deltagrama-11\/","og_locale":"en_US","og_type":"article","og_title":"Deltagrama #11 -","og_description":"Deltagrama #11 Febrero 2023 IDEM FX \u00e9s un nou projecte de Soul Twin fundadors de Mind Product Records. Amb aquest pseud\u00f2nim, experimenten processant i barrejant m\u00fasica en vinil i cd. Combinant tracks impossibles, manipulant el so, jugant amb el tempo, efectes i altres elements que ofereixen una nova visi\u00f3 experimental de m\u00fasica que els inspira. [&hellip;]","og_url":"https:\/\/teslafm.net\/en\/deltagrama-11\/","article_publisher":"https:\/\/www.facebook.com\/teslafm.net","article_modified_time":"2023-02-03T17:23:57+00:00","og_image":[{"url":"http:\/\/teslafm.net\/wp-content\/uploads\/2023\/02\/DELTAGRAMA-1024x1024.jpg","type":"","width":"","height":""}],"twitter_card":"summary_large_image","twitter_site":"@teslafm","twitter_misc":{"Est. reading time":"1 minute"},"schema":{"@context":"https:\/\/schema.org","@graph":[{"@type":"WebPage","@id":"https:\/\/teslafm.net\/deltagrama-11\/","url":"https:\/\/teslafm.net\/deltagrama-11\/","name":"Deltagrama #11 -","isPartOf":{"@id":"https:\/\/teslafm.net\/#website"},"primaryImageOfPage":{"@id":"https:\/\/teslafm.net\/deltagrama-11\/#primaryimage"},"image":{"@id":"https:\/\/teslafm.net\/deltagrama-11\/#primaryimage"},"thumbnailUrl":"http:\/\/teslafm.net\/wp-content\/uploads\/2023\/02\/DELTAGRAMA-1024x1024.jpg","datePublished":"2023-02-03T17:20:23+00:00","dateModified":"2023-02-03T17:23:57+00:00","breadcrumb":{"@id":"https:\/\/teslafm.net\/deltagrama-11\/#breadcrumb"},"inLanguage":"en-US","potentialAction":[{"@type":"ReadAction","target":["https:\/\/teslafm.net\/deltagrama-11\/"]}]},{"@type":"ImageObject","inLanguage":"en-US","@id":"https:\/\/teslafm.net\/deltagrama-11\/#primaryimage","url":"http:\/\/teslafm.net\/wp-content\/uploads\/2023\/02\/DELTAGRAMA-1024x1024.jpg","contentUrl":"http:\/\/teslafm.net\/wp-content\/uploads\/2023\/02\/DELTAGRAMA-1024x1024.jpg"},{"@type":"BreadcrumbList","@id":"https:\/\/teslafm.net\/deltagrama-11\/#breadcrumb","itemListElement":[{"@type":"ListItem","position":1,"name":"Portada","item":"https:\/\/teslafm.net\/"},{"@type":"ListItem","position":2,"name":"Deltagrama #11"}]},{"@type":"WebSite","@id":"https:\/\/teslafm.net\/#website","url":"https:\/\/teslafm.net\/","name":"TeslaFM","description":"An experimental and creative radio","publisher":{"@id":"https:\/\/teslafm.net\/#organization"},"potentialAction":[{"@type":"SearchAction","target":{"@type":"EntryPoint","urlTemplate":"https:\/\/teslafm.net\/?s={search_term_string}"},"query-input":{"@type":"PropertyValueSpecification","valueRequired":true,"valueName":"search_term_string"}}],"inLanguage":"en-US"},{"@type":"Organization","@id":"https:\/\/teslafm.net\/#organization","name":"TeslaFM","url":"https:\/\/teslafm.net\/","logo":{"@type":"ImageObject","inLanguage":"en-US","@id":"https:\/\/teslafm.net\/#\/schema\/logo\/image\/","url":"https:\/\/teslafm.net\/wp-content\/uploads\/2020\/06\/logo-tesla.png","contentUrl":"https:\/\/teslafm.net\/wp-content\/uploads\/2020\/06\/logo-tesla.png","width":512,"height":512,"caption":"TeslaFM"},"image":{"@id":"https:\/\/teslafm.net\/#\/schema\/logo\/image\/"},"sameAs":["https:\/\/www.facebook.com\/teslafm.net","https:\/\/x.com\/teslafm"]}]}},"rttpg_featured_image_url":null,"rttpg_author":{"display_name":"Ishak","author_link":"https:\/\/teslafm.net\/en\/author\/cravan\/"},"rttpg_comment":0,"rttpg_category":null,"rttpg_excerpt":"Deltagrama #11 Febrero 2023 IDEM FX \u00e9s un nou projecte de Soul Twin fundadors de Mind Product Records. Amb aquest pseud\u00f2nim, experimenten processant i barrejant m\u00fasica en vinil i cd. Combinant tracks impossibles, manipulant el so, jugant amb el tempo, efectes i altres elements que ofereixen una nova visi\u00f3 experimental de m\u00fasica que els inspira.&hellip;","_links":{"self":[{"href":"https:\/\/teslafm.net\/en\/wp-json\/wp\/v2\/pages\/61369","targetHints":{"allow":["GET"]}}],"collection":[{"href":"https:\/\/teslafm.net\/en\/wp-json\/wp\/v2\/pages"}],"about":[{"href":"https:\/\/teslafm.net\/en\/wp-json\/wp\/v2\/types\/page"}],"author":[{"embeddable":true,"href":"https:\/\/teslafm.net\/en\/wp-json\/wp\/v2\/users\/19"}],"replies":[{"embeddable":true,"href":"https:\/\/teslafm.net\/en\/wp-json\/wp\/v2\/comments?post=61369"}],"version-history":[{"count":5,"href":"https:\/\/teslafm.net\/en\/wp-json\/wp\/v2\/pages\/61369\/revisions"}],"predecessor-version":[{"id":61375,"href":"https:\/\/teslafm.net\/en\/wp-json\/wp\/v2\/pages\/61369\/revisions\/61375"}],"wp:attachment":[{"href":"https:\/\/teslafm.net\/en\/wp-json\/wp\/v2\/media?parent=61369"}],"curies":[{"name":"wp","href":"https:\/\/api.w.org\/{rel}","templated":true}]}}