

{"id":61857,"date":"2023-02-28T18:48:04","date_gmt":"2023-02-28T17:48:04","guid":{"rendered":"https:\/\/teslafm.net\/?page_id=61857"},"modified":"2023-02-28T18:55:15","modified_gmt":"2023-02-28T17:55:15","slug":"space-oddity-recollection-41","status":"publish","type":"page","link":"https:\/\/teslafm.net\/en\/space-oddity-recollection-41\/","title":{"rendered":"Space Oddity Recollection #41"},"content":{"rendered":"<div data-elementor-type=\"wp-page\" data-elementor-id=\"61857\" class=\"elementor elementor-61857\">\n\t\t\t\t\t\t<section class=\"elementor-section elementor-top-section elementor-element elementor-element-1ee173b1 elementor-section-boxed elementor-section-height-default elementor-section-height-default\" data-id=\"1ee173b1\" data-element_type=\"section\" data-e-type=\"section\">\n\t\t\t\t\t\t<div class=\"elementor-container elementor-column-gap-default\">\n\t\t\t\t\t<div class=\"elementor-column elementor-col-100 elementor-top-column elementor-element elementor-element-330257d9\" data-id=\"330257d9\" data-element_type=\"column\" data-e-type=\"column\">\n\t\t\t<div class=\"elementor-widget-wrap elementor-element-populated\">\n\t\t\t\t\t\t<div class=\"elementor-element elementor-element-578984c9 elementor-widget elementor-widget-text-editor\" data-id=\"578984c9\" data-element_type=\"widget\" data-e-type=\"widget\" data-widget_type=\"text-editor.default\">\n\t\t\t\t<div class=\"elementor-widget-container\">\n\t\t\t\t\t\t\t\t\t<h2><span style=\"color: #ffffff;\"><strong>Space Oddity Recollection #41<\/strong><\/span><\/h2>\r\n<span style=\"color: #808080;\"><em>February 2023<\/em><\/span>\r\n\r\n<iframe src=\"https:\/\/www.mixcloud.com\/widget\/iframe\/?hide_cover=1&amp;feed=%2FTeslafm_net%2Fspace-oddity-recollection-41-monika-pich%2F\" width=\"100%\" height=\"120\" frameborder=\"0\"><\/iframe>\t\t\t\t\t\t\t\t<\/div>\n\t\t\t\t<\/div>\n\t\t\t\t\t<\/div>\n\t\t<\/div>\n\t\t\t\t\t<\/div>\n\t\t<\/section>\n\t\t\t\t<section class=\"elementor-section elementor-top-section elementor-element elementor-element-563c758 elementor-section-boxed elementor-section-height-default elementor-section-height-default\" data-id=\"563c758\" data-element_type=\"section\" data-e-type=\"section\">\n\t\t\t\t\t\t<div class=\"elementor-container elementor-column-gap-default\">\n\t\t\t\t\t<div class=\"elementor-column elementor-col-50 elementor-top-column elementor-element elementor-element-10a572b\" data-id=\"10a572b\" data-element_type=\"column\" data-e-type=\"column\">\n\t\t\t<div class=\"elementor-widget-wrap elementor-element-populated\">\n\t\t\t\t\t\t<div class=\"elementor-element elementor-element-9a9eaee elementor-widget elementor-widget-image\" data-id=\"9a9eaee\" data-element_type=\"widget\" data-e-type=\"widget\" data-widget_type=\"image.default\">\n\t\t\t\t<div class=\"elementor-widget-container\">\n\t\t\t\t\t\t\t\t\t\t\t\t\t\t\t<img fetchpriority=\"high\" decoding=\"async\" width=\"472\" height=\"425\" src=\"https:\/\/teslafm.net\/wp-content\/uploads\/2023\/02\/cover_R.Iwanski.jpg\" class=\"attachment-large size-large wp-image-61859\" alt=\"\" srcset=\"https:\/\/teslafm.net\/wp-content\/uploads\/2023\/02\/cover_R.Iwanski.jpg 472w, https:\/\/teslafm.net\/wp-content\/uploads\/2023\/02\/cover_R.Iwanski-300x270.jpg 300w\" sizes=\"(max-width: 472px) 100vw, 472px\" \/>\t\t\t\t\t\t\t\t\t\t\t\t\t\t\t<\/div>\n\t\t\t\t<\/div>\n\t\t\t\t\t<\/div>\n\t\t<\/div>\n\t\t\t\t<div class=\"elementor-column elementor-col-50 elementor-top-column elementor-element elementor-element-8df74b3\" data-id=\"8df74b3\" data-element_type=\"column\" data-e-type=\"column\">\n\t\t\t<div class=\"elementor-widget-wrap elementor-element-populated\">\n\t\t\t\t\t\t<div class=\"elementor-element elementor-element-ceb5c80 elementor-widget elementor-widget-text-editor\" data-id=\"ceb5c80\" data-element_type=\"widget\" data-e-type=\"widget\" data-widget_type=\"text-editor.default\">\n\t\t\t\t<div class=\"elementor-widget-container\">\n\t\t\t\t\t\t\t\t\t<p><span style=\"color: #808080;\"><strong>R. Iwanski<\/strong> a.k.a. <strong>X-NAVI:ET<\/strong>. Co-creates VOICES OF THE COSMOS, |||ALA|MEDA||,HATI, ex INNERCITY ENSEMBLE, ex KAPITAL).<\/span><\/p><p><span style=\"color: #808080;\">The solo sound project of <strong>Rafa\u0142 Iwa\u0144ski<\/strong> titled '<em>Transformations I<\/em>' explores an experimental approach to ethnic instruments such as the zanza, kalimba and other idiophones of African origin. Advanced electronic techniques are primarily used to process various acoustic sources to create organic electroacoustic music. However, this unique marriage of \"foreign traditions and technologies\" offers more than an ethno-environmental sound. Following the idea of <strong>John Cage<\/strong>Transformations I' is the art of imitating 'nature in the way it operates'. The album was released on CD on February 10, 2023 by <em>Gusstaff Records<\/em> &amp; <em>Ether Records<\/em>and will also appear as a limited edition of 66 12\u2033 vinyl records released on March 10, 2023 by <em>Don't Sit On My Vinyl<\/em>.<\/span><\/p><p><span style=\"color: #808080;\">Links:<\/span><\/p><p lang=\"pl-PL\"><span style=\"color: #0000ff;\"><u><a href=\"https:\/\/gusstaff.com\/\" target=\"_blank\" rel=\"noopener\"><span style=\"font-size: small;\">https:\/\/gusstaff.com<\/span><\/a><\/u><\/span><\/p><p lang=\"pl-PL\"><span style=\"color: #0000ff;\"><u><a href=\"https:\/\/xnaviet.bandcamp.com\/\" target=\"_blank\" rel=\"noopener\"><span style=\"font-size: small;\">https:\/\/xnaviet.bandcamp.com<\/span><\/a><\/u><\/span><\/p>\t\t\t\t\t\t\t\t<\/div>\n\t\t\t\t<\/div>\n\t\t\t\t\t<\/div>\n\t\t<\/div>\n\t\t\t\t\t<\/div>\n\t\t<\/section>\n\t\t\t\t<\/div>","protected":false},"excerpt":{"rendered":"<p>Space Oddity Recollection #41 Febrero 2023 R. Iwanski a.k.a. X-NAVI:ET. Co-crea VOICES OF THE COSMOS, ||ALA|MEDA||,HATI, ex INNERCITY ENSEMBLE, ex KAPITAL). El proyecto sonoro en solitario de Rafa\u0142 Iwa\u0144ski titulado &#8216;Transformations I&#8216; explora un enfoque experimental de instrumentos \u00e9tnicos como la zanza, la kalimba y otros idi\u00f3fonos de origen africano. Las t\u00e9cnicas electr\u00f3nicas avanzadas se [&hellip;]<\/p>\n","protected":false},"author":19,"featured_media":0,"parent":0,"menu_order":0,"comment_status":"closed","ping_status":"closed","template":"","meta":{"footnotes":""},"class_list":["post-61857","page","type-page","status-publish","hentry"],"yoast_head":"<!-- This site is optimized with the Yoast SEO plugin v27.2 - https:\/\/yoast.com\/product\/yoast-seo-wordpress\/ -->\n<title>Space Oddity Recollection #41 -<\/title>\n<meta name=\"robots\" content=\"index, follow, max-snippet:-1, max-image-preview:large, max-video-preview:-1\" \/>\n<link rel=\"canonical\" href=\"https:\/\/teslafm.net\/en\/space-oddity-recollection-41\/\" \/>\n<meta property=\"og:locale\" content=\"en_US\" \/>\n<meta property=\"og:type\" content=\"article\" \/>\n<meta property=\"og:title\" content=\"Space Oddity Recollection #41 -\" \/>\n<meta property=\"og:description\" content=\"Space Oddity Recollection #41 Febrero 2023 R. Iwanski a.k.a. X-NAVI:ET. Co-crea VOICES OF THE COSMOS, ||ALA|MEDA||,HATI, ex INNERCITY ENSEMBLE, ex KAPITAL). El proyecto sonoro en solitario de Rafa\u0142 Iwa\u0144ski titulado &#8216;Transformations I&#8216; explora un enfoque experimental de instrumentos \u00e9tnicos como la zanza, la kalimba y otros idi\u00f3fonos de origen africano. Las t\u00e9cnicas electr\u00f3nicas avanzadas se [&hellip;]\" \/>\n<meta property=\"og:url\" content=\"https:\/\/teslafm.net\/en\/space-oddity-recollection-41\/\" \/>\n<meta property=\"article:publisher\" content=\"https:\/\/www.facebook.com\/teslafm.net\" \/>\n<meta property=\"article:modified_time\" content=\"2023-02-28T17:55:15+00:00\" \/>\n<meta property=\"og:image\" content=\"http:\/\/teslafm.net\/wp-content\/uploads\/2023\/02\/cover_R.Iwanski.jpg\" \/>\n<meta name=\"twitter:card\" content=\"summary_large_image\" \/>\n<meta name=\"twitter:site\" content=\"@teslafm\" \/>\n<meta name=\"twitter:label1\" content=\"Est. reading time\" \/>\n\t<meta name=\"twitter:data1\" content=\"1 minute\" \/>\n<script type=\"application\/ld+json\" class=\"yoast-schema-graph\">{\"@context\":\"https:\/\/schema.org\",\"@graph\":[{\"@type\":\"WebPage\",\"@id\":\"https:\/\/teslafm.net\/space-oddity-recollection-41\/\",\"url\":\"https:\/\/teslafm.net\/space-oddity-recollection-41\/\",\"name\":\"Space Oddity Recollection #41 -\",\"isPartOf\":{\"@id\":\"https:\/\/teslafm.net\/#website\"},\"primaryImageOfPage\":{\"@id\":\"https:\/\/teslafm.net\/space-oddity-recollection-41\/#primaryimage\"},\"image\":{\"@id\":\"https:\/\/teslafm.net\/space-oddity-recollection-41\/#primaryimage\"},\"thumbnailUrl\":\"http:\/\/teslafm.net\/wp-content\/uploads\/2023\/02\/cover_R.Iwanski.jpg\",\"datePublished\":\"2023-02-28T17:48:04+00:00\",\"dateModified\":\"2023-02-28T17:55:15+00:00\",\"breadcrumb\":{\"@id\":\"https:\/\/teslafm.net\/space-oddity-recollection-41\/#breadcrumb\"},\"inLanguage\":\"en-US\",\"potentialAction\":[{\"@type\":\"ReadAction\",\"target\":[\"https:\/\/teslafm.net\/space-oddity-recollection-41\/\"]}]},{\"@type\":\"ImageObject\",\"inLanguage\":\"en-US\",\"@id\":\"https:\/\/teslafm.net\/space-oddity-recollection-41\/#primaryimage\",\"url\":\"http:\/\/teslafm.net\/wp-content\/uploads\/2023\/02\/cover_R.Iwanski.jpg\",\"contentUrl\":\"http:\/\/teslafm.net\/wp-content\/uploads\/2023\/02\/cover_R.Iwanski.jpg\"},{\"@type\":\"BreadcrumbList\",\"@id\":\"https:\/\/teslafm.net\/space-oddity-recollection-41\/#breadcrumb\",\"itemListElement\":[{\"@type\":\"ListItem\",\"position\":1,\"name\":\"Portada\",\"item\":\"https:\/\/teslafm.net\/\"},{\"@type\":\"ListItem\",\"position\":2,\"name\":\"Space Oddity Recollection #41\"}]},{\"@type\":\"WebSite\",\"@id\":\"https:\/\/teslafm.net\/#website\",\"url\":\"https:\/\/teslafm.net\/\",\"name\":\"TeslaFM\",\"description\":\"An experimental and creative radio\",\"publisher\":{\"@id\":\"https:\/\/teslafm.net\/#organization\"},\"potentialAction\":[{\"@type\":\"SearchAction\",\"target\":{\"@type\":\"EntryPoint\",\"urlTemplate\":\"https:\/\/teslafm.net\/?s={search_term_string}\"},\"query-input\":{\"@type\":\"PropertyValueSpecification\",\"valueRequired\":true,\"valueName\":\"search_term_string\"}}],\"inLanguage\":\"en-US\"},{\"@type\":\"Organization\",\"@id\":\"https:\/\/teslafm.net\/#organization\",\"name\":\"TeslaFM\",\"url\":\"https:\/\/teslafm.net\/\",\"logo\":{\"@type\":\"ImageObject\",\"inLanguage\":\"en-US\",\"@id\":\"https:\/\/teslafm.net\/#\/schema\/logo\/image\/\",\"url\":\"https:\/\/teslafm.net\/wp-content\/uploads\/2020\/06\/logo-tesla.png\",\"contentUrl\":\"https:\/\/teslafm.net\/wp-content\/uploads\/2020\/06\/logo-tesla.png\",\"width\":512,\"height\":512,\"caption\":\"TeslaFM\"},\"image\":{\"@id\":\"https:\/\/teslafm.net\/#\/schema\/logo\/image\/\"},\"sameAs\":[\"https:\/\/www.facebook.com\/teslafm.net\",\"https:\/\/x.com\/teslafm\"]}]}<\/script>\n<!-- \/ Yoast SEO plugin. -->","yoast_head_json":{"title":"Space Oddity Recollection #41 -","robots":{"index":"index","follow":"follow","max-snippet":"max-snippet:-1","max-image-preview":"max-image-preview:large","max-video-preview":"max-video-preview:-1"},"canonical":"https:\/\/teslafm.net\/en\/space-oddity-recollection-41\/","og_locale":"en_US","og_type":"article","og_title":"Space Oddity Recollection #41 -","og_description":"Space Oddity Recollection #41 Febrero 2023 R. Iwanski a.k.a. X-NAVI:ET. Co-crea VOICES OF THE COSMOS, ||ALA|MEDA||,HATI, ex INNERCITY ENSEMBLE, ex KAPITAL). El proyecto sonoro en solitario de Rafa\u0142 Iwa\u0144ski titulado &#8216;Transformations I&#8216; explora un enfoque experimental de instrumentos \u00e9tnicos como la zanza, la kalimba y otros idi\u00f3fonos de origen africano. Las t\u00e9cnicas electr\u00f3nicas avanzadas se [&hellip;]","og_url":"https:\/\/teslafm.net\/en\/space-oddity-recollection-41\/","article_publisher":"https:\/\/www.facebook.com\/teslafm.net","article_modified_time":"2023-02-28T17:55:15+00:00","og_image":[{"url":"http:\/\/teslafm.net\/wp-content\/uploads\/2023\/02\/cover_R.Iwanski.jpg","type":"","width":"","height":""}],"twitter_card":"summary_large_image","twitter_site":"@teslafm","twitter_misc":{"Est. reading time":"1 minute"},"schema":{"@context":"https:\/\/schema.org","@graph":[{"@type":"WebPage","@id":"https:\/\/teslafm.net\/space-oddity-recollection-41\/","url":"https:\/\/teslafm.net\/space-oddity-recollection-41\/","name":"Space Oddity Recollection #41 -","isPartOf":{"@id":"https:\/\/teslafm.net\/#website"},"primaryImageOfPage":{"@id":"https:\/\/teslafm.net\/space-oddity-recollection-41\/#primaryimage"},"image":{"@id":"https:\/\/teslafm.net\/space-oddity-recollection-41\/#primaryimage"},"thumbnailUrl":"http:\/\/teslafm.net\/wp-content\/uploads\/2023\/02\/cover_R.Iwanski.jpg","datePublished":"2023-02-28T17:48:04+00:00","dateModified":"2023-02-28T17:55:15+00:00","breadcrumb":{"@id":"https:\/\/teslafm.net\/space-oddity-recollection-41\/#breadcrumb"},"inLanguage":"en-US","potentialAction":[{"@type":"ReadAction","target":["https:\/\/teslafm.net\/space-oddity-recollection-41\/"]}]},{"@type":"ImageObject","inLanguage":"en-US","@id":"https:\/\/teslafm.net\/space-oddity-recollection-41\/#primaryimage","url":"http:\/\/teslafm.net\/wp-content\/uploads\/2023\/02\/cover_R.Iwanski.jpg","contentUrl":"http:\/\/teslafm.net\/wp-content\/uploads\/2023\/02\/cover_R.Iwanski.jpg"},{"@type":"BreadcrumbList","@id":"https:\/\/teslafm.net\/space-oddity-recollection-41\/#breadcrumb","itemListElement":[{"@type":"ListItem","position":1,"name":"Portada","item":"https:\/\/teslafm.net\/"},{"@type":"ListItem","position":2,"name":"Space Oddity Recollection #41"}]},{"@type":"WebSite","@id":"https:\/\/teslafm.net\/#website","url":"https:\/\/teslafm.net\/","name":"TeslaFM","description":"An experimental and creative radio","publisher":{"@id":"https:\/\/teslafm.net\/#organization"},"potentialAction":[{"@type":"SearchAction","target":{"@type":"EntryPoint","urlTemplate":"https:\/\/teslafm.net\/?s={search_term_string}"},"query-input":{"@type":"PropertyValueSpecification","valueRequired":true,"valueName":"search_term_string"}}],"inLanguage":"en-US"},{"@type":"Organization","@id":"https:\/\/teslafm.net\/#organization","name":"TeslaFM","url":"https:\/\/teslafm.net\/","logo":{"@type":"ImageObject","inLanguage":"en-US","@id":"https:\/\/teslafm.net\/#\/schema\/logo\/image\/","url":"https:\/\/teslafm.net\/wp-content\/uploads\/2020\/06\/logo-tesla.png","contentUrl":"https:\/\/teslafm.net\/wp-content\/uploads\/2020\/06\/logo-tesla.png","width":512,"height":512,"caption":"TeslaFM"},"image":{"@id":"https:\/\/teslafm.net\/#\/schema\/logo\/image\/"},"sameAs":["https:\/\/www.facebook.com\/teslafm.net","https:\/\/x.com\/teslafm"]}]}},"rttpg_featured_image_url":null,"rttpg_author":{"display_name":"Ishak","author_link":"https:\/\/teslafm.net\/en\/author\/cravan\/"},"rttpg_comment":0,"rttpg_category":null,"rttpg_excerpt":"Space Oddity Recollection #41 Febrero 2023 R. Iwanski a.k.a. X-NAVI:ET. Co-crea VOICES OF THE COSMOS, ||ALA|MEDA||,HATI, ex INNERCITY ENSEMBLE, ex KAPITAL). El proyecto sonoro en solitario de Rafa\u0142 Iwa\u0144ski titulado &#8216;Transformations I&#8216; explora un enfoque experimental de instrumentos \u00e9tnicos como la zanza, la kalimba y otros idi\u00f3fonos de origen africano. Las t\u00e9cnicas electr\u00f3nicas avanzadas se&hellip;","_links":{"self":[{"href":"https:\/\/teslafm.net\/en\/wp-json\/wp\/v2\/pages\/61857","targetHints":{"allow":["GET"]}}],"collection":[{"href":"https:\/\/teslafm.net\/en\/wp-json\/wp\/v2\/pages"}],"about":[{"href":"https:\/\/teslafm.net\/en\/wp-json\/wp\/v2\/types\/page"}],"author":[{"embeddable":true,"href":"https:\/\/teslafm.net\/en\/wp-json\/wp\/v2\/users\/19"}],"replies":[{"embeddable":true,"href":"https:\/\/teslafm.net\/en\/wp-json\/wp\/v2\/comments?post=61857"}],"version-history":[{"count":4,"href":"https:\/\/teslafm.net\/en\/wp-json\/wp\/v2\/pages\/61857\/revisions"}],"predecessor-version":[{"id":61863,"href":"https:\/\/teslafm.net\/en\/wp-json\/wp\/v2\/pages\/61857\/revisions\/61863"}],"wp:attachment":[{"href":"https:\/\/teslafm.net\/en\/wp-json\/wp\/v2\/media?parent=61857"}],"curies":[{"name":"wp","href":"https:\/\/api.w.org\/{rel}","templated":true}]}}