

{"id":61882,"date":"2023-03-03T16:51:21","date_gmt":"2023-03-03T15:51:21","guid":{"rendered":"https:\/\/teslafm.net\/?page_id=61882"},"modified":"2023-03-31T15:31:03","modified_gmt":"2023-03-31T13:31:03","slug":"deltagrama-12","status":"publish","type":"page","link":"https:\/\/teslafm.net\/en\/deltagrama-12\/","title":{"rendered":"Deltagram #12"},"content":{"rendered":"<div data-elementor-type=\"wp-page\" data-elementor-id=\"61882\" class=\"elementor elementor-61882\">\n\t\t\t\t\t\t<section class=\"elementor-section elementor-top-section elementor-element elementor-element-37ddb37e elementor-section-boxed elementor-section-height-default elementor-section-height-default\" data-id=\"37ddb37e\" data-element_type=\"section\" data-e-type=\"section\">\n\t\t\t\t\t\t<div class=\"elementor-container elementor-column-gap-default\">\n\t\t\t\t\t<div class=\"elementor-column elementor-col-100 elementor-top-column elementor-element elementor-element-607e2283\" data-id=\"607e2283\" data-element_type=\"column\" data-e-type=\"column\">\n\t\t\t<div class=\"elementor-widget-wrap elementor-element-populated\">\n\t\t\t\t\t\t<div class=\"elementor-element elementor-element-3974affd elementor-widget elementor-widget-text-editor\" data-id=\"3974affd\" data-element_type=\"widget\" data-e-type=\"widget\" data-widget_type=\"text-editor.default\">\n\t\t\t\t<div class=\"elementor-widget-container\">\n\t\t\t\t\t\t\t\t\t<h2><span style=\"color: #ffffff;\"><strong>Deltagram #12<\/strong><\/span><\/h2><p><span style=\"color: #808080;\"><em>March 2, 2023<\/em><\/span><\/p><p><iframe src=\"https:\/\/www.mixcloud.com\/widget\/iframe\/?hide_cover=1&amp;feed=%2FTeslafm_net%2Fdeltagrama-12-soul-twin%2F\" width=\"100%\" height=\"120\" frameborder=\"0\"><\/iframe><\/p>\t\t\t\t\t\t\t\t<\/div>\n\t\t\t\t<\/div>\n\t\t\t\t\t<\/div>\n\t\t<\/div>\n\t\t\t\t\t<\/div>\n\t\t<\/section>\n\t\t\t\t<section class=\"elementor-section elementor-top-section elementor-element elementor-element-6768c5b elementor-section-boxed elementor-section-height-default elementor-section-height-default\" data-id=\"6768c5b\" data-element_type=\"section\" data-e-type=\"section\">\n\t\t\t\t\t\t<div class=\"elementor-container elementor-column-gap-default\">\n\t\t\t\t\t<div class=\"elementor-column elementor-col-50 elementor-top-column elementor-element elementor-element-120fcde\" data-id=\"120fcde\" data-element_type=\"column\" data-e-type=\"column\">\n\t\t\t<div class=\"elementor-widget-wrap elementor-element-populated\">\n\t\t\t\t\t\t<div class=\"elementor-element elementor-element-5d70a40 elementor-widget elementor-widget-image\" data-id=\"5d70a40\" data-element_type=\"widget\" data-e-type=\"widget\" data-widget_type=\"image.default\">\n\t\t\t\t<div class=\"elementor-widget-container\">\n\t\t\t\t\t\t\t\t\t\t\t\t\t\t\t<img fetchpriority=\"high\" decoding=\"async\" width=\"1024\" height=\"1019\" src=\"https:\/\/teslafm.net\/wp-content\/uploads\/2023\/03\/d-12-1024x1019.jpg\" class=\"attachment-large size-large wp-image-61902\" alt=\"\" srcset=\"https:\/\/teslafm.net\/wp-content\/uploads\/2023\/03\/d-12-1024x1019.jpg 1024w, https:\/\/teslafm.net\/wp-content\/uploads\/2023\/03\/d-12-300x300.jpg 300w, https:\/\/teslafm.net\/wp-content\/uploads\/2023\/03\/d-12-150x150.jpg 150w, https:\/\/teslafm.net\/wp-content\/uploads\/2023\/03\/d-12-768x764.jpg 768w, https:\/\/teslafm.net\/wp-content\/uploads\/2023\/03\/d-12.jpg 1080w\" sizes=\"(max-width: 1024px) 100vw, 1024px\" \/>\t\t\t\t\t\t\t\t\t\t\t\t\t\t\t<\/div>\n\t\t\t\t<\/div>\n\t\t\t\t\t<\/div>\n\t\t<\/div>\n\t\t\t\t<div class=\"elementor-column elementor-col-50 elementor-top-column elementor-element elementor-element-70fabf8\" data-id=\"70fabf8\" data-element_type=\"column\" data-e-type=\"column\">\n\t\t\t<div class=\"elementor-widget-wrap elementor-element-populated\">\n\t\t\t\t\t\t<div class=\"elementor-element elementor-element-6c07e69 elementor-widget elementor-widget-image\" data-id=\"6c07e69\" data-element_type=\"widget\" data-e-type=\"widget\" data-widget_type=\"image.default\">\n\t\t\t\t<div class=\"elementor-widget-container\">\n\t\t\t\t\t\t\t\t\t\t\t\t\t\t\t<img decoding=\"async\" width=\"1024\" height=\"1024\" src=\"https:\/\/teslafm.net\/wp-content\/uploads\/2023\/03\/1-1024x1024.jpg\" class=\"attachment-large size-large wp-image-61887\" alt=\"\" srcset=\"https:\/\/teslafm.net\/wp-content\/uploads\/2023\/03\/1-1024x1024.jpg 1024w, https:\/\/teslafm.net\/wp-content\/uploads\/2023\/03\/1-300x300.jpg 300w, https:\/\/teslafm.net\/wp-content\/uploads\/2023\/03\/1-150x150.jpg 150w, https:\/\/teslafm.net\/wp-content\/uploads\/2023\/03\/1-768x768.jpg 768w, https:\/\/teslafm.net\/wp-content\/uploads\/2023\/03\/1.jpg 1080w\" sizes=\"(max-width: 1024px) 100vw, 1024px\" \/>\t\t\t\t\t\t\t\t\t\t\t\t\t\t\t<\/div>\n\t\t\t\t<\/div>\n\t\t\t\t\t<\/div>\n\t\t<\/div>\n\t\t\t\t\t<\/div>\n\t\t<\/section>\n\t\t\t\t<section class=\"elementor-section elementor-top-section elementor-element elementor-element-56d9419 elementor-section-boxed elementor-section-height-default elementor-section-height-default\" data-id=\"56d9419\" data-element_type=\"section\" data-e-type=\"section\">\n\t\t\t\t\t\t<div class=\"elementor-container elementor-column-gap-default\">\n\t\t\t\t\t<div class=\"elementor-column elementor-col-100 elementor-top-column elementor-element elementor-element-68b1521\" data-id=\"68b1521\" data-element_type=\"column\" data-e-type=\"column\">\n\t\t\t<div class=\"elementor-widget-wrap elementor-element-populated\">\n\t\t\t\t\t\t<div class=\"elementor-element elementor-element-cdb5361 elementor-widget elementor-widget-text-editor\" data-id=\"cdb5361\" data-element_type=\"widget\" data-e-type=\"widget\" data-widget_type=\"text-editor.default\">\n\t\t\t\t<div class=\"elementor-widget-container\">\n\t\t\t\t\t\t\t\t\t<p><span style=\"color: #808080;\">Pianist from Amposta (Tarragona). Currently, he teaches Music Language at the Conservatory of La Vall d'Uix\u00f2 (Castell\u00f3n) and combines it with his artistic facet, in which he actively collaborates in many musical projects.<\/span><br \/><span style=\"color: #808080;\">Passionate about synthesizers and vintage drum machines, he has a particular fetish for tape echoes (Space Echo, Watkins Copycat, Binson...) that envelop his sound and give it that particular space atmosphere.<\/span><br \/><span style=\"color: #808080;\"><strong>Aluet<\/strong> is his most intimate personal project: minimalist melodies, enveloping, calm music, hypnotic loops, sound hedonism, bucolic landscapes, experimentation... but always with the piano as the main character.<\/span><\/p>\t\t\t\t\t\t\t\t<\/div>\n\t\t\t\t<\/div>\n\t\t\t\t\t<\/div>\n\t\t<\/div>\n\t\t\t\t\t<\/div>\n\t\t<\/section>\n\t\t\t\t<\/div>","protected":false},"excerpt":{"rendered":"<p>Deltagrama #12 2 de Marzo 2023 Pianista de Amposta (Tarragona). Actualmente, desempe\u00f1a su labor docente como profesor de Lenguaje Musical en el Conservatorio de la Vall d\u2019Uix\u00f2 (Castell\u00f3n) y la compagina con su faceta art\u00edstica, en la que colabora activamente en multitud de proyectos musicales.Apasionado de los sintetizadores y de las cajas de ritmo a\u00f1ejas, [&hellip;]<\/p>\n","protected":false},"author":19,"featured_media":0,"parent":0,"menu_order":0,"comment_status":"closed","ping_status":"closed","template":"","meta":{"footnotes":""},"class_list":["post-61882","page","type-page","status-publish","hentry"],"yoast_head":"<!-- This site is optimized with the Yoast SEO plugin v27.2 - https:\/\/yoast.com\/product\/yoast-seo-wordpress\/ -->\n<title>Deltagrama #12 -<\/title>\n<meta name=\"robots\" content=\"index, follow, max-snippet:-1, max-image-preview:large, max-video-preview:-1\" \/>\n<link rel=\"canonical\" href=\"https:\/\/teslafm.net\/en\/deltagrama-12\/\" \/>\n<meta property=\"og:locale\" content=\"en_US\" \/>\n<meta property=\"og:type\" content=\"article\" \/>\n<meta property=\"og:title\" content=\"Deltagrama #12 -\" \/>\n<meta property=\"og:description\" content=\"Deltagrama #12 2 de Marzo 2023 Pianista de Amposta (Tarragona). Actualmente, desempe\u00f1a su labor docente como profesor de Lenguaje Musical en el Conservatorio de la Vall d\u2019Uix\u00f2 (Castell\u00f3n) y la compagina con su faceta art\u00edstica, en la que colabora activamente en multitud de proyectos musicales.Apasionado de los sintetizadores y de las cajas de ritmo a\u00f1ejas, [&hellip;]\" \/>\n<meta property=\"og:url\" content=\"https:\/\/teslafm.net\/en\/deltagrama-12\/\" \/>\n<meta property=\"article:publisher\" content=\"https:\/\/www.facebook.com\/teslafm.net\" \/>\n<meta property=\"article:modified_time\" content=\"2023-03-31T13:31:03+00:00\" \/>\n<meta property=\"og:image\" content=\"http:\/\/teslafm.net\/wp-content\/uploads\/2023\/03\/d-12-1024x1019.jpg\" \/>\n<meta name=\"twitter:card\" content=\"summary_large_image\" \/>\n<meta name=\"twitter:site\" content=\"@teslafm\" \/>\n<meta name=\"twitter:label1\" content=\"Est. reading time\" \/>\n\t<meta name=\"twitter:data1\" content=\"1 minute\" \/>\n<script type=\"application\/ld+json\" class=\"yoast-schema-graph\">{\"@context\":\"https:\/\/schema.org\",\"@graph\":[{\"@type\":\"WebPage\",\"@id\":\"https:\/\/teslafm.net\/deltagrama-12\/\",\"url\":\"https:\/\/teslafm.net\/deltagrama-12\/\",\"name\":\"Deltagrama #12 -\",\"isPartOf\":{\"@id\":\"https:\/\/teslafm.net\/#website\"},\"primaryImageOfPage\":{\"@id\":\"https:\/\/teslafm.net\/deltagrama-12\/#primaryimage\"},\"image\":{\"@id\":\"https:\/\/teslafm.net\/deltagrama-12\/#primaryimage\"},\"thumbnailUrl\":\"http:\/\/teslafm.net\/wp-content\/uploads\/2023\/03\/d-12-1024x1019.jpg\",\"datePublished\":\"2023-03-03T15:51:21+00:00\",\"dateModified\":\"2023-03-31T13:31:03+00:00\",\"breadcrumb\":{\"@id\":\"https:\/\/teslafm.net\/deltagrama-12\/#breadcrumb\"},\"inLanguage\":\"en-US\",\"potentialAction\":[{\"@type\":\"ReadAction\",\"target\":[\"https:\/\/teslafm.net\/deltagrama-12\/\"]}]},{\"@type\":\"ImageObject\",\"inLanguage\":\"en-US\",\"@id\":\"https:\/\/teslafm.net\/deltagrama-12\/#primaryimage\",\"url\":\"http:\/\/teslafm.net\/wp-content\/uploads\/2023\/03\/d-12-1024x1019.jpg\",\"contentUrl\":\"http:\/\/teslafm.net\/wp-content\/uploads\/2023\/03\/d-12-1024x1019.jpg\"},{\"@type\":\"BreadcrumbList\",\"@id\":\"https:\/\/teslafm.net\/deltagrama-12\/#breadcrumb\",\"itemListElement\":[{\"@type\":\"ListItem\",\"position\":1,\"name\":\"Portada\",\"item\":\"https:\/\/teslafm.net\/\"},{\"@type\":\"ListItem\",\"position\":2,\"name\":\"Deltagrama #12\"}]},{\"@type\":\"WebSite\",\"@id\":\"https:\/\/teslafm.net\/#website\",\"url\":\"https:\/\/teslafm.net\/\",\"name\":\"TeslaFM\",\"description\":\"An experimental and creative radio\",\"publisher\":{\"@id\":\"https:\/\/teslafm.net\/#organization\"},\"potentialAction\":[{\"@type\":\"SearchAction\",\"target\":{\"@type\":\"EntryPoint\",\"urlTemplate\":\"https:\/\/teslafm.net\/?s={search_term_string}\"},\"query-input\":{\"@type\":\"PropertyValueSpecification\",\"valueRequired\":true,\"valueName\":\"search_term_string\"}}],\"inLanguage\":\"en-US\"},{\"@type\":\"Organization\",\"@id\":\"https:\/\/teslafm.net\/#organization\",\"name\":\"TeslaFM\",\"url\":\"https:\/\/teslafm.net\/\",\"logo\":{\"@type\":\"ImageObject\",\"inLanguage\":\"en-US\",\"@id\":\"https:\/\/teslafm.net\/#\/schema\/logo\/image\/\",\"url\":\"https:\/\/teslafm.net\/wp-content\/uploads\/2020\/06\/logo-tesla.png\",\"contentUrl\":\"https:\/\/teslafm.net\/wp-content\/uploads\/2020\/06\/logo-tesla.png\",\"width\":512,\"height\":512,\"caption\":\"TeslaFM\"},\"image\":{\"@id\":\"https:\/\/teslafm.net\/#\/schema\/logo\/image\/\"},\"sameAs\":[\"https:\/\/www.facebook.com\/teslafm.net\",\"https:\/\/x.com\/teslafm\"]}]}<\/script>\n<!-- \/ Yoast SEO plugin. -->","yoast_head_json":{"title":"Deltagram #12 -","robots":{"index":"index","follow":"follow","max-snippet":"max-snippet:-1","max-image-preview":"max-image-preview:large","max-video-preview":"max-video-preview:-1"},"canonical":"https:\/\/teslafm.net\/en\/deltagrama-12\/","og_locale":"en_US","og_type":"article","og_title":"Deltagrama #12 -","og_description":"Deltagrama #12 2 de Marzo 2023 Pianista de Amposta (Tarragona). Actualmente, desempe\u00f1a su labor docente como profesor de Lenguaje Musical en el Conservatorio de la Vall d\u2019Uix\u00f2 (Castell\u00f3n) y la compagina con su faceta art\u00edstica, en la que colabora activamente en multitud de proyectos musicales.Apasionado de los sintetizadores y de las cajas de ritmo a\u00f1ejas, [&hellip;]","og_url":"https:\/\/teslafm.net\/en\/deltagrama-12\/","article_publisher":"https:\/\/www.facebook.com\/teslafm.net","article_modified_time":"2023-03-31T13:31:03+00:00","og_image":[{"url":"http:\/\/teslafm.net\/wp-content\/uploads\/2023\/03\/d-12-1024x1019.jpg","type":"","width":"","height":""}],"twitter_card":"summary_large_image","twitter_site":"@teslafm","twitter_misc":{"Est. reading time":"1 minute"},"schema":{"@context":"https:\/\/schema.org","@graph":[{"@type":"WebPage","@id":"https:\/\/teslafm.net\/deltagrama-12\/","url":"https:\/\/teslafm.net\/deltagrama-12\/","name":"Deltagram #12 -","isPartOf":{"@id":"https:\/\/teslafm.net\/#website"},"primaryImageOfPage":{"@id":"https:\/\/teslafm.net\/deltagrama-12\/#primaryimage"},"image":{"@id":"https:\/\/teslafm.net\/deltagrama-12\/#primaryimage"},"thumbnailUrl":"http:\/\/teslafm.net\/wp-content\/uploads\/2023\/03\/d-12-1024x1019.jpg","datePublished":"2023-03-03T15:51:21+00:00","dateModified":"2023-03-31T13:31:03+00:00","breadcrumb":{"@id":"https:\/\/teslafm.net\/deltagrama-12\/#breadcrumb"},"inLanguage":"en-US","potentialAction":[{"@type":"ReadAction","target":["https:\/\/teslafm.net\/deltagrama-12\/"]}]},{"@type":"ImageObject","inLanguage":"en-US","@id":"https:\/\/teslafm.net\/deltagrama-12\/#primaryimage","url":"http:\/\/teslafm.net\/wp-content\/uploads\/2023\/03\/d-12-1024x1019.jpg","contentUrl":"http:\/\/teslafm.net\/wp-content\/uploads\/2023\/03\/d-12-1024x1019.jpg"},{"@type":"BreadcrumbList","@id":"https:\/\/teslafm.net\/deltagrama-12\/#breadcrumb","itemListElement":[{"@type":"ListItem","position":1,"name":"Portada","item":"https:\/\/teslafm.net\/"},{"@type":"ListItem","position":2,"name":"Deltagrama #12"}]},{"@type":"WebSite","@id":"https:\/\/teslafm.net\/#website","url":"https:\/\/teslafm.net\/","name":"TeslaFM","description":"An experimental and creative radio","publisher":{"@id":"https:\/\/teslafm.net\/#organization"},"potentialAction":[{"@type":"SearchAction","target":{"@type":"EntryPoint","urlTemplate":"https:\/\/teslafm.net\/?s={search_term_string}"},"query-input":{"@type":"PropertyValueSpecification","valueRequired":true,"valueName":"search_term_string"}}],"inLanguage":"en-US"},{"@type":"Organization","@id":"https:\/\/teslafm.net\/#organization","name":"TeslaFM","url":"https:\/\/teslafm.net\/","logo":{"@type":"ImageObject","inLanguage":"en-US","@id":"https:\/\/teslafm.net\/#\/schema\/logo\/image\/","url":"https:\/\/teslafm.net\/wp-content\/uploads\/2020\/06\/logo-tesla.png","contentUrl":"https:\/\/teslafm.net\/wp-content\/uploads\/2020\/06\/logo-tesla.png","width":512,"height":512,"caption":"TeslaFM"},"image":{"@id":"https:\/\/teslafm.net\/#\/schema\/logo\/image\/"},"sameAs":["https:\/\/www.facebook.com\/teslafm.net","https:\/\/x.com\/teslafm"]}]}},"rttpg_featured_image_url":null,"rttpg_author":{"display_name":"Ishak","author_link":"https:\/\/teslafm.net\/en\/author\/cravan\/"},"rttpg_comment":0,"rttpg_category":null,"rttpg_excerpt":"Deltagrama #12 2 de Marzo 2023 Pianista de Amposta (Tarragona). Actualmente, desempe\u00f1a su labor docente como profesor de Lenguaje Musical en el Conservatorio de la Vall d\u2019Uix\u00f2 (Castell\u00f3n) y la compagina con su faceta art\u00edstica, en la que colabora activamente en multitud de proyectos musicales.Apasionado de los sintetizadores y de las cajas de ritmo a\u00f1ejas,&hellip;","_links":{"self":[{"href":"https:\/\/teslafm.net\/en\/wp-json\/wp\/v2\/pages\/61882","targetHints":{"allow":["GET"]}}],"collection":[{"href":"https:\/\/teslafm.net\/en\/wp-json\/wp\/v2\/pages"}],"about":[{"href":"https:\/\/teslafm.net\/en\/wp-json\/wp\/v2\/types\/page"}],"author":[{"embeddable":true,"href":"https:\/\/teslafm.net\/en\/wp-json\/wp\/v2\/users\/19"}],"replies":[{"embeddable":true,"href":"https:\/\/teslafm.net\/en\/wp-json\/wp\/v2\/comments?post=61882"}],"version-history":[{"count":15,"href":"https:\/\/teslafm.net\/en\/wp-json\/wp\/v2\/pages\/61882\/revisions"}],"predecessor-version":[{"id":62103,"href":"https:\/\/teslafm.net\/en\/wp-json\/wp\/v2\/pages\/61882\/revisions\/62103"}],"wp:attachment":[{"href":"https:\/\/teslafm.net\/en\/wp-json\/wp\/v2\/media?parent=61882"}],"curies":[{"name":"wp","href":"https:\/\/api.w.org\/{rel}","templated":true}]}}