

{"id":62060,"date":"2023-03-28T19:32:16","date_gmt":"2023-03-28T17:32:16","guid":{"rendered":"https:\/\/teslafm.net\/?page_id=62060"},"modified":"2023-03-28T19:38:10","modified_gmt":"2023-03-28T17:38:10","slug":"space-oddity-recollection-42","status":"publish","type":"page","link":"https:\/\/teslafm.net\/en\/space-oddity-recollection-42\/","title":{"rendered":"Space Oddity Recollection #42"},"content":{"rendered":"<div data-elementor-type=\"wp-page\" data-elementor-id=\"62060\" class=\"elementor elementor-62060\">\n\t\t\t\t\t\t<section class=\"elementor-section elementor-top-section elementor-element elementor-element-279fb87d elementor-section-boxed elementor-section-height-default elementor-section-height-default\" data-id=\"279fb87d\" data-element_type=\"section\" data-e-type=\"section\">\n\t\t\t\t\t\t<div class=\"elementor-container elementor-column-gap-default\">\n\t\t\t\t\t<div class=\"elementor-column elementor-col-100 elementor-top-column elementor-element elementor-element-476989c9\" data-id=\"476989c9\" data-element_type=\"column\" data-e-type=\"column\">\n\t\t\t<div class=\"elementor-widget-wrap elementor-element-populated\">\n\t\t\t\t\t\t<div class=\"elementor-element elementor-element-5b28bcd3 elementor-widget elementor-widget-text-editor\" data-id=\"5b28bcd3\" data-element_type=\"widget\" data-e-type=\"widget\" data-widget_type=\"text-editor.default\">\n\t\t\t\t<div class=\"elementor-widget-container\">\n\t\t\t\t\t\t\t\t\t<h2><span style=\"color: #ffffff;\"><strong>Space Oddity Recollection #42<\/strong><\/span><\/h2><p><em><span style=\"color: #808080;\">March 2023<\/span><br \/><\/em><\/p><p><iframe src=\"https:\/\/www.mixcloud.com\/widget\/iframe\/?hide_cover=1&amp;feed=%2FTeslafm_net%2Fspace-oddity-recollection-42-monika-pich%2F\" width=\"100%\" height=\"120\" frameborder=\"0\"><\/iframe><\/p>\t\t\t\t\t\t\t\t<\/div>\n\t\t\t\t<\/div>\n\t\t\t\t\t<\/div>\n\t\t<\/div>\n\t\t\t\t\t<\/div>\n\t\t<\/section>\n\t\t\t\t<section class=\"elementor-section elementor-top-section elementor-element elementor-element-4072a98 elementor-section-boxed elementor-section-height-default elementor-section-height-default\" data-id=\"4072a98\" data-element_type=\"section\" data-e-type=\"section\">\n\t\t\t\t\t\t<div class=\"elementor-container elementor-column-gap-default\">\n\t\t\t\t\t<div class=\"elementor-column elementor-col-50 elementor-top-column elementor-element elementor-element-be700e4\" data-id=\"be700e4\" data-element_type=\"column\" data-e-type=\"column\">\n\t\t\t<div class=\"elementor-widget-wrap elementor-element-populated\">\n\t\t\t\t\t\t<div class=\"elementor-element elementor-element-d1d6e65 elementor-widget elementor-widget-image\" data-id=\"d1d6e65\" data-element_type=\"widget\" data-e-type=\"widget\" data-widget_type=\"image.default\">\n\t\t\t\t<div class=\"elementor-widget-container\">\n\t\t\t\t\t\t\t\t\t\t\t\t\t\t\t<img fetchpriority=\"high\" decoding=\"async\" width=\"283\" height=\"274\" src=\"https:\/\/teslafm.net\/wp-content\/uploads\/2023\/03\/cover_Daktyle.jpg\" class=\"attachment-full size-full wp-image-62068\" alt=\"\" \/>\t\t\t\t\t\t\t\t\t\t\t\t\t\t\t<\/div>\n\t\t\t\t<\/div>\n\t\t\t\t\t<\/div>\n\t\t<\/div>\n\t\t\t\t<div class=\"elementor-column elementor-col-50 elementor-top-column elementor-element elementor-element-df10471\" data-id=\"df10471\" data-element_type=\"column\" data-e-type=\"column\">\n\t\t\t<div class=\"elementor-widget-wrap elementor-element-populated\">\n\t\t\t\t\t\t<div class=\"elementor-element elementor-element-1dc45a7 elementor-widget elementor-widget-text-editor\" data-id=\"1dc45a7\" data-element_type=\"widget\" data-e-type=\"widget\" data-widget_type=\"text-editor.default\">\n\t\t\t\t<div class=\"elementor-widget-container\">\n\t\t\t\t\t\t\t\t\t<p><span style=\"color: #808080;\"><strong>Daktyle<\/strong><\/span><br \/><span style=\"color: #808080;\">Electroacoustic sounds of the duo <strong>Daktyle<\/strong>formed by the two musicians <strong>Marek Sadowski<\/strong>a.k.a. <strong>Krekot,<\/strong> and <strong>Maciej Jaciuk, <\/strong>alias<strong> SqrtSigil<\/strong>who also create their own individual projects. Their collaborative project combines modern experimental electronics with live prepared instruments. During their improvised sessions, the musicians strike a balance between rough but often very organic electronics and an ambient space drenched in reverb and replete with complex acoustic sounds. The sound session titled \"dktle\" was released on December 7, 2022 by the contemporary electronic music label Green Fairy Records.<\/span><\/p><p><span style=\"color: #808080;\">Link:<\/span><br \/><a href=\"https:\/\/greenfairyrec.bandcamp.com\/album\/dktle\" target=\"_blank\" rel=\"noopener\">https:\/\/greenfairyrec.bandcamp.com\/album\/dktle<\/a><\/p><p><span style=\"color: #808080;\">Enjoy the mixtape \"March 2023\" produced by <strong>monikapich<\/strong><\/span><\/p>\t\t\t\t\t\t\t\t<\/div>\n\t\t\t\t<\/div>\n\t\t\t\t\t<\/div>\n\t\t<\/div>\n\t\t\t\t\t<\/div>\n\t\t<\/section>\n\t\t\t\t<\/div>","protected":false},"excerpt":{"rendered":"<p>Space Oddity Recollection #42 Marzo 2023 DaktyleSonidos electroac\u00fasticos del d\u00fao Daktyle, formado por los dos m\u00fasicos Marek Sadowski, alias Krekot, y Maciej Jaciuk, alias SqrtSigil, que tambi\u00e9n crean sus propios proyectos individuales. Su proyecto de colaboraci\u00f3n combina la electr\u00f3nica experimental moderna con instrumentos preparados en directo. Durante sus sesiones improvisadas, los m\u00fasicos logran un equilibrio [&hellip;]<\/p>\n","protected":false},"author":19,"featured_media":0,"parent":0,"menu_order":0,"comment_status":"closed","ping_status":"closed","template":"","meta":{"footnotes":""},"class_list":["post-62060","page","type-page","status-publish","hentry"],"yoast_head":"<!-- This site is optimized with the Yoast SEO plugin v27.4 - https:\/\/yoast.com\/product\/yoast-seo-wordpress\/ -->\n<title>Space Oddity Recollection #42 -<\/title>\n<meta name=\"robots\" content=\"index, follow, max-snippet:-1, max-image-preview:large, max-video-preview:-1\" \/>\n<link rel=\"canonical\" href=\"https:\/\/teslafm.net\/en\/space-oddity-recollection-42\/\" \/>\n<meta property=\"og:locale\" content=\"en_US\" \/>\n<meta property=\"og:type\" content=\"article\" \/>\n<meta property=\"og:title\" content=\"Space Oddity Recollection #42 -\" \/>\n<meta property=\"og:description\" content=\"Space Oddity Recollection #42 Marzo 2023 DaktyleSonidos electroac\u00fasticos del d\u00fao Daktyle, formado por los dos m\u00fasicos Marek Sadowski, alias Krekot, y Maciej Jaciuk, alias SqrtSigil, que tambi\u00e9n crean sus propios proyectos individuales. Su proyecto de colaboraci\u00f3n combina la electr\u00f3nica experimental moderna con instrumentos preparados en directo. Durante sus sesiones improvisadas, los m\u00fasicos logran un equilibrio [&hellip;]\" \/>\n<meta property=\"og:url\" content=\"https:\/\/teslafm.net\/en\/space-oddity-recollection-42\/\" \/>\n<meta property=\"article:publisher\" content=\"https:\/\/www.facebook.com\/teslafm.net\" \/>\n<meta property=\"article:modified_time\" content=\"2023-03-28T17:38:10+00:00\" \/>\n<meta property=\"og:image\" content=\"http:\/\/teslafm.net\/wp-content\/uploads\/2023\/03\/cover_Daktyle.jpg\" \/>\n<meta name=\"twitter:card\" content=\"summary_large_image\" \/>\n<meta name=\"twitter:site\" content=\"@teslafm\" \/>\n<meta name=\"twitter:label1\" content=\"Est. reading time\" \/>\n\t<meta name=\"twitter:data1\" content=\"1 minute\" \/>\n<script type=\"application\/ld+json\" class=\"yoast-schema-graph\">{\"@context\":\"https:\\\/\\\/schema.org\",\"@graph\":[{\"@type\":\"WebPage\",\"@id\":\"https:\\\/\\\/teslafm.net\\\/space-oddity-recollection-42\\\/\",\"url\":\"https:\\\/\\\/teslafm.net\\\/space-oddity-recollection-42\\\/\",\"name\":\"Space Oddity Recollection #42 -\",\"isPartOf\":{\"@id\":\"https:\\\/\\\/teslafm.net\\\/#website\"},\"primaryImageOfPage\":{\"@id\":\"https:\\\/\\\/teslafm.net\\\/space-oddity-recollection-42\\\/#primaryimage\"},\"image\":{\"@id\":\"https:\\\/\\\/teslafm.net\\\/space-oddity-recollection-42\\\/#primaryimage\"},\"thumbnailUrl\":\"http:\\\/\\\/teslafm.net\\\/wp-content\\\/uploads\\\/2023\\\/03\\\/cover_Daktyle.jpg\",\"datePublished\":\"2023-03-28T17:32:16+00:00\",\"dateModified\":\"2023-03-28T17:38:10+00:00\",\"breadcrumb\":{\"@id\":\"https:\\\/\\\/teslafm.net\\\/space-oddity-recollection-42\\\/#breadcrumb\"},\"inLanguage\":\"en-US\",\"potentialAction\":[{\"@type\":\"ReadAction\",\"target\":[\"https:\\\/\\\/teslafm.net\\\/space-oddity-recollection-42\\\/\"]}]},{\"@type\":\"ImageObject\",\"inLanguage\":\"en-US\",\"@id\":\"https:\\\/\\\/teslafm.net\\\/space-oddity-recollection-42\\\/#primaryimage\",\"url\":\"http:\\\/\\\/teslafm.net\\\/wp-content\\\/uploads\\\/2023\\\/03\\\/cover_Daktyle.jpg\",\"contentUrl\":\"http:\\\/\\\/teslafm.net\\\/wp-content\\\/uploads\\\/2023\\\/03\\\/cover_Daktyle.jpg\"},{\"@type\":\"BreadcrumbList\",\"@id\":\"https:\\\/\\\/teslafm.net\\\/space-oddity-recollection-42\\\/#breadcrumb\",\"itemListElement\":[{\"@type\":\"ListItem\",\"position\":1,\"name\":\"Portada\",\"item\":\"https:\\\/\\\/teslafm.net\\\/\"},{\"@type\":\"ListItem\",\"position\":2,\"name\":\"Space Oddity Recollection #42\"}]},{\"@type\":\"WebSite\",\"@id\":\"https:\\\/\\\/teslafm.net\\\/#website\",\"url\":\"https:\\\/\\\/teslafm.net\\\/\",\"name\":\"TeslaFM\",\"description\":\"An experimental and creative radio\",\"publisher\":{\"@id\":\"https:\\\/\\\/teslafm.net\\\/#organization\"},\"potentialAction\":[{\"@type\":\"SearchAction\",\"target\":{\"@type\":\"EntryPoint\",\"urlTemplate\":\"https:\\\/\\\/teslafm.net\\\/?s={search_term_string}\"},\"query-input\":{\"@type\":\"PropertyValueSpecification\",\"valueRequired\":true,\"valueName\":\"search_term_string\"}}],\"inLanguage\":\"en-US\"},{\"@type\":\"Organization\",\"@id\":\"https:\\\/\\\/teslafm.net\\\/#organization\",\"name\":\"TeslaFM\",\"url\":\"https:\\\/\\\/teslafm.net\\\/\",\"logo\":{\"@type\":\"ImageObject\",\"inLanguage\":\"en-US\",\"@id\":\"https:\\\/\\\/teslafm.net\\\/#\\\/schema\\\/logo\\\/image\\\/\",\"url\":\"https:\\\/\\\/teslafm.net\\\/wp-content\\\/uploads\\\/2020\\\/06\\\/logo-tesla.png\",\"contentUrl\":\"https:\\\/\\\/teslafm.net\\\/wp-content\\\/uploads\\\/2020\\\/06\\\/logo-tesla.png\",\"width\":512,\"height\":512,\"caption\":\"TeslaFM\"},\"image\":{\"@id\":\"https:\\\/\\\/teslafm.net\\\/#\\\/schema\\\/logo\\\/image\\\/\"},\"sameAs\":[\"https:\\\/\\\/www.facebook.com\\\/teslafm.net\",\"https:\\\/\\\/x.com\\\/teslafm\"]}]}<\/script>\n<!-- \/ Yoast SEO plugin. -->","yoast_head_json":{"title":"Space Oddity Recollection #42 -","robots":{"index":"index","follow":"follow","max-snippet":"max-snippet:-1","max-image-preview":"max-image-preview:large","max-video-preview":"max-video-preview:-1"},"canonical":"https:\/\/teslafm.net\/en\/space-oddity-recollection-42\/","og_locale":"en_US","og_type":"article","og_title":"Space Oddity Recollection #42 -","og_description":"Space Oddity Recollection #42 Marzo 2023 DaktyleSonidos electroac\u00fasticos del d\u00fao Daktyle, formado por los dos m\u00fasicos Marek Sadowski, alias Krekot, y Maciej Jaciuk, alias SqrtSigil, que tambi\u00e9n crean sus propios proyectos individuales. Su proyecto de colaboraci\u00f3n combina la electr\u00f3nica experimental moderna con instrumentos preparados en directo. Durante sus sesiones improvisadas, los m\u00fasicos logran un equilibrio [&hellip;]","og_url":"https:\/\/teslafm.net\/en\/space-oddity-recollection-42\/","article_publisher":"https:\/\/www.facebook.com\/teslafm.net","article_modified_time":"2023-03-28T17:38:10+00:00","og_image":[{"url":"http:\/\/teslafm.net\/wp-content\/uploads\/2023\/03\/cover_Daktyle.jpg","type":"","width":"","height":""}],"twitter_card":"summary_large_image","twitter_site":"@teslafm","twitter_misc":{"Est. reading time":"1 minute"},"schema":{"@context":"https:\/\/schema.org","@graph":[{"@type":"WebPage","@id":"https:\/\/teslafm.net\/space-oddity-recollection-42\/","url":"https:\/\/teslafm.net\/space-oddity-recollection-42\/","name":"Space Oddity Recollection #42 -","isPartOf":{"@id":"https:\/\/teslafm.net\/#website"},"primaryImageOfPage":{"@id":"https:\/\/teslafm.net\/space-oddity-recollection-42\/#primaryimage"},"image":{"@id":"https:\/\/teslafm.net\/space-oddity-recollection-42\/#primaryimage"},"thumbnailUrl":"http:\/\/teslafm.net\/wp-content\/uploads\/2023\/03\/cover_Daktyle.jpg","datePublished":"2023-03-28T17:32:16+00:00","dateModified":"2023-03-28T17:38:10+00:00","breadcrumb":{"@id":"https:\/\/teslafm.net\/space-oddity-recollection-42\/#breadcrumb"},"inLanguage":"en-US","potentialAction":[{"@type":"ReadAction","target":["https:\/\/teslafm.net\/space-oddity-recollection-42\/"]}]},{"@type":"ImageObject","inLanguage":"en-US","@id":"https:\/\/teslafm.net\/space-oddity-recollection-42\/#primaryimage","url":"http:\/\/teslafm.net\/wp-content\/uploads\/2023\/03\/cover_Daktyle.jpg","contentUrl":"http:\/\/teslafm.net\/wp-content\/uploads\/2023\/03\/cover_Daktyle.jpg"},{"@type":"BreadcrumbList","@id":"https:\/\/teslafm.net\/space-oddity-recollection-42\/#breadcrumb","itemListElement":[{"@type":"ListItem","position":1,"name":"Portada","item":"https:\/\/teslafm.net\/"},{"@type":"ListItem","position":2,"name":"Space Oddity Recollection #42"}]},{"@type":"WebSite","@id":"https:\/\/teslafm.net\/#website","url":"https:\/\/teslafm.net\/","name":"TeslaFM","description":"An experimental and creative radio","publisher":{"@id":"https:\/\/teslafm.net\/#organization"},"potentialAction":[{"@type":"SearchAction","target":{"@type":"EntryPoint","urlTemplate":"https:\/\/teslafm.net\/?s={search_term_string}"},"query-input":{"@type":"PropertyValueSpecification","valueRequired":true,"valueName":"search_term_string"}}],"inLanguage":"en-US"},{"@type":"Organization","@id":"https:\/\/teslafm.net\/#organization","name":"TeslaFM","url":"https:\/\/teslafm.net\/","logo":{"@type":"ImageObject","inLanguage":"en-US","@id":"https:\/\/teslafm.net\/#\/schema\/logo\/image\/","url":"https:\/\/teslafm.net\/wp-content\/uploads\/2020\/06\/logo-tesla.png","contentUrl":"https:\/\/teslafm.net\/wp-content\/uploads\/2020\/06\/logo-tesla.png","width":512,"height":512,"caption":"TeslaFM"},"image":{"@id":"https:\/\/teslafm.net\/#\/schema\/logo\/image\/"},"sameAs":["https:\/\/www.facebook.com\/teslafm.net","https:\/\/x.com\/teslafm"]}]}},"rttpg_featured_image_url":null,"rttpg_author":{"display_name":"Ishak","author_link":"https:\/\/teslafm.net\/en\/author\/cravan\/"},"rttpg_comment":0,"rttpg_category":null,"rttpg_excerpt":"Space Oddity Recollection #42 Marzo 2023 DaktyleSonidos electroac\u00fasticos del d\u00fao Daktyle, formado por los dos m\u00fasicos Marek Sadowski, alias Krekot, y Maciej Jaciuk, alias SqrtSigil, que tambi\u00e9n crean sus propios proyectos individuales. Su proyecto de colaboraci\u00f3n combina la electr\u00f3nica experimental moderna con instrumentos preparados en directo. Durante sus sesiones improvisadas, los m\u00fasicos logran un equilibrio&hellip;","_links":{"self":[{"href":"https:\/\/teslafm.net\/en\/wp-json\/wp\/v2\/pages\/62060","targetHints":{"allow":["GET"]}}],"collection":[{"href":"https:\/\/teslafm.net\/en\/wp-json\/wp\/v2\/pages"}],"about":[{"href":"https:\/\/teslafm.net\/en\/wp-json\/wp\/v2\/types\/page"}],"author":[{"embeddable":true,"href":"https:\/\/teslafm.net\/en\/wp-json\/wp\/v2\/users\/19"}],"replies":[{"embeddable":true,"href":"https:\/\/teslafm.net\/en\/wp-json\/wp\/v2\/comments?post=62060"}],"version-history":[{"count":11,"href":"https:\/\/teslafm.net\/en\/wp-json\/wp\/v2\/pages\/62060\/revisions"}],"predecessor-version":[{"id":62074,"href":"https:\/\/teslafm.net\/en\/wp-json\/wp\/v2\/pages\/62060\/revisions\/62074"}],"wp:attachment":[{"href":"https:\/\/teslafm.net\/en\/wp-json\/wp\/v2\/media?parent=62060"}],"curies":[{"name":"wp","href":"https:\/\/api.w.org\/{rel}","templated":true}]}}