

{"id":62097,"date":"2023-03-31T15:45:17","date_gmt":"2023-03-31T13:45:17","guid":{"rendered":"https:\/\/teslafm.net\/?page_id=62097"},"modified":"2023-03-31T15:47:00","modified_gmt":"2023-03-31T13:47:00","slug":"deltagrama-13","status":"publish","type":"page","link":"https:\/\/teslafm.net\/en\/deltagrama-13\/","title":{"rendered":"Deltagram #13"},"content":{"rendered":"<div data-elementor-type=\"wp-page\" data-elementor-id=\"62097\" class=\"elementor elementor-62097\">\n\t\t\t\t\t\t<section class=\"elementor-section elementor-top-section elementor-element elementor-element-33c47c3b elementor-section-boxed elementor-section-height-default elementor-section-height-default\" data-id=\"33c47c3b\" data-element_type=\"section\" data-e-type=\"section\">\n\t\t\t\t\t\t<div class=\"elementor-container elementor-column-gap-default\">\n\t\t\t\t\t<div class=\"elementor-column elementor-col-100 elementor-top-column elementor-element elementor-element-7d177b6c\" data-id=\"7d177b6c\" data-element_type=\"column\" data-e-type=\"column\">\n\t\t\t<div class=\"elementor-widget-wrap elementor-element-populated\">\n\t\t\t\t\t\t<div class=\"elementor-element elementor-element-2f92e08e elementor-widget elementor-widget-text-editor\" data-id=\"2f92e08e\" data-element_type=\"widget\" data-e-type=\"widget\" data-widget_type=\"text-editor.default\">\n\t\t\t\t<div class=\"elementor-widget-container\">\n\t\t\t\t\t\t\t\t\t<h2><span style=\"color: #ffffff;\"><strong>Deltagram #13<\/strong><\/span><\/h2><p><span style=\"color: #808080;\"><em>March 30, 2023<\/em><\/span><\/p><p><iframe src=\"https:\/\/www.mixcloud.com\/widget\/iframe\/?hide_cover=1&amp;feed=%2FTeslafm_net%2Fdeltagrama-13-soul-twin%2F\" width=\"100%\" height=\"120\" frameborder=\"0\"><\/iframe><\/p>\t\t\t\t\t\t\t\t<\/div>\n\t\t\t\t<\/div>\n\t\t\t\t\t<\/div>\n\t\t<\/div>\n\t\t\t\t\t<\/div>\n\t\t<\/section>\n\t\t\t\t<section class=\"elementor-section elementor-top-section elementor-element elementor-element-8812770 elementor-section-boxed elementor-section-height-default elementor-section-height-default\" data-id=\"8812770\" data-element_type=\"section\" data-e-type=\"section\">\n\t\t\t\t\t\t<div class=\"elementor-container elementor-column-gap-default\">\n\t\t\t\t\t<div class=\"elementor-column elementor-col-50 elementor-top-column elementor-element elementor-element-ec28d6c\" data-id=\"ec28d6c\" data-element_type=\"column\" data-e-type=\"column\">\n\t\t\t<div class=\"elementor-widget-wrap elementor-element-populated\">\n\t\t\t\t\t\t<div class=\"elementor-element elementor-element-68b6b49 elementor-widget elementor-widget-image\" data-id=\"68b6b49\" data-element_type=\"widget\" data-e-type=\"widget\" data-widget_type=\"image.default\">\n\t\t\t\t<div class=\"elementor-widget-container\">\n\t\t\t\t\t\t\t\t\t\t\t\t\t\t\t<img fetchpriority=\"high\" decoding=\"async\" width=\"748\" height=\"745\" src=\"https:\/\/teslafm.net\/wp-content\/uploads\/2023\/03\/d-13.jpg\" class=\"attachment-large size-large wp-image-62106\" alt=\"\" srcset=\"https:\/\/teslafm.net\/wp-content\/uploads\/2023\/03\/d-13.jpg 748w, https:\/\/teslafm.net\/wp-content\/uploads\/2023\/03\/d-13-300x300.jpg 300w, https:\/\/teslafm.net\/wp-content\/uploads\/2023\/03\/d-13-150x150.jpg 150w\" sizes=\"(max-width: 748px) 100vw, 748px\" \/>\t\t\t\t\t\t\t\t\t\t\t\t\t\t\t<\/div>\n\t\t\t\t<\/div>\n\t\t\t\t\t<\/div>\n\t\t<\/div>\n\t\t\t\t<div class=\"elementor-column elementor-col-50 elementor-top-column elementor-element elementor-element-595842d\" data-id=\"595842d\" data-element_type=\"column\" data-e-type=\"column\">\n\t\t\t<div class=\"elementor-widget-wrap elementor-element-populated\">\n\t\t\t\t\t\t<div class=\"elementor-element elementor-element-1879a4b elementor-widget elementor-widget-text-editor\" data-id=\"1879a4b\" data-element_type=\"widget\" data-e-type=\"widget\" data-widget_type=\"text-editor.default\">\n\t\t\t\t<div class=\"elementor-widget-container\">\n\t\t\t\t\t\t\t\t\t<p><span style=\"color: #808080;\">Our friend <strong>Joel Valldeperez<\/strong>Metra\", a multi-instrumentalist who loves music and is passionate about making his instruments, presents his work \"Metra\".<em>Fang<\/em>\"Terra destroyed, deprived of life, torn from nature by agricultural machinery and popular ignorance, promoted by an advertising swindle strongly spread from the intellectual elite to the general society, the erosion of one's own existence diluted in the water that is washing away our future. A paradise turned into a desert since the time of Eden, welcome spectators to the funeral of the Earth.<\/span><\/p><p><span style=\"color: #808080;\">Following are some of his musical influences.<\/span><\/p>\t\t\t\t\t\t\t\t<\/div>\n\t\t\t\t<\/div>\n\t\t\t\t\t<\/div>\n\t\t<\/div>\n\t\t\t\t\t<\/div>\n\t\t<\/section>\n\t\t\t\t<\/div>","protected":false},"excerpt":{"rendered":"<p>Deltagrama #13 30 de Marzo 2023 El nostre amic Joel Valldeperez, \u00abMetra\u00bb, un multiinstrumentista amant de la m\u00fasica i un apassionat fabricant els seus instruments, ens presenta la seva obra \u00abFang\u00ab, Terra destru\u00efda, desprove\u00efda de vida, arrancada de la natura per la maquin\u00e0ria agr\u00edcola i la ignor\u00e0ncia popular, fomentada per una estafa publicit\u00e0ria fortament arrelada [&hellip;]<\/p>\n","protected":false},"author":19,"featured_media":0,"parent":0,"menu_order":0,"comment_status":"closed","ping_status":"closed","template":"","meta":{"footnotes":""},"class_list":["post-62097","page","type-page","status-publish","hentry"],"yoast_head":"<!-- This site is optimized with the Yoast SEO plugin v27.2 - https:\/\/yoast.com\/product\/yoast-seo-wordpress\/ -->\n<title>Deltagrama #13 -<\/title>\n<meta name=\"robots\" content=\"index, follow, max-snippet:-1, max-image-preview:large, max-video-preview:-1\" \/>\n<link rel=\"canonical\" href=\"https:\/\/teslafm.net\/en\/deltagrama-13\/\" \/>\n<meta property=\"og:locale\" content=\"en_US\" \/>\n<meta property=\"og:type\" content=\"article\" \/>\n<meta property=\"og:title\" content=\"Deltagrama #13 -\" \/>\n<meta property=\"og:description\" content=\"Deltagrama #13 30 de Marzo 2023 El nostre amic Joel Valldeperez, \u00abMetra\u00bb, un multiinstrumentista amant de la m\u00fasica i un apassionat fabricant els seus instruments, ens presenta la seva obra \u00abFang\u00ab, Terra destru\u00efda, desprove\u00efda de vida, arrancada de la natura per la maquin\u00e0ria agr\u00edcola i la ignor\u00e0ncia popular, fomentada per una estafa publicit\u00e0ria fortament arrelada [&hellip;]\" \/>\n<meta property=\"og:url\" content=\"https:\/\/teslafm.net\/en\/deltagrama-13\/\" \/>\n<meta property=\"article:publisher\" content=\"https:\/\/www.facebook.com\/teslafm.net\" \/>\n<meta property=\"article:modified_time\" content=\"2023-03-31T13:47:00+00:00\" \/>\n<meta property=\"og:image\" content=\"http:\/\/teslafm.net\/wp-content\/uploads\/2023\/03\/d-13.jpg\" \/>\n<meta name=\"twitter:card\" content=\"summary_large_image\" \/>\n<meta name=\"twitter:site\" content=\"@teslafm\" \/>\n<meta name=\"twitter:label1\" content=\"Est. reading time\" \/>\n\t<meta name=\"twitter:data1\" content=\"1 minute\" \/>\n<script type=\"application\/ld+json\" class=\"yoast-schema-graph\">{\"@context\":\"https:\/\/schema.org\",\"@graph\":[{\"@type\":\"WebPage\",\"@id\":\"https:\/\/teslafm.net\/deltagrama-13\/\",\"url\":\"https:\/\/teslafm.net\/deltagrama-13\/\",\"name\":\"Deltagrama #13 -\",\"isPartOf\":{\"@id\":\"https:\/\/teslafm.net\/#website\"},\"primaryImageOfPage\":{\"@id\":\"https:\/\/teslafm.net\/deltagrama-13\/#primaryimage\"},\"image\":{\"@id\":\"https:\/\/teslafm.net\/deltagrama-13\/#primaryimage\"},\"thumbnailUrl\":\"http:\/\/teslafm.net\/wp-content\/uploads\/2023\/03\/d-13.jpg\",\"datePublished\":\"2023-03-31T13:45:17+00:00\",\"dateModified\":\"2023-03-31T13:47:00+00:00\",\"breadcrumb\":{\"@id\":\"https:\/\/teslafm.net\/deltagrama-13\/#breadcrumb\"},\"inLanguage\":\"en-US\",\"potentialAction\":[{\"@type\":\"ReadAction\",\"target\":[\"https:\/\/teslafm.net\/deltagrama-13\/\"]}]},{\"@type\":\"ImageObject\",\"inLanguage\":\"en-US\",\"@id\":\"https:\/\/teslafm.net\/deltagrama-13\/#primaryimage\",\"url\":\"http:\/\/teslafm.net\/wp-content\/uploads\/2023\/03\/d-13.jpg\",\"contentUrl\":\"http:\/\/teslafm.net\/wp-content\/uploads\/2023\/03\/d-13.jpg\"},{\"@type\":\"BreadcrumbList\",\"@id\":\"https:\/\/teslafm.net\/deltagrama-13\/#breadcrumb\",\"itemListElement\":[{\"@type\":\"ListItem\",\"position\":1,\"name\":\"Portada\",\"item\":\"https:\/\/teslafm.net\/\"},{\"@type\":\"ListItem\",\"position\":2,\"name\":\"Deltagrama #13\"}]},{\"@type\":\"WebSite\",\"@id\":\"https:\/\/teslafm.net\/#website\",\"url\":\"https:\/\/teslafm.net\/\",\"name\":\"TeslaFM\",\"description\":\"An experimental and creative radio\",\"publisher\":{\"@id\":\"https:\/\/teslafm.net\/#organization\"},\"potentialAction\":[{\"@type\":\"SearchAction\",\"target\":{\"@type\":\"EntryPoint\",\"urlTemplate\":\"https:\/\/teslafm.net\/?s={search_term_string}\"},\"query-input\":{\"@type\":\"PropertyValueSpecification\",\"valueRequired\":true,\"valueName\":\"search_term_string\"}}],\"inLanguage\":\"en-US\"},{\"@type\":\"Organization\",\"@id\":\"https:\/\/teslafm.net\/#organization\",\"name\":\"TeslaFM\",\"url\":\"https:\/\/teslafm.net\/\",\"logo\":{\"@type\":\"ImageObject\",\"inLanguage\":\"en-US\",\"@id\":\"https:\/\/teslafm.net\/#\/schema\/logo\/image\/\",\"url\":\"https:\/\/teslafm.net\/wp-content\/uploads\/2020\/06\/logo-tesla.png\",\"contentUrl\":\"https:\/\/teslafm.net\/wp-content\/uploads\/2020\/06\/logo-tesla.png\",\"width\":512,\"height\":512,\"caption\":\"TeslaFM\"},\"image\":{\"@id\":\"https:\/\/teslafm.net\/#\/schema\/logo\/image\/\"},\"sameAs\":[\"https:\/\/www.facebook.com\/teslafm.net\",\"https:\/\/x.com\/teslafm\"]}]}<\/script>\n<!-- \/ Yoast SEO plugin. -->","yoast_head_json":{"title":"Deltagrama #13 -","robots":{"index":"index","follow":"follow","max-snippet":"max-snippet:-1","max-image-preview":"max-image-preview:large","max-video-preview":"max-video-preview:-1"},"canonical":"https:\/\/teslafm.net\/en\/deltagrama-13\/","og_locale":"en_US","og_type":"article","og_title":"Deltagrama #13 -","og_description":"Deltagrama #13 30 de Marzo 2023 El nostre amic Joel Valldeperez, \u00abMetra\u00bb, un multiinstrumentista amant de la m\u00fasica i un apassionat fabricant els seus instruments, ens presenta la seva obra \u00abFang\u00ab, Terra destru\u00efda, desprove\u00efda de vida, arrancada de la natura per la maquin\u00e0ria agr\u00edcola i la ignor\u00e0ncia popular, fomentada per una estafa publicit\u00e0ria fortament arrelada [&hellip;]","og_url":"https:\/\/teslafm.net\/en\/deltagrama-13\/","article_publisher":"https:\/\/www.facebook.com\/teslafm.net","article_modified_time":"2023-03-31T13:47:00+00:00","og_image":[{"url":"http:\/\/teslafm.net\/wp-content\/uploads\/2023\/03\/d-13.jpg","type":"","width":"","height":""}],"twitter_card":"summary_large_image","twitter_site":"@teslafm","twitter_misc":{"Est. reading time":"1 minute"},"schema":{"@context":"https:\/\/schema.org","@graph":[{"@type":"WebPage","@id":"https:\/\/teslafm.net\/deltagrama-13\/","url":"https:\/\/teslafm.net\/deltagrama-13\/","name":"Deltagrama #13 -","isPartOf":{"@id":"https:\/\/teslafm.net\/#website"},"primaryImageOfPage":{"@id":"https:\/\/teslafm.net\/deltagrama-13\/#primaryimage"},"image":{"@id":"https:\/\/teslafm.net\/deltagrama-13\/#primaryimage"},"thumbnailUrl":"http:\/\/teslafm.net\/wp-content\/uploads\/2023\/03\/d-13.jpg","datePublished":"2023-03-31T13:45:17+00:00","dateModified":"2023-03-31T13:47:00+00:00","breadcrumb":{"@id":"https:\/\/teslafm.net\/deltagrama-13\/#breadcrumb"},"inLanguage":"en-US","potentialAction":[{"@type":"ReadAction","target":["https:\/\/teslafm.net\/deltagrama-13\/"]}]},{"@type":"ImageObject","inLanguage":"en-US","@id":"https:\/\/teslafm.net\/deltagrama-13\/#primaryimage","url":"http:\/\/teslafm.net\/wp-content\/uploads\/2023\/03\/d-13.jpg","contentUrl":"http:\/\/teslafm.net\/wp-content\/uploads\/2023\/03\/d-13.jpg"},{"@type":"BreadcrumbList","@id":"https:\/\/teslafm.net\/deltagrama-13\/#breadcrumb","itemListElement":[{"@type":"ListItem","position":1,"name":"Portada","item":"https:\/\/teslafm.net\/"},{"@type":"ListItem","position":2,"name":"Deltagrama #13"}]},{"@type":"WebSite","@id":"https:\/\/teslafm.net\/#website","url":"https:\/\/teslafm.net\/","name":"TeslaFM","description":"An experimental and creative radio","publisher":{"@id":"https:\/\/teslafm.net\/#organization"},"potentialAction":[{"@type":"SearchAction","target":{"@type":"EntryPoint","urlTemplate":"https:\/\/teslafm.net\/?s={search_term_string}"},"query-input":{"@type":"PropertyValueSpecification","valueRequired":true,"valueName":"search_term_string"}}],"inLanguage":"en-US"},{"@type":"Organization","@id":"https:\/\/teslafm.net\/#organization","name":"TeslaFM","url":"https:\/\/teslafm.net\/","logo":{"@type":"ImageObject","inLanguage":"en-US","@id":"https:\/\/teslafm.net\/#\/schema\/logo\/image\/","url":"https:\/\/teslafm.net\/wp-content\/uploads\/2020\/06\/logo-tesla.png","contentUrl":"https:\/\/teslafm.net\/wp-content\/uploads\/2020\/06\/logo-tesla.png","width":512,"height":512,"caption":"TeslaFM"},"image":{"@id":"https:\/\/teslafm.net\/#\/schema\/logo\/image\/"},"sameAs":["https:\/\/www.facebook.com\/teslafm.net","https:\/\/x.com\/teslafm"]}]}},"rttpg_featured_image_url":null,"rttpg_author":{"display_name":"Ishak","author_link":"https:\/\/teslafm.net\/en\/author\/cravan\/"},"rttpg_comment":0,"rttpg_category":null,"rttpg_excerpt":"Deltagrama #13 30 de Marzo 2023 El nostre amic Joel Valldeperez, \u00abMetra\u00bb, un multiinstrumentista amant de la m\u00fasica i un apassionat fabricant els seus instruments, ens presenta la seva obra \u00abFang\u00ab, Terra destru\u00efda, desprove\u00efda de vida, arrancada de la natura per la maquin\u00e0ria agr\u00edcola i la ignor\u00e0ncia popular, fomentada per una estafa publicit\u00e0ria fortament arrelada&hellip;","_links":{"self":[{"href":"https:\/\/teslafm.net\/en\/wp-json\/wp\/v2\/pages\/62097","targetHints":{"allow":["GET"]}}],"collection":[{"href":"https:\/\/teslafm.net\/en\/wp-json\/wp\/v2\/pages"}],"about":[{"href":"https:\/\/teslafm.net\/en\/wp-json\/wp\/v2\/types\/page"}],"author":[{"embeddable":true,"href":"https:\/\/teslafm.net\/en\/wp-json\/wp\/v2\/users\/19"}],"replies":[{"embeddable":true,"href":"https:\/\/teslafm.net\/en\/wp-json\/wp\/v2\/comments?post=62097"}],"version-history":[{"count":4,"href":"https:\/\/teslafm.net\/en\/wp-json\/wp\/v2\/pages\/62097\/revisions"}],"predecessor-version":[{"id":62109,"href":"https:\/\/teslafm.net\/en\/wp-json\/wp\/v2\/pages\/62097\/revisions\/62109"}],"wp:attachment":[{"href":"https:\/\/teslafm.net\/en\/wp-json\/wp\/v2\/media?parent=62097"}],"curies":[{"name":"wp","href":"https:\/\/api.w.org\/{rel}","templated":true}]}}