

{"id":62192,"date":"2023-04-25T16:45:23","date_gmt":"2023-04-25T14:45:23","guid":{"rendered":"https:\/\/teslafm.net\/?page_id=62192"},"modified":"2023-04-25T16:47:08","modified_gmt":"2023-04-25T14:47:08","slug":"ones-de-crom-19","status":"publish","type":"page","link":"https:\/\/teslafm.net\/en\/ones-de-crom-19\/","title":{"rendered":"Ones de Crom #19"},"content":{"rendered":"<div data-elementor-type=\"wp-page\" data-elementor-id=\"62192\" class=\"elementor elementor-62192\">\n\t\t\t\t\t\t<section class=\"elementor-section elementor-top-section elementor-element elementor-element-366de4aa elementor-section-boxed elementor-section-height-default elementor-section-height-default\" data-id=\"366de4aa\" data-element_type=\"section\" data-e-type=\"section\">\n\t\t\t\t\t\t<div class=\"elementor-container elementor-column-gap-default\">\n\t\t\t\t\t<div class=\"elementor-column elementor-col-100 elementor-top-column elementor-element elementor-element-6824b304\" data-id=\"6824b304\" data-element_type=\"column\" data-e-type=\"column\">\n\t\t\t<div class=\"elementor-widget-wrap elementor-element-populated\">\n\t\t\t\t\t\t<div class=\"elementor-element elementor-element-55f4c2af elementor-widget elementor-widget-text-editor\" data-id=\"55f4c2af\" data-element_type=\"widget\" data-e-type=\"widget\" data-widget_type=\"text-editor.default\">\n\t\t\t\t<div class=\"elementor-widget-container\">\n\t\t\t\t\t\t\t\t\t<h2><span style=\"color: #ffffff;\"><strong>Ones de Crom #19<\/strong><\/span><\/h2>\r\n<span style=\"color: #808080;\"><em>Nate Young<\/em><\/span>\r\n\r\n<iframe src=\"https:\/\/www.mixcloud.com\/widget\/iframe\/?hide_cover=1&amp;feed=%2FTeslafm_net%2Fones-de-crom-19-emili-mir%C3%B3%2F\" width=\"100%\" height=\"120\" frameborder=\"0\"><\/iframe>\t\t\t\t\t\t\t\t<\/div>\n\t\t\t\t<\/div>\n\t\t\t\t\t<\/div>\n\t\t<\/div>\n\t\t\t\t\t<\/div>\n\t\t<\/section>\n\t\t\t\t<section class=\"elementor-section elementor-top-section elementor-element elementor-element-95d690b elementor-section-boxed elementor-section-height-default elementor-section-height-default\" data-id=\"95d690b\" data-element_type=\"section\" data-e-type=\"section\">\n\t\t\t\t\t\t<div class=\"elementor-container elementor-column-gap-default\">\n\t\t\t\t\t<div class=\"elementor-column elementor-col-50 elementor-top-column elementor-element elementor-element-4b9026e\" data-id=\"4b9026e\" data-element_type=\"column\" data-e-type=\"column\">\n\t\t\t<div class=\"elementor-widget-wrap elementor-element-populated\">\n\t\t\t\t\t\t<div class=\"elementor-element elementor-element-e0e951c elementor-widget elementor-widget-image\" data-id=\"e0e951c\" data-element_type=\"widget\" data-e-type=\"widget\" data-widget_type=\"image.default\">\n\t\t\t\t<div class=\"elementor-widget-container\">\n\t\t\t\t\t\t\t\t\t\t\t\t\t\t\t<img fetchpriority=\"high\" decoding=\"async\" width=\"227\" height=\"251\" src=\"https:\/\/teslafm.net\/wp-content\/uploads\/2023\/04\/Nate-Young.jpg\" class=\"attachment-full size-full wp-image-62195\" alt=\"\" \/>\t\t\t\t\t\t\t\t\t\t\t\t\t\t\t<\/div>\n\t\t\t\t<\/div>\n\t\t\t\t\t<\/div>\n\t\t<\/div>\n\t\t\t\t<div class=\"elementor-column elementor-col-50 elementor-top-column elementor-element elementor-element-0efa9c2\" data-id=\"0efa9c2\" data-element_type=\"column\" data-e-type=\"column\">\n\t\t\t<div class=\"elementor-widget-wrap elementor-element-populated\">\n\t\t\t\t\t\t<div class=\"elementor-element elementor-element-b2457c0 elementor-widget elementor-widget-text-editor\" data-id=\"b2457c0\" data-element_type=\"widget\" data-e-type=\"widget\" data-widget_type=\"text-editor.default\">\n\t\t\t\t<div class=\"elementor-widget-container\">\n\t\t\t\t\t\t\t\t\t<p><span style=\"color: #808080;\"><em>November 24, 2021<\/em><\/span><br \/><span style=\"color: #808080;\">From the industrial decadence of Detroit, this member of the group <strong>Wolf Eyes<\/strong> presents a solo career with works of slow, ambient, restless and deep electronic music. Author of concrete music and influenced by sound experimenters, primitive rock, EBM and soroll. We have chosen an initial own song from the collective cassette \"Solo\" (2007) with individual themes also from <strong>Wolf Eyes<\/strong>, <strong>Spykes<\/strong> and <strong>Failing Lights<\/strong>. And we start with \"Regression\" (2009) his series of works. <strong>Regression<\/strong>where this disturbing, experimental and percussive electronica has continuity in other albums that we include as \"Stay Asleep (Regression Vol. 2)\" (2011), \"Regression Vol. 3 (Other Days)\" (2012), the EP \"Regression-Between Worlds\"(1012) and \"Regression - Blinding Confusion\" (2013). We have chosen a track published in digital from <strong>Nate Young<\/strong> and <strong>John Olson<\/strong> \"Piano and Reeds\" (2018) on piano and winds join together with their manipulated electronic sounds. And from the new series of works initiated with \"Volume One. Dilemmas Of Identity\" (2019) we hear new electronic contributions both rhythmic and dense and paused, completed with \"Volume Two.<\/span><br \/><span style=\"color: #808080;\">Nightshade\" (2019) and an amb veu track from \"Volume Three: Dance Of The Weeping Babe\" (2019).<\/span><\/p>\t\t\t\t\t\t\t\t<\/div>\n\t\t\t\t<\/div>\n\t\t\t\t\t<\/div>\n\t\t<\/div>\n\t\t\t\t\t<\/div>\n\t\t<\/section>\n\t\t\t\t<\/div>","protected":false},"excerpt":{"rendered":"<p>Ones de Crom #19 Nate Young 24 de novembre 2021Des de la decad\u00e8ncia industrial de Detroit, aquest membre del grup Wolf Eyes presenta una carrera en solitari amb treballs d&#8217;electr\u00f2nica pausada, ambiental, inquieta i profunda. Deutora de m\u00fasica concreta i influ\u00efda per experimentadors sonors, rock primitiu, EBM i soroll. Escoltem un inicial tema propi des [&hellip;]<\/p>\n","protected":false},"author":19,"featured_media":0,"parent":0,"menu_order":0,"comment_status":"closed","ping_status":"closed","template":"","meta":{"footnotes":""},"class_list":["post-62192","page","type-page","status-publish","hentry"],"yoast_head":"<!-- This site is optimized with the Yoast SEO plugin v27.2 - https:\/\/yoast.com\/product\/yoast-seo-wordpress\/ -->\n<title>Ones de Crom #19 -<\/title>\n<meta name=\"robots\" content=\"index, follow, max-snippet:-1, max-image-preview:large, max-video-preview:-1\" \/>\n<link rel=\"canonical\" href=\"https:\/\/teslafm.net\/en\/ones-de-crom-19\/\" \/>\n<meta property=\"og:locale\" content=\"en_US\" \/>\n<meta property=\"og:type\" content=\"article\" \/>\n<meta property=\"og:title\" content=\"Ones de Crom #19 -\" \/>\n<meta property=\"og:description\" content=\"Ones de Crom #19 Nate Young 24 de novembre 2021Des de la decad\u00e8ncia industrial de Detroit, aquest membre del grup Wolf Eyes presenta una carrera en solitari amb treballs d&#8217;electr\u00f2nica pausada, ambiental, inquieta i profunda. Deutora de m\u00fasica concreta i influ\u00efda per experimentadors sonors, rock primitiu, EBM i soroll. Escoltem un inicial tema propi des [&hellip;]\" \/>\n<meta property=\"og:url\" content=\"https:\/\/teslafm.net\/en\/ones-de-crom-19\/\" \/>\n<meta property=\"article:publisher\" content=\"https:\/\/www.facebook.com\/teslafm.net\" \/>\n<meta property=\"article:modified_time\" content=\"2023-04-25T14:47:08+00:00\" \/>\n<meta property=\"og:image\" content=\"http:\/\/teslafm.net\/wp-content\/uploads\/2023\/04\/Nate-Young.jpg\" \/>\n<meta name=\"twitter:card\" content=\"summary_large_image\" \/>\n<meta name=\"twitter:site\" content=\"@teslafm\" \/>\n<meta name=\"twitter:label1\" content=\"Est. reading time\" \/>\n\t<meta name=\"twitter:data1\" content=\"2 minutes\" \/>\n<script type=\"application\/ld+json\" class=\"yoast-schema-graph\">{\"@context\":\"https:\/\/schema.org\",\"@graph\":[{\"@type\":\"WebPage\",\"@id\":\"https:\/\/teslafm.net\/ones-de-crom-19\/\",\"url\":\"https:\/\/teslafm.net\/ones-de-crom-19\/\",\"name\":\"Ones de Crom #19 -\",\"isPartOf\":{\"@id\":\"https:\/\/teslafm.net\/#website\"},\"primaryImageOfPage\":{\"@id\":\"https:\/\/teslafm.net\/ones-de-crom-19\/#primaryimage\"},\"image\":{\"@id\":\"https:\/\/teslafm.net\/ones-de-crom-19\/#primaryimage\"},\"thumbnailUrl\":\"http:\/\/teslafm.net\/wp-content\/uploads\/2023\/04\/Nate-Young.jpg\",\"datePublished\":\"2023-04-25T14:45:23+00:00\",\"dateModified\":\"2023-04-25T14:47:08+00:00\",\"breadcrumb\":{\"@id\":\"https:\/\/teslafm.net\/ones-de-crom-19\/#breadcrumb\"},\"inLanguage\":\"en-US\",\"potentialAction\":[{\"@type\":\"ReadAction\",\"target\":[\"https:\/\/teslafm.net\/ones-de-crom-19\/\"]}]},{\"@type\":\"ImageObject\",\"inLanguage\":\"en-US\",\"@id\":\"https:\/\/teslafm.net\/ones-de-crom-19\/#primaryimage\",\"url\":\"http:\/\/teslafm.net\/wp-content\/uploads\/2023\/04\/Nate-Young.jpg\",\"contentUrl\":\"http:\/\/teslafm.net\/wp-content\/uploads\/2023\/04\/Nate-Young.jpg\"},{\"@type\":\"BreadcrumbList\",\"@id\":\"https:\/\/teslafm.net\/ones-de-crom-19\/#breadcrumb\",\"itemListElement\":[{\"@type\":\"ListItem\",\"position\":1,\"name\":\"Portada\",\"item\":\"https:\/\/teslafm.net\/\"},{\"@type\":\"ListItem\",\"position\":2,\"name\":\"Ones de Crom #19\"}]},{\"@type\":\"WebSite\",\"@id\":\"https:\/\/teslafm.net\/#website\",\"url\":\"https:\/\/teslafm.net\/\",\"name\":\"TeslaFM\",\"description\":\"An experimental and creative radio\",\"publisher\":{\"@id\":\"https:\/\/teslafm.net\/#organization\"},\"potentialAction\":[{\"@type\":\"SearchAction\",\"target\":{\"@type\":\"EntryPoint\",\"urlTemplate\":\"https:\/\/teslafm.net\/?s={search_term_string}\"},\"query-input\":{\"@type\":\"PropertyValueSpecification\",\"valueRequired\":true,\"valueName\":\"search_term_string\"}}],\"inLanguage\":\"en-US\"},{\"@type\":\"Organization\",\"@id\":\"https:\/\/teslafm.net\/#organization\",\"name\":\"TeslaFM\",\"url\":\"https:\/\/teslafm.net\/\",\"logo\":{\"@type\":\"ImageObject\",\"inLanguage\":\"en-US\",\"@id\":\"https:\/\/teslafm.net\/#\/schema\/logo\/image\/\",\"url\":\"https:\/\/teslafm.net\/wp-content\/uploads\/2020\/06\/logo-tesla.png\",\"contentUrl\":\"https:\/\/teslafm.net\/wp-content\/uploads\/2020\/06\/logo-tesla.png\",\"width\":512,\"height\":512,\"caption\":\"TeslaFM\"},\"image\":{\"@id\":\"https:\/\/teslafm.net\/#\/schema\/logo\/image\/\"},\"sameAs\":[\"https:\/\/www.facebook.com\/teslafm.net\",\"https:\/\/x.com\/teslafm\"]}]}<\/script>\n<!-- \/ Yoast SEO plugin. -->","yoast_head_json":{"title":"Ones de Crom #19 -","robots":{"index":"index","follow":"follow","max-snippet":"max-snippet:-1","max-image-preview":"max-image-preview:large","max-video-preview":"max-video-preview:-1"},"canonical":"https:\/\/teslafm.net\/en\/ones-de-crom-19\/","og_locale":"en_US","og_type":"article","og_title":"Ones de Crom #19 -","og_description":"Ones de Crom #19 Nate Young 24 de novembre 2021Des de la decad\u00e8ncia industrial de Detroit, aquest membre del grup Wolf Eyes presenta una carrera en solitari amb treballs d&#8217;electr\u00f2nica pausada, ambiental, inquieta i profunda. Deutora de m\u00fasica concreta i influ\u00efda per experimentadors sonors, rock primitiu, EBM i soroll. Escoltem un inicial tema propi des [&hellip;]","og_url":"https:\/\/teslafm.net\/en\/ones-de-crom-19\/","article_publisher":"https:\/\/www.facebook.com\/teslafm.net","article_modified_time":"2023-04-25T14:47:08+00:00","og_image":[{"url":"http:\/\/teslafm.net\/wp-content\/uploads\/2023\/04\/Nate-Young.jpg","type":"","width":"","height":""}],"twitter_card":"summary_large_image","twitter_site":"@teslafm","twitter_misc":{"Est. reading time":"2 minutes"},"schema":{"@context":"https:\/\/schema.org","@graph":[{"@type":"WebPage","@id":"https:\/\/teslafm.net\/ones-de-crom-19\/","url":"https:\/\/teslafm.net\/ones-de-crom-19\/","name":"Ones de Crom #19 -","isPartOf":{"@id":"https:\/\/teslafm.net\/#website"},"primaryImageOfPage":{"@id":"https:\/\/teslafm.net\/ones-de-crom-19\/#primaryimage"},"image":{"@id":"https:\/\/teslafm.net\/ones-de-crom-19\/#primaryimage"},"thumbnailUrl":"http:\/\/teslafm.net\/wp-content\/uploads\/2023\/04\/Nate-Young.jpg","datePublished":"2023-04-25T14:45:23+00:00","dateModified":"2023-04-25T14:47:08+00:00","breadcrumb":{"@id":"https:\/\/teslafm.net\/ones-de-crom-19\/#breadcrumb"},"inLanguage":"en-US","potentialAction":[{"@type":"ReadAction","target":["https:\/\/teslafm.net\/ones-de-crom-19\/"]}]},{"@type":"ImageObject","inLanguage":"en-US","@id":"https:\/\/teslafm.net\/ones-de-crom-19\/#primaryimage","url":"http:\/\/teslafm.net\/wp-content\/uploads\/2023\/04\/Nate-Young.jpg","contentUrl":"http:\/\/teslafm.net\/wp-content\/uploads\/2023\/04\/Nate-Young.jpg"},{"@type":"BreadcrumbList","@id":"https:\/\/teslafm.net\/ones-de-crom-19\/#breadcrumb","itemListElement":[{"@type":"ListItem","position":1,"name":"Portada","item":"https:\/\/teslafm.net\/"},{"@type":"ListItem","position":2,"name":"Ones de Crom #19"}]},{"@type":"WebSite","@id":"https:\/\/teslafm.net\/#website","url":"https:\/\/teslafm.net\/","name":"TeslaFM","description":"An experimental and creative radio","publisher":{"@id":"https:\/\/teslafm.net\/#organization"},"potentialAction":[{"@type":"SearchAction","target":{"@type":"EntryPoint","urlTemplate":"https:\/\/teslafm.net\/?s={search_term_string}"},"query-input":{"@type":"PropertyValueSpecification","valueRequired":true,"valueName":"search_term_string"}}],"inLanguage":"en-US"},{"@type":"Organization","@id":"https:\/\/teslafm.net\/#organization","name":"TeslaFM","url":"https:\/\/teslafm.net\/","logo":{"@type":"ImageObject","inLanguage":"en-US","@id":"https:\/\/teslafm.net\/#\/schema\/logo\/image\/","url":"https:\/\/teslafm.net\/wp-content\/uploads\/2020\/06\/logo-tesla.png","contentUrl":"https:\/\/teslafm.net\/wp-content\/uploads\/2020\/06\/logo-tesla.png","width":512,"height":512,"caption":"TeslaFM"},"image":{"@id":"https:\/\/teslafm.net\/#\/schema\/logo\/image\/"},"sameAs":["https:\/\/www.facebook.com\/teslafm.net","https:\/\/x.com\/teslafm"]}]}},"rttpg_featured_image_url":null,"rttpg_author":{"display_name":"Ishak","author_link":"https:\/\/teslafm.net\/en\/author\/cravan\/"},"rttpg_comment":0,"rttpg_category":null,"rttpg_excerpt":"Ones de Crom #19 Nate Young 24 de novembre 2021Des de la decad\u00e8ncia industrial de Detroit, aquest membre del grup Wolf Eyes presenta una carrera en solitari amb treballs d&#8217;electr\u00f2nica pausada, ambiental, inquieta i profunda. Deutora de m\u00fasica concreta i influ\u00efda per experimentadors sonors, rock primitiu, EBM i soroll. Escoltem un inicial tema propi des&hellip;","_links":{"self":[{"href":"https:\/\/teslafm.net\/en\/wp-json\/wp\/v2\/pages\/62192","targetHints":{"allow":["GET"]}}],"collection":[{"href":"https:\/\/teslafm.net\/en\/wp-json\/wp\/v2\/pages"}],"about":[{"href":"https:\/\/teslafm.net\/en\/wp-json\/wp\/v2\/types\/page"}],"author":[{"embeddable":true,"href":"https:\/\/teslafm.net\/en\/wp-json\/wp\/v2\/users\/19"}],"replies":[{"embeddable":true,"href":"https:\/\/teslafm.net\/en\/wp-json\/wp\/v2\/comments?post=62192"}],"version-history":[{"count":10,"href":"https:\/\/teslafm.net\/en\/wp-json\/wp\/v2\/pages\/62192\/revisions"}],"predecessor-version":[{"id":62204,"href":"https:\/\/teslafm.net\/en\/wp-json\/wp\/v2\/pages\/62192\/revisions\/62204"}],"wp:attachment":[{"href":"https:\/\/teslafm.net\/en\/wp-json\/wp\/v2\/media?parent=62192"}],"curies":[{"name":"wp","href":"https:\/\/api.w.org\/{rel}","templated":true}]}}