

{"id":62226,"date":"2023-04-27T17:44:25","date_gmt":"2023-04-27T15:44:25","guid":{"rendered":"https:\/\/teslafm.net\/?page_id=62226"},"modified":"2023-04-27T17:44:25","modified_gmt":"2023-04-27T15:44:25","slug":"rizoma-21","status":"publish","type":"page","link":"https:\/\/teslafm.net\/en\/rizoma-21\/","title":{"rendered":"Rizoma #21"},"content":{"rendered":"<h2><span style=\"color: #ffffff;\"><strong>Rizoma #21<\/strong><\/span><\/h2>\n<p><span style=\"color: #808080;\"><em>April 2023<\/em><\/span><\/p>\n<p><iframe src=\"https:\/\/www.mixcloud.com\/widget\/iframe\/?hide_cover=1&amp;feed=%2FTeslafm_net%2Frizoma-21-vulkana%2F\" width=\"100%\" height=\"120\" frameborder=\"0\"><\/iframe><\/p>\n<p><span style=\"color: #808080;\"><strong>Kris Limbach<\/strong> (II)<\/span><br \/>\n<span style=\"color: #808080;\"><em>\"Radio residue a path through sonic landscapes\".<\/em><\/span><br \/>\n<span style=\"color: #808080;\">Work done at the Chalk Hills Residence, Sonoma County, California.<\/span><br \/>\n<span style=\"color: #808080;\">Field recordings, radio pieces, re-recorded interviews.<\/span><\/p>\n<p><span style=\"color: #808080;\">Sound presentations<\/span><\/p>\n<p><span style=\"color: #808080;\"><strong>Dario Moratilla<\/strong> - What we saw from the second floor<\/span><br \/>\n<span style=\"color: #808080;\"><strong>Flavien Gilli\u00e9<\/strong> - From Haren to Chalk Hill<\/span><br \/>\n<span style=\"color: #808080;\"><strong>Jen Eberhardt<\/strong> - Thunderstorm<\/span><br \/>\n<span style=\"color: #808080;\"><strong>Hopek Quirin<\/strong> &amp; <strong>Jochen Arbeit<\/strong> - Live @ WestGermany<\/span><br \/>\n<span style=\"color: #808080;\"><strong>Hans Nibler Memorial<\/strong> - Psychoacustricks<\/span><br \/>\n<span style=\"color: #808080;\"><strong>Hopek Quirin<\/strong> - M\u00fchle<\/span><br \/>\n<span style=\"color: #808080;\"><strong>Pierce Warnecke<\/strong> &amp; <strong>Kris Limbach<\/strong> - Field improvisation<\/span><br \/>\n<span style=\"color: #808080;\"><strong>Hopek Quirin<\/strong> - 4 track tape recording (Installation 1989)<\/span><br \/>\n<span style=\"color: #808080;\"><strong>Anton Mobin<\/strong> - Coming from the trees<\/span><\/p>\n<p><span style=\"color: #808080;\">Interviews<\/span><\/p>\n<p><span style=\"color: #808080;\"><strong>Pierce Warnecke<\/strong>,<strong> Karel Sidoriak<\/strong>,<strong> Joe Hurliman<\/strong>,<\/span><br \/>\n<span style=\"color: #808080;\"><strong>Margo Warnecke-Merck<\/strong>,<strong> Alice Warnecke<\/strong>,<strong> Dan Rotlisberger<\/strong>,<\/span><br \/>\n<span style=\"color: #808080;\"><strong>Dallas Swindle<\/strong>,<strong> Pedro Martinez<\/strong>,<strong> Juan Cruz<\/strong>,<strong> Fred Warnecke<\/strong><\/span><\/p>\n<p><span style=\"color: #808080;\">Support<\/span><\/p>\n<p><span style=\"color: #808080;\"><strong>Margo Warnecke-Merck<\/strong><\/span><br \/>\n<span style=\"color: #808080;\"><strong>Alice Warnecke<\/strong><\/span><br \/>\n<span style=\"color: #808080;\"><strong>Justine Electra<\/strong><\/span><br \/>\n<span style=\"color: #808080;\"><strong>Luisa Kraft<\/strong><\/span><br \/>\n<span style=\"color: #808080;\"><strong>Dream Amsterdam<\/strong><\/span><br \/>\n<span style=\"color: #808080;\"><strong>Hanne Limbach<\/strong><\/span><br \/>\n<span style=\"color: #808080;\"><strong>Sarah Reaburn<\/strong><\/span><br \/>\n<span style=\"color: #808080;\"><strong>Rebecca Palak<\/strong><\/span><br \/>\n<span style=\"color: #808080;\"><strong>Friedrich Limbach<\/strong><\/span><br \/>\n<span style=\"color: #808080;\"><strong>Lisa M\u00fcller-Trede<\/strong><\/span><br \/>\n<span style=\"color: #808080;\"><strong>Hopek Quirin<\/strong><\/span><\/p>","protected":false},"excerpt":{"rendered":"<p>Rizoma #21 Abril 2023 Kris Limbach (II) \u201cRadio residue a path through sonic landscapes\u201d Trabajo realizado en la residencia Chalk Hills, Sonoma County, California. Grabaciones de campo, piezas radiof\u00f3nicas, entrevistas regrabadas. Presentaciones sonoras Dar\u00edo Moratilla &#8211; What we saw from the second floor Flavien Gilli\u00e9 &#8211; From Haren to Chalk Hill Jen Eberhardt &#8211; Thunderstorm [&hellip;]<\/p>\n","protected":false},"author":19,"featured_media":0,"parent":0,"menu_order":0,"comment_status":"closed","ping_status":"closed","template":"","meta":{"footnotes":""},"class_list":["post-62226","page","type-page","status-publish","hentry"],"yoast_head":"<!-- This site is optimized with the Yoast SEO plugin v27.2 - https:\/\/yoast.com\/product\/yoast-seo-wordpress\/ -->\n<title>Rizoma #21 -<\/title>\n<meta name=\"robots\" content=\"index, follow, max-snippet:-1, max-image-preview:large, max-video-preview:-1\" \/>\n<link rel=\"canonical\" href=\"https:\/\/teslafm.net\/en\/rizoma-21\/\" \/>\n<meta property=\"og:locale\" content=\"en_US\" \/>\n<meta property=\"og:type\" content=\"article\" \/>\n<meta property=\"og:title\" content=\"Rizoma #21 -\" \/>\n<meta property=\"og:description\" content=\"Rizoma #21 Abril 2023 Kris Limbach (II) \u201cRadio residue a path through sonic landscapes\u201d Trabajo realizado en la residencia Chalk Hills, Sonoma County, California. Grabaciones de campo, piezas radiof\u00f3nicas, entrevistas regrabadas. Presentaciones sonoras Dar\u00edo Moratilla &#8211; What we saw from the second floor Flavien Gilli\u00e9 &#8211; From Haren to Chalk Hill Jen Eberhardt &#8211; Thunderstorm [&hellip;]\" \/>\n<meta property=\"og:url\" content=\"https:\/\/teslafm.net\/en\/rizoma-21\/\" \/>\n<meta property=\"article:publisher\" content=\"https:\/\/www.facebook.com\/teslafm.net\" \/>\n<meta property=\"og:image\" content=\"https:\/\/teslafm.net\/wp-content\/uploads\/2022\/09\/header-image-4-temp.png\" \/>\n\t<meta property=\"og:image:width\" content=\"1274\" \/>\n\t<meta property=\"og:image:height\" content=\"818\" \/>\n\t<meta property=\"og:image:type\" content=\"image\/png\" \/>\n<meta name=\"twitter:card\" content=\"summary_large_image\" \/>\n<meta name=\"twitter:site\" content=\"@teslafm\" \/>\n<meta name=\"twitter:label1\" content=\"Est. reading time\" \/>\n\t<meta name=\"twitter:data1\" content=\"1 minute\" \/>\n<script type=\"application\/ld+json\" class=\"yoast-schema-graph\">{\"@context\":\"https:\/\/schema.org\",\"@graph\":[{\"@type\":\"WebPage\",\"@id\":\"https:\/\/teslafm.net\/rizoma-21\/\",\"url\":\"https:\/\/teslafm.net\/rizoma-21\/\",\"name\":\"Rizoma #21 -\",\"isPartOf\":{\"@id\":\"https:\/\/teslafm.net\/#website\"},\"datePublished\":\"2023-04-27T15:44:25+00:00\",\"breadcrumb\":{\"@id\":\"https:\/\/teslafm.net\/rizoma-21\/#breadcrumb\"},\"inLanguage\":\"en-US\",\"potentialAction\":[{\"@type\":\"ReadAction\",\"target\":[\"https:\/\/teslafm.net\/rizoma-21\/\"]}]},{\"@type\":\"BreadcrumbList\",\"@id\":\"https:\/\/teslafm.net\/rizoma-21\/#breadcrumb\",\"itemListElement\":[{\"@type\":\"ListItem\",\"position\":1,\"name\":\"Portada\",\"item\":\"https:\/\/teslafm.net\/\"},{\"@type\":\"ListItem\",\"position\":2,\"name\":\"Rizoma #21\"}]},{\"@type\":\"WebSite\",\"@id\":\"https:\/\/teslafm.net\/#website\",\"url\":\"https:\/\/teslafm.net\/\",\"name\":\"TeslaFM\",\"description\":\"An experimental and creative radio\",\"publisher\":{\"@id\":\"https:\/\/teslafm.net\/#organization\"},\"potentialAction\":[{\"@type\":\"SearchAction\",\"target\":{\"@type\":\"EntryPoint\",\"urlTemplate\":\"https:\/\/teslafm.net\/?s={search_term_string}\"},\"query-input\":{\"@type\":\"PropertyValueSpecification\",\"valueRequired\":true,\"valueName\":\"search_term_string\"}}],\"inLanguage\":\"en-US\"},{\"@type\":\"Organization\",\"@id\":\"https:\/\/teslafm.net\/#organization\",\"name\":\"TeslaFM\",\"url\":\"https:\/\/teslafm.net\/\",\"logo\":{\"@type\":\"ImageObject\",\"inLanguage\":\"en-US\",\"@id\":\"https:\/\/teslafm.net\/#\/schema\/logo\/image\/\",\"url\":\"https:\/\/teslafm.net\/wp-content\/uploads\/2020\/06\/logo-tesla.png\",\"contentUrl\":\"https:\/\/teslafm.net\/wp-content\/uploads\/2020\/06\/logo-tesla.png\",\"width\":512,\"height\":512,\"caption\":\"TeslaFM\"},\"image\":{\"@id\":\"https:\/\/teslafm.net\/#\/schema\/logo\/image\/\"},\"sameAs\":[\"https:\/\/www.facebook.com\/teslafm.net\",\"https:\/\/x.com\/teslafm\"]}]}<\/script>\n<!-- \/ Yoast SEO plugin. -->","yoast_head_json":{"title":"Rizoma #21 -","robots":{"index":"index","follow":"follow","max-snippet":"max-snippet:-1","max-image-preview":"max-image-preview:large","max-video-preview":"max-video-preview:-1"},"canonical":"https:\/\/teslafm.net\/en\/rizoma-21\/","og_locale":"en_US","og_type":"article","og_title":"Rizoma #21 -","og_description":"Rizoma #21 Abril 2023 Kris Limbach (II) \u201cRadio residue a path through sonic landscapes\u201d Trabajo realizado en la residencia Chalk Hills, Sonoma County, California. Grabaciones de campo, piezas radiof\u00f3nicas, entrevistas regrabadas. Presentaciones sonoras Dar\u00edo Moratilla &#8211; What we saw from the second floor Flavien Gilli\u00e9 &#8211; From Haren to Chalk Hill Jen Eberhardt &#8211; Thunderstorm [&hellip;]","og_url":"https:\/\/teslafm.net\/en\/rizoma-21\/","article_publisher":"https:\/\/www.facebook.com\/teslafm.net","og_image":[{"width":1274,"height":818,"url":"https:\/\/teslafm.net\/wp-content\/uploads\/2022\/09\/header-image-4-temp.png","type":"image\/png"}],"twitter_card":"summary_large_image","twitter_site":"@teslafm","twitter_misc":{"Est. reading time":"1 minute"},"schema":{"@context":"https:\/\/schema.org","@graph":[{"@type":"WebPage","@id":"https:\/\/teslafm.net\/rizoma-21\/","url":"https:\/\/teslafm.net\/rizoma-21\/","name":"Rizoma #21 -","isPartOf":{"@id":"https:\/\/teslafm.net\/#website"},"datePublished":"2023-04-27T15:44:25+00:00","breadcrumb":{"@id":"https:\/\/teslafm.net\/rizoma-21\/#breadcrumb"},"inLanguage":"en-US","potentialAction":[{"@type":"ReadAction","target":["https:\/\/teslafm.net\/rizoma-21\/"]}]},{"@type":"BreadcrumbList","@id":"https:\/\/teslafm.net\/rizoma-21\/#breadcrumb","itemListElement":[{"@type":"ListItem","position":1,"name":"Portada","item":"https:\/\/teslafm.net\/"},{"@type":"ListItem","position":2,"name":"Rizoma #21"}]},{"@type":"WebSite","@id":"https:\/\/teslafm.net\/#website","url":"https:\/\/teslafm.net\/","name":"TeslaFM","description":"An experimental and creative radio","publisher":{"@id":"https:\/\/teslafm.net\/#organization"},"potentialAction":[{"@type":"SearchAction","target":{"@type":"EntryPoint","urlTemplate":"https:\/\/teslafm.net\/?s={search_term_string}"},"query-input":{"@type":"PropertyValueSpecification","valueRequired":true,"valueName":"search_term_string"}}],"inLanguage":"en-US"},{"@type":"Organization","@id":"https:\/\/teslafm.net\/#organization","name":"TeslaFM","url":"https:\/\/teslafm.net\/","logo":{"@type":"ImageObject","inLanguage":"en-US","@id":"https:\/\/teslafm.net\/#\/schema\/logo\/image\/","url":"https:\/\/teslafm.net\/wp-content\/uploads\/2020\/06\/logo-tesla.png","contentUrl":"https:\/\/teslafm.net\/wp-content\/uploads\/2020\/06\/logo-tesla.png","width":512,"height":512,"caption":"TeslaFM"},"image":{"@id":"https:\/\/teslafm.net\/#\/schema\/logo\/image\/"},"sameAs":["https:\/\/www.facebook.com\/teslafm.net","https:\/\/x.com\/teslafm"]}]}},"rttpg_featured_image_url":null,"rttpg_author":{"display_name":"Ishak","author_link":"https:\/\/teslafm.net\/en\/author\/cravan\/"},"rttpg_comment":0,"rttpg_category":null,"rttpg_excerpt":"Rizoma #21 Abril 2023 Kris Limbach (II) \u201cRadio residue a path through sonic landscapes\u201d Trabajo realizado en la residencia Chalk Hills, Sonoma County, California. Grabaciones de campo, piezas radiof\u00f3nicas, entrevistas regrabadas. Presentaciones sonoras Dar\u00edo Moratilla &#8211; What we saw from the second floor Flavien Gilli\u00e9 &#8211; From Haren to Chalk Hill Jen Eberhardt &#8211; Thunderstorm&hellip;","_links":{"self":[{"href":"https:\/\/teslafm.net\/en\/wp-json\/wp\/v2\/pages\/62226","targetHints":{"allow":["GET"]}}],"collection":[{"href":"https:\/\/teslafm.net\/en\/wp-json\/wp\/v2\/pages"}],"about":[{"href":"https:\/\/teslafm.net\/en\/wp-json\/wp\/v2\/types\/page"}],"author":[{"embeddable":true,"href":"https:\/\/teslafm.net\/en\/wp-json\/wp\/v2\/users\/19"}],"replies":[{"embeddable":true,"href":"https:\/\/teslafm.net\/en\/wp-json\/wp\/v2\/comments?post=62226"}],"version-history":[{"count":1,"href":"https:\/\/teslafm.net\/en\/wp-json\/wp\/v2\/pages\/62226\/revisions"}],"predecessor-version":[{"id":62227,"href":"https:\/\/teslafm.net\/en\/wp-json\/wp\/v2\/pages\/62226\/revisions\/62227"}],"wp:attachment":[{"href":"https:\/\/teslafm.net\/en\/wp-json\/wp\/v2\/media?parent=62226"}],"curies":[{"name":"wp","href":"https:\/\/api.w.org\/{rel}","templated":true}]}}