

{"id":62250,"date":"2023-05-02T20:36:14","date_gmt":"2023-05-02T18:36:14","guid":{"rendered":"https:\/\/teslafm.net\/?page_id=62250"},"modified":"2023-05-30T16:37:25","modified_gmt":"2023-05-30T14:37:25","slug":"space-oddity-recollection-43","status":"publish","type":"page","link":"https:\/\/teslafm.net\/en\/space-oddity-recollection-43\/","title":{"rendered":"Space Oddity Recollection #43"},"content":{"rendered":"\t\t<div data-elementor-type=\"wp-page\" data-elementor-id=\"62250\" class=\"elementor elementor-62250\">\n\t\t\t\t\t\t<section class=\"elementor-section elementor-top-section elementor-element elementor-element-65ffa97f elementor-section-boxed elementor-section-height-default elementor-section-height-default\" data-id=\"65ffa97f\" data-element_type=\"section\" data-e-type=\"section\">\n\t\t\t\t\t\t<div class=\"elementor-container elementor-column-gap-default\">\n\t\t\t\t\t<div class=\"elementor-column elementor-col-100 elementor-top-column elementor-element elementor-element-62f91e27\" data-id=\"62f91e27\" data-element_type=\"column\" data-e-type=\"column\">\n\t\t\t<div class=\"elementor-widget-wrap elementor-element-populated\">\n\t\t\t\t\t\t<div class=\"elementor-element elementor-element-44d010a1 elementor-widget elementor-widget-text-editor\" data-id=\"44d010a1\" data-element_type=\"widget\" data-e-type=\"widget\" data-widget_type=\"text-editor.default\">\n\t\t\t\t<div class=\"elementor-widget-container\">\n\t\t\t\t\t\t\t\t\t<h2><span style=\"color: #ffffff;\"><strong>Space Oddity Recollection #43<\/strong><\/span><\/h2>\n<p><span style=\"color: #808080;\"><em>1 Mayo 2023<\/em><\/span><\/p>\n<p><iframe src=\"https:\/\/www.mixcloud.com\/widget\/iframe\/?hide_cover=1&amp;feed=%2FTeslafm_net%2Fspace-oddity-recollection-43-monika-pich%2F\" width=\"100%\" height=\"120\" frameborder=\"0\"><\/iframe><\/p>\t\t\t\t\t\t\t\t<\/div>\n\t\t\t\t<\/div>\n\t\t\t\t\t<\/div>\n\t\t<\/div>\n\t\t\t\t\t<\/div>\n\t\t<\/section>\n\t\t\t\t<section class=\"elementor-section elementor-top-section elementor-element elementor-element-ec407a4 elementor-section-boxed elementor-section-height-default elementor-section-height-default\" data-id=\"ec407a4\" data-element_type=\"section\" data-e-type=\"section\">\n\t\t\t\t\t\t<div class=\"elementor-container elementor-column-gap-default\">\n\t\t\t\t\t<div class=\"elementor-column elementor-col-50 elementor-top-column elementor-element elementor-element-16c5f20\" data-id=\"16c5f20\" data-element_type=\"column\" data-e-type=\"column\">\n\t\t\t<div class=\"elementor-widget-wrap elementor-element-populated\">\n\t\t\t\t\t\t<div class=\"elementor-element elementor-element-1ecd095 elementor-widget elementor-widget-image\" data-id=\"1ecd095\" data-element_type=\"widget\" data-e-type=\"widget\" data-widget_type=\"image.default\">\n\t\t\t\t<div class=\"elementor-widget-container\">\n\t\t\t\t\t\t\t\t\t\t\t\t\t\t\t<img fetchpriority=\"high\" decoding=\"async\" width=\"472\" height=\"472\" src=\"https:\/\/teslafm.net\/wp-content\/uploads\/2023\/05\/Camilla-Pisani1.jpg\" class=\"attachment-large size-large wp-image-62257\" alt=\"\" srcset=\"https:\/\/teslafm.net\/wp-content\/uploads\/2023\/05\/Camilla-Pisani1.jpg 472w, https:\/\/teslafm.net\/wp-content\/uploads\/2023\/05\/Camilla-Pisani1-300x300.jpg 300w, https:\/\/teslafm.net\/wp-content\/uploads\/2023\/05\/Camilla-Pisani1-150x150.jpg 150w\" sizes=\"(max-width: 472px) 100vw, 472px\" \/>\t\t\t\t\t\t\t\t\t\t\t\t\t\t\t<\/div>\n\t\t\t\t<\/div>\n\t\t\t\t\t<\/div>\n\t\t<\/div>\n\t\t\t\t<div class=\"elementor-column elementor-col-50 elementor-top-column elementor-element elementor-element-314cda1\" data-id=\"314cda1\" data-element_type=\"column\" data-e-type=\"column\">\n\t\t\t<div class=\"elementor-widget-wrap elementor-element-populated\">\n\t\t\t\t\t\t<div class=\"elementor-element elementor-element-01a1f27 elementor-widget elementor-widget-text-editor\" data-id=\"01a1f27\" data-element_type=\"widget\" data-e-type=\"widget\" data-widget_type=\"text-editor.default\">\n\t\t\t\t<div class=\"elementor-widget-container\">\n\t\t\t\t\t\t\t\t\t<p><span style=\"color: #808080;\"><strong>Camilla Pisani<\/strong>, artista audiovisual afincada en Roma. Busca la interacci\u00f3n entre el espacio, los sonidos y los signos gr\u00e1ficos abstractos. Su m\u00fasica es h\u00edbrida y se mueve en un conjunto de influencias: ambient, drone, paisaje sonoro, ruido suave, electr\u00f3nica industrial y minimalista. Realiza grabaciones de campo y compone atm\u00f3sferas suspendidas y texturas hipn\u00f3ticas marcadas por ritmos concretos.<\/span><\/p><p><span style=\"color: #808080;\">La mezcla incluye las siguientes pistas y los fragmentos:<\/span><\/p><p><span style=\"color: #808080;\">* Abrasive Euphoria<\/span><br \/><span style=\"color: #808080;\">* Endorphins in Oststrand<\/span><br \/><span style=\"color: #808080;\">* Kill the Guilt<\/span><br \/><span style=\"color: #808080;\">* Tales for Violent Days<\/span><br \/><span style=\"color: #808080;\">* The Alien&#8217;s Kisses Taste Like A Silent Volcano<\/span><\/p><p><span style=\"color: #808080;\">Del \u00e1lbum <a href=\"https:\/\/aesthetical.bandcamp.com\/album\/phant-as?fbclid=IwAR3LQCL07WPwlfS_nRt_q4V5YjkQeR-Say5rej1yc_j76ztIsudCWaihKDk\" target=\"_blank\" rel=\"noopener\">Phant[as]<\/a> publicado por Aesthetical (subsello de Cyclic Law), 16 de diciembre de 2022.<\/span><\/p><p><span style=\"color: #808080;\">* Music Makes Victims<\/span><br \/><span style=\"color: #808080;\">* The Father&#8217;s Grip<\/span><\/p><p><span style=\"color: #808080;\">Del \u00e1lbum <\/span><a href=\"https:\/\/midirarecords.bandcamp.com\/album\/frozen-archimia\" target=\"_blank\" rel=\"noopener\">Frozen Archimia<\/a><span style=\"color: #808080;\">, publicado por Midira Records el 28 de febrero de 2020.<\/span><\/p><p><span style=\"color: #808080;\">Los enlaces:<\/span><br \/><span style=\"color: #808080;\">Facebook:<\/span> <a href=\"https:\/\/www.facebook.com\/camillapisaniartist\" target=\"_blank\" rel=\"noopener\">https:\/\/www.facebook.com\/camillapisaniartist<\/a><br \/><span style=\"color: #808080;\">Instagram:<\/span> <a href=\"https:\/\/www.instagram.com\/bokeh_wave\/\" target=\"_blank\" rel=\"noopener\">https:\/\/www.instagram.com\/bokeh_wave\/<\/a><br \/><span style=\"color: #808080;\">Bandcamp:<\/span> <a href=\"https:\/\/camillapisani.bandcamp.com\/\" target=\"_blank\" rel=\"noopener\">https:\/\/camillapisani.bandcamp.com\/<\/a><br \/><span style=\"color: #808080;\">Soundcloud:<\/span> <a href=\"https:\/\/soundcloud.com\/camilla-pisani\" target=\"_blank\" rel=\"noopener\">https:\/\/soundcloud.com\/camilla-pisani<\/a><br \/><span style=\"color: #808080;\">Youtube:<\/span> <a href=\"https:\/\/www.youtube.com\/channel\/UCULGg9UaR6Cxa08H1FnVPRQ\" target=\"_blank\" rel=\"noopener\">https:\/\/www.youtube.com\/channel\/UCULGg9UaR6Cxa08H1FnVPRQ<\/a><br \/><span style=\"color: #808080;\">Discogs:<\/span> <a href=\"https:\/\/www.discogs.com\/artist\/5388230-Camilla-Pisani\" target=\"_blank\" rel=\"noopener\">https:\/\/www.discogs.com\/artist\/5388230-Camilla-Pisani<\/a><\/p><p><span style=\"color: #808080;\">Disfruta del mixtrack, April 2023&#8242;, producido por <strong>monikapich<\/strong><\/span><\/p>\t\t\t\t\t\t\t\t<\/div>\n\t\t\t\t<\/div>\n\t\t\t\t\t<\/div>\n\t\t<\/div>\n\t\t\t\t\t<\/div>\n\t\t<\/section>\n\t\t\t\t<\/div>\n\t\t","protected":false},"excerpt":{"rendered":"<p>Space Oddity Recollection #43 1 Mayo 2023 Camilla Pisani, artista audiovisual afincada en Roma. Busca la interacci\u00f3n entre el espacio, los sonidos y los signos gr\u00e1ficos abstractos. Su m\u00fasica es h\u00edbrida y se mueve en un conjunto de influencias: ambient, drone, paisaje sonoro, ruido suave, electr\u00f3nica industrial y minimalista. Realiza grabaciones de campo y compone [&hellip;]<\/p>\n","protected":false},"author":19,"featured_media":0,"parent":0,"menu_order":0,"comment_status":"closed","ping_status":"closed","template":"","meta":{"footnotes":""},"class_list":["post-62250","page","type-page","status-publish","hentry"],"yoast_head":"<!-- This site is optimized with the Yoast SEO plugin v27.4 - https:\/\/yoast.com\/product\/yoast-seo-wordpress\/ -->\n<title>Space Oddity Recollection #43 -<\/title>\n<meta name=\"robots\" content=\"index, follow, max-snippet:-1, max-image-preview:large, max-video-preview:-1\" \/>\n<link rel=\"canonical\" href=\"https:\/\/teslafm.net\/en\/space-oddity-recollection-43\/\" \/>\n<meta property=\"og:locale\" content=\"en_US\" \/>\n<meta property=\"og:type\" content=\"article\" \/>\n<meta property=\"og:title\" content=\"Space Oddity Recollection #43 -\" \/>\n<meta property=\"og:description\" content=\"Space Oddity Recollection #43 1 Mayo 2023 Camilla Pisani, artista audiovisual afincada en Roma. Busca la interacci\u00f3n entre el espacio, los sonidos y los signos gr\u00e1ficos abstractos. Su m\u00fasica es h\u00edbrida y se mueve en un conjunto de influencias: ambient, drone, paisaje sonoro, ruido suave, electr\u00f3nica industrial y minimalista. Realiza grabaciones de campo y compone [&hellip;]\" \/>\n<meta property=\"og:url\" content=\"https:\/\/teslafm.net\/en\/space-oddity-recollection-43\/\" \/>\n<meta property=\"article:publisher\" content=\"https:\/\/www.facebook.com\/teslafm.net\" \/>\n<meta property=\"article:modified_time\" content=\"2023-05-30T14:37:25+00:00\" \/>\n<meta property=\"og:image\" content=\"http:\/\/teslafm.net\/wp-content\/uploads\/2023\/05\/Camilla-Pisani1.jpg\" \/>\n<meta name=\"twitter:card\" content=\"summary_large_image\" \/>\n<meta name=\"twitter:site\" content=\"@teslafm\" \/>\n<meta name=\"twitter:label1\" content=\"Est. reading time\" \/>\n\t<meta name=\"twitter:data1\" content=\"1 minute\" \/>\n<script type=\"application\/ld+json\" class=\"yoast-schema-graph\">{\"@context\":\"https:\\\/\\\/schema.org\",\"@graph\":[{\"@type\":\"WebPage\",\"@id\":\"https:\\\/\\\/teslafm.net\\\/space-oddity-recollection-43\\\/\",\"url\":\"https:\\\/\\\/teslafm.net\\\/space-oddity-recollection-43\\\/\",\"name\":\"Space Oddity Recollection #43 -\",\"isPartOf\":{\"@id\":\"https:\\\/\\\/teslafm.net\\\/#website\"},\"primaryImageOfPage\":{\"@id\":\"https:\\\/\\\/teslafm.net\\\/space-oddity-recollection-43\\\/#primaryimage\"},\"image\":{\"@id\":\"https:\\\/\\\/teslafm.net\\\/space-oddity-recollection-43\\\/#primaryimage\"},\"thumbnailUrl\":\"http:\\\/\\\/teslafm.net\\\/wp-content\\\/uploads\\\/2023\\\/05\\\/Camilla-Pisani1.jpg\",\"datePublished\":\"2023-05-02T18:36:14+00:00\",\"dateModified\":\"2023-05-30T14:37:25+00:00\",\"breadcrumb\":{\"@id\":\"https:\\\/\\\/teslafm.net\\\/space-oddity-recollection-43\\\/#breadcrumb\"},\"inLanguage\":\"en-US\",\"potentialAction\":[{\"@type\":\"ReadAction\",\"target\":[\"https:\\\/\\\/teslafm.net\\\/space-oddity-recollection-43\\\/\"]}]},{\"@type\":\"ImageObject\",\"inLanguage\":\"en-US\",\"@id\":\"https:\\\/\\\/teslafm.net\\\/space-oddity-recollection-43\\\/#primaryimage\",\"url\":\"http:\\\/\\\/teslafm.net\\\/wp-content\\\/uploads\\\/2023\\\/05\\\/Camilla-Pisani1.jpg\",\"contentUrl\":\"http:\\\/\\\/teslafm.net\\\/wp-content\\\/uploads\\\/2023\\\/05\\\/Camilla-Pisani1.jpg\"},{\"@type\":\"BreadcrumbList\",\"@id\":\"https:\\\/\\\/teslafm.net\\\/space-oddity-recollection-43\\\/#breadcrumb\",\"itemListElement\":[{\"@type\":\"ListItem\",\"position\":1,\"name\":\"Portada\",\"item\":\"https:\\\/\\\/teslafm.net\\\/\"},{\"@type\":\"ListItem\",\"position\":2,\"name\":\"Space Oddity Recollection #43\"}]},{\"@type\":\"WebSite\",\"@id\":\"https:\\\/\\\/teslafm.net\\\/#website\",\"url\":\"https:\\\/\\\/teslafm.net\\\/\",\"name\":\"TeslaFM\",\"description\":\"An experimental and creative radio\",\"publisher\":{\"@id\":\"https:\\\/\\\/teslafm.net\\\/#organization\"},\"potentialAction\":[{\"@type\":\"SearchAction\",\"target\":{\"@type\":\"EntryPoint\",\"urlTemplate\":\"https:\\\/\\\/teslafm.net\\\/?s={search_term_string}\"},\"query-input\":{\"@type\":\"PropertyValueSpecification\",\"valueRequired\":true,\"valueName\":\"search_term_string\"}}],\"inLanguage\":\"en-US\"},{\"@type\":\"Organization\",\"@id\":\"https:\\\/\\\/teslafm.net\\\/#organization\",\"name\":\"TeslaFM\",\"url\":\"https:\\\/\\\/teslafm.net\\\/\",\"logo\":{\"@type\":\"ImageObject\",\"inLanguage\":\"en-US\",\"@id\":\"https:\\\/\\\/teslafm.net\\\/#\\\/schema\\\/logo\\\/image\\\/\",\"url\":\"https:\\\/\\\/teslafm.net\\\/wp-content\\\/uploads\\\/2020\\\/06\\\/logo-tesla.png\",\"contentUrl\":\"https:\\\/\\\/teslafm.net\\\/wp-content\\\/uploads\\\/2020\\\/06\\\/logo-tesla.png\",\"width\":512,\"height\":512,\"caption\":\"TeslaFM\"},\"image\":{\"@id\":\"https:\\\/\\\/teslafm.net\\\/#\\\/schema\\\/logo\\\/image\\\/\"},\"sameAs\":[\"https:\\\/\\\/www.facebook.com\\\/teslafm.net\",\"https:\\\/\\\/x.com\\\/teslafm\"]}]}<\/script>\n<!-- \/ Yoast SEO plugin. -->","yoast_head_json":{"title":"Space Oddity Recollection #43 -","robots":{"index":"index","follow":"follow","max-snippet":"max-snippet:-1","max-image-preview":"max-image-preview:large","max-video-preview":"max-video-preview:-1"},"canonical":"https:\/\/teslafm.net\/en\/space-oddity-recollection-43\/","og_locale":"en_US","og_type":"article","og_title":"Space Oddity Recollection #43 -","og_description":"Space Oddity Recollection #43 1 Mayo 2023 Camilla Pisani, artista audiovisual afincada en Roma. Busca la interacci\u00f3n entre el espacio, los sonidos y los signos gr\u00e1ficos abstractos. Su m\u00fasica es h\u00edbrida y se mueve en un conjunto de influencias: ambient, drone, paisaje sonoro, ruido suave, electr\u00f3nica industrial y minimalista. Realiza grabaciones de campo y compone [&hellip;]","og_url":"https:\/\/teslafm.net\/en\/space-oddity-recollection-43\/","article_publisher":"https:\/\/www.facebook.com\/teslafm.net","article_modified_time":"2023-05-30T14:37:25+00:00","og_image":[{"url":"http:\/\/teslafm.net\/wp-content\/uploads\/2023\/05\/Camilla-Pisani1.jpg","type":"","width":"","height":""}],"twitter_card":"summary_large_image","twitter_site":"@teslafm","twitter_misc":{"Est. reading time":"1 minute"},"schema":{"@context":"https:\/\/schema.org","@graph":[{"@type":"WebPage","@id":"https:\/\/teslafm.net\/space-oddity-recollection-43\/","url":"https:\/\/teslafm.net\/space-oddity-recollection-43\/","name":"Space Oddity Recollection #43 -","isPartOf":{"@id":"https:\/\/teslafm.net\/#website"},"primaryImageOfPage":{"@id":"https:\/\/teslafm.net\/space-oddity-recollection-43\/#primaryimage"},"image":{"@id":"https:\/\/teslafm.net\/space-oddity-recollection-43\/#primaryimage"},"thumbnailUrl":"http:\/\/teslafm.net\/wp-content\/uploads\/2023\/05\/Camilla-Pisani1.jpg","datePublished":"2023-05-02T18:36:14+00:00","dateModified":"2023-05-30T14:37:25+00:00","breadcrumb":{"@id":"https:\/\/teslafm.net\/space-oddity-recollection-43\/#breadcrumb"},"inLanguage":"en-US","potentialAction":[{"@type":"ReadAction","target":["https:\/\/teslafm.net\/space-oddity-recollection-43\/"]}]},{"@type":"ImageObject","inLanguage":"en-US","@id":"https:\/\/teslafm.net\/space-oddity-recollection-43\/#primaryimage","url":"http:\/\/teslafm.net\/wp-content\/uploads\/2023\/05\/Camilla-Pisani1.jpg","contentUrl":"http:\/\/teslafm.net\/wp-content\/uploads\/2023\/05\/Camilla-Pisani1.jpg"},{"@type":"BreadcrumbList","@id":"https:\/\/teslafm.net\/space-oddity-recollection-43\/#breadcrumb","itemListElement":[{"@type":"ListItem","position":1,"name":"Portada","item":"https:\/\/teslafm.net\/"},{"@type":"ListItem","position":2,"name":"Space Oddity Recollection #43"}]},{"@type":"WebSite","@id":"https:\/\/teslafm.net\/#website","url":"https:\/\/teslafm.net\/","name":"TeslaFM","description":"An experimental and creative radio","publisher":{"@id":"https:\/\/teslafm.net\/#organization"},"potentialAction":[{"@type":"SearchAction","target":{"@type":"EntryPoint","urlTemplate":"https:\/\/teslafm.net\/?s={search_term_string}"},"query-input":{"@type":"PropertyValueSpecification","valueRequired":true,"valueName":"search_term_string"}}],"inLanguage":"en-US"},{"@type":"Organization","@id":"https:\/\/teslafm.net\/#organization","name":"TeslaFM","url":"https:\/\/teslafm.net\/","logo":{"@type":"ImageObject","inLanguage":"en-US","@id":"https:\/\/teslafm.net\/#\/schema\/logo\/image\/","url":"https:\/\/teslafm.net\/wp-content\/uploads\/2020\/06\/logo-tesla.png","contentUrl":"https:\/\/teslafm.net\/wp-content\/uploads\/2020\/06\/logo-tesla.png","width":512,"height":512,"caption":"TeslaFM"},"image":{"@id":"https:\/\/teslafm.net\/#\/schema\/logo\/image\/"},"sameAs":["https:\/\/www.facebook.com\/teslafm.net","https:\/\/x.com\/teslafm"]}]}},"rttpg_featured_image_url":null,"rttpg_author":{"display_name":"Ishak","author_link":"https:\/\/teslafm.net\/en\/author\/cravan\/"},"rttpg_comment":0,"rttpg_category":null,"rttpg_excerpt":"Space Oddity Recollection #43 1 Mayo 2023 Camilla Pisani, artista audiovisual afincada en Roma. Busca la interacci\u00f3n entre el espacio, los sonidos y los signos gr\u00e1ficos abstractos. Su m\u00fasica es h\u00edbrida y se mueve en un conjunto de influencias: ambient, drone, paisaje sonoro, ruido suave, electr\u00f3nica industrial y minimalista. Realiza grabaciones de campo y compone&hellip;","_links":{"self":[{"href":"https:\/\/teslafm.net\/en\/wp-json\/wp\/v2\/pages\/62250","targetHints":{"allow":["GET"]}}],"collection":[{"href":"https:\/\/teslafm.net\/en\/wp-json\/wp\/v2\/pages"}],"about":[{"href":"https:\/\/teslafm.net\/en\/wp-json\/wp\/v2\/types\/page"}],"author":[{"embeddable":true,"href":"https:\/\/teslafm.net\/en\/wp-json\/wp\/v2\/users\/19"}],"replies":[{"embeddable":true,"href":"https:\/\/teslafm.net\/en\/wp-json\/wp\/v2\/comments?post=62250"}],"version-history":[{"count":34,"href":"https:\/\/teslafm.net\/en\/wp-json\/wp\/v2\/pages\/62250\/revisions"}],"predecessor-version":[{"id":62562,"href":"https:\/\/teslafm.net\/en\/wp-json\/wp\/v2\/pages\/62250\/revisions\/62562"}],"wp:attachment":[{"href":"https:\/\/teslafm.net\/en\/wp-json\/wp\/v2\/media?parent=62250"}],"curies":[{"name":"wp","href":"https:\/\/api.w.org\/{rel}","templated":true}]}}