

{"id":62302,"date":"2023-05-05T15:42:04","date_gmt":"2023-05-05T13:42:04","guid":{"rendered":"https:\/\/teslafm.net\/?page_id=62302"},"modified":"2023-05-05T16:13:05","modified_gmt":"2023-05-05T14:13:05","slug":"deltagrama-14","status":"publish","type":"page","link":"https:\/\/teslafm.net\/en\/deltagrama-14\/","title":{"rendered":"Deltagram #14"},"content":{"rendered":"<div data-elementor-type=\"wp-page\" data-elementor-id=\"62302\" class=\"elementor elementor-62302\">\n\t\t\t\t\t\t<section class=\"elementor-section elementor-top-section elementor-element elementor-element-6c356d62 elementor-section-boxed elementor-section-height-default elementor-section-height-default\" data-id=\"6c356d62\" data-element_type=\"section\" data-e-type=\"section\">\n\t\t\t\t\t\t<div class=\"elementor-container elementor-column-gap-default\">\n\t\t\t\t\t<div class=\"elementor-column elementor-col-100 elementor-top-column elementor-element elementor-element-626018a3\" data-id=\"626018a3\" data-element_type=\"column\" data-e-type=\"column\">\n\t\t\t<div class=\"elementor-widget-wrap elementor-element-populated\">\n\t\t\t\t\t\t<div class=\"elementor-element elementor-element-3f65d1c4 elementor-widget elementor-widget-text-editor\" data-id=\"3f65d1c4\" data-element_type=\"widget\" data-e-type=\"widget\" data-widget_type=\"text-editor.default\">\n\t\t\t\t<div class=\"elementor-widget-container\">\n\t\t\t\t\t\t\t\t\t<h2><span style=\"color: #ffffff;\"><strong>Deltagram #14<\/strong><\/span><\/h2><p><span style=\"color: #808080;\"><em>May 2023<\/em><\/span><\/p><p><iframe src=\"https:\/\/www.mixcloud.com\/widget\/iframe\/?hide_cover=1&amp;feed=%2FTeslafm_net%2Fdeltagrama-14-soul-twin%2F\" width=\"100%\" height=\"120\" frameborder=\"0\"><\/iframe><\/p>\t\t\t\t\t\t\t\t<\/div>\n\t\t\t\t<\/div>\n\t\t\t\t\t<\/div>\n\t\t<\/div>\n\t\t\t\t\t<\/div>\n\t\t<\/section>\n\t\t\t\t<section class=\"elementor-section elementor-top-section elementor-element elementor-element-91ebd58 elementor-section-boxed elementor-section-height-default elementor-section-height-default\" data-id=\"91ebd58\" data-element_type=\"section\" data-e-type=\"section\">\n\t\t\t\t\t\t<div class=\"elementor-container elementor-column-gap-default\">\n\t\t\t\t\t<div class=\"elementor-column elementor-col-50 elementor-top-column elementor-element elementor-element-782539e\" data-id=\"782539e\" data-element_type=\"column\" data-e-type=\"column\">\n\t\t\t<div class=\"elementor-widget-wrap elementor-element-populated\">\n\t\t\t\t\t\t<div class=\"elementor-element elementor-element-151ee20 elementor-widget elementor-widget-image\" data-id=\"151ee20\" data-element_type=\"widget\" data-e-type=\"widget\" data-widget_type=\"image.default\">\n\t\t\t\t<div class=\"elementor-widget-container\">\n\t\t\t\t\t\t\t\t\t\t\t\t\t\t\t<img fetchpriority=\"high\" decoding=\"async\" width=\"1024\" height=\"1024\" src=\"https:\/\/teslafm.net\/wp-content\/uploads\/2023\/05\/DELTAGRAMA1-1024x1024.jpg\" class=\"attachment-large size-large wp-image-62321\" alt=\"\" srcset=\"https:\/\/teslafm.net\/wp-content\/uploads\/2023\/05\/DELTAGRAMA1-1024x1024.jpg 1024w, https:\/\/teslafm.net\/wp-content\/uploads\/2023\/05\/DELTAGRAMA1-300x300.jpg 300w, https:\/\/teslafm.net\/wp-content\/uploads\/2023\/05\/DELTAGRAMA1-150x150.jpg 150w, https:\/\/teslafm.net\/wp-content\/uploads\/2023\/05\/DELTAGRAMA1-768x768.jpg 768w, https:\/\/teslafm.net\/wp-content\/uploads\/2023\/05\/DELTAGRAMA1.jpg 1080w\" sizes=\"(max-width: 1024px) 100vw, 1024px\" \/>\t\t\t\t\t\t\t\t\t\t\t\t\t\t\t<\/div>\n\t\t\t\t<\/div>\n\t\t\t\t\t<\/div>\n\t\t<\/div>\n\t\t\t\t<div class=\"elementor-column elementor-col-50 elementor-top-column elementor-element elementor-element-6a49200\" data-id=\"6a49200\" data-element_type=\"column\" data-e-type=\"column\">\n\t\t\t<div class=\"elementor-widget-wrap elementor-element-populated\">\n\t\t\t\t\t\t<div class=\"elementor-element elementor-element-575eb55 elementor-widget elementor-widget-text-editor\" data-id=\"575eb55\" data-element_type=\"widget\" data-e-type=\"widget\" data-widget_type=\"text-editor.default\">\n\t\t\t\t<div class=\"elementor-widget-container\">\n\t\t\t\t\t\t\t\t\t<p><span style=\"color: #808080;\"><em>Pagan Bride<\/em><\/span><\/p><p><span style=\"color: #808080;\"><strong>Elena Cordoba<\/strong> is a producer, composer and sound artist from Seville. She works composing experimental pieces for soundtracks, theater, performance...among other projects.<\/span><\/p><p><span style=\"color: #808080;\">In this program he presents some of his latest works, many of them unpublished. He also talks about his influences and compositional processes...<\/span><\/p>\t\t\t\t\t\t\t\t<\/div>\n\t\t\t\t<\/div>\n\t\t\t\t\t<\/div>\n\t\t<\/div>\n\t\t\t\t\t<\/div>\n\t\t<\/section>\n\t\t\t\t<\/div>","protected":false},"excerpt":{"rendered":"<p>Deltagrama #14 May 2023 Pagan Bride Elena C\u00f3rdoba is a producer, composer and sound artist from Seville. She works composing experimental pieces for soundtracks, theater, performance... among other projects. In this program she presents some of her latest works, many of them unpublished. She also talks about her influences and composition processes...<\/p>","protected":false},"author":19,"featured_media":0,"parent":0,"menu_order":0,"comment_status":"closed","ping_status":"closed","template":"","meta":{"footnotes":""},"class_list":["post-62302","page","type-page","status-publish","hentry"],"yoast_head":"<!-- This site is optimized with the Yoast SEO plugin v27.4 - https:\/\/yoast.com\/product\/yoast-seo-wordpress\/ -->\n<title>Deltagrama #14 -<\/title>\n<meta name=\"robots\" content=\"index, follow, max-snippet:-1, max-image-preview:large, max-video-preview:-1\" \/>\n<link rel=\"canonical\" href=\"https:\/\/teslafm.net\/en\/deltagrama-14\/\" \/>\n<meta property=\"og:locale\" content=\"en_US\" \/>\n<meta property=\"og:type\" content=\"article\" \/>\n<meta property=\"og:title\" content=\"Deltagrama #14 -\" \/>\n<meta property=\"og:description\" content=\"Deltagrama #14 Mayo 2023 Novia Pagana Elena C\u00f3rdoba es una productora, compositora y artista sonora sevillana. Trabaja componiendo piezas experimentales para bandas sonoras, teatro, performance\u2026entre otros proyectos. En este programa nos presenta algunos de sus \u00faltimos trabajos, muchos de ellos in\u00e9ditos. Adem\u00e1s nos habla de sus influencias y procesos de composici\u00f3n..\" \/>\n<meta property=\"og:url\" content=\"https:\/\/teslafm.net\/en\/deltagrama-14\/\" \/>\n<meta property=\"article:publisher\" content=\"https:\/\/www.facebook.com\/teslafm.net\" \/>\n<meta property=\"article:modified_time\" content=\"2023-05-05T14:13:05+00:00\" \/>\n<meta property=\"og:image\" content=\"http:\/\/teslafm.net\/wp-content\/uploads\/2023\/05\/DELTAGRAMA1-1024x1024.jpg\" \/>\n<meta name=\"twitter:card\" content=\"summary_large_image\" \/>\n<meta name=\"twitter:site\" content=\"@teslafm\" \/>\n<meta name=\"twitter:label1\" content=\"Est. reading time\" \/>\n\t<meta name=\"twitter:data1\" content=\"1 minute\" \/>\n<script type=\"application\/ld+json\" class=\"yoast-schema-graph\">{\"@context\":\"https:\\\/\\\/schema.org\",\"@graph\":[{\"@type\":\"WebPage\",\"@id\":\"https:\\\/\\\/teslafm.net\\\/en\\\/deltagrama-14\\\/\",\"url\":\"https:\\\/\\\/teslafm.net\\\/en\\\/deltagrama-14\\\/\",\"name\":\"Deltagrama #14 -\",\"isPartOf\":{\"@id\":\"https:\\\/\\\/teslafm.net\\\/#website\"},\"primaryImageOfPage\":{\"@id\":\"https:\\\/\\\/teslafm.net\\\/en\\\/deltagrama-14\\\/#primaryimage\"},\"image\":{\"@id\":\"https:\\\/\\\/teslafm.net\\\/en\\\/deltagrama-14\\\/#primaryimage\"},\"thumbnailUrl\":\"http:\\\/\\\/teslafm.net\\\/wp-content\\\/uploads\\\/2023\\\/05\\\/DELTAGRAMA1-1024x1024.jpg\",\"datePublished\":\"2023-05-05T13:42:04+00:00\",\"dateModified\":\"2023-05-05T14:13:05+00:00\",\"breadcrumb\":{\"@id\":\"https:\\\/\\\/teslafm.net\\\/en\\\/deltagrama-14\\\/#breadcrumb\"},\"inLanguage\":\"en-US\",\"potentialAction\":[{\"@type\":\"ReadAction\",\"target\":[\"https:\\\/\\\/teslafm.net\\\/en\\\/deltagrama-14\\\/\"]}]},{\"@type\":\"ImageObject\",\"inLanguage\":\"en-US\",\"@id\":\"https:\\\/\\\/teslafm.net\\\/en\\\/deltagrama-14\\\/#primaryimage\",\"url\":\"http:\\\/\\\/teslafm.net\\\/wp-content\\\/uploads\\\/2023\\\/05\\\/DELTAGRAMA1-1024x1024.jpg\",\"contentUrl\":\"http:\\\/\\\/teslafm.net\\\/wp-content\\\/uploads\\\/2023\\\/05\\\/DELTAGRAMA1-1024x1024.jpg\"},{\"@type\":\"BreadcrumbList\",\"@id\":\"https:\\\/\\\/teslafm.net\\\/en\\\/deltagrama-14\\\/#breadcrumb\",\"itemListElement\":[{\"@type\":\"ListItem\",\"position\":1,\"name\":\"Portada\",\"item\":\"https:\\\/\\\/teslafm.net\\\/\"},{\"@type\":\"ListItem\",\"position\":2,\"name\":\"Deltagrama #14\"}]},{\"@type\":\"WebSite\",\"@id\":\"https:\\\/\\\/teslafm.net\\\/#website\",\"url\":\"https:\\\/\\\/teslafm.net\\\/\",\"name\":\"TeslaFM\",\"description\":\"An experimental and creative radio\",\"publisher\":{\"@id\":\"https:\\\/\\\/teslafm.net\\\/#organization\"},\"potentialAction\":[{\"@type\":\"SearchAction\",\"target\":{\"@type\":\"EntryPoint\",\"urlTemplate\":\"https:\\\/\\\/teslafm.net\\\/?s={search_term_string}\"},\"query-input\":{\"@type\":\"PropertyValueSpecification\",\"valueRequired\":true,\"valueName\":\"search_term_string\"}}],\"inLanguage\":\"en-US\"},{\"@type\":\"Organization\",\"@id\":\"https:\\\/\\\/teslafm.net\\\/#organization\",\"name\":\"TeslaFM\",\"url\":\"https:\\\/\\\/teslafm.net\\\/\",\"logo\":{\"@type\":\"ImageObject\",\"inLanguage\":\"en-US\",\"@id\":\"https:\\\/\\\/teslafm.net\\\/#\\\/schema\\\/logo\\\/image\\\/\",\"url\":\"https:\\\/\\\/teslafm.net\\\/wp-content\\\/uploads\\\/2020\\\/06\\\/logo-tesla.png\",\"contentUrl\":\"https:\\\/\\\/teslafm.net\\\/wp-content\\\/uploads\\\/2020\\\/06\\\/logo-tesla.png\",\"width\":512,\"height\":512,\"caption\":\"TeslaFM\"},\"image\":{\"@id\":\"https:\\\/\\\/teslafm.net\\\/#\\\/schema\\\/logo\\\/image\\\/\"},\"sameAs\":[\"https:\\\/\\\/www.facebook.com\\\/teslafm.net\",\"https:\\\/\\\/x.com\\\/teslafm\"]}]}<\/script>\n<!-- \/ Yoast SEO plugin. -->","yoast_head_json":{"title":"Deltagram #14 -","robots":{"index":"index","follow":"follow","max-snippet":"max-snippet:-1","max-image-preview":"max-image-preview:large","max-video-preview":"max-video-preview:-1"},"canonical":"https:\/\/teslafm.net\/en\/deltagrama-14\/","og_locale":"en_US","og_type":"article","og_title":"Deltagrama #14 -","og_description":"Deltagrama #14 Mayo 2023 Novia Pagana Elena C\u00f3rdoba es una productora, compositora y artista sonora sevillana. Trabaja componiendo piezas experimentales para bandas sonoras, teatro, performance\u2026entre otros proyectos. En este programa nos presenta algunos de sus \u00faltimos trabajos, muchos de ellos in\u00e9ditos. Adem\u00e1s nos habla de sus influencias y procesos de composici\u00f3n..","og_url":"https:\/\/teslafm.net\/en\/deltagrama-14\/","article_publisher":"https:\/\/www.facebook.com\/teslafm.net","article_modified_time":"2023-05-05T14:13:05+00:00","og_image":[{"url":"http:\/\/teslafm.net\/wp-content\/uploads\/2023\/05\/DELTAGRAMA1-1024x1024.jpg","type":"","width":"","height":""}],"twitter_card":"summary_large_image","twitter_site":"@teslafm","twitter_misc":{"Est. reading time":"1 minute"},"schema":{"@context":"https:\/\/schema.org","@graph":[{"@type":"WebPage","@id":"https:\/\/teslafm.net\/en\/deltagrama-14\/","url":"https:\/\/teslafm.net\/en\/deltagrama-14\/","name":"Deltagram #14 -","isPartOf":{"@id":"https:\/\/teslafm.net\/#website"},"primaryImageOfPage":{"@id":"https:\/\/teslafm.net\/en\/deltagrama-14\/#primaryimage"},"image":{"@id":"https:\/\/teslafm.net\/en\/deltagrama-14\/#primaryimage"},"thumbnailUrl":"http:\/\/teslafm.net\/wp-content\/uploads\/2023\/05\/DELTAGRAMA1-1024x1024.jpg","datePublished":"2023-05-05T13:42:04+00:00","dateModified":"2023-05-05T14:13:05+00:00","breadcrumb":{"@id":"https:\/\/teslafm.net\/en\/deltagrama-14\/#breadcrumb"},"inLanguage":"en-US","potentialAction":[{"@type":"ReadAction","target":["https:\/\/teslafm.net\/en\/deltagrama-14\/"]}]},{"@type":"ImageObject","inLanguage":"en-US","@id":"https:\/\/teslafm.net\/en\/deltagrama-14\/#primaryimage","url":"http:\/\/teslafm.net\/wp-content\/uploads\/2023\/05\/DELTAGRAMA1-1024x1024.jpg","contentUrl":"http:\/\/teslafm.net\/wp-content\/uploads\/2023\/05\/DELTAGRAMA1-1024x1024.jpg"},{"@type":"BreadcrumbList","@id":"https:\/\/teslafm.net\/en\/deltagrama-14\/#breadcrumb","itemListElement":[{"@type":"ListItem","position":1,"name":"Portada","item":"https:\/\/teslafm.net\/"},{"@type":"ListItem","position":2,"name":"Deltagrama #14"}]},{"@type":"WebSite","@id":"https:\/\/teslafm.net\/#website","url":"https:\/\/teslafm.net\/","name":"TeslaFM","description":"An experimental and creative radio","publisher":{"@id":"https:\/\/teslafm.net\/#organization"},"potentialAction":[{"@type":"SearchAction","target":{"@type":"EntryPoint","urlTemplate":"https:\/\/teslafm.net\/?s={search_term_string}"},"query-input":{"@type":"PropertyValueSpecification","valueRequired":true,"valueName":"search_term_string"}}],"inLanguage":"en-US"},{"@type":"Organization","@id":"https:\/\/teslafm.net\/#organization","name":"TeslaFM","url":"https:\/\/teslafm.net\/","logo":{"@type":"ImageObject","inLanguage":"en-US","@id":"https:\/\/teslafm.net\/#\/schema\/logo\/image\/","url":"https:\/\/teslafm.net\/wp-content\/uploads\/2020\/06\/logo-tesla.png","contentUrl":"https:\/\/teslafm.net\/wp-content\/uploads\/2020\/06\/logo-tesla.png","width":512,"height":512,"caption":"TeslaFM"},"image":{"@id":"https:\/\/teslafm.net\/#\/schema\/logo\/image\/"},"sameAs":["https:\/\/www.facebook.com\/teslafm.net","https:\/\/x.com\/teslafm"]}]}},"rttpg_featured_image_url":null,"rttpg_author":{"display_name":"Ishak","author_link":"https:\/\/teslafm.net\/en\/author\/cravan\/"},"rttpg_comment":0,"rttpg_category":null,"rttpg_excerpt":"Deltagrama #14 Mayo 2023 Novia Pagana Elena C\u00f3rdoba es una productora, compositora y artista sonora sevillana. Trabaja componiendo piezas experimentales para bandas sonoras, teatro, performance\u2026entre otros proyectos. En este programa nos presenta algunos de sus \u00faltimos trabajos, muchos de ellos in\u00e9ditos. Adem\u00e1s nos habla de sus influencias y procesos de composici\u00f3n..","_links":{"self":[{"href":"https:\/\/teslafm.net\/en\/wp-json\/wp\/v2\/pages\/62302","targetHints":{"allow":["GET"]}}],"collection":[{"href":"https:\/\/teslafm.net\/en\/wp-json\/wp\/v2\/pages"}],"about":[{"href":"https:\/\/teslafm.net\/en\/wp-json\/wp\/v2\/types\/page"}],"author":[{"embeddable":true,"href":"https:\/\/teslafm.net\/en\/wp-json\/wp\/v2\/users\/19"}],"replies":[{"embeddable":true,"href":"https:\/\/teslafm.net\/en\/wp-json\/wp\/v2\/comments?post=62302"}],"version-history":[{"count":5,"href":"https:\/\/teslafm.net\/en\/wp-json\/wp\/v2\/pages\/62302\/revisions"}],"predecessor-version":[{"id":62324,"href":"https:\/\/teslafm.net\/en\/wp-json\/wp\/v2\/pages\/62302\/revisions\/62324"}],"wp:attachment":[{"href":"https:\/\/teslafm.net\/en\/wp-json\/wp\/v2\/media?parent=62302"}],"curies":[{"name":"wp","href":"https:\/\/api.w.org\/{rel}","templated":true}]}}