

{"id":62440,"date":"2023-05-17T00:13:42","date_gmt":"2023-05-16T22:13:42","guid":{"rendered":"https:\/\/teslafm.net\/?page_id=62440"},"modified":"2023-05-17T00:13:42","modified_gmt":"2023-05-16T22:13:42","slug":"ananke-46","status":"publish","type":"page","link":"https:\/\/teslafm.net\/en\/ananke-46\/","title":{"rendered":"Ananke #46"},"content":{"rendered":"<h2><span style=\"color: #ffffff;\"><strong>Anank\u00e9 Chapter XLVI<\/strong><\/span><\/h2>\n<p><span style=\"color: #808080;\"><em>May 2023<\/em><\/span><\/p>\n<p><iframe src=\"https:\/\/www.mixcloud.com\/widget\/iframe\/?hide_cover=1&amp;feed=%2FTeslafm_net%2Fanank%C3%A9-46-jaco%2F\" width=\"100%\" height=\"120\" frameborder=\"0\"><\/iframe><\/p>\n<p><span style=\"color: #808080;\">01. <strong>Dominique Lawalr\u00e9e<\/strong> - Post-scriptum - First Meeting (Catch Wave, 2017\/2022)<\/span><br \/>\n<span style=\"color: #808080;\">02. <strong>John Bence<\/strong> - Raphael, Archangel of Tiphareth - Archangels (Thrill Jockey, 2023)<\/span><br \/>\n<span style=\"color: #808080;\">03. <strong>Adela Mede<\/strong> - Sloboda - Szabads\u00e1g (Night School, 2023)<\/span><br \/>\n<span style=\"color: #808080;\">04. <strong>Shovel Dance Collective<\/strong> - Water Pum in Ladywell - The Water Is the Shovel of the Shore (Memorials of Distinction, 2022)<\/span><br \/>\n<span style=\"color: #808080;\">05. <strong>Genghis Cohn<\/strong> - A Thousand Ghosts - Geographic Possibility (phncrs, 2023)<\/span><br \/>\n<span style=\"color: #808080;\">06. <strong>This Floating World<\/strong> - As the dark birds sing - Geographic Possibility (phncrs, 2023)<\/span><br \/>\n<span style=\"color: #808080;\">07. <strong>Laraaji &amp; Kramer<\/strong> - Immersion - Baptismal (Shimmy-Disc, 2023)<\/span><br \/>\n<span style=\"color: #808080;\">08. <strong>Susanne Sundf\u00f8r<\/strong> - Ashera's Song - Bl\u00f3mi (Bella Union, 2023)<\/span><br \/>\n<span style=\"color: #808080;\">09. <strong>Aksak Maboul<\/strong> - Zone Blanche - Une aventure de VV (Songspiel) (Made to Measure Vol. 48) (Made to Measure, 2023)<\/span><br \/>\n<span style=\"color: #808080;\">10. <strong>Bruxula<\/strong> - JD's Outerlude - Dark Farfisa (12th Isle, 2022)<\/span><br \/>\n<span style=\"color: #808080;\">11. <strong>Ak'chamel<\/strong> - Ossuary of the Sixth Extinction - A Mournful Kingdom of Sand (Akuphone, 2022)<\/span><br \/>\n<span style=\"color: #808080;\">12. <strong>Joanne Robertson<\/strong> - Band Sit Together - Blue Car (AD 93, 2023)<\/span><br \/>\n<span style=\"color: #808080;\">13. <strong>Shirley Collins<\/strong> - Hares on the Mountain - Archangel Hill (Domino, 2023)<\/span><br \/>\n<span style=\"color: #808080;\">14. <strong>Dorothy Ashby<\/strong> - Dust - The Rub\u00e1iy\u00e1t of Dorothy Ashby (Cadet, 1970\/Verve, 2023)<\/span><\/p>","protected":false},"excerpt":{"rendered":"<p>Anank\u00e9 Cap\u00edtulo XLVI Mayo 2023 01. Dominique Lawalr\u00e9e &#8211; Post-scriptum &#8211; First Meeting (Catch Wave, 2017\/2022) 02. John Bence &#8211; Raphael, Archangel of Tiphareth &#8211; Archangels (Thrill Jockey, 2023) 03. Adela Mede &#8211; Sloboda &#8211; Szabads\u00e1g (Night School, 2023) 04. Shovel Dance Collective &#8211; Water Pum in Ladywell &#8211; The Water Is the Shovel of [&hellip;]<\/p>\n","protected":false},"author":19,"featured_media":0,"parent":0,"menu_order":0,"comment_status":"closed","ping_status":"closed","template":"","meta":{"footnotes":""},"class_list":["post-62440","page","type-page","status-publish","hentry"],"yoast_head":"<!-- This site is optimized with the Yoast SEO plugin v27.4 - https:\/\/yoast.com\/product\/yoast-seo-wordpress\/ -->\n<title>Ananke #46 -<\/title>\n<meta name=\"robots\" content=\"index, follow, max-snippet:-1, max-image-preview:large, max-video-preview:-1\" \/>\n<link rel=\"canonical\" href=\"https:\/\/teslafm.net\/en\/ananke-46\/\" \/>\n<meta property=\"og:locale\" content=\"en_US\" \/>\n<meta property=\"og:type\" content=\"article\" \/>\n<meta property=\"og:title\" content=\"Ananke #46 -\" \/>\n<meta property=\"og:description\" content=\"Anank\u00e9 Cap\u00edtulo XLVI Mayo 2023 01. Dominique Lawalr\u00e9e &#8211; Post-scriptum &#8211; First Meeting (Catch Wave, 2017\/2022) 02. John Bence &#8211; Raphael, Archangel of Tiphareth &#8211; Archangels (Thrill Jockey, 2023) 03. Adela Mede &#8211; Sloboda &#8211; Szabads\u00e1g (Night School, 2023) 04. Shovel Dance Collective &#8211; Water Pum in Ladywell &#8211; The Water Is the Shovel of [&hellip;]\" \/>\n<meta property=\"og:url\" content=\"https:\/\/teslafm.net\/en\/ananke-46\/\" \/>\n<meta property=\"article:publisher\" content=\"https:\/\/www.facebook.com\/teslafm.net\" \/>\n<meta property=\"og:image\" content=\"https:\/\/teslafm.net\/wp-content\/uploads\/2022\/09\/header-image-4-temp.png\" \/>\n\t<meta property=\"og:image:width\" content=\"1274\" \/>\n\t<meta property=\"og:image:height\" content=\"818\" \/>\n\t<meta property=\"og:image:type\" content=\"image\/png\" \/>\n<meta name=\"twitter:card\" content=\"summary_large_image\" \/>\n<meta name=\"twitter:site\" content=\"@teslafm\" \/>\n<meta name=\"twitter:label1\" content=\"Est. reading time\" \/>\n\t<meta name=\"twitter:data1\" content=\"1 minute\" \/>\n<script type=\"application\/ld+json\" class=\"yoast-schema-graph\">{\"@context\":\"https:\\\/\\\/schema.org\",\"@graph\":[{\"@type\":\"WebPage\",\"@id\":\"https:\\\/\\\/teslafm.net\\\/ananke-46\\\/\",\"url\":\"https:\\\/\\\/teslafm.net\\\/ananke-46\\\/\",\"name\":\"Ananke #46 -\",\"isPartOf\":{\"@id\":\"https:\\\/\\\/teslafm.net\\\/#website\"},\"datePublished\":\"2023-05-16T22:13:42+00:00\",\"breadcrumb\":{\"@id\":\"https:\\\/\\\/teslafm.net\\\/ananke-46\\\/#breadcrumb\"},\"inLanguage\":\"en-US\",\"potentialAction\":[{\"@type\":\"ReadAction\",\"target\":[\"https:\\\/\\\/teslafm.net\\\/ananke-46\\\/\"]}]},{\"@type\":\"BreadcrumbList\",\"@id\":\"https:\\\/\\\/teslafm.net\\\/ananke-46\\\/#breadcrumb\",\"itemListElement\":[{\"@type\":\"ListItem\",\"position\":1,\"name\":\"Portada\",\"item\":\"https:\\\/\\\/teslafm.net\\\/\"},{\"@type\":\"ListItem\",\"position\":2,\"name\":\"Ananke #46\"}]},{\"@type\":\"WebSite\",\"@id\":\"https:\\\/\\\/teslafm.net\\\/#website\",\"url\":\"https:\\\/\\\/teslafm.net\\\/\",\"name\":\"TeslaFM\",\"description\":\"An experimental and creative radio\",\"publisher\":{\"@id\":\"https:\\\/\\\/teslafm.net\\\/#organization\"},\"potentialAction\":[{\"@type\":\"SearchAction\",\"target\":{\"@type\":\"EntryPoint\",\"urlTemplate\":\"https:\\\/\\\/teslafm.net\\\/?s={search_term_string}\"},\"query-input\":{\"@type\":\"PropertyValueSpecification\",\"valueRequired\":true,\"valueName\":\"search_term_string\"}}],\"inLanguage\":\"en-US\"},{\"@type\":\"Organization\",\"@id\":\"https:\\\/\\\/teslafm.net\\\/#organization\",\"name\":\"TeslaFM\",\"url\":\"https:\\\/\\\/teslafm.net\\\/\",\"logo\":{\"@type\":\"ImageObject\",\"inLanguage\":\"en-US\",\"@id\":\"https:\\\/\\\/teslafm.net\\\/#\\\/schema\\\/logo\\\/image\\\/\",\"url\":\"https:\\\/\\\/teslafm.net\\\/wp-content\\\/uploads\\\/2020\\\/06\\\/logo-tesla.png\",\"contentUrl\":\"https:\\\/\\\/teslafm.net\\\/wp-content\\\/uploads\\\/2020\\\/06\\\/logo-tesla.png\",\"width\":512,\"height\":512,\"caption\":\"TeslaFM\"},\"image\":{\"@id\":\"https:\\\/\\\/teslafm.net\\\/#\\\/schema\\\/logo\\\/image\\\/\"},\"sameAs\":[\"https:\\\/\\\/www.facebook.com\\\/teslafm.net\",\"https:\\\/\\\/x.com\\\/teslafm\"]}]}<\/script>\n<!-- \/ Yoast SEO plugin. -->","yoast_head_json":{"title":"Ananke #46 -","robots":{"index":"index","follow":"follow","max-snippet":"max-snippet:-1","max-image-preview":"max-image-preview:large","max-video-preview":"max-video-preview:-1"},"canonical":"https:\/\/teslafm.net\/en\/ananke-46\/","og_locale":"en_US","og_type":"article","og_title":"Ananke #46 -","og_description":"Anank\u00e9 Cap\u00edtulo XLVI Mayo 2023 01. Dominique Lawalr\u00e9e &#8211; Post-scriptum &#8211; First Meeting (Catch Wave, 2017\/2022) 02. John Bence &#8211; Raphael, Archangel of Tiphareth &#8211; Archangels (Thrill Jockey, 2023) 03. Adela Mede &#8211; Sloboda &#8211; Szabads\u00e1g (Night School, 2023) 04. Shovel Dance Collective &#8211; Water Pum in Ladywell &#8211; The Water Is the Shovel of [&hellip;]","og_url":"https:\/\/teslafm.net\/en\/ananke-46\/","article_publisher":"https:\/\/www.facebook.com\/teslafm.net","og_image":[{"width":1274,"height":818,"url":"https:\/\/teslafm.net\/wp-content\/uploads\/2022\/09\/header-image-4-temp.png","type":"image\/png"}],"twitter_card":"summary_large_image","twitter_site":"@teslafm","twitter_misc":{"Est. reading time":"1 minute"},"schema":{"@context":"https:\/\/schema.org","@graph":[{"@type":"WebPage","@id":"https:\/\/teslafm.net\/ananke-46\/","url":"https:\/\/teslafm.net\/ananke-46\/","name":"Ananke #46 -","isPartOf":{"@id":"https:\/\/teslafm.net\/#website"},"datePublished":"2023-05-16T22:13:42+00:00","breadcrumb":{"@id":"https:\/\/teslafm.net\/ananke-46\/#breadcrumb"},"inLanguage":"en-US","potentialAction":[{"@type":"ReadAction","target":["https:\/\/teslafm.net\/ananke-46\/"]}]},{"@type":"BreadcrumbList","@id":"https:\/\/teslafm.net\/ananke-46\/#breadcrumb","itemListElement":[{"@type":"ListItem","position":1,"name":"Portada","item":"https:\/\/teslafm.net\/"},{"@type":"ListItem","position":2,"name":"Ananke #46"}]},{"@type":"WebSite","@id":"https:\/\/teslafm.net\/#website","url":"https:\/\/teslafm.net\/","name":"TeslaFM","description":"An experimental and creative radio","publisher":{"@id":"https:\/\/teslafm.net\/#organization"},"potentialAction":[{"@type":"SearchAction","target":{"@type":"EntryPoint","urlTemplate":"https:\/\/teslafm.net\/?s={search_term_string}"},"query-input":{"@type":"PropertyValueSpecification","valueRequired":true,"valueName":"search_term_string"}}],"inLanguage":"en-US"},{"@type":"Organization","@id":"https:\/\/teslafm.net\/#organization","name":"TeslaFM","url":"https:\/\/teslafm.net\/","logo":{"@type":"ImageObject","inLanguage":"en-US","@id":"https:\/\/teslafm.net\/#\/schema\/logo\/image\/","url":"https:\/\/teslafm.net\/wp-content\/uploads\/2020\/06\/logo-tesla.png","contentUrl":"https:\/\/teslafm.net\/wp-content\/uploads\/2020\/06\/logo-tesla.png","width":512,"height":512,"caption":"TeslaFM"},"image":{"@id":"https:\/\/teslafm.net\/#\/schema\/logo\/image\/"},"sameAs":["https:\/\/www.facebook.com\/teslafm.net","https:\/\/x.com\/teslafm"]}]}},"rttpg_featured_image_url":null,"rttpg_author":{"display_name":"Ishak","author_link":"https:\/\/teslafm.net\/en\/author\/cravan\/"},"rttpg_comment":0,"rttpg_category":null,"rttpg_excerpt":"Anank\u00e9 Cap\u00edtulo XLVI Mayo 2023 01. Dominique Lawalr\u00e9e &#8211; Post-scriptum &#8211; First Meeting (Catch Wave, 2017\/2022) 02. John Bence &#8211; Raphael, Archangel of Tiphareth &#8211; Archangels (Thrill Jockey, 2023) 03. Adela Mede &#8211; Sloboda &#8211; Szabads\u00e1g (Night School, 2023) 04. Shovel Dance Collective &#8211; Water Pum in Ladywell &#8211; The Water Is the Shovel of&hellip;","_links":{"self":[{"href":"https:\/\/teslafm.net\/en\/wp-json\/wp\/v2\/pages\/62440","targetHints":{"allow":["GET"]}}],"collection":[{"href":"https:\/\/teslafm.net\/en\/wp-json\/wp\/v2\/pages"}],"about":[{"href":"https:\/\/teslafm.net\/en\/wp-json\/wp\/v2\/types\/page"}],"author":[{"embeddable":true,"href":"https:\/\/teslafm.net\/en\/wp-json\/wp\/v2\/users\/19"}],"replies":[{"embeddable":true,"href":"https:\/\/teslafm.net\/en\/wp-json\/wp\/v2\/comments?post=62440"}],"version-history":[{"count":1,"href":"https:\/\/teslafm.net\/en\/wp-json\/wp\/v2\/pages\/62440\/revisions"}],"predecessor-version":[{"id":62441,"href":"https:\/\/teslafm.net\/en\/wp-json\/wp\/v2\/pages\/62440\/revisions\/62441"}],"wp:attachment":[{"href":"https:\/\/teslafm.net\/en\/wp-json\/wp\/v2\/media?parent=62440"}],"curies":[{"name":"wp","href":"https:\/\/api.w.org\/{rel}","templated":true}]}}