

{"id":62489,"date":"2023-05-23T17:06:11","date_gmt":"2023-05-23T15:06:11","guid":{"rendered":"https:\/\/teslafm.net\/?page_id=62489"},"modified":"2023-05-23T18:17:54","modified_gmt":"2023-05-23T16:17:54","slug":"ones-de-crom-20","status":"publish","type":"page","link":"https:\/\/teslafm.net\/en\/ones-de-crom-20\/","title":{"rendered":"Ones de Crom #20"},"content":{"rendered":"<div data-elementor-type=\"wp-page\" data-elementor-id=\"62489\" class=\"elementor elementor-62489\">\n\t\t\t\t\t\t<section class=\"elementor-section elementor-top-section elementor-element elementor-element-23c3d041 elementor-section-boxed elementor-section-height-default elementor-section-height-default\" data-id=\"23c3d041\" data-element_type=\"section\" data-e-type=\"section\">\n\t\t\t\t\t\t<div class=\"elementor-container elementor-column-gap-default\">\n\t\t\t\t\t<div class=\"elementor-column elementor-col-100 elementor-top-column elementor-element elementor-element-67577ddd\" data-id=\"67577ddd\" data-element_type=\"column\" data-e-type=\"column\">\n\t\t\t<div class=\"elementor-widget-wrap elementor-element-populated\">\n\t\t\t\t\t\t<div class=\"elementor-element elementor-element-6bd6b7ad elementor-widget elementor-widget-text-editor\" data-id=\"6bd6b7ad\" data-element_type=\"widget\" data-e-type=\"widget\" data-widget_type=\"text-editor.default\">\n\t\t\t\t<div class=\"elementor-widget-container\">\n\t\t\t\t\t\t\t\t\t<h2><span style=\"color: #ffffff;\"><strong>Ones de Crom #20<\/strong><\/span><\/h2><p><span style=\"color: #808080;\"><em>Finders Keepers label Soundtracks and others<\/em><\/span><\/p><p><iframe src=\"https:\/\/www.mixcloud.com\/widget\/iframe\/?hide_cover=1&amp;feed=%2FTeslafm_net%2Fones-de-crom-20-emili-mir%C3%B3%2F\" width=\"100%\" height=\"120\" frameborder=\"0\"><\/iframe><\/p>\t\t\t\t\t\t\t\t<\/div>\n\t\t\t\t<\/div>\n\t\t\t\t\t<\/div>\n\t\t<\/div>\n\t\t\t\t\t<\/div>\n\t\t<\/section>\n\t\t\t\t<section class=\"elementor-section elementor-top-section elementor-element elementor-element-84f5a3b elementor-section-boxed elementor-section-height-default elementor-section-height-default\" data-id=\"84f5a3b\" data-element_type=\"section\" data-e-type=\"section\">\n\t\t\t\t\t\t<div class=\"elementor-container elementor-column-gap-default\">\n\t\t\t\t\t<div class=\"elementor-column elementor-col-50 elementor-top-column elementor-element elementor-element-0208b71\" data-id=\"0208b71\" data-element_type=\"column\" data-e-type=\"column\">\n\t\t\t<div class=\"elementor-widget-wrap elementor-element-populated\">\n\t\t\t\t\t\t<div class=\"elementor-element elementor-element-fe3c274 elementor-widget elementor-widget-image\" data-id=\"fe3c274\" data-element_type=\"widget\" data-e-type=\"widget\" data-widget_type=\"image.default\">\n\t\t\t\t<div class=\"elementor-widget-container\">\n\t\t\t\t\t\t\t\t\t\t\t\t\t\t\t<img fetchpriority=\"high\" decoding=\"async\" width=\"350\" height=\"335\" src=\"https:\/\/teslafm.net\/wp-content\/uploads\/2023\/05\/BSO-Finders-Keepers.jpg\" class=\"attachment-large size-large wp-image-62501\" alt=\"\" srcset=\"https:\/\/teslafm.net\/wp-content\/uploads\/2023\/05\/BSO-Finders-Keepers.jpg 350w, https:\/\/teslafm.net\/wp-content\/uploads\/2023\/05\/BSO-Finders-Keepers-300x287.jpg 300w, https:\/\/teslafm.net\/wp-content\/uploads\/2023\/05\/BSO-Finders-Keepers-13x12.jpg 13w\" sizes=\"(max-width: 350px) 100vw, 350px\" \/>\t\t\t\t\t\t\t\t\t\t\t\t\t\t\t<\/div>\n\t\t\t\t<\/div>\n\t\t\t\t\t<\/div>\n\t\t<\/div>\n\t\t\t\t<div class=\"elementor-column elementor-col-50 elementor-top-column elementor-element elementor-element-e4d7985\" data-id=\"e4d7985\" data-element_type=\"column\" data-e-type=\"column\">\n\t\t\t<div class=\"elementor-widget-wrap elementor-element-populated\">\n\t\t\t\t\t\t<div class=\"elementor-element elementor-element-d0df819 elementor-widget elementor-widget-text-editor\" data-id=\"d0df819\" data-element_type=\"widget\" data-e-type=\"widget\" data-widget_type=\"text-editor.default\">\n\t\t\t\t<div class=\"elementor-widget-container\">\n\t\t\t\t\t\t\t\t\t<p><span style=\"color: #808080;\">April 6, 2022<\/span><br \/><span style=\"color: #808080;\">Special of discs of soundtracks of curious movies of the 60's, 70's and 80's edited by labels such as<\/span><br \/><span style=\"color: #808080;\"><strong>Finders Keepers<\/strong> and others. Composers of electronic music, synthesizers, free-jazz and pop,<\/span><br \/><span style=\"color: #808080;\">psychedelia, concrete music and jazz-funk from these exquisite works:<\/span><br \/><span style=\"color: #808080;\">-<\/span><br \/><span style=\"color: #808080;\">- <strong>Zden\u011bk Li\u0161ka<\/strong> \"Ikarie XB-1\" (1963).<\/span><br \/><span style=\"color: #808080;\">- <b>Lubo\u0161 Fi\u0161er<\/b> \"Valerie and Her Week of Wonders\" (1970).<\/span><br \/><span style=\"color: #808080;\">- <strong>Acanthus<\/strong> \"Le Frisson Des Vampires\" (1971).<\/span><br \/><span style=\"color: #808080;\">- <strong>Alain Goraguer<\/strong> \"La Plan\u00e8te Sauvage\" (1973).<\/span><br \/><span style=\"color: #808080;\">- <strong>Gianfranco Reverberi<\/strong> &amp; <strong>Romolo Forlai<\/strong> Rivelazioni Di Uno Psichiatra Sul Mondo Perverso\".<\/span><br \/><span style=\"color: #808080;\">Del Sesso\" (1973)<\/span><br \/><span style=\"color: #808080;\">- <strong>Alain Pierre<\/strong> \"\u00d4 Siddhartha\" (1974).<\/span><br \/><span style=\"color: #808080;\">- <strong>Masahiko Sato<\/strong> \"Belladonna\" (1973)<\/span><br \/><span style=\"color: #808080;\">- <strong>Billy Green<\/strong> \"Stone\" (1974)<\/span><br \/><span style=\"color: #808080;\">- <strong>Jean-Claude Vannier<\/strong> &amp; <strong>Serge Gainsbourg<\/strong> \"Les Chemins De Katmandou\" (1969).<\/span><br \/><span style=\"color: #808080;\">- <b>Andrzej Korzy\u0144ski<\/b> \"Possession\" (1981)<\/span><br \/><span style=\"color: #808080;\">- <strong>Ron Geesin<\/strong> \"Pot-Boilers Ron Geesin Soundtracks To STEPHEN DWOSKINFilms 1966-1970\".<\/span><br \/><span style=\"color: #808080;\">- <strong>Guy Skornik<\/strong> \"Tusk\" (1980)<\/span><br \/><span style=\"color: #808080;\">- <strong>Pierre Henry<\/strong> \"Malefices\" (1962)<\/span><br \/><span style=\"color: #808080;\">- <strong>Hermant Bhosle<\/strong> \"Sansani\" (1981) from \"Bollywood Bloodbath\" (2011).<\/span><br \/><span style=\"color: #808080;\">- <strong>Graeme Miller<\/strong> &amp; <strong>Steve Shill<\/strong> \"The Moomins\" (1982)<\/span><br \/><span style=\"color: #808080;\">- <strong>Jos\u00e9 Manuel Pagan<\/strong> \"Kiu i Els Seus Amics\" (1985)<\/span><\/p>\t\t\t\t\t\t\t\t<\/div>\n\t\t\t\t<\/div>\n\t\t\t\t\t<\/div>\n\t\t<\/div>\n\t\t\t\t\t<\/div>\n\t\t<\/section>\n\t\t\t\t<\/div>","protected":false},"excerpt":{"rendered":"<p>Ones de Crom #20 Bandes sonores segell Finders Keepers i altres 6 d\u2019abril 2022Especial de discos de bandes sonores de curioses pel\u00b7licules dels anys 60, 70 i 80 editats per segells comFinders Keepers i d&#8217;altres. Compositors de m\u00fasica electr\u00f2nica, de sintetitzadors, free-jazz i pop,psicod\u00e8lia, m\u00fasica concreta i jazz-funk des d&#8217;aquests exquisits treballs:&#8211;&#8211; Zden\u011bk Li\u0161ka \u00abIkarie [&hellip;]<\/p>\n","protected":false},"author":19,"featured_media":0,"parent":0,"menu_order":0,"comment_status":"closed","ping_status":"closed","template":"","meta":{"footnotes":""},"class_list":["post-62489","page","type-page","status-publish","hentry"],"yoast_head":"<!-- This site is optimized with the Yoast SEO plugin v27.2 - https:\/\/yoast.com\/product\/yoast-seo-wordpress\/ -->\n<title>Ones de Crom #20 -<\/title>\n<meta name=\"robots\" content=\"index, follow, max-snippet:-1, max-image-preview:large, max-video-preview:-1\" \/>\n<link rel=\"canonical\" href=\"https:\/\/teslafm.net\/en\/ones-de-crom-20\/\" \/>\n<meta property=\"og:locale\" content=\"en_US\" \/>\n<meta property=\"og:type\" content=\"article\" \/>\n<meta property=\"og:title\" content=\"Ones de Crom #20 -\" \/>\n<meta property=\"og:description\" content=\"Ones de Crom #20 Bandes sonores segell Finders Keepers i altres 6 d\u2019abril 2022Especial de discos de bandes sonores de curioses pel\u00b7licules dels anys 60, 70 i 80 editats per segells comFinders Keepers i d&#8217;altres. Compositors de m\u00fasica electr\u00f2nica, de sintetitzadors, free-jazz i pop,psicod\u00e8lia, m\u00fasica concreta i jazz-funk des d&#8217;aquests exquisits treballs:&#8211;&#8211; Zden\u011bk Li\u0161ka \u00abIkarie [&hellip;]\" \/>\n<meta property=\"og:url\" content=\"https:\/\/teslafm.net\/en\/ones-de-crom-20\/\" \/>\n<meta property=\"article:publisher\" content=\"https:\/\/www.facebook.com\/teslafm.net\" \/>\n<meta property=\"article:modified_time\" content=\"2023-05-23T16:17:54+00:00\" \/>\n<meta property=\"og:image\" content=\"http:\/\/teslafm.net\/wp-content\/uploads\/2023\/05\/BSO-Finders-Keepers.jpg\" \/>\n<meta name=\"twitter:card\" content=\"summary_large_image\" \/>\n<meta name=\"twitter:site\" content=\"@teslafm\" \/>\n<meta name=\"twitter:label1\" content=\"Est. reading time\" \/>\n\t<meta name=\"twitter:data1\" content=\"1 minute\" \/>\n<script type=\"application\/ld+json\" class=\"yoast-schema-graph\">{\"@context\":\"https:\/\/schema.org\",\"@graph\":[{\"@type\":\"WebPage\",\"@id\":\"https:\/\/teslafm.net\/ones-de-crom-20\/\",\"url\":\"https:\/\/teslafm.net\/ones-de-crom-20\/\",\"name\":\"Ones de Crom #20 -\",\"isPartOf\":{\"@id\":\"https:\/\/teslafm.net\/#website\"},\"primaryImageOfPage\":{\"@id\":\"https:\/\/teslafm.net\/ones-de-crom-20\/#primaryimage\"},\"image\":{\"@id\":\"https:\/\/teslafm.net\/ones-de-crom-20\/#primaryimage\"},\"thumbnailUrl\":\"http:\/\/teslafm.net\/wp-content\/uploads\/2023\/05\/BSO-Finders-Keepers.jpg\",\"datePublished\":\"2023-05-23T15:06:11+00:00\",\"dateModified\":\"2023-05-23T16:17:54+00:00\",\"breadcrumb\":{\"@id\":\"https:\/\/teslafm.net\/ones-de-crom-20\/#breadcrumb\"},\"inLanguage\":\"en-US\",\"potentialAction\":[{\"@type\":\"ReadAction\",\"target\":[\"https:\/\/teslafm.net\/ones-de-crom-20\/\"]}]},{\"@type\":\"ImageObject\",\"inLanguage\":\"en-US\",\"@id\":\"https:\/\/teslafm.net\/ones-de-crom-20\/#primaryimage\",\"url\":\"http:\/\/teslafm.net\/wp-content\/uploads\/2023\/05\/BSO-Finders-Keepers.jpg\",\"contentUrl\":\"http:\/\/teslafm.net\/wp-content\/uploads\/2023\/05\/BSO-Finders-Keepers.jpg\"},{\"@type\":\"BreadcrumbList\",\"@id\":\"https:\/\/teslafm.net\/ones-de-crom-20\/#breadcrumb\",\"itemListElement\":[{\"@type\":\"ListItem\",\"position\":1,\"name\":\"Portada\",\"item\":\"https:\/\/teslafm.net\/\"},{\"@type\":\"ListItem\",\"position\":2,\"name\":\"Ones de Crom #20\"}]},{\"@type\":\"WebSite\",\"@id\":\"https:\/\/teslafm.net\/#website\",\"url\":\"https:\/\/teslafm.net\/\",\"name\":\"TeslaFM\",\"description\":\"An experimental and creative radio\",\"publisher\":{\"@id\":\"https:\/\/teslafm.net\/#organization\"},\"potentialAction\":[{\"@type\":\"SearchAction\",\"target\":{\"@type\":\"EntryPoint\",\"urlTemplate\":\"https:\/\/teslafm.net\/?s={search_term_string}\"},\"query-input\":{\"@type\":\"PropertyValueSpecification\",\"valueRequired\":true,\"valueName\":\"search_term_string\"}}],\"inLanguage\":\"en-US\"},{\"@type\":\"Organization\",\"@id\":\"https:\/\/teslafm.net\/#organization\",\"name\":\"TeslaFM\",\"url\":\"https:\/\/teslafm.net\/\",\"logo\":{\"@type\":\"ImageObject\",\"inLanguage\":\"en-US\",\"@id\":\"https:\/\/teslafm.net\/#\/schema\/logo\/image\/\",\"url\":\"https:\/\/teslafm.net\/wp-content\/uploads\/2020\/06\/logo-tesla.png\",\"contentUrl\":\"https:\/\/teslafm.net\/wp-content\/uploads\/2020\/06\/logo-tesla.png\",\"width\":512,\"height\":512,\"caption\":\"TeslaFM\"},\"image\":{\"@id\":\"https:\/\/teslafm.net\/#\/schema\/logo\/image\/\"},\"sameAs\":[\"https:\/\/www.facebook.com\/teslafm.net\",\"https:\/\/x.com\/teslafm\"]}]}<\/script>\n<!-- \/ Yoast SEO plugin. -->","yoast_head_json":{"title":"Ones de Crom #20 -","robots":{"index":"index","follow":"follow","max-snippet":"max-snippet:-1","max-image-preview":"max-image-preview:large","max-video-preview":"max-video-preview:-1"},"canonical":"https:\/\/teslafm.net\/en\/ones-de-crom-20\/","og_locale":"en_US","og_type":"article","og_title":"Ones de Crom #20 -","og_description":"Ones de Crom #20 Bandes sonores segell Finders Keepers i altres 6 d\u2019abril 2022Especial de discos de bandes sonores de curioses pel\u00b7licules dels anys 60, 70 i 80 editats per segells comFinders Keepers i d&#8217;altres. Compositors de m\u00fasica electr\u00f2nica, de sintetitzadors, free-jazz i pop,psicod\u00e8lia, m\u00fasica concreta i jazz-funk des d&#8217;aquests exquisits treballs:&#8211;&#8211; Zden\u011bk Li\u0161ka \u00abIkarie [&hellip;]","og_url":"https:\/\/teslafm.net\/en\/ones-de-crom-20\/","article_publisher":"https:\/\/www.facebook.com\/teslafm.net","article_modified_time":"2023-05-23T16:17:54+00:00","og_image":[{"url":"http:\/\/teslafm.net\/wp-content\/uploads\/2023\/05\/BSO-Finders-Keepers.jpg","type":"","width":"","height":""}],"twitter_card":"summary_large_image","twitter_site":"@teslafm","twitter_misc":{"Est. reading time":"1 minute"},"schema":{"@context":"https:\/\/schema.org","@graph":[{"@type":"WebPage","@id":"https:\/\/teslafm.net\/ones-de-crom-20\/","url":"https:\/\/teslafm.net\/ones-de-crom-20\/","name":"Ones de Crom #20 -","isPartOf":{"@id":"https:\/\/teslafm.net\/#website"},"primaryImageOfPage":{"@id":"https:\/\/teslafm.net\/ones-de-crom-20\/#primaryimage"},"image":{"@id":"https:\/\/teslafm.net\/ones-de-crom-20\/#primaryimage"},"thumbnailUrl":"http:\/\/teslafm.net\/wp-content\/uploads\/2023\/05\/BSO-Finders-Keepers.jpg","datePublished":"2023-05-23T15:06:11+00:00","dateModified":"2023-05-23T16:17:54+00:00","breadcrumb":{"@id":"https:\/\/teslafm.net\/ones-de-crom-20\/#breadcrumb"},"inLanguage":"en-US","potentialAction":[{"@type":"ReadAction","target":["https:\/\/teslafm.net\/ones-de-crom-20\/"]}]},{"@type":"ImageObject","inLanguage":"en-US","@id":"https:\/\/teslafm.net\/ones-de-crom-20\/#primaryimage","url":"http:\/\/teslafm.net\/wp-content\/uploads\/2023\/05\/BSO-Finders-Keepers.jpg","contentUrl":"http:\/\/teslafm.net\/wp-content\/uploads\/2023\/05\/BSO-Finders-Keepers.jpg"},{"@type":"BreadcrumbList","@id":"https:\/\/teslafm.net\/ones-de-crom-20\/#breadcrumb","itemListElement":[{"@type":"ListItem","position":1,"name":"Portada","item":"https:\/\/teslafm.net\/"},{"@type":"ListItem","position":2,"name":"Ones de Crom #20"}]},{"@type":"WebSite","@id":"https:\/\/teslafm.net\/#website","url":"https:\/\/teslafm.net\/","name":"TeslaFM","description":"An experimental and creative radio","publisher":{"@id":"https:\/\/teslafm.net\/#organization"},"potentialAction":[{"@type":"SearchAction","target":{"@type":"EntryPoint","urlTemplate":"https:\/\/teslafm.net\/?s={search_term_string}"},"query-input":{"@type":"PropertyValueSpecification","valueRequired":true,"valueName":"search_term_string"}}],"inLanguage":"en-US"},{"@type":"Organization","@id":"https:\/\/teslafm.net\/#organization","name":"TeslaFM","url":"https:\/\/teslafm.net\/","logo":{"@type":"ImageObject","inLanguage":"en-US","@id":"https:\/\/teslafm.net\/#\/schema\/logo\/image\/","url":"https:\/\/teslafm.net\/wp-content\/uploads\/2020\/06\/logo-tesla.png","contentUrl":"https:\/\/teslafm.net\/wp-content\/uploads\/2020\/06\/logo-tesla.png","width":512,"height":512,"caption":"TeslaFM"},"image":{"@id":"https:\/\/teslafm.net\/#\/schema\/logo\/image\/"},"sameAs":["https:\/\/www.facebook.com\/teslafm.net","https:\/\/x.com\/teslafm"]}]}},"rttpg_featured_image_url":null,"rttpg_author":{"display_name":"Ishak","author_link":"https:\/\/teslafm.net\/en\/author\/cravan\/"},"rttpg_comment":0,"rttpg_category":null,"rttpg_excerpt":"Ones de Crom #20 Bandes sonores segell Finders Keepers i altres 6 d\u2019abril 2022Especial de discos de bandes sonores de curioses pel\u00b7licules dels anys 60, 70 i 80 editats per segells comFinders Keepers i d&#8217;altres. Compositors de m\u00fasica electr\u00f2nica, de sintetitzadors, free-jazz i pop,psicod\u00e8lia, m\u00fasica concreta i jazz-funk des d&#8217;aquests exquisits treballs:&#8211;&#8211; Zden\u011bk Li\u0161ka \u00abIkarie&hellip;","_links":{"self":[{"href":"https:\/\/teslafm.net\/en\/wp-json\/wp\/v2\/pages\/62489","targetHints":{"allow":["GET"]}}],"collection":[{"href":"https:\/\/teslafm.net\/en\/wp-json\/wp\/v2\/pages"}],"about":[{"href":"https:\/\/teslafm.net\/en\/wp-json\/wp\/v2\/types\/page"}],"author":[{"embeddable":true,"href":"https:\/\/teslafm.net\/en\/wp-json\/wp\/v2\/users\/19"}],"replies":[{"embeddable":true,"href":"https:\/\/teslafm.net\/en\/wp-json\/wp\/v2\/comments?post=62489"}],"version-history":[{"count":13,"href":"https:\/\/teslafm.net\/en\/wp-json\/wp\/v2\/pages\/62489\/revisions"}],"predecessor-version":[{"id":62504,"href":"https:\/\/teslafm.net\/en\/wp-json\/wp\/v2\/pages\/62489\/revisions\/62504"}],"wp:attachment":[{"href":"https:\/\/teslafm.net\/en\/wp-json\/wp\/v2\/media?parent=62489"}],"curies":[{"name":"wp","href":"https:\/\/api.w.org\/{rel}","templated":true}]}}