

{"id":62539,"date":"2023-05-29T18:42:18","date_gmt":"2023-05-29T16:42:18","guid":{"rendered":"https:\/\/teslafm.net\/?page_id=62539"},"modified":"2023-05-29T19:09:52","modified_gmt":"2023-05-29T17:09:52","slug":"modulisme-9","status":"publish","type":"page","link":"https:\/\/teslafm.net\/en\/modulisme-9\/","title":{"rendered":"Modulism #9"},"content":{"rendered":"<div data-elementor-type=\"wp-page\" data-elementor-id=\"62539\" class=\"elementor elementor-62539\">\n\t\t\t\t\t\t<section class=\"elementor-section elementor-top-section elementor-element elementor-element-5a60970d elementor-section-boxed elementor-section-height-default elementor-section-height-default\" data-id=\"5a60970d\" data-element_type=\"section\" data-e-type=\"section\">\n\t\t\t\t\t\t<div class=\"elementor-container elementor-column-gap-default\">\n\t\t\t\t\t<div class=\"elementor-column elementor-col-100 elementor-top-column elementor-element elementor-element-67b698fc\" data-id=\"67b698fc\" data-element_type=\"column\" data-e-type=\"column\">\n\t\t\t<div class=\"elementor-widget-wrap elementor-element-populated\">\n\t\t\t\t\t\t<div class=\"elementor-element elementor-element-63b4af4d elementor-widget elementor-widget-text-editor\" data-id=\"63b4af4d\" data-element_type=\"widget\" data-e-type=\"widget\" data-widget_type=\"text-editor.default\">\n\t\t\t\t<div class=\"elementor-widget-container\">\n\t\t\t\t\t\t\t\t\t<h2><span style=\"color: #ffffff;\"><strong>Modulism #9<\/strong><\/span><\/h2><p><span style=\"color: #808080;\"><em>Serge-O-Voxes 5.1 , part 1<\/em><\/span><\/p><p><iframe src=\"https:\/\/www.mixcloud.com\/widget\/iframe\/?hide_cover=1&amp;feed=%2FTeslafm_net%2Fmodulisme-9-philippe-petit%2F\" width=\"100%\" height=\"120\" frameborder=\"0\"><\/iframe><\/p>\t\t\t\t\t\t\t\t<\/div>\n\t\t\t\t<\/div>\n\t\t\t\t\t<\/div>\n\t\t<\/div>\n\t\t\t\t\t<\/div>\n\t\t<\/section>\n\t\t\t\t<section class=\"elementor-section elementor-top-section elementor-element elementor-element-2aa5864 elementor-section-boxed elementor-section-height-default elementor-section-height-default\" data-id=\"2aa5864\" data-element_type=\"section\" data-e-type=\"section\">\n\t\t\t\t\t\t<div class=\"elementor-container elementor-column-gap-default\">\n\t\t\t\t\t<div class=\"elementor-column elementor-col-50 elementor-top-column elementor-element elementor-element-a0ac0fc\" data-id=\"a0ac0fc\" data-element_type=\"column\" data-e-type=\"column\">\n\t\t\t<div class=\"elementor-widget-wrap elementor-element-populated\">\n\t\t\t\t\t\t<div class=\"elementor-element elementor-element-b951fdd elementor-widget elementor-widget-image\" data-id=\"b951fdd\" data-element_type=\"widget\" data-e-type=\"widget\" data-widget_type=\"image.default\">\n\t\t\t\t<div class=\"elementor-widget-container\">\n\t\t\t\t\t\t\t\t\t\t\t\t\t\t\t<img fetchpriority=\"high\" decoding=\"async\" width=\"800\" height=\"800\" src=\"https:\/\/teslafm.net\/wp-content\/uploads\/2023\/05\/Modulisme-9.jpg\" class=\"attachment-large size-large wp-image-62548\" alt=\"\" srcset=\"https:\/\/teslafm.net\/wp-content\/uploads\/2023\/05\/Modulisme-9.jpg 800w, https:\/\/teslafm.net\/wp-content\/uploads\/2023\/05\/Modulisme-9-300x300.jpg 300w, https:\/\/teslafm.net\/wp-content\/uploads\/2023\/05\/Modulisme-9-150x150.jpg 150w, https:\/\/teslafm.net\/wp-content\/uploads\/2023\/05\/Modulisme-9-768x768.jpg 768w, https:\/\/teslafm.net\/wp-content\/uploads\/2023\/05\/Modulisme-9-12x12.jpg 12w\" sizes=\"(max-width: 800px) 100vw, 800px\" \/>\t\t\t\t\t\t\t\t\t\t\t\t\t\t\t<\/div>\n\t\t\t\t<\/div>\n\t\t\t\t\t<\/div>\n\t\t<\/div>\n\t\t\t\t<div class=\"elementor-column elementor-col-50 elementor-top-column elementor-element elementor-element-def130d\" data-id=\"def130d\" data-element_type=\"column\" data-e-type=\"column\">\n\t\t\t<div class=\"elementor-widget-wrap elementor-element-populated\">\n\t\t\t\t\t\t<div class=\"elementor-element elementor-element-70b4bd2 elementor-widget elementor-widget-text-editor\" data-id=\"70b4bd2\" data-element_type=\"widget\" data-e-type=\"widget\" data-widget_type=\"text-editor.default\">\n\t\t\t\t<div class=\"elementor-widget-container\">\n\t\t\t\t\t\t\t\t\t<p><span style=\"color: #808080;\">Welcome to our new program Modulisme!<\/span><br \/><span style=\"color: #808080;\">Serge -o- Voxes is a series of compositions made with a Serge synthesizer that is published through our Modulisme platform and celebrates the 50th anniversary of the creation of the SERGE \" the People's Synthesizer \".<\/span><br \/><span style=\"color: #808080;\">A tribute, assembled in secret, as I wanted to prepare a surprise for <strong>Serge Tcherepnin<\/strong> its inventor...<\/span><\/p><p><span style=\"color: #808080;\">You will hear <strong>Ivan Tcherepnin<\/strong>,<strong> Jean-Philippe Feiss<\/strong>, <strong>Philippe Petit<\/strong>,<strong> Benge<\/strong>,<strong> JesterN<\/strong>,<strong> Todd Barton<\/strong>,<strong> Palle Dahlstedt<\/strong>,<strong> Michael White<\/strong>,<strong> Doug Lynner<\/strong>,<strong> Ed Herrmann<\/strong>,<strong> Josue Arias<\/strong>,<strong> Matthias Herrmann<\/strong>,<strong> Francisco Meirino<\/strong>,<strong> Bertrand Fraysse<\/strong>,<strong> Dani Dobkin<\/strong>,<strong> Cleaning Lady<\/strong> and <strong>Eliad Wagner<\/strong>.<\/span><br \/><span style=\"color: #808080;\">May Serge be with you!<\/span><\/p>\t\t\t\t\t\t\t\t<\/div>\n\t\t\t\t<\/div>\n\t\t\t\t\t<\/div>\n\t\t<\/div>\n\t\t\t\t\t<\/div>\n\t\t<\/section>\n\t\t\t\t<\/div>","protected":false},"excerpt":{"rendered":"<p>Modulisme #9 Serge-O-Voxes 5.1 , parte 1 \u00a1Bienvenidx a nuestro nuevo programa Modulisme!Serge -o- Voxes es una serie de composiciones realizadas con un sintetizador Serge que se publica a trav\u00e9s de nuestra plataforma Modulisme y que celebra los 50 a\u00f1os de la creaci\u00f3n del SERGE \u00bb el Sintetizador del Pueblo \u00ab.Un homenaje, montado en secreto, [&hellip;]<\/p>\n","protected":false},"author":19,"featured_media":0,"parent":0,"menu_order":0,"comment_status":"closed","ping_status":"closed","template":"","meta":{"footnotes":""},"class_list":["post-62539","page","type-page","status-publish","hentry"],"yoast_head":"<!-- This site is optimized with the Yoast SEO plugin v27.4 - https:\/\/yoast.com\/product\/yoast-seo-wordpress\/ -->\n<title>Modulisme #9 -<\/title>\n<meta name=\"robots\" content=\"index, follow, max-snippet:-1, max-image-preview:large, max-video-preview:-1\" \/>\n<link rel=\"canonical\" href=\"https:\/\/teslafm.net\/en\/modulisme-9\/\" \/>\n<meta property=\"og:locale\" content=\"en_US\" \/>\n<meta property=\"og:type\" content=\"article\" \/>\n<meta property=\"og:title\" content=\"Modulisme #9 -\" \/>\n<meta property=\"og:description\" content=\"Modulisme #9 Serge-O-Voxes 5.1 , parte 1 \u00a1Bienvenidx a nuestro nuevo programa Modulisme!Serge -o- Voxes es una serie de composiciones realizadas con un sintetizador Serge que se publica a trav\u00e9s de nuestra plataforma Modulisme y que celebra los 50 a\u00f1os de la creaci\u00f3n del SERGE \u00bb el Sintetizador del Pueblo \u00ab.Un homenaje, montado en secreto, [&hellip;]\" \/>\n<meta property=\"og:url\" content=\"https:\/\/teslafm.net\/en\/modulisme-9\/\" \/>\n<meta property=\"article:publisher\" content=\"https:\/\/www.facebook.com\/teslafm.net\" \/>\n<meta property=\"article:modified_time\" content=\"2023-05-29T17:09:52+00:00\" \/>\n<meta property=\"og:image\" content=\"http:\/\/teslafm.net\/wp-content\/uploads\/2023\/05\/Modulisme-9.jpg\" \/>\n<meta name=\"twitter:card\" content=\"summary_large_image\" \/>\n<meta name=\"twitter:site\" content=\"@teslafm\" \/>\n<meta name=\"twitter:label1\" content=\"Est. reading time\" \/>\n\t<meta name=\"twitter:data1\" content=\"1 minute\" \/>\n<script type=\"application\/ld+json\" class=\"yoast-schema-graph\">{\"@context\":\"https:\\\/\\\/schema.org\",\"@graph\":[{\"@type\":\"WebPage\",\"@id\":\"https:\\\/\\\/teslafm.net\\\/modulisme-9\\\/\",\"url\":\"https:\\\/\\\/teslafm.net\\\/modulisme-9\\\/\",\"name\":\"Modulisme #9 -\",\"isPartOf\":{\"@id\":\"https:\\\/\\\/teslafm.net\\\/#website\"},\"primaryImageOfPage\":{\"@id\":\"https:\\\/\\\/teslafm.net\\\/modulisme-9\\\/#primaryimage\"},\"image\":{\"@id\":\"https:\\\/\\\/teslafm.net\\\/modulisme-9\\\/#primaryimage\"},\"thumbnailUrl\":\"http:\\\/\\\/teslafm.net\\\/wp-content\\\/uploads\\\/2023\\\/05\\\/Modulisme-9.jpg\",\"datePublished\":\"2023-05-29T16:42:18+00:00\",\"dateModified\":\"2023-05-29T17:09:52+00:00\",\"breadcrumb\":{\"@id\":\"https:\\\/\\\/teslafm.net\\\/modulisme-9\\\/#breadcrumb\"},\"inLanguage\":\"en-US\",\"potentialAction\":[{\"@type\":\"ReadAction\",\"target\":[\"https:\\\/\\\/teslafm.net\\\/modulisme-9\\\/\"]}]},{\"@type\":\"ImageObject\",\"inLanguage\":\"en-US\",\"@id\":\"https:\\\/\\\/teslafm.net\\\/modulisme-9\\\/#primaryimage\",\"url\":\"http:\\\/\\\/teslafm.net\\\/wp-content\\\/uploads\\\/2023\\\/05\\\/Modulisme-9.jpg\",\"contentUrl\":\"http:\\\/\\\/teslafm.net\\\/wp-content\\\/uploads\\\/2023\\\/05\\\/Modulisme-9.jpg\"},{\"@type\":\"BreadcrumbList\",\"@id\":\"https:\\\/\\\/teslafm.net\\\/modulisme-9\\\/#breadcrumb\",\"itemListElement\":[{\"@type\":\"ListItem\",\"position\":1,\"name\":\"Portada\",\"item\":\"https:\\\/\\\/teslafm.net\\\/\"},{\"@type\":\"ListItem\",\"position\":2,\"name\":\"Modulisme #9\"}]},{\"@type\":\"WebSite\",\"@id\":\"https:\\\/\\\/teslafm.net\\\/#website\",\"url\":\"https:\\\/\\\/teslafm.net\\\/\",\"name\":\"TeslaFM\",\"description\":\"An experimental and creative radio\",\"publisher\":{\"@id\":\"https:\\\/\\\/teslafm.net\\\/#organization\"},\"potentialAction\":[{\"@type\":\"SearchAction\",\"target\":{\"@type\":\"EntryPoint\",\"urlTemplate\":\"https:\\\/\\\/teslafm.net\\\/?s={search_term_string}\"},\"query-input\":{\"@type\":\"PropertyValueSpecification\",\"valueRequired\":true,\"valueName\":\"search_term_string\"}}],\"inLanguage\":\"en-US\"},{\"@type\":\"Organization\",\"@id\":\"https:\\\/\\\/teslafm.net\\\/#organization\",\"name\":\"TeslaFM\",\"url\":\"https:\\\/\\\/teslafm.net\\\/\",\"logo\":{\"@type\":\"ImageObject\",\"inLanguage\":\"en-US\",\"@id\":\"https:\\\/\\\/teslafm.net\\\/#\\\/schema\\\/logo\\\/image\\\/\",\"url\":\"https:\\\/\\\/teslafm.net\\\/wp-content\\\/uploads\\\/2020\\\/06\\\/logo-tesla.png\",\"contentUrl\":\"https:\\\/\\\/teslafm.net\\\/wp-content\\\/uploads\\\/2020\\\/06\\\/logo-tesla.png\",\"width\":512,\"height\":512,\"caption\":\"TeslaFM\"},\"image\":{\"@id\":\"https:\\\/\\\/teslafm.net\\\/#\\\/schema\\\/logo\\\/image\\\/\"},\"sameAs\":[\"https:\\\/\\\/www.facebook.com\\\/teslafm.net\",\"https:\\\/\\\/x.com\\\/teslafm\"]}]}<\/script>\n<!-- \/ Yoast SEO plugin. -->","yoast_head_json":{"title":"Modulisme #9 -","robots":{"index":"index","follow":"follow","max-snippet":"max-snippet:-1","max-image-preview":"max-image-preview:large","max-video-preview":"max-video-preview:-1"},"canonical":"https:\/\/teslafm.net\/en\/modulisme-9\/","og_locale":"en_US","og_type":"article","og_title":"Modulisme #9 -","og_description":"Modulisme #9 Serge-O-Voxes 5.1 , parte 1 \u00a1Bienvenidx a nuestro nuevo programa Modulisme!Serge -o- Voxes es una serie de composiciones realizadas con un sintetizador Serge que se publica a trav\u00e9s de nuestra plataforma Modulisme y que celebra los 50 a\u00f1os de la creaci\u00f3n del SERGE \u00bb el Sintetizador del Pueblo \u00ab.Un homenaje, montado en secreto, [&hellip;]","og_url":"https:\/\/teslafm.net\/en\/modulisme-9\/","article_publisher":"https:\/\/www.facebook.com\/teslafm.net","article_modified_time":"2023-05-29T17:09:52+00:00","og_image":[{"url":"http:\/\/teslafm.net\/wp-content\/uploads\/2023\/05\/Modulisme-9.jpg","type":"","width":"","height":""}],"twitter_card":"summary_large_image","twitter_site":"@teslafm","twitter_misc":{"Est. reading time":"1 minute"},"schema":{"@context":"https:\/\/schema.org","@graph":[{"@type":"WebPage","@id":"https:\/\/teslafm.net\/modulisme-9\/","url":"https:\/\/teslafm.net\/modulisme-9\/","name":"Modulisme #9 -","isPartOf":{"@id":"https:\/\/teslafm.net\/#website"},"primaryImageOfPage":{"@id":"https:\/\/teslafm.net\/modulisme-9\/#primaryimage"},"image":{"@id":"https:\/\/teslafm.net\/modulisme-9\/#primaryimage"},"thumbnailUrl":"http:\/\/teslafm.net\/wp-content\/uploads\/2023\/05\/Modulisme-9.jpg","datePublished":"2023-05-29T16:42:18+00:00","dateModified":"2023-05-29T17:09:52+00:00","breadcrumb":{"@id":"https:\/\/teslafm.net\/modulisme-9\/#breadcrumb"},"inLanguage":"en-US","potentialAction":[{"@type":"ReadAction","target":["https:\/\/teslafm.net\/modulisme-9\/"]}]},{"@type":"ImageObject","inLanguage":"en-US","@id":"https:\/\/teslafm.net\/modulisme-9\/#primaryimage","url":"http:\/\/teslafm.net\/wp-content\/uploads\/2023\/05\/Modulisme-9.jpg","contentUrl":"http:\/\/teslafm.net\/wp-content\/uploads\/2023\/05\/Modulisme-9.jpg"},{"@type":"BreadcrumbList","@id":"https:\/\/teslafm.net\/modulisme-9\/#breadcrumb","itemListElement":[{"@type":"ListItem","position":1,"name":"Portada","item":"https:\/\/teslafm.net\/"},{"@type":"ListItem","position":2,"name":"Modulisme #9"}]},{"@type":"WebSite","@id":"https:\/\/teslafm.net\/#website","url":"https:\/\/teslafm.net\/","name":"TeslaFM","description":"An experimental and creative radio","publisher":{"@id":"https:\/\/teslafm.net\/#organization"},"potentialAction":[{"@type":"SearchAction","target":{"@type":"EntryPoint","urlTemplate":"https:\/\/teslafm.net\/?s={search_term_string}"},"query-input":{"@type":"PropertyValueSpecification","valueRequired":true,"valueName":"search_term_string"}}],"inLanguage":"en-US"},{"@type":"Organization","@id":"https:\/\/teslafm.net\/#organization","name":"TeslaFM","url":"https:\/\/teslafm.net\/","logo":{"@type":"ImageObject","inLanguage":"en-US","@id":"https:\/\/teslafm.net\/#\/schema\/logo\/image\/","url":"https:\/\/teslafm.net\/wp-content\/uploads\/2020\/06\/logo-tesla.png","contentUrl":"https:\/\/teslafm.net\/wp-content\/uploads\/2020\/06\/logo-tesla.png","width":512,"height":512,"caption":"TeslaFM"},"image":{"@id":"https:\/\/teslafm.net\/#\/schema\/logo\/image\/"},"sameAs":["https:\/\/www.facebook.com\/teslafm.net","https:\/\/x.com\/teslafm"]}]}},"rttpg_featured_image_url":null,"rttpg_author":{"display_name":"Ishak","author_link":"https:\/\/teslafm.net\/en\/author\/cravan\/"},"rttpg_comment":0,"rttpg_category":null,"rttpg_excerpt":"Modulisme #9 Serge-O-Voxes 5.1 , parte 1 \u00a1Bienvenidx a nuestro nuevo programa Modulisme!Serge -o- Voxes es una serie de composiciones realizadas con un sintetizador Serge que se publica a trav\u00e9s de nuestra plataforma Modulisme y que celebra los 50 a\u00f1os de la creaci\u00f3n del SERGE \u00bb el Sintetizador del Pueblo \u00ab.Un homenaje, montado en secreto,&hellip;","_links":{"self":[{"href":"https:\/\/teslafm.net\/en\/wp-json\/wp\/v2\/pages\/62539","targetHints":{"allow":["GET"]}}],"collection":[{"href":"https:\/\/teslafm.net\/en\/wp-json\/wp\/v2\/pages"}],"about":[{"href":"https:\/\/teslafm.net\/en\/wp-json\/wp\/v2\/types\/page"}],"author":[{"embeddable":true,"href":"https:\/\/teslafm.net\/en\/wp-json\/wp\/v2\/users\/19"}],"replies":[{"embeddable":true,"href":"https:\/\/teslafm.net\/en\/wp-json\/wp\/v2\/comments?post=62539"}],"version-history":[{"count":9,"href":"https:\/\/teslafm.net\/en\/wp-json\/wp\/v2\/pages\/62539\/revisions"}],"predecessor-version":[{"id":62551,"href":"https:\/\/teslafm.net\/en\/wp-json\/wp\/v2\/pages\/62539\/revisions\/62551"}],"wp:attachment":[{"href":"https:\/\/teslafm.net\/en\/wp-json\/wp\/v2\/media?parent=62539"}],"curies":[{"name":"wp","href":"https:\/\/api.w.org\/{rel}","templated":true}]}}