

{"id":62555,"date":"2023-05-30T16:24:10","date_gmt":"2023-05-30T14:24:10","guid":{"rendered":"https:\/\/teslafm.net\/?page_id=62555"},"modified":"2024-04-12T12:50:48","modified_gmt":"2024-04-12T10:50:48","slug":"space-oddity-recollection-44","status":"publish","type":"page","link":"https:\/\/teslafm.net\/en\/space-oddity-recollection-44\/","title":{"rendered":"Space Oddity Recollection #44"},"content":{"rendered":"<div data-elementor-type=\"wp-page\" data-elementor-id=\"62555\" class=\"elementor elementor-62555\">\n\t\t\t\t\t\t<section class=\"elementor-section elementor-top-section elementor-element elementor-element-6c532a5a elementor-section-boxed elementor-section-height-default elementor-section-height-default\" data-id=\"6c532a5a\" data-element_type=\"section\" data-e-type=\"section\">\n\t\t\t\t\t\t<div class=\"elementor-container elementor-column-gap-default\">\n\t\t\t\t\t<div class=\"elementor-column elementor-col-100 elementor-top-column elementor-element elementor-element-69f799b5\" data-id=\"69f799b5\" data-element_type=\"column\" data-e-type=\"column\">\n\t\t\t<div class=\"elementor-widget-wrap elementor-element-populated\">\n\t\t\t\t\t\t<div class=\"elementor-element elementor-element-75527e4 elementor-widget elementor-widget-text-editor\" data-id=\"75527e4\" data-element_type=\"widget\" data-e-type=\"widget\" data-widget_type=\"text-editor.default\">\n\t\t\t\t<div class=\"elementor-widget-container\">\n\t\t\t\t\t\t\t\t\t<h2><span style=\"color: #ffffff;\"><strong>Space Oddity Recollection #44<\/strong><\/span><\/h2><p><span style=\"color: #808080;\"><em>May 29, 2023<\/em><\/span><\/p><p><a href=\"https:\/\/teslafm.net\/Space Oddity Recollection 44 Alameda.mp3\"><img fetchpriority=\"high\" decoding=\"async\" class=\"alignnone wp-image-62566 size-full\" src=\"http:\/\/teslafm.net\/wp-content\/uploads\/2023\/05\/sor-44.png\" alt=\"\" width=\"1122\" height=\"121\" srcset=\"https:\/\/teslafm.net\/wp-content\/uploads\/2023\/05\/sor-44.png 1122w, https:\/\/teslafm.net\/wp-content\/uploads\/2023\/05\/sor-44-300x32.png 300w, https:\/\/teslafm.net\/wp-content\/uploads\/2023\/05\/sor-44-1024x110.png 1024w, https:\/\/teslafm.net\/wp-content\/uploads\/2023\/05\/sor-44-768x83.png 768w, https:\/\/teslafm.net\/wp-content\/uploads\/2023\/05\/sor-44-18x2.png 18w\" sizes=\"(max-width: 1122px) 100vw, 1122px\" \/><\/a><\/p>\t\t\t\t\t\t\t\t<\/div>\n\t\t\t\t<\/div>\n\t\t\t\t\t<\/div>\n\t\t<\/div>\n\t\t\t\t\t<\/div>\n\t\t<\/section>\n\t\t\t\t<section class=\"elementor-section elementor-top-section elementor-element elementor-element-4dd6685 elementor-section-boxed elementor-section-height-default elementor-section-height-default\" data-id=\"4dd6685\" data-element_type=\"section\" data-e-type=\"section\">\n\t\t\t\t\t\t<div class=\"elementor-container elementor-column-gap-default\">\n\t\t\t\t\t<div class=\"elementor-column elementor-col-50 elementor-top-column elementor-element elementor-element-a6b56b4\" data-id=\"a6b56b4\" data-element_type=\"column\" data-e-type=\"column\">\n\t\t\t<div class=\"elementor-widget-wrap elementor-element-populated\">\n\t\t\t\t\t\t<div class=\"elementor-element elementor-element-d32499a elementor-widget elementor-widget-image\" data-id=\"d32499a\" data-element_type=\"widget\" data-e-type=\"widget\" data-widget_type=\"image.default\">\n\t\t\t\t<div class=\"elementor-widget-container\">\n\t\t\t\t\t\t\t\t\t\t\t\t\t\t\t<img decoding=\"async\" width=\"472\" height=\"472\" src=\"https:\/\/teslafm.net\/wp-content\/uploads\/2023\/05\/Alameda.jpg\" class=\"attachment-large size-large wp-image-62568\" alt=\"\" srcset=\"https:\/\/teslafm.net\/wp-content\/uploads\/2023\/05\/Alameda.jpg 472w, https:\/\/teslafm.net\/wp-content\/uploads\/2023\/05\/Alameda-300x300.jpg 300w, https:\/\/teslafm.net\/wp-content\/uploads\/2023\/05\/Alameda-150x150.jpg 150w, https:\/\/teslafm.net\/wp-content\/uploads\/2023\/05\/Alameda-12x12.jpg 12w\" sizes=\"(max-width: 472px) 100vw, 472px\" \/>\t\t\t\t\t\t\t\t\t\t\t\t\t\t\t<\/div>\n\t\t\t\t<\/div>\n\t\t\t\t\t<\/div>\n\t\t<\/div>\n\t\t\t\t<div class=\"elementor-column elementor-col-50 elementor-top-column elementor-element elementor-element-b8c6434\" data-id=\"b8c6434\" data-element_type=\"column\" data-e-type=\"column\">\n\t\t\t<div class=\"elementor-widget-wrap elementor-element-populated\">\n\t\t\t\t\t\t<div class=\"elementor-element elementor-element-7ad4b40 elementor-widget elementor-widget-text-editor\" data-id=\"7ad4b40\" data-element_type=\"widget\" data-e-type=\"widget\" data-widget_type=\"text-editor.default\">\n\t\t\t\t<div class=\"elementor-widget-container\">\n\t\t\t\t\t\t\t\t\t<p><span style=\"color: #808080;\"><strong>||ALA|MEDA|||<\/strong> Polish band (formerly known as Alameda 5). It is a fusion of electronica and live music, with post-industrial, post-punk, gqom, krautrock, IDM, dub and vaporwave influences. In this unique tropical-industrial combination, avant-garde meets afro-house and other genres. In this mix, we will hear tracks and excerpts from their two albums. The first one is titled 'Eurodrome'. It was released in March 2019 by Instant Classic music label and co-created by: <strong>Jacek Buhl<\/strong> (drums, percussion), <strong>Rafa\u0142 Iwanski<\/strong> (percussion), <strong>Miko\u0142aj Zielinski<\/strong> (bass), <strong>Kuba Zio\u0142ek<\/strong> (guitar, synthesizer, fx, vocals, lyrics),<strong> \u0141ukasz J\u0119drzejczak<\/strong> (synth, fx, vocals, lyrics). The other album is titled 'Spectra' released in February 2022 by the music label Brutality Garden and co-created by <strong>Jacek Buhl<\/strong> - battery, <strong>Rafa\u0142 Iwanski<\/strong> - percussion, <strong>\u0141ukasz<\/strong> <strong>Jedrzejczak<\/strong> - electronics, <strong>Piotr Michalski<\/strong> - low and <strong>Jakub Zio\u0142ek<\/strong> - electronics.<\/span><\/p><p><span style=\"color: #808080;\"><strong>|ALA|MEDA||<\/strong> is currently formed by five musicians known from bands and projects such as: <strong>Innercity Ensemble<\/strong>,<strong> T'ien Lai<\/strong>,<strong> Hati<\/strong>,<strong> 3moonboys<\/strong>,<strong> Javva<\/strong>,<strong> Stara Rzeka<\/strong>,<strong> Jachna\/Mazurkiewicz\/Buhl<\/strong>,<strong> X:NAVI-ET<\/strong> and others.<\/span><br \/><span style=\"color: #808080;\">Links:<\/span><br \/><a href=\"https:\/\/brutalitygarden.bandcamp.com\/album\/spectra-01\" target=\"_blank\" rel=\"noopener\">https:\/\/brutalitygarden.bandcamp.com\/album\/spectra-01<\/a><br \/><a href=\"https:\/\/alamedaorganisation.bandcamp.com\/\" target=\"_blank\" rel=\"noopener\">https:\/\/alamedaorganisation.bandcamp.com\/<\/a><\/p><p><span style=\"color: #808080;\">Enjoy the mixtrack, May 2023\u2032, produced by. <strong>monikapich<\/strong><\/span><\/p>\t\t\t\t\t\t\t\t<\/div>\n\t\t\t\t<\/div>\n\t\t\t\t\t<\/div>\n\t\t<\/div>\n\t\t\t\t\t<\/div>\n\t\t<\/section>\n\t\t\t\t<\/div>","protected":false},"excerpt":{"rendered":"<p>Space Oddity Recollection #44 29 Mayo 2023 ||ALA|MEDA|| Banda polaca (antes conocida como Alameda 5). Es una fusi\u00f3n de electr\u00f3nica y m\u00fasica en directo, con influencias post-industriales, post-punk, gqom, krautrock, IDM, dub y vaporwave. En esta combinaci\u00f3n tropical-industrial \u00fanica, la vanguardia se encuentra con el afro-house y otros g\u00e9neros. En esta mezcla, escucharemos temas y [&hellip;]<\/p>\n","protected":false},"author":19,"featured_media":0,"parent":0,"menu_order":0,"comment_status":"closed","ping_status":"closed","template":"","meta":{"footnotes":""},"class_list":["post-62555","page","type-page","status-publish","hentry"],"yoast_head":"<!-- This site is optimized with the Yoast SEO plugin v27.4 - https:\/\/yoast.com\/product\/yoast-seo-wordpress\/ -->\n<title>Space Oddity Recollection #44 -<\/title>\n<meta name=\"robots\" content=\"index, follow, max-snippet:-1, max-image-preview:large, max-video-preview:-1\" \/>\n<link rel=\"canonical\" href=\"https:\/\/teslafm.net\/en\/space-oddity-recollection-44\/\" \/>\n<meta property=\"og:locale\" content=\"en_US\" \/>\n<meta property=\"og:type\" content=\"article\" \/>\n<meta property=\"og:title\" content=\"Space Oddity Recollection #44 -\" \/>\n<meta property=\"og:description\" content=\"Space Oddity Recollection #44 29 Mayo 2023 ||ALA|MEDA|| Banda polaca (antes conocida como Alameda 5). Es una fusi\u00f3n de electr\u00f3nica y m\u00fasica en directo, con influencias post-industriales, post-punk, gqom, krautrock, IDM, dub y vaporwave. En esta combinaci\u00f3n tropical-industrial \u00fanica, la vanguardia se encuentra con el afro-house y otros g\u00e9neros. En esta mezcla, escucharemos temas y [&hellip;]\" \/>\n<meta property=\"og:url\" content=\"https:\/\/teslafm.net\/en\/space-oddity-recollection-44\/\" \/>\n<meta property=\"article:publisher\" content=\"https:\/\/www.facebook.com\/teslafm.net\" \/>\n<meta property=\"article:modified_time\" content=\"2024-04-12T10:50:48+00:00\" \/>\n<meta property=\"og:image\" content=\"http:\/\/teslafm.net\/wp-content\/uploads\/2023\/05\/sor-44.png\" \/>\n<meta name=\"twitter:card\" content=\"summary_large_image\" \/>\n<meta name=\"twitter:site\" content=\"@teslafm\" \/>\n<meta name=\"twitter:label1\" content=\"Est. reading time\" \/>\n\t<meta name=\"twitter:data1\" content=\"2 minutes\" \/>\n<script type=\"application\/ld+json\" class=\"yoast-schema-graph\">{\"@context\":\"https:\\\/\\\/schema.org\",\"@graph\":[{\"@type\":\"WebPage\",\"@id\":\"https:\\\/\\\/teslafm.net\\\/space-oddity-recollection-44\\\/\",\"url\":\"https:\\\/\\\/teslafm.net\\\/space-oddity-recollection-44\\\/\",\"name\":\"Space Oddity Recollection #44 -\",\"isPartOf\":{\"@id\":\"https:\\\/\\\/teslafm.net\\\/#website\"},\"primaryImageOfPage\":{\"@id\":\"https:\\\/\\\/teslafm.net\\\/space-oddity-recollection-44\\\/#primaryimage\"},\"image\":{\"@id\":\"https:\\\/\\\/teslafm.net\\\/space-oddity-recollection-44\\\/#primaryimage\"},\"thumbnailUrl\":\"http:\\\/\\\/teslafm.net\\\/wp-content\\\/uploads\\\/2023\\\/05\\\/sor-44.png\",\"datePublished\":\"2023-05-30T14:24:10+00:00\",\"dateModified\":\"2024-04-12T10:50:48+00:00\",\"breadcrumb\":{\"@id\":\"https:\\\/\\\/teslafm.net\\\/space-oddity-recollection-44\\\/#breadcrumb\"},\"inLanguage\":\"en-US\",\"potentialAction\":[{\"@type\":\"ReadAction\",\"target\":[\"https:\\\/\\\/teslafm.net\\\/space-oddity-recollection-44\\\/\"]}]},{\"@type\":\"ImageObject\",\"inLanguage\":\"en-US\",\"@id\":\"https:\\\/\\\/teslafm.net\\\/space-oddity-recollection-44\\\/#primaryimage\",\"url\":\"http:\\\/\\\/teslafm.net\\\/wp-content\\\/uploads\\\/2023\\\/05\\\/sor-44.png\",\"contentUrl\":\"http:\\\/\\\/teslafm.net\\\/wp-content\\\/uploads\\\/2023\\\/05\\\/sor-44.png\"},{\"@type\":\"BreadcrumbList\",\"@id\":\"https:\\\/\\\/teslafm.net\\\/space-oddity-recollection-44\\\/#breadcrumb\",\"itemListElement\":[{\"@type\":\"ListItem\",\"position\":1,\"name\":\"Portada\",\"item\":\"https:\\\/\\\/teslafm.net\\\/\"},{\"@type\":\"ListItem\",\"position\":2,\"name\":\"Space Oddity Recollection #44\"}]},{\"@type\":\"WebSite\",\"@id\":\"https:\\\/\\\/teslafm.net\\\/#website\",\"url\":\"https:\\\/\\\/teslafm.net\\\/\",\"name\":\"TeslaFM\",\"description\":\"An experimental and creative radio\",\"publisher\":{\"@id\":\"https:\\\/\\\/teslafm.net\\\/#organization\"},\"potentialAction\":[{\"@type\":\"SearchAction\",\"target\":{\"@type\":\"EntryPoint\",\"urlTemplate\":\"https:\\\/\\\/teslafm.net\\\/?s={search_term_string}\"},\"query-input\":{\"@type\":\"PropertyValueSpecification\",\"valueRequired\":true,\"valueName\":\"search_term_string\"}}],\"inLanguage\":\"en-US\"},{\"@type\":\"Organization\",\"@id\":\"https:\\\/\\\/teslafm.net\\\/#organization\",\"name\":\"TeslaFM\",\"url\":\"https:\\\/\\\/teslafm.net\\\/\",\"logo\":{\"@type\":\"ImageObject\",\"inLanguage\":\"en-US\",\"@id\":\"https:\\\/\\\/teslafm.net\\\/#\\\/schema\\\/logo\\\/image\\\/\",\"url\":\"https:\\\/\\\/teslafm.net\\\/wp-content\\\/uploads\\\/2020\\\/06\\\/logo-tesla.png\",\"contentUrl\":\"https:\\\/\\\/teslafm.net\\\/wp-content\\\/uploads\\\/2020\\\/06\\\/logo-tesla.png\",\"width\":512,\"height\":512,\"caption\":\"TeslaFM\"},\"image\":{\"@id\":\"https:\\\/\\\/teslafm.net\\\/#\\\/schema\\\/logo\\\/image\\\/\"},\"sameAs\":[\"https:\\\/\\\/www.facebook.com\\\/teslafm.net\",\"https:\\\/\\\/x.com\\\/teslafm\"]}]}<\/script>\n<!-- \/ Yoast SEO plugin. -->","yoast_head_json":{"title":"Space Oddity Recollection #44 -","robots":{"index":"index","follow":"follow","max-snippet":"max-snippet:-1","max-image-preview":"max-image-preview:large","max-video-preview":"max-video-preview:-1"},"canonical":"https:\/\/teslafm.net\/en\/space-oddity-recollection-44\/","og_locale":"en_US","og_type":"article","og_title":"Space Oddity Recollection #44 -","og_description":"Space Oddity Recollection #44 29 Mayo 2023 ||ALA|MEDA|| Banda polaca (antes conocida como Alameda 5). Es una fusi\u00f3n de electr\u00f3nica y m\u00fasica en directo, con influencias post-industriales, post-punk, gqom, krautrock, IDM, dub y vaporwave. En esta combinaci\u00f3n tropical-industrial \u00fanica, la vanguardia se encuentra con el afro-house y otros g\u00e9neros. En esta mezcla, escucharemos temas y [&hellip;]","og_url":"https:\/\/teslafm.net\/en\/space-oddity-recollection-44\/","article_publisher":"https:\/\/www.facebook.com\/teslafm.net","article_modified_time":"2024-04-12T10:50:48+00:00","og_image":[{"url":"http:\/\/teslafm.net\/wp-content\/uploads\/2023\/05\/sor-44.png","type":"","width":"","height":""}],"twitter_card":"summary_large_image","twitter_site":"@teslafm","twitter_misc":{"Est. reading time":"2 minutes"},"schema":{"@context":"https:\/\/schema.org","@graph":[{"@type":"WebPage","@id":"https:\/\/teslafm.net\/space-oddity-recollection-44\/","url":"https:\/\/teslafm.net\/space-oddity-recollection-44\/","name":"Space Oddity Recollection #44 -","isPartOf":{"@id":"https:\/\/teslafm.net\/#website"},"primaryImageOfPage":{"@id":"https:\/\/teslafm.net\/space-oddity-recollection-44\/#primaryimage"},"image":{"@id":"https:\/\/teslafm.net\/space-oddity-recollection-44\/#primaryimage"},"thumbnailUrl":"http:\/\/teslafm.net\/wp-content\/uploads\/2023\/05\/sor-44.png","datePublished":"2023-05-30T14:24:10+00:00","dateModified":"2024-04-12T10:50:48+00:00","breadcrumb":{"@id":"https:\/\/teslafm.net\/space-oddity-recollection-44\/#breadcrumb"},"inLanguage":"en-US","potentialAction":[{"@type":"ReadAction","target":["https:\/\/teslafm.net\/space-oddity-recollection-44\/"]}]},{"@type":"ImageObject","inLanguage":"en-US","@id":"https:\/\/teslafm.net\/space-oddity-recollection-44\/#primaryimage","url":"http:\/\/teslafm.net\/wp-content\/uploads\/2023\/05\/sor-44.png","contentUrl":"http:\/\/teslafm.net\/wp-content\/uploads\/2023\/05\/sor-44.png"},{"@type":"BreadcrumbList","@id":"https:\/\/teslafm.net\/space-oddity-recollection-44\/#breadcrumb","itemListElement":[{"@type":"ListItem","position":1,"name":"Portada","item":"https:\/\/teslafm.net\/"},{"@type":"ListItem","position":2,"name":"Space Oddity Recollection #44"}]},{"@type":"WebSite","@id":"https:\/\/teslafm.net\/#website","url":"https:\/\/teslafm.net\/","name":"TeslaFM","description":"An experimental and creative radio","publisher":{"@id":"https:\/\/teslafm.net\/#organization"},"potentialAction":[{"@type":"SearchAction","target":{"@type":"EntryPoint","urlTemplate":"https:\/\/teslafm.net\/?s={search_term_string}"},"query-input":{"@type":"PropertyValueSpecification","valueRequired":true,"valueName":"search_term_string"}}],"inLanguage":"en-US"},{"@type":"Organization","@id":"https:\/\/teslafm.net\/#organization","name":"TeslaFM","url":"https:\/\/teslafm.net\/","logo":{"@type":"ImageObject","inLanguage":"en-US","@id":"https:\/\/teslafm.net\/#\/schema\/logo\/image\/","url":"https:\/\/teslafm.net\/wp-content\/uploads\/2020\/06\/logo-tesla.png","contentUrl":"https:\/\/teslafm.net\/wp-content\/uploads\/2020\/06\/logo-tesla.png","width":512,"height":512,"caption":"TeslaFM"},"image":{"@id":"https:\/\/teslafm.net\/#\/schema\/logo\/image\/"},"sameAs":["https:\/\/www.facebook.com\/teslafm.net","https:\/\/x.com\/teslafm"]}]}},"rttpg_featured_image_url":null,"rttpg_author":{"display_name":"Ishak","author_link":"https:\/\/teslafm.net\/en\/author\/cravan\/"},"rttpg_comment":0,"rttpg_category":null,"rttpg_excerpt":"Space Oddity Recollection #44 29 Mayo 2023 ||ALA|MEDA|| Banda polaca (antes conocida como Alameda 5). Es una fusi\u00f3n de electr\u00f3nica y m\u00fasica en directo, con influencias post-industriales, post-punk, gqom, krautrock, IDM, dub y vaporwave. En esta combinaci\u00f3n tropical-industrial \u00fanica, la vanguardia se encuentra con el afro-house y otros g\u00e9neros. En esta mezcla, escucharemos temas y&hellip;","_links":{"self":[{"href":"https:\/\/teslafm.net\/en\/wp-json\/wp\/v2\/pages\/62555","targetHints":{"allow":["GET"]}}],"collection":[{"href":"https:\/\/teslafm.net\/en\/wp-json\/wp\/v2\/pages"}],"about":[{"href":"https:\/\/teslafm.net\/en\/wp-json\/wp\/v2\/types\/page"}],"author":[{"embeddable":true,"href":"https:\/\/teslafm.net\/en\/wp-json\/wp\/v2\/users\/19"}],"replies":[{"embeddable":true,"href":"https:\/\/teslafm.net\/en\/wp-json\/wp\/v2\/comments?post=62555"}],"version-history":[{"count":24,"href":"https:\/\/teslafm.net\/en\/wp-json\/wp\/v2\/pages\/62555\/revisions"}],"predecessor-version":[{"id":64153,"href":"https:\/\/teslafm.net\/en\/wp-json\/wp\/v2\/pages\/62555\/revisions\/64153"}],"wp:attachment":[{"href":"https:\/\/teslafm.net\/en\/wp-json\/wp\/v2\/media?parent=62555"}],"curies":[{"name":"wp","href":"https:\/\/api.w.org\/{rel}","templated":true}]}}