

{"id":62628,"date":"2023-06-02T19:55:14","date_gmt":"2023-06-02T17:55:14","guid":{"rendered":"https:\/\/teslafm.net\/?page_id=62628"},"modified":"2023-06-30T23:44:13","modified_gmt":"2023-06-30T21:44:13","slug":"deltagrama-15","status":"publish","type":"page","link":"https:\/\/teslafm.net\/en\/deltagrama-15\/","title":{"rendered":"Deltagram #15"},"content":{"rendered":"<div data-elementor-type=\"wp-page\" data-elementor-id=\"62628\" class=\"elementor elementor-62628\">\n\t\t\t\t\t\t<section class=\"elementor-section elementor-top-section elementor-element elementor-element-22eff64f elementor-section-boxed elementor-section-height-default elementor-section-height-default\" data-id=\"22eff64f\" data-element_type=\"section\" data-e-type=\"section\">\n\t\t\t\t\t\t<div class=\"elementor-container elementor-column-gap-default\">\n\t\t\t\t\t<div class=\"elementor-column elementor-col-100 elementor-top-column elementor-element elementor-element-6c84395c\" data-id=\"6c84395c\" data-element_type=\"column\" data-e-type=\"column\">\n\t\t\t<div class=\"elementor-widget-wrap elementor-element-populated\">\n\t\t\t\t\t\t<div class=\"elementor-element elementor-element-492dde20 elementor-widget elementor-widget-text-editor\" data-id=\"492dde20\" data-element_type=\"widget\" data-e-type=\"widget\" data-widget_type=\"text-editor.default\">\n\t\t\t\t<div class=\"elementor-widget-container\">\n\t\t\t\t\t\t\t\t\t<h2><span style=\"color: #ffffff;\"><strong>Deltagram #15<\/strong><\/span><\/h2><p><span style=\"color: #808080;\"><em>June 1, 2023<\/em><\/span><\/p><p><iframe src=\"https:\/\/www.mixcloud.com\/widget\/iframe\/?hide_cover=1&amp;feed=%2FTeslafm_net%2Fdeltagrama-15-soul-twin%2F\" width=\"100%\" height=\"120\" frameborder=\"0\"><\/iframe><\/p>\t\t\t\t\t\t\t\t<\/div>\n\t\t\t\t<\/div>\n\t\t\t\t\t<\/div>\n\t\t<\/div>\n\t\t\t\t\t<\/div>\n\t\t<\/section>\n\t\t\t\t<section class=\"elementor-section elementor-top-section elementor-element elementor-element-4459069 elementor-section-boxed elementor-section-height-default elementor-section-height-default\" data-id=\"4459069\" data-element_type=\"section\" data-e-type=\"section\">\n\t\t\t\t\t\t<div class=\"elementor-container elementor-column-gap-default\">\n\t\t\t\t\t<div class=\"elementor-column elementor-col-50 elementor-top-column elementor-element elementor-element-e7c91fc\" data-id=\"e7c91fc\" data-element_type=\"column\" data-e-type=\"column\">\n\t\t\t<div class=\"elementor-widget-wrap elementor-element-populated\">\n\t\t\t\t\t\t<div class=\"elementor-element elementor-element-479b0ca elementor-widget elementor-widget-image\" data-id=\"479b0ca\" data-element_type=\"widget\" data-e-type=\"widget\" data-widget_type=\"image.default\">\n\t\t\t\t<div class=\"elementor-widget-container\">\n\t\t\t\t\t\t\t\t\t\t\t\t\t\t\t<img fetchpriority=\"high\" decoding=\"async\" width=\"1024\" height=\"1024\" src=\"https:\/\/teslafm.net\/wp-content\/uploads\/2023\/06\/DELTAGRAMA2-1024x1024.jpg\" class=\"attachment-large size-large wp-image-62633\" alt=\"\" srcset=\"https:\/\/teslafm.net\/wp-content\/uploads\/2023\/06\/DELTAGRAMA2-1024x1024.jpg 1024w, https:\/\/teslafm.net\/wp-content\/uploads\/2023\/06\/DELTAGRAMA2-300x300.jpg 300w, https:\/\/teslafm.net\/wp-content\/uploads\/2023\/06\/DELTAGRAMA2-150x150.jpg 150w, https:\/\/teslafm.net\/wp-content\/uploads\/2023\/06\/DELTAGRAMA2-768x768.jpg 768w, https:\/\/teslafm.net\/wp-content\/uploads\/2023\/06\/DELTAGRAMA2-12x12.jpg 12w, https:\/\/teslafm.net\/wp-content\/uploads\/2023\/06\/DELTAGRAMA2.jpg 1080w\" sizes=\"(max-width: 1024px) 100vw, 1024px\" \/>\t\t\t\t\t\t\t\t\t\t\t\t\t\t\t<\/div>\n\t\t\t\t<\/div>\n\t\t\t\t\t<\/div>\n\t\t<\/div>\n\t\t\t\t<div class=\"elementor-column elementor-col-50 elementor-top-column elementor-element elementor-element-de5b64a\" data-id=\"de5b64a\" data-element_type=\"column\" data-e-type=\"column\">\n\t\t\t<div class=\"elementor-widget-wrap elementor-element-populated\">\n\t\t\t\t\t\t<div class=\"elementor-element elementor-element-0fd1582 elementor-widget elementor-widget-text-editor\" data-id=\"0fd1582\" data-element_type=\"widget\" data-e-type=\"widget\" data-widget_type=\"text-editor.default\">\n\t\t\t\t<div class=\"elementor-widget-container\">\n\t\t\t\t\t\t\t\t\t<p><span style=\"color: #808080;\">On this occasion, we present a musical selection by <strong>Sergi Idiarte<\/strong>musician from Amposta (TGN), a member of <strong>Soul Twin<\/strong> and <strong>Mind Product Records<\/strong>. It is a mix of vinyl and digital music that today inspire the artist in his creative process, through styles such as IDM, break, techno, electro or ambient.<\/span><\/p><p><span style=\"color: #808080;\">01. <strong>Jonquera<\/strong> - Hell Reggaeton<\/span><br \/><span style=\"color: #808080;\">02. <strong>Eli Keszler<\/strong> (<strong>Kode9<\/strong> Remix) - Static Doesn't Exist<\/span><br \/><span style=\"color: #808080;\">03. <strong>Balfa<\/strong> - Self-introduction<\/span><br \/><span style=\"color: #808080;\">04. <strong>Pruvan<\/strong> - Beastwoman<\/span><br \/><span style=\"color: #808080;\">05. <strong>Anom Vitruv<\/strong> - B3<\/span><br \/><span style=\"color: #808080;\">06. <strong>Masha Motive<\/strong> - Artificial Fruit<\/span><br \/><span style=\"color: #808080;\">07. <strong>Stenny<\/strong> - Dew<\/span><br \/><span style=\"color: #808080;\">08. <strong>sansibar<\/strong> - Meri<\/span><br \/><span style=\"color: #808080;\">09. <strong>Diasiva<\/strong> - Debris<\/span><br \/><span style=\"color: #808080;\">10. <strong>zaliva-D<\/strong> - Human Addict<\/span><br \/><span style=\"color: #808080;\">11. <strong>Balfa<\/strong> (<strong>Oscar Mulero<\/strong> Remix) - Auto-introduction<\/span><br \/><span style=\"color: #808080;\">12. <strong>WK7<\/strong> (<strong>Triple H<\/strong> Remix) - Rhythm 2<\/span><\/p>\t\t\t\t\t\t\t\t<\/div>\n\t\t\t\t<\/div>\n\t\t\t\t\t<\/div>\n\t\t<\/div>\n\t\t\t\t\t<\/div>\n\t\t<\/section>\n\t\t\t\t<\/div>","protected":false},"excerpt":{"rendered":"<p>Deltagrama #15 1 Junio 2023 En esta ocasi\u00f3n presentamos una selecci\u00f3n musical a cargo de Sergi Idiarte, m\u00fasico de Amposta (TGN) componente de Soul Twin y Mind Product Records. Se trata de un mix de vinilos y m\u00fasica digital que a d\u00eda de hoy inspiran al artista en su proceso de creaci\u00f3n, pasando por estilos [&hellip;]<\/p>\n","protected":false},"author":19,"featured_media":0,"parent":0,"menu_order":0,"comment_status":"closed","ping_status":"closed","template":"","meta":{"footnotes":""},"class_list":["post-62628","page","type-page","status-publish","hentry"],"yoast_head":"<!-- This site is optimized with the Yoast SEO plugin v27.2 - https:\/\/yoast.com\/product\/yoast-seo-wordpress\/ -->\n<title>Deltagrama #15 -<\/title>\n<meta name=\"robots\" content=\"index, follow, max-snippet:-1, max-image-preview:large, max-video-preview:-1\" \/>\n<link rel=\"canonical\" href=\"https:\/\/teslafm.net\/en\/deltagrama-15\/\" \/>\n<meta property=\"og:locale\" content=\"en_US\" \/>\n<meta property=\"og:type\" content=\"article\" \/>\n<meta property=\"og:title\" content=\"Deltagrama #15 -\" \/>\n<meta property=\"og:description\" content=\"Deltagrama #15 1 Junio 2023 En esta ocasi\u00f3n presentamos una selecci\u00f3n musical a cargo de Sergi Idiarte, m\u00fasico de Amposta (TGN) componente de Soul Twin y Mind Product Records. Se trata de un mix de vinilos y m\u00fasica digital que a d\u00eda de hoy inspiran al artista en su proceso de creaci\u00f3n, pasando por estilos [&hellip;]\" \/>\n<meta property=\"og:url\" content=\"https:\/\/teslafm.net\/en\/deltagrama-15\/\" \/>\n<meta property=\"article:publisher\" content=\"https:\/\/www.facebook.com\/teslafm.net\" \/>\n<meta property=\"article:modified_time\" content=\"2023-06-30T21:44:13+00:00\" \/>\n<meta property=\"og:image\" content=\"http:\/\/teslafm.net\/wp-content\/uploads\/2023\/06\/DELTAGRAMA2-1024x1024.jpg\" \/>\n<meta name=\"twitter:card\" content=\"summary_large_image\" \/>\n<meta name=\"twitter:site\" content=\"@teslafm\" \/>\n<meta name=\"twitter:label1\" content=\"Est. reading time\" \/>\n\t<meta name=\"twitter:data1\" content=\"1 minute\" \/>\n<script type=\"application\/ld+json\" class=\"yoast-schema-graph\">{\"@context\":\"https:\/\/schema.org\",\"@graph\":[{\"@type\":\"WebPage\",\"@id\":\"https:\/\/teslafm.net\/deltagrama-15\/\",\"url\":\"https:\/\/teslafm.net\/deltagrama-15\/\",\"name\":\"Deltagrama #15 -\",\"isPartOf\":{\"@id\":\"https:\/\/teslafm.net\/#website\"},\"primaryImageOfPage\":{\"@id\":\"https:\/\/teslafm.net\/deltagrama-15\/#primaryimage\"},\"image\":{\"@id\":\"https:\/\/teslafm.net\/deltagrama-15\/#primaryimage\"},\"thumbnailUrl\":\"http:\/\/teslafm.net\/wp-content\/uploads\/2023\/06\/DELTAGRAMA2-1024x1024.jpg\",\"datePublished\":\"2023-06-02T17:55:14+00:00\",\"dateModified\":\"2023-06-30T21:44:13+00:00\",\"breadcrumb\":{\"@id\":\"https:\/\/teslafm.net\/deltagrama-15\/#breadcrumb\"},\"inLanguage\":\"en-US\",\"potentialAction\":[{\"@type\":\"ReadAction\",\"target\":[\"https:\/\/teslafm.net\/deltagrama-15\/\"]}]},{\"@type\":\"ImageObject\",\"inLanguage\":\"en-US\",\"@id\":\"https:\/\/teslafm.net\/deltagrama-15\/#primaryimage\",\"url\":\"http:\/\/teslafm.net\/wp-content\/uploads\/2023\/06\/DELTAGRAMA2-1024x1024.jpg\",\"contentUrl\":\"http:\/\/teslafm.net\/wp-content\/uploads\/2023\/06\/DELTAGRAMA2-1024x1024.jpg\"},{\"@type\":\"BreadcrumbList\",\"@id\":\"https:\/\/teslafm.net\/deltagrama-15\/#breadcrumb\",\"itemListElement\":[{\"@type\":\"ListItem\",\"position\":1,\"name\":\"Portada\",\"item\":\"https:\/\/teslafm.net\/\"},{\"@type\":\"ListItem\",\"position\":2,\"name\":\"Deltagrama #15\"}]},{\"@type\":\"WebSite\",\"@id\":\"https:\/\/teslafm.net\/#website\",\"url\":\"https:\/\/teslafm.net\/\",\"name\":\"TeslaFM\",\"description\":\"An experimental and creative radio\",\"publisher\":{\"@id\":\"https:\/\/teslafm.net\/#organization\"},\"potentialAction\":[{\"@type\":\"SearchAction\",\"target\":{\"@type\":\"EntryPoint\",\"urlTemplate\":\"https:\/\/teslafm.net\/?s={search_term_string}\"},\"query-input\":{\"@type\":\"PropertyValueSpecification\",\"valueRequired\":true,\"valueName\":\"search_term_string\"}}],\"inLanguage\":\"en-US\"},{\"@type\":\"Organization\",\"@id\":\"https:\/\/teslafm.net\/#organization\",\"name\":\"TeslaFM\",\"url\":\"https:\/\/teslafm.net\/\",\"logo\":{\"@type\":\"ImageObject\",\"inLanguage\":\"en-US\",\"@id\":\"https:\/\/teslafm.net\/#\/schema\/logo\/image\/\",\"url\":\"https:\/\/teslafm.net\/wp-content\/uploads\/2020\/06\/logo-tesla.png\",\"contentUrl\":\"https:\/\/teslafm.net\/wp-content\/uploads\/2020\/06\/logo-tesla.png\",\"width\":512,\"height\":512,\"caption\":\"TeslaFM\"},\"image\":{\"@id\":\"https:\/\/teslafm.net\/#\/schema\/logo\/image\/\"},\"sameAs\":[\"https:\/\/www.facebook.com\/teslafm.net\",\"https:\/\/x.com\/teslafm\"]}]}<\/script>\n<!-- \/ Yoast SEO plugin. -->","yoast_head_json":{"title":"Deltagram #15 -","robots":{"index":"index","follow":"follow","max-snippet":"max-snippet:-1","max-image-preview":"max-image-preview:large","max-video-preview":"max-video-preview:-1"},"canonical":"https:\/\/teslafm.net\/en\/deltagrama-15\/","og_locale":"en_US","og_type":"article","og_title":"Deltagrama #15 -","og_description":"Deltagrama #15 1 Junio 2023 En esta ocasi\u00f3n presentamos una selecci\u00f3n musical a cargo de Sergi Idiarte, m\u00fasico de Amposta (TGN) componente de Soul Twin y Mind Product Records. Se trata de un mix de vinilos y m\u00fasica digital que a d\u00eda de hoy inspiran al artista en su proceso de creaci\u00f3n, pasando por estilos [&hellip;]","og_url":"https:\/\/teslafm.net\/en\/deltagrama-15\/","article_publisher":"https:\/\/www.facebook.com\/teslafm.net","article_modified_time":"2023-06-30T21:44:13+00:00","og_image":[{"url":"http:\/\/teslafm.net\/wp-content\/uploads\/2023\/06\/DELTAGRAMA2-1024x1024.jpg","type":"","width":"","height":""}],"twitter_card":"summary_large_image","twitter_site":"@teslafm","twitter_misc":{"Est. reading time":"1 minute"},"schema":{"@context":"https:\/\/schema.org","@graph":[{"@type":"WebPage","@id":"https:\/\/teslafm.net\/deltagrama-15\/","url":"https:\/\/teslafm.net\/deltagrama-15\/","name":"Deltagram #15 -","isPartOf":{"@id":"https:\/\/teslafm.net\/#website"},"primaryImageOfPage":{"@id":"https:\/\/teslafm.net\/deltagrama-15\/#primaryimage"},"image":{"@id":"https:\/\/teslafm.net\/deltagrama-15\/#primaryimage"},"thumbnailUrl":"http:\/\/teslafm.net\/wp-content\/uploads\/2023\/06\/DELTAGRAMA2-1024x1024.jpg","datePublished":"2023-06-02T17:55:14+00:00","dateModified":"2023-06-30T21:44:13+00:00","breadcrumb":{"@id":"https:\/\/teslafm.net\/deltagrama-15\/#breadcrumb"},"inLanguage":"en-US","potentialAction":[{"@type":"ReadAction","target":["https:\/\/teslafm.net\/deltagrama-15\/"]}]},{"@type":"ImageObject","inLanguage":"en-US","@id":"https:\/\/teslafm.net\/deltagrama-15\/#primaryimage","url":"http:\/\/teslafm.net\/wp-content\/uploads\/2023\/06\/DELTAGRAMA2-1024x1024.jpg","contentUrl":"http:\/\/teslafm.net\/wp-content\/uploads\/2023\/06\/DELTAGRAMA2-1024x1024.jpg"},{"@type":"BreadcrumbList","@id":"https:\/\/teslafm.net\/deltagrama-15\/#breadcrumb","itemListElement":[{"@type":"ListItem","position":1,"name":"Portada","item":"https:\/\/teslafm.net\/"},{"@type":"ListItem","position":2,"name":"Deltagrama #15"}]},{"@type":"WebSite","@id":"https:\/\/teslafm.net\/#website","url":"https:\/\/teslafm.net\/","name":"TeslaFM","description":"An experimental and creative radio","publisher":{"@id":"https:\/\/teslafm.net\/#organization"},"potentialAction":[{"@type":"SearchAction","target":{"@type":"EntryPoint","urlTemplate":"https:\/\/teslafm.net\/?s={search_term_string}"},"query-input":{"@type":"PropertyValueSpecification","valueRequired":true,"valueName":"search_term_string"}}],"inLanguage":"en-US"},{"@type":"Organization","@id":"https:\/\/teslafm.net\/#organization","name":"TeslaFM","url":"https:\/\/teslafm.net\/","logo":{"@type":"ImageObject","inLanguage":"en-US","@id":"https:\/\/teslafm.net\/#\/schema\/logo\/image\/","url":"https:\/\/teslafm.net\/wp-content\/uploads\/2020\/06\/logo-tesla.png","contentUrl":"https:\/\/teslafm.net\/wp-content\/uploads\/2020\/06\/logo-tesla.png","width":512,"height":512,"caption":"TeslaFM"},"image":{"@id":"https:\/\/teslafm.net\/#\/schema\/logo\/image\/"},"sameAs":["https:\/\/www.facebook.com\/teslafm.net","https:\/\/x.com\/teslafm"]}]}},"rttpg_featured_image_url":null,"rttpg_author":{"display_name":"Ishak","author_link":"https:\/\/teslafm.net\/en\/author\/cravan\/"},"rttpg_comment":0,"rttpg_category":null,"rttpg_excerpt":"Deltagrama #15 1 Junio 2023 En esta ocasi\u00f3n presentamos una selecci\u00f3n musical a cargo de Sergi Idiarte, m\u00fasico de Amposta (TGN) componente de Soul Twin y Mind Product Records. Se trata de un mix de vinilos y m\u00fasica digital que a d\u00eda de hoy inspiran al artista en su proceso de creaci\u00f3n, pasando por estilos&hellip;","_links":{"self":[{"href":"https:\/\/teslafm.net\/en\/wp-json\/wp\/v2\/pages\/62628","targetHints":{"allow":["GET"]}}],"collection":[{"href":"https:\/\/teslafm.net\/en\/wp-json\/wp\/v2\/pages"}],"about":[{"href":"https:\/\/teslafm.net\/en\/wp-json\/wp\/v2\/types\/page"}],"author":[{"embeddable":true,"href":"https:\/\/teslafm.net\/en\/wp-json\/wp\/v2\/users\/19"}],"replies":[{"embeddable":true,"href":"https:\/\/teslafm.net\/en\/wp-json\/wp\/v2\/comments?post=62628"}],"version-history":[{"count":8,"href":"https:\/\/teslafm.net\/en\/wp-json\/wp\/v2\/pages\/62628\/revisions"}],"predecessor-version":[{"id":62897,"href":"https:\/\/teslafm.net\/en\/wp-json\/wp\/v2\/pages\/62628\/revisions\/62897"}],"wp:attachment":[{"href":"https:\/\/teslafm.net\/en\/wp-json\/wp\/v2\/media?parent=62628"}],"curies":[{"name":"wp","href":"https:\/\/api.w.org\/{rel}","templated":true}]}}