

{"id":62705,"date":"2023-06-09T16:36:03","date_gmt":"2023-06-09T14:36:03","guid":{"rendered":"https:\/\/teslafm.net\/?page_id=62705"},"modified":"2023-06-09T16:36:03","modified_gmt":"2023-06-09T14:36:03","slug":"esquizofonias-o-la-palpitacion-del-siglo-9","status":"publish","type":"page","link":"https:\/\/teslafm.net\/en\/esquizofonias-o-la-palpitacion-del-siglo-9\/","title":{"rendered":"Schizophonies or the palpitation of the century #9"},"content":{"rendered":"<h2><span style=\"color: #ffffff;\"><strong>Esquizofon\u00edas o la palpitaci\u00f3n del siglo #9<\/strong><\/span><\/h2>\n<p><span style=\"color: #808080;\"><em>June 2023<\/em><\/span><\/p>\n<p><iframe src=\"https:\/\/www.mixcloud.com\/widget\/iframe\/?hide_cover=1&amp;feed=%2FTeslafm_net%2Fesquizofon%C3%ADas-o-la-palpitaci%C3%B3n-del-siglo-9-zozobra%2F\" width=\"100%\" height=\"120\" frameborder=\"0\"><\/iframe><\/p>\n<p><span style=\"color: #808080;\"><em>Passage 9<\/em><\/span><\/p>\n<p><span style=\"color: #808080;\">01.<\/span> <a href=\"https:\/\/www.filmin.es\/pelicula\/agenda-oculta\" target=\"_blank\" rel=\"noopener\">Hidden Agenda, <b>Ken Loach<\/b> 1990<\/a><span style=\"color: #808080;\">. Music and conversation.<\/span><br \/>\n<span style=\"color: #808080;\">02.<\/span><a href=\"https:\/\/www.filmin.es\/pelicula\/palookaville\" target=\"_blank\" rel=\"noopener\"> Palookaville, <b>Alan Taylor<\/b>, 1995.<\/a> <span style=\"color: #808080;\">Heist music.<\/span><br \/>\n<span style=\"color: #808080;\">03. <b>Bonnie Prince Billy &amp; Matt Sweeney<\/b><\/span> <a href=\"https:\/\/www.youtube.com\/watch?v=R8WJtYwXcoI&amp;t=2368s\" target=\"_blank\" rel=\"noopener\">live<\/a> and<span style=\"color: #808080;\">nterpreting Od'd in Denver by Hank Williams, Jr.<\/span><br \/>\n<span style=\"color: #808080;\">04. <b>Maruja Mallo<\/b>interview in the Rtve program A Fondo.<\/span><br \/>\n<span style=\"color: #808080;\">05. Exchange of rackets of Carlos Alcaraz and Denis Shapovalov.<\/span><br \/>\n<span style=\"color: #808080;\">06. <b>Pascal Quignard<\/b>The reader and the plant, a fragment from Peque\u00f1os Tratados on the simile between a reader and a plant; static looking for the light.<\/span><br \/>\n<span style=\"color: #808080;\">07. Flute played by the bishop of the series of<b> Ingmar Bergman<\/b><\/span> <a href=\"https:\/\/www.filmin.es\/serie\/fanny-alexander-la-serie\" target=\"_blank\" rel=\"noopener\">Fanny &amp; Alexander, 1982<\/a>.<br \/>\n<span style=\"color: #808080;\">08. <b>Bill Callahan <\/b>interpreting<\/span> <a href=\"https:\/\/www.youtube.com\/watch?v=twjdhy9N3Ig\" target=\"_blank\" rel=\"noopener\">Od'd in Denver<\/a> <span style=\"color: #808080;\">by Hank Williams, Jr.<\/span><br \/>\n<span style=\"color: #808080;\">09. Broken window of the film<b> Paolo Sorrentino<\/b>,<\/span> <a href=\"https:\/\/www.filmin.es\/pelicula\/un-lugar-donde-quedarse\" target=\"_blank\" rel=\"noopener\">A place to stay, 2011<\/a>.<br \/>\n<span style=\"color: #808080;\">10. <b>Henri Mancini, <\/b>Pink Panther Theme.<\/span><br \/>\n<span style=\"color: #808080;\">11. <\/span><a href=\"https:\/\/www.filmin.es\/pelicula\/agenda-oculta\" target=\"_blank\" rel=\"noopener\">Hidden Agenda, <b>Ken Loach<\/b> 1990<\/a><span style=\"color: #808080;\">. Conversation.<\/span><br \/>\n<span style=\"color: #808080;\">12. <b>Stanley Kubrick<\/b>,<\/span> <a href=\"https:\/\/www.filmin.es\/pelicula\/atraco-perfecto\" target=\"_blank\" rel=\"noopener\">Perfect Heist, 1956<\/a><span style=\"color: #808080;\">. Voices.<\/span><br \/>\n<span style=\"color: #808080;\">13. A few audios of<\/span><a href=\"https:\/\/zozobra.bandcamp.com\/\" target=\"_blank\" rel=\"noopener\"> Zozobra<\/a> <span style=\"color: #808080;\">including a recording of Aisha and Aleix trying to unravel the mystery of the rebel switches.<\/span><br \/>\n<span style=\"color: #808080;\">14. <b>Bill Callahan<\/b> and <b>Bonnie Prince Billy<\/b><\/span> <a href=\"https:\/\/www.youtube.com\/watch?v=Qil0RpvK3MM\" target=\"_blank\" rel=\"noopener\">performing Od'd in Dever<\/a> <span style=\"color: #808080;\">by Hank Williams, Jr.<\/span><br \/>\n<span style=\"color: #808080;\">15. Close as usual <b>Maruja Mallo.<\/b><\/span><br \/>\n<span style=\"color: #808080;\">16. The rest of audios and music by<\/span> <a href=\"https:\/\/zozobra.bandcamp.com\/\" target=\"_blank\" rel=\"noopener\">Zozobra<\/a><span style=\"color: #808080;\">. Your listening is a pleasure and you know it!<\/span><\/p>","protected":false},"excerpt":{"rendered":"<p>Esquizofon\u00edas o la palpitaci\u00f3n del siglo #9 Junio 2023 Pasaje 9 01. Agenda Oculta, Ken Loach 1990. M\u00fasica y conversaci\u00f3n. 02. Palookaville, Alan Taylor, 1995. M\u00fasica de atraco. 03. Bonnie Prince Billy &amp; Matt Sweeney en directo interpretando Od&#8217;d in Denver de\u00a0 Hank Williams, Jr. 04. Maruja Mallo, entrevista en el programa de Rtve A [&hellip;]<\/p>\n","protected":false},"author":19,"featured_media":0,"parent":0,"menu_order":0,"comment_status":"closed","ping_status":"closed","template":"","meta":{"footnotes":""},"class_list":["post-62705","page","type-page","status-publish","hentry"],"yoast_head":"<!-- This site is optimized with the Yoast SEO plugin v27.2 - https:\/\/yoast.com\/product\/yoast-seo-wordpress\/ -->\n<title>Esquizofonias o la palpitacion del siglo #9 -<\/title>\n<meta name=\"robots\" content=\"index, follow, max-snippet:-1, max-image-preview:large, max-video-preview:-1\" \/>\n<link rel=\"canonical\" href=\"https:\/\/teslafm.net\/en\/esquizofonias-o-la-palpitacion-del-siglo-9\/\" \/>\n<meta property=\"og:locale\" content=\"en_US\" \/>\n<meta property=\"og:type\" content=\"article\" \/>\n<meta property=\"og:title\" content=\"Esquizofonias o la palpitacion del siglo #9 -\" \/>\n<meta property=\"og:description\" content=\"Esquizofon\u00edas o la palpitaci\u00f3n del siglo #9 Junio 2023 Pasaje 9 01. Agenda Oculta, Ken Loach 1990. M\u00fasica y conversaci\u00f3n. 02. Palookaville, Alan Taylor, 1995. M\u00fasica de atraco. 03. Bonnie Prince Billy &amp; Matt Sweeney en directo interpretando Od&#8217;d in Denver de\u00a0 Hank Williams, Jr. 04. Maruja Mallo, entrevista en el programa de Rtve A [&hellip;]\" \/>\n<meta property=\"og:url\" content=\"https:\/\/teslafm.net\/en\/esquizofonias-o-la-palpitacion-del-siglo-9\/\" \/>\n<meta property=\"article:publisher\" content=\"https:\/\/www.facebook.com\/teslafm.net\" \/>\n<meta property=\"og:image\" content=\"https:\/\/teslafm.net\/wp-content\/uploads\/2022\/09\/header-image-4-temp.png\" \/>\n\t<meta property=\"og:image:width\" content=\"1274\" \/>\n\t<meta property=\"og:image:height\" content=\"818\" \/>\n\t<meta property=\"og:image:type\" content=\"image\/png\" \/>\n<meta name=\"twitter:card\" content=\"summary_large_image\" \/>\n<meta name=\"twitter:site\" content=\"@teslafm\" \/>\n<meta name=\"twitter:label1\" content=\"Est. reading time\" \/>\n\t<meta name=\"twitter:data1\" content=\"1 minute\" \/>\n<script type=\"application\/ld+json\" class=\"yoast-schema-graph\">{\"@context\":\"https:\/\/schema.org\",\"@graph\":[{\"@type\":\"WebPage\",\"@id\":\"https:\/\/teslafm.net\/esquizofonias-o-la-palpitacion-del-siglo-9\/\",\"url\":\"https:\/\/teslafm.net\/esquizofonias-o-la-palpitacion-del-siglo-9\/\",\"name\":\"Esquizofonias o la palpitacion del siglo #9 -\",\"isPartOf\":{\"@id\":\"https:\/\/teslafm.net\/#website\"},\"datePublished\":\"2023-06-09T14:36:03+00:00\",\"breadcrumb\":{\"@id\":\"https:\/\/teslafm.net\/esquizofonias-o-la-palpitacion-del-siglo-9\/#breadcrumb\"},\"inLanguage\":\"en-US\",\"potentialAction\":[{\"@type\":\"ReadAction\",\"target\":[\"https:\/\/teslafm.net\/esquizofonias-o-la-palpitacion-del-siglo-9\/\"]}]},{\"@type\":\"BreadcrumbList\",\"@id\":\"https:\/\/teslafm.net\/esquizofonias-o-la-palpitacion-del-siglo-9\/#breadcrumb\",\"itemListElement\":[{\"@type\":\"ListItem\",\"position\":1,\"name\":\"Portada\",\"item\":\"https:\/\/teslafm.net\/\"},{\"@type\":\"ListItem\",\"position\":2,\"name\":\"Esquizofonias o la palpitacion del siglo #9\"}]},{\"@type\":\"WebSite\",\"@id\":\"https:\/\/teslafm.net\/#website\",\"url\":\"https:\/\/teslafm.net\/\",\"name\":\"TeslaFM\",\"description\":\"An experimental and creative radio\",\"publisher\":{\"@id\":\"https:\/\/teslafm.net\/#organization\"},\"potentialAction\":[{\"@type\":\"SearchAction\",\"target\":{\"@type\":\"EntryPoint\",\"urlTemplate\":\"https:\/\/teslafm.net\/?s={search_term_string}\"},\"query-input\":{\"@type\":\"PropertyValueSpecification\",\"valueRequired\":true,\"valueName\":\"search_term_string\"}}],\"inLanguage\":\"en-US\"},{\"@type\":\"Organization\",\"@id\":\"https:\/\/teslafm.net\/#organization\",\"name\":\"TeslaFM\",\"url\":\"https:\/\/teslafm.net\/\",\"logo\":{\"@type\":\"ImageObject\",\"inLanguage\":\"en-US\",\"@id\":\"https:\/\/teslafm.net\/#\/schema\/logo\/image\/\",\"url\":\"https:\/\/teslafm.net\/wp-content\/uploads\/2020\/06\/logo-tesla.png\",\"contentUrl\":\"https:\/\/teslafm.net\/wp-content\/uploads\/2020\/06\/logo-tesla.png\",\"width\":512,\"height\":512,\"caption\":\"TeslaFM\"},\"image\":{\"@id\":\"https:\/\/teslafm.net\/#\/schema\/logo\/image\/\"},\"sameAs\":[\"https:\/\/www.facebook.com\/teslafm.net\",\"https:\/\/x.com\/teslafm\"]}]}<\/script>\n<!-- \/ Yoast SEO plugin. -->","yoast_head_json":{"title":"Esquizofonias o la palpitacion del siglo #9 -","robots":{"index":"index","follow":"follow","max-snippet":"max-snippet:-1","max-image-preview":"max-image-preview:large","max-video-preview":"max-video-preview:-1"},"canonical":"https:\/\/teslafm.net\/en\/esquizofonias-o-la-palpitacion-del-siglo-9\/","og_locale":"en_US","og_type":"article","og_title":"Esquizofonias o la palpitacion del siglo #9 -","og_description":"Esquizofon\u00edas o la palpitaci\u00f3n del siglo #9 Junio 2023 Pasaje 9 01. Agenda Oculta, Ken Loach 1990. M\u00fasica y conversaci\u00f3n. 02. Palookaville, Alan Taylor, 1995. M\u00fasica de atraco. 03. Bonnie Prince Billy &amp; Matt Sweeney en directo interpretando Od&#8217;d in Denver de\u00a0 Hank Williams, Jr. 04. Maruja Mallo, entrevista en el programa de Rtve A [&hellip;]","og_url":"https:\/\/teslafm.net\/en\/esquizofonias-o-la-palpitacion-del-siglo-9\/","article_publisher":"https:\/\/www.facebook.com\/teslafm.net","og_image":[{"width":1274,"height":818,"url":"https:\/\/teslafm.net\/wp-content\/uploads\/2022\/09\/header-image-4-temp.png","type":"image\/png"}],"twitter_card":"summary_large_image","twitter_site":"@teslafm","twitter_misc":{"Est. reading time":"1 minute"},"schema":{"@context":"https:\/\/schema.org","@graph":[{"@type":"WebPage","@id":"https:\/\/teslafm.net\/esquizofonias-o-la-palpitacion-del-siglo-9\/","url":"https:\/\/teslafm.net\/esquizofonias-o-la-palpitacion-del-siglo-9\/","name":"Esquizofonias o la palpitacion del siglo #9 -","isPartOf":{"@id":"https:\/\/teslafm.net\/#website"},"datePublished":"2023-06-09T14:36:03+00:00","breadcrumb":{"@id":"https:\/\/teslafm.net\/esquizofonias-o-la-palpitacion-del-siglo-9\/#breadcrumb"},"inLanguage":"en-US","potentialAction":[{"@type":"ReadAction","target":["https:\/\/teslafm.net\/esquizofonias-o-la-palpitacion-del-siglo-9\/"]}]},{"@type":"BreadcrumbList","@id":"https:\/\/teslafm.net\/esquizofonias-o-la-palpitacion-del-siglo-9\/#breadcrumb","itemListElement":[{"@type":"ListItem","position":1,"name":"Portada","item":"https:\/\/teslafm.net\/"},{"@type":"ListItem","position":2,"name":"Esquizofonias o la palpitacion del siglo #9"}]},{"@type":"WebSite","@id":"https:\/\/teslafm.net\/#website","url":"https:\/\/teslafm.net\/","name":"TeslaFM","description":"An experimental and creative radio","publisher":{"@id":"https:\/\/teslafm.net\/#organization"},"potentialAction":[{"@type":"SearchAction","target":{"@type":"EntryPoint","urlTemplate":"https:\/\/teslafm.net\/?s={search_term_string}"},"query-input":{"@type":"PropertyValueSpecification","valueRequired":true,"valueName":"search_term_string"}}],"inLanguage":"en-US"},{"@type":"Organization","@id":"https:\/\/teslafm.net\/#organization","name":"TeslaFM","url":"https:\/\/teslafm.net\/","logo":{"@type":"ImageObject","inLanguage":"en-US","@id":"https:\/\/teslafm.net\/#\/schema\/logo\/image\/","url":"https:\/\/teslafm.net\/wp-content\/uploads\/2020\/06\/logo-tesla.png","contentUrl":"https:\/\/teslafm.net\/wp-content\/uploads\/2020\/06\/logo-tesla.png","width":512,"height":512,"caption":"TeslaFM"},"image":{"@id":"https:\/\/teslafm.net\/#\/schema\/logo\/image\/"},"sameAs":["https:\/\/www.facebook.com\/teslafm.net","https:\/\/x.com\/teslafm"]}]}},"rttpg_featured_image_url":null,"rttpg_author":{"display_name":"Ishak","author_link":"https:\/\/teslafm.net\/en\/author\/cravan\/"},"rttpg_comment":0,"rttpg_category":null,"rttpg_excerpt":"Esquizofon\u00edas o la palpitaci\u00f3n del siglo #9 Junio 2023 Pasaje 9 01. Agenda Oculta, Ken Loach 1990. M\u00fasica y conversaci\u00f3n. 02. Palookaville, Alan Taylor, 1995. M\u00fasica de atraco. 03. Bonnie Prince Billy &amp; Matt Sweeney en directo interpretando Od&#8217;d in Denver de\u00a0 Hank Williams, Jr. 04. Maruja Mallo, entrevista en el programa de Rtve A&hellip;","_links":{"self":[{"href":"https:\/\/teslafm.net\/en\/wp-json\/wp\/v2\/pages\/62705","targetHints":{"allow":["GET"]}}],"collection":[{"href":"https:\/\/teslafm.net\/en\/wp-json\/wp\/v2\/pages"}],"about":[{"href":"https:\/\/teslafm.net\/en\/wp-json\/wp\/v2\/types\/page"}],"author":[{"embeddable":true,"href":"https:\/\/teslafm.net\/en\/wp-json\/wp\/v2\/users\/19"}],"replies":[{"embeddable":true,"href":"https:\/\/teslafm.net\/en\/wp-json\/wp\/v2\/comments?post=62705"}],"version-history":[{"count":1,"href":"https:\/\/teslafm.net\/en\/wp-json\/wp\/v2\/pages\/62705\/revisions"}],"predecessor-version":[{"id":62706,"href":"https:\/\/teslafm.net\/en\/wp-json\/wp\/v2\/pages\/62705\/revisions\/62706"}],"wp:attachment":[{"href":"https:\/\/teslafm.net\/en\/wp-json\/wp\/v2\/media?parent=62705"}],"curies":[{"name":"wp","href":"https:\/\/api.w.org\/{rel}","templated":true}]}}