

{"id":62781,"date":"2023-06-20T18:33:08","date_gmt":"2023-06-20T16:33:08","guid":{"rendered":"https:\/\/teslafm.net\/?page_id=62781"},"modified":"2023-06-20T18:40:07","modified_gmt":"2023-06-20T16:40:07","slug":"ones-de-crom-21","status":"publish","type":"page","link":"https:\/\/teslafm.net\/en\/ones-de-crom-21\/","title":{"rendered":"Ones de Crom #21"},"content":{"rendered":"<div data-elementor-type=\"wp-page\" data-elementor-id=\"62781\" class=\"elementor elementor-62781\">\n\t\t\t\t\t\t<section class=\"elementor-section elementor-top-section elementor-element elementor-element-516349bb elementor-section-boxed elementor-section-height-default elementor-section-height-default\" data-id=\"516349bb\" data-element_type=\"section\" data-e-type=\"section\">\n\t\t\t\t\t\t<div class=\"elementor-container elementor-column-gap-default\">\n\t\t\t\t\t<div class=\"elementor-column elementor-col-100 elementor-top-column elementor-element elementor-element-13d8cf1e\" data-id=\"13d8cf1e\" data-element_type=\"column\" data-e-type=\"column\">\n\t\t\t<div class=\"elementor-widget-wrap elementor-element-populated\">\n\t\t\t\t\t\t<div class=\"elementor-element elementor-element-57718fe3 elementor-widget elementor-widget-text-editor\" data-id=\"57718fe3\" data-element_type=\"widget\" data-e-type=\"widget\" data-widget_type=\"text-editor.default\">\n\t\t\t\t<div class=\"elementor-widget-container\">\n\t\t\t\t\t\t\t\t\t<h2><span style=\"color: #ffffff;\"><strong>Ones de Crom #21<\/strong><\/span><\/h2><p><span style=\"color: #808080;\"><em>Mark Applebaum<\/em><\/span><\/p><p><iframe src=\"https:\/\/www.mixcloud.com\/widget\/iframe\/?hide_cover=1&amp;feed=%2FTeslafm_net%2Fones-de-crom-21-emili-mir%C3%B3%2F\" width=\"100%\" height=\"120\" frameborder=\"0\"><\/iframe><\/p>\t\t\t\t\t\t\t\t<\/div>\n\t\t\t\t<\/div>\n\t\t\t\t\t<\/div>\n\t\t<\/div>\n\t\t\t\t\t<\/div>\n\t\t<\/section>\n\t\t\t\t<section class=\"elementor-section elementor-top-section elementor-element elementor-element-f8a8380 elementor-section-boxed elementor-section-height-default elementor-section-height-default\" data-id=\"f8a8380\" data-element_type=\"section\" data-e-type=\"section\">\n\t\t\t\t\t\t<div class=\"elementor-container elementor-column-gap-default\">\n\t\t\t\t\t<div class=\"elementor-column elementor-col-50 elementor-top-column elementor-element elementor-element-2e15c3d\" data-id=\"2e15c3d\" data-element_type=\"column\" data-e-type=\"column\">\n\t\t\t<div class=\"elementor-widget-wrap elementor-element-populated\">\n\t\t\t\t\t\t<div class=\"elementor-element elementor-element-0d88bf9 elementor-widget elementor-widget-image\" data-id=\"0d88bf9\" data-element_type=\"widget\" data-e-type=\"widget\" data-widget_type=\"image.default\">\n\t\t\t\t<div class=\"elementor-widget-container\">\n\t\t\t\t\t\t\t\t\t\t\t\t\t\t\t<img fetchpriority=\"high\" decoding=\"async\" width=\"320\" height=\"216\" src=\"https:\/\/teslafm.net\/wp-content\/uploads\/2023\/06\/Mark-Applebaum.jpg\" class=\"attachment-large size-large wp-image-62784\" alt=\"\" srcset=\"https:\/\/teslafm.net\/wp-content\/uploads\/2023\/06\/Mark-Applebaum.jpg 320w, https:\/\/teslafm.net\/wp-content\/uploads\/2023\/06\/Mark-Applebaum-300x203.jpg 300w, https:\/\/teslafm.net\/wp-content\/uploads\/2023\/06\/Mark-Applebaum-18x12.jpg 18w\" sizes=\"(max-width: 320px) 100vw, 320px\" \/>\t\t\t\t\t\t\t\t\t\t\t\t\t\t\t<\/div>\n\t\t\t\t<\/div>\n\t\t\t\t\t<\/div>\n\t\t<\/div>\n\t\t\t\t<div class=\"elementor-column elementor-col-50 elementor-top-column elementor-element elementor-element-b2563b0\" data-id=\"b2563b0\" data-element_type=\"column\" data-e-type=\"column\">\n\t\t\t<div class=\"elementor-widget-wrap elementor-element-populated\">\n\t\t\t\t\t\t<div class=\"elementor-element elementor-element-8ace92b elementor-widget elementor-widget-text-editor\" data-id=\"8ace92b\" data-element_type=\"widget\" data-e-type=\"widget\" data-widget_type=\"text-editor.default\">\n\t\t\t\t<div class=\"elementor-widget-container\">\n\t\t\t\t\t\t\t\t\t<p><span style=\"color: #808080;\">17 de gener 2018<\/span><br \/><span style=\"color: #808080;\">Composer, pianist, inventor and performer of electro-acoustic instruments such as the mousetrap or the mouseketier, <\/span><span style=\"color: #808080;\">we listen to his discography where we can find from classical and chamber music to sound collage, <\/span><span style=\"color: #808080;\">remixes of own themes or pieces with instruments made with amplified objects or sound sculptures.<\/span><br \/><span style=\"color: #808080;\">We listen to their experimentation with rock, funk and humor from their first album \"Your Parents Hate Me\" (1989), the <\/span><span style=\"color: #808080;\">remixes and sound reworks of performances of his own compositions in \"The Janus ReMixes-Exercises In AutoPlundering\" (1999) and two songs, one of his own composition on piano and another one with sound collage, from <\/span><span style=\"color: #808080;\">\"Catfish\" (2003). From \"Martian Anthropology\" (2004) we hear a theme composed for orchestra and electronics, <\/span><span style=\"color: #808080;\">from \"Intellectual Property\u2122\" (2004) an electro-acoustic track and from \"The Bible Without God\" (2005) <\/span><span style=\"color: #808080;\">a contribution to <strong>Merce Cunnigham's dance company<\/strong> made with his mouseketier instrument.<\/span><br \/><span style=\"color: #808080;\">From \"56 1\/2 Ft. (2006) we add a part of the composition \"Sum=Parts\" and from \"Sock Monkey\" (2008) a new one. <\/span><span style=\"color: #808080;\">orchestral contribution between classical and improvisation.<\/span><\/p>\t\t\t\t\t\t\t\t<\/div>\n\t\t\t\t<\/div>\n\t\t\t\t\t<\/div>\n\t\t<\/div>\n\t\t\t\t\t<\/div>\n\t\t<\/section>\n\t\t\t\t<\/div>","protected":false},"excerpt":{"rendered":"<p>Ones de Crom #21 Mark Applebaum 17 de gener 2018Compositor, pianista, inventor i int\u00e8rpret d&#8217;instruments electro-ac\u00fastics com el mousetrap o el mouseketier, escoltem la seva discografia on s&#8217;hi troben des de m\u00fasica cl\u00e0ssica oquestral i de cambra fins collage sonor, remixos de temes propis o peces amb instruments fets amb objectes amplificats o escultures sonores.Escoltem [&hellip;]<\/p>\n","protected":false},"author":19,"featured_media":0,"parent":0,"menu_order":0,"comment_status":"closed","ping_status":"closed","template":"","meta":{"footnotes":""},"class_list":["post-62781","page","type-page","status-publish","hentry"],"yoast_head":"<!-- This site is optimized with the Yoast SEO plugin v27.2 - https:\/\/yoast.com\/product\/yoast-seo-wordpress\/ -->\n<title>Ones de Crom #21 -<\/title>\n<meta name=\"robots\" content=\"index, follow, max-snippet:-1, max-image-preview:large, max-video-preview:-1\" \/>\n<link rel=\"canonical\" href=\"https:\/\/teslafm.net\/en\/ones-de-crom-21\/\" \/>\n<meta property=\"og:locale\" content=\"en_US\" \/>\n<meta property=\"og:type\" content=\"article\" \/>\n<meta property=\"og:title\" content=\"Ones de Crom #21 -\" \/>\n<meta property=\"og:description\" content=\"Ones de Crom #21 Mark Applebaum 17 de gener 2018Compositor, pianista, inventor i int\u00e8rpret d&#8217;instruments electro-ac\u00fastics com el mousetrap o el mouseketier, escoltem la seva discografia on s&#8217;hi troben des de m\u00fasica cl\u00e0ssica oquestral i de cambra fins collage sonor, remixos de temes propis o peces amb instruments fets amb objectes amplificats o escultures sonores.Escoltem [&hellip;]\" \/>\n<meta property=\"og:url\" content=\"https:\/\/teslafm.net\/en\/ones-de-crom-21\/\" \/>\n<meta property=\"article:publisher\" content=\"https:\/\/www.facebook.com\/teslafm.net\" \/>\n<meta property=\"article:modified_time\" content=\"2023-06-20T16:40:07+00:00\" \/>\n<meta property=\"og:image\" content=\"http:\/\/teslafm.net\/wp-content\/uploads\/2023\/06\/Mark-Applebaum.jpg\" \/>\n<meta name=\"twitter:card\" content=\"summary_large_image\" \/>\n<meta name=\"twitter:site\" content=\"@teslafm\" \/>\n<meta name=\"twitter:label1\" content=\"Est. reading time\" \/>\n\t<meta name=\"twitter:data1\" content=\"1 minute\" \/>\n<script type=\"application\/ld+json\" class=\"yoast-schema-graph\">{\"@context\":\"https:\/\/schema.org\",\"@graph\":[{\"@type\":\"WebPage\",\"@id\":\"https:\/\/teslafm.net\/ones-de-crom-21\/\",\"url\":\"https:\/\/teslafm.net\/ones-de-crom-21\/\",\"name\":\"Ones de Crom #21 -\",\"isPartOf\":{\"@id\":\"https:\/\/teslafm.net\/#website\"},\"primaryImageOfPage\":{\"@id\":\"https:\/\/teslafm.net\/ones-de-crom-21\/#primaryimage\"},\"image\":{\"@id\":\"https:\/\/teslafm.net\/ones-de-crom-21\/#primaryimage\"},\"thumbnailUrl\":\"http:\/\/teslafm.net\/wp-content\/uploads\/2023\/06\/Mark-Applebaum.jpg\",\"datePublished\":\"2023-06-20T16:33:08+00:00\",\"dateModified\":\"2023-06-20T16:40:07+00:00\",\"breadcrumb\":{\"@id\":\"https:\/\/teslafm.net\/ones-de-crom-21\/#breadcrumb\"},\"inLanguage\":\"en-US\",\"potentialAction\":[{\"@type\":\"ReadAction\",\"target\":[\"https:\/\/teslafm.net\/ones-de-crom-21\/\"]}]},{\"@type\":\"ImageObject\",\"inLanguage\":\"en-US\",\"@id\":\"https:\/\/teslafm.net\/ones-de-crom-21\/#primaryimage\",\"url\":\"http:\/\/teslafm.net\/wp-content\/uploads\/2023\/06\/Mark-Applebaum.jpg\",\"contentUrl\":\"http:\/\/teslafm.net\/wp-content\/uploads\/2023\/06\/Mark-Applebaum.jpg\"},{\"@type\":\"BreadcrumbList\",\"@id\":\"https:\/\/teslafm.net\/ones-de-crom-21\/#breadcrumb\",\"itemListElement\":[{\"@type\":\"ListItem\",\"position\":1,\"name\":\"Portada\",\"item\":\"https:\/\/teslafm.net\/\"},{\"@type\":\"ListItem\",\"position\":2,\"name\":\"Ones de Crom #21\"}]},{\"@type\":\"WebSite\",\"@id\":\"https:\/\/teslafm.net\/#website\",\"url\":\"https:\/\/teslafm.net\/\",\"name\":\"TeslaFM\",\"description\":\"An experimental and creative radio\",\"publisher\":{\"@id\":\"https:\/\/teslafm.net\/#organization\"},\"potentialAction\":[{\"@type\":\"SearchAction\",\"target\":{\"@type\":\"EntryPoint\",\"urlTemplate\":\"https:\/\/teslafm.net\/?s={search_term_string}\"},\"query-input\":{\"@type\":\"PropertyValueSpecification\",\"valueRequired\":true,\"valueName\":\"search_term_string\"}}],\"inLanguage\":\"en-US\"},{\"@type\":\"Organization\",\"@id\":\"https:\/\/teslafm.net\/#organization\",\"name\":\"TeslaFM\",\"url\":\"https:\/\/teslafm.net\/\",\"logo\":{\"@type\":\"ImageObject\",\"inLanguage\":\"en-US\",\"@id\":\"https:\/\/teslafm.net\/#\/schema\/logo\/image\/\",\"url\":\"https:\/\/teslafm.net\/wp-content\/uploads\/2020\/06\/logo-tesla.png\",\"contentUrl\":\"https:\/\/teslafm.net\/wp-content\/uploads\/2020\/06\/logo-tesla.png\",\"width\":512,\"height\":512,\"caption\":\"TeslaFM\"},\"image\":{\"@id\":\"https:\/\/teslafm.net\/#\/schema\/logo\/image\/\"},\"sameAs\":[\"https:\/\/www.facebook.com\/teslafm.net\",\"https:\/\/x.com\/teslafm\"]}]}<\/script>\n<!-- \/ Yoast SEO plugin. -->","yoast_head_json":{"title":"Ones de Crom #21 -","robots":{"index":"index","follow":"follow","max-snippet":"max-snippet:-1","max-image-preview":"max-image-preview:large","max-video-preview":"max-video-preview:-1"},"canonical":"https:\/\/teslafm.net\/en\/ones-de-crom-21\/","og_locale":"en_US","og_type":"article","og_title":"Ones de Crom #21 -","og_description":"Ones de Crom #21 Mark Applebaum 17 de gener 2018Compositor, pianista, inventor i int\u00e8rpret d&#8217;instruments electro-ac\u00fastics com el mousetrap o el mouseketier, escoltem la seva discografia on s&#8217;hi troben des de m\u00fasica cl\u00e0ssica oquestral i de cambra fins collage sonor, remixos de temes propis o peces amb instruments fets amb objectes amplificats o escultures sonores.Escoltem [&hellip;]","og_url":"https:\/\/teslafm.net\/en\/ones-de-crom-21\/","article_publisher":"https:\/\/www.facebook.com\/teslafm.net","article_modified_time":"2023-06-20T16:40:07+00:00","og_image":[{"url":"http:\/\/teslafm.net\/wp-content\/uploads\/2023\/06\/Mark-Applebaum.jpg","type":"","width":"","height":""}],"twitter_card":"summary_large_image","twitter_site":"@teslafm","twitter_misc":{"Est. reading time":"1 minute"},"schema":{"@context":"https:\/\/schema.org","@graph":[{"@type":"WebPage","@id":"https:\/\/teslafm.net\/ones-de-crom-21\/","url":"https:\/\/teslafm.net\/ones-de-crom-21\/","name":"Ones de Crom #21 -","isPartOf":{"@id":"https:\/\/teslafm.net\/#website"},"primaryImageOfPage":{"@id":"https:\/\/teslafm.net\/ones-de-crom-21\/#primaryimage"},"image":{"@id":"https:\/\/teslafm.net\/ones-de-crom-21\/#primaryimage"},"thumbnailUrl":"http:\/\/teslafm.net\/wp-content\/uploads\/2023\/06\/Mark-Applebaum.jpg","datePublished":"2023-06-20T16:33:08+00:00","dateModified":"2023-06-20T16:40:07+00:00","breadcrumb":{"@id":"https:\/\/teslafm.net\/ones-de-crom-21\/#breadcrumb"},"inLanguage":"en-US","potentialAction":[{"@type":"ReadAction","target":["https:\/\/teslafm.net\/ones-de-crom-21\/"]}]},{"@type":"ImageObject","inLanguage":"en-US","@id":"https:\/\/teslafm.net\/ones-de-crom-21\/#primaryimage","url":"http:\/\/teslafm.net\/wp-content\/uploads\/2023\/06\/Mark-Applebaum.jpg","contentUrl":"http:\/\/teslafm.net\/wp-content\/uploads\/2023\/06\/Mark-Applebaum.jpg"},{"@type":"BreadcrumbList","@id":"https:\/\/teslafm.net\/ones-de-crom-21\/#breadcrumb","itemListElement":[{"@type":"ListItem","position":1,"name":"Portada","item":"https:\/\/teslafm.net\/"},{"@type":"ListItem","position":2,"name":"Ones de Crom #21"}]},{"@type":"WebSite","@id":"https:\/\/teslafm.net\/#website","url":"https:\/\/teslafm.net\/","name":"TeslaFM","description":"An experimental and creative radio","publisher":{"@id":"https:\/\/teslafm.net\/#organization"},"potentialAction":[{"@type":"SearchAction","target":{"@type":"EntryPoint","urlTemplate":"https:\/\/teslafm.net\/?s={search_term_string}"},"query-input":{"@type":"PropertyValueSpecification","valueRequired":true,"valueName":"search_term_string"}}],"inLanguage":"en-US"},{"@type":"Organization","@id":"https:\/\/teslafm.net\/#organization","name":"TeslaFM","url":"https:\/\/teslafm.net\/","logo":{"@type":"ImageObject","inLanguage":"en-US","@id":"https:\/\/teslafm.net\/#\/schema\/logo\/image\/","url":"https:\/\/teslafm.net\/wp-content\/uploads\/2020\/06\/logo-tesla.png","contentUrl":"https:\/\/teslafm.net\/wp-content\/uploads\/2020\/06\/logo-tesla.png","width":512,"height":512,"caption":"TeslaFM"},"image":{"@id":"https:\/\/teslafm.net\/#\/schema\/logo\/image\/"},"sameAs":["https:\/\/www.facebook.com\/teslafm.net","https:\/\/x.com\/teslafm"]}]}},"rttpg_featured_image_url":null,"rttpg_author":{"display_name":"Ishak","author_link":"https:\/\/teslafm.net\/en\/author\/cravan\/"},"rttpg_comment":0,"rttpg_category":null,"rttpg_excerpt":"Ones de Crom #21 Mark Applebaum 17 de gener 2018Compositor, pianista, inventor i int\u00e8rpret d&#8217;instruments electro-ac\u00fastics com el mousetrap o el mouseketier, escoltem la seva discografia on s&#8217;hi troben des de m\u00fasica cl\u00e0ssica oquestral i de cambra fins collage sonor, remixos de temes propis o peces amb instruments fets amb objectes amplificats o escultures sonores.Escoltem&hellip;","_links":{"self":[{"href":"https:\/\/teslafm.net\/en\/wp-json\/wp\/v2\/pages\/62781","targetHints":{"allow":["GET"]}}],"collection":[{"href":"https:\/\/teslafm.net\/en\/wp-json\/wp\/v2\/pages"}],"about":[{"href":"https:\/\/teslafm.net\/en\/wp-json\/wp\/v2\/types\/page"}],"author":[{"embeddable":true,"href":"https:\/\/teslafm.net\/en\/wp-json\/wp\/v2\/users\/19"}],"replies":[{"embeddable":true,"href":"https:\/\/teslafm.net\/en\/wp-json\/wp\/v2\/comments?post=62781"}],"version-history":[{"count":13,"href":"https:\/\/teslafm.net\/en\/wp-json\/wp\/v2\/pages\/62781\/revisions"}],"predecessor-version":[{"id":62799,"href":"https:\/\/teslafm.net\/en\/wp-json\/wp\/v2\/pages\/62781\/revisions\/62799"}],"wp:attachment":[{"href":"https:\/\/teslafm.net\/en\/wp-json\/wp\/v2\/media?parent=62781"}],"curies":[{"name":"wp","href":"https:\/\/api.w.org\/{rel}","templated":true}]}}