

{"id":62800,"date":"2023-06-21T19:57:01","date_gmt":"2023-06-21T17:57:01","guid":{"rendered":"https:\/\/teslafm.net\/?page_id=62800"},"modified":"2023-06-21T20:06:44","modified_gmt":"2023-06-21T18:06:44","slug":"flushing-toilets-48","status":"publish","type":"page","link":"https:\/\/teslafm.net\/en\/flushing-toilets-48\/","title":{"rendered":"Flushing Toilets #48"},"content":{"rendered":"<div data-elementor-type=\"wp-page\" data-elementor-id=\"62800\" class=\"elementor elementor-62800\">\n\t\t\t\t\t\t<section class=\"elementor-section elementor-top-section elementor-element elementor-element-2af757dc elementor-section-boxed elementor-section-height-default elementor-section-height-default\" data-id=\"2af757dc\" data-element_type=\"section\" data-e-type=\"section\">\n\t\t\t\t\t\t<div class=\"elementor-container elementor-column-gap-default\">\n\t\t\t\t\t<div class=\"elementor-column elementor-col-100 elementor-top-column elementor-element elementor-element-11fc91da\" data-id=\"11fc91da\" data-element_type=\"column\" data-e-type=\"column\">\n\t\t\t<div class=\"elementor-widget-wrap elementor-element-populated\">\n\t\t\t\t\t\t<div class=\"elementor-element elementor-element-77bed352 elementor-widget elementor-widget-text-editor\" data-id=\"77bed352\" data-element_type=\"widget\" data-e-type=\"widget\" data-widget_type=\"text-editor.default\">\n\t\t\t\t<div class=\"elementor-widget-container\">\n\t\t\t\t\t\t\t\t\t<h2><span style=\"color: #ffffff;\"><strong>Flushing Toilets #48<\/strong><\/span><\/h2>\n<span style=\"color: #808080;\"><em>June 2023<\/em><\/span>\n\n<iframe src=\"https:\/\/www.mixcloud.com\/widget\/iframe\/?hide_cover=1&amp;feed=%2FTeslafm_net%2Fflushing-toilets-48-pilar-talavera%2F\" width=\"100%\" height=\"120\" frameborder=\"0\"><\/iframe>\n\t\t\t\t\t\t\t\t<\/div>\n\t\t\t\t<\/div>\n\t\t\t\t\t<\/div>\n\t\t<\/div>\n\t\t\t\t\t<\/div>\n\t\t<\/section>\n\t\t\t\t<section class=\"elementor-section elementor-top-section elementor-element elementor-element-f68c50c elementor-section-boxed elementor-section-height-default elementor-section-height-default\" data-id=\"f68c50c\" data-element_type=\"section\" data-e-type=\"section\">\n\t\t\t\t\t\t<div class=\"elementor-container elementor-column-gap-default\">\n\t\t\t\t\t<div class=\"elementor-column elementor-col-50 elementor-top-column elementor-element elementor-element-ef1a265\" data-id=\"ef1a265\" data-element_type=\"column\" data-e-type=\"column\">\n\t\t\t<div class=\"elementor-widget-wrap elementor-element-populated\">\n\t\t\t\t\t\t<div class=\"elementor-element elementor-element-c4da9c2 elementor-widget elementor-widget-image\" data-id=\"c4da9c2\" data-element_type=\"widget\" data-e-type=\"widget\" data-widget_type=\"image.default\">\n\t\t\t\t<div class=\"elementor-widget-container\">\n\t\t\t\t\t\t\t\t\t\t\t\t\t\t\t<img fetchpriority=\"high\" decoding=\"async\" width=\"999\" height=\"1024\" src=\"https:\/\/teslafm.net\/wp-content\/uploads\/2023\/05\/jnkvdp.png\" class=\"attachment-large size-large wp-image-62514\" alt=\"\" srcset=\"https:\/\/teslafm.net\/wp-content\/uploads\/2023\/05\/jnkvdp.png 1000w, https:\/\/teslafm.net\/wp-content\/uploads\/2023\/05\/jnkvdp-293x300.png 293w, https:\/\/teslafm.net\/wp-content\/uploads\/2023\/05\/jnkvdp-768x787.png 768w, https:\/\/teslafm.net\/wp-content\/uploads\/2023\/05\/jnkvdp-12x12.png 12w\" sizes=\"(max-width: 999px) 100vw, 999px\" \/>\t\t\t\t\t\t\t\t\t\t\t\t\t\t\t<\/div>\n\t\t\t\t<\/div>\n\t\t\t\t\t<\/div>\n\t\t<\/div>\n\t\t\t\t<div class=\"elementor-column elementor-col-50 elementor-top-column elementor-element elementor-element-8c2a6f0\" data-id=\"8c2a6f0\" data-element_type=\"column\" data-e-type=\"column\">\n\t\t\t<div class=\"elementor-widget-wrap elementor-element-populated\">\n\t\t\t\t\t\t<div class=\"elementor-element elementor-element-46af7c1 elementor-widget elementor-widget-text-editor\" data-id=\"46af7c1\" data-element_type=\"widget\" data-e-type=\"widget\" data-widget_type=\"text-editor.default\">\n\t\t\t\t<div class=\"elementor-widget-container\">\n\t\t\t\t\t\t\t\t\t<p><span style=\"color: #808080;\">01_Invisible Architecture_Becoming Storm<\/span><br \/><span style=\"color: #808080;\">02_What is the concept behind the album?<\/span><br \/><span style=\"color: #808080;\">03_A1 Attacked and over-tuned<\/span><br \/><span style=\"color: #808080;\">04_What was the biggest challenge during the process of creating the album?<\/span><br \/><span style=\"color: #808080;\">05_A2 In cycles<\/span><br \/><span style=\"color: #808080;\">06_Who have you worked with on this album?<\/span><br \/><span style=\"color: #808080;\">07_BONUS track pre-release_Janneke's performance at MMACS (Strasbourg, 29.03.2018)<\/span><\/p>\t\t\t\t\t\t\t\t<\/div>\n\t\t\t\t<\/div>\n\t\t\t\t\t<\/div>\n\t\t<\/div>\n\t\t\t\t\t<\/div>\n\t\t<\/section>\n\t\t\t\t<\/div>","protected":false},"excerpt":{"rendered":"<p>Flushing Toilets #48 June 2023 01_Invisible Architecture_Becoming Storm02_What is the concept behind the album?03_A1 Attacked and over-tuned04_What was the biggest challenge during the process of creating the album?05_A2 In cycles06_Who did you work with on this album?07_BONUS track pre-release_Janneke's performance at MMACS (Strasbourg, 29.03.2018).<\/p>","protected":false},"author":19,"featured_media":0,"parent":0,"menu_order":0,"comment_status":"closed","ping_status":"closed","template":"","meta":{"footnotes":""},"class_list":["post-62800","page","type-page","status-publish","hentry"],"yoast_head":"<!-- This site is optimized with the Yoast SEO plugin v27.4 - https:\/\/yoast.com\/product\/yoast-seo-wordpress\/ -->\n<title>Flushing Toilets #48 -<\/title>\n<meta name=\"robots\" content=\"index, follow, max-snippet:-1, max-image-preview:large, max-video-preview:-1\" \/>\n<link rel=\"canonical\" href=\"https:\/\/teslafm.net\/en\/flushing-toilets-48\/\" \/>\n<meta property=\"og:locale\" content=\"en_US\" \/>\n<meta property=\"og:type\" content=\"article\" \/>\n<meta property=\"og:title\" content=\"Flushing Toilets #48 -\" \/>\n<meta property=\"og:description\" content=\"Flushing Toilets #48 Junio 2023 01_Invisible Architecture_Becoming Storm02_\u00bfCu\u00e1l es el concepto detr\u00e1s del \u00e1lbum?03_A1 Attacked and over-tuned04_\u00bfCu\u00e1l fue el mayor desaf\u00edo durante el proceso de creaci\u00f3n del disco?05_A2 In cycles06_\u00bfCon quienes has trabajado en este disco?07_BONUS track pre-release_Janneke\u2019s performance at MMACS (Strasbourg, 29.03.2018)\" \/>\n<meta property=\"og:url\" content=\"https:\/\/teslafm.net\/en\/flushing-toilets-48\/\" \/>\n<meta property=\"article:publisher\" content=\"https:\/\/www.facebook.com\/teslafm.net\" \/>\n<meta property=\"article:modified_time\" content=\"2023-06-21T18:06:44+00:00\" \/>\n<meta property=\"og:image\" content=\"http:\/\/teslafm.net\/wp-content\/uploads\/2023\/05\/jnkvdp.png\" \/>\n<meta name=\"twitter:card\" content=\"summary_large_image\" \/>\n<meta name=\"twitter:site\" content=\"@teslafm\" \/>\n<meta name=\"twitter:label1\" content=\"Est. reading time\" \/>\n\t<meta name=\"twitter:data1\" content=\"1 minute\" \/>\n<script type=\"application\/ld+json\" class=\"yoast-schema-graph\">{\"@context\":\"https:\\\/\\\/schema.org\",\"@graph\":[{\"@type\":\"WebPage\",\"@id\":\"https:\\\/\\\/teslafm.net\\\/flushing-toilets-48\\\/\",\"url\":\"https:\\\/\\\/teslafm.net\\\/flushing-toilets-48\\\/\",\"name\":\"Flushing Toilets #48 -\",\"isPartOf\":{\"@id\":\"https:\\\/\\\/teslafm.net\\\/#website\"},\"primaryImageOfPage\":{\"@id\":\"https:\\\/\\\/teslafm.net\\\/flushing-toilets-48\\\/#primaryimage\"},\"image\":{\"@id\":\"https:\\\/\\\/teslafm.net\\\/flushing-toilets-48\\\/#primaryimage\"},\"thumbnailUrl\":\"http:\\\/\\\/teslafm.net\\\/wp-content\\\/uploads\\\/2023\\\/05\\\/jnkvdp.png\",\"datePublished\":\"2023-06-21T17:57:01+00:00\",\"dateModified\":\"2023-06-21T18:06:44+00:00\",\"breadcrumb\":{\"@id\":\"https:\\\/\\\/teslafm.net\\\/flushing-toilets-48\\\/#breadcrumb\"},\"inLanguage\":\"en-US\",\"potentialAction\":[{\"@type\":\"ReadAction\",\"target\":[\"https:\\\/\\\/teslafm.net\\\/flushing-toilets-48\\\/\"]}]},{\"@type\":\"ImageObject\",\"inLanguage\":\"en-US\",\"@id\":\"https:\\\/\\\/teslafm.net\\\/flushing-toilets-48\\\/#primaryimage\",\"url\":\"http:\\\/\\\/teslafm.net\\\/wp-content\\\/uploads\\\/2023\\\/05\\\/jnkvdp.png\",\"contentUrl\":\"http:\\\/\\\/teslafm.net\\\/wp-content\\\/uploads\\\/2023\\\/05\\\/jnkvdp.png\"},{\"@type\":\"BreadcrumbList\",\"@id\":\"https:\\\/\\\/teslafm.net\\\/flushing-toilets-48\\\/#breadcrumb\",\"itemListElement\":[{\"@type\":\"ListItem\",\"position\":1,\"name\":\"Portada\",\"item\":\"https:\\\/\\\/teslafm.net\\\/\"},{\"@type\":\"ListItem\",\"position\":2,\"name\":\"Flushing Toilets #48\"}]},{\"@type\":\"WebSite\",\"@id\":\"https:\\\/\\\/teslafm.net\\\/#website\",\"url\":\"https:\\\/\\\/teslafm.net\\\/\",\"name\":\"TeslaFM\",\"description\":\"An experimental and creative radio\",\"publisher\":{\"@id\":\"https:\\\/\\\/teslafm.net\\\/#organization\"},\"potentialAction\":[{\"@type\":\"SearchAction\",\"target\":{\"@type\":\"EntryPoint\",\"urlTemplate\":\"https:\\\/\\\/teslafm.net\\\/?s={search_term_string}\"},\"query-input\":{\"@type\":\"PropertyValueSpecification\",\"valueRequired\":true,\"valueName\":\"search_term_string\"}}],\"inLanguage\":\"en-US\"},{\"@type\":\"Organization\",\"@id\":\"https:\\\/\\\/teslafm.net\\\/#organization\",\"name\":\"TeslaFM\",\"url\":\"https:\\\/\\\/teslafm.net\\\/\",\"logo\":{\"@type\":\"ImageObject\",\"inLanguage\":\"en-US\",\"@id\":\"https:\\\/\\\/teslafm.net\\\/#\\\/schema\\\/logo\\\/image\\\/\",\"url\":\"https:\\\/\\\/teslafm.net\\\/wp-content\\\/uploads\\\/2020\\\/06\\\/logo-tesla.png\",\"contentUrl\":\"https:\\\/\\\/teslafm.net\\\/wp-content\\\/uploads\\\/2020\\\/06\\\/logo-tesla.png\",\"width\":512,\"height\":512,\"caption\":\"TeslaFM\"},\"image\":{\"@id\":\"https:\\\/\\\/teslafm.net\\\/#\\\/schema\\\/logo\\\/image\\\/\"},\"sameAs\":[\"https:\\\/\\\/www.facebook.com\\\/teslafm.net\",\"https:\\\/\\\/x.com\\\/teslafm\"]}]}<\/script>\n<!-- \/ Yoast SEO plugin. -->","yoast_head_json":{"title":"Flushing Toilets #48 -","robots":{"index":"index","follow":"follow","max-snippet":"max-snippet:-1","max-image-preview":"max-image-preview:large","max-video-preview":"max-video-preview:-1"},"canonical":"https:\/\/teslafm.net\/en\/flushing-toilets-48\/","og_locale":"en_US","og_type":"article","og_title":"Flushing Toilets #48 -","og_description":"Flushing Toilets #48 Junio 2023 01_Invisible Architecture_Becoming Storm02_\u00bfCu\u00e1l es el concepto detr\u00e1s del \u00e1lbum?03_A1 Attacked and over-tuned04_\u00bfCu\u00e1l fue el mayor desaf\u00edo durante el proceso de creaci\u00f3n del disco?05_A2 In cycles06_\u00bfCon quienes has trabajado en este disco?07_BONUS track pre-release_Janneke\u2019s performance at MMACS (Strasbourg, 29.03.2018)","og_url":"https:\/\/teslafm.net\/en\/flushing-toilets-48\/","article_publisher":"https:\/\/www.facebook.com\/teslafm.net","article_modified_time":"2023-06-21T18:06:44+00:00","og_image":[{"url":"http:\/\/teslafm.net\/wp-content\/uploads\/2023\/05\/jnkvdp.png","type":"","width":"","height":""}],"twitter_card":"summary_large_image","twitter_site":"@teslafm","twitter_misc":{"Est. reading time":"1 minute"},"schema":{"@context":"https:\/\/schema.org","@graph":[{"@type":"WebPage","@id":"https:\/\/teslafm.net\/flushing-toilets-48\/","url":"https:\/\/teslafm.net\/flushing-toilets-48\/","name":"Flushing Toilets #48 -","isPartOf":{"@id":"https:\/\/teslafm.net\/#website"},"primaryImageOfPage":{"@id":"https:\/\/teslafm.net\/flushing-toilets-48\/#primaryimage"},"image":{"@id":"https:\/\/teslafm.net\/flushing-toilets-48\/#primaryimage"},"thumbnailUrl":"http:\/\/teslafm.net\/wp-content\/uploads\/2023\/05\/jnkvdp.png","datePublished":"2023-06-21T17:57:01+00:00","dateModified":"2023-06-21T18:06:44+00:00","breadcrumb":{"@id":"https:\/\/teslafm.net\/flushing-toilets-48\/#breadcrumb"},"inLanguage":"en-US","potentialAction":[{"@type":"ReadAction","target":["https:\/\/teslafm.net\/flushing-toilets-48\/"]}]},{"@type":"ImageObject","inLanguage":"en-US","@id":"https:\/\/teslafm.net\/flushing-toilets-48\/#primaryimage","url":"http:\/\/teslafm.net\/wp-content\/uploads\/2023\/05\/jnkvdp.png","contentUrl":"http:\/\/teslafm.net\/wp-content\/uploads\/2023\/05\/jnkvdp.png"},{"@type":"BreadcrumbList","@id":"https:\/\/teslafm.net\/flushing-toilets-48\/#breadcrumb","itemListElement":[{"@type":"ListItem","position":1,"name":"Portada","item":"https:\/\/teslafm.net\/"},{"@type":"ListItem","position":2,"name":"Flushing Toilets #48"}]},{"@type":"WebSite","@id":"https:\/\/teslafm.net\/#website","url":"https:\/\/teslafm.net\/","name":"TeslaFM","description":"An experimental and creative radio","publisher":{"@id":"https:\/\/teslafm.net\/#organization"},"potentialAction":[{"@type":"SearchAction","target":{"@type":"EntryPoint","urlTemplate":"https:\/\/teslafm.net\/?s={search_term_string}"},"query-input":{"@type":"PropertyValueSpecification","valueRequired":true,"valueName":"search_term_string"}}],"inLanguage":"en-US"},{"@type":"Organization","@id":"https:\/\/teslafm.net\/#organization","name":"TeslaFM","url":"https:\/\/teslafm.net\/","logo":{"@type":"ImageObject","inLanguage":"en-US","@id":"https:\/\/teslafm.net\/#\/schema\/logo\/image\/","url":"https:\/\/teslafm.net\/wp-content\/uploads\/2020\/06\/logo-tesla.png","contentUrl":"https:\/\/teslafm.net\/wp-content\/uploads\/2020\/06\/logo-tesla.png","width":512,"height":512,"caption":"TeslaFM"},"image":{"@id":"https:\/\/teslafm.net\/#\/schema\/logo\/image\/"},"sameAs":["https:\/\/www.facebook.com\/teslafm.net","https:\/\/x.com\/teslafm"]}]}},"rttpg_featured_image_url":null,"rttpg_author":{"display_name":"Ishak","author_link":"https:\/\/teslafm.net\/en\/author\/cravan\/"},"rttpg_comment":0,"rttpg_category":null,"rttpg_excerpt":"Flushing Toilets #48 Junio 2023 01_Invisible Architecture_Becoming Storm02_\u00bfCu\u00e1l es el concepto detr\u00e1s del \u00e1lbum?03_A1 Attacked and over-tuned04_\u00bfCu\u00e1l fue el mayor desaf\u00edo durante el proceso de creaci\u00f3n del disco?05_A2 In cycles06_\u00bfCon quienes has trabajado en este disco?07_BONUS track pre-release_Janneke\u2019s performance at MMACS (Strasbourg, 29.03.2018)","_links":{"self":[{"href":"https:\/\/teslafm.net\/en\/wp-json\/wp\/v2\/pages\/62800","targetHints":{"allow":["GET"]}}],"collection":[{"href":"https:\/\/teslafm.net\/en\/wp-json\/wp\/v2\/pages"}],"about":[{"href":"https:\/\/teslafm.net\/en\/wp-json\/wp\/v2\/types\/page"}],"author":[{"embeddable":true,"href":"https:\/\/teslafm.net\/en\/wp-json\/wp\/v2\/users\/19"}],"replies":[{"embeddable":true,"href":"https:\/\/teslafm.net\/en\/wp-json\/wp\/v2\/comments?post=62800"}],"version-history":[{"count":7,"href":"https:\/\/teslafm.net\/en\/wp-json\/wp\/v2\/pages\/62800\/revisions"}],"predecessor-version":[{"id":62814,"href":"https:\/\/teslafm.net\/en\/wp-json\/wp\/v2\/pages\/62800\/revisions\/62814"}],"wp:attachment":[{"href":"https:\/\/teslafm.net\/en\/wp-json\/wp\/v2\/media?parent=62800"}],"curies":[{"name":"wp","href":"https:\/\/api.w.org\/{rel}","templated":true}]}}