

{"id":62827,"date":"2023-06-24T16:40:46","date_gmt":"2023-06-24T14:40:46","guid":{"rendered":"https:\/\/teslafm.net\/?page_id=62827"},"modified":"2023-06-26T17:01:53","modified_gmt":"2023-06-26T15:01:53","slug":"modulisme-10","status":"publish","type":"page","link":"https:\/\/teslafm.net\/en\/modulisme-10\/","title":{"rendered":"Modulism #10"},"content":{"rendered":"<h2><span style=\"color: #ffffff;\"><strong>Modulism #10<\/strong><\/span><\/h2>\n<p><em><span style=\"color: #808080;\">Serge-O-Voxes 5.1, part 2<\/span><br \/>\n<\/em><\/p>\n<p><iframe src=\"https:\/\/www.mixcloud.com\/widget\/iframe\/?hide_cover=1&amp;feed=%2FTeslafm_net%2Fmodulisme-10-philippe-petit%2F\" width=\"100%\" height=\"120\" frameborder=\"0\"><\/iframe><\/p>\n<p><span style=\"color: #808080;\">Welcome to our new Modulisme show!<\/span><br \/>\n<span style=\"color: #808080;\"><strong>Serge -o- Voxes<\/strong> is a series of compositions made with the Serge synthesizer and published through our Modulisme platform.<\/span><br \/>\n<span style=\"color: #808080;\">You are listening to volume 5 celebrating 50 years since the creation of SERGE \"the people's synthesizer\". <\/span><br \/>\n<span style=\"color: #808080;\">A tribute, assembled in secret, because I wanted to prepare a surprise for Serge Tcherepnin, its inventor... <\/span><br \/>\n<span style=\"color: #808080;\">You will hear <strong>Jonas Broberg<\/strong>,<strong> Batchas<\/strong>,<strong> Anthony Capelli<\/strong>,<strong> Espen Friberg<\/strong>,<strong> Andrew Raffo Dewar<\/strong>,<strong> Jesper Pedersen<\/strong>,<strong> \u00d8ivind Olsen<\/strong>,<strong> Rastko Lazi\u0107<\/strong>,<strong> James Collins<\/strong>,<strong> Onyx Zones<\/strong>,<strong> Friends of Rocky<\/strong>,<strong> Allinaire<\/strong>, <strong>Mark Lentczner <\/strong>and<strong> SolarReturn<\/strong>.<\/span><br \/>\n<span style=\"color: #808080;\">May Serge be with you!<\/span><\/p>","protected":false},"excerpt":{"rendered":"<p>Modulisme #10 Serge-O-Voxes 5.1, parte 2 \u00a1Bienvenido a nuestro nuevo programa Modulisme! Serge -o- Voxes es una serie de composiciones realizadas con el sintetizador Serge y publicadas a trav\u00e9s de nuestra plataforma Modulisme. Est\u00e1 escuchando el volumen 5 que celebra los 50 a\u00f1os de la creaci\u00f3n del SERGE \u00abel sintetizador del pueblo\u00bb. Un homenaje, montado [&hellip;]<\/p>\n","protected":false},"author":19,"featured_media":0,"parent":0,"menu_order":0,"comment_status":"closed","ping_status":"closed","template":"","meta":{"footnotes":""},"class_list":["post-62827","page","type-page","status-publish","hentry"],"yoast_head":"<!-- This site is optimized with the Yoast SEO plugin v27.4 - https:\/\/yoast.com\/product\/yoast-seo-wordpress\/ -->\n<title>Modulisme #10 -<\/title>\n<meta name=\"robots\" content=\"index, follow, max-snippet:-1, max-image-preview:large, max-video-preview:-1\" \/>\n<link rel=\"canonical\" href=\"https:\/\/teslafm.net\/en\/modulisme-10\/\" \/>\n<meta property=\"og:locale\" content=\"en_US\" \/>\n<meta property=\"og:type\" content=\"article\" \/>\n<meta property=\"og:title\" content=\"Modulisme #10 -\" \/>\n<meta property=\"og:description\" content=\"Modulisme #10 Serge-O-Voxes 5.1, parte 2 \u00a1Bienvenido a nuestro nuevo programa Modulisme! Serge -o- Voxes es una serie de composiciones realizadas con el sintetizador Serge y publicadas a trav\u00e9s de nuestra plataforma Modulisme. Est\u00e1 escuchando el volumen 5 que celebra los 50 a\u00f1os de la creaci\u00f3n del SERGE \u00abel sintetizador del pueblo\u00bb. Un homenaje, montado [&hellip;]\" \/>\n<meta property=\"og:url\" content=\"https:\/\/teslafm.net\/en\/modulisme-10\/\" \/>\n<meta property=\"article:publisher\" content=\"https:\/\/www.facebook.com\/teslafm.net\" \/>\n<meta property=\"article:modified_time\" content=\"2023-06-26T15:01:53+00:00\" \/>\n<meta property=\"og:image\" content=\"https:\/\/teslafm.net\/wp-content\/uploads\/2022\/09\/header-image-4-temp.png\" \/>\n\t<meta property=\"og:image:width\" content=\"1274\" \/>\n\t<meta property=\"og:image:height\" content=\"818\" \/>\n\t<meta property=\"og:image:type\" content=\"image\/png\" \/>\n<meta name=\"twitter:card\" content=\"summary_large_image\" \/>\n<meta name=\"twitter:site\" content=\"@teslafm\" \/>\n<meta name=\"twitter:label1\" content=\"Est. reading time\" \/>\n\t<meta name=\"twitter:data1\" content=\"1 minute\" \/>\n<script type=\"application\/ld+json\" class=\"yoast-schema-graph\">{\"@context\":\"https:\\\/\\\/schema.org\",\"@graph\":[{\"@type\":\"WebPage\",\"@id\":\"https:\\\/\\\/teslafm.net\\\/modulisme-10\\\/\",\"url\":\"https:\\\/\\\/teslafm.net\\\/modulisme-10\\\/\",\"name\":\"Modulisme #10 -\",\"isPartOf\":{\"@id\":\"https:\\\/\\\/teslafm.net\\\/#website\"},\"datePublished\":\"2023-06-24T14:40:46+00:00\",\"dateModified\":\"2023-06-26T15:01:53+00:00\",\"breadcrumb\":{\"@id\":\"https:\\\/\\\/teslafm.net\\\/modulisme-10\\\/#breadcrumb\"},\"inLanguage\":\"en-US\",\"potentialAction\":[{\"@type\":\"ReadAction\",\"target\":[\"https:\\\/\\\/teslafm.net\\\/modulisme-10\\\/\"]}]},{\"@type\":\"BreadcrumbList\",\"@id\":\"https:\\\/\\\/teslafm.net\\\/modulisme-10\\\/#breadcrumb\",\"itemListElement\":[{\"@type\":\"ListItem\",\"position\":1,\"name\":\"Portada\",\"item\":\"https:\\\/\\\/teslafm.net\\\/\"},{\"@type\":\"ListItem\",\"position\":2,\"name\":\"Modulisme #10\"}]},{\"@type\":\"WebSite\",\"@id\":\"https:\\\/\\\/teslafm.net\\\/#website\",\"url\":\"https:\\\/\\\/teslafm.net\\\/\",\"name\":\"TeslaFM\",\"description\":\"An experimental and creative radio\",\"publisher\":{\"@id\":\"https:\\\/\\\/teslafm.net\\\/#organization\"},\"potentialAction\":[{\"@type\":\"SearchAction\",\"target\":{\"@type\":\"EntryPoint\",\"urlTemplate\":\"https:\\\/\\\/teslafm.net\\\/?s={search_term_string}\"},\"query-input\":{\"@type\":\"PropertyValueSpecification\",\"valueRequired\":true,\"valueName\":\"search_term_string\"}}],\"inLanguage\":\"en-US\"},{\"@type\":\"Organization\",\"@id\":\"https:\\\/\\\/teslafm.net\\\/#organization\",\"name\":\"TeslaFM\",\"url\":\"https:\\\/\\\/teslafm.net\\\/\",\"logo\":{\"@type\":\"ImageObject\",\"inLanguage\":\"en-US\",\"@id\":\"https:\\\/\\\/teslafm.net\\\/#\\\/schema\\\/logo\\\/image\\\/\",\"url\":\"https:\\\/\\\/teslafm.net\\\/wp-content\\\/uploads\\\/2020\\\/06\\\/logo-tesla.png\",\"contentUrl\":\"https:\\\/\\\/teslafm.net\\\/wp-content\\\/uploads\\\/2020\\\/06\\\/logo-tesla.png\",\"width\":512,\"height\":512,\"caption\":\"TeslaFM\"},\"image\":{\"@id\":\"https:\\\/\\\/teslafm.net\\\/#\\\/schema\\\/logo\\\/image\\\/\"},\"sameAs\":[\"https:\\\/\\\/www.facebook.com\\\/teslafm.net\",\"https:\\\/\\\/x.com\\\/teslafm\"]}]}<\/script>\n<!-- \/ Yoast SEO plugin. -->","yoast_head_json":{"title":"Modulisme #10 -","robots":{"index":"index","follow":"follow","max-snippet":"max-snippet:-1","max-image-preview":"max-image-preview:large","max-video-preview":"max-video-preview:-1"},"canonical":"https:\/\/teslafm.net\/en\/modulisme-10\/","og_locale":"en_US","og_type":"article","og_title":"Modulisme #10 -","og_description":"Modulisme #10 Serge-O-Voxes 5.1, parte 2 \u00a1Bienvenido a nuestro nuevo programa Modulisme! Serge -o- Voxes es una serie de composiciones realizadas con el sintetizador Serge y publicadas a trav\u00e9s de nuestra plataforma Modulisme. Est\u00e1 escuchando el volumen 5 que celebra los 50 a\u00f1os de la creaci\u00f3n del SERGE \u00abel sintetizador del pueblo\u00bb. Un homenaje, montado [&hellip;]","og_url":"https:\/\/teslafm.net\/en\/modulisme-10\/","article_publisher":"https:\/\/www.facebook.com\/teslafm.net","article_modified_time":"2023-06-26T15:01:53+00:00","og_image":[{"width":1274,"height":818,"url":"https:\/\/teslafm.net\/wp-content\/uploads\/2022\/09\/header-image-4-temp.png","type":"image\/png"}],"twitter_card":"summary_large_image","twitter_site":"@teslafm","twitter_misc":{"Est. reading time":"1 minute"},"schema":{"@context":"https:\/\/schema.org","@graph":[{"@type":"WebPage","@id":"https:\/\/teslafm.net\/modulisme-10\/","url":"https:\/\/teslafm.net\/modulisme-10\/","name":"Modulisme #10 -","isPartOf":{"@id":"https:\/\/teslafm.net\/#website"},"datePublished":"2023-06-24T14:40:46+00:00","dateModified":"2023-06-26T15:01:53+00:00","breadcrumb":{"@id":"https:\/\/teslafm.net\/modulisme-10\/#breadcrumb"},"inLanguage":"en-US","potentialAction":[{"@type":"ReadAction","target":["https:\/\/teslafm.net\/modulisme-10\/"]}]},{"@type":"BreadcrumbList","@id":"https:\/\/teslafm.net\/modulisme-10\/#breadcrumb","itemListElement":[{"@type":"ListItem","position":1,"name":"Portada","item":"https:\/\/teslafm.net\/"},{"@type":"ListItem","position":2,"name":"Modulisme #10"}]},{"@type":"WebSite","@id":"https:\/\/teslafm.net\/#website","url":"https:\/\/teslafm.net\/","name":"TeslaFM","description":"An experimental and creative radio","publisher":{"@id":"https:\/\/teslafm.net\/#organization"},"potentialAction":[{"@type":"SearchAction","target":{"@type":"EntryPoint","urlTemplate":"https:\/\/teslafm.net\/?s={search_term_string}"},"query-input":{"@type":"PropertyValueSpecification","valueRequired":true,"valueName":"search_term_string"}}],"inLanguage":"en-US"},{"@type":"Organization","@id":"https:\/\/teslafm.net\/#organization","name":"TeslaFM","url":"https:\/\/teslafm.net\/","logo":{"@type":"ImageObject","inLanguage":"en-US","@id":"https:\/\/teslafm.net\/#\/schema\/logo\/image\/","url":"https:\/\/teslafm.net\/wp-content\/uploads\/2020\/06\/logo-tesla.png","contentUrl":"https:\/\/teslafm.net\/wp-content\/uploads\/2020\/06\/logo-tesla.png","width":512,"height":512,"caption":"TeslaFM"},"image":{"@id":"https:\/\/teslafm.net\/#\/schema\/logo\/image\/"},"sameAs":["https:\/\/www.facebook.com\/teslafm.net","https:\/\/x.com\/teslafm"]}]}},"rttpg_featured_image_url":null,"rttpg_author":{"display_name":"Ishak","author_link":"https:\/\/teslafm.net\/en\/author\/cravan\/"},"rttpg_comment":0,"rttpg_category":null,"rttpg_excerpt":"Modulisme #10 Serge-O-Voxes 5.1, parte 2 \u00a1Bienvenido a nuestro nuevo programa Modulisme! Serge -o- Voxes es una serie de composiciones realizadas con el sintetizador Serge y publicadas a trav\u00e9s de nuestra plataforma Modulisme. Est\u00e1 escuchando el volumen 5 que celebra los 50 a\u00f1os de la creaci\u00f3n del SERGE \u00abel sintetizador del pueblo\u00bb. Un homenaje, montado&hellip;","_links":{"self":[{"href":"https:\/\/teslafm.net\/en\/wp-json\/wp\/v2\/pages\/62827","targetHints":{"allow":["GET"]}}],"collection":[{"href":"https:\/\/teslafm.net\/en\/wp-json\/wp\/v2\/pages"}],"about":[{"href":"https:\/\/teslafm.net\/en\/wp-json\/wp\/v2\/types\/page"}],"author":[{"embeddable":true,"href":"https:\/\/teslafm.net\/en\/wp-json\/wp\/v2\/users\/19"}],"replies":[{"embeddable":true,"href":"https:\/\/teslafm.net\/en\/wp-json\/wp\/v2\/comments?post=62827"}],"version-history":[{"count":2,"href":"https:\/\/teslafm.net\/en\/wp-json\/wp\/v2\/pages\/62827\/revisions"}],"predecessor-version":[{"id":62832,"href":"https:\/\/teslafm.net\/en\/wp-json\/wp\/v2\/pages\/62827\/revisions\/62832"}],"wp:attachment":[{"href":"https:\/\/teslafm.net\/en\/wp-json\/wp\/v2\/media?parent=62827"}],"curies":[{"name":"wp","href":"https:\/\/api.w.org\/{rel}","templated":true}]}}