

{"id":62836,"date":"2023-06-27T18:21:34","date_gmt":"2023-06-27T16:21:34","guid":{"rendered":"https:\/\/teslafm.net\/?page_id=62836"},"modified":"2023-06-27T18:42:46","modified_gmt":"2023-06-27T16:42:46","slug":"space-oddity-recollection-45","status":"publish","type":"page","link":"https:\/\/teslafm.net\/en\/space-oddity-recollection-45\/","title":{"rendered":"Space Oddity Recollection #45"},"content":{"rendered":"<div data-elementor-type=\"wp-page\" data-elementor-id=\"62836\" class=\"elementor elementor-62836\">\n\t\t\t\t\t\t<section class=\"elementor-section elementor-top-section elementor-element elementor-element-5ddbb594 elementor-section-boxed elementor-section-height-default elementor-section-height-default\" data-id=\"5ddbb594\" data-element_type=\"section\" data-e-type=\"section\">\n\t\t\t\t\t\t<div class=\"elementor-container elementor-column-gap-default\">\n\t\t\t\t\t<div class=\"elementor-column elementor-col-100 elementor-top-column elementor-element elementor-element-61a1b54f\" data-id=\"61a1b54f\" data-element_type=\"column\" data-e-type=\"column\">\n\t\t\t<div class=\"elementor-widget-wrap elementor-element-populated\">\n\t\t\t\t\t\t<div class=\"elementor-element elementor-element-34c29307 elementor-widget elementor-widget-text-editor\" data-id=\"34c29307\" data-element_type=\"widget\" data-e-type=\"widget\" data-widget_type=\"text-editor.default\">\n\t\t\t\t<div class=\"elementor-widget-container\">\n\t\t\t\t\t\t\t\t\t<h2><span style=\"color: #ffffff;\"><strong>Space Oddity Recollection #45<\/strong><\/span><\/h2><p><span style=\"color: #808080;\"><em>June 2023<\/em><\/span><\/p><p><iframe src=\"https:\/\/www.mixcloud.com\/widget\/iframe\/?hide_cover=1&amp;feed=%2FTeslafm_net%2Fspace-oddity-recollection-45-monika-pich%2F\" width=\"100%\" height=\"120\" frameborder=\"0\"><\/iframe><\/p>\t\t\t\t\t\t\t\t<\/div>\n\t\t\t\t<\/div>\n\t\t\t\t\t<\/div>\n\t\t<\/div>\n\t\t\t\t\t<\/div>\n\t\t<\/section>\n\t\t\t\t<section class=\"elementor-section elementor-top-section elementor-element elementor-element-14513a2 elementor-section-boxed elementor-section-height-default elementor-section-height-default\" data-id=\"14513a2\" data-element_type=\"section\" data-e-type=\"section\">\n\t\t\t\t\t\t<div class=\"elementor-container elementor-column-gap-default\">\n\t\t\t\t\t<div class=\"elementor-column elementor-col-50 elementor-top-column elementor-element elementor-element-ae224bf\" data-id=\"ae224bf\" data-element_type=\"column\" data-e-type=\"column\">\n\t\t\t<div class=\"elementor-widget-wrap elementor-element-populated\">\n\t\t\t\t\t\t<div class=\"elementor-element elementor-element-230f380 elementor-widget elementor-widget-image\" data-id=\"230f380\" data-element_type=\"widget\" data-e-type=\"widget\" data-widget_type=\"image.default\">\n\t\t\t\t<div class=\"elementor-widget-container\">\n\t\t\t\t\t\t\t\t\t\t\t\t\t\t\t<img fetchpriority=\"high\" decoding=\"async\" width=\"472\" height=\"472\" src=\"https:\/\/teslafm.net\/wp-content\/uploads\/2023\/06\/8-June-2023.jpg\" class=\"attachment-large size-large wp-image-62841\" alt=\"\" srcset=\"https:\/\/teslafm.net\/wp-content\/uploads\/2023\/06\/8-June-2023.jpg 472w, https:\/\/teslafm.net\/wp-content\/uploads\/2023\/06\/8-June-2023-300x300.jpg 300w, https:\/\/teslafm.net\/wp-content\/uploads\/2023\/06\/8-June-2023-150x150.jpg 150w, https:\/\/teslafm.net\/wp-content\/uploads\/2023\/06\/8-June-2023-12x12.jpg 12w\" sizes=\"(max-width: 472px) 100vw, 472px\" \/>\t\t\t\t\t\t\t\t\t\t\t\t\t\t\t<\/div>\n\t\t\t\t<\/div>\n\t\t\t\t\t<\/div>\n\t\t<\/div>\n\t\t\t\t<div class=\"elementor-column elementor-col-50 elementor-top-column elementor-element elementor-element-51c08b9\" data-id=\"51c08b9\" data-element_type=\"column\" data-e-type=\"column\">\n\t\t\t<div class=\"elementor-widget-wrap elementor-element-populated\">\n\t\t\t\t\t\t<div class=\"elementor-element elementor-element-d1763c9 elementor-widget elementor-widget-text-editor\" data-id=\"d1763c9\" data-element_type=\"widget\" data-e-type=\"widget\" data-widget_type=\"text-editor.default\">\n\t\t\t\t<div class=\"elementor-widget-container\">\n\t\t\t\t\t\t\t\t\t<p><span style=\"color: #808080;\">I invite you to listen to the field recordings, including the sound space, that I made on June 8, 2023 at a height of about 15 meters in the Grunwald neighborhood of Pozna\u0144, Poland. On that day, a liturgical feast was celebrated in the Catholic Church: the Solemnity of the Most Holy Body and Blood of Christ, commonly known as the Feast of Corpus Christi. In Poland, the celebration includes a procession with the Blessed Sacrament through the streets of cities and towns. The procession stops successively at four altars, where fragments of the four Gospels related to the Eucharist are read.<\/span><\/p><p><span style=\"color: #808080;\">We will also listen to two of my rhythm tracks recorded during the rehearsal sessions, which are only available in working version, as well as some ambient tracks and their fragments performed by <strong>Ch'eehGidi<\/strong>.<\/span><\/p><p><span style=\"color: #808080;\">Enjoy the mixtrack, June 2023\u2032, produced by. <strong>monikapich<\/strong><\/span><\/p>\t\t\t\t\t\t\t\t<\/div>\n\t\t\t\t<\/div>\n\t\t\t\t\t<\/div>\n\t\t<\/div>\n\t\t\t\t\t<\/div>\n\t\t<\/section>\n\t\t\t\t<\/div>","protected":false},"excerpt":{"rendered":"<p>Space Oddity Recollection #45 Junio 2023 Os invito a escuchar las grabaciones de campo, incluido el espacio sonoro, que realic\u00e9 el 8 de junio de 2023 a unos 15 metros de altura en el barrio de Grunwald, en Pozna\u0144, Polonia. Ese d\u00eda se celebraba una fiesta lit\u00fargica en la Iglesia cat\u00f3lica: la Solemnidad del Sant\u00edsimo [&hellip;]<\/p>\n","protected":false},"author":19,"featured_media":0,"parent":0,"menu_order":0,"comment_status":"closed","ping_status":"closed","template":"","meta":{"footnotes":""},"class_list":["post-62836","page","type-page","status-publish","hentry"],"yoast_head":"<!-- This site is optimized with the Yoast SEO plugin v27.4 - https:\/\/yoast.com\/product\/yoast-seo-wordpress\/ -->\n<title>Space Oddity Recollection #45 -<\/title>\n<meta name=\"robots\" content=\"index, follow, max-snippet:-1, max-image-preview:large, max-video-preview:-1\" \/>\n<link rel=\"canonical\" href=\"https:\/\/teslafm.net\/en\/space-oddity-recollection-45\/\" \/>\n<meta property=\"og:locale\" content=\"en_US\" \/>\n<meta property=\"og:type\" content=\"article\" \/>\n<meta property=\"og:title\" content=\"Space Oddity Recollection #45 -\" \/>\n<meta property=\"og:description\" content=\"Space Oddity Recollection #45 Junio 2023 Os invito a escuchar las grabaciones de campo, incluido el espacio sonoro, que realic\u00e9 el 8 de junio de 2023 a unos 15 metros de altura en el barrio de Grunwald, en Pozna\u0144, Polonia. Ese d\u00eda se celebraba una fiesta lit\u00fargica en la Iglesia cat\u00f3lica: la Solemnidad del Sant\u00edsimo [&hellip;]\" \/>\n<meta property=\"og:url\" content=\"https:\/\/teslafm.net\/en\/space-oddity-recollection-45\/\" \/>\n<meta property=\"article:publisher\" content=\"https:\/\/www.facebook.com\/teslafm.net\" \/>\n<meta property=\"article:modified_time\" content=\"2023-06-27T16:42:46+00:00\" \/>\n<meta property=\"og:image\" content=\"http:\/\/teslafm.net\/wp-content\/uploads\/2023\/06\/8-June-2023.jpg\" \/>\n<meta name=\"twitter:card\" content=\"summary_large_image\" \/>\n<meta name=\"twitter:site\" content=\"@teslafm\" \/>\n<meta name=\"twitter:label1\" content=\"Est. reading time\" \/>\n\t<meta name=\"twitter:data1\" content=\"1 minute\" \/>\n<script type=\"application\/ld+json\" class=\"yoast-schema-graph\">{\"@context\":\"https:\\\/\\\/schema.org\",\"@graph\":[{\"@type\":\"WebPage\",\"@id\":\"https:\\\/\\\/teslafm.net\\\/space-oddity-recollection-45\\\/\",\"url\":\"https:\\\/\\\/teslafm.net\\\/space-oddity-recollection-45\\\/\",\"name\":\"Space Oddity Recollection #45 -\",\"isPartOf\":{\"@id\":\"https:\\\/\\\/teslafm.net\\\/#website\"},\"primaryImageOfPage\":{\"@id\":\"https:\\\/\\\/teslafm.net\\\/space-oddity-recollection-45\\\/#primaryimage\"},\"image\":{\"@id\":\"https:\\\/\\\/teslafm.net\\\/space-oddity-recollection-45\\\/#primaryimage\"},\"thumbnailUrl\":\"http:\\\/\\\/teslafm.net\\\/wp-content\\\/uploads\\\/2023\\\/06\\\/8-June-2023.jpg\",\"datePublished\":\"2023-06-27T16:21:34+00:00\",\"dateModified\":\"2023-06-27T16:42:46+00:00\",\"breadcrumb\":{\"@id\":\"https:\\\/\\\/teslafm.net\\\/space-oddity-recollection-45\\\/#breadcrumb\"},\"inLanguage\":\"en-US\",\"potentialAction\":[{\"@type\":\"ReadAction\",\"target\":[\"https:\\\/\\\/teslafm.net\\\/space-oddity-recollection-45\\\/\"]}]},{\"@type\":\"ImageObject\",\"inLanguage\":\"en-US\",\"@id\":\"https:\\\/\\\/teslafm.net\\\/space-oddity-recollection-45\\\/#primaryimage\",\"url\":\"http:\\\/\\\/teslafm.net\\\/wp-content\\\/uploads\\\/2023\\\/06\\\/8-June-2023.jpg\",\"contentUrl\":\"http:\\\/\\\/teslafm.net\\\/wp-content\\\/uploads\\\/2023\\\/06\\\/8-June-2023.jpg\"},{\"@type\":\"BreadcrumbList\",\"@id\":\"https:\\\/\\\/teslafm.net\\\/space-oddity-recollection-45\\\/#breadcrumb\",\"itemListElement\":[{\"@type\":\"ListItem\",\"position\":1,\"name\":\"Portada\",\"item\":\"https:\\\/\\\/teslafm.net\\\/\"},{\"@type\":\"ListItem\",\"position\":2,\"name\":\"Space Oddity Recollection #45\"}]},{\"@type\":\"WebSite\",\"@id\":\"https:\\\/\\\/teslafm.net\\\/#website\",\"url\":\"https:\\\/\\\/teslafm.net\\\/\",\"name\":\"TeslaFM\",\"description\":\"An experimental and creative radio\",\"publisher\":{\"@id\":\"https:\\\/\\\/teslafm.net\\\/#organization\"},\"potentialAction\":[{\"@type\":\"SearchAction\",\"target\":{\"@type\":\"EntryPoint\",\"urlTemplate\":\"https:\\\/\\\/teslafm.net\\\/?s={search_term_string}\"},\"query-input\":{\"@type\":\"PropertyValueSpecification\",\"valueRequired\":true,\"valueName\":\"search_term_string\"}}],\"inLanguage\":\"en-US\"},{\"@type\":\"Organization\",\"@id\":\"https:\\\/\\\/teslafm.net\\\/#organization\",\"name\":\"TeslaFM\",\"url\":\"https:\\\/\\\/teslafm.net\\\/\",\"logo\":{\"@type\":\"ImageObject\",\"inLanguage\":\"en-US\",\"@id\":\"https:\\\/\\\/teslafm.net\\\/#\\\/schema\\\/logo\\\/image\\\/\",\"url\":\"https:\\\/\\\/teslafm.net\\\/wp-content\\\/uploads\\\/2020\\\/06\\\/logo-tesla.png\",\"contentUrl\":\"https:\\\/\\\/teslafm.net\\\/wp-content\\\/uploads\\\/2020\\\/06\\\/logo-tesla.png\",\"width\":512,\"height\":512,\"caption\":\"TeslaFM\"},\"image\":{\"@id\":\"https:\\\/\\\/teslafm.net\\\/#\\\/schema\\\/logo\\\/image\\\/\"},\"sameAs\":[\"https:\\\/\\\/www.facebook.com\\\/teslafm.net\",\"https:\\\/\\\/x.com\\\/teslafm\"]}]}<\/script>\n<!-- \/ Yoast SEO plugin. -->","yoast_head_json":{"title":"Space Oddity Recollection #45 -","robots":{"index":"index","follow":"follow","max-snippet":"max-snippet:-1","max-image-preview":"max-image-preview:large","max-video-preview":"max-video-preview:-1"},"canonical":"https:\/\/teslafm.net\/en\/space-oddity-recollection-45\/","og_locale":"en_US","og_type":"article","og_title":"Space Oddity Recollection #45 -","og_description":"Space Oddity Recollection #45 Junio 2023 Os invito a escuchar las grabaciones de campo, incluido el espacio sonoro, que realic\u00e9 el 8 de junio de 2023 a unos 15 metros de altura en el barrio de Grunwald, en Pozna\u0144, Polonia. Ese d\u00eda se celebraba una fiesta lit\u00fargica en la Iglesia cat\u00f3lica: la Solemnidad del Sant\u00edsimo [&hellip;]","og_url":"https:\/\/teslafm.net\/en\/space-oddity-recollection-45\/","article_publisher":"https:\/\/www.facebook.com\/teslafm.net","article_modified_time":"2023-06-27T16:42:46+00:00","og_image":[{"url":"http:\/\/teslafm.net\/wp-content\/uploads\/2023\/06\/8-June-2023.jpg","type":"","width":"","height":""}],"twitter_card":"summary_large_image","twitter_site":"@teslafm","twitter_misc":{"Est. reading time":"1 minute"},"schema":{"@context":"https:\/\/schema.org","@graph":[{"@type":"WebPage","@id":"https:\/\/teslafm.net\/space-oddity-recollection-45\/","url":"https:\/\/teslafm.net\/space-oddity-recollection-45\/","name":"Space Oddity Recollection #45 -","isPartOf":{"@id":"https:\/\/teslafm.net\/#website"},"primaryImageOfPage":{"@id":"https:\/\/teslafm.net\/space-oddity-recollection-45\/#primaryimage"},"image":{"@id":"https:\/\/teslafm.net\/space-oddity-recollection-45\/#primaryimage"},"thumbnailUrl":"http:\/\/teslafm.net\/wp-content\/uploads\/2023\/06\/8-June-2023.jpg","datePublished":"2023-06-27T16:21:34+00:00","dateModified":"2023-06-27T16:42:46+00:00","breadcrumb":{"@id":"https:\/\/teslafm.net\/space-oddity-recollection-45\/#breadcrumb"},"inLanguage":"en-US","potentialAction":[{"@type":"ReadAction","target":["https:\/\/teslafm.net\/space-oddity-recollection-45\/"]}]},{"@type":"ImageObject","inLanguage":"en-US","@id":"https:\/\/teslafm.net\/space-oddity-recollection-45\/#primaryimage","url":"http:\/\/teslafm.net\/wp-content\/uploads\/2023\/06\/8-June-2023.jpg","contentUrl":"http:\/\/teslafm.net\/wp-content\/uploads\/2023\/06\/8-June-2023.jpg"},{"@type":"BreadcrumbList","@id":"https:\/\/teslafm.net\/space-oddity-recollection-45\/#breadcrumb","itemListElement":[{"@type":"ListItem","position":1,"name":"Portada","item":"https:\/\/teslafm.net\/"},{"@type":"ListItem","position":2,"name":"Space Oddity Recollection #45"}]},{"@type":"WebSite","@id":"https:\/\/teslafm.net\/#website","url":"https:\/\/teslafm.net\/","name":"TeslaFM","description":"An experimental and creative radio","publisher":{"@id":"https:\/\/teslafm.net\/#organization"},"potentialAction":[{"@type":"SearchAction","target":{"@type":"EntryPoint","urlTemplate":"https:\/\/teslafm.net\/?s={search_term_string}"},"query-input":{"@type":"PropertyValueSpecification","valueRequired":true,"valueName":"search_term_string"}}],"inLanguage":"en-US"},{"@type":"Organization","@id":"https:\/\/teslafm.net\/#organization","name":"TeslaFM","url":"https:\/\/teslafm.net\/","logo":{"@type":"ImageObject","inLanguage":"en-US","@id":"https:\/\/teslafm.net\/#\/schema\/logo\/image\/","url":"https:\/\/teslafm.net\/wp-content\/uploads\/2020\/06\/logo-tesla.png","contentUrl":"https:\/\/teslafm.net\/wp-content\/uploads\/2020\/06\/logo-tesla.png","width":512,"height":512,"caption":"TeslaFM"},"image":{"@id":"https:\/\/teslafm.net\/#\/schema\/logo\/image\/"},"sameAs":["https:\/\/www.facebook.com\/teslafm.net","https:\/\/x.com\/teslafm"]}]}},"rttpg_featured_image_url":null,"rttpg_author":{"display_name":"Ishak","author_link":"https:\/\/teslafm.net\/en\/author\/cravan\/"},"rttpg_comment":0,"rttpg_category":null,"rttpg_excerpt":"Space Oddity Recollection #45 Junio 2023 Os invito a escuchar las grabaciones de campo, incluido el espacio sonoro, que realic\u00e9 el 8 de junio de 2023 a unos 15 metros de altura en el barrio de Grunwald, en Pozna\u0144, Polonia. Ese d\u00eda se celebraba una fiesta lit\u00fargica en la Iglesia cat\u00f3lica: la Solemnidad del Sant\u00edsimo&hellip;","_links":{"self":[{"href":"https:\/\/teslafm.net\/en\/wp-json\/wp\/v2\/pages\/62836","targetHints":{"allow":["GET"]}}],"collection":[{"href":"https:\/\/teslafm.net\/en\/wp-json\/wp\/v2\/pages"}],"about":[{"href":"https:\/\/teslafm.net\/en\/wp-json\/wp\/v2\/types\/page"}],"author":[{"embeddable":true,"href":"https:\/\/teslafm.net\/en\/wp-json\/wp\/v2\/users\/19"}],"replies":[{"embeddable":true,"href":"https:\/\/teslafm.net\/en\/wp-json\/wp\/v2\/comments?post=62836"}],"version-history":[{"count":4,"href":"https:\/\/teslafm.net\/en\/wp-json\/wp\/v2\/pages\/62836\/revisions"}],"predecessor-version":[{"id":62844,"href":"https:\/\/teslafm.net\/en\/wp-json\/wp\/v2\/pages\/62836\/revisions\/62844"}],"wp:attachment":[{"href":"https:\/\/teslafm.net\/en\/wp-json\/wp\/v2\/media?parent=62836"}],"curies":[{"name":"wp","href":"https:\/\/api.w.org\/{rel}","templated":true}]}}