

{"id":62859,"date":"2023-06-29T16:01:21","date_gmt":"2023-06-29T14:01:21","guid":{"rendered":"https:\/\/teslafm.net\/?page_id=62859"},"modified":"2023-06-29T16:18:16","modified_gmt":"2023-06-29T14:18:16","slug":"el-ruido-es-el-mensaje-29","status":"publish","type":"page","link":"https:\/\/teslafm.net\/en\/el-ruido-es-el-mensaje-29\/","title":{"rendered":"Noise is the Message #29"},"content":{"rendered":"<h2><span style=\"color: #ffffff;\"><strong>NOISE is Message #29<\/strong><\/span><\/h2>\n<p><span style=\"color: #808080;\"><em>June 2023<\/em><\/span><\/p>\n<p><iframe src=\"https:\/\/www.mixcloud.com\/widget\/iframe\/?hide_cover=1&amp;feed=%2FTeslafm_net%2Fel-ruido-es-el-mensaje-29-franco-falistoco%2F\" width=\"100%\" height=\"120\" frameborder=\"0\"><\/iframe><\/p>\n<table width=\"100%\">\n<tbody>\n<tr>\n<td>\n<table width=\"100%\">\n<tbody>\n<tr>\n<td>\n<table width=\"100%\">\n<tbody>\n<tr>\n<td><\/td>\n<\/tr>\n<\/tbody>\n<\/table>\n<\/td>\n<\/tr>\n<\/tbody>\n<\/table>\n<\/td>\n<\/tr>\n<tr>\n<td>\n<table width=\"100%\">\n<tbody>\n<tr>\n<td>\n<table width=\"100%\">\n<tbody>\n<tr>\n<td>\n<table width=\"100%\">\n<tbody>\n<tr>\n<td>\n<h1 style=\"text-align: center;\"><span style=\"color: #808080;\">1. #DISRUPTIVE<\/span><\/h1>\n<\/td>\n<\/tr>\n<\/tbody>\n<\/table>\n<\/td>\n<\/tr>\n<\/tbody>\n<\/table>\n<table width=\"100%\">\n<tbody>\n<tr>\n<td>\n<table width=\"100%\">\n<tbody>\n<tr>\n<td>\n<h2><span style=\"color: #00ffff;\"><em>\"Just as there is an auteur cinema, there is an auteur radio. It is radio of creation, of artistic expression, of reflection and experimentation.\"<\/em><\/span><br \/>\n<span style=\"color: #00ffff;\"><strong>-| Asbel Lopez<\/strong><\/span><\/h2>\n<\/td>\n<\/tr>\n<\/tbody>\n<\/table>\n<\/td>\n<\/tr>\n<\/tbody>\n<\/table>\n<\/td>\n<\/tr>\n<\/tbody>\n<\/table>\n<\/td>\n<\/tr>\n<\/tbody>\n<\/table>\n<p><img fetchpriority=\"high\" decoding=\"async\" class=\"alignnone wp-image-62861 size-full\" src=\"http:\/\/teslafm.net\/wp-content\/uploads\/2023\/06\/disruptivas-1.png\" alt=\"\" width=\"1000\" height=\"1000\" srcset=\"https:\/\/teslafm.net\/wp-content\/uploads\/2023\/06\/disruptivas-1.png 1000w, https:\/\/teslafm.net\/wp-content\/uploads\/2023\/06\/disruptivas-1-300x300.png 300w, https:\/\/teslafm.net\/wp-content\/uploads\/2023\/06\/disruptivas-1-150x150.png 150w, https:\/\/teslafm.net\/wp-content\/uploads\/2023\/06\/disruptivas-1-768x768.png 768w, https:\/\/teslafm.net\/wp-content\/uploads\/2023\/06\/disruptivas-1-12x12.png 12w\" sizes=\"(max-width: 1000px) 100vw, 1000px\" \/><\/p>\n<table width=\"100%\">\n<tbody>\n<tr>\n<td>\n<table width=\"100%\">\n<tbody>\n<tr>\n<td><\/td>\n<\/tr>\n<\/tbody>\n<\/table>\n<\/td>\n<\/tr>\n<\/tbody>\n<\/table>\n<table width=\"100%\">\n<tbody>\n<tr>\n<td>\n<table width=\"100%\">\n<tbody>\n<tr>\n<td><span style=\"color: #808080;\"><strong>\" #DISRUPTIVE: <\/strong>is a project that arises as a necessity in the face of a rather precarious panorama within the world of sound.<\/span><br \/>\n<span style=\"color: #808080;\"><strong>#DISRUPTIVE <\/strong>is the result of interviews carried out as part of the agenda of <strong>El RUIDO es el Mensaje<\/strong> from its genesis (2011) to the present. For this work I took some of them, along with works I did with colleagues and reedited, remixed and later, mastered them, trying to keep the essence intact of what these artists transmit with their voices, conceptualizations, experiences and processes in the art world.<\/span><br \/>\n<span style=\"color: #808080;\">For this purpose, a web platform was created where the resulting podcasts are hosted with a file on each artist along with their respective links for more and better information.<\/span><br \/>\n<a href=\"https:\/\/bit.ly\/DISRUPTIVAS\" target=\"_blank\" rel=\"noopener\">www.bit.ly\/DISRUPTIVAS<\/a><br \/>\n<span style=\"color: #808080;\">It is worth mentioning the work of my partner in this project, <strong>Sol Rezza<\/strong> and its fundamental part in the re-elaboration of all this engineering to translate it into a video game, along with his advice on immersive audio, spatialization and binaurality. <\/span><strong><span style=\"color: #808080;\">#DISRUPTIVAS has the support of the<\/span> <a href=\"https:\/\/fnartes.gob.ar\/\" target=\"_blank\" rel=\"noopener\">National Endowment for the Arts<\/a>.<\/strong><span style=\"color: #808080;\">We listened:<\/span><br \/>\n<span style=\"color: #808080;\">\u25ba Sol Rezza (Intro)<\/span><br \/>\n<span style=\"color: #808080;\">\u25ba Andrea Cohen<\/span><br \/>\n<span style=\"color: #808080;\">\u25ba Elsa Justel<\/span><br \/>\n<span style=\"color: #808080;\">\u25ba Olivia Louvel<\/span><br \/>\n<span style=\"color: #808080;\">\u25ba Lucrecia Dalt<\/span><\/p>\n<p><a href=\"https:\/\/bit.ly\/DISRUPTIVAS\" target=\"_blank\" rel=\"noopener\"><strong>#DISRUPTIVE<\/strong><\/a><\/p>\n<p><span style=\"color: #808080;\">Project presentation by Sol Rezza and Franco Falistoco.<\/span><br \/>\n<span style=\"color: #808080;\">More information about the colleagues, in their virtual spaces.<\/span><\/td>\n<\/tr>\n<\/tbody>\n<\/table>\n<\/td>\n<\/tr>\n<\/tbody>\n<\/table>\n<table width=\"100%\">\n<tbody>\n<tr>\n<td>\n<table width=\"100%\">\n<tbody>\n<tr>\n<td>\n<h2 style=\"text-align: center;\"><span style=\"color: #808080;\">- ~ -<\/span><\/h2>\n<\/td>\n<\/tr>\n<\/tbody>\n<\/table>\n<\/td>\n<\/tr>\n<\/tbody>\n<\/table>\n<table width=\"100%\">\n<tbody>\n<tr>\n<td>\n<table width=\"100%\">\n<tbody>\n<tr>\n<td>\n<table width=\"100%\">\n<tbody>\n<tr>\n<td><span style=\"color: #808080;\"><strong>Be part of the LISTENING in the vast landscape of Sounds.<\/strong><\/span><\/td>\n<\/tr>\n<\/tbody>\n<\/table>\n<\/td>\n<\/tr>\n<\/tbody>\n<\/table>\n<\/td>\n<\/tr>\n<\/tbody>\n<\/table>\n<table width=\"100%\">\n<tbody>\n<tr>\n<td>\n<table width=\"100%\">\n<tbody>\n<tr>\n<td><span style=\"color: #808080;\"><strong>NOISE is the message 2023<\/strong>.<\/span><br \/>\n<span style=\"color: #808080;\"><em>We recommend the <strong>Usage<\/strong> from <strong>HEADPHONES<\/strong><\/em>.<\/span><br \/>\n<span style=\"color: #808080;\"><strong>Specs<\/strong>: audios recorded in<\/span> <a href=\"https:\/\/www.reaper.fm\/\">Reaper<\/a> <span style=\"color: #808080;\">with microphones <\/span><a href=\"https:\/\/www.shure.com\/en-US\/products\/microphones\/sm58\">SHURE<\/a>, <a href=\"https:\/\/www.akg.com\/Microphones\/Condenser%20Microphones\/C1000_S.html\">AKG<\/a> <span style=\"color: #808080;\">and Zoom<\/span> <a href=\"https:\/\/zoomcorp.com\/en\/us\/handheld-recorders\/handheld-recorders\/h4n\/\">H4n<\/a> and <a href=\"https:\/\/zoomcorp.com\/es\/es\/grabadoras-de-mano\/handheld-recorders\/h3-vr-360-audio-recorder\/\">H3-VR<\/a><span style=\"color: #808080;\">. Editing, mixing and editing in<\/span> <a href=\"https:\/\/www.ableton.com\/en\/trial\/\">Ableton Live<\/a>. <span style=\"color: #808080;\">Binauralization process with <\/span><a href=\"http:\/\/dazdisley.co.uk\/#%21\/page:.\/SoundSquares%7C\">SOUNDSQUARE<\/a>.<br \/>\n<span style=\"color: #808080;\"><strong>Production<\/strong>:<\/span> <a href=\"https:\/\/bit.ly\/FFALISTOCO\">Franco Falistoco A.<\/a><span style=\"color: #808080;\"> and El <strong>NOISE<\/strong> is the <strong>M<\/strong>ensage next to<\/span> <a href=\"https:\/\/www.discogs.com\/es\/artist\/1497840-Gerardo-Figueroa\">Gerardo Figueroa Rodr\u00edguez<\/a> <span style=\"color: #808080;\">(GFR).<\/span><br \/>\n<span style=\"color: #808080;\"><strong>Consulting <\/strong>and consulting in Sound Engineering, Binaurality and Immersive Audio:<\/span> <a href=\"https:\/\/solrezza.net\/\">Sol Rezza<\/a>.<br \/>\n<span style=\"color: #808080;\"><strong>Collaborations<\/strong> special:<\/span> <a href=\"http:\/\/dazdisley.co.uk\/#%21\/page:.\/SoundSquares%7C\">Daz Disley<\/a>, <a href=\"https:\/\/www.linkedin.com\/in\/enriquerafaelderosa\/\">Enrique De Rosa Giolito<\/a>.<br \/>\n<span style=\"color: #808080;\"><strong>Acknowledgments <\/strong>to Andrea, Olivia, Elsa, La Negra Ocampo and Lucrecia for their sounds, words and recommendations.<\/span><span style=\"color: #808080;\">You can follow some of the reviews issued at <strong>NOISES<\/strong> from our<\/span> <a href=\"https:\/\/www.elruidoeselmensaje.com\/nauthilus\/\">Blog<\/a>.<br \/>\n<span style=\"color: #808080;\">Networks:<\/span> <a href=\"https:\/\/www.instagram.com\/franco_falistoco\/\">IG<\/a>, <a href=\"https:\/\/www.facebook.com\/ElRuidoEsElMensaje\">Facebook<\/a>, <a href=\"https:\/\/www.linkedin.com\/in\/franco-falistoco-araya\/\">Linkedin<\/a>, <a href=\"https:\/\/twitter.com\/ruidoymensaje\">Twitter<\/a><\/td>\n<\/tr>\n<\/tbody>\n<\/table>\n<\/td>\n<\/tr>\n<\/tbody>\n<\/table>\n<table width=\"100%\">\n<tbody>\n<tr>\n<td>\n<table width=\"100%\">\n<tbody>\n<tr>\n<td>\n<table width=\"100%\">\n<tbody>\n<tr>\n<td style=\"text-align: center;\"><span style=\"color: #808080;\">\u261b The NOISE is: \u2117 \u261a<\/span><\/td>\n<\/tr>\n<\/tbody>\n<\/table>\n<\/td>\n<\/tr>\n<\/tbody>\n<\/table>\n<\/td>\n<\/tr>\n<\/tbody>\n<\/table>","protected":false},"excerpt":{"rendered":"<p>El RUIDO es el Mensaje #29 Junio 2023 1. #DISRUPTIVAS \u00abAs\u00ed como hay un cine de autor, hay una radio de autor. Es radio de creaci\u00f3n, de expresi\u00f3n art\u00edstica, de reflexi\u00f3n y experimentaci\u00f3n.\u00bb \u2014| Asbel L\u00f3pez \u2588 #DISRUPTIVAS: es un proyecto que surge como necesidad ante un panorama dentro del mundo del sonido bastante precario. [&hellip;]<\/p>\n","protected":false},"author":19,"featured_media":0,"parent":0,"menu_order":0,"comment_status":"closed","ping_status":"closed","template":"","meta":{"footnotes":""},"class_list":["post-62859","page","type-page","status-publish","hentry"],"yoast_head":"<!-- This site is optimized with the Yoast SEO plugin v27.4 - https:\/\/yoast.com\/product\/yoast-seo-wordpress\/ -->\n<title>El Ruido es el Mensaje #29 -<\/title>\n<meta name=\"robots\" content=\"index, follow, max-snippet:-1, max-image-preview:large, max-video-preview:-1\" \/>\n<link rel=\"canonical\" href=\"https:\/\/teslafm.net\/en\/el-ruido-es-el-mensaje-29\/\" \/>\n<meta property=\"og:locale\" content=\"en_US\" \/>\n<meta property=\"og:type\" content=\"article\" \/>\n<meta property=\"og:title\" content=\"El Ruido es el Mensaje #29 -\" \/>\n<meta property=\"og:description\" content=\"El RUIDO es el Mensaje #29 Junio 2023 1. #DISRUPTIVAS \u00abAs\u00ed como hay un cine de autor, hay una radio de autor. Es radio de creaci\u00f3n, de expresi\u00f3n art\u00edstica, de reflexi\u00f3n y experimentaci\u00f3n.\u00bb \u2014| Asbel L\u00f3pez \u2588 #DISRUPTIVAS: es un proyecto que surge como necesidad ante un panorama dentro del mundo del sonido bastante precario. [&hellip;]\" \/>\n<meta property=\"og:url\" content=\"https:\/\/teslafm.net\/en\/el-ruido-es-el-mensaje-29\/\" \/>\n<meta property=\"article:publisher\" content=\"https:\/\/www.facebook.com\/teslafm.net\" \/>\n<meta property=\"article:modified_time\" content=\"2023-06-29T14:18:16+00:00\" \/>\n<meta property=\"og:image\" content=\"http:\/\/teslafm.net\/wp-content\/uploads\/2023\/06\/disruptivas-1.png\" \/>\n<meta name=\"twitter:card\" content=\"summary_large_image\" \/>\n<meta name=\"twitter:site\" content=\"@teslafm\" \/>\n<meta name=\"twitter:label1\" content=\"Est. reading time\" \/>\n\t<meta name=\"twitter:data1\" content=\"2 minutes\" \/>\n<script type=\"application\/ld+json\" class=\"yoast-schema-graph\">{\"@context\":\"https:\\\/\\\/schema.org\",\"@graph\":[{\"@type\":\"WebPage\",\"@id\":\"https:\\\/\\\/teslafm.net\\\/el-ruido-es-el-mensaje-29\\\/\",\"url\":\"https:\\\/\\\/teslafm.net\\\/el-ruido-es-el-mensaje-29\\\/\",\"name\":\"El Ruido es el Mensaje #29 -\",\"isPartOf\":{\"@id\":\"https:\\\/\\\/teslafm.net\\\/#website\"},\"primaryImageOfPage\":{\"@id\":\"https:\\\/\\\/teslafm.net\\\/el-ruido-es-el-mensaje-29\\\/#primaryimage\"},\"image\":{\"@id\":\"https:\\\/\\\/teslafm.net\\\/el-ruido-es-el-mensaje-29\\\/#primaryimage\"},\"thumbnailUrl\":\"http:\\\/\\\/teslafm.net\\\/wp-content\\\/uploads\\\/2023\\\/06\\\/disruptivas-1.png\",\"datePublished\":\"2023-06-29T14:01:21+00:00\",\"dateModified\":\"2023-06-29T14:18:16+00:00\",\"breadcrumb\":{\"@id\":\"https:\\\/\\\/teslafm.net\\\/el-ruido-es-el-mensaje-29\\\/#breadcrumb\"},\"inLanguage\":\"en-US\",\"potentialAction\":[{\"@type\":\"ReadAction\",\"target\":[\"https:\\\/\\\/teslafm.net\\\/el-ruido-es-el-mensaje-29\\\/\"]}]},{\"@type\":\"ImageObject\",\"inLanguage\":\"en-US\",\"@id\":\"https:\\\/\\\/teslafm.net\\\/el-ruido-es-el-mensaje-29\\\/#primaryimage\",\"url\":\"http:\\\/\\\/teslafm.net\\\/wp-content\\\/uploads\\\/2023\\\/06\\\/disruptivas-1.png\",\"contentUrl\":\"http:\\\/\\\/teslafm.net\\\/wp-content\\\/uploads\\\/2023\\\/06\\\/disruptivas-1.png\"},{\"@type\":\"BreadcrumbList\",\"@id\":\"https:\\\/\\\/teslafm.net\\\/el-ruido-es-el-mensaje-29\\\/#breadcrumb\",\"itemListElement\":[{\"@type\":\"ListItem\",\"position\":1,\"name\":\"Portada\",\"item\":\"https:\\\/\\\/teslafm.net\\\/\"},{\"@type\":\"ListItem\",\"position\":2,\"name\":\"El Ruido es el Mensaje #29\"}]},{\"@type\":\"WebSite\",\"@id\":\"https:\\\/\\\/teslafm.net\\\/#website\",\"url\":\"https:\\\/\\\/teslafm.net\\\/\",\"name\":\"TeslaFM\",\"description\":\"An experimental and creative radio\",\"publisher\":{\"@id\":\"https:\\\/\\\/teslafm.net\\\/#organization\"},\"potentialAction\":[{\"@type\":\"SearchAction\",\"target\":{\"@type\":\"EntryPoint\",\"urlTemplate\":\"https:\\\/\\\/teslafm.net\\\/?s={search_term_string}\"},\"query-input\":{\"@type\":\"PropertyValueSpecification\",\"valueRequired\":true,\"valueName\":\"search_term_string\"}}],\"inLanguage\":\"en-US\"},{\"@type\":\"Organization\",\"@id\":\"https:\\\/\\\/teslafm.net\\\/#organization\",\"name\":\"TeslaFM\",\"url\":\"https:\\\/\\\/teslafm.net\\\/\",\"logo\":{\"@type\":\"ImageObject\",\"inLanguage\":\"en-US\",\"@id\":\"https:\\\/\\\/teslafm.net\\\/#\\\/schema\\\/logo\\\/image\\\/\",\"url\":\"https:\\\/\\\/teslafm.net\\\/wp-content\\\/uploads\\\/2020\\\/06\\\/logo-tesla.png\",\"contentUrl\":\"https:\\\/\\\/teslafm.net\\\/wp-content\\\/uploads\\\/2020\\\/06\\\/logo-tesla.png\",\"width\":512,\"height\":512,\"caption\":\"TeslaFM\"},\"image\":{\"@id\":\"https:\\\/\\\/teslafm.net\\\/#\\\/schema\\\/logo\\\/image\\\/\"},\"sameAs\":[\"https:\\\/\\\/www.facebook.com\\\/teslafm.net\",\"https:\\\/\\\/x.com\\\/teslafm\"]}]}<\/script>\n<!-- \/ Yoast SEO plugin. -->","yoast_head_json":{"title":"The Noise is the Message #29 -","robots":{"index":"index","follow":"follow","max-snippet":"max-snippet:-1","max-image-preview":"max-image-preview:large","max-video-preview":"max-video-preview:-1"},"canonical":"https:\/\/teslafm.net\/en\/el-ruido-es-el-mensaje-29\/","og_locale":"en_US","og_type":"article","og_title":"El Ruido es el Mensaje #29 -","og_description":"El RUIDO es el Mensaje #29 Junio 2023 1. #DISRUPTIVAS \u00abAs\u00ed como hay un cine de autor, hay una radio de autor. Es radio de creaci\u00f3n, de expresi\u00f3n art\u00edstica, de reflexi\u00f3n y experimentaci\u00f3n.\u00bb \u2014| Asbel L\u00f3pez \u2588 #DISRUPTIVAS: es un proyecto que surge como necesidad ante un panorama dentro del mundo del sonido bastante precario. [&hellip;]","og_url":"https:\/\/teslafm.net\/en\/el-ruido-es-el-mensaje-29\/","article_publisher":"https:\/\/www.facebook.com\/teslafm.net","article_modified_time":"2023-06-29T14:18:16+00:00","og_image":[{"url":"http:\/\/teslafm.net\/wp-content\/uploads\/2023\/06\/disruptivas-1.png","type":"","width":"","height":""}],"twitter_card":"summary_large_image","twitter_site":"@teslafm","twitter_misc":{"Est. reading time":"2 minutes"},"schema":{"@context":"https:\/\/schema.org","@graph":[{"@type":"WebPage","@id":"https:\/\/teslafm.net\/el-ruido-es-el-mensaje-29\/","url":"https:\/\/teslafm.net\/el-ruido-es-el-mensaje-29\/","name":"The Noise is the Message #29 -","isPartOf":{"@id":"https:\/\/teslafm.net\/#website"},"primaryImageOfPage":{"@id":"https:\/\/teslafm.net\/el-ruido-es-el-mensaje-29\/#primaryimage"},"image":{"@id":"https:\/\/teslafm.net\/el-ruido-es-el-mensaje-29\/#primaryimage"},"thumbnailUrl":"http:\/\/teslafm.net\/wp-content\/uploads\/2023\/06\/disruptivas-1.png","datePublished":"2023-06-29T14:01:21+00:00","dateModified":"2023-06-29T14:18:16+00:00","breadcrumb":{"@id":"https:\/\/teslafm.net\/el-ruido-es-el-mensaje-29\/#breadcrumb"},"inLanguage":"en-US","potentialAction":[{"@type":"ReadAction","target":["https:\/\/teslafm.net\/el-ruido-es-el-mensaje-29\/"]}]},{"@type":"ImageObject","inLanguage":"en-US","@id":"https:\/\/teslafm.net\/el-ruido-es-el-mensaje-29\/#primaryimage","url":"http:\/\/teslafm.net\/wp-content\/uploads\/2023\/06\/disruptivas-1.png","contentUrl":"http:\/\/teslafm.net\/wp-content\/uploads\/2023\/06\/disruptivas-1.png"},{"@type":"BreadcrumbList","@id":"https:\/\/teslafm.net\/el-ruido-es-el-mensaje-29\/#breadcrumb","itemListElement":[{"@type":"ListItem","position":1,"name":"Portada","item":"https:\/\/teslafm.net\/"},{"@type":"ListItem","position":2,"name":"El Ruido es el Mensaje #29"}]},{"@type":"WebSite","@id":"https:\/\/teslafm.net\/#website","url":"https:\/\/teslafm.net\/","name":"TeslaFM","description":"An experimental and creative radio","publisher":{"@id":"https:\/\/teslafm.net\/#organization"},"potentialAction":[{"@type":"SearchAction","target":{"@type":"EntryPoint","urlTemplate":"https:\/\/teslafm.net\/?s={search_term_string}"},"query-input":{"@type":"PropertyValueSpecification","valueRequired":true,"valueName":"search_term_string"}}],"inLanguage":"en-US"},{"@type":"Organization","@id":"https:\/\/teslafm.net\/#organization","name":"TeslaFM","url":"https:\/\/teslafm.net\/","logo":{"@type":"ImageObject","inLanguage":"en-US","@id":"https:\/\/teslafm.net\/#\/schema\/logo\/image\/","url":"https:\/\/teslafm.net\/wp-content\/uploads\/2020\/06\/logo-tesla.png","contentUrl":"https:\/\/teslafm.net\/wp-content\/uploads\/2020\/06\/logo-tesla.png","width":512,"height":512,"caption":"TeslaFM"},"image":{"@id":"https:\/\/teslafm.net\/#\/schema\/logo\/image\/"},"sameAs":["https:\/\/www.facebook.com\/teslafm.net","https:\/\/x.com\/teslafm"]}]}},"rttpg_featured_image_url":null,"rttpg_author":{"display_name":"Ishak","author_link":"https:\/\/teslafm.net\/en\/author\/cravan\/"},"rttpg_comment":0,"rttpg_category":null,"rttpg_excerpt":"El RUIDO es el Mensaje #29 Junio 2023 1. #DISRUPTIVAS \u00abAs\u00ed como hay un cine de autor, hay una radio de autor. Es radio de creaci\u00f3n, de expresi\u00f3n art\u00edstica, de reflexi\u00f3n y experimentaci\u00f3n.\u00bb \u2014| Asbel L\u00f3pez \u2588 #DISRUPTIVAS: es un proyecto que surge como necesidad ante un panorama dentro del mundo del sonido bastante precario.&hellip;","_links":{"self":[{"href":"https:\/\/teslafm.net\/en\/wp-json\/wp\/v2\/pages\/62859","targetHints":{"allow":["GET"]}}],"collection":[{"href":"https:\/\/teslafm.net\/en\/wp-json\/wp\/v2\/pages"}],"about":[{"href":"https:\/\/teslafm.net\/en\/wp-json\/wp\/v2\/types\/page"}],"author":[{"embeddable":true,"href":"https:\/\/teslafm.net\/en\/wp-json\/wp\/v2\/users\/19"}],"replies":[{"embeddable":true,"href":"https:\/\/teslafm.net\/en\/wp-json\/wp\/v2\/comments?post=62859"}],"version-history":[{"count":11,"href":"https:\/\/teslafm.net\/en\/wp-json\/wp\/v2\/pages\/62859\/revisions"}],"predecessor-version":[{"id":62875,"href":"https:\/\/teslafm.net\/en\/wp-json\/wp\/v2\/pages\/62859\/revisions\/62875"}],"wp:attachment":[{"href":"https:\/\/teslafm.net\/en\/wp-json\/wp\/v2\/media?parent=62859"}],"curies":[{"name":"wp","href":"https:\/\/api.w.org\/{rel}","templated":true}]}}