

{"id":62876,"date":"2023-06-30T23:38:42","date_gmt":"2023-06-30T21:38:42","guid":{"rendered":"https:\/\/teslafm.net\/?page_id=62876"},"modified":"2023-06-30T23:43:31","modified_gmt":"2023-06-30T21:43:31","slug":"deltagrama-16","status":"publish","type":"page","link":"https:\/\/teslafm.net\/en\/deltagrama-16\/","title":{"rendered":"Deltagram #16"},"content":{"rendered":"<div data-elementor-type=\"wp-page\" data-elementor-id=\"62876\" class=\"elementor elementor-62876\">\n\t\t\t\t\t\t<section class=\"elementor-section elementor-top-section elementor-element elementor-element-3e7c11fd elementor-section-boxed elementor-section-height-default elementor-section-height-default\" data-id=\"3e7c11fd\" data-element_type=\"section\" data-e-type=\"section\">\n\t\t\t\t\t\t<div class=\"elementor-container elementor-column-gap-default\">\n\t\t\t\t\t<div class=\"elementor-column elementor-col-100 elementor-top-column elementor-element elementor-element-3d13943e\" data-id=\"3d13943e\" data-element_type=\"column\" data-e-type=\"column\">\n\t\t\t<div class=\"elementor-widget-wrap elementor-element-populated\">\n\t\t\t\t\t\t<div class=\"elementor-element elementor-element-5a40e72d elementor-widget elementor-widget-text-editor\" data-id=\"5a40e72d\" data-element_type=\"widget\" data-e-type=\"widget\" data-widget_type=\"text-editor.default\">\n\t\t\t\t<div class=\"elementor-widget-container\">\n\t\t\t\t\t\t\t\t\t<h2><span style=\"color: #ffffff;\"><strong>Deltagram #16<\/strong><\/span><\/h2><p><span style=\"color: #808080;\"><em>29 June 2023<\/em><\/span><\/p><p><iframe src=\"https:\/\/www.mixcloud.com\/widget\/iframe\/?hide_cover=1&amp;feed=%2FTeslafm_net%2Fdeltagrama-16-soul-twin%2F\" width=\"100%\" height=\"120\" frameborder=\"0\"><\/iframe><\/p><div dir=\"auto\">\u00a0<\/div>\t\t\t\t\t\t\t\t<\/div>\n\t\t\t\t<\/div>\n\t\t\t\t\t<\/div>\n\t\t<\/div>\n\t\t\t\t\t<\/div>\n\t\t<\/section>\n\t\t\t\t<section class=\"elementor-section elementor-top-section elementor-element elementor-element-268e152 elementor-section-boxed elementor-section-height-default elementor-section-height-default\" data-id=\"268e152\" data-element_type=\"section\" data-e-type=\"section\">\n\t\t\t\t\t\t<div class=\"elementor-container elementor-column-gap-default\">\n\t\t\t\t\t<div class=\"elementor-column elementor-col-50 elementor-top-column elementor-element elementor-element-e13c457\" data-id=\"e13c457\" data-element_type=\"column\" data-e-type=\"column\">\n\t\t\t<div class=\"elementor-widget-wrap elementor-element-populated\">\n\t\t\t\t\t\t<div class=\"elementor-element elementor-element-96bc81c elementor-widget elementor-widget-image\" data-id=\"96bc81c\" data-element_type=\"widget\" data-e-type=\"widget\" data-widget_type=\"image.default\">\n\t\t\t\t<div class=\"elementor-widget-container\">\n\t\t\t\t\t\t\t\t\t\t\t\t\t\t\t<img fetchpriority=\"high\" decoding=\"async\" width=\"1024\" height=\"1024\" src=\"https:\/\/teslafm.net\/wp-content\/uploads\/2023\/06\/DELTAGRAMA-1-1024x1024.jpg\" class=\"attachment-large size-large wp-image-62879\" alt=\"\" srcset=\"https:\/\/teslafm.net\/wp-content\/uploads\/2023\/06\/DELTAGRAMA-1-1024x1024.jpg 1024w, https:\/\/teslafm.net\/wp-content\/uploads\/2023\/06\/DELTAGRAMA-1-300x300.jpg 300w, https:\/\/teslafm.net\/wp-content\/uploads\/2023\/06\/DELTAGRAMA-1-150x150.jpg 150w, https:\/\/teslafm.net\/wp-content\/uploads\/2023\/06\/DELTAGRAMA-1-768x768.jpg 768w, https:\/\/teslafm.net\/wp-content\/uploads\/2023\/06\/DELTAGRAMA-1-12x12.jpg 12w, https:\/\/teslafm.net\/wp-content\/uploads\/2023\/06\/DELTAGRAMA-1.jpg 1080w\" sizes=\"(max-width: 1024px) 100vw, 1024px\" \/>\t\t\t\t\t\t\t\t\t\t\t\t\t\t\t<\/div>\n\t\t\t\t<\/div>\n\t\t\t\t\t<\/div>\n\t\t<\/div>\n\t\t\t\t<div class=\"elementor-column elementor-col-50 elementor-top-column elementor-element elementor-element-3e7979d\" data-id=\"3e7979d\" data-element_type=\"column\" data-e-type=\"column\">\n\t\t\t<div class=\"elementor-widget-wrap elementor-element-populated\">\n\t\t\t\t\t\t<div class=\"elementor-element elementor-element-45077f1 elementor-widget elementor-widget-text-editor\" data-id=\"45077f1\" data-element_type=\"widget\" data-e-type=\"widget\" data-widget_type=\"text-editor.default\">\n\t\t\t\t<div class=\"elementor-widget-container\">\n\t\t\t\t\t\t\t\t\t<div><span style=\"color: #808080;\">This month the program is in charge of <strong>Misty<\/strong>a.k.a. <strong>Blanca Rodriguez<\/strong>born in Seville and based in the Ebro Delta. Her music focuses on the expression of personal emotions and details of everyday life through techniques such as sampling, field recordings and ethereal electronic processing.<\/span><\/div><div>\u00a0<\/div><div><span style=\"color: #808080;\">Next to <strong>Sergi Idiarte<\/strong> are founders of the <strong>Mind Product Records<\/strong>both form the experimental music project <strong>Soul Twin<\/strong> and are responsible for <em>Deltagram<\/em>.<\/span><\/div><div dir=\"auto\"><span style=\"color: #808080;\">On this occasion, <strong>Misty<\/strong> presents some of his current musical references and some of his own songs.<\/span><\/div>\t\t\t\t\t\t\t\t<\/div>\n\t\t\t\t<\/div>\n\t\t\t\t\t<\/div>\n\t\t<\/div>\n\t\t\t\t\t<\/div>\n\t\t<\/section>\n\t\t\t\t<\/div>","protected":false},"excerpt":{"rendered":"<p>Deltagrama #16 29 Junio 2023 \u00a0 Este mes el programa corre a cargo de Misty, alias de Blanca Rodr\u00edguez, nacida en Sevilla y radicada en el Delta del Ebro. Su m\u00fasica se centra en la expresi\u00f3n de emociones personales y detalles de la vida cotidiana a trav\u00e9s de t\u00e9cnicas como el sampling, grabaciones de campo [&hellip;]<\/p>\n","protected":false},"author":19,"featured_media":0,"parent":0,"menu_order":0,"comment_status":"closed","ping_status":"closed","template":"","meta":{"footnotes":""},"class_list":["post-62876","page","type-page","status-publish","hentry"],"yoast_head":"<!-- This site is optimized with the Yoast SEO plugin v27.4 - https:\/\/yoast.com\/product\/yoast-seo-wordpress\/ -->\n<title>Deltagrama #16 -<\/title>\n<meta name=\"robots\" content=\"index, follow, max-snippet:-1, max-image-preview:large, max-video-preview:-1\" \/>\n<link rel=\"canonical\" href=\"https:\/\/teslafm.net\/en\/deltagrama-16\/\" \/>\n<meta property=\"og:locale\" content=\"en_US\" \/>\n<meta property=\"og:type\" content=\"article\" \/>\n<meta property=\"og:title\" content=\"Deltagrama #16 -\" \/>\n<meta property=\"og:description\" content=\"Deltagrama #16 29 Junio 2023 \u00a0 Este mes el programa corre a cargo de Misty, alias de Blanca Rodr\u00edguez, nacida en Sevilla y radicada en el Delta del Ebro. Su m\u00fasica se centra en la expresi\u00f3n de emociones personales y detalles de la vida cotidiana a trav\u00e9s de t\u00e9cnicas como el sampling, grabaciones de campo [&hellip;]\" \/>\n<meta property=\"og:url\" content=\"https:\/\/teslafm.net\/en\/deltagrama-16\/\" \/>\n<meta property=\"article:publisher\" content=\"https:\/\/www.facebook.com\/teslafm.net\" \/>\n<meta property=\"article:modified_time\" content=\"2023-06-30T21:43:31+00:00\" \/>\n<meta property=\"og:image\" content=\"http:\/\/teslafm.net\/wp-content\/uploads\/2023\/06\/DELTAGRAMA-1-1024x1024.jpg\" \/>\n<meta name=\"twitter:card\" content=\"summary_large_image\" \/>\n<meta name=\"twitter:site\" content=\"@teslafm\" \/>\n<meta name=\"twitter:label1\" content=\"Est. reading time\" \/>\n\t<meta name=\"twitter:data1\" content=\"1 minute\" \/>\n<script type=\"application\/ld+json\" class=\"yoast-schema-graph\">{\"@context\":\"https:\\\/\\\/schema.org\",\"@graph\":[{\"@type\":\"WebPage\",\"@id\":\"https:\\\/\\\/teslafm.net\\\/deltagrama-16\\\/\",\"url\":\"https:\\\/\\\/teslafm.net\\\/deltagrama-16\\\/\",\"name\":\"Deltagrama #16 -\",\"isPartOf\":{\"@id\":\"https:\\\/\\\/teslafm.net\\\/#website\"},\"primaryImageOfPage\":{\"@id\":\"https:\\\/\\\/teslafm.net\\\/deltagrama-16\\\/#primaryimage\"},\"image\":{\"@id\":\"https:\\\/\\\/teslafm.net\\\/deltagrama-16\\\/#primaryimage\"},\"thumbnailUrl\":\"http:\\\/\\\/teslafm.net\\\/wp-content\\\/uploads\\\/2023\\\/06\\\/DELTAGRAMA-1-1024x1024.jpg\",\"datePublished\":\"2023-06-30T21:38:42+00:00\",\"dateModified\":\"2023-06-30T21:43:31+00:00\",\"breadcrumb\":{\"@id\":\"https:\\\/\\\/teslafm.net\\\/deltagrama-16\\\/#breadcrumb\"},\"inLanguage\":\"en-US\",\"potentialAction\":[{\"@type\":\"ReadAction\",\"target\":[\"https:\\\/\\\/teslafm.net\\\/deltagrama-16\\\/\"]}]},{\"@type\":\"ImageObject\",\"inLanguage\":\"en-US\",\"@id\":\"https:\\\/\\\/teslafm.net\\\/deltagrama-16\\\/#primaryimage\",\"url\":\"http:\\\/\\\/teslafm.net\\\/wp-content\\\/uploads\\\/2023\\\/06\\\/DELTAGRAMA-1-1024x1024.jpg\",\"contentUrl\":\"http:\\\/\\\/teslafm.net\\\/wp-content\\\/uploads\\\/2023\\\/06\\\/DELTAGRAMA-1-1024x1024.jpg\"},{\"@type\":\"BreadcrumbList\",\"@id\":\"https:\\\/\\\/teslafm.net\\\/deltagrama-16\\\/#breadcrumb\",\"itemListElement\":[{\"@type\":\"ListItem\",\"position\":1,\"name\":\"Portada\",\"item\":\"https:\\\/\\\/teslafm.net\\\/\"},{\"@type\":\"ListItem\",\"position\":2,\"name\":\"Deltagrama #16\"}]},{\"@type\":\"WebSite\",\"@id\":\"https:\\\/\\\/teslafm.net\\\/#website\",\"url\":\"https:\\\/\\\/teslafm.net\\\/\",\"name\":\"TeslaFM\",\"description\":\"An experimental and creative radio\",\"publisher\":{\"@id\":\"https:\\\/\\\/teslafm.net\\\/#organization\"},\"potentialAction\":[{\"@type\":\"SearchAction\",\"target\":{\"@type\":\"EntryPoint\",\"urlTemplate\":\"https:\\\/\\\/teslafm.net\\\/?s={search_term_string}\"},\"query-input\":{\"@type\":\"PropertyValueSpecification\",\"valueRequired\":true,\"valueName\":\"search_term_string\"}}],\"inLanguage\":\"en-US\"},{\"@type\":\"Organization\",\"@id\":\"https:\\\/\\\/teslafm.net\\\/#organization\",\"name\":\"TeslaFM\",\"url\":\"https:\\\/\\\/teslafm.net\\\/\",\"logo\":{\"@type\":\"ImageObject\",\"inLanguage\":\"en-US\",\"@id\":\"https:\\\/\\\/teslafm.net\\\/#\\\/schema\\\/logo\\\/image\\\/\",\"url\":\"https:\\\/\\\/teslafm.net\\\/wp-content\\\/uploads\\\/2020\\\/06\\\/logo-tesla.png\",\"contentUrl\":\"https:\\\/\\\/teslafm.net\\\/wp-content\\\/uploads\\\/2020\\\/06\\\/logo-tesla.png\",\"width\":512,\"height\":512,\"caption\":\"TeslaFM\"},\"image\":{\"@id\":\"https:\\\/\\\/teslafm.net\\\/#\\\/schema\\\/logo\\\/image\\\/\"},\"sameAs\":[\"https:\\\/\\\/www.facebook.com\\\/teslafm.net\",\"https:\\\/\\\/x.com\\\/teslafm\"]}]}<\/script>\n<!-- \/ Yoast SEO plugin. -->","yoast_head_json":{"title":"Deltagrama #16 -","robots":{"index":"index","follow":"follow","max-snippet":"max-snippet:-1","max-image-preview":"max-image-preview:large","max-video-preview":"max-video-preview:-1"},"canonical":"https:\/\/teslafm.net\/en\/deltagrama-16\/","og_locale":"en_US","og_type":"article","og_title":"Deltagrama #16 -","og_description":"Deltagrama #16 29 Junio 2023 \u00a0 Este mes el programa corre a cargo de Misty, alias de Blanca Rodr\u00edguez, nacida en Sevilla y radicada en el Delta del Ebro. Su m\u00fasica se centra en la expresi\u00f3n de emociones personales y detalles de la vida cotidiana a trav\u00e9s de t\u00e9cnicas como el sampling, grabaciones de campo [&hellip;]","og_url":"https:\/\/teslafm.net\/en\/deltagrama-16\/","article_publisher":"https:\/\/www.facebook.com\/teslafm.net","article_modified_time":"2023-06-30T21:43:31+00:00","og_image":[{"url":"http:\/\/teslafm.net\/wp-content\/uploads\/2023\/06\/DELTAGRAMA-1-1024x1024.jpg","type":"","width":"","height":""}],"twitter_card":"summary_large_image","twitter_site":"@teslafm","twitter_misc":{"Est. reading time":"1 minute"},"schema":{"@context":"https:\/\/schema.org","@graph":[{"@type":"WebPage","@id":"https:\/\/teslafm.net\/deltagrama-16\/","url":"https:\/\/teslafm.net\/deltagrama-16\/","name":"Deltagrama #16 -","isPartOf":{"@id":"https:\/\/teslafm.net\/#website"},"primaryImageOfPage":{"@id":"https:\/\/teslafm.net\/deltagrama-16\/#primaryimage"},"image":{"@id":"https:\/\/teslafm.net\/deltagrama-16\/#primaryimage"},"thumbnailUrl":"http:\/\/teslafm.net\/wp-content\/uploads\/2023\/06\/DELTAGRAMA-1-1024x1024.jpg","datePublished":"2023-06-30T21:38:42+00:00","dateModified":"2023-06-30T21:43:31+00:00","breadcrumb":{"@id":"https:\/\/teslafm.net\/deltagrama-16\/#breadcrumb"},"inLanguage":"en-US","potentialAction":[{"@type":"ReadAction","target":["https:\/\/teslafm.net\/deltagrama-16\/"]}]},{"@type":"ImageObject","inLanguage":"en-US","@id":"https:\/\/teslafm.net\/deltagrama-16\/#primaryimage","url":"http:\/\/teslafm.net\/wp-content\/uploads\/2023\/06\/DELTAGRAMA-1-1024x1024.jpg","contentUrl":"http:\/\/teslafm.net\/wp-content\/uploads\/2023\/06\/DELTAGRAMA-1-1024x1024.jpg"},{"@type":"BreadcrumbList","@id":"https:\/\/teslafm.net\/deltagrama-16\/#breadcrumb","itemListElement":[{"@type":"ListItem","position":1,"name":"Portada","item":"https:\/\/teslafm.net\/"},{"@type":"ListItem","position":2,"name":"Deltagrama #16"}]},{"@type":"WebSite","@id":"https:\/\/teslafm.net\/#website","url":"https:\/\/teslafm.net\/","name":"TeslaFM","description":"An experimental and creative radio","publisher":{"@id":"https:\/\/teslafm.net\/#organization"},"potentialAction":[{"@type":"SearchAction","target":{"@type":"EntryPoint","urlTemplate":"https:\/\/teslafm.net\/?s={search_term_string}"},"query-input":{"@type":"PropertyValueSpecification","valueRequired":true,"valueName":"search_term_string"}}],"inLanguage":"en-US"},{"@type":"Organization","@id":"https:\/\/teslafm.net\/#organization","name":"TeslaFM","url":"https:\/\/teslafm.net\/","logo":{"@type":"ImageObject","inLanguage":"en-US","@id":"https:\/\/teslafm.net\/#\/schema\/logo\/image\/","url":"https:\/\/teslafm.net\/wp-content\/uploads\/2020\/06\/logo-tesla.png","contentUrl":"https:\/\/teslafm.net\/wp-content\/uploads\/2020\/06\/logo-tesla.png","width":512,"height":512,"caption":"TeslaFM"},"image":{"@id":"https:\/\/teslafm.net\/#\/schema\/logo\/image\/"},"sameAs":["https:\/\/www.facebook.com\/teslafm.net","https:\/\/x.com\/teslafm"]}]}},"rttpg_featured_image_url":null,"rttpg_author":{"display_name":"Ishak","author_link":"https:\/\/teslafm.net\/en\/author\/cravan\/"},"rttpg_comment":0,"rttpg_category":null,"rttpg_excerpt":"Deltagrama #16 29 Junio 2023 \u00a0 Este mes el programa corre a cargo de Misty, alias de Blanca Rodr\u00edguez, nacida en Sevilla y radicada en el Delta del Ebro. Su m\u00fasica se centra en la expresi\u00f3n de emociones personales y detalles de la vida cotidiana a trav\u00e9s de t\u00e9cnicas como el sampling, grabaciones de campo&hellip;","_links":{"self":[{"href":"https:\/\/teslafm.net\/en\/wp-json\/wp\/v2\/pages\/62876","targetHints":{"allow":["GET"]}}],"collection":[{"href":"https:\/\/teslafm.net\/en\/wp-json\/wp\/v2\/pages"}],"about":[{"href":"https:\/\/teslafm.net\/en\/wp-json\/wp\/v2\/types\/page"}],"author":[{"embeddable":true,"href":"https:\/\/teslafm.net\/en\/wp-json\/wp\/v2\/users\/19"}],"replies":[{"embeddable":true,"href":"https:\/\/teslafm.net\/en\/wp-json\/wp\/v2\/comments?post=62876"}],"version-history":[{"count":7,"href":"https:\/\/teslafm.net\/en\/wp-json\/wp\/v2\/pages\/62876\/revisions"}],"predecessor-version":[{"id":62894,"href":"https:\/\/teslafm.net\/en\/wp-json\/wp\/v2\/pages\/62876\/revisions\/62894"}],"wp:attachment":[{"href":"https:\/\/teslafm.net\/en\/wp-json\/wp\/v2\/media?parent=62876"}],"curies":[{"name":"wp","href":"https:\/\/api.w.org\/{rel}","templated":true}]}}