

{"id":62938,"date":"2023-07-11T16:03:27","date_gmt":"2023-07-11T14:03:27","guid":{"rendered":"https:\/\/teslafm.net\/?page_id=62938"},"modified":"2023-07-11T16:03:27","modified_gmt":"2023-07-11T14:03:27","slug":"ananke-48","status":"publish","type":"page","link":"https:\/\/teslafm.net\/en\/ananke-48\/","title":{"rendered":"Anank\u00e9 #48"},"content":{"rendered":"<h2><span style=\"color: #ffffff;\"><strong>Anank\u00e9 Chapter XLVIII<\/strong><\/span><\/h2>\n<p><span style=\"color: #808080;\"><em>July 2023<\/em><\/span><\/p>\n<p><iframe src=\"https:\/\/www.mixcloud.com\/widget\/iframe\/?hide_cover=1&amp;feed=%2FTeslafm_net%2Fanank%C3%A9-48-jaco%2F\" width=\"100%\" height=\"120\" frameborder=\"0\"><\/iframe><\/p>\n<p><span style=\"color: #808080;\">01. <strong>Mayssa Jallad<\/strong> - Etel - Marjaa: The Battle of the Hotels (Ruptured, 2023)<\/span><br \/>\n<span style=\"color: #808080;\">02. <strong>Delphine Dora<\/strong> - Intimo Interior - As Above So Below (Recital, 2023)<\/span><br \/>\n<span style=\"color: #808080;\">03. <strong>Graham Lambkin<\/strong> - Needlemuff - Aphorisms (Blank Forms, 2023)<\/span><br \/>\n<span style=\"color: #808080;\">04. <strong>Not Waving<\/strong> - I Found You - The Place I've Been Missing (Ecstatic, 2023)<\/span><br \/>\n<span style=\"color: #808080;\">05. <strong>David Toop &amp; Lawrence English<\/strong> - Whistling in the Dark - The Shell That Speaks the Sea (Room40, 2023)<\/span><br \/>\n<span style=\"color: #808080;\">06. <strong>Divide and Dissolve<\/strong> - Kingdom of Fear - Systemic (Invada, 2023)<\/span><br \/>\n<span style=\"color: #808080;\">07. <strong>Liturgy<\/strong> - Angel of Sovereignty - 93696 (Thrill Jockey, 2023)<\/span><br \/>\n<span style=\"color: #808080;\">08. <strong>Wolf Eyes<\/strong> - Engaged Withdrawal - Dreams in Splattered Lines (Disciples, 2023)<\/span><br \/>\n<span style=\"color: #808080;\">09. <strong>Amy Cutler<\/strong> - where are the lost summer days - Sister Time (Strategic Tape Reserve, 2023)<\/span><br \/>\n<span style=\"color: #808080;\">10. <strong>Klara Lewis &amp; Nik Colk Void<\/strong> - Ski - Full-On (Alter, 2023)<\/span><br \/>\n<span style=\"color: #808080;\">11. <strong>Al Karpenter<\/strong> - We Were What We Did - Compilation V5 (Eclectic Reactions Records, 2023)<\/span><br \/>\n<span style=\"color: #808080;\">12. <strong>Radithor<\/strong> - Botxo - Compilation V5 (Eclectic Reactions Records, 2023)<\/span><br \/>\n<span style=\"color: #808080;\">13. <strong>Aphex Twin<\/strong> - Blackbox Life Recorder 21f - Blackbox Life Recorder 21f \/ in a room7 F760 (Warp, 2023)<\/span><br \/>\n<span style=\"color: #808080;\">14. <strong>Leila<\/strong> - So Low... Amen - Like Weather (Rephlex, 1998\/2020)<\/span><br \/>\n<span style=\"color: #808080;\">15. <strong>Marta Salogni &amp; Tom Relleen<\/strong> - March - Music for Open Spaces (Hands in the Dark, 2023)<\/span><br \/>\n<span style=\"color: #808080;\">16. <strong>Emahoy Tsegu\u00e9-Maryam Gu\u00e8brou<\/strong> - Quand la mer furieuse - Jerusalem (Mississippi, 2023)<\/span><\/p>","protected":false},"excerpt":{"rendered":"<p>Anank\u00e9 Cap\u00edtulo XLVIII Julio 2023 01. Mayssa Jallad &#8211; Etel &#8211; Marjaa: The Battle of the Hotels (Ruptured, 2023) 02. Delphine Dora &#8211; Intimo Interior &#8211; As Above So Below (Recital, 2023) 03. Graham Lambkin &#8211; Needlemuff &#8211; Aphorisms (Blank Forms, 2023) 04. Not Waving &#8211; I Found You &#8211; The Place I&#8217;ve Been Missing [&hellip;]<\/p>\n","protected":false},"author":19,"featured_media":0,"parent":0,"menu_order":0,"comment_status":"closed","ping_status":"closed","template":"","meta":{"footnotes":""},"class_list":["post-62938","page","type-page","status-publish","hentry"],"yoast_head":"<!-- This site is optimized with the Yoast SEO plugin v27.4 - https:\/\/yoast.com\/product\/yoast-seo-wordpress\/ -->\n<title>Anank\u00e9 #48 -<\/title>\n<meta name=\"robots\" content=\"index, follow, max-snippet:-1, max-image-preview:large, max-video-preview:-1\" \/>\n<link rel=\"canonical\" href=\"https:\/\/teslafm.net\/en\/ananke-48\/\" \/>\n<meta property=\"og:locale\" content=\"en_US\" \/>\n<meta property=\"og:type\" content=\"article\" \/>\n<meta property=\"og:title\" content=\"Anank\u00e9 #48 -\" \/>\n<meta property=\"og:description\" content=\"Anank\u00e9 Cap\u00edtulo XLVIII Julio 2023 01. Mayssa Jallad &#8211; Etel &#8211; Marjaa: The Battle of the Hotels (Ruptured, 2023) 02. Delphine Dora &#8211; Intimo Interior &#8211; As Above So Below (Recital, 2023) 03. Graham Lambkin &#8211; Needlemuff &#8211; Aphorisms (Blank Forms, 2023) 04. Not Waving &#8211; I Found You &#8211; The Place I&#8217;ve Been Missing [&hellip;]\" \/>\n<meta property=\"og:url\" content=\"https:\/\/teslafm.net\/en\/ananke-48\/\" \/>\n<meta property=\"article:publisher\" content=\"https:\/\/www.facebook.com\/teslafm.net\" \/>\n<meta property=\"og:image\" content=\"https:\/\/teslafm.net\/wp-content\/uploads\/2022\/09\/header-image-4-temp.png\" \/>\n\t<meta property=\"og:image:width\" content=\"1274\" \/>\n\t<meta property=\"og:image:height\" content=\"818\" \/>\n\t<meta property=\"og:image:type\" content=\"image\/png\" \/>\n<meta name=\"twitter:card\" content=\"summary_large_image\" \/>\n<meta name=\"twitter:site\" content=\"@teslafm\" \/>\n<meta name=\"twitter:label1\" content=\"Est. reading time\" \/>\n\t<meta name=\"twitter:data1\" content=\"1 minute\" \/>\n<script type=\"application\/ld+json\" class=\"yoast-schema-graph\">{\"@context\":\"https:\\\/\\\/schema.org\",\"@graph\":[{\"@type\":\"WebPage\",\"@id\":\"https:\\\/\\\/teslafm.net\\\/ananke-48\\\/\",\"url\":\"https:\\\/\\\/teslafm.net\\\/ananke-48\\\/\",\"name\":\"Anank\u00e9 #48 -\",\"isPartOf\":{\"@id\":\"https:\\\/\\\/teslafm.net\\\/#website\"},\"datePublished\":\"2023-07-11T14:03:27+00:00\",\"breadcrumb\":{\"@id\":\"https:\\\/\\\/teslafm.net\\\/ananke-48\\\/#breadcrumb\"},\"inLanguage\":\"en-US\",\"potentialAction\":[{\"@type\":\"ReadAction\",\"target\":[\"https:\\\/\\\/teslafm.net\\\/ananke-48\\\/\"]}]},{\"@type\":\"BreadcrumbList\",\"@id\":\"https:\\\/\\\/teslafm.net\\\/ananke-48\\\/#breadcrumb\",\"itemListElement\":[{\"@type\":\"ListItem\",\"position\":1,\"name\":\"Portada\",\"item\":\"https:\\\/\\\/teslafm.net\\\/\"},{\"@type\":\"ListItem\",\"position\":2,\"name\":\"Anank\u00e9 #48\"}]},{\"@type\":\"WebSite\",\"@id\":\"https:\\\/\\\/teslafm.net\\\/#website\",\"url\":\"https:\\\/\\\/teslafm.net\\\/\",\"name\":\"TeslaFM\",\"description\":\"An experimental and creative radio\",\"publisher\":{\"@id\":\"https:\\\/\\\/teslafm.net\\\/#organization\"},\"potentialAction\":[{\"@type\":\"SearchAction\",\"target\":{\"@type\":\"EntryPoint\",\"urlTemplate\":\"https:\\\/\\\/teslafm.net\\\/?s={search_term_string}\"},\"query-input\":{\"@type\":\"PropertyValueSpecification\",\"valueRequired\":true,\"valueName\":\"search_term_string\"}}],\"inLanguage\":\"en-US\"},{\"@type\":\"Organization\",\"@id\":\"https:\\\/\\\/teslafm.net\\\/#organization\",\"name\":\"TeslaFM\",\"url\":\"https:\\\/\\\/teslafm.net\\\/\",\"logo\":{\"@type\":\"ImageObject\",\"inLanguage\":\"en-US\",\"@id\":\"https:\\\/\\\/teslafm.net\\\/#\\\/schema\\\/logo\\\/image\\\/\",\"url\":\"https:\\\/\\\/teslafm.net\\\/wp-content\\\/uploads\\\/2020\\\/06\\\/logo-tesla.png\",\"contentUrl\":\"https:\\\/\\\/teslafm.net\\\/wp-content\\\/uploads\\\/2020\\\/06\\\/logo-tesla.png\",\"width\":512,\"height\":512,\"caption\":\"TeslaFM\"},\"image\":{\"@id\":\"https:\\\/\\\/teslafm.net\\\/#\\\/schema\\\/logo\\\/image\\\/\"},\"sameAs\":[\"https:\\\/\\\/www.facebook.com\\\/teslafm.net\",\"https:\\\/\\\/x.com\\\/teslafm\"]}]}<\/script>\n<!-- \/ Yoast SEO plugin. -->","yoast_head_json":{"title":"Anank\u00e9 #48 -","robots":{"index":"index","follow":"follow","max-snippet":"max-snippet:-1","max-image-preview":"max-image-preview:large","max-video-preview":"max-video-preview:-1"},"canonical":"https:\/\/teslafm.net\/en\/ananke-48\/","og_locale":"en_US","og_type":"article","og_title":"Anank\u00e9 #48 -","og_description":"Anank\u00e9 Cap\u00edtulo XLVIII Julio 2023 01. Mayssa Jallad &#8211; Etel &#8211; Marjaa: The Battle of the Hotels (Ruptured, 2023) 02. Delphine Dora &#8211; Intimo Interior &#8211; As Above So Below (Recital, 2023) 03. Graham Lambkin &#8211; Needlemuff &#8211; Aphorisms (Blank Forms, 2023) 04. Not Waving &#8211; I Found You &#8211; The Place I&#8217;ve Been Missing [&hellip;]","og_url":"https:\/\/teslafm.net\/en\/ananke-48\/","article_publisher":"https:\/\/www.facebook.com\/teslafm.net","og_image":[{"width":1274,"height":818,"url":"https:\/\/teslafm.net\/wp-content\/uploads\/2022\/09\/header-image-4-temp.png","type":"image\/png"}],"twitter_card":"summary_large_image","twitter_site":"@teslafm","twitter_misc":{"Est. reading time":"1 minute"},"schema":{"@context":"https:\/\/schema.org","@graph":[{"@type":"WebPage","@id":"https:\/\/teslafm.net\/ananke-48\/","url":"https:\/\/teslafm.net\/ananke-48\/","name":"Anank\u00e9 #48 -","isPartOf":{"@id":"https:\/\/teslafm.net\/#website"},"datePublished":"2023-07-11T14:03:27+00:00","breadcrumb":{"@id":"https:\/\/teslafm.net\/ananke-48\/#breadcrumb"},"inLanguage":"en-US","potentialAction":[{"@type":"ReadAction","target":["https:\/\/teslafm.net\/ananke-48\/"]}]},{"@type":"BreadcrumbList","@id":"https:\/\/teslafm.net\/ananke-48\/#breadcrumb","itemListElement":[{"@type":"ListItem","position":1,"name":"Portada","item":"https:\/\/teslafm.net\/"},{"@type":"ListItem","position":2,"name":"Anank\u00e9 #48"}]},{"@type":"WebSite","@id":"https:\/\/teslafm.net\/#website","url":"https:\/\/teslafm.net\/","name":"TeslaFM","description":"An experimental and creative radio","publisher":{"@id":"https:\/\/teslafm.net\/#organization"},"potentialAction":[{"@type":"SearchAction","target":{"@type":"EntryPoint","urlTemplate":"https:\/\/teslafm.net\/?s={search_term_string}"},"query-input":{"@type":"PropertyValueSpecification","valueRequired":true,"valueName":"search_term_string"}}],"inLanguage":"en-US"},{"@type":"Organization","@id":"https:\/\/teslafm.net\/#organization","name":"TeslaFM","url":"https:\/\/teslafm.net\/","logo":{"@type":"ImageObject","inLanguage":"en-US","@id":"https:\/\/teslafm.net\/#\/schema\/logo\/image\/","url":"https:\/\/teslafm.net\/wp-content\/uploads\/2020\/06\/logo-tesla.png","contentUrl":"https:\/\/teslafm.net\/wp-content\/uploads\/2020\/06\/logo-tesla.png","width":512,"height":512,"caption":"TeslaFM"},"image":{"@id":"https:\/\/teslafm.net\/#\/schema\/logo\/image\/"},"sameAs":["https:\/\/www.facebook.com\/teslafm.net","https:\/\/x.com\/teslafm"]}]}},"rttpg_featured_image_url":null,"rttpg_author":{"display_name":"Ishak","author_link":"https:\/\/teslafm.net\/en\/author\/cravan\/"},"rttpg_comment":0,"rttpg_category":null,"rttpg_excerpt":"Anank\u00e9 Cap\u00edtulo XLVIII Julio 2023 01. Mayssa Jallad &#8211; Etel &#8211; Marjaa: The Battle of the Hotels (Ruptured, 2023) 02. Delphine Dora &#8211; Intimo Interior &#8211; As Above So Below (Recital, 2023) 03. Graham Lambkin &#8211; Needlemuff &#8211; Aphorisms (Blank Forms, 2023) 04. Not Waving &#8211; I Found You &#8211; The Place I&#8217;ve Been Missing&hellip;","_links":{"self":[{"href":"https:\/\/teslafm.net\/en\/wp-json\/wp\/v2\/pages\/62938","targetHints":{"allow":["GET"]}}],"collection":[{"href":"https:\/\/teslafm.net\/en\/wp-json\/wp\/v2\/pages"}],"about":[{"href":"https:\/\/teslafm.net\/en\/wp-json\/wp\/v2\/types\/page"}],"author":[{"embeddable":true,"href":"https:\/\/teslafm.net\/en\/wp-json\/wp\/v2\/users\/19"}],"replies":[{"embeddable":true,"href":"https:\/\/teslafm.net\/en\/wp-json\/wp\/v2\/comments?post=62938"}],"version-history":[{"count":1,"href":"https:\/\/teslafm.net\/en\/wp-json\/wp\/v2\/pages\/62938\/revisions"}],"predecessor-version":[{"id":62939,"href":"https:\/\/teslafm.net\/en\/wp-json\/wp\/v2\/pages\/62938\/revisions\/62939"}],"wp:attachment":[{"href":"https:\/\/teslafm.net\/en\/wp-json\/wp\/v2\/media?parent=62938"}],"curies":[{"name":"wp","href":"https:\/\/api.w.org\/{rel}","templated":true}]}}