

{"id":63022,"date":"2023-07-22T16:31:59","date_gmt":"2023-07-22T14:31:59","guid":{"rendered":"https:\/\/teslafm.net\/?page_id=63022"},"modified":"2023-07-24T19:17:26","modified_gmt":"2023-07-24T17:17:26","slug":"modulisme-11","status":"publish","type":"page","link":"https:\/\/teslafm.net\/en\/modulisme-11\/","title":{"rendered":"Modulisme #11"},"content":{"rendered":"<div data-elementor-type=\"wp-page\" data-elementor-id=\"63022\" class=\"elementor elementor-63022\">\n\t\t\t\t\t\t<section class=\"elementor-section elementor-top-section elementor-element elementor-element-392b3b6c elementor-section-boxed elementor-section-height-default elementor-section-height-default\" data-id=\"392b3b6c\" data-element_type=\"section\" data-e-type=\"section\">\n\t\t\t\t\t\t<div class=\"elementor-container elementor-column-gap-default\">\n\t\t\t\t\t<div class=\"elementor-column elementor-col-100 elementor-top-column elementor-element elementor-element-57d3161a\" data-id=\"57d3161a\" data-element_type=\"column\" data-e-type=\"column\">\n\t\t\t<div class=\"elementor-widget-wrap elementor-element-populated\">\n\t\t\t\t\t\t<div class=\"elementor-element elementor-element-53264dfa elementor-widget elementor-widget-text-editor\" data-id=\"53264dfa\" data-element_type=\"widget\" data-e-type=\"widget\" data-widget_type=\"text-editor.default\">\n\t\t\t\t<div class=\"elementor-widget-container\">\n\t\t\t\t\t\t\t\t\t<h2><span style=\"color: #ffffff;\"><strong>Modulisme #11<\/strong><\/span><\/h2><p><span style=\"color: #808080;\"><em>Serge-O-Voxes 5.2 \/ Part 1<\/em><\/span><\/p><p><iframe src=\"https:\/\/www.mixcloud.com\/widget\/iframe\/?hide_cover=1&amp;feed=%2FTeslafm_net%2Fmodulisme-11-philippe-petit%2F\" width=\"100%\" height=\"120\" frameborder=\"0\"><\/iframe><\/p>\t\t\t\t\t\t\t\t<\/div>\n\t\t\t\t<\/div>\n\t\t\t\t\t<\/div>\n\t\t<\/div>\n\t\t\t\t\t<\/div>\n\t\t<\/section>\n\t\t\t\t<section class=\"elementor-section elementor-top-section elementor-element elementor-element-cb2d897 elementor-section-boxed elementor-section-height-default elementor-section-height-default\" data-id=\"cb2d897\" data-element_type=\"section\" data-e-type=\"section\">\n\t\t\t\t\t\t<div class=\"elementor-container elementor-column-gap-default\">\n\t\t\t\t\t<div class=\"elementor-column elementor-col-50 elementor-top-column elementor-element elementor-element-565d368\" data-id=\"565d368\" data-element_type=\"column\" data-e-type=\"column\">\n\t\t\t<div class=\"elementor-widget-wrap elementor-element-populated\">\n\t\t\t\t\t\t<div class=\"elementor-element elementor-element-7d67e36 elementor-widget elementor-widget-image\" data-id=\"7d67e36\" data-element_type=\"widget\" data-e-type=\"widget\" data-widget_type=\"image.default\">\n\t\t\t\t<div class=\"elementor-widget-container\">\n\t\t\t\t\t\t\t\t\t\t\t\t\t\t\t<img fetchpriority=\"high\" decoding=\"async\" width=\"800\" height=\"800\" src=\"https:\/\/teslafm.net\/wp-content\/uploads\/2023\/07\/1.jpg\" class=\"attachment-large size-large wp-image-63031\" alt=\"\" srcset=\"https:\/\/teslafm.net\/wp-content\/uploads\/2023\/07\/1.jpg 800w, https:\/\/teslafm.net\/wp-content\/uploads\/2023\/07\/1-300x300.jpg 300w, https:\/\/teslafm.net\/wp-content\/uploads\/2023\/07\/1-150x150.jpg 150w, https:\/\/teslafm.net\/wp-content\/uploads\/2023\/07\/1-768x768.jpg 768w, https:\/\/teslafm.net\/wp-content\/uploads\/2023\/07\/1-12x12.jpg 12w\" sizes=\"(max-width: 800px) 100vw, 800px\" \/>\t\t\t\t\t\t\t\t\t\t\t\t\t\t\t<\/div>\n\t\t\t\t<\/div>\n\t\t\t\t\t<\/div>\n\t\t<\/div>\n\t\t\t\t<div class=\"elementor-column elementor-col-50 elementor-top-column elementor-element elementor-element-1cca80b\" data-id=\"1cca80b\" data-element_type=\"column\" data-e-type=\"column\">\n\t\t\t<div class=\"elementor-widget-wrap elementor-element-populated\">\n\t\t\t\t\t\t<div class=\"elementor-element elementor-element-a317f30 elementor-widget elementor-widget-text-editor\" data-id=\"a317f30\" data-element_type=\"widget\" data-e-type=\"widget\" data-widget_type=\"text-editor.default\">\n\t\t\t\t<div class=\"elementor-widget-container\">\n\t\t\t\t\t\t\t\t\t<p><span style=\"color: #808080;\">Welcome to our new program Modulisme!<\/span><br \/><span style=\"color: #808080;\">Serge -o- Voxes is a series of compositions made with a Serge synthesizer and published through our Modulisme platform.<\/span><br \/><span style=\"color: #808080;\">You are listening to volume 5 celebrating 50 years since the creation of the SERGE synthesizer and this is our Modulisme Session 85!<\/span><\/p><p><span style=\"color: #808080;\">Over the next hour you will hear from <strong>Igor T\u00f6rnudd-Tcherepnin <\/strong>with<strong> Anders Enge <\/strong>and<strong> Stefan Tcherepnin<\/strong>,<strong> Philippe Petit<\/strong>,<strong> Antonio Russek<\/strong>,<strong> Nick Peck<\/strong>,<strong> Thomas Ankersmit<\/strong>,<strong> Thomas Dupouy<\/strong>,<strong> Ocean Viva Silver<\/strong> (<strong>Val\u00e9rie Vivancos<\/strong>),<strong> Tom Djll<\/strong>,<strong> Michael J. Schumacher<\/strong>, <strong>Todd Barton<\/strong>, <strong>Phisynth<\/strong>,<strong> Palle Dahlstedt<\/strong>,<strong> Nordlys<\/strong>,<strong> Luke Dubois <\/strong>and<strong> Ben Carey<\/strong>.<\/span><br \/><span style=\"color: #808080;\">May Serge be with you!<\/span><\/p>\t\t\t\t\t\t\t\t<\/div>\n\t\t\t\t<\/div>\n\t\t\t\t\t<\/div>\n\t\t<\/div>\n\t\t\t\t\t<\/div>\n\t\t<\/section>\n\t\t\t\t<\/div>","protected":false},"excerpt":{"rendered":"<p>Modulisme #11 Serge-O-Voxes 5.2 \/ Parte 1 \u00a1Bienvenidx a nuestro nuevo programa Modulisme!Serge -o- Voxes es una serie de composiciones realizadas con un sintetizador Serge y publicadas a trav\u00e9s de nuestra plataforma Modulisme.\u00a1Est\u00e1s escuchando el volumen 5 que celebra los 50 a\u00f1os de la creaci\u00f3n del sintetizador SERGE y esta es nuestra Modulisme Session 85! [&hellip;]<\/p>\n","protected":false},"author":19,"featured_media":0,"parent":0,"menu_order":0,"comment_status":"closed","ping_status":"closed","template":"","meta":{"footnotes":""},"class_list":["post-63022","page","type-page","status-publish","hentry"],"yoast_head":"<!-- This site is optimized with the Yoast SEO plugin v27.4 - https:\/\/yoast.com\/product\/yoast-seo-wordpress\/ -->\n<title>Modulisme #11 -<\/title>\n<meta name=\"robots\" content=\"index, follow, max-snippet:-1, max-image-preview:large, max-video-preview:-1\" \/>\n<link rel=\"canonical\" href=\"https:\/\/teslafm.net\/en\/modulisme-11\/\" \/>\n<meta property=\"og:locale\" content=\"en_US\" \/>\n<meta property=\"og:type\" content=\"article\" \/>\n<meta property=\"og:title\" content=\"Modulisme #11 -\" \/>\n<meta property=\"og:description\" content=\"Modulisme #11 Serge-O-Voxes 5.2 \/ Parte 1 \u00a1Bienvenidx a nuestro nuevo programa Modulisme!Serge -o- Voxes es una serie de composiciones realizadas con un sintetizador Serge y publicadas a trav\u00e9s de nuestra plataforma Modulisme.\u00a1Est\u00e1s escuchando el volumen 5 que celebra los 50 a\u00f1os de la creaci\u00f3n del sintetizador SERGE y esta es nuestra Modulisme Session 85! [&hellip;]\" \/>\n<meta property=\"og:url\" content=\"https:\/\/teslafm.net\/en\/modulisme-11\/\" \/>\n<meta property=\"article:publisher\" content=\"https:\/\/www.facebook.com\/teslafm.net\" \/>\n<meta property=\"article:modified_time\" content=\"2023-07-24T17:17:26+00:00\" \/>\n<meta property=\"og:image\" content=\"http:\/\/teslafm.net\/wp-content\/uploads\/2023\/07\/1.jpg\" \/>\n<meta name=\"twitter:card\" content=\"summary_large_image\" \/>\n<meta name=\"twitter:site\" content=\"@teslafm\" \/>\n<meta name=\"twitter:label1\" content=\"Est. reading time\" \/>\n\t<meta name=\"twitter:data1\" content=\"1 minute\" \/>\n<script type=\"application\/ld+json\" class=\"yoast-schema-graph\">{\"@context\":\"https:\\\/\\\/schema.org\",\"@graph\":[{\"@type\":\"WebPage\",\"@id\":\"https:\\\/\\\/teslafm.net\\\/en\\\/modulisme-11\\\/\",\"url\":\"https:\\\/\\\/teslafm.net\\\/en\\\/modulisme-11\\\/\",\"name\":\"Modulisme #11 -\",\"isPartOf\":{\"@id\":\"https:\\\/\\\/teslafm.net\\\/#website\"},\"primaryImageOfPage\":{\"@id\":\"https:\\\/\\\/teslafm.net\\\/en\\\/modulisme-11\\\/#primaryimage\"},\"image\":{\"@id\":\"https:\\\/\\\/teslafm.net\\\/en\\\/modulisme-11\\\/#primaryimage\"},\"thumbnailUrl\":\"http:\\\/\\\/teslafm.net\\\/wp-content\\\/uploads\\\/2023\\\/07\\\/1.jpg\",\"datePublished\":\"2023-07-22T14:31:59+00:00\",\"dateModified\":\"2023-07-24T17:17:26+00:00\",\"breadcrumb\":{\"@id\":\"https:\\\/\\\/teslafm.net\\\/en\\\/modulisme-11\\\/#breadcrumb\"},\"inLanguage\":\"en-US\",\"potentialAction\":[{\"@type\":\"ReadAction\",\"target\":[\"https:\\\/\\\/teslafm.net\\\/en\\\/modulisme-11\\\/\"]}]},{\"@type\":\"ImageObject\",\"inLanguage\":\"en-US\",\"@id\":\"https:\\\/\\\/teslafm.net\\\/en\\\/modulisme-11\\\/#primaryimage\",\"url\":\"http:\\\/\\\/teslafm.net\\\/wp-content\\\/uploads\\\/2023\\\/07\\\/1.jpg\",\"contentUrl\":\"http:\\\/\\\/teslafm.net\\\/wp-content\\\/uploads\\\/2023\\\/07\\\/1.jpg\"},{\"@type\":\"BreadcrumbList\",\"@id\":\"https:\\\/\\\/teslafm.net\\\/en\\\/modulisme-11\\\/#breadcrumb\",\"itemListElement\":[{\"@type\":\"ListItem\",\"position\":1,\"name\":\"Portada\",\"item\":\"https:\\\/\\\/teslafm.net\\\/\"},{\"@type\":\"ListItem\",\"position\":2,\"name\":\"Modulisme #11\"}]},{\"@type\":\"WebSite\",\"@id\":\"https:\\\/\\\/teslafm.net\\\/#website\",\"url\":\"https:\\\/\\\/teslafm.net\\\/\",\"name\":\"TeslaFM\",\"description\":\"An experimental and creative radio\",\"publisher\":{\"@id\":\"https:\\\/\\\/teslafm.net\\\/#organization\"},\"potentialAction\":[{\"@type\":\"SearchAction\",\"target\":{\"@type\":\"EntryPoint\",\"urlTemplate\":\"https:\\\/\\\/teslafm.net\\\/?s={search_term_string}\"},\"query-input\":{\"@type\":\"PropertyValueSpecification\",\"valueRequired\":true,\"valueName\":\"search_term_string\"}}],\"inLanguage\":\"en-US\"},{\"@type\":\"Organization\",\"@id\":\"https:\\\/\\\/teslafm.net\\\/#organization\",\"name\":\"TeslaFM\",\"url\":\"https:\\\/\\\/teslafm.net\\\/\",\"logo\":{\"@type\":\"ImageObject\",\"inLanguage\":\"en-US\",\"@id\":\"https:\\\/\\\/teslafm.net\\\/#\\\/schema\\\/logo\\\/image\\\/\",\"url\":\"https:\\\/\\\/teslafm.net\\\/wp-content\\\/uploads\\\/2020\\\/06\\\/logo-tesla.png\",\"contentUrl\":\"https:\\\/\\\/teslafm.net\\\/wp-content\\\/uploads\\\/2020\\\/06\\\/logo-tesla.png\",\"width\":512,\"height\":512,\"caption\":\"TeslaFM\"},\"image\":{\"@id\":\"https:\\\/\\\/teslafm.net\\\/#\\\/schema\\\/logo\\\/image\\\/\"},\"sameAs\":[\"https:\\\/\\\/www.facebook.com\\\/teslafm.net\",\"https:\\\/\\\/x.com\\\/teslafm\"]}]}<\/script>\n<!-- \/ Yoast SEO plugin. -->","yoast_head_json":{"title":"Modulisme #11 -","robots":{"index":"index","follow":"follow","max-snippet":"max-snippet:-1","max-image-preview":"max-image-preview:large","max-video-preview":"max-video-preview:-1"},"canonical":"https:\/\/teslafm.net\/en\/modulisme-11\/","og_locale":"en_US","og_type":"article","og_title":"Modulisme #11 -","og_description":"Modulisme #11 Serge-O-Voxes 5.2 \/ Parte 1 \u00a1Bienvenidx a nuestro nuevo programa Modulisme!Serge -o- Voxes es una serie de composiciones realizadas con un sintetizador Serge y publicadas a trav\u00e9s de nuestra plataforma Modulisme.\u00a1Est\u00e1s escuchando el volumen 5 que celebra los 50 a\u00f1os de la creaci\u00f3n del sintetizador SERGE y esta es nuestra Modulisme Session 85! [&hellip;]","og_url":"https:\/\/teslafm.net\/en\/modulisme-11\/","article_publisher":"https:\/\/www.facebook.com\/teslafm.net","article_modified_time":"2023-07-24T17:17:26+00:00","og_image":[{"url":"http:\/\/teslafm.net\/wp-content\/uploads\/2023\/07\/1.jpg","type":"","width":"","height":""}],"twitter_card":"summary_large_image","twitter_site":"@teslafm","twitter_misc":{"Est. reading time":"1 minute"},"schema":{"@context":"https:\/\/schema.org","@graph":[{"@type":"WebPage","@id":"https:\/\/teslafm.net\/en\/modulisme-11\/","url":"https:\/\/teslafm.net\/en\/modulisme-11\/","name":"Modulisme #11 -","isPartOf":{"@id":"https:\/\/teslafm.net\/#website"},"primaryImageOfPage":{"@id":"https:\/\/teslafm.net\/en\/modulisme-11\/#primaryimage"},"image":{"@id":"https:\/\/teslafm.net\/en\/modulisme-11\/#primaryimage"},"thumbnailUrl":"http:\/\/teslafm.net\/wp-content\/uploads\/2023\/07\/1.jpg","datePublished":"2023-07-22T14:31:59+00:00","dateModified":"2023-07-24T17:17:26+00:00","breadcrumb":{"@id":"https:\/\/teslafm.net\/en\/modulisme-11\/#breadcrumb"},"inLanguage":"en-US","potentialAction":[{"@type":"ReadAction","target":["https:\/\/teslafm.net\/en\/modulisme-11\/"]}]},{"@type":"ImageObject","inLanguage":"en-US","@id":"https:\/\/teslafm.net\/en\/modulisme-11\/#primaryimage","url":"http:\/\/teslafm.net\/wp-content\/uploads\/2023\/07\/1.jpg","contentUrl":"http:\/\/teslafm.net\/wp-content\/uploads\/2023\/07\/1.jpg"},{"@type":"BreadcrumbList","@id":"https:\/\/teslafm.net\/en\/modulisme-11\/#breadcrumb","itemListElement":[{"@type":"ListItem","position":1,"name":"Portada","item":"https:\/\/teslafm.net\/"},{"@type":"ListItem","position":2,"name":"Modulisme #11"}]},{"@type":"WebSite","@id":"https:\/\/teslafm.net\/#website","url":"https:\/\/teslafm.net\/","name":"TeslaFM","description":"An experimental and creative radio","publisher":{"@id":"https:\/\/teslafm.net\/#organization"},"potentialAction":[{"@type":"SearchAction","target":{"@type":"EntryPoint","urlTemplate":"https:\/\/teslafm.net\/?s={search_term_string}"},"query-input":{"@type":"PropertyValueSpecification","valueRequired":true,"valueName":"search_term_string"}}],"inLanguage":"en-US"},{"@type":"Organization","@id":"https:\/\/teslafm.net\/#organization","name":"TeslaFM","url":"https:\/\/teslafm.net\/","logo":{"@type":"ImageObject","inLanguage":"en-US","@id":"https:\/\/teslafm.net\/#\/schema\/logo\/image\/","url":"https:\/\/teslafm.net\/wp-content\/uploads\/2020\/06\/logo-tesla.png","contentUrl":"https:\/\/teslafm.net\/wp-content\/uploads\/2020\/06\/logo-tesla.png","width":512,"height":512,"caption":"TeslaFM"},"image":{"@id":"https:\/\/teslafm.net\/#\/schema\/logo\/image\/"},"sameAs":["https:\/\/www.facebook.com\/teslafm.net","https:\/\/x.com\/teslafm"]}]}},"rttpg_featured_image_url":null,"rttpg_author":{"display_name":"Ishak","author_link":"https:\/\/teslafm.net\/en\/author\/cravan\/"},"rttpg_comment":0,"rttpg_category":null,"rttpg_excerpt":"Modulisme #11 Serge-O-Voxes 5.2 \/ Parte 1 \u00a1Bienvenidx a nuestro nuevo programa Modulisme!Serge -o- Voxes es una serie de composiciones realizadas con un sintetizador Serge y publicadas a trav\u00e9s de nuestra plataforma Modulisme.\u00a1Est\u00e1s escuchando el volumen 5 que celebra los 50 a\u00f1os de la creaci\u00f3n del sintetizador SERGE y esta es nuestra Modulisme Session 85!&hellip;","_links":{"self":[{"href":"https:\/\/teslafm.net\/en\/wp-json\/wp\/v2\/pages\/63022","targetHints":{"allow":["GET"]}}],"collection":[{"href":"https:\/\/teslafm.net\/en\/wp-json\/wp\/v2\/pages"}],"about":[{"href":"https:\/\/teslafm.net\/en\/wp-json\/wp\/v2\/types\/page"}],"author":[{"embeddable":true,"href":"https:\/\/teslafm.net\/en\/wp-json\/wp\/v2\/users\/19"}],"replies":[{"embeddable":true,"href":"https:\/\/teslafm.net\/en\/wp-json\/wp\/v2\/comments?post=63022"}],"version-history":[{"count":5,"href":"https:\/\/teslafm.net\/en\/wp-json\/wp\/v2\/pages\/63022\/revisions"}],"predecessor-version":[{"id":63034,"href":"https:\/\/teslafm.net\/en\/wp-json\/wp\/v2\/pages\/63022\/revisions\/63034"}],"wp:attachment":[{"href":"https:\/\/teslafm.net\/en\/wp-json\/wp\/v2\/media?parent=63022"}],"curies":[{"name":"wp","href":"https:\/\/api.w.org\/{rel}","templated":true}]}}