

{"id":63035,"date":"2023-07-25T19:31:39","date_gmt":"2023-07-25T17:31:39","guid":{"rendered":"https:\/\/teslafm.net\/?page_id=63035"},"modified":"2023-07-25T19:36:12","modified_gmt":"2023-07-25T17:36:12","slug":"space-oddity-recollection-46","status":"publish","type":"page","link":"https:\/\/teslafm.net\/en\/space-oddity-recollection-46\/","title":{"rendered":"Space Oddity Recollection #46"},"content":{"rendered":"<div data-elementor-type=\"wp-page\" data-elementor-id=\"63035\" class=\"elementor elementor-63035\">\n\t\t\t\t\t\t<section class=\"elementor-section elementor-top-section elementor-element elementor-element-2f7683a2 elementor-section-boxed elementor-section-height-default elementor-section-height-default\" data-id=\"2f7683a2\" data-element_type=\"section\" data-e-type=\"section\">\n\t\t\t\t\t\t<div class=\"elementor-container elementor-column-gap-default\">\n\t\t\t\t\t<div class=\"elementor-column elementor-col-100 elementor-top-column elementor-element elementor-element-27fc58c4\" data-id=\"27fc58c4\" data-element_type=\"column\" data-e-type=\"column\">\n\t\t\t<div class=\"elementor-widget-wrap elementor-element-populated\">\n\t\t\t\t\t\t<div class=\"elementor-element elementor-element-1e1bd967 elementor-widget elementor-widget-text-editor\" data-id=\"1e1bd967\" data-element_type=\"widget\" data-e-type=\"widget\" data-widget_type=\"text-editor.default\">\n\t\t\t\t<div class=\"elementor-widget-container\">\n\t\t\t\t\t\t\t\t\t<h2><span style=\"color: #ffffff;\"><strong>Space Oddity Recollection #46<\/strong><\/span><\/h2><p><span style=\"color: #808080;\"><em>July 2023<\/em><\/span><\/p><p><iframe src=\"https:\/\/www.mixcloud.com\/widget\/iframe\/?hide_cover=1&amp;feed=%2FTeslafm_net%2Fspace-oddity-recollection-46-monika-pich%2F\" width=\"100%\" height=\"120\" frameborder=\"0\"><\/iframe><\/p>\t\t\t\t\t\t\t\t<\/div>\n\t\t\t\t<\/div>\n\t\t\t\t\t<\/div>\n\t\t<\/div>\n\t\t\t\t\t<\/div>\n\t\t<\/section>\n\t\t\t\t<section class=\"elementor-section elementor-top-section elementor-element elementor-element-e595d6d elementor-section-boxed elementor-section-height-default elementor-section-height-default\" data-id=\"e595d6d\" data-element_type=\"section\" data-e-type=\"section\">\n\t\t\t\t\t\t<div class=\"elementor-container elementor-column-gap-default\">\n\t\t\t\t\t<div class=\"elementor-column elementor-col-50 elementor-top-column elementor-element elementor-element-4897052\" data-id=\"4897052\" data-element_type=\"column\" data-e-type=\"column\">\n\t\t\t<div class=\"elementor-widget-wrap elementor-element-populated\">\n\t\t\t\t\t\t<div class=\"elementor-element elementor-element-8c9b5e0 elementor-widget elementor-widget-image\" data-id=\"8c9b5e0\" data-element_type=\"widget\" data-e-type=\"widget\" data-widget_type=\"image.default\">\n\t\t\t\t<div class=\"elementor-widget-container\">\n\t\t\t\t\t\t\t\t\t\t\t\t\t\t\t<img fetchpriority=\"high\" decoding=\"async\" width=\"472\" height=\"472\" src=\"https:\/\/teslafm.net\/wp-content\/uploads\/2023\/07\/namorzu1a.jpg\" class=\"attachment-large size-large wp-image-63039\" alt=\"\" srcset=\"https:\/\/teslafm.net\/wp-content\/uploads\/2023\/07\/namorzu1a.jpg 472w, https:\/\/teslafm.net\/wp-content\/uploads\/2023\/07\/namorzu1a-300x300.jpg 300w, https:\/\/teslafm.net\/wp-content\/uploads\/2023\/07\/namorzu1a-150x150.jpg 150w, https:\/\/teslafm.net\/wp-content\/uploads\/2023\/07\/namorzu1a-12x12.jpg 12w\" sizes=\"(max-width: 472px) 100vw, 472px\" \/>\t\t\t\t\t\t\t\t\t\t\t\t\t\t\t<\/div>\n\t\t\t\t<\/div>\n\t\t\t\t\t<\/div>\n\t\t<\/div>\n\t\t\t\t<div class=\"elementor-column elementor-col-50 elementor-top-column elementor-element elementor-element-99a3017\" data-id=\"99a3017\" data-element_type=\"column\" data-e-type=\"column\">\n\t\t\t<div class=\"elementor-widget-wrap elementor-element-populated\">\n\t\t\t\t\t\t<div class=\"elementor-element elementor-element-33e79ea elementor-widget elementor-widget-text-editor\" data-id=\"33e79ea\" data-element_type=\"widget\" data-e-type=\"widget\" data-widget_type=\"text-editor.default\">\n\t\t\t\t<div class=\"elementor-widget-container\">\n\t\t\t\t\t\t\t\t\t<p><span style=\"color: #808080;\">Electroacoustic sound sessions performed by <strong>namorzu<\/strong>, who describes his music as follows: \"they are vibrations of once-spoken words that have been found in abandoned objects, and then processed and thrown with a clumsy gesture into dusty recordings of fading environments.\" This music is created thanks to <strong>Zoi<\/strong> and <strong>Julia<\/strong>who financed the first tools and helped to organize a studio \"in the closet\". What is created \"in the closet\" takes shape and takes on air thanks to <strong>Darek Franek<\/strong>who has made available the time and space of the Orzeszkowa Workshop in Pozna\u0144. This place exists thanks to the kindness of <strong>Maks<\/strong>. That's why, if it weren't for them, <strong>namorzu<\/strong> I would still have my hands in my pockets\".<\/span><\/p><p><span style=\"color: #808080;\">Enjoy the mixtrack, July 2023\u2032, produced by. <strong>monikapich<\/strong><\/span><\/p>\t\t\t\t\t\t\t\t<\/div>\n\t\t\t\t<\/div>\n\t\t\t\t\t<\/div>\n\t\t<\/div>\n\t\t\t\t\t<\/div>\n\t\t<\/section>\n\t\t\t\t<section class=\"elementor-section elementor-top-section elementor-element elementor-element-76630f1 elementor-section-boxed elementor-section-height-default elementor-section-height-default\" data-id=\"76630f1\" data-element_type=\"section\" data-e-type=\"section\">\n\t\t\t\t\t\t<div class=\"elementor-container elementor-column-gap-default\">\n\t\t\t\t\t<div class=\"elementor-column elementor-col-100 elementor-top-column elementor-element elementor-element-308acb5\" data-id=\"308acb5\" data-element_type=\"column\" data-e-type=\"column\">\n\t\t\t<div class=\"elementor-widget-wrap elementor-element-populated\">\n\t\t\t\t\t\t<div class=\"elementor-element elementor-element-fa575da elementor-widget elementor-widget-text-editor\" data-id=\"fa575da\" data-element_type=\"widget\" data-e-type=\"widget\" data-widget_type=\"text-editor.default\">\n\t\t\t\t<div class=\"elementor-widget-container\">\n\t\t\t\t\t\t\t\t\t<p><span style=\"color: #808080;\">The link:<\/span><\/p><p><iframe title=\"namorzu \/\/\/ koncert podczas &quot;uro osiem i d\u00f3\u0142 in memoriam Albert Tyra\u0142a Festiwal&quot; 16.10.2022\" width=\"1140\" height=\"641\" src=\"https:\/\/www.youtube.com\/embed\/p3HsjUvVsVg?feature=oembed\" frameborder=\"0\" allow=\"accelerometer; autoplay; clipboard-write; encrypted-media; gyroscope; picture-in-picture; web-share\" allowfullscreen><\/iframe><\/p>\t\t\t\t\t\t\t\t<\/div>\n\t\t\t\t<\/div>\n\t\t\t\t\t<\/div>\n\t\t<\/div>\n\t\t\t\t\t<\/div>\n\t\t<\/section>\n\t\t\t\t<\/div>","protected":false},"excerpt":{"rendered":"<p>Space Oddity Recollection #46 Julio 2023 Sesiones de sonido electroac\u00fastico interpretadas por namorzu, que describe su m\u00fasica de la siguiente manera: \u00abson vibraciones de palabras una vez pronunciadas que han sido encontradas en objetos abandonados, y luego procesadas y lanzadas con un gesto torpe en grabaciones polvorientas de entornos que se desvanecen\u00bb. Esta m\u00fasica se [&hellip;]<\/p>\n","protected":false},"author":19,"featured_media":0,"parent":0,"menu_order":0,"comment_status":"closed","ping_status":"closed","template":"","meta":{"footnotes":""},"class_list":["post-63035","page","type-page","status-publish","hentry"],"yoast_head":"<!-- This site is optimized with the Yoast SEO plugin v27.4 - https:\/\/yoast.com\/product\/yoast-seo-wordpress\/ -->\n<title>Space Oddity Recollection #46 -<\/title>\n<meta name=\"robots\" content=\"index, follow, max-snippet:-1, max-image-preview:large, max-video-preview:-1\" \/>\n<link rel=\"canonical\" href=\"https:\/\/teslafm.net\/en\/space-oddity-recollection-46\/\" \/>\n<meta property=\"og:locale\" content=\"en_US\" \/>\n<meta property=\"og:type\" content=\"article\" \/>\n<meta property=\"og:title\" content=\"Space Oddity Recollection #46 -\" \/>\n<meta property=\"og:description\" content=\"Space Oddity Recollection #46 Julio 2023 Sesiones de sonido electroac\u00fastico interpretadas por namorzu, que describe su m\u00fasica de la siguiente manera: \u00abson vibraciones de palabras una vez pronunciadas que han sido encontradas en objetos abandonados, y luego procesadas y lanzadas con un gesto torpe en grabaciones polvorientas de entornos que se desvanecen\u00bb. Esta m\u00fasica se [&hellip;]\" \/>\n<meta property=\"og:url\" content=\"https:\/\/teslafm.net\/en\/space-oddity-recollection-46\/\" \/>\n<meta property=\"article:publisher\" content=\"https:\/\/www.facebook.com\/teslafm.net\" \/>\n<meta property=\"article:modified_time\" content=\"2023-07-25T17:36:12+00:00\" \/>\n<meta property=\"og:image\" content=\"http:\/\/teslafm.net\/wp-content\/uploads\/2023\/07\/namorzu1a.jpg\" \/>\n<meta name=\"twitter:card\" content=\"summary_large_image\" \/>\n<meta name=\"twitter:site\" content=\"@teslafm\" \/>\n<meta name=\"twitter:label1\" content=\"Est. reading time\" \/>\n\t<meta name=\"twitter:data1\" content=\"1 minute\" \/>\n<script type=\"application\/ld+json\" class=\"yoast-schema-graph\">{\"@context\":\"https:\\\/\\\/schema.org\",\"@graph\":[{\"@type\":\"WebPage\",\"@id\":\"https:\\\/\\\/teslafm.net\\\/space-oddity-recollection-46\\\/\",\"url\":\"https:\\\/\\\/teslafm.net\\\/space-oddity-recollection-46\\\/\",\"name\":\"Space Oddity Recollection #46 -\",\"isPartOf\":{\"@id\":\"https:\\\/\\\/teslafm.net\\\/#website\"},\"primaryImageOfPage\":{\"@id\":\"https:\\\/\\\/teslafm.net\\\/space-oddity-recollection-46\\\/#primaryimage\"},\"image\":{\"@id\":\"https:\\\/\\\/teslafm.net\\\/space-oddity-recollection-46\\\/#primaryimage\"},\"thumbnailUrl\":\"http:\\\/\\\/teslafm.net\\\/wp-content\\\/uploads\\\/2023\\\/07\\\/namorzu1a.jpg\",\"datePublished\":\"2023-07-25T17:31:39+00:00\",\"dateModified\":\"2023-07-25T17:36:12+00:00\",\"breadcrumb\":{\"@id\":\"https:\\\/\\\/teslafm.net\\\/space-oddity-recollection-46\\\/#breadcrumb\"},\"inLanguage\":\"en-US\",\"potentialAction\":[{\"@type\":\"ReadAction\",\"target\":[\"https:\\\/\\\/teslafm.net\\\/space-oddity-recollection-46\\\/\"]}]},{\"@type\":\"ImageObject\",\"inLanguage\":\"en-US\",\"@id\":\"https:\\\/\\\/teslafm.net\\\/space-oddity-recollection-46\\\/#primaryimage\",\"url\":\"http:\\\/\\\/teslafm.net\\\/wp-content\\\/uploads\\\/2023\\\/07\\\/namorzu1a.jpg\",\"contentUrl\":\"http:\\\/\\\/teslafm.net\\\/wp-content\\\/uploads\\\/2023\\\/07\\\/namorzu1a.jpg\"},{\"@type\":\"BreadcrumbList\",\"@id\":\"https:\\\/\\\/teslafm.net\\\/space-oddity-recollection-46\\\/#breadcrumb\",\"itemListElement\":[{\"@type\":\"ListItem\",\"position\":1,\"name\":\"Portada\",\"item\":\"https:\\\/\\\/teslafm.net\\\/\"},{\"@type\":\"ListItem\",\"position\":2,\"name\":\"Space Oddity Recollection #46\"}]},{\"@type\":\"WebSite\",\"@id\":\"https:\\\/\\\/teslafm.net\\\/#website\",\"url\":\"https:\\\/\\\/teslafm.net\\\/\",\"name\":\"TeslaFM\",\"description\":\"An experimental and creative radio\",\"publisher\":{\"@id\":\"https:\\\/\\\/teslafm.net\\\/#organization\"},\"potentialAction\":[{\"@type\":\"SearchAction\",\"target\":{\"@type\":\"EntryPoint\",\"urlTemplate\":\"https:\\\/\\\/teslafm.net\\\/?s={search_term_string}\"},\"query-input\":{\"@type\":\"PropertyValueSpecification\",\"valueRequired\":true,\"valueName\":\"search_term_string\"}}],\"inLanguage\":\"en-US\"},{\"@type\":\"Organization\",\"@id\":\"https:\\\/\\\/teslafm.net\\\/#organization\",\"name\":\"TeslaFM\",\"url\":\"https:\\\/\\\/teslafm.net\\\/\",\"logo\":{\"@type\":\"ImageObject\",\"inLanguage\":\"en-US\",\"@id\":\"https:\\\/\\\/teslafm.net\\\/#\\\/schema\\\/logo\\\/image\\\/\",\"url\":\"https:\\\/\\\/teslafm.net\\\/wp-content\\\/uploads\\\/2020\\\/06\\\/logo-tesla.png\",\"contentUrl\":\"https:\\\/\\\/teslafm.net\\\/wp-content\\\/uploads\\\/2020\\\/06\\\/logo-tesla.png\",\"width\":512,\"height\":512,\"caption\":\"TeslaFM\"},\"image\":{\"@id\":\"https:\\\/\\\/teslafm.net\\\/#\\\/schema\\\/logo\\\/image\\\/\"},\"sameAs\":[\"https:\\\/\\\/www.facebook.com\\\/teslafm.net\",\"https:\\\/\\\/x.com\\\/teslafm\"]}]}<\/script>\n<!-- \/ Yoast SEO plugin. -->","yoast_head_json":{"title":"Space Oddity Recollection #46 -","robots":{"index":"index","follow":"follow","max-snippet":"max-snippet:-1","max-image-preview":"max-image-preview:large","max-video-preview":"max-video-preview:-1"},"canonical":"https:\/\/teslafm.net\/en\/space-oddity-recollection-46\/","og_locale":"en_US","og_type":"article","og_title":"Space Oddity Recollection #46 -","og_description":"Space Oddity Recollection #46 Julio 2023 Sesiones de sonido electroac\u00fastico interpretadas por namorzu, que describe su m\u00fasica de la siguiente manera: \u00abson vibraciones de palabras una vez pronunciadas que han sido encontradas en objetos abandonados, y luego procesadas y lanzadas con un gesto torpe en grabaciones polvorientas de entornos que se desvanecen\u00bb. Esta m\u00fasica se [&hellip;]","og_url":"https:\/\/teslafm.net\/en\/space-oddity-recollection-46\/","article_publisher":"https:\/\/www.facebook.com\/teslafm.net","article_modified_time":"2023-07-25T17:36:12+00:00","og_image":[{"url":"http:\/\/teslafm.net\/wp-content\/uploads\/2023\/07\/namorzu1a.jpg","type":"","width":"","height":""}],"twitter_card":"summary_large_image","twitter_site":"@teslafm","twitter_misc":{"Est. reading time":"1 minute"},"schema":{"@context":"https:\/\/schema.org","@graph":[{"@type":"WebPage","@id":"https:\/\/teslafm.net\/space-oddity-recollection-46\/","url":"https:\/\/teslafm.net\/space-oddity-recollection-46\/","name":"Space Oddity Recollection #46 -","isPartOf":{"@id":"https:\/\/teslafm.net\/#website"},"primaryImageOfPage":{"@id":"https:\/\/teslafm.net\/space-oddity-recollection-46\/#primaryimage"},"image":{"@id":"https:\/\/teslafm.net\/space-oddity-recollection-46\/#primaryimage"},"thumbnailUrl":"http:\/\/teslafm.net\/wp-content\/uploads\/2023\/07\/namorzu1a.jpg","datePublished":"2023-07-25T17:31:39+00:00","dateModified":"2023-07-25T17:36:12+00:00","breadcrumb":{"@id":"https:\/\/teslafm.net\/space-oddity-recollection-46\/#breadcrumb"},"inLanguage":"en-US","potentialAction":[{"@type":"ReadAction","target":["https:\/\/teslafm.net\/space-oddity-recollection-46\/"]}]},{"@type":"ImageObject","inLanguage":"en-US","@id":"https:\/\/teslafm.net\/space-oddity-recollection-46\/#primaryimage","url":"http:\/\/teslafm.net\/wp-content\/uploads\/2023\/07\/namorzu1a.jpg","contentUrl":"http:\/\/teslafm.net\/wp-content\/uploads\/2023\/07\/namorzu1a.jpg"},{"@type":"BreadcrumbList","@id":"https:\/\/teslafm.net\/space-oddity-recollection-46\/#breadcrumb","itemListElement":[{"@type":"ListItem","position":1,"name":"Portada","item":"https:\/\/teslafm.net\/"},{"@type":"ListItem","position":2,"name":"Space Oddity Recollection #46"}]},{"@type":"WebSite","@id":"https:\/\/teslafm.net\/#website","url":"https:\/\/teslafm.net\/","name":"TeslaFM","description":"An experimental and creative radio","publisher":{"@id":"https:\/\/teslafm.net\/#organization"},"potentialAction":[{"@type":"SearchAction","target":{"@type":"EntryPoint","urlTemplate":"https:\/\/teslafm.net\/?s={search_term_string}"},"query-input":{"@type":"PropertyValueSpecification","valueRequired":true,"valueName":"search_term_string"}}],"inLanguage":"en-US"},{"@type":"Organization","@id":"https:\/\/teslafm.net\/#organization","name":"TeslaFM","url":"https:\/\/teslafm.net\/","logo":{"@type":"ImageObject","inLanguage":"en-US","@id":"https:\/\/teslafm.net\/#\/schema\/logo\/image\/","url":"https:\/\/teslafm.net\/wp-content\/uploads\/2020\/06\/logo-tesla.png","contentUrl":"https:\/\/teslafm.net\/wp-content\/uploads\/2020\/06\/logo-tesla.png","width":512,"height":512,"caption":"TeslaFM"},"image":{"@id":"https:\/\/teslafm.net\/#\/schema\/logo\/image\/"},"sameAs":["https:\/\/www.facebook.com\/teslafm.net","https:\/\/x.com\/teslafm"]}]}},"rttpg_featured_image_url":null,"rttpg_author":{"display_name":"Ishak","author_link":"https:\/\/teslafm.net\/en\/author\/cravan\/"},"rttpg_comment":0,"rttpg_category":null,"rttpg_excerpt":"Space Oddity Recollection #46 Julio 2023 Sesiones de sonido electroac\u00fastico interpretadas por namorzu, que describe su m\u00fasica de la siguiente manera: \u00abson vibraciones de palabras una vez pronunciadas que han sido encontradas en objetos abandonados, y luego procesadas y lanzadas con un gesto torpe en grabaciones polvorientas de entornos que se desvanecen\u00bb. Esta m\u00fasica se&hellip;","_links":{"self":[{"href":"https:\/\/teslafm.net\/en\/wp-json\/wp\/v2\/pages\/63035","targetHints":{"allow":["GET"]}}],"collection":[{"href":"https:\/\/teslafm.net\/en\/wp-json\/wp\/v2\/pages"}],"about":[{"href":"https:\/\/teslafm.net\/en\/wp-json\/wp\/v2\/types\/page"}],"author":[{"embeddable":true,"href":"https:\/\/teslafm.net\/en\/wp-json\/wp\/v2\/users\/19"}],"replies":[{"embeddable":true,"href":"https:\/\/teslafm.net\/en\/wp-json\/wp\/v2\/comments?post=63035"}],"version-history":[{"count":4,"href":"https:\/\/teslafm.net\/en\/wp-json\/wp\/v2\/pages\/63035\/revisions"}],"predecessor-version":[{"id":63042,"href":"https:\/\/teslafm.net\/en\/wp-json\/wp\/v2\/pages\/63035\/revisions\/63042"}],"wp:attachment":[{"href":"https:\/\/teslafm.net\/en\/wp-json\/wp\/v2\/media?parent=63035"}],"curies":[{"name":"wp","href":"https:\/\/api.w.org\/{rel}","templated":true}]}}