

{"id":63056,"date":"2023-07-27T14:59:44","date_gmt":"2023-07-27T12:59:44","guid":{"rendered":"https:\/\/teslafm.net\/?page_id=63056"},"modified":"2023-07-28T15:18:58","modified_gmt":"2023-07-28T13:18:58","slug":"el-ruido-es-el-mensaje-30","status":"publish","type":"page","link":"https:\/\/teslafm.net\/en\/el-ruido-es-el-mensaje-30\/","title":{"rendered":"Noise is the Message #30"},"content":{"rendered":"<h2><span style=\"color: #ffffff;\"><strong>NOISE is Message #30<\/strong><\/span><\/h2>\n<p><span style=\"color: #808080;\"><em>July 2023<\/em><\/span><\/p>\n<p><a href=\"https:\/\/teslafm.net\/El RUIDO es el Mensaje 30 Matthew Herbert.mp3\" target=\"_blank\" rel=\"noopener\"><img fetchpriority=\"high\" decoding=\"async\" class=\"alignnone wp-image-63067 size-full\" src=\"http:\/\/teslafm.net\/wp-content\/uploads\/2023\/07\/ereem-30.png\" alt=\"\" width=\"1114\" height=\"119\" srcset=\"https:\/\/teslafm.net\/wp-content\/uploads\/2023\/07\/ereem-30.png 1114w, https:\/\/teslafm.net\/wp-content\/uploads\/2023\/07\/ereem-30-300x32.png 300w, https:\/\/teslafm.net\/wp-content\/uploads\/2023\/07\/ereem-30-1024x109.png 1024w, https:\/\/teslafm.net\/wp-content\/uploads\/2023\/07\/ereem-30-768x82.png 768w, https:\/\/teslafm.net\/wp-content\/uploads\/2023\/07\/ereem-30-18x2.png 18w\" sizes=\"(max-width: 1114px) 100vw, 1114px\" \/><\/a><\/p>\n<p lang=\"es-419\" align=\"center\"><span style=\"font-family: Calibri Light, serif; color: #808080;\"><span style=\"font-size: xx-large;\"><span lang=\"en-US\">\"Matthew Herbert: The HORSE\"<\/span><\/span><\/span><\/p>\n<h1 class=\"western\" lang=\"es-419\"><span style=\"color: #33cccc;\"><em><span lang=\"en-US\">\"There's this romantic idea that we're empty and this music just appears into inside of us.\"<\/span><\/em><\/span><\/h1>\n<h1 class=\"western\" lang=\"es-419\"><span style=\"color: #33cccc;\"><em><span lang=\"es-ES\">\"There is a romantic idea that we are empty and music appears inside us.\"<\/span><\/em> <\/span><br \/>\n<span style=\"color: #33cccc;\"><b>-|Matthew Herbert.<\/b><\/span><\/h1>\n<h1 class=\"western\" lang=\"es-419\"><span style=\"color: #808080;\">Signal Flow <span style=\"font-family: Arial, serif;\">\ua78a\u25ba<\/span><\/span><\/h1>\n<p class=\"western\" lang=\"es-419\"><span style=\"color: #808080;\">\u2588\u00a0<span style=\"font-family: Arial, serif;\"><span lang=\"es-ES\"><b>In THIS ROUTE: Matthew Herbert presents his latest work, The Horse, in an exclusive interview.<br \/>\nIt is no exaggeration to say that Matthew Herbert is one of the most important British artists of his generation. His achievements in the field of music and sound are iconic: from film soundtracks and avant-garde composition through mixes and remixes of dancefloor hits to reformulations of classical works, his accomplishments in the field of music and sound are transcendent.<br \/>\nInterview conducted in March, by Franco Falistoco and Gerardo Figueroa Rodriguez.<\/b><\/span><\/span><\/span><\/p>\n<p class=\"western\" lang=\"es-419\"><span style=\"color: #808080;\"><span style=\"font-family: Arial, serif;\"><span lang=\"en-US\"><b>We listen to<br \/>\n\u25ba Radio Boy: Macdonalds<br \/>\n\u25ba The Horse's Winnings<br \/>\n\u25ba The Horse Has A Voice (feat. Theon Cross)<br \/>\n\u25ba The Rider (not The Horse)<br \/>\n\u25ba The Horse Is Prepared<br \/>\n\u25ba The Horse's Bones Are In A Cave<\/b><\/span><\/span><\/span><\/p>\n<p class=\"western\" lang=\"es-419\"><span style=\"color: #808080;\"><span style=\"font-family: Arial, serif;\"><span lang=\"en-US\"><b>Links of Interest<\/b><\/span><\/span><\/span><\/p>\n<ul>\n<li>\n<p class=\"western\" lang=\"es-419\"><span style=\"color: #0563c1;\"><u><a href=\"https:\/\/www.instagram.com\/matthewherbertmusic\/\" target=\"_blank\" rel=\"noopener\"><span style=\"font-family: Arial, serif;\"><span lang=\"en-US\"><b>https:\/\/www.instagram.com\/matthewherbertmusic\/<\/b><\/span><\/span><\/a><\/u><\/span><\/p>\n<\/li>\n<li>\n<p class=\"western\" lang=\"es-419\"><span style=\"color: #0563c1;\"><u><a href=\"https:\/\/matthewherbert.bandcamp.com\/album\/the-horse\" target=\"_blank\" rel=\"noopener\"><span style=\"font-family: Arial, serif;\"><span lang=\"en-US\"><b>https:\/\/matthewherbert.bandcamp.com\/album\/the-horse<\/b><\/span><\/span><\/a><\/u><\/span><\/p>\n<\/li>\n<li>\n<p class=\"western\" lang=\"es-419\"><span style=\"color: #0563c1;\"><u><a href=\"https:\/\/www.matthewherbert.com\/\" target=\"_blank\" rel=\"noopener\"><span style=\"font-family: Arial, serif;\"><span lang=\"en-US\"><b>https:\/\/www.matthewherbert.com\/<\/b><\/span><\/span><\/a><\/u><\/span><\/p>\n<\/li>\n<\/ul>\n<p class=\"western\" lang=\"es-419\"><span style=\"color: #808080;\">\u2500\u2500\u2500\u2500\u2500\u2500\u2500\u2500\u2500\u2500\u2500\u2500\u2500<br \/>\nBe part of listening in the vast landscape of Sounds.<br \/>\n<i>We recommend the\u00a0<\/i><i><b>Usage<\/b><\/i><i>\u00a0from\u00a0<\/i><i><b>HEADPHONES<\/b><\/i>.<br \/>\nIntegral Production: Franco Falistoco A. with The\u00a0<b>NOISE<\/b>\u00a0is the\u00a0<b>M<\/b><\/span><span style=\"color: #000000;\"><span style=\"color: #808080;\">ensage and collaborators.<\/span><br \/>\n<\/span><span style=\"color: #0563c1;\"><u><a href=\"https:\/\/www.elruidoeselmensaje.com\/\" target=\"El RUIDO es el Mensaje\" rel=\"noopener\"><span style=\"color: #000000;\"><span style=\"color: #808080;\">https:\/\/www.elruidoeselmensaje.com\/<\/span><\/span><\/a><\/u><\/span><\/p>\n<p class=\"western\" lang=\"es-419\"><span style=\"color: #808080;\">\u2500\u2500\u2500\u2500\u2500\u2500\u2500\u2500\u2500\u2500\u2500\u2500\u2500<\/span><\/p>\n<p lang=\"es-419\">","protected":false},"excerpt":{"rendered":"<p>El RUIDO es el Mensaje #30 Julio 2023 \u00abMatthew Herbert: The HORSE\u00bb \u00abThere\u2019s this romantic idea that we\u2019re empty and this music just appears into inside of us.\u00bb \u00abExiste la rom\u00e1ntica idea de que estamos vac\u00edos y la m\u00fasica aparece en nuestro interior.\u00bb \u2014|Matthew Herbert. Signal Flow \ua78a\u25ba \u2588\u00a0En \u00c9sta RUTA: Matthew Herbert presenta su [&hellip;]<\/p>\n","protected":false},"author":19,"featured_media":0,"parent":0,"menu_order":0,"comment_status":"closed","ping_status":"closed","template":"","meta":{"footnotes":""},"class_list":["post-63056","page","type-page","status-publish","hentry"],"yoast_head":"<!-- This site is optimized with the Yoast SEO plugin v27.4 - https:\/\/yoast.com\/product\/yoast-seo-wordpress\/ -->\n<title>El Ruido es el Mensaje #30 -<\/title>\n<meta name=\"robots\" content=\"index, follow, max-snippet:-1, max-image-preview:large, max-video-preview:-1\" \/>\n<link rel=\"canonical\" href=\"https:\/\/teslafm.net\/en\/el-ruido-es-el-mensaje-30\/\" \/>\n<meta property=\"og:locale\" content=\"en_US\" \/>\n<meta property=\"og:type\" content=\"article\" \/>\n<meta property=\"og:title\" content=\"El Ruido es el Mensaje #30 -\" \/>\n<meta property=\"og:description\" content=\"El RUIDO es el Mensaje #30 Julio 2023 \u00abMatthew Herbert: The HORSE\u00bb \u00abThere\u2019s this romantic idea that we\u2019re empty and this music just appears into inside of us.\u00bb \u00abExiste la rom\u00e1ntica idea de que estamos vac\u00edos y la m\u00fasica aparece en nuestro interior.\u00bb \u2014|Matthew Herbert. Signal Flow \ua78a\u25ba \u2588\u00a0En \u00c9sta RUTA: Matthew Herbert presenta su [&hellip;]\" \/>\n<meta property=\"og:url\" content=\"https:\/\/teslafm.net\/en\/el-ruido-es-el-mensaje-30\/\" \/>\n<meta property=\"article:publisher\" content=\"https:\/\/www.facebook.com\/teslafm.net\" \/>\n<meta property=\"article:modified_time\" content=\"2023-07-28T13:18:58+00:00\" \/>\n<meta property=\"og:image\" content=\"http:\/\/teslafm.net\/wp-content\/uploads\/2023\/07\/ereem-30.png\" \/>\n<meta name=\"twitter:card\" content=\"summary_large_image\" \/>\n<meta name=\"twitter:site\" content=\"@teslafm\" \/>\n<meta name=\"twitter:label1\" content=\"Est. reading time\" \/>\n\t<meta name=\"twitter:data1\" content=\"2 minutes\" \/>\n<script type=\"application\/ld+json\" class=\"yoast-schema-graph\">{\"@context\":\"https:\\\/\\\/schema.org\",\"@graph\":[{\"@type\":\"WebPage\",\"@id\":\"https:\\\/\\\/teslafm.net\\\/el-ruido-es-el-mensaje-30\\\/\",\"url\":\"https:\\\/\\\/teslafm.net\\\/el-ruido-es-el-mensaje-30\\\/\",\"name\":\"El Ruido es el Mensaje #30 -\",\"isPartOf\":{\"@id\":\"https:\\\/\\\/teslafm.net\\\/#website\"},\"primaryImageOfPage\":{\"@id\":\"https:\\\/\\\/teslafm.net\\\/el-ruido-es-el-mensaje-30\\\/#primaryimage\"},\"image\":{\"@id\":\"https:\\\/\\\/teslafm.net\\\/el-ruido-es-el-mensaje-30\\\/#primaryimage\"},\"thumbnailUrl\":\"http:\\\/\\\/teslafm.net\\\/wp-content\\\/uploads\\\/2023\\\/07\\\/ereem-30.png\",\"datePublished\":\"2023-07-27T12:59:44+00:00\",\"dateModified\":\"2023-07-28T13:18:58+00:00\",\"breadcrumb\":{\"@id\":\"https:\\\/\\\/teslafm.net\\\/el-ruido-es-el-mensaje-30\\\/#breadcrumb\"},\"inLanguage\":\"en-US\",\"potentialAction\":[{\"@type\":\"ReadAction\",\"target\":[\"https:\\\/\\\/teslafm.net\\\/el-ruido-es-el-mensaje-30\\\/\"]}]},{\"@type\":\"ImageObject\",\"inLanguage\":\"en-US\",\"@id\":\"https:\\\/\\\/teslafm.net\\\/el-ruido-es-el-mensaje-30\\\/#primaryimage\",\"url\":\"http:\\\/\\\/teslafm.net\\\/wp-content\\\/uploads\\\/2023\\\/07\\\/ereem-30.png\",\"contentUrl\":\"http:\\\/\\\/teslafm.net\\\/wp-content\\\/uploads\\\/2023\\\/07\\\/ereem-30.png\"},{\"@type\":\"BreadcrumbList\",\"@id\":\"https:\\\/\\\/teslafm.net\\\/el-ruido-es-el-mensaje-30\\\/#breadcrumb\",\"itemListElement\":[{\"@type\":\"ListItem\",\"position\":1,\"name\":\"Portada\",\"item\":\"https:\\\/\\\/teslafm.net\\\/\"},{\"@type\":\"ListItem\",\"position\":2,\"name\":\"El Ruido es el Mensaje #30\"}]},{\"@type\":\"WebSite\",\"@id\":\"https:\\\/\\\/teslafm.net\\\/#website\",\"url\":\"https:\\\/\\\/teslafm.net\\\/\",\"name\":\"TeslaFM\",\"description\":\"An experimental and creative radio\",\"publisher\":{\"@id\":\"https:\\\/\\\/teslafm.net\\\/#organization\"},\"potentialAction\":[{\"@type\":\"SearchAction\",\"target\":{\"@type\":\"EntryPoint\",\"urlTemplate\":\"https:\\\/\\\/teslafm.net\\\/?s={search_term_string}\"},\"query-input\":{\"@type\":\"PropertyValueSpecification\",\"valueRequired\":true,\"valueName\":\"search_term_string\"}}],\"inLanguage\":\"en-US\"},{\"@type\":\"Organization\",\"@id\":\"https:\\\/\\\/teslafm.net\\\/#organization\",\"name\":\"TeslaFM\",\"url\":\"https:\\\/\\\/teslafm.net\\\/\",\"logo\":{\"@type\":\"ImageObject\",\"inLanguage\":\"en-US\",\"@id\":\"https:\\\/\\\/teslafm.net\\\/#\\\/schema\\\/logo\\\/image\\\/\",\"url\":\"https:\\\/\\\/teslafm.net\\\/wp-content\\\/uploads\\\/2020\\\/06\\\/logo-tesla.png\",\"contentUrl\":\"https:\\\/\\\/teslafm.net\\\/wp-content\\\/uploads\\\/2020\\\/06\\\/logo-tesla.png\",\"width\":512,\"height\":512,\"caption\":\"TeslaFM\"},\"image\":{\"@id\":\"https:\\\/\\\/teslafm.net\\\/#\\\/schema\\\/logo\\\/image\\\/\"},\"sameAs\":[\"https:\\\/\\\/www.facebook.com\\\/teslafm.net\",\"https:\\\/\\\/x.com\\\/teslafm\"]}]}<\/script>\n<!-- \/ Yoast SEO plugin. -->","yoast_head_json":{"title":"El Ruido es el Mensaje #30 -","robots":{"index":"index","follow":"follow","max-snippet":"max-snippet:-1","max-image-preview":"max-image-preview:large","max-video-preview":"max-video-preview:-1"},"canonical":"https:\/\/teslafm.net\/en\/el-ruido-es-el-mensaje-30\/","og_locale":"en_US","og_type":"article","og_title":"El Ruido es el Mensaje #30 -","og_description":"El RUIDO es el Mensaje #30 Julio 2023 \u00abMatthew Herbert: The HORSE\u00bb \u00abThere\u2019s this romantic idea that we\u2019re empty and this music just appears into inside of us.\u00bb \u00abExiste la rom\u00e1ntica idea de que estamos vac\u00edos y la m\u00fasica aparece en nuestro interior.\u00bb \u2014|Matthew Herbert. Signal Flow \ua78a\u25ba \u2588\u00a0En \u00c9sta RUTA: Matthew Herbert presenta su [&hellip;]","og_url":"https:\/\/teslafm.net\/en\/el-ruido-es-el-mensaje-30\/","article_publisher":"https:\/\/www.facebook.com\/teslafm.net","article_modified_time":"2023-07-28T13:18:58+00:00","og_image":[{"url":"http:\/\/teslafm.net\/wp-content\/uploads\/2023\/07\/ereem-30.png","type":"","width":"","height":""}],"twitter_card":"summary_large_image","twitter_site":"@teslafm","twitter_misc":{"Est. reading time":"2 minutes"},"schema":{"@context":"https:\/\/schema.org","@graph":[{"@type":"WebPage","@id":"https:\/\/teslafm.net\/el-ruido-es-el-mensaje-30\/","url":"https:\/\/teslafm.net\/el-ruido-es-el-mensaje-30\/","name":"El Ruido es el Mensaje #30 -","isPartOf":{"@id":"https:\/\/teslafm.net\/#website"},"primaryImageOfPage":{"@id":"https:\/\/teslafm.net\/el-ruido-es-el-mensaje-30\/#primaryimage"},"image":{"@id":"https:\/\/teslafm.net\/el-ruido-es-el-mensaje-30\/#primaryimage"},"thumbnailUrl":"http:\/\/teslafm.net\/wp-content\/uploads\/2023\/07\/ereem-30.png","datePublished":"2023-07-27T12:59:44+00:00","dateModified":"2023-07-28T13:18:58+00:00","breadcrumb":{"@id":"https:\/\/teslafm.net\/el-ruido-es-el-mensaje-30\/#breadcrumb"},"inLanguage":"en-US","potentialAction":[{"@type":"ReadAction","target":["https:\/\/teslafm.net\/el-ruido-es-el-mensaje-30\/"]}]},{"@type":"ImageObject","inLanguage":"en-US","@id":"https:\/\/teslafm.net\/el-ruido-es-el-mensaje-30\/#primaryimage","url":"http:\/\/teslafm.net\/wp-content\/uploads\/2023\/07\/ereem-30.png","contentUrl":"http:\/\/teslafm.net\/wp-content\/uploads\/2023\/07\/ereem-30.png"},{"@type":"BreadcrumbList","@id":"https:\/\/teslafm.net\/el-ruido-es-el-mensaje-30\/#breadcrumb","itemListElement":[{"@type":"ListItem","position":1,"name":"Portada","item":"https:\/\/teslafm.net\/"},{"@type":"ListItem","position":2,"name":"El Ruido es el Mensaje #30"}]},{"@type":"WebSite","@id":"https:\/\/teslafm.net\/#website","url":"https:\/\/teslafm.net\/","name":"TeslaFM","description":"An experimental and creative radio","publisher":{"@id":"https:\/\/teslafm.net\/#organization"},"potentialAction":[{"@type":"SearchAction","target":{"@type":"EntryPoint","urlTemplate":"https:\/\/teslafm.net\/?s={search_term_string}"},"query-input":{"@type":"PropertyValueSpecification","valueRequired":true,"valueName":"search_term_string"}}],"inLanguage":"en-US"},{"@type":"Organization","@id":"https:\/\/teslafm.net\/#organization","name":"TeslaFM","url":"https:\/\/teslafm.net\/","logo":{"@type":"ImageObject","inLanguage":"en-US","@id":"https:\/\/teslafm.net\/#\/schema\/logo\/image\/","url":"https:\/\/teslafm.net\/wp-content\/uploads\/2020\/06\/logo-tesla.png","contentUrl":"https:\/\/teslafm.net\/wp-content\/uploads\/2020\/06\/logo-tesla.png","width":512,"height":512,"caption":"TeslaFM"},"image":{"@id":"https:\/\/teslafm.net\/#\/schema\/logo\/image\/"},"sameAs":["https:\/\/www.facebook.com\/teslafm.net","https:\/\/x.com\/teslafm"]}]}},"rttpg_featured_image_url":null,"rttpg_author":{"display_name":"Ishak","author_link":"https:\/\/teslafm.net\/en\/author\/cravan\/"},"rttpg_comment":0,"rttpg_category":null,"rttpg_excerpt":"El RUIDO es el Mensaje #30 Julio 2023 \u00abMatthew Herbert: The HORSE\u00bb \u00abThere\u2019s this romantic idea that we\u2019re empty and this music just appears into inside of us.\u00bb \u00abExiste la rom\u00e1ntica idea de que estamos vac\u00edos y la m\u00fasica aparece en nuestro interior.\u00bb \u2014|Matthew Herbert. Signal Flow \ua78a\u25ba \u2588\u00a0En \u00c9sta RUTA: Matthew Herbert presenta su&hellip;","_links":{"self":[{"href":"https:\/\/teslafm.net\/en\/wp-json\/wp\/v2\/pages\/63056","targetHints":{"allow":["GET"]}}],"collection":[{"href":"https:\/\/teslafm.net\/en\/wp-json\/wp\/v2\/pages"}],"about":[{"href":"https:\/\/teslafm.net\/en\/wp-json\/wp\/v2\/types\/page"}],"author":[{"embeddable":true,"href":"https:\/\/teslafm.net\/en\/wp-json\/wp\/v2\/users\/19"}],"replies":[{"embeddable":true,"href":"https:\/\/teslafm.net\/en\/wp-json\/wp\/v2\/comments?post=63056"}],"version-history":[{"count":7,"href":"https:\/\/teslafm.net\/en\/wp-json\/wp\/v2\/pages\/63056\/revisions"}],"predecessor-version":[{"id":63080,"href":"https:\/\/teslafm.net\/en\/wp-json\/wp\/v2\/pages\/63056\/revisions\/63080"}],"wp:attachment":[{"href":"https:\/\/teslafm.net\/en\/wp-json\/wp\/v2\/media?parent=63056"}],"curies":[{"name":"wp","href":"https:\/\/api.w.org\/{rel}","templated":true}]}}