

{"id":63220,"date":"2023-08-28T16:30:55","date_gmt":"2023-08-28T14:30:55","guid":{"rendered":"https:\/\/teslafm.net\/?page_id=63220"},"modified":"2023-12-08T18:09:50","modified_gmt":"2023-12-08T17:09:50","slug":"locus-solus","status":"publish","type":"page","link":"https:\/\/teslafm.net\/en\/locus-solus\/","title":{"rendered":"Locus Solus"},"content":{"rendered":"<div data-elementor-type=\"wp-page\" data-elementor-id=\"63220\" class=\"elementor elementor-63220\">\n\t\t\t\t\t\t<section class=\"elementor-section elementor-top-section elementor-element elementor-element-13c0d7c elementor-section-boxed elementor-section-height-default elementor-section-height-default\" data-id=\"13c0d7c\" data-element_type=\"section\" data-e-type=\"section\">\n\t\t\t\t\t\t<div class=\"elementor-container elementor-column-gap-default\">\n\t\t\t\t\t<div class=\"elementor-column elementor-col-33 elementor-top-column elementor-element elementor-element-2ddf3b5\" data-id=\"2ddf3b5\" data-element_type=\"column\" data-e-type=\"column\">\n\t\t\t<div class=\"elementor-widget-wrap elementor-element-populated\">\n\t\t\t\t\t\t<div class=\"elementor-element elementor-element-fd472ca elementor-widget elementor-widget-image\" data-id=\"fd472ca\" data-element_type=\"widget\" data-e-type=\"widget\" data-widget_type=\"image.default\">\n\t\t\t\t<div class=\"elementor-widget-container\">\n\t\t\t\t\t\t\t\t\t\t\t\t\t\t\t<img fetchpriority=\"high\" decoding=\"async\" width=\"300\" height=\"300\" src=\"https:\/\/teslafm.net\/wp-content\/uploads\/2023\/08\/MNSTRNVST-300x300.png\" class=\"attachment-medium size-medium wp-image-63175\" alt=\"\" srcset=\"https:\/\/teslafm.net\/wp-content\/uploads\/2023\/08\/MNSTRNVST-300x300.png 300w, https:\/\/teslafm.net\/wp-content\/uploads\/2023\/08\/MNSTRNVST-150x150.png 150w, https:\/\/teslafm.net\/wp-content\/uploads\/2023\/08\/MNSTRNVST-768x768.png 768w, https:\/\/teslafm.net\/wp-content\/uploads\/2023\/08\/MNSTRNVST-12x12.png 12w, https:\/\/teslafm.net\/wp-content\/uploads\/2023\/08\/MNSTRNVST.png 1000w\" sizes=\"(max-width: 300px) 100vw, 300px\" \/>\t\t\t\t\t\t\t\t\t\t\t\t\t\t\t<\/div>\n\t\t\t\t<\/div>\n\t\t\t\t\t<\/div>\n\t\t<\/div>\n\t\t\t\t<div class=\"elementor-column elementor-col-33 elementor-top-column elementor-element elementor-element-4183848\" data-id=\"4183848\" data-element_type=\"column\" data-e-type=\"column\" data-settings=\"{&quot;background_background&quot;:&quot;classic&quot;}\">\n\t\t\t<div class=\"elementor-widget-wrap elementor-element-populated\">\n\t\t\t\t\t\t<div class=\"elementor-element elementor-element-f1f333a elementor-widget elementor-widget-heading\" data-id=\"f1f333a\" data-element_type=\"widget\" data-e-type=\"widget\" data-widget_type=\"heading.default\">\n\t\t\t\t<div class=\"elementor-widget-container\">\n\t\t\t\t\t<h2 class=\"elementor-heading-title elementor-size-default\">IGNACIO FERNANDEZ<\/h2>\t\t\t\t<\/div>\n\t\t\t\t<\/div>\n\t\t\t\t<div class=\"elementor-element elementor-element-f0ddc5b elementor-widget elementor-widget-text-editor\" data-id=\"f0ddc5b\" data-element_type=\"widget\" data-e-type=\"widget\" data-widget_type=\"text-editor.default\">\n\t\t\t\t<div class=\"elementor-widget-container\">\n\t\t\t\t\t\t\t\t\t<p>He was born in Futaleuf\u00fa, Chile in February 1983. A merchant seaman for ten years, he traveled around several countries washing dishes during the day and entertaining the crew at night, until he settled in Santa Cruz de Tejeda, where he currently lives with his cat Macedonia. Soon after settling down, he did quite well. He is now a bookseller by default, monster collector, misguided transvestite and occasional musician. He dances beautifully. Sometimes he writes on paper. He also does other things. He would always prefer not to.<\/p>\t\t\t\t\t\t\t\t<\/div>\n\t\t\t\t<\/div>\n\t\t\t\t\t<\/div>\n\t\t<\/div>\n\t\t\t\t<div class=\"elementor-column elementor-col-33 elementor-top-column elementor-element elementor-element-cd49655\" data-id=\"cd49655\" data-element_type=\"column\" data-e-type=\"column\" data-settings=\"{&quot;background_background&quot;:&quot;classic&quot;}\">\n\t\t\t<div class=\"elementor-widget-wrap elementor-element-populated\">\n\t\t\t\t\t\t<div class=\"elementor-element elementor-element-0665b55 elementor-widget elementor-widget-heading\" data-id=\"0665b55\" data-element_type=\"widget\" data-e-type=\"widget\" data-widget_type=\"heading.default\">\n\t\t\t\t<div class=\"elementor-widget-container\">\n\t\t\t\t\t<h2 class=\"elementor-heading-title elementor-size-default\">LOCUS SOLUS<\/h2>\t\t\t\t<\/div>\n\t\t\t\t<\/div>\n\t\t\t\t<div class=\"elementor-element elementor-element-87da2a5 elementor-widget elementor-widget-text-editor\" data-id=\"87da2a5\" data-element_type=\"widget\" data-e-type=\"widget\" data-widget_type=\"text-editor.default\">\n\t\t\t\t<div class=\"elementor-widget-container\">\n\t\t\t\t\t\t\t\t\t<p><span style=\"color: #808080;\">Locus Solus is a radio program in which sound paths are proposed.<\/span><br \/><span style=\"color: #808080;\">imagined from writing, both essays and fiction or other forms in which the <\/span><span style=\"color: #808080;\">sound and music are thought from the word. Each section will then be a book <\/span><span style=\"color: #808080;\">route, sonorous riverrun to cross the reading and to interlace references. Miniatures <\/span><span style=\"color: #808080;\">possible of an endless text. An attempt at an itinerant bibliophile cabaret.<\/span><\/p><p><span style=\"color: #808080;\">Produced by<\/span> <a href=\"https:\/\/www.instagram.com\/mnstrnvst\/\" target=\"_blank\" rel=\"noopener\">mnstrnvst<\/a><\/p><p>\u00a0<\/p>\t\t\t\t\t\t\t\t<\/div>\n\t\t\t\t<\/div>\n\t\t\t\t\t<\/div>\n\t\t<\/div>\n\t\t\t\t\t<\/div>\n\t\t<\/section>\n\t\t\t\t<section class=\"elementor-section elementor-top-section elementor-element elementor-element-a52214f elementor-section-boxed elementor-section-height-default elementor-section-height-default\" data-id=\"a52214f\" data-element_type=\"section\" data-e-type=\"section\">\n\t\t\t\t\t\t<div class=\"elementor-container elementor-column-gap-default\">\n\t\t\t\t\t<div class=\"elementor-column elementor-col-25 elementor-top-column elementor-element elementor-element-0539f58\" data-id=\"0539f58\" data-element_type=\"column\" data-e-type=\"column\">\n\t\t\t<div class=\"elementor-widget-wrap elementor-element-populated\">\n\t\t\t\t\t\t<div class=\"elementor-element elementor-element-e1a8e12 elementor-widget elementor-widget-testimonial\" data-id=\"e1a8e12\" data-element_type=\"widget\" data-e-type=\"widget\" data-widget_type=\"testimonial.default\">\n\t\t\t\t<div class=\"elementor-widget-container\">\n\t\t\t\t\t\t\t<div class=\"elementor-testimonial-wrapper\">\n\t\t\t\t\t\t\t<div class=\"elementor-testimonial-content\">If you like Locus Solus, we recommend:<\/div>\n\t\t\t\n\t\t\t\t\t\t<div class=\"elementor-testimonial-meta elementor-has-image elementor-testimonial-image-position-aside\">\n\t\t\t\t<div class=\"elementor-testimonial-meta-inner\">\n\t\t\t\t\t\t\t\t\t\t\t<div class=\"elementor-testimonial-image\">\n\t\t\t\t\t\t\t<a href=\"https:\/\/teslafm.net\/en\/esquizofonias-o-la-palpitacion-del-siglo\/\" target=\"_blank\"><img decoding=\"async\" src=\"https:\/\/teslafm.net\/wp-content\/uploads\/elementor\/thumbs\/esquizofonias-py8f1pyc1daw8rs173fergtqb1xtbeug4ae8myi6jy.png\" title=\"schizophonies\" alt=\"esquizofonias\" loading=\"lazy\" \/><\/a>\t\t\t\t\t\t<\/div>\n\t\t\t\t\t\n\t\t\t\t\t\t\t\t\t\t<div class=\"elementor-testimonial-details\">\n\t\t\t\t\t\t\t\t\t\t\t\t\t\t<a class=\"elementor-testimonial-name\" href=\"https:\/\/teslafm.net\/en\/esquizofonias-o-la-palpitacion-del-siglo\/\" target=\"_blank\">Schizophonies...<\/a>\n\t\t\t\t\t\t\t\t\t\t\t\t\t\t\t\t\t\t\t\t\t\t<a class=\"elementor-testimonial-job\" href=\"https:\/\/teslafm.net\/en\/esquizofonias-o-la-palpitacion-del-siglo\/\" target=\"_blank\">Zozobra<\/a>\n\t\t\t\t\t\t\t\t\t\t\t\t\t<\/div>\n\t\t\t\t\t\t\t\t\t<\/div>\n\t\t\t<\/div>\n\t\t\t\t\t<\/div>\n\t\t\t\t\t\t<\/div>\n\t\t\t\t<\/div>\n\t\t\t\t\t<\/div>\n\t\t<\/div>\n\t\t\t\t<div class=\"elementor-column elementor-col-25 elementor-top-column elementor-element elementor-element-117952e\" data-id=\"117952e\" data-element_type=\"column\" data-e-type=\"column\">\n\t\t\t<div class=\"elementor-widget-wrap elementor-element-populated\">\n\t\t\t\t\t\t<div class=\"elementor-element elementor-element-7522728 elementor-widget elementor-widget-testimonial\" data-id=\"7522728\" data-element_type=\"widget\" data-e-type=\"widget\" data-widget_type=\"testimonial.default\">\n\t\t\t\t<div class=\"elementor-widget-container\">\n\t\t\t\t\t\t\t<div class=\"elementor-testimonial-wrapper\">\n\t\t\t\t\t\t\t<div class=\"elementor-testimonial-content\">If you like TeslaFM, we recommend:<\/div>\n\t\t\t\n\t\t\t\t\t<\/div>\n\t\t\t\t\t\t<\/div>\n\t\t\t\t<\/div>\n\t\t\t\t\t<\/div>\n\t\t<\/div>\n\t\t\t\t<div class=\"elementor-column elementor-col-25 elementor-top-column elementor-element elementor-element-fb5ec9d\" data-id=\"fb5ec9d\" data-element_type=\"column\" data-e-type=\"column\">\n\t\t\t<div class=\"elementor-widget-wrap elementor-element-populated\">\n\t\t\t\t\t\t<div class=\"elementor-element elementor-element-46ae2c4 elementor-widget elementor-widget-testimonial\" data-id=\"46ae2c4\" data-element_type=\"widget\" data-e-type=\"widget\" data-widget_type=\"testimonial.default\">\n\t\t\t\t<div class=\"elementor-widget-container\">\n\t\t\t\t\t\t\t<div class=\"elementor-testimonial-wrapper\">\n\t\t\t\t\t\t\t<div class=\"elementor-testimonial-content\">If you like TeslaFM, we recommend:<\/div>\n\t\t\t\n\t\t\t\t\t<\/div>\n\t\t\t\t\t\t<\/div>\n\t\t\t\t<\/div>\n\t\t\t\t\t<\/div>\n\t\t<\/div>\n\t\t\t\t<div class=\"elementor-column elementor-col-25 elementor-top-column elementor-element elementor-element-d23be76\" data-id=\"d23be76\" data-element_type=\"column\" data-e-type=\"column\">\n\t\t\t<div class=\"elementor-widget-wrap\">\n\t\t\t\t\t\t\t<\/div>\n\t\t<\/div>\n\t\t\t\t\t<\/div>\n\t\t<\/section>\n\t\t\t\t<section class=\"elementor-section elementor-top-section elementor-element elementor-element-2da2a66 elementor-section-boxed elementor-section-height-default elementor-section-height-default\" data-id=\"2da2a66\" data-element_type=\"section\" data-e-type=\"section\">\n\t\t\t\t\t\t<div class=\"elementor-container elementor-column-gap-default\">\n\t\t\t\t\t<div class=\"elementor-column elementor-col-100 elementor-top-column elementor-element elementor-element-4669351\" data-id=\"4669351\" data-element_type=\"column\" data-e-type=\"column\">\n\t\t\t<div class=\"elementor-widget-wrap elementor-element-populated\">\n\t\t\t\t\t\t<div class=\"elementor-element elementor-element-69bcfd9 elementor-widget elementor-widget-spacer\" data-id=\"69bcfd9\" data-element_type=\"widget\" data-e-type=\"widget\" data-widget_type=\"spacer.default\">\n\t\t\t\t<div class=\"elementor-widget-container\">\n\t\t\t\t\t\t\t<div class=\"elementor-spacer\">\n\t\t\t<div class=\"elementor-spacer-inner\"><\/div>\n\t\t<\/div>\n\t\t\t\t\t\t<\/div>\n\t\t\t\t<\/div>\n\t\t\t\t\t<\/div>\n\t\t<\/div>\n\t\t\t\t\t<\/div>\n\t\t<\/section>\n\t\t\t\t<section class=\"elementor-section elementor-top-section elementor-element elementor-element-3fb5e95 elementor-section-boxed elementor-section-height-default elementor-section-height-default\" data-id=\"3fb5e95\" data-element_type=\"section\" data-e-type=\"section\">\n\t\t\t\t\t\t<div class=\"elementor-container elementor-column-gap-default\">\n\t\t\t\t\t<div class=\"elementor-column elementor-col-100 elementor-top-column elementor-element elementor-element-28321a5\" data-id=\"28321a5\" data-element_type=\"column\" data-e-type=\"column\">\n\t\t\t<div class=\"elementor-widget-wrap elementor-element-populated\">\n\t\t\t\t\t\t<div class=\"elementor-element elementor-element-93fafc9 elementor-widget elementor-widget-text-editor\" data-id=\"93fafc9\" data-element_type=\"widget\" data-e-type=\"widget\" data-widget_type=\"text-editor.default\">\n\t\t\t\t<div class=\"elementor-widget-container\">\n\t\t\t\t\t\t\t\t\t<p><a href=\"https:\/\/teslafm.net\/en\/locus-solus-4\/\"><strong>Locus Solus #4 \/ + info<\/strong> <\/a><span style=\"color: #808080;\"><em>December 2023<\/em><\/span><\/p><p><iframe src=\"https:\/\/player-widget.mixcloud.com\/widget\/iframe\/?hide_cover=1&amp;feed=%2FTeslafm_net%2Flocus-solus-4-mnstrnvst%2F\" width=\"100%\" height=\"120\" frameborder=\"0\"><\/iframe><\/p><p><a href=\"https:\/\/teslafm.net\/en\/locus-solus-3\/\"><strong>Locus Solus #3 \/ + info<\/strong><\/a> <span style=\"color: #808080;\"><em>November 2023<\/em><\/span><\/p><p><iframe src=\"https:\/\/player-widget.mixcloud.com\/widget\/iframe\/?hide_cover=1&amp;feed=%2FTeslafm_net%2Flocus-solus-3-mnstrnvst%2F\" width=\"100%\" height=\"120\" frameborder=\"0\"><\/iframe><\/p><p><a href=\"https:\/\/teslafm.net\/en\/locus-solus-2\/\"><strong>Locus Solus #2 \/ + info<\/strong><\/a> <span style=\"color: #808080;\"><em>October 2023<\/em><\/span><\/p><p><iframe src=\"https:\/\/player-widget.mixcloud.com\/widget\/iframe\/?hide_cover=1&amp;feed=%2FTeslafm_net%2Flocus-solus-2-mnstrnvst%2F\" width=\"100%\" height=\"120\" frameborder=\"0\"><\/iframe><\/p><p><a href=\"https:\/\/teslafm.net\/en\/locus-solus-1\/\"><strong>Locus Solus #1 \/ + info<\/strong><\/a> <span style=\"color: #808080;\"><em>September 2023<\/em><\/span><\/p><p><iframe src=\"https:\/\/player-widget.mixcloud.com\/widget\/iframe\/?hide_cover=1&amp;feed=%2FTeslafm_net%2Flocus-solus-1-mnstrnvst%2F\" width=\"100%\" height=\"120\" frameborder=\"0\"><\/iframe><\/p>\t\t\t\t\t\t\t\t<\/div>\n\t\t\t\t<\/div>\n\t\t\t\t\t<\/div>\n\t\t<\/div>\n\t\t\t\t\t<\/div>\n\t\t<\/section>\n\t\t\t\t<\/div>","protected":false},"excerpt":{"rendered":"<p>IGNACIO FERN\u00c1NDEZ Naci\u00f3 en Futaleuf\u00fa, Chile en febrero del 83\u2019. Marino mercante durante diez a\u00f1os, viaj\u00f3 por diversos pa\u00edses lavando platos durante el d\u00eda y entreteniendo a la tripulaci\u00f3n durante la noche, hasta radicarse en Santa Cruz de Tejeda, lugar donde actualmente reside junto a su gata Macedonia. Al poco de asentarse le fue bastante [&hellip;]<\/p>\n","protected":false},"author":19,"featured_media":0,"parent":0,"menu_order":0,"comment_status":"closed","ping_status":"closed","template":"","meta":{"footnotes":""},"class_list":["post-63220","page","type-page","status-publish","hentry"],"yoast_head":"<!-- This site is optimized with the Yoast SEO plugin v27.2 - https:\/\/yoast.com\/product\/yoast-seo-wordpress\/ -->\n<title>Locus Solus -<\/title>\n<meta name=\"robots\" content=\"index, follow, max-snippet:-1, max-image-preview:large, max-video-preview:-1\" \/>\n<link rel=\"canonical\" href=\"https:\/\/teslafm.net\/en\/locus-solus\/\" \/>\n<meta property=\"og:locale\" content=\"en_US\" \/>\n<meta property=\"og:type\" content=\"article\" \/>\n<meta property=\"og:title\" content=\"Locus Solus -\" \/>\n<meta property=\"og:description\" content=\"IGNACIO FERN\u00c1NDEZ Naci\u00f3 en Futaleuf\u00fa, Chile en febrero del 83\u2019. Marino mercante durante diez a\u00f1os, viaj\u00f3 por diversos pa\u00edses lavando platos durante el d\u00eda y entreteniendo a la tripulaci\u00f3n durante la noche, hasta radicarse en Santa Cruz de Tejeda, lugar donde actualmente reside junto a su gata Macedonia. Al poco de asentarse le fue bastante [&hellip;]\" \/>\n<meta property=\"og:url\" content=\"https:\/\/teslafm.net\/en\/locus-solus\/\" \/>\n<meta property=\"article:publisher\" content=\"https:\/\/www.facebook.com\/teslafm.net\" \/>\n<meta property=\"article:modified_time\" content=\"2023-12-08T17:09:50+00:00\" \/>\n<meta property=\"og:image\" content=\"http:\/\/teslafm.net\/wp-content\/uploads\/2023\/08\/MNSTRNVST-300x300.png\" \/>\n<meta name=\"twitter:card\" content=\"summary_large_image\" \/>\n<meta name=\"twitter:site\" content=\"@teslafm\" \/>\n<meta name=\"twitter:label1\" content=\"Est. reading time\" \/>\n\t<meta name=\"twitter:data1\" content=\"2 minutes\" \/>\n<script type=\"application\/ld+json\" class=\"yoast-schema-graph\">{\"@context\":\"https:\/\/schema.org\",\"@graph\":[{\"@type\":\"WebPage\",\"@id\":\"https:\/\/teslafm.net\/locus-solus\/\",\"url\":\"https:\/\/teslafm.net\/locus-solus\/\",\"name\":\"Locus Solus -\",\"isPartOf\":{\"@id\":\"https:\/\/teslafm.net\/#website\"},\"primaryImageOfPage\":{\"@id\":\"https:\/\/teslafm.net\/locus-solus\/#primaryimage\"},\"image\":{\"@id\":\"https:\/\/teslafm.net\/locus-solus\/#primaryimage\"},\"thumbnailUrl\":\"http:\/\/teslafm.net\/wp-content\/uploads\/2023\/08\/MNSTRNVST-300x300.png\",\"datePublished\":\"2023-08-28T14:30:55+00:00\",\"dateModified\":\"2023-12-08T17:09:50+00:00\",\"breadcrumb\":{\"@id\":\"https:\/\/teslafm.net\/locus-solus\/#breadcrumb\"},\"inLanguage\":\"en-US\",\"potentialAction\":[{\"@type\":\"ReadAction\",\"target\":[\"https:\/\/teslafm.net\/locus-solus\/\"]}]},{\"@type\":\"ImageObject\",\"inLanguage\":\"en-US\",\"@id\":\"https:\/\/teslafm.net\/locus-solus\/#primaryimage\",\"url\":\"http:\/\/teslafm.net\/wp-content\/uploads\/2023\/08\/MNSTRNVST-300x300.png\",\"contentUrl\":\"http:\/\/teslafm.net\/wp-content\/uploads\/2023\/08\/MNSTRNVST-300x300.png\"},{\"@type\":\"BreadcrumbList\",\"@id\":\"https:\/\/teslafm.net\/locus-solus\/#breadcrumb\",\"itemListElement\":[{\"@type\":\"ListItem\",\"position\":1,\"name\":\"Portada\",\"item\":\"https:\/\/teslafm.net\/\"},{\"@type\":\"ListItem\",\"position\":2,\"name\":\"Locus Solus\"}]},{\"@type\":\"WebSite\",\"@id\":\"https:\/\/teslafm.net\/#website\",\"url\":\"https:\/\/teslafm.net\/\",\"name\":\"TeslaFM\",\"description\":\"An experimental and creative radio\",\"publisher\":{\"@id\":\"https:\/\/teslafm.net\/#organization\"},\"potentialAction\":[{\"@type\":\"SearchAction\",\"target\":{\"@type\":\"EntryPoint\",\"urlTemplate\":\"https:\/\/teslafm.net\/?s={search_term_string}\"},\"query-input\":{\"@type\":\"PropertyValueSpecification\",\"valueRequired\":true,\"valueName\":\"search_term_string\"}}],\"inLanguage\":\"en-US\"},{\"@type\":\"Organization\",\"@id\":\"https:\/\/teslafm.net\/#organization\",\"name\":\"TeslaFM\",\"url\":\"https:\/\/teslafm.net\/\",\"logo\":{\"@type\":\"ImageObject\",\"inLanguage\":\"en-US\",\"@id\":\"https:\/\/teslafm.net\/#\/schema\/logo\/image\/\",\"url\":\"https:\/\/teslafm.net\/wp-content\/uploads\/2020\/06\/logo-tesla.png\",\"contentUrl\":\"https:\/\/teslafm.net\/wp-content\/uploads\/2020\/06\/logo-tesla.png\",\"width\":512,\"height\":512,\"caption\":\"TeslaFM\"},\"image\":{\"@id\":\"https:\/\/teslafm.net\/#\/schema\/logo\/image\/\"},\"sameAs\":[\"https:\/\/www.facebook.com\/teslafm.net\",\"https:\/\/x.com\/teslafm\"]}]}<\/script>\n<!-- \/ Yoast SEO plugin. -->","yoast_head_json":{"title":"Locus Solus -","robots":{"index":"index","follow":"follow","max-snippet":"max-snippet:-1","max-image-preview":"max-image-preview:large","max-video-preview":"max-video-preview:-1"},"canonical":"https:\/\/teslafm.net\/en\/locus-solus\/","og_locale":"en_US","og_type":"article","og_title":"Locus Solus -","og_description":"IGNACIO FERN\u00c1NDEZ Naci\u00f3 en Futaleuf\u00fa, Chile en febrero del 83\u2019. Marino mercante durante diez a\u00f1os, viaj\u00f3 por diversos pa\u00edses lavando platos durante el d\u00eda y entreteniendo a la tripulaci\u00f3n durante la noche, hasta radicarse en Santa Cruz de Tejeda, lugar donde actualmente reside junto a su gata Macedonia. Al poco de asentarse le fue bastante [&hellip;]","og_url":"https:\/\/teslafm.net\/en\/locus-solus\/","article_publisher":"https:\/\/www.facebook.com\/teslafm.net","article_modified_time":"2023-12-08T17:09:50+00:00","og_image":[{"url":"http:\/\/teslafm.net\/wp-content\/uploads\/2023\/08\/MNSTRNVST-300x300.png","type":"","width":"","height":""}],"twitter_card":"summary_large_image","twitter_site":"@teslafm","twitter_misc":{"Est. reading time":"2 minutes"},"schema":{"@context":"https:\/\/schema.org","@graph":[{"@type":"WebPage","@id":"https:\/\/teslafm.net\/locus-solus\/","url":"https:\/\/teslafm.net\/locus-solus\/","name":"Locus Solus -","isPartOf":{"@id":"https:\/\/teslafm.net\/#website"},"primaryImageOfPage":{"@id":"https:\/\/teslafm.net\/locus-solus\/#primaryimage"},"image":{"@id":"https:\/\/teslafm.net\/locus-solus\/#primaryimage"},"thumbnailUrl":"http:\/\/teslafm.net\/wp-content\/uploads\/2023\/08\/MNSTRNVST-300x300.png","datePublished":"2023-08-28T14:30:55+00:00","dateModified":"2023-12-08T17:09:50+00:00","breadcrumb":{"@id":"https:\/\/teslafm.net\/locus-solus\/#breadcrumb"},"inLanguage":"en-US","potentialAction":[{"@type":"ReadAction","target":["https:\/\/teslafm.net\/locus-solus\/"]}]},{"@type":"ImageObject","inLanguage":"en-US","@id":"https:\/\/teslafm.net\/locus-solus\/#primaryimage","url":"http:\/\/teslafm.net\/wp-content\/uploads\/2023\/08\/MNSTRNVST-300x300.png","contentUrl":"http:\/\/teslafm.net\/wp-content\/uploads\/2023\/08\/MNSTRNVST-300x300.png"},{"@type":"BreadcrumbList","@id":"https:\/\/teslafm.net\/locus-solus\/#breadcrumb","itemListElement":[{"@type":"ListItem","position":1,"name":"Portada","item":"https:\/\/teslafm.net\/"},{"@type":"ListItem","position":2,"name":"Locus Solus"}]},{"@type":"WebSite","@id":"https:\/\/teslafm.net\/#website","url":"https:\/\/teslafm.net\/","name":"TeslaFM","description":"An experimental and creative radio","publisher":{"@id":"https:\/\/teslafm.net\/#organization"},"potentialAction":[{"@type":"SearchAction","target":{"@type":"EntryPoint","urlTemplate":"https:\/\/teslafm.net\/?s={search_term_string}"},"query-input":{"@type":"PropertyValueSpecification","valueRequired":true,"valueName":"search_term_string"}}],"inLanguage":"en-US"},{"@type":"Organization","@id":"https:\/\/teslafm.net\/#organization","name":"TeslaFM","url":"https:\/\/teslafm.net\/","logo":{"@type":"ImageObject","inLanguage":"en-US","@id":"https:\/\/teslafm.net\/#\/schema\/logo\/image\/","url":"https:\/\/teslafm.net\/wp-content\/uploads\/2020\/06\/logo-tesla.png","contentUrl":"https:\/\/teslafm.net\/wp-content\/uploads\/2020\/06\/logo-tesla.png","width":512,"height":512,"caption":"TeslaFM"},"image":{"@id":"https:\/\/teslafm.net\/#\/schema\/logo\/image\/"},"sameAs":["https:\/\/www.facebook.com\/teslafm.net","https:\/\/x.com\/teslafm"]}]}},"rttpg_featured_image_url":null,"rttpg_author":{"display_name":"Ishak","author_link":"https:\/\/teslafm.net\/en\/author\/cravan\/"},"rttpg_comment":0,"rttpg_category":null,"rttpg_excerpt":"IGNACIO FERN\u00c1NDEZ Naci\u00f3 en Futaleuf\u00fa, Chile en febrero del 83\u2019. Marino mercante durante diez a\u00f1os, viaj\u00f3 por diversos pa\u00edses lavando platos durante el d\u00eda y entreteniendo a la tripulaci\u00f3n durante la noche, hasta radicarse en Santa Cruz de Tejeda, lugar donde actualmente reside junto a su gata Macedonia. Al poco de asentarse le fue bastante&hellip;","_links":{"self":[{"href":"https:\/\/teslafm.net\/en\/wp-json\/wp\/v2\/pages\/63220","targetHints":{"allow":["GET"]}}],"collection":[{"href":"https:\/\/teslafm.net\/en\/wp-json\/wp\/v2\/pages"}],"about":[{"href":"https:\/\/teslafm.net\/en\/wp-json\/wp\/v2\/types\/page"}],"author":[{"embeddable":true,"href":"https:\/\/teslafm.net\/en\/wp-json\/wp\/v2\/users\/19"}],"replies":[{"embeddable":true,"href":"https:\/\/teslafm.net\/en\/wp-json\/wp\/v2\/comments?post=63220"}],"version-history":[{"count":40,"href":"https:\/\/teslafm.net\/en\/wp-json\/wp\/v2\/pages\/63220\/revisions"}],"predecessor-version":[{"id":64036,"href":"https:\/\/teslafm.net\/en\/wp-json\/wp\/v2\/pages\/63220\/revisions\/64036"}],"wp:attachment":[{"href":"https:\/\/teslafm.net\/en\/wp-json\/wp\/v2\/media?parent=63220"}],"curies":[{"name":"wp","href":"https:\/\/api.w.org\/{rel}","templated":true}]}}