

{"id":63242,"date":"2023-08-28T16:46:14","date_gmt":"2023-08-28T14:46:14","guid":{"rendered":"https:\/\/teslafm.net\/?page_id=63242"},"modified":"2023-12-15T21:57:48","modified_gmt":"2023-12-15T20:57:48","slug":"radio-concrete","status":"publish","type":"page","link":"https:\/\/teslafm.net\/en\/radio-concrete\/","title":{"rendered":"Radio Concrete"},"content":{"rendered":"<div data-elementor-type=\"wp-page\" data-elementor-id=\"63242\" class=\"elementor elementor-63242\">\n\t\t\t\t\t\t<section class=\"elementor-section elementor-top-section elementor-element elementor-element-743f6fd elementor-section-boxed elementor-section-height-default elementor-section-height-default\" data-id=\"743f6fd\" data-element_type=\"section\" data-e-type=\"section\">\n\t\t\t\t\t\t<div class=\"elementor-container elementor-column-gap-default\">\n\t\t\t\t\t<div class=\"elementor-column elementor-col-33 elementor-top-column elementor-element elementor-element-e169bb0\" data-id=\"e169bb0\" data-element_type=\"column\" data-e-type=\"column\">\n\t\t\t<div class=\"elementor-widget-wrap elementor-element-populated\">\n\t\t\t\t\t\t<div class=\"elementor-element elementor-element-5c019c4 elementor-widget elementor-widget-image\" data-id=\"5c019c4\" data-element_type=\"widget\" data-e-type=\"widget\" data-widget_type=\"image.default\">\n\t\t\t\t<div class=\"elementor-widget-container\">\n\t\t\t\t\t\t\t\t\t\t\t\t\t\t\t<img fetchpriority=\"high\" decoding=\"async\" width=\"300\" height=\"298\" src=\"https:\/\/teslafm.net\/wp-content\/uploads\/2023\/08\/hagai-izenberg-300x298.png\" class=\"attachment-medium size-medium wp-image-63244\" alt=\"\" srcset=\"https:\/\/teslafm.net\/wp-content\/uploads\/2023\/08\/hagai-izenberg-300x298.png 300w, https:\/\/teslafm.net\/wp-content\/uploads\/2023\/08\/hagai-izenberg-150x150.png 150w, https:\/\/teslafm.net\/wp-content\/uploads\/2023\/08\/hagai-izenberg-768x763.png 768w, https:\/\/teslafm.net\/wp-content\/uploads\/2023\/08\/hagai-izenberg-12x12.png 12w, https:\/\/teslafm.net\/wp-content\/uploads\/2023\/08\/hagai-izenberg.png 1006w\" sizes=\"(max-width: 300px) 100vw, 300px\" \/>\t\t\t\t\t\t\t\t\t\t\t\t\t\t\t<\/div>\n\t\t\t\t<\/div>\n\t\t\t\t\t<\/div>\n\t\t<\/div>\n\t\t\t\t<div class=\"elementor-column elementor-col-33 elementor-top-column elementor-element elementor-element-f1d9247\" data-id=\"f1d9247\" data-element_type=\"column\" data-e-type=\"column\" data-settings=\"{&quot;background_background&quot;:&quot;classic&quot;}\">\n\t\t\t<div class=\"elementor-widget-wrap elementor-element-populated\">\n\t\t\t\t\t\t<div class=\"elementor-element elementor-element-6c9a4af elementor-widget elementor-widget-heading\" data-id=\"6c9a4af\" data-element_type=\"widget\" data-e-type=\"widget\" data-widget_type=\"heading.default\">\n\t\t\t\t<div class=\"elementor-widget-container\">\n\t\t\t\t\t<h2 class=\"elementor-heading-title elementor-size-default\">HAGAI IZENBERG<\/h2>\t\t\t\t<\/div>\n\t\t\t\t<\/div>\n\t\t\t\t<div class=\"elementor-element elementor-element-38724db elementor-widget elementor-widget-text-editor\" data-id=\"38724db\" data-element_type=\"widget\" data-e-type=\"widget\" data-widget_type=\"text-editor.default\">\n\t\t\t\t<div class=\"elementor-widget-container\">\n\t\t\t\t\t\t\t\t\t<p>He is a sound artist, composer and musician, and a founding member of the electronic duo <strong>Rendezvous<\/strong>. His experimental work focuses on the sounds we are exposed to every day in the public and domestic spheres, often in passing or unintentionally.<\/p><p>He performs with live concrete music sets in Israel and Europe, playing at festivals, art and music events and making sound installations. His pieces are played on radio programs such as Late Junction (BBC 3), Framework radio, Radiophrenia and others.<\/p>\t\t\t\t\t\t\t\t<\/div>\n\t\t\t\t<\/div>\n\t\t\t\t\t<\/div>\n\t\t<\/div>\n\t\t\t\t<div class=\"elementor-column elementor-col-33 elementor-top-column elementor-element elementor-element-5062bc1\" data-id=\"5062bc1\" data-element_type=\"column\" data-e-type=\"column\" data-settings=\"{&quot;background_background&quot;:&quot;classic&quot;}\">\n\t\t\t<div class=\"elementor-widget-wrap elementor-element-populated\">\n\t\t\t\t\t\t<div class=\"elementor-element elementor-element-bb11567 elementor-widget elementor-widget-heading\" data-id=\"bb11567\" data-element_type=\"widget\" data-e-type=\"widget\" data-widget_type=\"heading.default\">\n\t\t\t\t<div class=\"elementor-widget-container\">\n\t\t\t\t\t<h2 class=\"elementor-heading-title elementor-size-default\">RADIO CONCRETE<\/h2>\t\t\t\t<\/div>\n\t\t\t\t<\/div>\n\t\t\t\t<div class=\"elementor-element elementor-element-7b950fc elementor-widget elementor-widget-text-editor\" data-id=\"7b950fc\" data-element_type=\"widget\" data-e-type=\"widget\" data-widget_type=\"text-editor.default\">\n\t\t\t\t<div class=\"elementor-widget-container\">\n\t\t\t\t\t\t\t\t\t<p><span style=\"color: #808080;\"><strong>Radio Concrete<\/strong> is a monthly experimental radio program focused on the sounds that people are exposed to on a daily basis in a spontaneous and unplanned way; from the immediate environment, the street and the radio.<\/span><\/p><p>\u00a0<\/p>\t\t\t\t\t\t\t\t<\/div>\n\t\t\t\t<\/div>\n\t\t\t\t\t<\/div>\n\t\t<\/div>\n\t\t\t\t\t<\/div>\n\t\t<\/section>\n\t\t\t\t<section class=\"elementor-section elementor-top-section elementor-element elementor-element-69a4a02 elementor-section-boxed elementor-section-height-default elementor-section-height-default\" data-id=\"69a4a02\" data-element_type=\"section\" data-e-type=\"section\">\n\t\t\t\t\t\t<div class=\"elementor-container elementor-column-gap-default\">\n\t\t\t\t\t<div class=\"elementor-column elementor-col-25 elementor-top-column elementor-element elementor-element-7cef978\" data-id=\"7cef978\" data-element_type=\"column\" data-e-type=\"column\">\n\t\t\t<div class=\"elementor-widget-wrap elementor-element-populated\">\n\t\t\t\t\t\t<div class=\"elementor-element elementor-element-06308d5 elementor-widget elementor-widget-testimonial\" data-id=\"06308d5\" data-element_type=\"widget\" data-e-type=\"widget\" data-widget_type=\"testimonial.default\">\n\t\t\t\t<div class=\"elementor-widget-container\">\n\t\t\t\t\t\t\t<div class=\"elementor-testimonial-wrapper\">\n\t\t\t\t\t\t\t<div class=\"elementor-testimonial-content\">If you like Radio Concrete, we recommend:<\/div>\n\t\t\t\n\t\t\t\t\t<\/div>\n\t\t\t\t\t\t<\/div>\n\t\t\t\t<\/div>\n\t\t\t\t\t<\/div>\n\t\t<\/div>\n\t\t\t\t<div class=\"elementor-column elementor-col-25 elementor-top-column elementor-element elementor-element-d1f66e9\" data-id=\"d1f66e9\" data-element_type=\"column\" data-e-type=\"column\">\n\t\t\t<div class=\"elementor-widget-wrap elementor-element-populated\">\n\t\t\t\t\t\t<div class=\"elementor-element elementor-element-7c143b7 elementor-widget elementor-widget-testimonial\" data-id=\"7c143b7\" data-element_type=\"widget\" data-e-type=\"widget\" data-widget_type=\"testimonial.default\">\n\t\t\t\t<div class=\"elementor-widget-container\">\n\t\t\t\t\t\t\t<div class=\"elementor-testimonial-wrapper\">\n\t\t\t\t\t\t\t<div class=\"elementor-testimonial-content\">If you like TeslaFM, we recommend:<\/div>\n\t\t\t\n\t\t\t\t\t<\/div>\n\t\t\t\t\t\t<\/div>\n\t\t\t\t<\/div>\n\t\t\t\t\t<\/div>\n\t\t<\/div>\n\t\t\t\t<div class=\"elementor-column elementor-col-25 elementor-top-column elementor-element elementor-element-344cd8a\" data-id=\"344cd8a\" data-element_type=\"column\" data-e-type=\"column\">\n\t\t\t<div class=\"elementor-widget-wrap elementor-element-populated\">\n\t\t\t\t\t\t<div class=\"elementor-element elementor-element-8229b18 elementor-widget elementor-widget-testimonial\" data-id=\"8229b18\" data-element_type=\"widget\" data-e-type=\"widget\" data-widget_type=\"testimonial.default\">\n\t\t\t\t<div class=\"elementor-widget-container\">\n\t\t\t\t\t\t\t<div class=\"elementor-testimonial-wrapper\">\n\t\t\t\t\t\t\t<div class=\"elementor-testimonial-content\">If you like TeslaFM, we recommend:<\/div>\n\t\t\t\n\t\t\t\t\t<\/div>\n\t\t\t\t\t\t<\/div>\n\t\t\t\t<\/div>\n\t\t\t\t\t<\/div>\n\t\t<\/div>\n\t\t\t\t<div class=\"elementor-column elementor-col-25 elementor-top-column elementor-element elementor-element-012f3b1\" data-id=\"012f3b1\" data-element_type=\"column\" data-e-type=\"column\">\n\t\t\t<div class=\"elementor-widget-wrap\">\n\t\t\t\t\t\t\t<\/div>\n\t\t<\/div>\n\t\t\t\t\t<\/div>\n\t\t<\/section>\n\t\t\t\t<section class=\"elementor-section elementor-top-section elementor-element elementor-element-a545eee elementor-section-boxed elementor-section-height-default elementor-section-height-default\" data-id=\"a545eee\" data-element_type=\"section\" data-e-type=\"section\">\n\t\t\t\t\t\t<div class=\"elementor-container elementor-column-gap-default\">\n\t\t\t\t\t<div class=\"elementor-column elementor-col-100 elementor-top-column elementor-element elementor-element-a6fa2e4\" data-id=\"a6fa2e4\" data-element_type=\"column\" data-e-type=\"column\">\n\t\t\t<div class=\"elementor-widget-wrap elementor-element-populated\">\n\t\t\t\t\t\t<div class=\"elementor-element elementor-element-74b651c elementor-widget elementor-widget-spacer\" data-id=\"74b651c\" data-element_type=\"widget\" data-e-type=\"widget\" data-widget_type=\"spacer.default\">\n\t\t\t\t<div class=\"elementor-widget-container\">\n\t\t\t\t\t\t\t<div class=\"elementor-spacer\">\n\t\t\t<div class=\"elementor-spacer-inner\"><\/div>\n\t\t<\/div>\n\t\t\t\t\t\t<\/div>\n\t\t\t\t<\/div>\n\t\t\t\t\t<\/div>\n\t\t<\/div>\n\t\t\t\t\t<\/div>\n\t\t<\/section>\n\t\t\t\t<section class=\"elementor-section elementor-top-section elementor-element elementor-element-6f63b7c elementor-section-boxed elementor-section-height-default elementor-section-height-default\" data-id=\"6f63b7c\" data-element_type=\"section\" data-e-type=\"section\">\n\t\t\t\t\t\t<div class=\"elementor-container elementor-column-gap-default\">\n\t\t\t\t\t<div class=\"elementor-column elementor-col-100 elementor-top-column elementor-element elementor-element-eb8ed78\" data-id=\"eb8ed78\" data-element_type=\"column\" data-e-type=\"column\">\n\t\t\t<div class=\"elementor-widget-wrap elementor-element-populated\">\n\t\t\t\t\t\t<div class=\"elementor-element elementor-element-4b8c26d elementor-widget elementor-widget-text-editor\" data-id=\"4b8c26d\" data-element_type=\"widget\" data-e-type=\"widget\" data-widget_type=\"text-editor.default\">\n\t\t\t\t<div class=\"elementor-widget-container\">\n\t\t\t\t\t\t\t\t\t<a href=\"https:\/\/teslafm.net\/en\/radio-concrete-3\/\"><strong>Radio Concrete #3 \/ + info<\/strong><\/a> <span style=\"color: #808080;\"><em>December 2023<\/em><\/span>\n\n<iframe width=\"100%\" height=\"120\" src=\"https:\/\/player-widget.mixcloud.com\/widget\/iframe\/?hide_cover=1&#038;feed=%2FTeslafm_net%2Fradio-concrete-3-hagai-izenberg%2F\" frameborder=\"0\" ><\/iframe>\n\n<a href=\"https:\/\/teslafm.net\/en\/radio-concrete-2\/\"><strong>Radio Concrete #2 \/ + info<\/strong><\/a> <span style=\"color: #808080;\"><em>November 2023<\/em><\/span>\n\n<iframe src=\"https:\/\/player-widget.mixcloud.com\/widget\/iframe\/?hide_cover=1&amp;feed=%2FTeslafm_net%2Fradio-concrete-2-hagai-izenberg%2F\" width=\"100%\" height=\"120\" frameborder=\"0\"><\/iframe>\n\n<a href=\"https:\/\/teslafm.net\/en\/radio-concrete-1\/\"><strong>Radio Concrete #1 \/ + info<\/strong><\/a> <span style=\"color: #808080;\"><em>October 2023<\/em><\/span>\n\n<iframe src=\"https:\/\/player-widget.mixcloud.com\/widget\/iframe\/?hide_cover=1&amp;feed=%2FTeslafm_net%2Fradio-concrete-1-hagai-izenberg%2F\" width=\"100%\" height=\"120\" frameborder=\"0\"><\/iframe>\t\t\t\t\t\t\t\t<\/div>\n\t\t\t\t<\/div>\n\t\t\t\t\t<\/div>\n\t\t<\/div>\n\t\t\t\t\t<\/div>\n\t\t<\/section>\n\t\t\t\t<\/div>","protected":false},"excerpt":{"rendered":"<p>HAGAI IZENBERG Es artista sonoro, compositor y m\u00fasico, y miembro fundador del d\u00fao electr\u00f3nico Rendezvous. Su obra experimental se centra en los sonidos a los que estamos expuestos cada d\u00eda en las esferas p\u00fablica y dom\u00e9stica, a menudo de pasada o involuntariamente. Act\u00faa con sets de m\u00fasica concreta en directo en Israel y en Europa, [&hellip;]<\/p>\n","protected":false},"author":19,"featured_media":0,"parent":0,"menu_order":0,"comment_status":"closed","ping_status":"closed","template":"","meta":{"footnotes":""},"class_list":["post-63242","page","type-page","status-publish","hentry"],"yoast_head":"<!-- This site is optimized with the Yoast SEO plugin v27.4 - https:\/\/yoast.com\/product\/yoast-seo-wordpress\/ -->\n<title>Radio Concrete -<\/title>\n<meta name=\"robots\" content=\"index, follow, max-snippet:-1, max-image-preview:large, max-video-preview:-1\" \/>\n<link rel=\"canonical\" href=\"https:\/\/teslafm.net\/en\/radio-concrete\/\" \/>\n<meta property=\"og:locale\" content=\"en_US\" \/>\n<meta property=\"og:type\" content=\"article\" \/>\n<meta property=\"og:title\" content=\"Radio Concrete -\" \/>\n<meta property=\"og:description\" content=\"HAGAI IZENBERG Es artista sonoro, compositor y m\u00fasico, y miembro fundador del d\u00fao electr\u00f3nico Rendezvous. Su obra experimental se centra en los sonidos a los que estamos expuestos cada d\u00eda en las esferas p\u00fablica y dom\u00e9stica, a menudo de pasada o involuntariamente. Act\u00faa con sets de m\u00fasica concreta en directo en Israel y en Europa, [&hellip;]\" \/>\n<meta property=\"og:url\" content=\"https:\/\/teslafm.net\/en\/radio-concrete\/\" \/>\n<meta property=\"article:publisher\" content=\"https:\/\/www.facebook.com\/teslafm.net\" \/>\n<meta property=\"article:modified_time\" content=\"2023-12-15T20:57:48+00:00\" \/>\n<meta property=\"og:image\" content=\"http:\/\/teslafm.net\/wp-content\/uploads\/2023\/08\/hagai-izenberg-300x298.png\" \/>\n<meta name=\"twitter:card\" content=\"summary_large_image\" \/>\n<meta name=\"twitter:site\" content=\"@teslafm\" \/>\n<meta name=\"twitter:label1\" content=\"Est. reading time\" \/>\n\t<meta name=\"twitter:data1\" content=\"1 minute\" \/>\n<script type=\"application\/ld+json\" class=\"yoast-schema-graph\">{\"@context\":\"https:\\\/\\\/schema.org\",\"@graph\":[{\"@type\":\"WebPage\",\"@id\":\"https:\\\/\\\/teslafm.net\\\/radio-concrete\\\/\",\"url\":\"https:\\\/\\\/teslafm.net\\\/radio-concrete\\\/\",\"name\":\"Radio Concrete -\",\"isPartOf\":{\"@id\":\"https:\\\/\\\/teslafm.net\\\/#website\"},\"primaryImageOfPage\":{\"@id\":\"https:\\\/\\\/teslafm.net\\\/radio-concrete\\\/#primaryimage\"},\"image\":{\"@id\":\"https:\\\/\\\/teslafm.net\\\/radio-concrete\\\/#primaryimage\"},\"thumbnailUrl\":\"http:\\\/\\\/teslafm.net\\\/wp-content\\\/uploads\\\/2023\\\/08\\\/hagai-izenberg-300x298.png\",\"datePublished\":\"2023-08-28T14:46:14+00:00\",\"dateModified\":\"2023-12-15T20:57:48+00:00\",\"breadcrumb\":{\"@id\":\"https:\\\/\\\/teslafm.net\\\/radio-concrete\\\/#breadcrumb\"},\"inLanguage\":\"en-US\",\"potentialAction\":[{\"@type\":\"ReadAction\",\"target\":[\"https:\\\/\\\/teslafm.net\\\/radio-concrete\\\/\"]}]},{\"@type\":\"ImageObject\",\"inLanguage\":\"en-US\",\"@id\":\"https:\\\/\\\/teslafm.net\\\/radio-concrete\\\/#primaryimage\",\"url\":\"http:\\\/\\\/teslafm.net\\\/wp-content\\\/uploads\\\/2023\\\/08\\\/hagai-izenberg-300x298.png\",\"contentUrl\":\"http:\\\/\\\/teslafm.net\\\/wp-content\\\/uploads\\\/2023\\\/08\\\/hagai-izenberg-300x298.png\"},{\"@type\":\"BreadcrumbList\",\"@id\":\"https:\\\/\\\/teslafm.net\\\/radio-concrete\\\/#breadcrumb\",\"itemListElement\":[{\"@type\":\"ListItem\",\"position\":1,\"name\":\"Portada\",\"item\":\"https:\\\/\\\/teslafm.net\\\/\"},{\"@type\":\"ListItem\",\"position\":2,\"name\":\"Radio Concrete\"}]},{\"@type\":\"WebSite\",\"@id\":\"https:\\\/\\\/teslafm.net\\\/#website\",\"url\":\"https:\\\/\\\/teslafm.net\\\/\",\"name\":\"TeslaFM\",\"description\":\"An experimental and creative radio\",\"publisher\":{\"@id\":\"https:\\\/\\\/teslafm.net\\\/#organization\"},\"potentialAction\":[{\"@type\":\"SearchAction\",\"target\":{\"@type\":\"EntryPoint\",\"urlTemplate\":\"https:\\\/\\\/teslafm.net\\\/?s={search_term_string}\"},\"query-input\":{\"@type\":\"PropertyValueSpecification\",\"valueRequired\":true,\"valueName\":\"search_term_string\"}}],\"inLanguage\":\"en-US\"},{\"@type\":\"Organization\",\"@id\":\"https:\\\/\\\/teslafm.net\\\/#organization\",\"name\":\"TeslaFM\",\"url\":\"https:\\\/\\\/teslafm.net\\\/\",\"logo\":{\"@type\":\"ImageObject\",\"inLanguage\":\"en-US\",\"@id\":\"https:\\\/\\\/teslafm.net\\\/#\\\/schema\\\/logo\\\/image\\\/\",\"url\":\"https:\\\/\\\/teslafm.net\\\/wp-content\\\/uploads\\\/2020\\\/06\\\/logo-tesla.png\",\"contentUrl\":\"https:\\\/\\\/teslafm.net\\\/wp-content\\\/uploads\\\/2020\\\/06\\\/logo-tesla.png\",\"width\":512,\"height\":512,\"caption\":\"TeslaFM\"},\"image\":{\"@id\":\"https:\\\/\\\/teslafm.net\\\/#\\\/schema\\\/logo\\\/image\\\/\"},\"sameAs\":[\"https:\\\/\\\/www.facebook.com\\\/teslafm.net\",\"https:\\\/\\\/x.com\\\/teslafm\"]}]}<\/script>\n<!-- \/ Yoast SEO plugin. -->","yoast_head_json":{"title":"Radio Concrete -","robots":{"index":"index","follow":"follow","max-snippet":"max-snippet:-1","max-image-preview":"max-image-preview:large","max-video-preview":"max-video-preview:-1"},"canonical":"https:\/\/teslafm.net\/en\/radio-concrete\/","og_locale":"en_US","og_type":"article","og_title":"Radio Concrete -","og_description":"HAGAI IZENBERG Es artista sonoro, compositor y m\u00fasico, y miembro fundador del d\u00fao electr\u00f3nico Rendezvous. Su obra experimental se centra en los sonidos a los que estamos expuestos cada d\u00eda en las esferas p\u00fablica y dom\u00e9stica, a menudo de pasada o involuntariamente. Act\u00faa con sets de m\u00fasica concreta en directo en Israel y en Europa, [&hellip;]","og_url":"https:\/\/teslafm.net\/en\/radio-concrete\/","article_publisher":"https:\/\/www.facebook.com\/teslafm.net","article_modified_time":"2023-12-15T20:57:48+00:00","og_image":[{"url":"http:\/\/teslafm.net\/wp-content\/uploads\/2023\/08\/hagai-izenberg-300x298.png","type":"","width":"","height":""}],"twitter_card":"summary_large_image","twitter_site":"@teslafm","twitter_misc":{"Est. reading time":"1 minute"},"schema":{"@context":"https:\/\/schema.org","@graph":[{"@type":"WebPage","@id":"https:\/\/teslafm.net\/radio-concrete\/","url":"https:\/\/teslafm.net\/radio-concrete\/","name":"Radio Concrete -","isPartOf":{"@id":"https:\/\/teslafm.net\/#website"},"primaryImageOfPage":{"@id":"https:\/\/teslafm.net\/radio-concrete\/#primaryimage"},"image":{"@id":"https:\/\/teslafm.net\/radio-concrete\/#primaryimage"},"thumbnailUrl":"http:\/\/teslafm.net\/wp-content\/uploads\/2023\/08\/hagai-izenberg-300x298.png","datePublished":"2023-08-28T14:46:14+00:00","dateModified":"2023-12-15T20:57:48+00:00","breadcrumb":{"@id":"https:\/\/teslafm.net\/radio-concrete\/#breadcrumb"},"inLanguage":"en-US","potentialAction":[{"@type":"ReadAction","target":["https:\/\/teslafm.net\/radio-concrete\/"]}]},{"@type":"ImageObject","inLanguage":"en-US","@id":"https:\/\/teslafm.net\/radio-concrete\/#primaryimage","url":"http:\/\/teslafm.net\/wp-content\/uploads\/2023\/08\/hagai-izenberg-300x298.png","contentUrl":"http:\/\/teslafm.net\/wp-content\/uploads\/2023\/08\/hagai-izenberg-300x298.png"},{"@type":"BreadcrumbList","@id":"https:\/\/teslafm.net\/radio-concrete\/#breadcrumb","itemListElement":[{"@type":"ListItem","position":1,"name":"Portada","item":"https:\/\/teslafm.net\/"},{"@type":"ListItem","position":2,"name":"Radio Concrete"}]},{"@type":"WebSite","@id":"https:\/\/teslafm.net\/#website","url":"https:\/\/teslafm.net\/","name":"TeslaFM","description":"An experimental and creative radio","publisher":{"@id":"https:\/\/teslafm.net\/#organization"},"potentialAction":[{"@type":"SearchAction","target":{"@type":"EntryPoint","urlTemplate":"https:\/\/teslafm.net\/?s={search_term_string}"},"query-input":{"@type":"PropertyValueSpecification","valueRequired":true,"valueName":"search_term_string"}}],"inLanguage":"en-US"},{"@type":"Organization","@id":"https:\/\/teslafm.net\/#organization","name":"TeslaFM","url":"https:\/\/teslafm.net\/","logo":{"@type":"ImageObject","inLanguage":"en-US","@id":"https:\/\/teslafm.net\/#\/schema\/logo\/image\/","url":"https:\/\/teslafm.net\/wp-content\/uploads\/2020\/06\/logo-tesla.png","contentUrl":"https:\/\/teslafm.net\/wp-content\/uploads\/2020\/06\/logo-tesla.png","width":512,"height":512,"caption":"TeslaFM"},"image":{"@id":"https:\/\/teslafm.net\/#\/schema\/logo\/image\/"},"sameAs":["https:\/\/www.facebook.com\/teslafm.net","https:\/\/x.com\/teslafm"]}]}},"rttpg_featured_image_url":null,"rttpg_author":{"display_name":"Ishak","author_link":"https:\/\/teslafm.net\/en\/author\/cravan\/"},"rttpg_comment":0,"rttpg_category":null,"rttpg_excerpt":"HAGAI IZENBERG Es artista sonoro, compositor y m\u00fasico, y miembro fundador del d\u00fao electr\u00f3nico Rendezvous. Su obra experimental se centra en los sonidos a los que estamos expuestos cada d\u00eda en las esferas p\u00fablica y dom\u00e9stica, a menudo de pasada o involuntariamente. Act\u00faa con sets de m\u00fasica concreta en directo en Israel y en Europa,&hellip;","_links":{"self":[{"href":"https:\/\/teslafm.net\/en\/wp-json\/wp\/v2\/pages\/63242","targetHints":{"allow":["GET"]}}],"collection":[{"href":"https:\/\/teslafm.net\/en\/wp-json\/wp\/v2\/pages"}],"about":[{"href":"https:\/\/teslafm.net\/en\/wp-json\/wp\/v2\/types\/page"}],"author":[{"embeddable":true,"href":"https:\/\/teslafm.net\/en\/wp-json\/wp\/v2\/users\/19"}],"replies":[{"embeddable":true,"href":"https:\/\/teslafm.net\/en\/wp-json\/wp\/v2\/comments?post=63242"}],"version-history":[{"count":25,"href":"https:\/\/teslafm.net\/en\/wp-json\/wp\/v2\/pages\/63242\/revisions"}],"predecessor-version":[{"id":64077,"href":"https:\/\/teslafm.net\/en\/wp-json\/wp\/v2\/pages\/63242\/revisions\/64077"}],"wp:attachment":[{"href":"https:\/\/teslafm.net\/en\/wp-json\/wp\/v2\/media?parent=63242"}],"curies":[{"name":"wp","href":"https:\/\/api.w.org\/{rel}","templated":true}]}}