

{"id":63255,"date":"2023-08-28T17:02:28","date_gmt":"2023-08-28T15:02:28","guid":{"rendered":"https:\/\/teslafm.net\/?page_id=63255"},"modified":"2023-11-30T16:38:46","modified_gmt":"2023-11-30T15:38:46","slug":"el-enviado","status":"publish","type":"page","link":"https:\/\/teslafm.net\/en\/el-enviado\/","title":{"rendered":"El Enviado"},"content":{"rendered":"<div data-elementor-type=\"wp-page\" data-elementor-id=\"63255\" class=\"elementor elementor-63255\">\n\t\t\t\t\t\t<section class=\"elementor-section elementor-top-section elementor-element elementor-element-4870e40 elementor-section-boxed elementor-section-height-default elementor-section-height-default\" data-id=\"4870e40\" data-element_type=\"section\" data-e-type=\"section\">\n\t\t\t\t\t\t<div class=\"elementor-container elementor-column-gap-default\">\n\t\t\t\t\t<div class=\"elementor-column elementor-col-33 elementor-top-column elementor-element elementor-element-afa2e69\" data-id=\"afa2e69\" data-element_type=\"column\" data-e-type=\"column\">\n\t\t\t<div class=\"elementor-widget-wrap elementor-element-populated\">\n\t\t\t\t\t\t<div class=\"elementor-element elementor-element-804b492 elementor-widget elementor-widget-image\" data-id=\"804b492\" data-element_type=\"widget\" data-e-type=\"widget\" data-widget_type=\"image.default\">\n\t\t\t\t<div class=\"elementor-widget-container\">\n\t\t\t\t\t\t\t\t\t\t\t\t\t\t\t<img fetchpriority=\"high\" decoding=\"async\" width=\"300\" height=\"300\" src=\"https:\/\/teslafm.net\/wp-content\/uploads\/2023\/08\/mazzeo-y-hecht-300x300.png\" class=\"attachment-medium size-medium wp-image-63202\" alt=\"\" srcset=\"https:\/\/teslafm.net\/wp-content\/uploads\/2023\/08\/mazzeo-y-hecht-300x300.png 300w, https:\/\/teslafm.net\/wp-content\/uploads\/2023\/08\/mazzeo-y-hecht-150x150.png 150w, https:\/\/teslafm.net\/wp-content\/uploads\/2023\/08\/mazzeo-y-hecht-12x12.png 12w, https:\/\/teslafm.net\/wp-content\/uploads\/2023\/08\/mazzeo-y-hecht.png 591w\" sizes=\"(max-width: 300px) 100vw, 300px\" \/>\t\t\t\t\t\t\t\t\t\t\t\t\t\t\t<\/div>\n\t\t\t\t<\/div>\n\t\t\t\t\t<\/div>\n\t\t<\/div>\n\t\t\t\t<div class=\"elementor-column elementor-col-33 elementor-top-column elementor-element elementor-element-8062781\" data-id=\"8062781\" data-element_type=\"column\" data-e-type=\"column\" data-settings=\"{&quot;background_background&quot;:&quot;classic&quot;}\">\n\t\t\t<div class=\"elementor-widget-wrap elementor-element-populated\">\n\t\t\t\t\t\t<div class=\"elementor-element elementor-element-6b62f0b elementor-widget elementor-widget-heading\" data-id=\"6b62f0b\" data-element_type=\"widget\" data-e-type=\"widget\" data-widget_type=\"heading.default\">\n\t\t\t\t<div class=\"elementor-widget-container\">\n\t\t\t\t\t<h2 class=\"elementor-heading-title elementor-size-default\">F. MAZZEO &amp; G. HECHT<\/h2>\t\t\t\t<\/div>\n\t\t\t\t<\/div>\n\t\t\t\t<div class=\"elementor-element elementor-element-0667f6d elementor-widget elementor-widget-text-editor\" data-id=\"0667f6d\" data-element_type=\"widget\" data-e-type=\"widget\" data-widget_type=\"text-editor.default\">\n\t\t\t\t<div class=\"elementor-widget-container\">\n\t\t\t\t\t\t\t\t\t<p>They are musicians from the city of Rosario, Argentina, who carry out different musical projects.<\/p><p>Mazzeo at the helm of <strong>Fern Experiment<\/strong>Hecht, in solo format, has several releases and collaborations with artists from all over the world. While Hecht, also in solo format, has ventured into the music with <strong>Cable.Auto<\/strong>.<\/p><p>Both musicians give life to the duo <a href=\"https:\/\/www.instagram.com\/desde.slavia\/\" target=\"_blank\" rel=\"noopener\"><strong>Slavia<\/strong><\/a>with several years in active and a few releases in digital and physical formats, getting to have live performances in their hometown.<\/p>\t\t\t\t\t\t\t\t<\/div>\n\t\t\t\t<\/div>\n\t\t\t\t\t<\/div>\n\t\t<\/div>\n\t\t\t\t<div class=\"elementor-column elementor-col-33 elementor-top-column elementor-element elementor-element-2f13497\" data-id=\"2f13497\" data-element_type=\"column\" data-e-type=\"column\" data-settings=\"{&quot;background_background&quot;:&quot;classic&quot;}\">\n\t\t\t<div class=\"elementor-widget-wrap elementor-element-populated\">\n\t\t\t\t\t\t<div class=\"elementor-element elementor-element-96b0748 elementor-widget elementor-widget-heading\" data-id=\"96b0748\" data-element_type=\"widget\" data-e-type=\"widget\" data-widget_type=\"heading.default\">\n\t\t\t\t<div class=\"elementor-widget-container\">\n\t\t\t\t\t<h2 class=\"elementor-heading-title elementor-size-default\">THE SENDER<\/h2>\t\t\t\t<\/div>\n\t\t\t\t<\/div>\n\t\t\t\t<div class=\"elementor-element elementor-element-26e1dc9 elementor-widget elementor-widget-text-editor\" data-id=\"26e1dc9\" data-element_type=\"widget\" data-e-type=\"widget\" data-widget_type=\"text-editor.default\">\n\t\t\t\t<div class=\"elementor-widget-container\">\n\t\t\t\t\t\t\t\t\t<div dir=\"auto\"><span style=\"color: #808080;\">Radio program that broadcasts non-commercial and non-conventional music.<\/span><\/div><div dir=\"auto\"><span style=\"color: #808080;\">With experimentation as a flag and a compass, the band builds a delivery that will leave floating the idea that other forms of music are possible.<\/span><\/div><div dir=\"auto\">\u00a0<\/div><div dir=\"auto\"><span style=\"color: #808080;\">Produced by <strong>Mazzeo &amp; Hecht<\/strong><\/span><\/div>\t\t\t\t\t\t\t\t<\/div>\n\t\t\t\t<\/div>\n\t\t\t\t\t<\/div>\n\t\t<\/div>\n\t\t\t\t\t<\/div>\n\t\t<\/section>\n\t\t\t\t<section class=\"elementor-section elementor-top-section elementor-element elementor-element-9ee2eca elementor-section-boxed elementor-section-height-default elementor-section-height-default\" data-id=\"9ee2eca\" data-element_type=\"section\" data-e-type=\"section\">\n\t\t\t\t\t\t<div class=\"elementor-container elementor-column-gap-default\">\n\t\t\t\t\t<div class=\"elementor-column elementor-col-25 elementor-top-column elementor-element elementor-element-6aa0259\" data-id=\"6aa0259\" data-element_type=\"column\" data-e-type=\"column\">\n\t\t\t<div class=\"elementor-widget-wrap elementor-element-populated\">\n\t\t\t\t\t\t<div class=\"elementor-element elementor-element-65a8128 elementor-widget elementor-widget-testimonial\" data-id=\"65a8128\" data-element_type=\"widget\" data-e-type=\"widget\" data-widget_type=\"testimonial.default\">\n\t\t\t\t<div class=\"elementor-widget-container\">\n\t\t\t\t\t\t\t<div class=\"elementor-testimonial-wrapper\">\n\t\t\t\t\t\t\t<div class=\"elementor-testimonial-content\">If you like El Enviado, we recommend:<\/div>\n\t\t\t\n\t\t\t\t\t<\/div>\n\t\t\t\t\t\t<\/div>\n\t\t\t\t<\/div>\n\t\t\t\t\t<\/div>\n\t\t<\/div>\n\t\t\t\t<div class=\"elementor-column elementor-col-25 elementor-top-column elementor-element elementor-element-0ce4152\" data-id=\"0ce4152\" data-element_type=\"column\" data-e-type=\"column\">\n\t\t\t<div class=\"elementor-widget-wrap elementor-element-populated\">\n\t\t\t\t\t\t<div class=\"elementor-element elementor-element-60aeae1 elementor-widget elementor-widget-testimonial\" data-id=\"60aeae1\" data-element_type=\"widget\" data-e-type=\"widget\" data-widget_type=\"testimonial.default\">\n\t\t\t\t<div class=\"elementor-widget-container\">\n\t\t\t\t\t\t\t<div class=\"elementor-testimonial-wrapper\">\n\t\t\t\t\t\t\t<div class=\"elementor-testimonial-content\">If you like TeslaFM, we recommend:<\/div>\n\t\t\t\n\t\t\t\t\t<\/div>\n\t\t\t\t\t\t<\/div>\n\t\t\t\t<\/div>\n\t\t\t\t\t<\/div>\n\t\t<\/div>\n\t\t\t\t<div class=\"elementor-column elementor-col-25 elementor-top-column elementor-element elementor-element-c35b0d5\" data-id=\"c35b0d5\" data-element_type=\"column\" data-e-type=\"column\">\n\t\t\t<div class=\"elementor-widget-wrap elementor-element-populated\">\n\t\t\t\t\t\t<div class=\"elementor-element elementor-element-5be9b19 elementor-widget elementor-widget-testimonial\" data-id=\"5be9b19\" data-element_type=\"widget\" data-e-type=\"widget\" data-widget_type=\"testimonial.default\">\n\t\t\t\t<div class=\"elementor-widget-container\">\n\t\t\t\t\t\t\t<div class=\"elementor-testimonial-wrapper\">\n\t\t\t\t\t\t\t<div class=\"elementor-testimonial-content\">If you like TeslaFM, we recommend:<\/div>\n\t\t\t\n\t\t\t\t\t<\/div>\n\t\t\t\t\t\t<\/div>\n\t\t\t\t<\/div>\n\t\t\t\t\t<\/div>\n\t\t<\/div>\n\t\t\t\t<div class=\"elementor-column elementor-col-25 elementor-top-column elementor-element elementor-element-3f7feca\" data-id=\"3f7feca\" data-element_type=\"column\" data-e-type=\"column\">\n\t\t\t<div class=\"elementor-widget-wrap\">\n\t\t\t\t\t\t\t<\/div>\n\t\t<\/div>\n\t\t\t\t\t<\/div>\n\t\t<\/section>\n\t\t\t\t<section class=\"elementor-section elementor-top-section elementor-element elementor-element-a7ae01a elementor-section-boxed elementor-section-height-default elementor-section-height-default\" data-id=\"a7ae01a\" data-element_type=\"section\" data-e-type=\"section\">\n\t\t\t\t\t\t<div class=\"elementor-container elementor-column-gap-default\">\n\t\t\t\t\t<div class=\"elementor-column elementor-col-100 elementor-top-column elementor-element elementor-element-6648e30\" data-id=\"6648e30\" data-element_type=\"column\" data-e-type=\"column\">\n\t\t\t<div class=\"elementor-widget-wrap elementor-element-populated\">\n\t\t\t\t\t\t<div class=\"elementor-element elementor-element-cf18cfc elementor-widget elementor-widget-spacer\" data-id=\"cf18cfc\" data-element_type=\"widget\" data-e-type=\"widget\" data-widget_type=\"spacer.default\">\n\t\t\t\t<div class=\"elementor-widget-container\">\n\t\t\t\t\t\t\t<div class=\"elementor-spacer\">\n\t\t\t<div class=\"elementor-spacer-inner\"><\/div>\n\t\t<\/div>\n\t\t\t\t\t\t<\/div>\n\t\t\t\t<\/div>\n\t\t\t\t\t<\/div>\n\t\t<\/div>\n\t\t\t\t\t<\/div>\n\t\t<\/section>\n\t\t\t\t<section class=\"elementor-section elementor-top-section elementor-element elementor-element-58c33ba elementor-section-boxed elementor-section-height-default elementor-section-height-default\" data-id=\"58c33ba\" data-element_type=\"section\" data-e-type=\"section\">\n\t\t\t\t\t\t<div class=\"elementor-container elementor-column-gap-default\">\n\t\t\t\t\t<div class=\"elementor-column elementor-col-100 elementor-top-column elementor-element elementor-element-4ddf4ac\" data-id=\"4ddf4ac\" data-element_type=\"column\" data-e-type=\"column\">\n\t\t\t<div class=\"elementor-widget-wrap elementor-element-populated\">\n\t\t\t\t\t\t<div class=\"elementor-element elementor-element-29fd3e3 elementor-widget elementor-widget-text-editor\" data-id=\"29fd3e3\" data-element_type=\"widget\" data-e-type=\"widget\" data-widget_type=\"text-editor.default\">\n\t\t\t\t<div class=\"elementor-widget-container\">\n\t\t\t\t\t\t\t\t\t<p><a href=\"https:\/\/teslafm.net\/en\/el-enviado-4\/\"><strong>The Envoy #4 \/ + info<\/strong><\/a> <span style=\"color: #808080;\"><em>November 30<\/em><\/span><\/p><p><iframe src=\"https:\/\/player-widget.mixcloud.com\/widget\/iframe\/?hide_cover=1&amp;feed=%2FTeslafm_net%2Fel-enviado-4-f-mazzeo-g-hetch%2F\" width=\"100%\" height=\"120\" frameborder=\"0\"><\/iframe><\/p><p><a href=\"https:\/\/teslafm.net\/en\/el-enviado-3\/\"><strong>The Envoy #3 \/ + info<\/strong> <\/a><span style=\"color: #808080;\"><em>November 1, 2023<\/em><\/span><\/p><p><iframe src=\"https:\/\/player-widget.mixcloud.com\/widget\/iframe\/?hide_cover=1&amp;feed=%2FTeslafm_net%2Fel-enviado-3-f-mazzeo-g-hetch%2F\" width=\"100%\" height=\"120\" frameborder=\"0\"><\/iframe><br \/><a href=\"https:\/\/teslafm.net\/en\/el-enviado-2\/\"><strong>El Enviado #2 \/ + info<\/strong><\/a> <span style=\"color: #808080;\"><em>October 2023<\/em><\/span><\/p><p><iframe src=\"https:\/\/player-widget.mixcloud.com\/widget\/iframe\/?hide_cover=1&amp;feed=%2FTeslafm_net%2Fel-enviado-2-f-mazzeo-g-hecht%2F\" width=\"100%\" height=\"120\" frameborder=\"0\"><\/iframe><\/p><p><a href=\"https:\/\/teslafm.net\/en\/el-enviado-1\/\"><strong>Envoy #1 \/ + info<\/strong><\/a> <span style=\"color: #808080;\"><em>September 2023<\/em><\/span><\/p><p><iframe src=\"https:\/\/www.mixcloud.com\/widget\/iframe\/?hide_cover=1&amp;feed=%2FTeslafm_net%2Fel-enviado-1-f-mazzeo-g-hecht%2F\" width=\"100%\" height=\"120\" frameborder=\"0\"><\/iframe><\/p>\t\t\t\t\t\t\t\t<\/div>\n\t\t\t\t<\/div>\n\t\t\t\t\t<\/div>\n\t\t<\/div>\n\t\t\t\t\t<\/div>\n\t\t<\/section>\n\t\t\t\t<\/div>","protected":false},"excerpt":{"rendered":"<p>F. MAZZEO &#038; G. HECHT Son m\u00fasicos de la Ciudad de Rosario Argentina, que llevan adelante diferentes proyectos musicales. Mazzeo al mando de Helecho Experimentar, en formato solista, cuenta con varios lanzamientos y colaboraciones con artistas de todo el mundo. Mientras que Hecht, tambi\u00e9n en formato solista incursiona en la m\u00fasica con Cable.Auto. Ambos m\u00fasicos [&hellip;]<\/p>\n","protected":false},"author":19,"featured_media":0,"parent":0,"menu_order":0,"comment_status":"closed","ping_status":"closed","template":"","meta":{"footnotes":""},"class_list":["post-63255","page","type-page","status-publish","hentry"],"yoast_head":"<!-- This site is optimized with the Yoast SEO plugin v27.4 - https:\/\/yoast.com\/product\/yoast-seo-wordpress\/ -->\n<title>El Enviado -<\/title>\n<meta name=\"robots\" content=\"index, follow, max-snippet:-1, max-image-preview:large, max-video-preview:-1\" \/>\n<link rel=\"canonical\" href=\"https:\/\/teslafm.net\/en\/el-enviado\/\" \/>\n<meta property=\"og:locale\" content=\"en_US\" \/>\n<meta property=\"og:type\" content=\"article\" \/>\n<meta property=\"og:title\" content=\"El Enviado -\" \/>\n<meta property=\"og:description\" content=\"F. MAZZEO &#038; G. HECHT Son m\u00fasicos de la Ciudad de Rosario Argentina, que llevan adelante diferentes proyectos musicales. Mazzeo al mando de Helecho Experimentar, en formato solista, cuenta con varios lanzamientos y colaboraciones con artistas de todo el mundo. Mientras que Hecht, tambi\u00e9n en formato solista incursiona en la m\u00fasica con Cable.Auto. Ambos m\u00fasicos [&hellip;]\" \/>\n<meta property=\"og:url\" content=\"https:\/\/teslafm.net\/en\/el-enviado\/\" \/>\n<meta property=\"article:publisher\" content=\"https:\/\/www.facebook.com\/teslafm.net\" \/>\n<meta property=\"article:modified_time\" content=\"2023-11-30T15:38:46+00:00\" \/>\n<meta property=\"og:image\" content=\"http:\/\/teslafm.net\/wp-content\/uploads\/2023\/08\/mazzeo-y-hecht-300x300.png\" \/>\n<meta name=\"twitter:card\" content=\"summary_large_image\" \/>\n<meta name=\"twitter:site\" content=\"@teslafm\" \/>\n<meta name=\"twitter:label1\" content=\"Est. reading time\" \/>\n\t<meta name=\"twitter:data1\" content=\"2 minutes\" \/>\n<script type=\"application\/ld+json\" class=\"yoast-schema-graph\">{\"@context\":\"https:\\\/\\\/schema.org\",\"@graph\":[{\"@type\":\"WebPage\",\"@id\":\"https:\\\/\\\/teslafm.net\\\/el-enviado\\\/\",\"url\":\"https:\\\/\\\/teslafm.net\\\/el-enviado\\\/\",\"name\":\"El Enviado -\",\"isPartOf\":{\"@id\":\"https:\\\/\\\/teslafm.net\\\/#website\"},\"primaryImageOfPage\":{\"@id\":\"https:\\\/\\\/teslafm.net\\\/el-enviado\\\/#primaryimage\"},\"image\":{\"@id\":\"https:\\\/\\\/teslafm.net\\\/el-enviado\\\/#primaryimage\"},\"thumbnailUrl\":\"http:\\\/\\\/teslafm.net\\\/wp-content\\\/uploads\\\/2023\\\/08\\\/mazzeo-y-hecht-300x300.png\",\"datePublished\":\"2023-08-28T15:02:28+00:00\",\"dateModified\":\"2023-11-30T15:38:46+00:00\",\"breadcrumb\":{\"@id\":\"https:\\\/\\\/teslafm.net\\\/el-enviado\\\/#breadcrumb\"},\"inLanguage\":\"en-US\",\"potentialAction\":[{\"@type\":\"ReadAction\",\"target\":[\"https:\\\/\\\/teslafm.net\\\/el-enviado\\\/\"]}]},{\"@type\":\"ImageObject\",\"inLanguage\":\"en-US\",\"@id\":\"https:\\\/\\\/teslafm.net\\\/el-enviado\\\/#primaryimage\",\"url\":\"http:\\\/\\\/teslafm.net\\\/wp-content\\\/uploads\\\/2023\\\/08\\\/mazzeo-y-hecht-300x300.png\",\"contentUrl\":\"http:\\\/\\\/teslafm.net\\\/wp-content\\\/uploads\\\/2023\\\/08\\\/mazzeo-y-hecht-300x300.png\"},{\"@type\":\"BreadcrumbList\",\"@id\":\"https:\\\/\\\/teslafm.net\\\/el-enviado\\\/#breadcrumb\",\"itemListElement\":[{\"@type\":\"ListItem\",\"position\":1,\"name\":\"Portada\",\"item\":\"https:\\\/\\\/teslafm.net\\\/\"},{\"@type\":\"ListItem\",\"position\":2,\"name\":\"El Enviado\"}]},{\"@type\":\"WebSite\",\"@id\":\"https:\\\/\\\/teslafm.net\\\/#website\",\"url\":\"https:\\\/\\\/teslafm.net\\\/\",\"name\":\"TeslaFM\",\"description\":\"An experimental and creative radio\",\"publisher\":{\"@id\":\"https:\\\/\\\/teslafm.net\\\/#organization\"},\"potentialAction\":[{\"@type\":\"SearchAction\",\"target\":{\"@type\":\"EntryPoint\",\"urlTemplate\":\"https:\\\/\\\/teslafm.net\\\/?s={search_term_string}\"},\"query-input\":{\"@type\":\"PropertyValueSpecification\",\"valueRequired\":true,\"valueName\":\"search_term_string\"}}],\"inLanguage\":\"en-US\"},{\"@type\":\"Organization\",\"@id\":\"https:\\\/\\\/teslafm.net\\\/#organization\",\"name\":\"TeslaFM\",\"url\":\"https:\\\/\\\/teslafm.net\\\/\",\"logo\":{\"@type\":\"ImageObject\",\"inLanguage\":\"en-US\",\"@id\":\"https:\\\/\\\/teslafm.net\\\/#\\\/schema\\\/logo\\\/image\\\/\",\"url\":\"https:\\\/\\\/teslafm.net\\\/wp-content\\\/uploads\\\/2020\\\/06\\\/logo-tesla.png\",\"contentUrl\":\"https:\\\/\\\/teslafm.net\\\/wp-content\\\/uploads\\\/2020\\\/06\\\/logo-tesla.png\",\"width\":512,\"height\":512,\"caption\":\"TeslaFM\"},\"image\":{\"@id\":\"https:\\\/\\\/teslafm.net\\\/#\\\/schema\\\/logo\\\/image\\\/\"},\"sameAs\":[\"https:\\\/\\\/www.facebook.com\\\/teslafm.net\",\"https:\\\/\\\/x.com\\\/teslafm\"]}]}<\/script>\n<!-- \/ Yoast SEO plugin. -->","yoast_head_json":{"title":"The Envoy -","robots":{"index":"index","follow":"follow","max-snippet":"max-snippet:-1","max-image-preview":"max-image-preview:large","max-video-preview":"max-video-preview:-1"},"canonical":"https:\/\/teslafm.net\/en\/el-enviado\/","og_locale":"en_US","og_type":"article","og_title":"El Enviado -","og_description":"F. MAZZEO &#038; G. HECHT Son m\u00fasicos de la Ciudad de Rosario Argentina, que llevan adelante diferentes proyectos musicales. Mazzeo al mando de Helecho Experimentar, en formato solista, cuenta con varios lanzamientos y colaboraciones con artistas de todo el mundo. Mientras que Hecht, tambi\u00e9n en formato solista incursiona en la m\u00fasica con Cable.Auto. Ambos m\u00fasicos [&hellip;]","og_url":"https:\/\/teslafm.net\/en\/el-enviado\/","article_publisher":"https:\/\/www.facebook.com\/teslafm.net","article_modified_time":"2023-11-30T15:38:46+00:00","og_image":[{"url":"http:\/\/teslafm.net\/wp-content\/uploads\/2023\/08\/mazzeo-y-hecht-300x300.png","type":"","width":"","height":""}],"twitter_card":"summary_large_image","twitter_site":"@teslafm","twitter_misc":{"Est. reading time":"2 minutes"},"schema":{"@context":"https:\/\/schema.org","@graph":[{"@type":"WebPage","@id":"https:\/\/teslafm.net\/el-enviado\/","url":"https:\/\/teslafm.net\/el-enviado\/","name":"The Envoy -","isPartOf":{"@id":"https:\/\/teslafm.net\/#website"},"primaryImageOfPage":{"@id":"https:\/\/teslafm.net\/el-enviado\/#primaryimage"},"image":{"@id":"https:\/\/teslafm.net\/el-enviado\/#primaryimage"},"thumbnailUrl":"http:\/\/teslafm.net\/wp-content\/uploads\/2023\/08\/mazzeo-y-hecht-300x300.png","datePublished":"2023-08-28T15:02:28+00:00","dateModified":"2023-11-30T15:38:46+00:00","breadcrumb":{"@id":"https:\/\/teslafm.net\/el-enviado\/#breadcrumb"},"inLanguage":"en-US","potentialAction":[{"@type":"ReadAction","target":["https:\/\/teslafm.net\/el-enviado\/"]}]},{"@type":"ImageObject","inLanguage":"en-US","@id":"https:\/\/teslafm.net\/el-enviado\/#primaryimage","url":"http:\/\/teslafm.net\/wp-content\/uploads\/2023\/08\/mazzeo-y-hecht-300x300.png","contentUrl":"http:\/\/teslafm.net\/wp-content\/uploads\/2023\/08\/mazzeo-y-hecht-300x300.png"},{"@type":"BreadcrumbList","@id":"https:\/\/teslafm.net\/el-enviado\/#breadcrumb","itemListElement":[{"@type":"ListItem","position":1,"name":"Portada","item":"https:\/\/teslafm.net\/"},{"@type":"ListItem","position":2,"name":"El Enviado"}]},{"@type":"WebSite","@id":"https:\/\/teslafm.net\/#website","url":"https:\/\/teslafm.net\/","name":"TeslaFM","description":"An experimental and creative radio","publisher":{"@id":"https:\/\/teslafm.net\/#organization"},"potentialAction":[{"@type":"SearchAction","target":{"@type":"EntryPoint","urlTemplate":"https:\/\/teslafm.net\/?s={search_term_string}"},"query-input":{"@type":"PropertyValueSpecification","valueRequired":true,"valueName":"search_term_string"}}],"inLanguage":"en-US"},{"@type":"Organization","@id":"https:\/\/teslafm.net\/#organization","name":"TeslaFM","url":"https:\/\/teslafm.net\/","logo":{"@type":"ImageObject","inLanguage":"en-US","@id":"https:\/\/teslafm.net\/#\/schema\/logo\/image\/","url":"https:\/\/teslafm.net\/wp-content\/uploads\/2020\/06\/logo-tesla.png","contentUrl":"https:\/\/teslafm.net\/wp-content\/uploads\/2020\/06\/logo-tesla.png","width":512,"height":512,"caption":"TeslaFM"},"image":{"@id":"https:\/\/teslafm.net\/#\/schema\/logo\/image\/"},"sameAs":["https:\/\/www.facebook.com\/teslafm.net","https:\/\/x.com\/teslafm"]}]}},"rttpg_featured_image_url":null,"rttpg_author":{"display_name":"Ishak","author_link":"https:\/\/teslafm.net\/en\/author\/cravan\/"},"rttpg_comment":0,"rttpg_category":null,"rttpg_excerpt":"F. MAZZEO &#038; G. HECHT Son m\u00fasicos de la Ciudad de Rosario Argentina, que llevan adelante diferentes proyectos musicales. Mazzeo al mando de Helecho Experimentar, en formato solista, cuenta con varios lanzamientos y colaboraciones con artistas de todo el mundo. Mientras que Hecht, tambi\u00e9n en formato solista incursiona en la m\u00fasica con Cable.Auto. Ambos m\u00fasicos&hellip;","_links":{"self":[{"href":"https:\/\/teslafm.net\/en\/wp-json\/wp\/v2\/pages\/63255","targetHints":{"allow":["GET"]}}],"collection":[{"href":"https:\/\/teslafm.net\/en\/wp-json\/wp\/v2\/pages"}],"about":[{"href":"https:\/\/teslafm.net\/en\/wp-json\/wp\/v2\/types\/page"}],"author":[{"embeddable":true,"href":"https:\/\/teslafm.net\/en\/wp-json\/wp\/v2\/users\/19"}],"replies":[{"embeddable":true,"href":"https:\/\/teslafm.net\/en\/wp-json\/wp\/v2\/comments?post=63255"}],"version-history":[{"count":31,"href":"https:\/\/teslafm.net\/en\/wp-json\/wp\/v2\/pages\/63255\/revisions"}],"predecessor-version":[{"id":63996,"href":"https:\/\/teslafm.net\/en\/wp-json\/wp\/v2\/pages\/63255\/revisions\/63996"}],"wp:attachment":[{"href":"https:\/\/teslafm.net\/en\/wp-json\/wp\/v2\/media?parent=63255"}],"curies":[{"name":"wp","href":"https:\/\/api.w.org\/{rel}","templated":true}]}}