

{"id":63487,"date":"2023-09-19T18:08:25","date_gmt":"2023-09-19T16:08:25","guid":{"rendered":"https:\/\/teslafm.net\/?page_id=63487"},"modified":"2023-09-19T21:50:43","modified_gmt":"2023-09-19T19:50:43","slug":"ones-de-crom-23","status":"publish","type":"page","link":"https:\/\/teslafm.net\/en\/ones-de-crom-23\/","title":{"rendered":"Ones de Crom #23"},"content":{"rendered":"<div data-elementor-type=\"wp-page\" data-elementor-id=\"63487\" class=\"elementor elementor-63487\">\n\t\t\t\t\t\t<section class=\"elementor-section elementor-top-section elementor-element elementor-element-43bbe7ca elementor-section-boxed elementor-section-height-default elementor-section-height-default\" data-id=\"43bbe7ca\" data-element_type=\"section\" data-e-type=\"section\">\n\t\t\t\t\t\t<div class=\"elementor-container elementor-column-gap-default\">\n\t\t\t\t\t<div class=\"elementor-column elementor-col-100 elementor-top-column elementor-element elementor-element-4cfee24\" data-id=\"4cfee24\" data-element_type=\"column\" data-e-type=\"column\">\n\t\t\t<div class=\"elementor-widget-wrap elementor-element-populated\">\n\t\t\t\t\t\t<div class=\"elementor-element elementor-element-a5aaf8d elementor-widget elementor-widget-text-editor\" data-id=\"a5aaf8d\" data-element_type=\"widget\" data-e-type=\"widget\" data-widget_type=\"text-editor.default\">\n\t\t\t\t<div class=\"elementor-widget-container\">\n\t\t\t\t\t\t\t\t\t<h2><span style=\"color: #ffffff;\"><strong>Ones de Crom #23<\/strong><\/span><\/h2><p><span style=\"color: #808080;\"><em>Steve Beresford's<\/em><\/span><\/p><p><iframe src=\"https:\/\/player-widget.mixcloud.com\/widget\/iframe\/?hide_cover=1&amp;feed=%2FTeslafm_net%2Fones-de-crom-23-emili-mir%C3%B3%2F\" width=\"100%\" height=\"120\" frameborder=\"0\"><\/iframe><\/p>\t\t\t\t\t\t\t\t<\/div>\n\t\t\t\t<\/div>\n\t\t\t\t\t<\/div>\n\t\t<\/div>\n\t\t\t\t\t<\/div>\n\t\t<\/section>\n\t\t\t\t<section class=\"elementor-section elementor-top-section elementor-element elementor-element-9aeb8d8 elementor-section-boxed elementor-section-height-default elementor-section-height-default\" data-id=\"9aeb8d8\" data-element_type=\"section\" data-e-type=\"section\">\n\t\t\t\t\t\t<div class=\"elementor-container elementor-column-gap-default\">\n\t\t\t\t\t<div class=\"elementor-column elementor-col-50 elementor-top-column elementor-element elementor-element-9a5ceea\" data-id=\"9a5ceea\" data-element_type=\"column\" data-e-type=\"column\">\n\t\t\t<div class=\"elementor-widget-wrap elementor-element-populated\">\n\t\t\t\t\t\t<div class=\"elementor-element elementor-element-dda9e89 elementor-widget elementor-widget-image\" data-id=\"dda9e89\" data-element_type=\"widget\" data-e-type=\"widget\" data-widget_type=\"image.default\">\n\t\t\t\t<div class=\"elementor-widget-container\">\n\t\t\t\t\t\t\t\t\t\t\t\t\t\t\t<img fetchpriority=\"high\" decoding=\"async\" width=\"300\" height=\"200\" src=\"https:\/\/teslafm.net\/wp-content\/uploads\/2023\/09\/Steve-Beresford.jpg\" class=\"attachment-large size-large wp-image-63489\" alt=\"\" srcset=\"https:\/\/teslafm.net\/wp-content\/uploads\/2023\/09\/Steve-Beresford.jpg 300w, https:\/\/teslafm.net\/wp-content\/uploads\/2023\/09\/Steve-Beresford-18x12.jpg 18w\" sizes=\"(max-width: 300px) 100vw, 300px\" \/>\t\t\t\t\t\t\t\t\t\t\t\t\t\t\t<\/div>\n\t\t\t\t<\/div>\n\t\t\t\t\t<\/div>\n\t\t<\/div>\n\t\t\t\t<div class=\"elementor-column elementor-col-50 elementor-top-column elementor-element elementor-element-2c0590a\" data-id=\"2c0590a\" data-element_type=\"column\" data-e-type=\"column\">\n\t\t\t<div class=\"elementor-widget-wrap elementor-element-populated\">\n\t\t\t\t\t\t<div class=\"elementor-element elementor-element-5a8b6e9 elementor-widget elementor-widget-text-editor\" data-id=\"5a8b6e9\" data-element_type=\"widget\" data-e-type=\"widget\" data-widget_type=\"text-editor.default\">\n\t\t\t\t<div class=\"elementor-widget-container\">\n\t\t\t\t\t\t\t\t\t<p><span style=\"color: #808080;\">March 3, 2021<\/span><\/p><p class=\"translation-block\"><span style=\"color: #808080\">British composer and multi-instrumentalist, STEVE BERESFORD's works and formations range from piano and winds to toy instruments, percussions and electronics. Let's listen to some first albums where radical improvisation is present such as \"Teatime\" (1975) with a formation with piano, guitar, sax, violin and percussions, \"Whirled Music\" (1980) with MAX EASTLEY, DAVID TOOP and PAUL BURWELL, his individual work with a variety of instruments and sounds \"The Bath of Surprise\" (1980) or from \"Luton - Centre Of The Universe\" (1981) with other musicians.<\/span><\/p><p class=\"translation-block\"><span style=\"color: #808080\">Together with the cellist TRISTAN HONSINGER we listen to \"Double Indemnity\" (1981) and from the group GENERAL STRIKE -with DAVID TOOP and DAVID CUNNINGHAM from the FLYING LIZARDS- the disc \"Danger In Paradise\" (1984). With the fashion designer ANNE MARIE BERETTA he made the album \"Dancing The Line\" (1986), with JOHN ZORN, DAVID TOOP and TONIE MARSHALL the brilliant \"Deadly Weapons\" (1986) and with the veteran improvisation drummer HAN BENNINK \"Directly To Pyjamas\" (1987).<\/span><\/p><p><span style=\"color: #808080;\">In \"Cue Sheets\" (1996) he compiled jazz, pop, Latin and string compositions. With <strong>Evan Parker<\/strong>, <strong>John Edwards<\/strong> and <strong>Louis Moholo<\/strong> afegim \"Foxes Fox\" (1999), with guitar player <strong>No\u00ebl Akchot\u00e9<\/strong> and <strong>Andrew Sharpley<\/strong> electronic music from \"Wels, Mulhouse, Paris &amp; Lyon\" (2007) and in piano duet with the saxophonist <strong>John Butcher<\/strong> a track from \"Old Paradise Airs\" (2020).<\/span><\/p>\t\t\t\t\t\t\t\t<\/div>\n\t\t\t\t<\/div>\n\t\t\t\t\t<\/div>\n\t\t<\/div>\n\t\t\t\t\t<\/div>\n\t\t<\/section>\n\t\t\t\t<\/div>","protected":false},"excerpt":{"rendered":"<p>Ones de Crom #23 Steve Beresford 3 de mar\u00e7 2021 Compositor i multi-instrumentista brit\u00e0nic, en Steve Beresford s&#8217;hi troben des de piano i vents a instruments de juguet, percussions i electr\u00f2nica en els seus treballs i formacions. Escoltem uns primers \u00e0lbums on hi \u00e9s present la improvisaci\u00f3 radical com \u00abTeatime\u00bb (1975) amb una formaci\u00f3 amb [&hellip;]<\/p>\n","protected":false},"author":19,"featured_media":0,"parent":0,"menu_order":0,"comment_status":"closed","ping_status":"closed","template":"","meta":{"footnotes":""},"class_list":["post-63487","page","type-page","status-publish","hentry"],"yoast_head":"<!-- This site is optimized with the Yoast SEO plugin v27.2 - https:\/\/yoast.com\/product\/yoast-seo-wordpress\/ -->\n<title>Ones de Crom #23 -<\/title>\n<meta name=\"robots\" content=\"index, follow, max-snippet:-1, max-image-preview:large, max-video-preview:-1\" \/>\n<link rel=\"canonical\" href=\"https:\/\/teslafm.net\/en\/ones-de-crom-23\/\" \/>\n<meta property=\"og:locale\" content=\"en_US\" \/>\n<meta property=\"og:type\" content=\"article\" \/>\n<meta property=\"og:title\" content=\"Ones de Crom #23 -\" \/>\n<meta property=\"og:description\" content=\"Ones de Crom #23 Steve Beresford 3 de mar\u00e7 2021 Compositor i multi-instrumentista brit\u00e0nic, en Steve Beresford s&#8217;hi troben des de piano i vents a instruments de juguet, percussions i electr\u00f2nica en els seus treballs i formacions. Escoltem uns primers \u00e0lbums on hi \u00e9s present la improvisaci\u00f3 radical com \u00abTeatime\u00bb (1975) amb una formaci\u00f3 amb [&hellip;]\" \/>\n<meta property=\"og:url\" content=\"https:\/\/teslafm.net\/en\/ones-de-crom-23\/\" \/>\n<meta property=\"article:publisher\" content=\"https:\/\/www.facebook.com\/teslafm.net\" \/>\n<meta property=\"article:modified_time\" content=\"2023-09-19T19:50:43+00:00\" \/>\n<meta property=\"og:image\" content=\"http:\/\/teslafm.net\/wp-content\/uploads\/2023\/09\/Steve-Beresford.jpg\" \/>\n<meta name=\"twitter:card\" content=\"summary_large_image\" \/>\n<meta name=\"twitter:site\" content=\"@teslafm\" \/>\n<meta name=\"twitter:label1\" content=\"Est. reading time\" \/>\n\t<meta name=\"twitter:data1\" content=\"2 minutes\" \/>\n<script type=\"application\/ld+json\" class=\"yoast-schema-graph\">{\"@context\":\"https:\/\/schema.org\",\"@graph\":[{\"@type\":\"WebPage\",\"@id\":\"https:\/\/teslafm.net\/ones-de-crom-23\/\",\"url\":\"https:\/\/teslafm.net\/ones-de-crom-23\/\",\"name\":\"Ones de Crom #23 -\",\"isPartOf\":{\"@id\":\"https:\/\/teslafm.net\/#website\"},\"primaryImageOfPage\":{\"@id\":\"https:\/\/teslafm.net\/ones-de-crom-23\/#primaryimage\"},\"image\":{\"@id\":\"https:\/\/teslafm.net\/ones-de-crom-23\/#primaryimage\"},\"thumbnailUrl\":\"http:\/\/teslafm.net\/wp-content\/uploads\/2023\/09\/Steve-Beresford.jpg\",\"datePublished\":\"2023-09-19T16:08:25+00:00\",\"dateModified\":\"2023-09-19T19:50:43+00:00\",\"breadcrumb\":{\"@id\":\"https:\/\/teslafm.net\/ones-de-crom-23\/#breadcrumb\"},\"inLanguage\":\"en-US\",\"potentialAction\":[{\"@type\":\"ReadAction\",\"target\":[\"https:\/\/teslafm.net\/ones-de-crom-23\/\"]}]},{\"@type\":\"ImageObject\",\"inLanguage\":\"en-US\",\"@id\":\"https:\/\/teslafm.net\/ones-de-crom-23\/#primaryimage\",\"url\":\"http:\/\/teslafm.net\/wp-content\/uploads\/2023\/09\/Steve-Beresford.jpg\",\"contentUrl\":\"http:\/\/teslafm.net\/wp-content\/uploads\/2023\/09\/Steve-Beresford.jpg\"},{\"@type\":\"BreadcrumbList\",\"@id\":\"https:\/\/teslafm.net\/ones-de-crom-23\/#breadcrumb\",\"itemListElement\":[{\"@type\":\"ListItem\",\"position\":1,\"name\":\"Portada\",\"item\":\"https:\/\/teslafm.net\/\"},{\"@type\":\"ListItem\",\"position\":2,\"name\":\"Ones de Crom #23\"}]},{\"@type\":\"WebSite\",\"@id\":\"https:\/\/teslafm.net\/#website\",\"url\":\"https:\/\/teslafm.net\/\",\"name\":\"TeslaFM\",\"description\":\"An experimental and creative radio\",\"publisher\":{\"@id\":\"https:\/\/teslafm.net\/#organization\"},\"potentialAction\":[{\"@type\":\"SearchAction\",\"target\":{\"@type\":\"EntryPoint\",\"urlTemplate\":\"https:\/\/teslafm.net\/?s={search_term_string}\"},\"query-input\":{\"@type\":\"PropertyValueSpecification\",\"valueRequired\":true,\"valueName\":\"search_term_string\"}}],\"inLanguage\":\"en-US\"},{\"@type\":\"Organization\",\"@id\":\"https:\/\/teslafm.net\/#organization\",\"name\":\"TeslaFM\",\"url\":\"https:\/\/teslafm.net\/\",\"logo\":{\"@type\":\"ImageObject\",\"inLanguage\":\"en-US\",\"@id\":\"https:\/\/teslafm.net\/#\/schema\/logo\/image\/\",\"url\":\"https:\/\/teslafm.net\/wp-content\/uploads\/2020\/06\/logo-tesla.png\",\"contentUrl\":\"https:\/\/teslafm.net\/wp-content\/uploads\/2020\/06\/logo-tesla.png\",\"width\":512,\"height\":512,\"caption\":\"TeslaFM\"},\"image\":{\"@id\":\"https:\/\/teslafm.net\/#\/schema\/logo\/image\/\"},\"sameAs\":[\"https:\/\/www.facebook.com\/teslafm.net\",\"https:\/\/x.com\/teslafm\"]}]}<\/script>\n<!-- \/ Yoast SEO plugin. -->","yoast_head_json":{"title":"Ones de Crom #23 -","robots":{"index":"index","follow":"follow","max-snippet":"max-snippet:-1","max-image-preview":"max-image-preview:large","max-video-preview":"max-video-preview:-1"},"canonical":"https:\/\/teslafm.net\/en\/ones-de-crom-23\/","og_locale":"en_US","og_type":"article","og_title":"Ones de Crom #23 -","og_description":"Ones de Crom #23 Steve Beresford 3 de mar\u00e7 2021 Compositor i multi-instrumentista brit\u00e0nic, en Steve Beresford s&#8217;hi troben des de piano i vents a instruments de juguet, percussions i electr\u00f2nica en els seus treballs i formacions. Escoltem uns primers \u00e0lbums on hi \u00e9s present la improvisaci\u00f3 radical com \u00abTeatime\u00bb (1975) amb una formaci\u00f3 amb [&hellip;]","og_url":"https:\/\/teslafm.net\/en\/ones-de-crom-23\/","article_publisher":"https:\/\/www.facebook.com\/teslafm.net","article_modified_time":"2023-09-19T19:50:43+00:00","og_image":[{"url":"http:\/\/teslafm.net\/wp-content\/uploads\/2023\/09\/Steve-Beresford.jpg","type":"","width":"","height":""}],"twitter_card":"summary_large_image","twitter_site":"@teslafm","twitter_misc":{"Est. reading time":"2 minutes"},"schema":{"@context":"https:\/\/schema.org","@graph":[{"@type":"WebPage","@id":"https:\/\/teslafm.net\/ones-de-crom-23\/","url":"https:\/\/teslafm.net\/ones-de-crom-23\/","name":"Ones de Crom #23 -","isPartOf":{"@id":"https:\/\/teslafm.net\/#website"},"primaryImageOfPage":{"@id":"https:\/\/teslafm.net\/ones-de-crom-23\/#primaryimage"},"image":{"@id":"https:\/\/teslafm.net\/ones-de-crom-23\/#primaryimage"},"thumbnailUrl":"http:\/\/teslafm.net\/wp-content\/uploads\/2023\/09\/Steve-Beresford.jpg","datePublished":"2023-09-19T16:08:25+00:00","dateModified":"2023-09-19T19:50:43+00:00","breadcrumb":{"@id":"https:\/\/teslafm.net\/ones-de-crom-23\/#breadcrumb"},"inLanguage":"en-US","potentialAction":[{"@type":"ReadAction","target":["https:\/\/teslafm.net\/ones-de-crom-23\/"]}]},{"@type":"ImageObject","inLanguage":"en-US","@id":"https:\/\/teslafm.net\/ones-de-crom-23\/#primaryimage","url":"http:\/\/teslafm.net\/wp-content\/uploads\/2023\/09\/Steve-Beresford.jpg","contentUrl":"http:\/\/teslafm.net\/wp-content\/uploads\/2023\/09\/Steve-Beresford.jpg"},{"@type":"BreadcrumbList","@id":"https:\/\/teslafm.net\/ones-de-crom-23\/#breadcrumb","itemListElement":[{"@type":"ListItem","position":1,"name":"Portada","item":"https:\/\/teslafm.net\/"},{"@type":"ListItem","position":2,"name":"Ones de Crom #23"}]},{"@type":"WebSite","@id":"https:\/\/teslafm.net\/#website","url":"https:\/\/teslafm.net\/","name":"TeslaFM","description":"An experimental and creative radio","publisher":{"@id":"https:\/\/teslafm.net\/#organization"},"potentialAction":[{"@type":"SearchAction","target":{"@type":"EntryPoint","urlTemplate":"https:\/\/teslafm.net\/?s={search_term_string}"},"query-input":{"@type":"PropertyValueSpecification","valueRequired":true,"valueName":"search_term_string"}}],"inLanguage":"en-US"},{"@type":"Organization","@id":"https:\/\/teslafm.net\/#organization","name":"TeslaFM","url":"https:\/\/teslafm.net\/","logo":{"@type":"ImageObject","inLanguage":"en-US","@id":"https:\/\/teslafm.net\/#\/schema\/logo\/image\/","url":"https:\/\/teslafm.net\/wp-content\/uploads\/2020\/06\/logo-tesla.png","contentUrl":"https:\/\/teslafm.net\/wp-content\/uploads\/2020\/06\/logo-tesla.png","width":512,"height":512,"caption":"TeslaFM"},"image":{"@id":"https:\/\/teslafm.net\/#\/schema\/logo\/image\/"},"sameAs":["https:\/\/www.facebook.com\/teslafm.net","https:\/\/x.com\/teslafm"]}]}},"rttpg_featured_image_url":null,"rttpg_author":{"display_name":"Ishak","author_link":"https:\/\/teslafm.net\/en\/author\/cravan\/"},"rttpg_comment":0,"rttpg_category":null,"rttpg_excerpt":"Ones de Crom #23 Steve Beresford 3 de mar\u00e7 2021 Compositor i multi-instrumentista brit\u00e0nic, en Steve Beresford s&#8217;hi troben des de piano i vents a instruments de juguet, percussions i electr\u00f2nica en els seus treballs i formacions. Escoltem uns primers \u00e0lbums on hi \u00e9s present la improvisaci\u00f3 radical com \u00abTeatime\u00bb (1975) amb una formaci\u00f3 amb&hellip;","_links":{"self":[{"href":"https:\/\/teslafm.net\/en\/wp-json\/wp\/v2\/pages\/63487","targetHints":{"allow":["GET"]}}],"collection":[{"href":"https:\/\/teslafm.net\/en\/wp-json\/wp\/v2\/pages"}],"about":[{"href":"https:\/\/teslafm.net\/en\/wp-json\/wp\/v2\/types\/page"}],"author":[{"embeddable":true,"href":"https:\/\/teslafm.net\/en\/wp-json\/wp\/v2\/users\/19"}],"replies":[{"embeddable":true,"href":"https:\/\/teslafm.net\/en\/wp-json\/wp\/v2\/comments?post=63487"}],"version-history":[{"count":19,"href":"https:\/\/teslafm.net\/en\/wp-json\/wp\/v2\/pages\/63487\/revisions"}],"predecessor-version":[{"id":63508,"href":"https:\/\/teslafm.net\/en\/wp-json\/wp\/v2\/pages\/63487\/revisions\/63508"}],"wp:attachment":[{"href":"https:\/\/teslafm.net\/en\/wp-json\/wp\/v2\/media?parent=63487"}],"curies":[{"name":"wp","href":"https:\/\/api.w.org\/{rel}","templated":true}]}}