

{"id":63524,"date":"2023-09-21T15:26:43","date_gmt":"2023-09-21T13:26:43","guid":{"rendered":"https:\/\/teslafm.net\/?page_id=63524"},"modified":"2023-09-21T15:55:49","modified_gmt":"2023-09-21T13:55:49","slug":"digital-entropy-14","status":"publish","type":"page","link":"https:\/\/teslafm.net\/en\/digital-entropy-14\/","title":{"rendered":"Digital Entropy #14"},"content":{"rendered":"<div data-elementor-type=\"wp-page\" data-elementor-id=\"63524\" class=\"elementor elementor-63524\">\n\t\t\t\t\t\t<section class=\"elementor-section elementor-top-section elementor-element elementor-element-2690fa6f elementor-section-boxed elementor-section-height-default elementor-section-height-default\" data-id=\"2690fa6f\" data-element_type=\"section\" data-e-type=\"section\">\n\t\t\t\t\t\t<div class=\"elementor-container elementor-column-gap-default\">\n\t\t\t\t\t<div class=\"elementor-column elementor-col-100 elementor-top-column elementor-element elementor-element-20922ea0\" data-id=\"20922ea0\" data-element_type=\"column\" data-e-type=\"column\">\n\t\t\t<div class=\"elementor-widget-wrap elementor-element-populated\">\n\t\t\t\t\t\t<div class=\"elementor-element elementor-element-2bf9e30b elementor-widget elementor-widget-text-editor\" data-id=\"2bf9e30b\" data-element_type=\"widget\" data-e-type=\"widget\" data-widget_type=\"text-editor.default\">\n\t\t\t\t<div class=\"elementor-widget-container\">\n\t\t\t\t\t\t\t\t\t<h2><span style=\"color: #ffffff;\"><strong>Digital Entropy #14<\/strong><\/span><\/h2><p><span style=\"color: #808080;\"><em>Sound Earth Legacy<\/em><\/span><\/p><p><iframe src=\"https:\/\/player-widget.mixcloud.com\/widget\/iframe\/?hide_cover=1&amp;feed=%2FTeslafm_net%2Fdigital-entropy-14-nikka%2F\" width=\"100%\" height=\"120\" frameborder=\"0\"><\/iframe><\/p>\t\t\t\t\t\t\t\t<\/div>\n\t\t\t\t<\/div>\n\t\t\t\t\t<\/div>\n\t\t<\/div>\n\t\t\t\t\t<\/div>\n\t\t<\/section>\n\t\t\t\t<section class=\"elementor-section elementor-top-section elementor-element elementor-element-a6f076c elementor-section-boxed elementor-section-height-default elementor-section-height-default\" data-id=\"a6f076c\" data-element_type=\"section\" data-e-type=\"section\">\n\t\t\t\t\t\t<div class=\"elementor-container elementor-column-gap-default\">\n\t\t\t\t\t<div class=\"elementor-column elementor-col-50 elementor-top-column elementor-element elementor-element-4ed4ec4\" data-id=\"4ed4ec4\" data-element_type=\"column\" data-e-type=\"column\">\n\t\t\t<div class=\"elementor-widget-wrap elementor-element-populated\">\n\t\t\t\t\t\t<div class=\"elementor-element elementor-element-981397e elementor-widget elementor-widget-text-editor\" data-id=\"981397e\" data-element_type=\"widget\" data-e-type=\"widget\" data-widget_type=\"text-editor.default\">\n\t\t\t\t<div class=\"elementor-widget-container\">\n\t\t\t\t\t\t\t\t\t<p><span style=\"color: #808080;\"><span style=\"font-family: Arial, serif;\"><span style=\"font-size: medium;\"><b>S<\/b><\/span><\/span><span style=\"font-family: Arial, serif;\"><span style=\"font-size: medium;\">ound <\/span><\/span><span style=\"font-family: Arial, serif;\"><span style=\"font-size: medium;\"><b>E<\/b><\/span><\/span><span style=\"font-family: Arial, serif;\"><span style=\"font-size: medium;\">arth <\/span><\/span><span style=\"font-family: Arial, serif;\"><span style=\"font-size: medium;\"><b>L<\/b><\/span><\/span><span style=\"font-family: Arial, serif;\"><span style=\"font-size: medium;\">egacy, a sustainable creative agency and digital music platform with a mission to preserve the sounds of the earth, supports the dissemination of pioneering scientific, humanitarian and technological projects that conduct research to understand and address climate change.<\/span><\/span><\/span><\/p><p><span style=\"color: #808080;\"><span style=\"font-family: Arial, serif;\"><span style=\"font-size: medium;\"><b>S<\/b><\/span><\/span><span style=\"font-family: Arial, serif;\"><span style=\"font-size: medium;\">ound <\/span><\/span><span style=\"font-family: Arial, serif;\"><span style=\"font-size: medium;\"><b>E<\/b><\/span><\/span><span style=\"font-family: Arial, serif;\"><span style=\"font-size: medium;\">arth <\/span><\/span><span style=\"font-family: Arial, serif;\"><span style=\"font-size: medium;\"><b>L<\/b><\/span><\/span><span style=\"font-family: Arial, serif;\"><span style=\"font-size: medium;\">egacy was created by the audiovisual documentary filmmaker <\/span><\/span><span style=\"font-family: Arial, serif;\"><span style=\"font-size: medium;\"><b>Andrea Lamount<\/b><\/span><\/span><span style=\"font-family: Arial, serif;\"><span style=\"font-size: medium;\"> in Barcelona (2020), with the intention of uniting musical artists with scientists and researchers, to raise awareness about the protection and legacy of the sounds of the earth.<\/span><\/span><\/span><\/p><p align=\"justify\"><span style=\"color: #808080;\"><span style=\"font-family: Arial, serif;\"><span style=\"font-size: medium;\"><b>S<\/b><\/span><\/span><span style=\"font-family: Arial, serif;\"><span style=\"font-size: medium;\">ound <\/span><\/span><span style=\"font-family: Arial, serif;\"><span style=\"font-size: medium;\"><b>E<\/b><\/span><\/span><span style=\"font-family: Arial, serif;\"><span style=\"font-size: medium;\">arth <\/span><\/span><span style=\"font-family: Arial, serif;\"><span style=\"font-size: medium;\"><b>L<\/b><\/span><\/span><span style=\"font-family: Arial, serif;\"><span style=\"font-size: medium;\">egacy, selects different artists from around the world, so that through the sounds recorded in the various projects carried out are used to create sustainable music, and unpublished, to protect our most fragile natural world and all the species that inhabit it.<\/span><\/span><\/span><\/p><p><span style=\"color: #808080;\"><span style=\"font-family: Arial, serif;\"><span style=\"font-size: medium;\">One of these projects is \"Black Coral Symphony\" which aims to characterize the soundscape of the black coral forests of Lanzarote Island. Vulnerable marine ecosystems and not included in any protection directive. This soundscape characterization consists in the recording of sounds by means of submerged hydrophones during several days inside the black coral forests.<\/span><\/span><\/span><\/p><p><span style=\"color: #808080;\"><span style=\"font-family: Arial, serif;\"><span style=\"font-size: medium;\">More info:<\/span><\/span><\/span> <a href=\"https:\/\/soundearthlegacy.org\/\" target=\"_blank\" rel=\"noopener\">https:\/\/soundearthlegacy.org\/<\/a><\/p>\t\t\t\t\t\t\t\t<\/div>\n\t\t\t\t<\/div>\n\t\t\t\t\t<\/div>\n\t\t<\/div>\n\t\t\t\t<div class=\"elementor-column elementor-col-50 elementor-top-column elementor-element elementor-element-85d6278\" data-id=\"85d6278\" data-element_type=\"column\" data-e-type=\"column\">\n\t\t\t<div class=\"elementor-widget-wrap elementor-element-populated\">\n\t\t\t\t\t\t<div class=\"elementor-element elementor-element-28e1e1d elementor-widget elementor-widget-text-editor\" data-id=\"28e1e1d\" data-element_type=\"widget\" data-e-type=\"widget\" data-widget_type=\"text-editor.default\">\n\t\t\t\t<div class=\"elementor-widget-container\">\n\t\t\t\t\t\t\t\t\t<p><span style=\"color: #808080;\">01. <strong>Mercuri<\/strong> &amp; <strong>Sound Earth Legacy<\/strong> - Eurasian Blackcap Birds<\/span><br \/><span style=\"color: #808080;\">02. <strong>Nikka<\/strong> &amp; <strong>Sound Earth Legacy<\/strong> - Sustainable Remor<\/span><br \/><span style=\"color: #808080;\">03. <strong>Enric Teruel<\/strong> &amp; <strong>Sound Earth Legacy<\/strong> - La Albufera<\/span><br \/><span style=\"color: #808080;\">04. <strong>Mercuri<\/strong> &amp; <strong>Sound Earth Legacy<\/strong> - Robin &amp; Black Bird &amp; Wren of Can Balasc<\/span><br \/><span style=\"color: #808080;\">05. <strong>Fennesz<\/strong> &amp; <strong>Sound Earth Legacy<\/strong> - Sound Earth<\/span><br \/><span style=\"color: #808080;\">06. <strong>Eva Geist<\/strong> &amp; <strong>Sound Earth Legacy<\/strong> - Profondo<\/span><br \/><span style=\"color: #808080;\">07. <strong>NoN<\/strong> &amp; <strong>Sound Earth Legacy<\/strong> - Ocean Calling<\/span><br \/><span style=\"color: #808080;\">08. <strong>Nefur<\/strong> &amp; <strong>Sound Earth Legacy<\/strong> - Coot Bird and Wild Duck of S'Albufera des Grau<\/span><br \/><span style=\"color: #808080;\">09.<strong> Nefur<\/strong> &amp; <strong>Sound Earth Legacy<\/strong> - Vulgia<\/span><br \/><span style=\"color: #808080;\">10. <strong>beGun<\/strong> &amp; <strong>Sound Earth Legacy<\/strong> - Nova<\/span><br \/><span style=\"color: #808080;\">11. <strong>Mercuri<\/strong> &amp; <strong>Sound Earth Legacy<\/strong> - Frogs &amp; Long - winged Grasshopper of Can Cata<\/span><br \/><span style=\"color: #808080;\">12. <strong>Mercuri<\/strong> &amp; <strong>Sound Earth Legacy<\/strong> - Frogs at Can Borrell at Night <\/span><br \/><span style=\"color: #808080;\">13. <strong>Mercuri<\/strong> &amp; <strong>Sound Earth Legacy<\/strong> - Frogs &amp; Long - winged Grasshopper of Can Cata at night<\/span><br \/><span style=\"color: #808080;\">14. <strong>Antoine Bertin<\/strong> &amp; <strong>Sound Earth Legacy<\/strong> - Plant And Human (Breath) <\/span><br \/><span style=\"color: #808080;\">15. <strong>Sara Pereira<\/strong> &amp; <strong>Sound Earth Legacy<\/strong> - Mar\u00eda Loiri\u00f1a <\/span><br \/><span style=\"color: #808080;\">16. <strong>Mercuri<\/strong> &amp;<strong> Sound Earth Legacy<\/strong> - Long-winged Green Grasshopper of Camp de Sant Medir<\/span><\/p>\t\t\t\t\t\t\t\t<\/div>\n\t\t\t\t<\/div>\n\t\t\t\t\t<\/div>\n\t\t<\/div>\n\t\t\t\t\t<\/div>\n\t\t<\/section>\n\t\t\t\t<\/div>","protected":false},"excerpt":{"rendered":"<p>Digital Entropy #14 Sound Earth Legacy Sound Earth Legacy, es una agencia creativa sostenible y una plataforma digital de m\u00fasica que tiene como misi\u00f3n preservar los sonidos de la tierra, y que apoya la divulgaci\u00f3n sobre proyectos cient\u00edficos, humanitarios y tecnol\u00f3gicos pioneros que realizan investigaciones para comprender y hacer frente al cambio clim\u00e1tico. Sound Earth [&hellip;]<\/p>\n","protected":false},"author":19,"featured_media":0,"parent":0,"menu_order":0,"comment_status":"closed","ping_status":"closed","template":"","meta":{"footnotes":""},"class_list":["post-63524","page","type-page","status-publish","hentry"],"yoast_head":"<!-- This site is optimized with the Yoast SEO plugin v27.4 - https:\/\/yoast.com\/product\/yoast-seo-wordpress\/ -->\n<title>Digital Entropy #14 -<\/title>\n<meta name=\"robots\" content=\"index, follow, max-snippet:-1, max-image-preview:large, max-video-preview:-1\" \/>\n<link rel=\"canonical\" href=\"https:\/\/teslafm.net\/en\/digital-entropy-14\/\" \/>\n<meta property=\"og:locale\" content=\"en_US\" \/>\n<meta property=\"og:type\" content=\"article\" \/>\n<meta property=\"og:title\" content=\"Digital Entropy #14 -\" \/>\n<meta property=\"og:description\" content=\"Digital Entropy #14 Sound Earth Legacy Sound Earth Legacy, es una agencia creativa sostenible y una plataforma digital de m\u00fasica que tiene como misi\u00f3n preservar los sonidos de la tierra, y que apoya la divulgaci\u00f3n sobre proyectos cient\u00edficos, humanitarios y tecnol\u00f3gicos pioneros que realizan investigaciones para comprender y hacer frente al cambio clim\u00e1tico. Sound Earth [&hellip;]\" \/>\n<meta property=\"og:url\" content=\"https:\/\/teslafm.net\/en\/digital-entropy-14\/\" \/>\n<meta property=\"article:publisher\" content=\"https:\/\/www.facebook.com\/teslafm.net\" \/>\n<meta property=\"article:modified_time\" content=\"2023-09-21T13:55:49+00:00\" \/>\n<meta property=\"og:image\" content=\"https:\/\/teslafm.net\/wp-content\/uploads\/2022\/09\/header-image-4-temp.png\" \/>\n\t<meta property=\"og:image:width\" content=\"1274\" \/>\n\t<meta property=\"og:image:height\" content=\"818\" \/>\n\t<meta property=\"og:image:type\" content=\"image\/png\" \/>\n<meta name=\"twitter:card\" content=\"summary_large_image\" \/>\n<meta name=\"twitter:site\" content=\"@teslafm\" \/>\n<meta name=\"twitter:label1\" content=\"Est. reading time\" \/>\n\t<meta name=\"twitter:data1\" content=\"2 minutes\" \/>\n<script type=\"application\/ld+json\" class=\"yoast-schema-graph\">{\"@context\":\"https:\\\/\\\/schema.org\",\"@graph\":[{\"@type\":\"WebPage\",\"@id\":\"https:\\\/\\\/teslafm.net\\\/digital-entropy-14\\\/\",\"url\":\"https:\\\/\\\/teslafm.net\\\/digital-entropy-14\\\/\",\"name\":\"Digital Entropy #14 -\",\"isPartOf\":{\"@id\":\"https:\\\/\\\/teslafm.net\\\/#website\"},\"datePublished\":\"2023-09-21T13:26:43+00:00\",\"dateModified\":\"2023-09-21T13:55:49+00:00\",\"breadcrumb\":{\"@id\":\"https:\\\/\\\/teslafm.net\\\/digital-entropy-14\\\/#breadcrumb\"},\"inLanguage\":\"en-US\",\"potentialAction\":[{\"@type\":\"ReadAction\",\"target\":[\"https:\\\/\\\/teslafm.net\\\/digital-entropy-14\\\/\"]}]},{\"@type\":\"BreadcrumbList\",\"@id\":\"https:\\\/\\\/teslafm.net\\\/digital-entropy-14\\\/#breadcrumb\",\"itemListElement\":[{\"@type\":\"ListItem\",\"position\":1,\"name\":\"Portada\",\"item\":\"https:\\\/\\\/teslafm.net\\\/\"},{\"@type\":\"ListItem\",\"position\":2,\"name\":\"Digital Entropy #14\"}]},{\"@type\":\"WebSite\",\"@id\":\"https:\\\/\\\/teslafm.net\\\/#website\",\"url\":\"https:\\\/\\\/teslafm.net\\\/\",\"name\":\"TeslaFM\",\"description\":\"An experimental and creative radio\",\"publisher\":{\"@id\":\"https:\\\/\\\/teslafm.net\\\/#organization\"},\"potentialAction\":[{\"@type\":\"SearchAction\",\"target\":{\"@type\":\"EntryPoint\",\"urlTemplate\":\"https:\\\/\\\/teslafm.net\\\/?s={search_term_string}\"},\"query-input\":{\"@type\":\"PropertyValueSpecification\",\"valueRequired\":true,\"valueName\":\"search_term_string\"}}],\"inLanguage\":\"en-US\"},{\"@type\":\"Organization\",\"@id\":\"https:\\\/\\\/teslafm.net\\\/#organization\",\"name\":\"TeslaFM\",\"url\":\"https:\\\/\\\/teslafm.net\\\/\",\"logo\":{\"@type\":\"ImageObject\",\"inLanguage\":\"en-US\",\"@id\":\"https:\\\/\\\/teslafm.net\\\/#\\\/schema\\\/logo\\\/image\\\/\",\"url\":\"https:\\\/\\\/teslafm.net\\\/wp-content\\\/uploads\\\/2020\\\/06\\\/logo-tesla.png\",\"contentUrl\":\"https:\\\/\\\/teslafm.net\\\/wp-content\\\/uploads\\\/2020\\\/06\\\/logo-tesla.png\",\"width\":512,\"height\":512,\"caption\":\"TeslaFM\"},\"image\":{\"@id\":\"https:\\\/\\\/teslafm.net\\\/#\\\/schema\\\/logo\\\/image\\\/\"},\"sameAs\":[\"https:\\\/\\\/www.facebook.com\\\/teslafm.net\",\"https:\\\/\\\/x.com\\\/teslafm\"]}]}<\/script>\n<!-- \/ Yoast SEO plugin. -->","yoast_head_json":{"title":"Digital Entropy #14 -","robots":{"index":"index","follow":"follow","max-snippet":"max-snippet:-1","max-image-preview":"max-image-preview:large","max-video-preview":"max-video-preview:-1"},"canonical":"https:\/\/teslafm.net\/en\/digital-entropy-14\/","og_locale":"en_US","og_type":"article","og_title":"Digital Entropy #14 -","og_description":"Digital Entropy #14 Sound Earth Legacy Sound Earth Legacy, es una agencia creativa sostenible y una plataforma digital de m\u00fasica que tiene como misi\u00f3n preservar los sonidos de la tierra, y que apoya la divulgaci\u00f3n sobre proyectos cient\u00edficos, humanitarios y tecnol\u00f3gicos pioneros que realizan investigaciones para comprender y hacer frente al cambio clim\u00e1tico. Sound Earth [&hellip;]","og_url":"https:\/\/teslafm.net\/en\/digital-entropy-14\/","article_publisher":"https:\/\/www.facebook.com\/teslafm.net","article_modified_time":"2023-09-21T13:55:49+00:00","og_image":[{"width":1274,"height":818,"url":"https:\/\/teslafm.net\/wp-content\/uploads\/2022\/09\/header-image-4-temp.png","type":"image\/png"}],"twitter_card":"summary_large_image","twitter_site":"@teslafm","twitter_misc":{"Est. reading time":"2 minutes"},"schema":{"@context":"https:\/\/schema.org","@graph":[{"@type":"WebPage","@id":"https:\/\/teslafm.net\/digital-entropy-14\/","url":"https:\/\/teslafm.net\/digital-entropy-14\/","name":"Digital Entropy #14 -","isPartOf":{"@id":"https:\/\/teslafm.net\/#website"},"datePublished":"2023-09-21T13:26:43+00:00","dateModified":"2023-09-21T13:55:49+00:00","breadcrumb":{"@id":"https:\/\/teslafm.net\/digital-entropy-14\/#breadcrumb"},"inLanguage":"en-US","potentialAction":[{"@type":"ReadAction","target":["https:\/\/teslafm.net\/digital-entropy-14\/"]}]},{"@type":"BreadcrumbList","@id":"https:\/\/teslafm.net\/digital-entropy-14\/#breadcrumb","itemListElement":[{"@type":"ListItem","position":1,"name":"Portada","item":"https:\/\/teslafm.net\/"},{"@type":"ListItem","position":2,"name":"Digital Entropy #14"}]},{"@type":"WebSite","@id":"https:\/\/teslafm.net\/#website","url":"https:\/\/teslafm.net\/","name":"TeslaFM","description":"An experimental and creative radio","publisher":{"@id":"https:\/\/teslafm.net\/#organization"},"potentialAction":[{"@type":"SearchAction","target":{"@type":"EntryPoint","urlTemplate":"https:\/\/teslafm.net\/?s={search_term_string}"},"query-input":{"@type":"PropertyValueSpecification","valueRequired":true,"valueName":"search_term_string"}}],"inLanguage":"en-US"},{"@type":"Organization","@id":"https:\/\/teslafm.net\/#organization","name":"TeslaFM","url":"https:\/\/teslafm.net\/","logo":{"@type":"ImageObject","inLanguage":"en-US","@id":"https:\/\/teslafm.net\/#\/schema\/logo\/image\/","url":"https:\/\/teslafm.net\/wp-content\/uploads\/2020\/06\/logo-tesla.png","contentUrl":"https:\/\/teslafm.net\/wp-content\/uploads\/2020\/06\/logo-tesla.png","width":512,"height":512,"caption":"TeslaFM"},"image":{"@id":"https:\/\/teslafm.net\/#\/schema\/logo\/image\/"},"sameAs":["https:\/\/www.facebook.com\/teslafm.net","https:\/\/x.com\/teslafm"]}]}},"rttpg_featured_image_url":null,"rttpg_author":{"display_name":"Ishak","author_link":"https:\/\/teslafm.net\/en\/author\/cravan\/"},"rttpg_comment":0,"rttpg_category":null,"rttpg_excerpt":"Digital Entropy #14 Sound Earth Legacy Sound Earth Legacy, es una agencia creativa sostenible y una plataforma digital de m\u00fasica que tiene como misi\u00f3n preservar los sonidos de la tierra, y que apoya la divulgaci\u00f3n sobre proyectos cient\u00edficos, humanitarios y tecnol\u00f3gicos pioneros que realizan investigaciones para comprender y hacer frente al cambio clim\u00e1tico. Sound Earth&hellip;","_links":{"self":[{"href":"https:\/\/teslafm.net\/en\/wp-json\/wp\/v2\/pages\/63524","targetHints":{"allow":["GET"]}}],"collection":[{"href":"https:\/\/teslafm.net\/en\/wp-json\/wp\/v2\/pages"}],"about":[{"href":"https:\/\/teslafm.net\/en\/wp-json\/wp\/v2\/types\/page"}],"author":[{"embeddable":true,"href":"https:\/\/teslafm.net\/en\/wp-json\/wp\/v2\/users\/19"}],"replies":[{"embeddable":true,"href":"https:\/\/teslafm.net\/en\/wp-json\/wp\/v2\/comments?post=63524"}],"version-history":[{"count":16,"href":"https:\/\/teslafm.net\/en\/wp-json\/wp\/v2\/pages\/63524\/revisions"}],"predecessor-version":[{"id":63547,"href":"https:\/\/teslafm.net\/en\/wp-json\/wp\/v2\/pages\/63524\/revisions\/63547"}],"wp:attachment":[{"href":"https:\/\/teslafm.net\/en\/wp-json\/wp\/v2\/media?parent=63524"}],"curies":[{"name":"wp","href":"https:\/\/api.w.org\/{rel}","templated":true}]}}