

{"id":63588,"date":"2023-09-25T21:13:40","date_gmt":"2023-09-25T19:13:40","guid":{"rendered":"https:\/\/teslafm.net\/?page_id=63588"},"modified":"2023-09-25T21:29:24","modified_gmt":"2023-09-25T19:29:24","slug":"modulisme-12","status":"publish","type":"page","link":"https:\/\/teslafm.net\/en\/modulisme-12\/","title":{"rendered":"Modulisme #12"},"content":{"rendered":"<div data-elementor-type=\"wp-page\" data-elementor-id=\"63588\" class=\"elementor elementor-63588\">\n\t\t\t\t\t\t<section class=\"elementor-section elementor-top-section elementor-element elementor-element-4baec6a0 elementor-section-boxed elementor-section-height-default elementor-section-height-default\" data-id=\"4baec6a0\" data-element_type=\"section\" data-e-type=\"section\">\n\t\t\t\t\t\t<div class=\"elementor-container elementor-column-gap-default\">\n\t\t\t\t\t<div class=\"elementor-column elementor-col-100 elementor-top-column elementor-element elementor-element-3268c096\" data-id=\"3268c096\" data-element_type=\"column\" data-e-type=\"column\">\n\t\t\t<div class=\"elementor-widget-wrap elementor-element-populated\">\n\t\t\t\t\t\t<div class=\"elementor-element elementor-element-187889da elementor-widget elementor-widget-text-editor\" data-id=\"187889da\" data-element_type=\"widget\" data-e-type=\"widget\" data-widget_type=\"text-editor.default\">\n\t\t\t\t<div class=\"elementor-widget-container\">\n\t\t\t\t\t\t\t\t\t<h2><span style=\"color: #ffffff;\">Modulisme #12<\/span><\/h2>\n<span style=\"color: #808080;\"><em>Special transmission dedicated to the music of Philippe Petit<\/em><\/span>\n\n<iframe width=\"100%\" height=\"120\" src=\"https:\/\/player-widget.mixcloud.com\/widget\/iframe\/?hide_cover=1&#038;feed=%2FTeslafm_net%2Fmodulisme-12-philippe-petit%2F\" frameborder=\"0\" ><\/iframe>\t\t\t\t\t\t\t\t<\/div>\n\t\t\t\t<\/div>\n\t\t\t\t\t<\/div>\n\t\t<\/div>\n\t\t\t\t\t<\/div>\n\t\t<\/section>\n\t\t\t\t<section class=\"elementor-section elementor-top-section elementor-element elementor-element-4ac9b3c elementor-section-boxed elementor-section-height-default elementor-section-height-default\" data-id=\"4ac9b3c\" data-element_type=\"section\" data-e-type=\"section\">\n\t\t\t\t\t\t<div class=\"elementor-container elementor-column-gap-default\">\n\t\t\t\t\t<div class=\"elementor-column elementor-col-50 elementor-top-column elementor-element elementor-element-ecbc96b\" data-id=\"ecbc96b\" data-element_type=\"column\" data-e-type=\"column\">\n\t\t\t<div class=\"elementor-widget-wrap elementor-element-populated\">\n\t\t\t\t\t\t<div class=\"elementor-element elementor-element-95f2d9c elementor-widget elementor-widget-image\" data-id=\"95f2d9c\" data-element_type=\"widget\" data-e-type=\"widget\" data-widget_type=\"image.default\">\n\t\t\t\t<div class=\"elementor-widget-container\">\n\t\t\t\t\t\t\t\t\t\t\t\t\t\t\t<img fetchpriority=\"high\" decoding=\"async\" width=\"1000\" height=\"1000\" src=\"https:\/\/teslafm.net\/wp-content\/uploads\/2023\/09\/drinking.png\" class=\"attachment-large size-large wp-image-63601\" alt=\"\" srcset=\"https:\/\/teslafm.net\/wp-content\/uploads\/2023\/09\/drinking.png 1000w, https:\/\/teslafm.net\/wp-content\/uploads\/2023\/09\/drinking-300x300.png 300w, https:\/\/teslafm.net\/wp-content\/uploads\/2023\/09\/drinking-150x150.png 150w, https:\/\/teslafm.net\/wp-content\/uploads\/2023\/09\/drinking-768x768.png 768w, https:\/\/teslafm.net\/wp-content\/uploads\/2023\/09\/drinking-12x12.png 12w\" sizes=\"(max-width: 1000px) 100vw, 1000px\" \/>\t\t\t\t\t\t\t\t\t\t\t\t\t\t\t<\/div>\n\t\t\t\t<\/div>\n\t\t\t\t\t<\/div>\n\t\t<\/div>\n\t\t\t\t<div class=\"elementor-column elementor-col-50 elementor-top-column elementor-element elementor-element-f96982c\" data-id=\"f96982c\" data-element_type=\"column\" data-e-type=\"column\">\n\t\t\t<div class=\"elementor-widget-wrap elementor-element-populated\">\n\t\t\t\t\t\t<div class=\"elementor-element elementor-element-23f3ab3 elementor-widget elementor-widget-image\" data-id=\"23f3ab3\" data-element_type=\"widget\" data-e-type=\"widget\" data-widget_type=\"image.default\">\n\t\t\t\t<div class=\"elementor-widget-container\">\n\t\t\t\t\t\t\t\t\t\t\t\t\t\t\t<img decoding=\"async\" width=\"1000\" height=\"892\" src=\"https:\/\/teslafm.net\/wp-content\/uploads\/2023\/09\/chapter-II.png\" class=\"attachment-large size-large wp-image-63602\" alt=\"\" srcset=\"https:\/\/teslafm.net\/wp-content\/uploads\/2023\/09\/chapter-II.png 1000w, https:\/\/teslafm.net\/wp-content\/uploads\/2023\/09\/chapter-II-300x268.png 300w, https:\/\/teslafm.net\/wp-content\/uploads\/2023\/09\/chapter-II-768x685.png 768w, https:\/\/teslafm.net\/wp-content\/uploads\/2023\/09\/chapter-II-13x12.png 13w\" sizes=\"(max-width: 1000px) 100vw, 1000px\" \/>\t\t\t\t\t\t\t\t\t\t\t\t\t\t\t<\/div>\n\t\t\t\t<\/div>\n\t\t\t\t\t<\/div>\n\t\t<\/div>\n\t\t\t\t\t<\/div>\n\t\t<\/section>\n\t\t\t\t<section class=\"elementor-section elementor-top-section elementor-element elementor-element-029c9a1 elementor-section-boxed elementor-section-height-default elementor-section-height-default\" data-id=\"029c9a1\" data-element_type=\"section\" data-e-type=\"section\">\n\t\t\t\t\t\t<div class=\"elementor-container elementor-column-gap-default\">\n\t\t\t\t\t<div class=\"elementor-column elementor-col-100 elementor-top-column elementor-element elementor-element-3d41b4a\" data-id=\"3d41b4a\" data-element_type=\"column\" data-e-type=\"column\">\n\t\t\t<div class=\"elementor-widget-wrap elementor-element-populated\">\n\t\t\t\t\t\t<div class=\"elementor-element elementor-element-7f8c041 elementor-widget elementor-widget-text-editor\" data-id=\"7f8c041\" data-element_type=\"widget\" data-e-type=\"widget\" data-widget_type=\"text-editor.default\">\n\t\t\t\t<div class=\"elementor-widget-container\">\n\t\t\t\t\t\t\t\t\t<p><span style=\"color: #808080;\">Welcome to our special transmission dedicated to the music of <strong>Philippe Petit<\/strong>.<\/span><br \/><span style=\"color: #808080;\">Celebrating 40 years of music activism in 2023, he began DJing, hosting radio shows and editing fanzines in 1983. He interviewed groups such as <strong>Nirvana<\/strong>,<strong> Fugazi<\/strong>,<strong> Mudhoney<\/strong>,<strong> Pixies<\/strong>, <strong>Fleshtones<\/strong>,<strong> Buzzcocks<\/strong>,<strong> Nick Cave<\/strong>,<strong> Jon Spencer<\/strong>,<strong> Soft Machine<\/strong>,<strong> Lydia Lunch<\/strong> and many other \"noise-rock\" luminaries.<\/span><br \/><span style=\"color: #808080;\">During the 1990s he directed <em>Pandemonium Rdz<\/em>. And then he was physically born <em>BiP_HOp musique<\/em> in 2000... Music that challenges the ears and the mind, he ran labels for 25 years and released a hundred albums.<\/span><br \/><span style=\"color: #808080;\">Since the early 2000's, Philippe has been composing music and performing all over the world, playing festivals all over Europe, Russia, Poland, Canada, USA, Mexico, Australia and Asia, and releasing on several international labels such as Aagoo, Southern UK, Monotype, Sub Rosa, Important, Public Eyesore or Cronic\u00e0 Electronica.<\/span><\/p><p><span style=\"color: #808080;\">You will hear <em>\"Drinking the Acheron river at its source\".<\/em> which has been published by Cronica this month.<\/span><br \/><span style=\"color: #808080;\">A prequel to <em>\"My Divine Comedy\"<\/em> his most ambitious work, which will appear in 2024 on the Portuguese label...<\/span><\/p><p><span style=\"color: #808080;\"><em>\"A Reassuring Elsewhere\"<\/em> which takes us through a mirror in the hope of reaching a wonderland where we feel reassured because nothing is what it seems... A sort of gesture towards vertigo, but also sometimes a hand stretched out towards a reassuring other side... Chapter 2 will appear on the British label Oscillations in September.<\/span><\/p><p><span style=\"color: #808080;\">2 works published in <strong>Modulisme<\/strong>the first platform that supports left-wing electronic music and defends the use of analog instruments that Petit created 4 years ago, and some unpublished works...<\/span><\/p><p><span style=\"color: #808080;\">You can read more about their activities by visiting their website:<\/span><\/p><p><a href=\"http:\/\/philippepetit.info\" target=\"_blank\" rel=\"noopener\">www.philippepetit.info<\/a><\/p>\t\t\t\t\t\t\t\t<\/div>\n\t\t\t\t<\/div>\n\t\t\t\t\t<\/div>\n\t\t<\/div>\n\t\t\t\t\t<\/div>\n\t\t<\/section>\n\t\t\t\t<\/div>","protected":false},"excerpt":{"rendered":"<p>Modulisme #12 Transmisi\u00f3n especial dedicada a la m\u00fasica de Philippe Petit Bienvenidx a nuestra transmisi\u00f3n especial dedicada a la m\u00fasica de Philippe Petit.Celebrando 40 a\u00f1os de activismo musical en 2023, empez\u00f3 a pinchar, animar programas de radio y editar fanzines en 1983. Entrevist\u00f3 a grupos como Nirvana, Fugazi, Mudhoney, Pixies, Fleshtones, Buzzcocks, Nick Cave, Jon [&hellip;]<\/p>\n","protected":false},"author":19,"featured_media":0,"parent":0,"menu_order":0,"comment_status":"closed","ping_status":"closed","template":"","meta":{"footnotes":""},"class_list":["post-63588","page","type-page","status-publish","hentry"],"yoast_head":"<!-- This site is optimized with the Yoast SEO plugin v27.4 - https:\/\/yoast.com\/product\/yoast-seo-wordpress\/ -->\n<title>Modulisme #12 -<\/title>\n<meta name=\"robots\" content=\"index, follow, max-snippet:-1, max-image-preview:large, max-video-preview:-1\" \/>\n<link rel=\"canonical\" href=\"https:\/\/teslafm.net\/en\/modulisme-12\/\" \/>\n<meta property=\"og:locale\" content=\"en_US\" \/>\n<meta property=\"og:type\" content=\"article\" \/>\n<meta property=\"og:title\" content=\"Modulisme #12 -\" \/>\n<meta property=\"og:description\" content=\"Modulisme #12 Transmisi\u00f3n especial dedicada a la m\u00fasica de Philippe Petit Bienvenidx a nuestra transmisi\u00f3n especial dedicada a la m\u00fasica de Philippe Petit.Celebrando 40 a\u00f1os de activismo musical en 2023, empez\u00f3 a pinchar, animar programas de radio y editar fanzines en 1983. Entrevist\u00f3 a grupos como Nirvana, Fugazi, Mudhoney, Pixies, Fleshtones, Buzzcocks, Nick Cave, Jon [&hellip;]\" \/>\n<meta property=\"og:url\" content=\"https:\/\/teslafm.net\/en\/modulisme-12\/\" \/>\n<meta property=\"article:publisher\" content=\"https:\/\/www.facebook.com\/teslafm.net\" \/>\n<meta property=\"article:modified_time\" content=\"2023-09-25T19:29:24+00:00\" \/>\n<meta property=\"og:image\" content=\"http:\/\/teslafm.net\/wp-content\/uploads\/2023\/09\/drinking.png\" \/>\n<meta name=\"twitter:card\" content=\"summary_large_image\" \/>\n<meta name=\"twitter:site\" content=\"@teslafm\" \/>\n<meta name=\"twitter:label1\" content=\"Est. reading time\" \/>\n\t<meta name=\"twitter:data1\" content=\"2 minutes\" \/>\n<script type=\"application\/ld+json\" class=\"yoast-schema-graph\">{\"@context\":\"https:\\\/\\\/schema.org\",\"@graph\":[{\"@type\":\"WebPage\",\"@id\":\"https:\\\/\\\/teslafm.net\\\/modulisme-12\\\/\",\"url\":\"https:\\\/\\\/teslafm.net\\\/modulisme-12\\\/\",\"name\":\"Modulisme #12 -\",\"isPartOf\":{\"@id\":\"https:\\\/\\\/teslafm.net\\\/#website\"},\"primaryImageOfPage\":{\"@id\":\"https:\\\/\\\/teslafm.net\\\/modulisme-12\\\/#primaryimage\"},\"image\":{\"@id\":\"https:\\\/\\\/teslafm.net\\\/modulisme-12\\\/#primaryimage\"},\"thumbnailUrl\":\"http:\\\/\\\/teslafm.net\\\/wp-content\\\/uploads\\\/2023\\\/09\\\/drinking.png\",\"datePublished\":\"2023-09-25T19:13:40+00:00\",\"dateModified\":\"2023-09-25T19:29:24+00:00\",\"breadcrumb\":{\"@id\":\"https:\\\/\\\/teslafm.net\\\/modulisme-12\\\/#breadcrumb\"},\"inLanguage\":\"en-US\",\"potentialAction\":[{\"@type\":\"ReadAction\",\"target\":[\"https:\\\/\\\/teslafm.net\\\/modulisme-12\\\/\"]}]},{\"@type\":\"ImageObject\",\"inLanguage\":\"en-US\",\"@id\":\"https:\\\/\\\/teslafm.net\\\/modulisme-12\\\/#primaryimage\",\"url\":\"http:\\\/\\\/teslafm.net\\\/wp-content\\\/uploads\\\/2023\\\/09\\\/drinking.png\",\"contentUrl\":\"http:\\\/\\\/teslafm.net\\\/wp-content\\\/uploads\\\/2023\\\/09\\\/drinking.png\"},{\"@type\":\"BreadcrumbList\",\"@id\":\"https:\\\/\\\/teslafm.net\\\/modulisme-12\\\/#breadcrumb\",\"itemListElement\":[{\"@type\":\"ListItem\",\"position\":1,\"name\":\"Portada\",\"item\":\"https:\\\/\\\/teslafm.net\\\/\"},{\"@type\":\"ListItem\",\"position\":2,\"name\":\"Modulisme #12\"}]},{\"@type\":\"WebSite\",\"@id\":\"https:\\\/\\\/teslafm.net\\\/#website\",\"url\":\"https:\\\/\\\/teslafm.net\\\/\",\"name\":\"TeslaFM\",\"description\":\"An experimental and creative radio\",\"publisher\":{\"@id\":\"https:\\\/\\\/teslafm.net\\\/#organization\"},\"potentialAction\":[{\"@type\":\"SearchAction\",\"target\":{\"@type\":\"EntryPoint\",\"urlTemplate\":\"https:\\\/\\\/teslafm.net\\\/?s={search_term_string}\"},\"query-input\":{\"@type\":\"PropertyValueSpecification\",\"valueRequired\":true,\"valueName\":\"search_term_string\"}}],\"inLanguage\":\"en-US\"},{\"@type\":\"Organization\",\"@id\":\"https:\\\/\\\/teslafm.net\\\/#organization\",\"name\":\"TeslaFM\",\"url\":\"https:\\\/\\\/teslafm.net\\\/\",\"logo\":{\"@type\":\"ImageObject\",\"inLanguage\":\"en-US\",\"@id\":\"https:\\\/\\\/teslafm.net\\\/#\\\/schema\\\/logo\\\/image\\\/\",\"url\":\"https:\\\/\\\/teslafm.net\\\/wp-content\\\/uploads\\\/2020\\\/06\\\/logo-tesla.png\",\"contentUrl\":\"https:\\\/\\\/teslafm.net\\\/wp-content\\\/uploads\\\/2020\\\/06\\\/logo-tesla.png\",\"width\":512,\"height\":512,\"caption\":\"TeslaFM\"},\"image\":{\"@id\":\"https:\\\/\\\/teslafm.net\\\/#\\\/schema\\\/logo\\\/image\\\/\"},\"sameAs\":[\"https:\\\/\\\/www.facebook.com\\\/teslafm.net\",\"https:\\\/\\\/x.com\\\/teslafm\"]}]}<\/script>\n<!-- \/ Yoast SEO plugin. -->","yoast_head_json":{"title":"Modulisme #12 -","robots":{"index":"index","follow":"follow","max-snippet":"max-snippet:-1","max-image-preview":"max-image-preview:large","max-video-preview":"max-video-preview:-1"},"canonical":"https:\/\/teslafm.net\/en\/modulisme-12\/","og_locale":"en_US","og_type":"article","og_title":"Modulisme #12 -","og_description":"Modulisme #12 Transmisi\u00f3n especial dedicada a la m\u00fasica de Philippe Petit Bienvenidx a nuestra transmisi\u00f3n especial dedicada a la m\u00fasica de Philippe Petit.Celebrando 40 a\u00f1os de activismo musical en 2023, empez\u00f3 a pinchar, animar programas de radio y editar fanzines en 1983. Entrevist\u00f3 a grupos como Nirvana, Fugazi, Mudhoney, Pixies, Fleshtones, Buzzcocks, Nick Cave, Jon [&hellip;]","og_url":"https:\/\/teslafm.net\/en\/modulisme-12\/","article_publisher":"https:\/\/www.facebook.com\/teslafm.net","article_modified_time":"2023-09-25T19:29:24+00:00","og_image":[{"url":"http:\/\/teslafm.net\/wp-content\/uploads\/2023\/09\/drinking.png","type":"","width":"","height":""}],"twitter_card":"summary_large_image","twitter_site":"@teslafm","twitter_misc":{"Est. reading time":"2 minutes"},"schema":{"@context":"https:\/\/schema.org","@graph":[{"@type":"WebPage","@id":"https:\/\/teslafm.net\/modulisme-12\/","url":"https:\/\/teslafm.net\/modulisme-12\/","name":"Modulisme #12 -","isPartOf":{"@id":"https:\/\/teslafm.net\/#website"},"primaryImageOfPage":{"@id":"https:\/\/teslafm.net\/modulisme-12\/#primaryimage"},"image":{"@id":"https:\/\/teslafm.net\/modulisme-12\/#primaryimage"},"thumbnailUrl":"http:\/\/teslafm.net\/wp-content\/uploads\/2023\/09\/drinking.png","datePublished":"2023-09-25T19:13:40+00:00","dateModified":"2023-09-25T19:29:24+00:00","breadcrumb":{"@id":"https:\/\/teslafm.net\/modulisme-12\/#breadcrumb"},"inLanguage":"en-US","potentialAction":[{"@type":"ReadAction","target":["https:\/\/teslafm.net\/modulisme-12\/"]}]},{"@type":"ImageObject","inLanguage":"en-US","@id":"https:\/\/teslafm.net\/modulisme-12\/#primaryimage","url":"http:\/\/teslafm.net\/wp-content\/uploads\/2023\/09\/drinking.png","contentUrl":"http:\/\/teslafm.net\/wp-content\/uploads\/2023\/09\/drinking.png"},{"@type":"BreadcrumbList","@id":"https:\/\/teslafm.net\/modulisme-12\/#breadcrumb","itemListElement":[{"@type":"ListItem","position":1,"name":"Portada","item":"https:\/\/teslafm.net\/"},{"@type":"ListItem","position":2,"name":"Modulisme #12"}]},{"@type":"WebSite","@id":"https:\/\/teslafm.net\/#website","url":"https:\/\/teslafm.net\/","name":"TeslaFM","description":"An experimental and creative radio","publisher":{"@id":"https:\/\/teslafm.net\/#organization"},"potentialAction":[{"@type":"SearchAction","target":{"@type":"EntryPoint","urlTemplate":"https:\/\/teslafm.net\/?s={search_term_string}"},"query-input":{"@type":"PropertyValueSpecification","valueRequired":true,"valueName":"search_term_string"}}],"inLanguage":"en-US"},{"@type":"Organization","@id":"https:\/\/teslafm.net\/#organization","name":"TeslaFM","url":"https:\/\/teslafm.net\/","logo":{"@type":"ImageObject","inLanguage":"en-US","@id":"https:\/\/teslafm.net\/#\/schema\/logo\/image\/","url":"https:\/\/teslafm.net\/wp-content\/uploads\/2020\/06\/logo-tesla.png","contentUrl":"https:\/\/teslafm.net\/wp-content\/uploads\/2020\/06\/logo-tesla.png","width":512,"height":512,"caption":"TeslaFM"},"image":{"@id":"https:\/\/teslafm.net\/#\/schema\/logo\/image\/"},"sameAs":["https:\/\/www.facebook.com\/teslafm.net","https:\/\/x.com\/teslafm"]}]}},"rttpg_featured_image_url":null,"rttpg_author":{"display_name":"Ishak","author_link":"https:\/\/teslafm.net\/en\/author\/cravan\/"},"rttpg_comment":0,"rttpg_category":null,"rttpg_excerpt":"Modulisme #12 Transmisi\u00f3n especial dedicada a la m\u00fasica de Philippe Petit Bienvenidx a nuestra transmisi\u00f3n especial dedicada a la m\u00fasica de Philippe Petit.Celebrando 40 a\u00f1os de activismo musical en 2023, empez\u00f3 a pinchar, animar programas de radio y editar fanzines en 1983. Entrevist\u00f3 a grupos como Nirvana, Fugazi, Mudhoney, Pixies, Fleshtones, Buzzcocks, Nick Cave, Jon&hellip;","_links":{"self":[{"href":"https:\/\/teslafm.net\/en\/wp-json\/wp\/v2\/pages\/63588","targetHints":{"allow":["GET"]}}],"collection":[{"href":"https:\/\/teslafm.net\/en\/wp-json\/wp\/v2\/pages"}],"about":[{"href":"https:\/\/teslafm.net\/en\/wp-json\/wp\/v2\/types\/page"}],"author":[{"embeddable":true,"href":"https:\/\/teslafm.net\/en\/wp-json\/wp\/v2\/users\/19"}],"replies":[{"embeddable":true,"href":"https:\/\/teslafm.net\/en\/wp-json\/wp\/v2\/comments?post=63588"}],"version-history":[{"count":4,"href":"https:\/\/teslafm.net\/en\/wp-json\/wp\/v2\/pages\/63588\/revisions"}],"predecessor-version":[{"id":63605,"href":"https:\/\/teslafm.net\/en\/wp-json\/wp\/v2\/pages\/63588\/revisions\/63605"}],"wp:attachment":[{"href":"https:\/\/teslafm.net\/en\/wp-json\/wp\/v2\/media?parent=63588"}],"curies":[{"name":"wp","href":"https:\/\/api.w.org\/{rel}","templated":true}]}}