

{"id":63685,"date":"2023-10-10T20:24:28","date_gmt":"2023-10-10T18:24:28","guid":{"rendered":"https:\/\/teslafm.net\/?page_id=63685"},"modified":"2023-10-11T10:00:42","modified_gmt":"2023-10-11T08:00:42","slug":"ananke-50","status":"publish","type":"page","link":"https:\/\/teslafm.net\/en\/ananke-50\/","title":{"rendered":"Anank\u00e9 #50"},"content":{"rendered":"<h2><span style=\"color: #ffffff;\"><strong>Anank\u00e9 Chapter L<\/strong><\/span><\/h2>\n<p><span style=\"color: #808080;\"><em>October 2023<\/em><\/span><\/p>\n<p><iframe src=\"https:\/\/player-widget.mixcloud.com\/widget\/iframe\/?hide_cover=1&amp;feed=%2FTeslafm_net%2Fanank%C3%A9-50-jaco%2F\" width=\"100%\" height=\"120\" frameborder=\"0\"><\/iframe><\/p>\n<p><span style=\"color: #808080;\"><em>50 Chapters 50 Songs<\/em><\/span><\/p>\n<p><span class=\"x193iq5w xeuugli x13faqbe x1vvkbs x10flsy6 x1lliihq x1s928wv xhkezso x1gmr53x x1cpjm7i x1fgarty x1943h6x x4zkp8e x41vudc x6prxxf xvq8zen xo1l8bm xzsf02u x1yc453h\" dir=\"auto\"><span style=\"color: #808080;\">A special where sound the 49 + 1 songs that closed all the programs since October 2018. In the endings of the Anank\u00e9 I always proposed a trip in time or a tribute, some surprise, rescue favorites close to oblivion or invoke ghosts that we love. The final song is always important. The closing of an LP, the last melody that sounds in the club when the lights go on, the one that you put on to finish a compilation tape with all the intention, when you know that that concert is going to end and that song will accompany you to bed. So this program wants to be a climax of 60 minutes where all the closings, all the endings, all the farewells sound. From the epic to the intimate and from euphoria to catharsis with the lights already blinding the eyes because everything has its end.<\/span> <\/span><\/p>","protected":false},"excerpt":{"rendered":"<p>Anank\u00e9 Cap\u00edtulo L Octubre 2023 50 Cap\u00edtulos 50 Canciones Un especial donde suenan las 49 + 1 canciones que cerraron todos los programas desde octubre de 2018. En los finales de los Anank\u00e9 siempre me propuse un viaje en el tiempo o un homenaje, alguna sorpresa, rescatar favoritas cercanas al olvido o invocar fantasmas a [&hellip;]<\/p>\n","protected":false},"author":19,"featured_media":0,"parent":0,"menu_order":0,"comment_status":"closed","ping_status":"closed","template":"","meta":{"footnotes":""},"class_list":["post-63685","page","type-page","status-publish","hentry"],"yoast_head":"<!-- This site is optimized with the Yoast SEO plugin v27.2 - https:\/\/yoast.com\/product\/yoast-seo-wordpress\/ -->\n<title>Anank\u00e9 #50 -<\/title>\n<meta name=\"robots\" content=\"index, follow, max-snippet:-1, max-image-preview:large, max-video-preview:-1\" \/>\n<link rel=\"canonical\" href=\"https:\/\/teslafm.net\/en\/ananke-50\/\" \/>\n<meta property=\"og:locale\" content=\"en_US\" \/>\n<meta property=\"og:type\" content=\"article\" \/>\n<meta property=\"og:title\" content=\"Anank\u00e9 #50 -\" \/>\n<meta property=\"og:description\" content=\"Anank\u00e9 Cap\u00edtulo L Octubre 2023 50 Cap\u00edtulos 50 Canciones Un especial donde suenan las 49 + 1 canciones que cerraron todos los programas desde octubre de 2018. En los finales de los Anank\u00e9 siempre me propuse un viaje en el tiempo o un homenaje, alguna sorpresa, rescatar favoritas cercanas al olvido o invocar fantasmas a [&hellip;]\" \/>\n<meta property=\"og:url\" content=\"https:\/\/teslafm.net\/en\/ananke-50\/\" \/>\n<meta property=\"article:publisher\" content=\"https:\/\/www.facebook.com\/teslafm.net\" \/>\n<meta property=\"article:modified_time\" content=\"2023-10-11T08:00:42+00:00\" \/>\n<meta property=\"og:image\" content=\"https:\/\/teslafm.net\/wp-content\/uploads\/2022\/09\/header-image-4-temp.png\" \/>\n\t<meta property=\"og:image:width\" content=\"1274\" \/>\n\t<meta property=\"og:image:height\" content=\"818\" \/>\n\t<meta property=\"og:image:type\" content=\"image\/png\" \/>\n<meta name=\"twitter:card\" content=\"summary_large_image\" \/>\n<meta name=\"twitter:site\" content=\"@teslafm\" \/>\n<meta name=\"twitter:label1\" content=\"Est. reading time\" \/>\n\t<meta name=\"twitter:data1\" content=\"1 minute\" \/>\n<script type=\"application\/ld+json\" class=\"yoast-schema-graph\">{\"@context\":\"https:\/\/schema.org\",\"@graph\":[{\"@type\":\"WebPage\",\"@id\":\"https:\/\/teslafm.net\/ananke-50\/\",\"url\":\"https:\/\/teslafm.net\/ananke-50\/\",\"name\":\"Anank\u00e9 #50 -\",\"isPartOf\":{\"@id\":\"https:\/\/teslafm.net\/#website\"},\"datePublished\":\"2023-10-10T18:24:28+00:00\",\"dateModified\":\"2023-10-11T08:00:42+00:00\",\"breadcrumb\":{\"@id\":\"https:\/\/teslafm.net\/ananke-50\/#breadcrumb\"},\"inLanguage\":\"en-US\",\"potentialAction\":[{\"@type\":\"ReadAction\",\"target\":[\"https:\/\/teslafm.net\/ananke-50\/\"]}]},{\"@type\":\"BreadcrumbList\",\"@id\":\"https:\/\/teslafm.net\/ananke-50\/#breadcrumb\",\"itemListElement\":[{\"@type\":\"ListItem\",\"position\":1,\"name\":\"Portada\",\"item\":\"https:\/\/teslafm.net\/\"},{\"@type\":\"ListItem\",\"position\":2,\"name\":\"Anank\u00e9 #50\"}]},{\"@type\":\"WebSite\",\"@id\":\"https:\/\/teslafm.net\/#website\",\"url\":\"https:\/\/teslafm.net\/\",\"name\":\"TeslaFM\",\"description\":\"An experimental and creative radio\",\"publisher\":{\"@id\":\"https:\/\/teslafm.net\/#organization\"},\"potentialAction\":[{\"@type\":\"SearchAction\",\"target\":{\"@type\":\"EntryPoint\",\"urlTemplate\":\"https:\/\/teslafm.net\/?s={search_term_string}\"},\"query-input\":{\"@type\":\"PropertyValueSpecification\",\"valueRequired\":true,\"valueName\":\"search_term_string\"}}],\"inLanguage\":\"en-US\"},{\"@type\":\"Organization\",\"@id\":\"https:\/\/teslafm.net\/#organization\",\"name\":\"TeslaFM\",\"url\":\"https:\/\/teslafm.net\/\",\"logo\":{\"@type\":\"ImageObject\",\"inLanguage\":\"en-US\",\"@id\":\"https:\/\/teslafm.net\/#\/schema\/logo\/image\/\",\"url\":\"https:\/\/teslafm.net\/wp-content\/uploads\/2020\/06\/logo-tesla.png\",\"contentUrl\":\"https:\/\/teslafm.net\/wp-content\/uploads\/2020\/06\/logo-tesla.png\",\"width\":512,\"height\":512,\"caption\":\"TeslaFM\"},\"image\":{\"@id\":\"https:\/\/teslafm.net\/#\/schema\/logo\/image\/\"},\"sameAs\":[\"https:\/\/www.facebook.com\/teslafm.net\",\"https:\/\/x.com\/teslafm\"]}]}<\/script>\n<!-- \/ Yoast SEO plugin. -->","yoast_head_json":{"title":"Anank\u00e9 #50 -","robots":{"index":"index","follow":"follow","max-snippet":"max-snippet:-1","max-image-preview":"max-image-preview:large","max-video-preview":"max-video-preview:-1"},"canonical":"https:\/\/teslafm.net\/en\/ananke-50\/","og_locale":"en_US","og_type":"article","og_title":"Anank\u00e9 #50 -","og_description":"Anank\u00e9 Cap\u00edtulo L Octubre 2023 50 Cap\u00edtulos 50 Canciones Un especial donde suenan las 49 + 1 canciones que cerraron todos los programas desde octubre de 2018. En los finales de los Anank\u00e9 siempre me propuse un viaje en el tiempo o un homenaje, alguna sorpresa, rescatar favoritas cercanas al olvido o invocar fantasmas a [&hellip;]","og_url":"https:\/\/teslafm.net\/en\/ananke-50\/","article_publisher":"https:\/\/www.facebook.com\/teslafm.net","article_modified_time":"2023-10-11T08:00:42+00:00","og_image":[{"width":1274,"height":818,"url":"https:\/\/teslafm.net\/wp-content\/uploads\/2022\/09\/header-image-4-temp.png","type":"image\/png"}],"twitter_card":"summary_large_image","twitter_site":"@teslafm","twitter_misc":{"Est. reading time":"1 minute"},"schema":{"@context":"https:\/\/schema.org","@graph":[{"@type":"WebPage","@id":"https:\/\/teslafm.net\/ananke-50\/","url":"https:\/\/teslafm.net\/ananke-50\/","name":"Anank\u00e9 #50 -","isPartOf":{"@id":"https:\/\/teslafm.net\/#website"},"datePublished":"2023-10-10T18:24:28+00:00","dateModified":"2023-10-11T08:00:42+00:00","breadcrumb":{"@id":"https:\/\/teslafm.net\/ananke-50\/#breadcrumb"},"inLanguage":"en-US","potentialAction":[{"@type":"ReadAction","target":["https:\/\/teslafm.net\/ananke-50\/"]}]},{"@type":"BreadcrumbList","@id":"https:\/\/teslafm.net\/ananke-50\/#breadcrumb","itemListElement":[{"@type":"ListItem","position":1,"name":"Portada","item":"https:\/\/teslafm.net\/"},{"@type":"ListItem","position":2,"name":"Anank\u00e9 #50"}]},{"@type":"WebSite","@id":"https:\/\/teslafm.net\/#website","url":"https:\/\/teslafm.net\/","name":"TeslaFM","description":"An experimental and creative radio","publisher":{"@id":"https:\/\/teslafm.net\/#organization"},"potentialAction":[{"@type":"SearchAction","target":{"@type":"EntryPoint","urlTemplate":"https:\/\/teslafm.net\/?s={search_term_string}"},"query-input":{"@type":"PropertyValueSpecification","valueRequired":true,"valueName":"search_term_string"}}],"inLanguage":"en-US"},{"@type":"Organization","@id":"https:\/\/teslafm.net\/#organization","name":"TeslaFM","url":"https:\/\/teslafm.net\/","logo":{"@type":"ImageObject","inLanguage":"en-US","@id":"https:\/\/teslafm.net\/#\/schema\/logo\/image\/","url":"https:\/\/teslafm.net\/wp-content\/uploads\/2020\/06\/logo-tesla.png","contentUrl":"https:\/\/teslafm.net\/wp-content\/uploads\/2020\/06\/logo-tesla.png","width":512,"height":512,"caption":"TeslaFM"},"image":{"@id":"https:\/\/teslafm.net\/#\/schema\/logo\/image\/"},"sameAs":["https:\/\/www.facebook.com\/teslafm.net","https:\/\/x.com\/teslafm"]}]}},"rttpg_featured_image_url":null,"rttpg_author":{"display_name":"Ishak","author_link":"https:\/\/teslafm.net\/en\/author\/cravan\/"},"rttpg_comment":0,"rttpg_category":null,"rttpg_excerpt":"Anank\u00e9 Cap\u00edtulo L Octubre 2023 50 Cap\u00edtulos 50 Canciones Un especial donde suenan las 49 + 1 canciones que cerraron todos los programas desde octubre de 2018. En los finales de los Anank\u00e9 siempre me propuse un viaje en el tiempo o un homenaje, alguna sorpresa, rescatar favoritas cercanas al olvido o invocar fantasmas a&hellip;","_links":{"self":[{"href":"https:\/\/teslafm.net\/en\/wp-json\/wp\/v2\/pages\/63685","targetHints":{"allow":["GET"]}}],"collection":[{"href":"https:\/\/teslafm.net\/en\/wp-json\/wp\/v2\/pages"}],"about":[{"href":"https:\/\/teslafm.net\/en\/wp-json\/wp\/v2\/types\/page"}],"author":[{"embeddable":true,"href":"https:\/\/teslafm.net\/en\/wp-json\/wp\/v2\/users\/19"}],"replies":[{"embeddable":true,"href":"https:\/\/teslafm.net\/en\/wp-json\/wp\/v2\/comments?post=63685"}],"version-history":[{"count":4,"href":"https:\/\/teslafm.net\/en\/wp-json\/wp\/v2\/pages\/63685\/revisions"}],"predecessor-version":[{"id":63696,"href":"https:\/\/teslafm.net\/en\/wp-json\/wp\/v2\/pages\/63685\/revisions\/63696"}],"wp:attachment":[{"href":"https:\/\/teslafm.net\/en\/wp-json\/wp\/v2\/media?parent=63685"}],"curies":[{"name":"wp","href":"https:\/\/api.w.org\/{rel}","templated":true}]}}