

{"id":63720,"date":"2023-10-17T15:56:39","date_gmt":"2023-10-17T13:56:39","guid":{"rendered":"https:\/\/teslafm.net\/?page_id=63720"},"modified":"2023-10-17T16:00:42","modified_gmt":"2023-10-17T14:00:42","slug":"ones-de-crom-24","status":"publish","type":"page","link":"https:\/\/teslafm.net\/en\/ones-de-crom-24\/","title":{"rendered":"Ones de Crom #24"},"content":{"rendered":"<div data-elementor-type=\"wp-page\" data-elementor-id=\"63720\" class=\"elementor elementor-63720\">\n\t\t\t\t\t\t<section class=\"elementor-section elementor-top-section elementor-element elementor-element-348fe515 elementor-section-boxed elementor-section-height-default elementor-section-height-default\" data-id=\"348fe515\" data-element_type=\"section\" data-e-type=\"section\">\n\t\t\t\t\t\t<div class=\"elementor-container elementor-column-gap-default\">\n\t\t\t\t\t<div class=\"elementor-column elementor-col-100 elementor-top-column elementor-element elementor-element-2af82440\" data-id=\"2af82440\" data-element_type=\"column\" data-e-type=\"column\">\n\t\t\t<div class=\"elementor-widget-wrap elementor-element-populated\">\n\t\t\t\t\t\t<div class=\"elementor-element elementor-element-7d841789 elementor-widget elementor-widget-text-editor\" data-id=\"7d841789\" data-element_type=\"widget\" data-e-type=\"widget\" data-widget_type=\"text-editor.default\">\n\t\t\t\t<div class=\"elementor-widget-container\">\n\t\t\t\t\t\t\t\t\t<h2><span style=\"color: #ffffff;\"><strong>Ones de Crom #24<\/strong><\/span><\/h2><p><span style=\"color: #808080;\"><em>Glenn Kotche<\/em><\/span><\/p><p><iframe src=\"https:\/\/player-widget.mixcloud.com\/widget\/iframe\/?hide_cover=1&amp;feed=%2FTeslafm_net%2Fones-de-crom-24-emili-mir%C3%B3%2F\" width=\"100%\" height=\"120\" frameborder=\"0\"><\/iframe><\/p>\t\t\t\t\t\t\t\t<\/div>\n\t\t\t\t<\/div>\n\t\t\t\t\t<\/div>\n\t\t<\/div>\n\t\t\t\t\t<\/div>\n\t\t<\/section>\n\t\t\t\t<section class=\"elementor-section elementor-top-section elementor-element elementor-element-64bc284 elementor-section-boxed elementor-section-height-default elementor-section-height-default\" data-id=\"64bc284\" data-element_type=\"section\" data-e-type=\"section\">\n\t\t\t\t\t\t<div class=\"elementor-container elementor-column-gap-default\">\n\t\t\t\t\t<div class=\"elementor-column elementor-col-50 elementor-top-column elementor-element elementor-element-0c95bcc\" data-id=\"0c95bcc\" data-element_type=\"column\" data-e-type=\"column\">\n\t\t\t<div class=\"elementor-widget-wrap elementor-element-populated\">\n\t\t\t\t\t\t<div class=\"elementor-element elementor-element-c8da876 elementor-widget elementor-widget-image\" data-id=\"c8da876\" data-element_type=\"widget\" data-e-type=\"widget\" data-widget_type=\"image.default\">\n\t\t\t\t<div class=\"elementor-widget-container\">\n\t\t\t\t\t\t\t\t\t\t\t\t\t\t\t<img fetchpriority=\"high\" decoding=\"async\" width=\"320\" height=\"272\" src=\"https:\/\/teslafm.net\/wp-content\/uploads\/2023\/10\/GLENN-KOTCHE.jpg\" class=\"attachment-large size-large wp-image-63722\" alt=\"\" srcset=\"https:\/\/teslafm.net\/wp-content\/uploads\/2023\/10\/GLENN-KOTCHE.jpg 320w, https:\/\/teslafm.net\/wp-content\/uploads\/2023\/10\/GLENN-KOTCHE-300x255.jpg 300w, https:\/\/teslafm.net\/wp-content\/uploads\/2023\/10\/GLENN-KOTCHE-14x12.jpg 14w\" sizes=\"(max-width: 320px) 100vw, 320px\" \/>\t\t\t\t\t\t\t\t\t\t\t\t\t\t\t<\/div>\n\t\t\t\t<\/div>\n\t\t\t\t\t<\/div>\n\t\t<\/div>\n\t\t\t\t<div class=\"elementor-column elementor-col-50 elementor-top-column elementor-element elementor-element-25ac6e1\" data-id=\"25ac6e1\" data-element_type=\"column\" data-e-type=\"column\">\n\t\t\t<div class=\"elementor-widget-wrap elementor-element-populated\">\n\t\t\t\t\t\t<div class=\"elementor-element elementor-element-f6877c6 elementor-widget elementor-widget-text-editor\" data-id=\"f6877c6\" data-element_type=\"widget\" data-e-type=\"widget\" data-widget_type=\"text-editor.default\">\n\t\t\t\t<div class=\"elementor-widget-container\">\n\t\t\t\t\t\t\t\t\t<p><span style=\"color: #808080;\">May 10th 2017<\/span><\/p><p><span style=\"color: #808080;\">Who has been the battery of the <strong>Wilco<\/strong> and <strong>Loose Fur<\/strong> He also maintains a trajectory with some solo and collaborative works where he has taken percussions to minimalist, contemporary, improvisation or gamelan and african music fields. Let's listen to his first works \"Next\" (2002) and \"Introducing\" (2002) where he used his percussion equipment to extreme themes between minimalism and improvisation. With the <strong>Fred Londberg-Holt Trio<\/strong> will contribute drums, cello and double bass to \"A Valentine For Fred Katz\" (2002). It will be with \"Mobile\" (2006) where he will sign his magnificent work as the author of the minimalism of <strong>Steve Reich<\/strong> together with the influence of African and Indonesian native music of the Nonesuch Explorer Series. We add a review of the theme of <strong>Terry Riley<\/strong> since \"In C Remixed\" (2010) and with \"Adventureland\" (2014) we find a new complete work where he wraps himself with percussion, cello, violin and piano. From \"Ilimaq\" (2015) he performs on percussion compositions of <strong>John Luther Adams<\/strong> and in \"Vespers For A New Dark Age\" (2015) he joins pianos and keyboards by <strong>Missy Mazzoli<\/strong>, <strong>Victoire<\/strong> and <strong>Lorna Dune<\/strong>. We finish with \"Drumkit Quartets\" (2016) together with the formation. <strong>So Persussion<\/strong> experimenting with percussive sounds and rhythms.<\/span><\/p>\t\t\t\t\t\t\t\t<\/div>\n\t\t\t\t<\/div>\n\t\t\t\t\t<\/div>\n\t\t<\/div>\n\t\t\t\t\t<\/div>\n\t\t<\/section>\n\t\t\t\t<\/div>","protected":false},"excerpt":{"rendered":"<p>Ones de Crom #24 Glenn Kotche 10 de maig de 2017 El qui ha estat bateria dels Wilco i Loose Fur mant\u00e9 tamb\u00e9 una traject\u00f2ria amb alguns treballs en solitari o en col\u00b7laboraci\u00f3 on ha portat les percussions a camps de composici\u00f3 minimalista, contempor\u00e0nea, improvisaci\u00f3 o m\u00fasica gamelan i africana. Escoltem els seus treballs inicials [&hellip;]<\/p>\n","protected":false},"author":19,"featured_media":0,"parent":0,"menu_order":0,"comment_status":"closed","ping_status":"closed","template":"","meta":{"footnotes":""},"class_list":["post-63720","page","type-page","status-publish","hentry"],"yoast_head":"<!-- This site is optimized with the Yoast SEO plugin v27.2 - https:\/\/yoast.com\/product\/yoast-seo-wordpress\/ -->\n<title>Ones de Crom #24 -<\/title>\n<meta name=\"robots\" content=\"index, follow, max-snippet:-1, max-image-preview:large, max-video-preview:-1\" \/>\n<link rel=\"canonical\" href=\"https:\/\/teslafm.net\/en\/ones-de-crom-24\/\" \/>\n<meta property=\"og:locale\" content=\"en_US\" \/>\n<meta property=\"og:type\" content=\"article\" \/>\n<meta property=\"og:title\" content=\"Ones de Crom #24 -\" \/>\n<meta property=\"og:description\" content=\"Ones de Crom #24 Glenn Kotche 10 de maig de 2017 El qui ha estat bateria dels Wilco i Loose Fur mant\u00e9 tamb\u00e9 una traject\u00f2ria amb alguns treballs en solitari o en col\u00b7laboraci\u00f3 on ha portat les percussions a camps de composici\u00f3 minimalista, contempor\u00e0nea, improvisaci\u00f3 o m\u00fasica gamelan i africana. Escoltem els seus treballs inicials [&hellip;]\" \/>\n<meta property=\"og:url\" content=\"https:\/\/teslafm.net\/en\/ones-de-crom-24\/\" \/>\n<meta property=\"article:publisher\" content=\"https:\/\/www.facebook.com\/teslafm.net\" \/>\n<meta property=\"article:modified_time\" content=\"2023-10-17T14:00:42+00:00\" \/>\n<meta property=\"og:image\" content=\"http:\/\/teslafm.net\/wp-content\/uploads\/2023\/10\/GLENN-KOTCHE.jpg\" \/>\n<meta name=\"twitter:card\" content=\"summary_large_image\" \/>\n<meta name=\"twitter:site\" content=\"@teslafm\" \/>\n<meta name=\"twitter:label1\" content=\"Est. reading time\" \/>\n\t<meta name=\"twitter:data1\" content=\"2 minutes\" \/>\n<script type=\"application\/ld+json\" class=\"yoast-schema-graph\">{\"@context\":\"https:\/\/schema.org\",\"@graph\":[{\"@type\":\"WebPage\",\"@id\":\"https:\/\/teslafm.net\/ones-de-crom-24\/\",\"url\":\"https:\/\/teslafm.net\/ones-de-crom-24\/\",\"name\":\"Ones de Crom #24 -\",\"isPartOf\":{\"@id\":\"https:\/\/teslafm.net\/#website\"},\"primaryImageOfPage\":{\"@id\":\"https:\/\/teslafm.net\/ones-de-crom-24\/#primaryimage\"},\"image\":{\"@id\":\"https:\/\/teslafm.net\/ones-de-crom-24\/#primaryimage\"},\"thumbnailUrl\":\"http:\/\/teslafm.net\/wp-content\/uploads\/2023\/10\/GLENN-KOTCHE.jpg\",\"datePublished\":\"2023-10-17T13:56:39+00:00\",\"dateModified\":\"2023-10-17T14:00:42+00:00\",\"breadcrumb\":{\"@id\":\"https:\/\/teslafm.net\/ones-de-crom-24\/#breadcrumb\"},\"inLanguage\":\"en-US\",\"potentialAction\":[{\"@type\":\"ReadAction\",\"target\":[\"https:\/\/teslafm.net\/ones-de-crom-24\/\"]}]},{\"@type\":\"ImageObject\",\"inLanguage\":\"en-US\",\"@id\":\"https:\/\/teslafm.net\/ones-de-crom-24\/#primaryimage\",\"url\":\"http:\/\/teslafm.net\/wp-content\/uploads\/2023\/10\/GLENN-KOTCHE.jpg\",\"contentUrl\":\"http:\/\/teslafm.net\/wp-content\/uploads\/2023\/10\/GLENN-KOTCHE.jpg\"},{\"@type\":\"BreadcrumbList\",\"@id\":\"https:\/\/teslafm.net\/ones-de-crom-24\/#breadcrumb\",\"itemListElement\":[{\"@type\":\"ListItem\",\"position\":1,\"name\":\"Portada\",\"item\":\"https:\/\/teslafm.net\/\"},{\"@type\":\"ListItem\",\"position\":2,\"name\":\"Ones de Crom #24\"}]},{\"@type\":\"WebSite\",\"@id\":\"https:\/\/teslafm.net\/#website\",\"url\":\"https:\/\/teslafm.net\/\",\"name\":\"TeslaFM\",\"description\":\"An experimental and creative radio\",\"publisher\":{\"@id\":\"https:\/\/teslafm.net\/#organization\"},\"potentialAction\":[{\"@type\":\"SearchAction\",\"target\":{\"@type\":\"EntryPoint\",\"urlTemplate\":\"https:\/\/teslafm.net\/?s={search_term_string}\"},\"query-input\":{\"@type\":\"PropertyValueSpecification\",\"valueRequired\":true,\"valueName\":\"search_term_string\"}}],\"inLanguage\":\"en-US\"},{\"@type\":\"Organization\",\"@id\":\"https:\/\/teslafm.net\/#organization\",\"name\":\"TeslaFM\",\"url\":\"https:\/\/teslafm.net\/\",\"logo\":{\"@type\":\"ImageObject\",\"inLanguage\":\"en-US\",\"@id\":\"https:\/\/teslafm.net\/#\/schema\/logo\/image\/\",\"url\":\"https:\/\/teslafm.net\/wp-content\/uploads\/2020\/06\/logo-tesla.png\",\"contentUrl\":\"https:\/\/teslafm.net\/wp-content\/uploads\/2020\/06\/logo-tesla.png\",\"width\":512,\"height\":512,\"caption\":\"TeslaFM\"},\"image\":{\"@id\":\"https:\/\/teslafm.net\/#\/schema\/logo\/image\/\"},\"sameAs\":[\"https:\/\/www.facebook.com\/teslafm.net\",\"https:\/\/x.com\/teslafm\"]}]}<\/script>\n<!-- \/ Yoast SEO plugin. -->","yoast_head_json":{"title":"Ones de Crom #24 -","robots":{"index":"index","follow":"follow","max-snippet":"max-snippet:-1","max-image-preview":"max-image-preview:large","max-video-preview":"max-video-preview:-1"},"canonical":"https:\/\/teslafm.net\/en\/ones-de-crom-24\/","og_locale":"en_US","og_type":"article","og_title":"Ones de Crom #24 -","og_description":"Ones de Crom #24 Glenn Kotche 10 de maig de 2017 El qui ha estat bateria dels Wilco i Loose Fur mant\u00e9 tamb\u00e9 una traject\u00f2ria amb alguns treballs en solitari o en col\u00b7laboraci\u00f3 on ha portat les percussions a camps de composici\u00f3 minimalista, contempor\u00e0nea, improvisaci\u00f3 o m\u00fasica gamelan i africana. Escoltem els seus treballs inicials [&hellip;]","og_url":"https:\/\/teslafm.net\/en\/ones-de-crom-24\/","article_publisher":"https:\/\/www.facebook.com\/teslafm.net","article_modified_time":"2023-10-17T14:00:42+00:00","og_image":[{"url":"http:\/\/teslafm.net\/wp-content\/uploads\/2023\/10\/GLENN-KOTCHE.jpg","type":"","width":"","height":""}],"twitter_card":"summary_large_image","twitter_site":"@teslafm","twitter_misc":{"Est. reading time":"2 minutes"},"schema":{"@context":"https:\/\/schema.org","@graph":[{"@type":"WebPage","@id":"https:\/\/teslafm.net\/ones-de-crom-24\/","url":"https:\/\/teslafm.net\/ones-de-crom-24\/","name":"Ones de Crom #24 -","isPartOf":{"@id":"https:\/\/teslafm.net\/#website"},"primaryImageOfPage":{"@id":"https:\/\/teslafm.net\/ones-de-crom-24\/#primaryimage"},"image":{"@id":"https:\/\/teslafm.net\/ones-de-crom-24\/#primaryimage"},"thumbnailUrl":"http:\/\/teslafm.net\/wp-content\/uploads\/2023\/10\/GLENN-KOTCHE.jpg","datePublished":"2023-10-17T13:56:39+00:00","dateModified":"2023-10-17T14:00:42+00:00","breadcrumb":{"@id":"https:\/\/teslafm.net\/ones-de-crom-24\/#breadcrumb"},"inLanguage":"en-US","potentialAction":[{"@type":"ReadAction","target":["https:\/\/teslafm.net\/ones-de-crom-24\/"]}]},{"@type":"ImageObject","inLanguage":"en-US","@id":"https:\/\/teslafm.net\/ones-de-crom-24\/#primaryimage","url":"http:\/\/teslafm.net\/wp-content\/uploads\/2023\/10\/GLENN-KOTCHE.jpg","contentUrl":"http:\/\/teslafm.net\/wp-content\/uploads\/2023\/10\/GLENN-KOTCHE.jpg"},{"@type":"BreadcrumbList","@id":"https:\/\/teslafm.net\/ones-de-crom-24\/#breadcrumb","itemListElement":[{"@type":"ListItem","position":1,"name":"Portada","item":"https:\/\/teslafm.net\/"},{"@type":"ListItem","position":2,"name":"Ones de Crom #24"}]},{"@type":"WebSite","@id":"https:\/\/teslafm.net\/#website","url":"https:\/\/teslafm.net\/","name":"TeslaFM","description":"An experimental and creative radio","publisher":{"@id":"https:\/\/teslafm.net\/#organization"},"potentialAction":[{"@type":"SearchAction","target":{"@type":"EntryPoint","urlTemplate":"https:\/\/teslafm.net\/?s={search_term_string}"},"query-input":{"@type":"PropertyValueSpecification","valueRequired":true,"valueName":"search_term_string"}}],"inLanguage":"en-US"},{"@type":"Organization","@id":"https:\/\/teslafm.net\/#organization","name":"TeslaFM","url":"https:\/\/teslafm.net\/","logo":{"@type":"ImageObject","inLanguage":"en-US","@id":"https:\/\/teslafm.net\/#\/schema\/logo\/image\/","url":"https:\/\/teslafm.net\/wp-content\/uploads\/2020\/06\/logo-tesla.png","contentUrl":"https:\/\/teslafm.net\/wp-content\/uploads\/2020\/06\/logo-tesla.png","width":512,"height":512,"caption":"TeslaFM"},"image":{"@id":"https:\/\/teslafm.net\/#\/schema\/logo\/image\/"},"sameAs":["https:\/\/www.facebook.com\/teslafm.net","https:\/\/x.com\/teslafm"]}]}},"rttpg_featured_image_url":null,"rttpg_author":{"display_name":"Ishak","author_link":"https:\/\/teslafm.net\/en\/author\/cravan\/"},"rttpg_comment":0,"rttpg_category":null,"rttpg_excerpt":"Ones de Crom #24 Glenn Kotche 10 de maig de 2017 El qui ha estat bateria dels Wilco i Loose Fur mant\u00e9 tamb\u00e9 una traject\u00f2ria amb alguns treballs en solitari o en col\u00b7laboraci\u00f3 on ha portat les percussions a camps de composici\u00f3 minimalista, contempor\u00e0nea, improvisaci\u00f3 o m\u00fasica gamelan i africana. Escoltem els seus treballs inicials&hellip;","_links":{"self":[{"href":"https:\/\/teslafm.net\/en\/wp-json\/wp\/v2\/pages\/63720","targetHints":{"allow":["GET"]}}],"collection":[{"href":"https:\/\/teslafm.net\/en\/wp-json\/wp\/v2\/pages"}],"about":[{"href":"https:\/\/teslafm.net\/en\/wp-json\/wp\/v2\/types\/page"}],"author":[{"embeddable":true,"href":"https:\/\/teslafm.net\/en\/wp-json\/wp\/v2\/users\/19"}],"replies":[{"embeddable":true,"href":"https:\/\/teslafm.net\/en\/wp-json\/wp\/v2\/comments?post=63720"}],"version-history":[{"count":10,"href":"https:\/\/teslafm.net\/en\/wp-json\/wp\/v2\/pages\/63720\/revisions"}],"predecessor-version":[{"id":63731,"href":"https:\/\/teslafm.net\/en\/wp-json\/wp\/v2\/pages\/63720\/revisions\/63731"}],"wp:attachment":[{"href":"https:\/\/teslafm.net\/en\/wp-json\/wp\/v2\/media?parent=63720"}],"curies":[{"name":"wp","href":"https:\/\/api.w.org\/{rel}","templated":true}]}}