

{"id":63831,"date":"2023-11-03T10:36:10","date_gmt":"2023-11-03T09:36:10","guid":{"rendered":"https:\/\/teslafm.net\/?page_id=63831"},"modified":"2023-12-01T17:32:43","modified_gmt":"2023-12-01T16:32:43","slug":"esquizofonias-o-la-palpitacion-del-siglo-13","status":"publish","type":"page","link":"https:\/\/teslafm.net\/en\/esquizofonias-o-la-palpitacion-del-siglo-13\/","title":{"rendered":"Esquizofon\u00edas o la palpitaci\u00f3n del siglo #13"},"content":{"rendered":"<h2><span style=\"color: #ffffff;\"><strong>Esquizofon\u00edas o la palpitaci\u00f3n del siglo #13<\/strong><\/span><\/h2>\n<p><span style=\"color: #808080;\"><em>November 2, 2023<\/em><\/span><\/p>\n<p><iframe src=\"https:\/\/player-widget.mixcloud.com\/widget\/iframe\/?hide_cover=1&amp;feed=%2FTeslafm_net%2Fesquizofon%C3%ADas-o-la-palpitaci%C3%B3n-del-siglo-13-zozobra%2F\" width=\"100%\" height=\"120\" frameborder=\"0\"><\/iframe><\/p>\n<p><span style=\"color: #808080;\"><em>Passage 13<\/em><\/span><\/p>\n<p><span style=\"color: #808080;\">The thirteenth passage of Esquizofon\u00edas descends to an underworld but does not resist and finally ascends towards the light because at bottom it is an innocent moth.<\/span><\/p>\n<p>&nbsp;<\/p>","protected":false},"excerpt":{"rendered":"<p>Schizophonies or the palpitation of the century #13 November 2, 2023 Passage 13 The thirteenth passage of Schizophonies descends into an underworld but does not resist and finally ascends towards the light because at heart it is an innocent moth. &nbsp;<\/p>","protected":false},"author":19,"featured_media":0,"parent":0,"menu_order":0,"comment_status":"closed","ping_status":"closed","template":"","meta":{"footnotes":""},"class_list":["post-63831","page","type-page","status-publish","hentry"],"yoast_head":"<!-- This site is optimized with the Yoast SEO plugin v27.2 - https:\/\/yoast.com\/product\/yoast-seo-wordpress\/ -->\n<title>Esquizofon\u00edas o la palpitaci\u00f3n del siglo #13 -<\/title>\n<meta name=\"robots\" content=\"index, follow, max-snippet:-1, max-image-preview:large, max-video-preview:-1\" \/>\n<link rel=\"canonical\" href=\"https:\/\/teslafm.net\/en\/esquizofonias-o-la-palpitacion-del-siglo-13\/\" \/>\n<meta property=\"og:locale\" content=\"en_US\" \/>\n<meta property=\"og:type\" content=\"article\" \/>\n<meta property=\"og:title\" content=\"Esquizofon\u00edas o la palpitaci\u00f3n del siglo #13 -\" \/>\n<meta property=\"og:description\" content=\"Esquizofon\u00edas o la palpitaci\u00f3n del siglo #13 2 de Noviembre 2023 Pasaje 13 El treceavo pasaje de Esquizofon\u00edas baja a un inframundo pero no resiste y finalmente asciende hacia la luz porque en el fondo es una inocente polilla. &nbsp;\" \/>\n<meta property=\"og:url\" content=\"https:\/\/teslafm.net\/en\/esquizofonias-o-la-palpitacion-del-siglo-13\/\" \/>\n<meta property=\"article:publisher\" content=\"https:\/\/www.facebook.com\/teslafm.net\" \/>\n<meta property=\"article:modified_time\" content=\"2023-12-01T16:32:43+00:00\" \/>\n<meta property=\"og:image\" content=\"https:\/\/teslafm.net\/wp-content\/uploads\/2022\/09\/header-image-4-temp.png\" \/>\n\t<meta property=\"og:image:width\" content=\"1274\" \/>\n\t<meta property=\"og:image:height\" content=\"818\" \/>\n\t<meta property=\"og:image:type\" content=\"image\/png\" \/>\n<meta name=\"twitter:card\" content=\"summary_large_image\" \/>\n<meta name=\"twitter:site\" content=\"@teslafm\" \/>\n<meta name=\"twitter:label1\" content=\"Est. reading time\" \/>\n\t<meta name=\"twitter:data1\" content=\"1 minute\" \/>\n<script type=\"application\/ld+json\" class=\"yoast-schema-graph\">{\"@context\":\"https:\/\/schema.org\",\"@graph\":[{\"@type\":\"WebPage\",\"@id\":\"https:\/\/teslafm.net\/esquizofonias-o-la-palpitacion-del-siglo-13\/\",\"url\":\"https:\/\/teslafm.net\/esquizofonias-o-la-palpitacion-del-siglo-13\/\",\"name\":\"Esquizofon\u00edas o la palpitaci\u00f3n del siglo #13 -\",\"isPartOf\":{\"@id\":\"https:\/\/teslafm.net\/#website\"},\"datePublished\":\"2023-11-03T09:36:10+00:00\",\"dateModified\":\"2023-12-01T16:32:43+00:00\",\"breadcrumb\":{\"@id\":\"https:\/\/teslafm.net\/esquizofonias-o-la-palpitacion-del-siglo-13\/#breadcrumb\"},\"inLanguage\":\"en-US\",\"potentialAction\":[{\"@type\":\"ReadAction\",\"target\":[\"https:\/\/teslafm.net\/esquizofonias-o-la-palpitacion-del-siglo-13\/\"]}]},{\"@type\":\"BreadcrumbList\",\"@id\":\"https:\/\/teslafm.net\/esquizofonias-o-la-palpitacion-del-siglo-13\/#breadcrumb\",\"itemListElement\":[{\"@type\":\"ListItem\",\"position\":1,\"name\":\"Portada\",\"item\":\"https:\/\/teslafm.net\/\"},{\"@type\":\"ListItem\",\"position\":2,\"name\":\"Esquizofon\u00edas o la palpitaci\u00f3n del siglo #13\"}]},{\"@type\":\"WebSite\",\"@id\":\"https:\/\/teslafm.net\/#website\",\"url\":\"https:\/\/teslafm.net\/\",\"name\":\"TeslaFM\",\"description\":\"An experimental and creative radio\",\"publisher\":{\"@id\":\"https:\/\/teslafm.net\/#organization\"},\"potentialAction\":[{\"@type\":\"SearchAction\",\"target\":{\"@type\":\"EntryPoint\",\"urlTemplate\":\"https:\/\/teslafm.net\/?s={search_term_string}\"},\"query-input\":{\"@type\":\"PropertyValueSpecification\",\"valueRequired\":true,\"valueName\":\"search_term_string\"}}],\"inLanguage\":\"en-US\"},{\"@type\":\"Organization\",\"@id\":\"https:\/\/teslafm.net\/#organization\",\"name\":\"TeslaFM\",\"url\":\"https:\/\/teslafm.net\/\",\"logo\":{\"@type\":\"ImageObject\",\"inLanguage\":\"en-US\",\"@id\":\"https:\/\/teslafm.net\/#\/schema\/logo\/image\/\",\"url\":\"https:\/\/teslafm.net\/wp-content\/uploads\/2020\/06\/logo-tesla.png\",\"contentUrl\":\"https:\/\/teslafm.net\/wp-content\/uploads\/2020\/06\/logo-tesla.png\",\"width\":512,\"height\":512,\"caption\":\"TeslaFM\"},\"image\":{\"@id\":\"https:\/\/teslafm.net\/#\/schema\/logo\/image\/\"},\"sameAs\":[\"https:\/\/www.facebook.com\/teslafm.net\",\"https:\/\/x.com\/teslafm\"]}]}<\/script>\n<!-- \/ Yoast SEO plugin. -->","yoast_head_json":{"title":"Schizophonies or the throbbing of the century #13 -","robots":{"index":"index","follow":"follow","max-snippet":"max-snippet:-1","max-image-preview":"max-image-preview:large","max-video-preview":"max-video-preview:-1"},"canonical":"https:\/\/teslafm.net\/en\/esquizofonias-o-la-palpitacion-del-siglo-13\/","og_locale":"en_US","og_type":"article","og_title":"Esquizofon\u00edas o la palpitaci\u00f3n del siglo #13 -","og_description":"Esquizofon\u00edas o la palpitaci\u00f3n del siglo #13 2 de Noviembre 2023 Pasaje 13 El treceavo pasaje de Esquizofon\u00edas baja a un inframundo pero no resiste y finalmente asciende hacia la luz porque en el fondo es una inocente polilla. &nbsp;","og_url":"https:\/\/teslafm.net\/en\/esquizofonias-o-la-palpitacion-del-siglo-13\/","article_publisher":"https:\/\/www.facebook.com\/teslafm.net","article_modified_time":"2023-12-01T16:32:43+00:00","og_image":[{"width":1274,"height":818,"url":"https:\/\/teslafm.net\/wp-content\/uploads\/2022\/09\/header-image-4-temp.png","type":"image\/png"}],"twitter_card":"summary_large_image","twitter_site":"@teslafm","twitter_misc":{"Est. reading time":"1 minute"},"schema":{"@context":"https:\/\/schema.org","@graph":[{"@type":"WebPage","@id":"https:\/\/teslafm.net\/esquizofonias-o-la-palpitacion-del-siglo-13\/","url":"https:\/\/teslafm.net\/esquizofonias-o-la-palpitacion-del-siglo-13\/","name":"Schizophonies or the throbbing of the century #13 -","isPartOf":{"@id":"https:\/\/teslafm.net\/#website"},"datePublished":"2023-11-03T09:36:10+00:00","dateModified":"2023-12-01T16:32:43+00:00","breadcrumb":{"@id":"https:\/\/teslafm.net\/esquizofonias-o-la-palpitacion-del-siglo-13\/#breadcrumb"},"inLanguage":"en-US","potentialAction":[{"@type":"ReadAction","target":["https:\/\/teslafm.net\/esquizofonias-o-la-palpitacion-del-siglo-13\/"]}]},{"@type":"BreadcrumbList","@id":"https:\/\/teslafm.net\/esquizofonias-o-la-palpitacion-del-siglo-13\/#breadcrumb","itemListElement":[{"@type":"ListItem","position":1,"name":"Portada","item":"https:\/\/teslafm.net\/"},{"@type":"ListItem","position":2,"name":"Esquizofon\u00edas o la palpitaci\u00f3n del siglo #13"}]},{"@type":"WebSite","@id":"https:\/\/teslafm.net\/#website","url":"https:\/\/teslafm.net\/","name":"TeslaFM","description":"An experimental and creative radio","publisher":{"@id":"https:\/\/teslafm.net\/#organization"},"potentialAction":[{"@type":"SearchAction","target":{"@type":"EntryPoint","urlTemplate":"https:\/\/teslafm.net\/?s={search_term_string}"},"query-input":{"@type":"PropertyValueSpecification","valueRequired":true,"valueName":"search_term_string"}}],"inLanguage":"en-US"},{"@type":"Organization","@id":"https:\/\/teslafm.net\/#organization","name":"TeslaFM","url":"https:\/\/teslafm.net\/","logo":{"@type":"ImageObject","inLanguage":"en-US","@id":"https:\/\/teslafm.net\/#\/schema\/logo\/image\/","url":"https:\/\/teslafm.net\/wp-content\/uploads\/2020\/06\/logo-tesla.png","contentUrl":"https:\/\/teslafm.net\/wp-content\/uploads\/2020\/06\/logo-tesla.png","width":512,"height":512,"caption":"TeslaFM"},"image":{"@id":"https:\/\/teslafm.net\/#\/schema\/logo\/image\/"},"sameAs":["https:\/\/www.facebook.com\/teslafm.net","https:\/\/x.com\/teslafm"]}]}},"rttpg_featured_image_url":null,"rttpg_author":{"display_name":"Ishak","author_link":"https:\/\/teslafm.net\/en\/author\/cravan\/"},"rttpg_comment":0,"rttpg_category":null,"rttpg_excerpt":"Esquizofon\u00edas o la palpitaci\u00f3n del siglo #13 2 de Noviembre 2023 Pasaje 13 El treceavo pasaje de Esquizofon\u00edas baja a un inframundo pero no resiste y finalmente asciende hacia la luz porque en el fondo es una inocente polilla. &nbsp;","_links":{"self":[{"href":"https:\/\/teslafm.net\/en\/wp-json\/wp\/v2\/pages\/63831","targetHints":{"allow":["GET"]}}],"collection":[{"href":"https:\/\/teslafm.net\/en\/wp-json\/wp\/v2\/pages"}],"about":[{"href":"https:\/\/teslafm.net\/en\/wp-json\/wp\/v2\/types\/page"}],"author":[{"embeddable":true,"href":"https:\/\/teslafm.net\/en\/wp-json\/wp\/v2\/users\/19"}],"replies":[{"embeddable":true,"href":"https:\/\/teslafm.net\/en\/wp-json\/wp\/v2\/comments?post=63831"}],"version-history":[{"count":3,"href":"https:\/\/teslafm.net\/en\/wp-json\/wp\/v2\/pages\/63831\/revisions"}],"predecessor-version":[{"id":63999,"href":"https:\/\/teslafm.net\/en\/wp-json\/wp\/v2\/pages\/63831\/revisions\/63999"}],"wp:attachment":[{"href":"https:\/\/teslafm.net\/en\/wp-json\/wp\/v2\/media?parent=63831"}],"curies":[{"name":"wp","href":"https:\/\/api.w.org\/{rel}","templated":true}]}}