

{"id":63857,"date":"2023-11-07T20:51:24","date_gmt":"2023-11-07T19:51:24","guid":{"rendered":"https:\/\/teslafm.net\/?page_id=63857"},"modified":"2023-11-07T20:51:52","modified_gmt":"2023-11-07T19:51:52","slug":"ananke-51","status":"publish","type":"page","link":"https:\/\/teslafm.net\/en\/ananke-51\/","title":{"rendered":"Anank\u00e9 #51"},"content":{"rendered":"<h2><span style=\"color: #ffffff;\"><strong>Anank\u00e9 Cap\u00edtulo LI<\/strong><\/span><\/h2>\n<p><span style=\"color: #808080;\"><em>Noviembre 2023<\/em><\/span><\/p>\n<p><iframe src=\"https:\/\/player-widget.mixcloud.com\/widget\/iframe\/?hide_cover=1&amp;feed=%2FTeslafm_net%2Fanank%C3%A9-51-jaco%2F\" width=\"100%\" height=\"120\" frameborder=\"0\"><\/iframe><\/p>\n<p><span style=\"color: #808080;\"><span dir=\"auto\">Otro especial, esta vez \u00edntegramente con m\u00fasica de un servidor; proto-canci\u00f3n, ambientes, drones, instrumentales, improvisaciones y colaboraciones junto a mis amigos <\/span><\/span><span class=\"x193iq5w xeuugli x13faqbe x1vvkbs x10flsy6 x1lliihq x1s928wv xhkezso x1gmr53x x1cpjm7i x1fgarty x1943h6x x4zkp8e x41vudc x6prxxf xvq8zen xo1l8bm xzsf02u x1yc453h\" dir=\"auto\"><a class=\"x1i10hfl xjbqb8w x6umtig x1b1mbwd xaqea5y xav7gou x9f619 x1ypdohk xt0psk2 xe8uvvx xdj266r x11i5rnm xat24cr x1mh8g0r xexx8yu x4uap5 x18d9i69 xkhd6sd x16tdsg8 x1hl2dhg xggy1nq x1a2a7pz xt0b8zv x1qq9wsj xo1l8bm\" tabindex=\"0\" role=\"link\" href=\"https:\/\/www.facebook.com\/Antoniozozobra?__cft__[0]=AZXATQjAOD1f2Zg20tI2TjmEMzpWvISUGPoRicKu0Ku65qR0oOyNw3I4PYg-AVCqLudvvVbysLOyW3AN0NM37B4LilXFpeJ76Per-B9b5Lx-pggNm9XuBPAUQjkXZQTvo8yxpFTF_CqPVpj2k0MXlPw5WHmDl_EBGJRDGIWM4EG-bA&amp;__tn__=-]K-R\"><span class=\"xt0psk2\">Zozobra<\/span><\/a><\/span><span dir=\"auto\" style=\"color: #808080;\"> (aparecen varias piezas de nuestro proyecto en com\u00fan) y\u00a0<\/span><span class=\"x193iq5w xeuugli x13faqbe x1vvkbs x10flsy6 x1lliihq x1s928wv xhkezso x1gmr53x x1cpjm7i x1fgarty x1943h6x x4zkp8e x41vudc x6prxxf xvq8zen xo1l8bm xzsf02u x1yc453h\" dir=\"auto\"><a class=\"x1i10hfl xjbqb8w x6umtig x1b1mbwd xaqea5y xav7gou x9f619 x1ypdohk xt0psk2 xe8uvvx xdj266r x11i5rnm xat24cr x1mh8g0r xexx8yu x4uap5 x18d9i69 xkhd6sd x16tdsg8 x1hl2dhg xggy1nq x1a2a7pz xt0b8zv x1qq9wsj xo1l8bm\" tabindex=\"0\" role=\"link\" href=\"https:\/\/www.facebook.com\/profile.php?id=100015322848151&amp;__cft__[0]=AZXATQjAOD1f2Zg20tI2TjmEMzpWvISUGPoRicKu0Ku65qR0oOyNw3I4PYg-AVCqLudvvVbysLOyW3AN0NM37B4LilXFpeJ76Per-B9b5Lx-pggNm9XuBPAUQjkXZQTvo8yxpFTF_CqPVpj2k0MXlPw5WHmDl_EBGJRDGIWM4EG-bA&amp;__tn__=-]K-R\"><span class=\"xt0psk2\">Juan Caramuerto<\/span><\/a><\/span><span dir=\"auto\" style=\"color: #808080;\"> (una canci\u00f3n de cumplea\u00f1os) y un trozo de la \u00faltima sesi\u00f3n grabada de Detectives Salvajes (mi hermano <\/span><span class=\"x193iq5w xeuugli x13faqbe x1vvkbs x10flsy6 x1lliihq x1s928wv xhkezso x1gmr53x x1cpjm7i x1fgarty x1943h6x x4zkp8e x41vudc x6prxxf xvq8zen xo1l8bm xzsf02u x1yc453h\" dir=\"auto\"><a class=\"x1i10hfl xjbqb8w x6umtig x1b1mbwd xaqea5y xav7gou x9f619 x1ypdohk xt0psk2 xe8uvvx xdj266r x11i5rnm xat24cr x1mh8g0r xexx8yu x4uap5 x18d9i69 xkhd6sd x16tdsg8 x1hl2dhg xggy1nq x1a2a7pz xt0b8zv x1qq9wsj xo1l8bm\" tabindex=\"0\" role=\"link\" href=\"https:\/\/www.facebook.com\/dani.cardevore?__cft__[0]=AZXATQjAOD1f2Zg20tI2TjmEMzpWvISUGPoRicKu0Ku65qR0oOyNw3I4PYg-AVCqLudvvVbysLOyW3AN0NM37B4LilXFpeJ76Per-B9b5Lx-pggNm9XuBPAUQjkXZQTvo8yxpFTF_CqPVpj2k0MXlPw5WHmDl_EBGJRDGIWM4EG-bA&amp;__tn__=-]K-R\"><span class=\"xt0psk2\">Dani Cardevore<\/span><\/a><\/span><span dir=\"auto\">\u00a0<span style=\"color: #808080;\">y yo). Todo mezclado a modo de cinta sorpresa y dando continuidad a otra sesi\u00f3n que hice cuando termin\u00e9 Los Misterios y titul\u00e9, Las ausencias, y que finalmente qued\u00f3 recogida en los archivos de Anank\u00e9 en el programa 34, como siempre en TeslaFM.<\/span><\/span><span class=\"x193iq5w xeuugli x13faqbe x1vvkbs x10flsy6 x1lliihq x1s928wv xhkezso x1gmr53x x1cpjm7i x1fgarty x1943h6x x4zkp8e x41vudc x6prxxf xvq8zen xo1l8bm xzsf02u x1yc453h\" dir=\"auto\"><br \/>\n<\/span><\/p>\n","protected":false},"excerpt":{"rendered":"<p>Anank\u00e9 Cap\u00edtulo LI Noviembre 2023 Otro especial, esta vez \u00edntegramente con m\u00fasica de un servidor; proto-canci\u00f3n, ambientes, drones, instrumentales, improvisaciones y colaboraciones junto a mis amigos Zozobra (aparecen varias piezas de nuestro proyecto en com\u00fan) y\u00a0Juan Caramuerto (una canci\u00f3n de cumplea\u00f1os) y un trozo de la \u00faltima sesi\u00f3n grabada de Detectives Salvajes (mi hermano Dani [&hellip;]<\/p>\n","protected":false},"author":19,"featured_media":0,"parent":0,"menu_order":0,"comment_status":"closed","ping_status":"closed","template":"","meta":{"footnotes":""},"class_list":["post-63857","page","type-page","status-publish","hentry"],"yoast_head":"<!-- This site is optimized with the Yoast SEO plugin v27.4 - https:\/\/yoast.com\/product\/yoast-seo-wordpress\/ -->\n<title>Anank\u00e9 #51 -<\/title>\n<meta name=\"robots\" content=\"index, follow, max-snippet:-1, max-image-preview:large, max-video-preview:-1\" \/>\n<link rel=\"canonical\" href=\"https:\/\/teslafm.net\/en\/ananke-51\/\" \/>\n<meta property=\"og:locale\" content=\"en_US\" \/>\n<meta property=\"og:type\" content=\"article\" \/>\n<meta property=\"og:title\" content=\"Anank\u00e9 #51 -\" \/>\n<meta property=\"og:description\" content=\"Anank\u00e9 Cap\u00edtulo LI Noviembre 2023 Otro especial, esta vez \u00edntegramente con m\u00fasica de un servidor; proto-canci\u00f3n, ambientes, drones, instrumentales, improvisaciones y colaboraciones junto a mis amigos Zozobra (aparecen varias piezas de nuestro proyecto en com\u00fan) y\u00a0Juan Caramuerto (una canci\u00f3n de cumplea\u00f1os) y un trozo de la \u00faltima sesi\u00f3n grabada de Detectives Salvajes (mi hermano Dani [&hellip;]\" \/>\n<meta property=\"og:url\" content=\"https:\/\/teslafm.net\/en\/ananke-51\/\" \/>\n<meta property=\"article:publisher\" content=\"https:\/\/www.facebook.com\/teslafm.net\" \/>\n<meta property=\"article:modified_time\" content=\"2023-11-07T19:51:52+00:00\" \/>\n<meta property=\"og:image\" content=\"https:\/\/teslafm.net\/wp-content\/uploads\/2022\/09\/header-image-4-temp.png\" \/>\n\t<meta property=\"og:image:width\" content=\"1274\" \/>\n\t<meta property=\"og:image:height\" content=\"818\" \/>\n\t<meta property=\"og:image:type\" content=\"image\/png\" \/>\n<meta name=\"twitter:card\" content=\"summary_large_image\" \/>\n<meta name=\"twitter:site\" content=\"@teslafm\" \/>\n<meta name=\"twitter:label1\" content=\"Est. reading time\" \/>\n\t<meta name=\"twitter:data1\" content=\"1 minute\" \/>\n<script type=\"application\/ld+json\" class=\"yoast-schema-graph\">{\"@context\":\"https:\\\/\\\/schema.org\",\"@graph\":[{\"@type\":\"WebPage\",\"@id\":\"https:\\\/\\\/teslafm.net\\\/ananke-51\\\/\",\"url\":\"https:\\\/\\\/teslafm.net\\\/ananke-51\\\/\",\"name\":\"Anank\u00e9 #51 -\",\"isPartOf\":{\"@id\":\"https:\\\/\\\/teslafm.net\\\/#website\"},\"datePublished\":\"2023-11-07T19:51:24+00:00\",\"dateModified\":\"2023-11-07T19:51:52+00:00\",\"breadcrumb\":{\"@id\":\"https:\\\/\\\/teslafm.net\\\/ananke-51\\\/#breadcrumb\"},\"inLanguage\":\"en-US\",\"potentialAction\":[{\"@type\":\"ReadAction\",\"target\":[\"https:\\\/\\\/teslafm.net\\\/ananke-51\\\/\"]}]},{\"@type\":\"BreadcrumbList\",\"@id\":\"https:\\\/\\\/teslafm.net\\\/ananke-51\\\/#breadcrumb\",\"itemListElement\":[{\"@type\":\"ListItem\",\"position\":1,\"name\":\"Portada\",\"item\":\"https:\\\/\\\/teslafm.net\\\/\"},{\"@type\":\"ListItem\",\"position\":2,\"name\":\"Anank\u00e9 #51\"}]},{\"@type\":\"WebSite\",\"@id\":\"https:\\\/\\\/teslafm.net\\\/#website\",\"url\":\"https:\\\/\\\/teslafm.net\\\/\",\"name\":\"TeslaFM\",\"description\":\"An experimental and creative radio\",\"publisher\":{\"@id\":\"https:\\\/\\\/teslafm.net\\\/#organization\"},\"potentialAction\":[{\"@type\":\"SearchAction\",\"target\":{\"@type\":\"EntryPoint\",\"urlTemplate\":\"https:\\\/\\\/teslafm.net\\\/?s={search_term_string}\"},\"query-input\":{\"@type\":\"PropertyValueSpecification\",\"valueRequired\":true,\"valueName\":\"search_term_string\"}}],\"inLanguage\":\"en-US\"},{\"@type\":\"Organization\",\"@id\":\"https:\\\/\\\/teslafm.net\\\/#organization\",\"name\":\"TeslaFM\",\"url\":\"https:\\\/\\\/teslafm.net\\\/\",\"logo\":{\"@type\":\"ImageObject\",\"inLanguage\":\"en-US\",\"@id\":\"https:\\\/\\\/teslafm.net\\\/#\\\/schema\\\/logo\\\/image\\\/\",\"url\":\"https:\\\/\\\/teslafm.net\\\/wp-content\\\/uploads\\\/2020\\\/06\\\/logo-tesla.png\",\"contentUrl\":\"https:\\\/\\\/teslafm.net\\\/wp-content\\\/uploads\\\/2020\\\/06\\\/logo-tesla.png\",\"width\":512,\"height\":512,\"caption\":\"TeslaFM\"},\"image\":{\"@id\":\"https:\\\/\\\/teslafm.net\\\/#\\\/schema\\\/logo\\\/image\\\/\"},\"sameAs\":[\"https:\\\/\\\/www.facebook.com\\\/teslafm.net\",\"https:\\\/\\\/x.com\\\/teslafm\"]}]}<\/script>\n<!-- \/ Yoast SEO plugin. -->","yoast_head_json":{"title":"Anank\u00e9 #51 -","robots":{"index":"index","follow":"follow","max-snippet":"max-snippet:-1","max-image-preview":"max-image-preview:large","max-video-preview":"max-video-preview:-1"},"canonical":"https:\/\/teslafm.net\/en\/ananke-51\/","og_locale":"en_US","og_type":"article","og_title":"Anank\u00e9 #51 -","og_description":"Anank\u00e9 Cap\u00edtulo LI Noviembre 2023 Otro especial, esta vez \u00edntegramente con m\u00fasica de un servidor; proto-canci\u00f3n, ambientes, drones, instrumentales, improvisaciones y colaboraciones junto a mis amigos Zozobra (aparecen varias piezas de nuestro proyecto en com\u00fan) y\u00a0Juan Caramuerto (una canci\u00f3n de cumplea\u00f1os) y un trozo de la \u00faltima sesi\u00f3n grabada de Detectives Salvajes (mi hermano Dani [&hellip;]","og_url":"https:\/\/teslafm.net\/en\/ananke-51\/","article_publisher":"https:\/\/www.facebook.com\/teslafm.net","article_modified_time":"2023-11-07T19:51:52+00:00","og_image":[{"width":1274,"height":818,"url":"https:\/\/teslafm.net\/wp-content\/uploads\/2022\/09\/header-image-4-temp.png","type":"image\/png"}],"twitter_card":"summary_large_image","twitter_site":"@teslafm","twitter_misc":{"Est. reading time":"1 minute"},"schema":{"@context":"https:\/\/schema.org","@graph":[{"@type":"WebPage","@id":"https:\/\/teslafm.net\/ananke-51\/","url":"https:\/\/teslafm.net\/ananke-51\/","name":"Anank\u00e9 #51 -","isPartOf":{"@id":"https:\/\/teslafm.net\/#website"},"datePublished":"2023-11-07T19:51:24+00:00","dateModified":"2023-11-07T19:51:52+00:00","breadcrumb":{"@id":"https:\/\/teslafm.net\/ananke-51\/#breadcrumb"},"inLanguage":"en-US","potentialAction":[{"@type":"ReadAction","target":["https:\/\/teslafm.net\/ananke-51\/"]}]},{"@type":"BreadcrumbList","@id":"https:\/\/teslafm.net\/ananke-51\/#breadcrumb","itemListElement":[{"@type":"ListItem","position":1,"name":"Portada","item":"https:\/\/teslafm.net\/"},{"@type":"ListItem","position":2,"name":"Anank\u00e9 #51"}]},{"@type":"WebSite","@id":"https:\/\/teslafm.net\/#website","url":"https:\/\/teslafm.net\/","name":"TeslaFM","description":"An experimental and creative radio","publisher":{"@id":"https:\/\/teslafm.net\/#organization"},"potentialAction":[{"@type":"SearchAction","target":{"@type":"EntryPoint","urlTemplate":"https:\/\/teslafm.net\/?s={search_term_string}"},"query-input":{"@type":"PropertyValueSpecification","valueRequired":true,"valueName":"search_term_string"}}],"inLanguage":"en-US"},{"@type":"Organization","@id":"https:\/\/teslafm.net\/#organization","name":"TeslaFM","url":"https:\/\/teslafm.net\/","logo":{"@type":"ImageObject","inLanguage":"en-US","@id":"https:\/\/teslafm.net\/#\/schema\/logo\/image\/","url":"https:\/\/teslafm.net\/wp-content\/uploads\/2020\/06\/logo-tesla.png","contentUrl":"https:\/\/teslafm.net\/wp-content\/uploads\/2020\/06\/logo-tesla.png","width":512,"height":512,"caption":"TeslaFM"},"image":{"@id":"https:\/\/teslafm.net\/#\/schema\/logo\/image\/"},"sameAs":["https:\/\/www.facebook.com\/teslafm.net","https:\/\/x.com\/teslafm"]}]}},"rttpg_featured_image_url":null,"rttpg_author":{"display_name":"Ishak","author_link":"https:\/\/teslafm.net\/en\/author\/cravan\/"},"rttpg_comment":0,"rttpg_category":null,"rttpg_excerpt":"Anank\u00e9 Cap\u00edtulo LI Noviembre 2023 Otro especial, esta vez \u00edntegramente con m\u00fasica de un servidor; proto-canci\u00f3n, ambientes, drones, instrumentales, improvisaciones y colaboraciones junto a mis amigos Zozobra (aparecen varias piezas de nuestro proyecto en com\u00fan) y\u00a0Juan Caramuerto (una canci\u00f3n de cumplea\u00f1os) y un trozo de la \u00faltima sesi\u00f3n grabada de Detectives Salvajes (mi hermano Dani&hellip;","_links":{"self":[{"href":"https:\/\/teslafm.net\/en\/wp-json\/wp\/v2\/pages\/63857","targetHints":{"allow":["GET"]}}],"collection":[{"href":"https:\/\/teslafm.net\/en\/wp-json\/wp\/v2\/pages"}],"about":[{"href":"https:\/\/teslafm.net\/en\/wp-json\/wp\/v2\/types\/page"}],"author":[{"embeddable":true,"href":"https:\/\/teslafm.net\/en\/wp-json\/wp\/v2\/users\/19"}],"replies":[{"embeddable":true,"href":"https:\/\/teslafm.net\/en\/wp-json\/wp\/v2\/comments?post=63857"}],"version-history":[{"count":2,"href":"https:\/\/teslafm.net\/en\/wp-json\/wp\/v2\/pages\/63857\/revisions"}],"predecessor-version":[{"id":63859,"href":"https:\/\/teslafm.net\/en\/wp-json\/wp\/v2\/pages\/63857\/revisions\/63859"}],"wp:attachment":[{"href":"https:\/\/teslafm.net\/en\/wp-json\/wp\/v2\/media?parent=63857"}],"curies":[{"name":"wp","href":"https:\/\/api.w.org\/{rel}","templated":true}]}}