

{"id":63892,"date":"2023-11-14T18:30:33","date_gmt":"2023-11-14T17:30:33","guid":{"rendered":"https:\/\/teslafm.net\/?page_id=63892"},"modified":"2023-11-14T18:33:06","modified_gmt":"2023-11-14T17:33:06","slug":"ones-de-crom-25","status":"publish","type":"page","link":"https:\/\/teslafm.net\/en\/ones-de-crom-25\/","title":{"rendered":"Ones de Crom #25"},"content":{"rendered":"<div data-elementor-type=\"wp-page\" data-elementor-id=\"63892\" class=\"elementor elementor-63892\">\n\t\t\t\t\t\t<section class=\"elementor-section elementor-top-section elementor-element elementor-element-20f91cfd elementor-section-boxed elementor-section-height-default elementor-section-height-default\" data-id=\"20f91cfd\" data-element_type=\"section\" data-e-type=\"section\">\n\t\t\t\t\t\t<div class=\"elementor-container elementor-column-gap-default\">\n\t\t\t\t\t<div class=\"elementor-column elementor-col-100 elementor-top-column elementor-element elementor-element-5337ae9\" data-id=\"5337ae9\" data-element_type=\"column\" data-e-type=\"column\">\n\t\t\t<div class=\"elementor-widget-wrap elementor-element-populated\">\n\t\t\t\t\t\t<div class=\"elementor-element elementor-element-3edd8b39 elementor-widget elementor-widget-text-editor\" data-id=\"3edd8b39\" data-element_type=\"widget\" data-e-type=\"widget\" data-widget_type=\"text-editor.default\">\n\t\t\t\t<div class=\"elementor-widget-container\">\n\t\t\t\t\t\t\t\t\t<h2><span style=\"color: #ffffff;\"><strong>Ones de Crom #25<\/strong><\/span><\/h2><p><span style=\"color: #808080;\"><em>Keith Rowe<\/em><\/span><\/p><p><iframe src=\"https:\/\/player-widget.mixcloud.com\/widget\/iframe\/?hide_cover=1&amp;feed=%2FTeslafm_net%2Fones-de-crom-25-emili-mir%C3%B3%2F\" width=\"100%\" height=\"120\" frameborder=\"0\"><\/iframe><\/p>\t\t\t\t\t\t\t\t<\/div>\n\t\t\t\t<\/div>\n\t\t\t\t\t<\/div>\n\t\t<\/div>\n\t\t\t\t\t<\/div>\n\t\t<\/section>\n\t\t\t\t<section class=\"elementor-section elementor-top-section elementor-element elementor-element-9c86df4 elementor-section-boxed elementor-section-height-default elementor-section-height-default\" data-id=\"9c86df4\" data-element_type=\"section\" data-e-type=\"section\">\n\t\t\t\t\t\t<div class=\"elementor-container elementor-column-gap-default\">\n\t\t\t\t\t<div class=\"elementor-column elementor-col-50 elementor-top-column elementor-element elementor-element-a6aadb0\" data-id=\"a6aadb0\" data-element_type=\"column\" data-e-type=\"column\">\n\t\t\t<div class=\"elementor-widget-wrap elementor-element-populated\">\n\t\t\t\t\t\t<div class=\"elementor-element elementor-element-167ac62 elementor-widget elementor-widget-image\" data-id=\"167ac62\" data-element_type=\"widget\" data-e-type=\"widget\" data-widget_type=\"image.default\">\n\t\t\t\t<div class=\"elementor-widget-container\">\n\t\t\t\t\t\t\t\t\t\t\t\t\t\t\t<img fetchpriority=\"high\" decoding=\"async\" width=\"298\" height=\"218\" src=\"https:\/\/teslafm.net\/wp-content\/uploads\/2023\/11\/KEITH-ROWE.jpg\" class=\"attachment-large size-large wp-image-63895\" alt=\"\" srcset=\"https:\/\/teslafm.net\/wp-content\/uploads\/2023\/11\/KEITH-ROWE.jpg 298w, https:\/\/teslafm.net\/wp-content\/uploads\/2023\/11\/KEITH-ROWE-16x12.jpg 16w\" sizes=\"(max-width: 298px) 100vw, 298px\" \/>\t\t\t\t\t\t\t\t\t\t\t\t\t\t\t<\/div>\n\t\t\t\t<\/div>\n\t\t\t\t\t<\/div>\n\t\t<\/div>\n\t\t\t\t<div class=\"elementor-column elementor-col-50 elementor-top-column elementor-element elementor-element-8a6015a\" data-id=\"8a6015a\" data-element_type=\"column\" data-e-type=\"column\">\n\t\t\t<div class=\"elementor-widget-wrap elementor-element-populated\">\n\t\t\t\t\t\t<div class=\"elementor-element elementor-element-e0d842a elementor-widget elementor-widget-text-editor\" data-id=\"e0d842a\" data-element_type=\"widget\" data-e-type=\"widget\" data-widget_type=\"text-editor.default\">\n\t\t\t\t<div class=\"elementor-widget-container\">\n\t\t\t\t\t\t\t\t\t<p><span style=\"color: #808080;\">This historic British improviser is a member of the <strong>AMM<\/strong> We review his solo and collaborative career since the 90s. First we listen to his solo albums such as \"A Dimension Of Perfectly Ordinary Reality\" (1990) and \"Harsh, Guitar Solo\" (2000) where he presents his style of electric guitar manipulation with transients, metal objects, pins, shafts, strings and electronics. With the saxophonist <strong>Evan Parker<\/strong> we listen to the repetitions and sound manipulations of \"Dark Rags\" (2000), with the trio with the guitar player <strong>Taku Sugimoto<\/strong> and the electronics of <strong>G\u00fcnter M\u00fcller<\/strong> the work \"The World Turned Upside Down\" (2000), with the electronic sonic manipulator <strong>Toshimaru Nakamura<\/strong> \"Weather Sky\" (2001) and \"Flypaper\" (2002) together with the guitar playing of the guitar of<strong>Oren Ambarchi<\/strong>. From the session with the pianist <strong>John Tilbury<\/strong> escoltem \"Duos For Doris\" (2003), from the col-lectiu <strong>Mimeo<\/strong> together with computer music, sampler, violins and piano a song from \"Music In Movement Electronic Orchestra\" (1999), \"Rabbit Run\" (2003) with improvisation with electronic music and samplers. <strong>Marcus Schmickler<\/strong> and <strong>Thomas Lehn<\/strong> and \"Contact\" (2009) with the manipulation of frequencies of Japanese <strong>Sachiko M<\/strong>.<\/span><\/p>\t\t\t\t\t\t\t\t<\/div>\n\t\t\t\t<\/div>\n\t\t\t\t\t<\/div>\n\t\t<\/div>\n\t\t\t\t\t<\/div>\n\t\t<\/section>\n\t\t\t\t<\/div>","protected":false},"excerpt":{"rendered":"<p>Ones de Crom #25 Keith Rowe D&#8217;aquest hist\u00f2ric improvisador brit\u00e0nic membre dels AMM en repassem la seva traject\u00f2ria en solitari i en col\u00b7laboraci\u00f3 des dels 90. Primer escoltem \u00e0lbums d&#8217;ell sol com \u00abA Dimension Of Perfectly Ordinary Reality\u00bb (1990) i \u00abHarsh, Guitar Solo\u00bb (2000) on es presenta els seu estil de manipulaci\u00f3 de guitarra el\u00e8ctrica [&hellip;]<\/p>\n","protected":false},"author":19,"featured_media":0,"parent":0,"menu_order":0,"comment_status":"closed","ping_status":"closed","template":"","meta":{"footnotes":""},"class_list":["post-63892","page","type-page","status-publish","hentry"],"yoast_head":"<!-- This site is optimized with the Yoast SEO plugin v27.2 - https:\/\/yoast.com\/product\/yoast-seo-wordpress\/ -->\n<title>Ones de Crom #25 -<\/title>\n<meta name=\"robots\" content=\"index, follow, max-snippet:-1, max-image-preview:large, max-video-preview:-1\" \/>\n<link rel=\"canonical\" href=\"https:\/\/teslafm.net\/en\/ones-de-crom-25\/\" \/>\n<meta property=\"og:locale\" content=\"en_US\" \/>\n<meta property=\"og:type\" content=\"article\" \/>\n<meta property=\"og:title\" content=\"Ones de Crom #25 -\" \/>\n<meta property=\"og:description\" content=\"Ones de Crom #25 Keith Rowe D&#8217;aquest hist\u00f2ric improvisador brit\u00e0nic membre dels AMM en repassem la seva traject\u00f2ria en solitari i en col\u00b7laboraci\u00f3 des dels 90. Primer escoltem \u00e0lbums d&#8217;ell sol com \u00abA Dimension Of Perfectly Ordinary Reality\u00bb (1990) i \u00abHarsh, Guitar Solo\u00bb (2000) on es presenta els seu estil de manipulaci\u00f3 de guitarra el\u00e8ctrica [&hellip;]\" \/>\n<meta property=\"og:url\" content=\"https:\/\/teslafm.net\/en\/ones-de-crom-25\/\" \/>\n<meta property=\"article:publisher\" content=\"https:\/\/www.facebook.com\/teslafm.net\" \/>\n<meta property=\"article:modified_time\" content=\"2023-11-14T17:33:06+00:00\" \/>\n<meta property=\"og:image\" content=\"http:\/\/teslafm.net\/wp-content\/uploads\/2023\/11\/KEITH-ROWE.jpg\" \/>\n<meta name=\"twitter:card\" content=\"summary_large_image\" \/>\n<meta name=\"twitter:site\" content=\"@teslafm\" \/>\n<meta name=\"twitter:label1\" content=\"Est. reading time\" \/>\n\t<meta name=\"twitter:data1\" content=\"2 minutes\" \/>\n<script type=\"application\/ld+json\" class=\"yoast-schema-graph\">{\"@context\":\"https:\/\/schema.org\",\"@graph\":[{\"@type\":\"WebPage\",\"@id\":\"https:\/\/teslafm.net\/ones-de-crom-25\/\",\"url\":\"https:\/\/teslafm.net\/ones-de-crom-25\/\",\"name\":\"Ones de Crom #25 -\",\"isPartOf\":{\"@id\":\"https:\/\/teslafm.net\/#website\"},\"primaryImageOfPage\":{\"@id\":\"https:\/\/teslafm.net\/ones-de-crom-25\/#primaryimage\"},\"image\":{\"@id\":\"https:\/\/teslafm.net\/ones-de-crom-25\/#primaryimage\"},\"thumbnailUrl\":\"http:\/\/teslafm.net\/wp-content\/uploads\/2023\/11\/KEITH-ROWE.jpg\",\"datePublished\":\"2023-11-14T17:30:33+00:00\",\"dateModified\":\"2023-11-14T17:33:06+00:00\",\"breadcrumb\":{\"@id\":\"https:\/\/teslafm.net\/ones-de-crom-25\/#breadcrumb\"},\"inLanguage\":\"en-US\",\"potentialAction\":[{\"@type\":\"ReadAction\",\"target\":[\"https:\/\/teslafm.net\/ones-de-crom-25\/\"]}]},{\"@type\":\"ImageObject\",\"inLanguage\":\"en-US\",\"@id\":\"https:\/\/teslafm.net\/ones-de-crom-25\/#primaryimage\",\"url\":\"http:\/\/teslafm.net\/wp-content\/uploads\/2023\/11\/KEITH-ROWE.jpg\",\"contentUrl\":\"http:\/\/teslafm.net\/wp-content\/uploads\/2023\/11\/KEITH-ROWE.jpg\"},{\"@type\":\"BreadcrumbList\",\"@id\":\"https:\/\/teslafm.net\/ones-de-crom-25\/#breadcrumb\",\"itemListElement\":[{\"@type\":\"ListItem\",\"position\":1,\"name\":\"Portada\",\"item\":\"https:\/\/teslafm.net\/\"},{\"@type\":\"ListItem\",\"position\":2,\"name\":\"Ones de Crom #25\"}]},{\"@type\":\"WebSite\",\"@id\":\"https:\/\/teslafm.net\/#website\",\"url\":\"https:\/\/teslafm.net\/\",\"name\":\"TeslaFM\",\"description\":\"An experimental and creative radio\",\"publisher\":{\"@id\":\"https:\/\/teslafm.net\/#organization\"},\"potentialAction\":[{\"@type\":\"SearchAction\",\"target\":{\"@type\":\"EntryPoint\",\"urlTemplate\":\"https:\/\/teslafm.net\/?s={search_term_string}\"},\"query-input\":{\"@type\":\"PropertyValueSpecification\",\"valueRequired\":true,\"valueName\":\"search_term_string\"}}],\"inLanguage\":\"en-US\"},{\"@type\":\"Organization\",\"@id\":\"https:\/\/teslafm.net\/#organization\",\"name\":\"TeslaFM\",\"url\":\"https:\/\/teslafm.net\/\",\"logo\":{\"@type\":\"ImageObject\",\"inLanguage\":\"en-US\",\"@id\":\"https:\/\/teslafm.net\/#\/schema\/logo\/image\/\",\"url\":\"https:\/\/teslafm.net\/wp-content\/uploads\/2020\/06\/logo-tesla.png\",\"contentUrl\":\"https:\/\/teslafm.net\/wp-content\/uploads\/2020\/06\/logo-tesla.png\",\"width\":512,\"height\":512,\"caption\":\"TeslaFM\"},\"image\":{\"@id\":\"https:\/\/teslafm.net\/#\/schema\/logo\/image\/\"},\"sameAs\":[\"https:\/\/www.facebook.com\/teslafm.net\",\"https:\/\/x.com\/teslafm\"]}]}<\/script>\n<!-- \/ Yoast SEO plugin. -->","yoast_head_json":{"title":"Ones de Crom #25 -","robots":{"index":"index","follow":"follow","max-snippet":"max-snippet:-1","max-image-preview":"max-image-preview:large","max-video-preview":"max-video-preview:-1"},"canonical":"https:\/\/teslafm.net\/en\/ones-de-crom-25\/","og_locale":"en_US","og_type":"article","og_title":"Ones de Crom #25 -","og_description":"Ones de Crom #25 Keith Rowe D&#8217;aquest hist\u00f2ric improvisador brit\u00e0nic membre dels AMM en repassem la seva traject\u00f2ria en solitari i en col\u00b7laboraci\u00f3 des dels 90. Primer escoltem \u00e0lbums d&#8217;ell sol com \u00abA Dimension Of Perfectly Ordinary Reality\u00bb (1990) i \u00abHarsh, Guitar Solo\u00bb (2000) on es presenta els seu estil de manipulaci\u00f3 de guitarra el\u00e8ctrica [&hellip;]","og_url":"https:\/\/teslafm.net\/en\/ones-de-crom-25\/","article_publisher":"https:\/\/www.facebook.com\/teslafm.net","article_modified_time":"2023-11-14T17:33:06+00:00","og_image":[{"url":"http:\/\/teslafm.net\/wp-content\/uploads\/2023\/11\/KEITH-ROWE.jpg","type":"","width":"","height":""}],"twitter_card":"summary_large_image","twitter_site":"@teslafm","twitter_misc":{"Est. reading time":"2 minutes"},"schema":{"@context":"https:\/\/schema.org","@graph":[{"@type":"WebPage","@id":"https:\/\/teslafm.net\/ones-de-crom-25\/","url":"https:\/\/teslafm.net\/ones-de-crom-25\/","name":"Ones de Crom #25 -","isPartOf":{"@id":"https:\/\/teslafm.net\/#website"},"primaryImageOfPage":{"@id":"https:\/\/teslafm.net\/ones-de-crom-25\/#primaryimage"},"image":{"@id":"https:\/\/teslafm.net\/ones-de-crom-25\/#primaryimage"},"thumbnailUrl":"http:\/\/teslafm.net\/wp-content\/uploads\/2023\/11\/KEITH-ROWE.jpg","datePublished":"2023-11-14T17:30:33+00:00","dateModified":"2023-11-14T17:33:06+00:00","breadcrumb":{"@id":"https:\/\/teslafm.net\/ones-de-crom-25\/#breadcrumb"},"inLanguage":"en-US","potentialAction":[{"@type":"ReadAction","target":["https:\/\/teslafm.net\/ones-de-crom-25\/"]}]},{"@type":"ImageObject","inLanguage":"en-US","@id":"https:\/\/teslafm.net\/ones-de-crom-25\/#primaryimage","url":"http:\/\/teslafm.net\/wp-content\/uploads\/2023\/11\/KEITH-ROWE.jpg","contentUrl":"http:\/\/teslafm.net\/wp-content\/uploads\/2023\/11\/KEITH-ROWE.jpg"},{"@type":"BreadcrumbList","@id":"https:\/\/teslafm.net\/ones-de-crom-25\/#breadcrumb","itemListElement":[{"@type":"ListItem","position":1,"name":"Portada","item":"https:\/\/teslafm.net\/"},{"@type":"ListItem","position":2,"name":"Ones de Crom #25"}]},{"@type":"WebSite","@id":"https:\/\/teslafm.net\/#website","url":"https:\/\/teslafm.net\/","name":"TeslaFM","description":"An experimental and creative radio","publisher":{"@id":"https:\/\/teslafm.net\/#organization"},"potentialAction":[{"@type":"SearchAction","target":{"@type":"EntryPoint","urlTemplate":"https:\/\/teslafm.net\/?s={search_term_string}"},"query-input":{"@type":"PropertyValueSpecification","valueRequired":true,"valueName":"search_term_string"}}],"inLanguage":"en-US"},{"@type":"Organization","@id":"https:\/\/teslafm.net\/#organization","name":"TeslaFM","url":"https:\/\/teslafm.net\/","logo":{"@type":"ImageObject","inLanguage":"en-US","@id":"https:\/\/teslafm.net\/#\/schema\/logo\/image\/","url":"https:\/\/teslafm.net\/wp-content\/uploads\/2020\/06\/logo-tesla.png","contentUrl":"https:\/\/teslafm.net\/wp-content\/uploads\/2020\/06\/logo-tesla.png","width":512,"height":512,"caption":"TeslaFM"},"image":{"@id":"https:\/\/teslafm.net\/#\/schema\/logo\/image\/"},"sameAs":["https:\/\/www.facebook.com\/teslafm.net","https:\/\/x.com\/teslafm"]}]}},"rttpg_featured_image_url":null,"rttpg_author":{"display_name":"Ishak","author_link":"https:\/\/teslafm.net\/en\/author\/cravan\/"},"rttpg_comment":0,"rttpg_category":null,"rttpg_excerpt":"Ones de Crom #25 Keith Rowe D&#8217;aquest hist\u00f2ric improvisador brit\u00e0nic membre dels AMM en repassem la seva traject\u00f2ria en solitari i en col\u00b7laboraci\u00f3 des dels 90. Primer escoltem \u00e0lbums d&#8217;ell sol com \u00abA Dimension Of Perfectly Ordinary Reality\u00bb (1990) i \u00abHarsh, Guitar Solo\u00bb (2000) on es presenta els seu estil de manipulaci\u00f3 de guitarra el\u00e8ctrica&hellip;","_links":{"self":[{"href":"https:\/\/teslafm.net\/en\/wp-json\/wp\/v2\/pages\/63892","targetHints":{"allow":["GET"]}}],"collection":[{"href":"https:\/\/teslafm.net\/en\/wp-json\/wp\/v2\/pages"}],"about":[{"href":"https:\/\/teslafm.net\/en\/wp-json\/wp\/v2\/types\/page"}],"author":[{"embeddable":true,"href":"https:\/\/teslafm.net\/en\/wp-json\/wp\/v2\/users\/19"}],"replies":[{"embeddable":true,"href":"https:\/\/teslafm.net\/en\/wp-json\/wp\/v2\/comments?post=63892"}],"version-history":[{"count":4,"href":"https:\/\/teslafm.net\/en\/wp-json\/wp\/v2\/pages\/63892\/revisions"}],"predecessor-version":[{"id":63898,"href":"https:\/\/teslafm.net\/en\/wp-json\/wp\/v2\/pages\/63892\/revisions\/63898"}],"wp:attachment":[{"href":"https:\/\/teslafm.net\/en\/wp-json\/wp\/v2\/media?parent=63892"}],"curies":[{"name":"wp","href":"https:\/\/api.w.org\/{rel}","templated":true}]}}