

{"id":63929,"date":"2023-11-20T16:14:35","date_gmt":"2023-11-20T15:14:35","guid":{"rendered":"https:\/\/teslafm.net\/?page_id=63929"},"modified":"2023-11-20T16:16:58","modified_gmt":"2023-11-20T15:16:58","slug":"modulisme-14","status":"publish","type":"page","link":"https:\/\/teslafm.net\/en\/modulisme-14\/","title":{"rendered":"Modulism #14"},"content":{"rendered":"<div data-elementor-type=\"wp-page\" data-elementor-id=\"63929\" class=\"elementor elementor-63929\">\n\t\t\t\t\t\t<section class=\"elementor-section elementor-top-section elementor-element elementor-element-3586390 elementor-section-boxed elementor-section-height-default elementor-section-height-default\" data-id=\"3586390\" data-element_type=\"section\" data-e-type=\"section\">\n\t\t\t\t\t\t<div class=\"elementor-container elementor-column-gap-default\">\n\t\t\t\t\t<div class=\"elementor-column elementor-col-100 elementor-top-column elementor-element elementor-element-5dabaf16\" data-id=\"5dabaf16\" data-element_type=\"column\" data-e-type=\"column\">\n\t\t\t<div class=\"elementor-widget-wrap elementor-element-populated\">\n\t\t\t\t\t\t<div class=\"elementor-element elementor-element-3e5e4f45 elementor-widget elementor-widget-text-editor\" data-id=\"3e5e4f45\" data-element_type=\"widget\" data-e-type=\"widget\" data-widget_type=\"text-editor.default\">\n\t\t\t\t<div class=\"elementor-widget-container\">\n\t\t\t\t\t\t\t\t\t<h2><span style=\"color: #ffffff;\"><strong>Modulism #14<\/strong><\/span><\/h2><p><span style=\"color: #808080;\"><em>Antonio Ra\u00fal Russek Mart\u00ednez<\/em><\/span><\/p><p><iframe src=\"https:\/\/player-widget.mixcloud.com\/widget\/iframe\/?hide_cover=1&amp;feed=%2FTeslafm_net%2Fmodulisme-14-philip-petit%2F\" width=\"100%\" height=\"120\" frameborder=\"0\"><\/iframe><\/p>\t\t\t\t\t\t\t\t<\/div>\n\t\t\t\t<\/div>\n\t\t\t\t\t<\/div>\n\t\t<\/div>\n\t\t\t\t\t<\/div>\n\t\t<\/section>\n\t\t\t\t<section class=\"elementor-section elementor-top-section elementor-element elementor-element-9e2098a elementor-section-boxed elementor-section-height-default elementor-section-height-default\" data-id=\"9e2098a\" data-element_type=\"section\" data-e-type=\"section\">\n\t\t\t\t\t\t<div class=\"elementor-container elementor-column-gap-default\">\n\t\t\t\t\t<div class=\"elementor-column elementor-col-50 elementor-top-column elementor-element elementor-element-a1d63e9\" data-id=\"a1d63e9\" data-element_type=\"column\" data-e-type=\"column\">\n\t\t\t<div class=\"elementor-widget-wrap elementor-element-populated\">\n\t\t\t\t\t\t<div class=\"elementor-element elementor-element-dc9da96 elementor-widget elementor-widget-image\" data-id=\"dc9da96\" data-element_type=\"widget\" data-e-type=\"widget\" data-widget_type=\"image.default\">\n\t\t\t\t<div class=\"elementor-widget-container\">\n\t\t\t\t\t\t\t\t\t\t\t\t\t\t\t<img fetchpriority=\"high\" decoding=\"async\" width=\"1000\" height=\"1000\" src=\"https:\/\/teslafm.net\/wp-content\/uploads\/2023\/11\/modulisme-14.png\" class=\"attachment-large size-large wp-image-63931\" alt=\"\" srcset=\"https:\/\/teslafm.net\/wp-content\/uploads\/2023\/11\/modulisme-14.png 1000w, https:\/\/teslafm.net\/wp-content\/uploads\/2023\/11\/modulisme-14-300x300.png 300w, https:\/\/teslafm.net\/wp-content\/uploads\/2023\/11\/modulisme-14-150x150.png 150w, https:\/\/teslafm.net\/wp-content\/uploads\/2023\/11\/modulisme-14-768x768.png 768w, https:\/\/teslafm.net\/wp-content\/uploads\/2023\/11\/modulisme-14-12x12.png 12w\" sizes=\"(max-width: 1000px) 100vw, 1000px\" \/>\t\t\t\t\t\t\t\t\t\t\t\t\t\t\t<\/div>\n\t\t\t\t<\/div>\n\t\t\t\t\t<\/div>\n\t\t<\/div>\n\t\t\t\t<div class=\"elementor-column elementor-col-50 elementor-top-column elementor-element elementor-element-62be8e7\" data-id=\"62be8e7\" data-element_type=\"column\" data-e-type=\"column\">\n\t\t\t<div class=\"elementor-widget-wrap elementor-element-populated\">\n\t\t\t\t\t\t<div class=\"elementor-element elementor-element-9eeedd3 elementor-widget elementor-widget-text-editor\" data-id=\"9eeedd3\" data-element_type=\"widget\" data-e-type=\"widget\" data-widget_type=\"text-editor.default\">\n\t\t\t\t<div class=\"elementor-widget-container\">\n\t\t\t\t\t\t\t\t\t<p><span style=\"color: #808080;\"><strong>Antonio Ra\u00fal Russek Mart\u00ednez<\/strong> is a Mexican composer of electroacoustic music and considered a pioneer of sound art in Mexico.<\/span><\/p><p><span style=\"color: #808080;\"><strong>Russek<\/strong> began his studies in Torre\u00f3n where he belonged to a children's orchestra, playing the saxophone, while studying piano with private teachers between 1969 and 1972. He composed his first pieces for theater and dance.<\/span><br \/><span style=\"color: #808080;\">In 1973, he moved to Mexico City and began to compose music for theater plays + began the construction of \"musical objects\", motivated by the desire to unite the sound and the visual. In 1974, <strong>Russek<\/strong> set up his personal electroacoustic music studio in the Condesa neighborhood, becoming the first of its kind in Mexico. In 1978 he founded the Centro Independiente de Investigaci\u00f3n Musical y Multimedia (CIIMM), where he carried out musical production, recordings, as well as publications and editorial and academic work. Concerts, conferences and events related to electronic music and alternative media were held at CIIMM for several decades.<\/span><\/p><p><span style=\"color: #808080;\">Since 1981 he has been working on interdisciplinary works and has created sound environments for exhibitions. He also specializes in installation pieces, video art, radio art, sound sculpture, ephemeral pieces and music for dance and theater.<\/span><\/p><p><span style=\"color: #808080;\">In the compositional field, his work focuses on electroacoustics and the use of electronic resources and his catalog includes more than 100 works, including sound art pieces and collaborations with other artists and composers.<\/span><\/p>\t\t\t\t\t\t\t\t<\/div>\n\t\t\t\t<\/div>\n\t\t\t\t\t<\/div>\n\t\t<\/div>\n\t\t\t\t\t<\/div>\n\t\t<\/section>\n\t\t\t\t<\/div>","protected":false},"excerpt":{"rendered":"<p>Modulisme #14 Antonio Ra\u00fal Russek Mart\u00ednez Antonio Ra\u00fal Russek Mart\u00ednez es un compositor mexicano de m\u00fasica electroac\u00fastica y considerado pionero del arte sonoro en M\u00e9xico. Russek inici\u00f3 sus estudios en Torre\u00f3n donde perteneci\u00f3 a una orquesta infantil, tocando el saxof\u00f3n, mientras estudiaba piano con maestros particulares entre 1969 y 1972. Compuso sus primeras piezas para [&hellip;]<\/p>\n","protected":false},"author":19,"featured_media":0,"parent":0,"menu_order":0,"comment_status":"closed","ping_status":"closed","template":"","meta":{"footnotes":""},"class_list":["post-63929","page","type-page","status-publish","hentry"],"yoast_head":"<!-- This site is optimized with the Yoast SEO plugin v27.2 - https:\/\/yoast.com\/product\/yoast-seo-wordpress\/ -->\n<title>Modulisme #14 -<\/title>\n<meta name=\"robots\" content=\"index, follow, max-snippet:-1, max-image-preview:large, max-video-preview:-1\" \/>\n<link rel=\"canonical\" href=\"https:\/\/teslafm.net\/en\/modulisme-14\/\" \/>\n<meta property=\"og:locale\" content=\"en_US\" \/>\n<meta property=\"og:type\" content=\"article\" \/>\n<meta property=\"og:title\" content=\"Modulisme #14 -\" \/>\n<meta property=\"og:description\" content=\"Modulisme #14 Antonio Ra\u00fal Russek Mart\u00ednez Antonio Ra\u00fal Russek Mart\u00ednez es un compositor mexicano de m\u00fasica electroac\u00fastica y considerado pionero del arte sonoro en M\u00e9xico. Russek inici\u00f3 sus estudios en Torre\u00f3n donde perteneci\u00f3 a una orquesta infantil, tocando el saxof\u00f3n, mientras estudiaba piano con maestros particulares entre 1969 y 1972. Compuso sus primeras piezas para [&hellip;]\" \/>\n<meta property=\"og:url\" content=\"https:\/\/teslafm.net\/en\/modulisme-14\/\" \/>\n<meta property=\"article:publisher\" content=\"https:\/\/www.facebook.com\/teslafm.net\" \/>\n<meta property=\"article:modified_time\" content=\"2023-11-20T15:16:58+00:00\" \/>\n<meta property=\"og:image\" content=\"http:\/\/teslafm.net\/wp-content\/uploads\/2023\/11\/modulisme-14.png\" \/>\n<meta name=\"twitter:card\" content=\"summary_large_image\" \/>\n<meta name=\"twitter:site\" content=\"@teslafm\" \/>\n<meta name=\"twitter:label1\" content=\"Est. reading time\" \/>\n\t<meta name=\"twitter:data1\" content=\"2 minutes\" \/>\n<script type=\"application\/ld+json\" class=\"yoast-schema-graph\">{\"@context\":\"https:\/\/schema.org\",\"@graph\":[{\"@type\":\"WebPage\",\"@id\":\"https:\/\/teslafm.net\/modulisme-14\/\",\"url\":\"https:\/\/teslafm.net\/modulisme-14\/\",\"name\":\"Modulisme #14 -\",\"isPartOf\":{\"@id\":\"https:\/\/teslafm.net\/#website\"},\"primaryImageOfPage\":{\"@id\":\"https:\/\/teslafm.net\/modulisme-14\/#primaryimage\"},\"image\":{\"@id\":\"https:\/\/teslafm.net\/modulisme-14\/#primaryimage\"},\"thumbnailUrl\":\"http:\/\/teslafm.net\/wp-content\/uploads\/2023\/11\/modulisme-14.png\",\"datePublished\":\"2023-11-20T15:14:35+00:00\",\"dateModified\":\"2023-11-20T15:16:58+00:00\",\"breadcrumb\":{\"@id\":\"https:\/\/teslafm.net\/modulisme-14\/#breadcrumb\"},\"inLanguage\":\"en-US\",\"potentialAction\":[{\"@type\":\"ReadAction\",\"target\":[\"https:\/\/teslafm.net\/modulisme-14\/\"]}]},{\"@type\":\"ImageObject\",\"inLanguage\":\"en-US\",\"@id\":\"https:\/\/teslafm.net\/modulisme-14\/#primaryimage\",\"url\":\"http:\/\/teslafm.net\/wp-content\/uploads\/2023\/11\/modulisme-14.png\",\"contentUrl\":\"http:\/\/teslafm.net\/wp-content\/uploads\/2023\/11\/modulisme-14.png\"},{\"@type\":\"BreadcrumbList\",\"@id\":\"https:\/\/teslafm.net\/modulisme-14\/#breadcrumb\",\"itemListElement\":[{\"@type\":\"ListItem\",\"position\":1,\"name\":\"Portada\",\"item\":\"https:\/\/teslafm.net\/\"},{\"@type\":\"ListItem\",\"position\":2,\"name\":\"Modulisme #14\"}]},{\"@type\":\"WebSite\",\"@id\":\"https:\/\/teslafm.net\/#website\",\"url\":\"https:\/\/teslafm.net\/\",\"name\":\"TeslaFM\",\"description\":\"An experimental and creative radio\",\"publisher\":{\"@id\":\"https:\/\/teslafm.net\/#organization\"},\"potentialAction\":[{\"@type\":\"SearchAction\",\"target\":{\"@type\":\"EntryPoint\",\"urlTemplate\":\"https:\/\/teslafm.net\/?s={search_term_string}\"},\"query-input\":{\"@type\":\"PropertyValueSpecification\",\"valueRequired\":true,\"valueName\":\"search_term_string\"}}],\"inLanguage\":\"en-US\"},{\"@type\":\"Organization\",\"@id\":\"https:\/\/teslafm.net\/#organization\",\"name\":\"TeslaFM\",\"url\":\"https:\/\/teslafm.net\/\",\"logo\":{\"@type\":\"ImageObject\",\"inLanguage\":\"en-US\",\"@id\":\"https:\/\/teslafm.net\/#\/schema\/logo\/image\/\",\"url\":\"https:\/\/teslafm.net\/wp-content\/uploads\/2020\/06\/logo-tesla.png\",\"contentUrl\":\"https:\/\/teslafm.net\/wp-content\/uploads\/2020\/06\/logo-tesla.png\",\"width\":512,\"height\":512,\"caption\":\"TeslaFM\"},\"image\":{\"@id\":\"https:\/\/teslafm.net\/#\/schema\/logo\/image\/\"},\"sameAs\":[\"https:\/\/www.facebook.com\/teslafm.net\",\"https:\/\/x.com\/teslafm\"]}]}<\/script>\n<!-- \/ Yoast SEO plugin. -->","yoast_head_json":{"title":"Modulisme #14 -","robots":{"index":"index","follow":"follow","max-snippet":"max-snippet:-1","max-image-preview":"max-image-preview:large","max-video-preview":"max-video-preview:-1"},"canonical":"https:\/\/teslafm.net\/en\/modulisme-14\/","og_locale":"en_US","og_type":"article","og_title":"Modulisme #14 -","og_description":"Modulisme #14 Antonio Ra\u00fal Russek Mart\u00ednez Antonio Ra\u00fal Russek Mart\u00ednez es un compositor mexicano de m\u00fasica electroac\u00fastica y considerado pionero del arte sonoro en M\u00e9xico. Russek inici\u00f3 sus estudios en Torre\u00f3n donde perteneci\u00f3 a una orquesta infantil, tocando el saxof\u00f3n, mientras estudiaba piano con maestros particulares entre 1969 y 1972. Compuso sus primeras piezas para [&hellip;]","og_url":"https:\/\/teslafm.net\/en\/modulisme-14\/","article_publisher":"https:\/\/www.facebook.com\/teslafm.net","article_modified_time":"2023-11-20T15:16:58+00:00","og_image":[{"url":"http:\/\/teslafm.net\/wp-content\/uploads\/2023\/11\/modulisme-14.png","type":"","width":"","height":""}],"twitter_card":"summary_large_image","twitter_site":"@teslafm","twitter_misc":{"Est. reading time":"2 minutes"},"schema":{"@context":"https:\/\/schema.org","@graph":[{"@type":"WebPage","@id":"https:\/\/teslafm.net\/modulisme-14\/","url":"https:\/\/teslafm.net\/modulisme-14\/","name":"Modulisme #14 -","isPartOf":{"@id":"https:\/\/teslafm.net\/#website"},"primaryImageOfPage":{"@id":"https:\/\/teslafm.net\/modulisme-14\/#primaryimage"},"image":{"@id":"https:\/\/teslafm.net\/modulisme-14\/#primaryimage"},"thumbnailUrl":"http:\/\/teslafm.net\/wp-content\/uploads\/2023\/11\/modulisme-14.png","datePublished":"2023-11-20T15:14:35+00:00","dateModified":"2023-11-20T15:16:58+00:00","breadcrumb":{"@id":"https:\/\/teslafm.net\/modulisme-14\/#breadcrumb"},"inLanguage":"en-US","potentialAction":[{"@type":"ReadAction","target":["https:\/\/teslafm.net\/modulisme-14\/"]}]},{"@type":"ImageObject","inLanguage":"en-US","@id":"https:\/\/teslafm.net\/modulisme-14\/#primaryimage","url":"http:\/\/teslafm.net\/wp-content\/uploads\/2023\/11\/modulisme-14.png","contentUrl":"http:\/\/teslafm.net\/wp-content\/uploads\/2023\/11\/modulisme-14.png"},{"@type":"BreadcrumbList","@id":"https:\/\/teslafm.net\/modulisme-14\/#breadcrumb","itemListElement":[{"@type":"ListItem","position":1,"name":"Portada","item":"https:\/\/teslafm.net\/"},{"@type":"ListItem","position":2,"name":"Modulisme #14"}]},{"@type":"WebSite","@id":"https:\/\/teslafm.net\/#website","url":"https:\/\/teslafm.net\/","name":"TeslaFM","description":"An experimental and creative radio","publisher":{"@id":"https:\/\/teslafm.net\/#organization"},"potentialAction":[{"@type":"SearchAction","target":{"@type":"EntryPoint","urlTemplate":"https:\/\/teslafm.net\/?s={search_term_string}"},"query-input":{"@type":"PropertyValueSpecification","valueRequired":true,"valueName":"search_term_string"}}],"inLanguage":"en-US"},{"@type":"Organization","@id":"https:\/\/teslafm.net\/#organization","name":"TeslaFM","url":"https:\/\/teslafm.net\/","logo":{"@type":"ImageObject","inLanguage":"en-US","@id":"https:\/\/teslafm.net\/#\/schema\/logo\/image\/","url":"https:\/\/teslafm.net\/wp-content\/uploads\/2020\/06\/logo-tesla.png","contentUrl":"https:\/\/teslafm.net\/wp-content\/uploads\/2020\/06\/logo-tesla.png","width":512,"height":512,"caption":"TeslaFM"},"image":{"@id":"https:\/\/teslafm.net\/#\/schema\/logo\/image\/"},"sameAs":["https:\/\/www.facebook.com\/teslafm.net","https:\/\/x.com\/teslafm"]}]}},"rttpg_featured_image_url":null,"rttpg_author":{"display_name":"Ishak","author_link":"https:\/\/teslafm.net\/en\/author\/cravan\/"},"rttpg_comment":0,"rttpg_category":null,"rttpg_excerpt":"Modulisme #14 Antonio Ra\u00fal Russek Mart\u00ednez Antonio Ra\u00fal Russek Mart\u00ednez es un compositor mexicano de m\u00fasica electroac\u00fastica y considerado pionero del arte sonoro en M\u00e9xico. Russek inici\u00f3 sus estudios en Torre\u00f3n donde perteneci\u00f3 a una orquesta infantil, tocando el saxof\u00f3n, mientras estudiaba piano con maestros particulares entre 1969 y 1972. Compuso sus primeras piezas para&hellip;","_links":{"self":[{"href":"https:\/\/teslafm.net\/en\/wp-json\/wp\/v2\/pages\/63929","targetHints":{"allow":["GET"]}}],"collection":[{"href":"https:\/\/teslafm.net\/en\/wp-json\/wp\/v2\/pages"}],"about":[{"href":"https:\/\/teslafm.net\/en\/wp-json\/wp\/v2\/types\/page"}],"author":[{"embeddable":true,"href":"https:\/\/teslafm.net\/en\/wp-json\/wp\/v2\/users\/19"}],"replies":[{"embeddable":true,"href":"https:\/\/teslafm.net\/en\/wp-json\/wp\/v2\/comments?post=63929"}],"version-history":[{"count":4,"href":"https:\/\/teslafm.net\/en\/wp-json\/wp\/v2\/pages\/63929\/revisions"}],"predecessor-version":[{"id":63934,"href":"https:\/\/teslafm.net\/en\/wp-json\/wp\/v2\/pages\/63929\/revisions\/63934"}],"wp:attachment":[{"href":"https:\/\/teslafm.net\/en\/wp-json\/wp\/v2\/media?parent=63929"}],"curies":[{"name":"wp","href":"https:\/\/api.w.org\/{rel}","templated":true}]}}