

{"id":63938,"date":"2023-11-21T16:13:25","date_gmt":"2023-11-21T15:13:25","guid":{"rendered":"https:\/\/teslafm.net\/?page_id=63938"},"modified":"2023-11-21T16:18:56","modified_gmt":"2023-11-21T15:18:56","slug":"space-oddity-recollection-49","status":"publish","type":"page","link":"https:\/\/teslafm.net\/en\/space-oddity-recollection-49\/","title":{"rendered":"Space Oddity Recollection #49"},"content":{"rendered":"<div data-elementor-type=\"wp-page\" data-elementor-id=\"63938\" class=\"elementor elementor-63938\">\n\t\t\t\t\t\t<section class=\"elementor-section elementor-top-section elementor-element elementor-element-4cb619d2 elementor-section-boxed elementor-section-height-default elementor-section-height-default\" data-id=\"4cb619d2\" data-element_type=\"section\" data-e-type=\"section\">\n\t\t\t\t\t\t<div class=\"elementor-container elementor-column-gap-default\">\n\t\t\t\t\t<div class=\"elementor-column elementor-col-100 elementor-top-column elementor-element elementor-element-42010455\" data-id=\"42010455\" data-element_type=\"column\" data-e-type=\"column\">\n\t\t\t<div class=\"elementor-widget-wrap elementor-element-populated\">\n\t\t\t\t\t\t<div class=\"elementor-element elementor-element-f147413 elementor-widget elementor-widget-text-editor\" data-id=\"f147413\" data-element_type=\"widget\" data-e-type=\"widget\" data-widget_type=\"text-editor.default\">\n\t\t\t\t<div class=\"elementor-widget-container\">\n\t\t\t\t\t\t\t\t\t<h2><span style=\"color: #ffffff;\"><strong>Space Oddity Recollection #49<\/strong><\/span><\/h2>\n<p lang=\"pl-PL\"><span style=\"color: #808080;\"><em><span lang=\"en-US\">10<\/span><span lang=\"en-US\">th<\/span><span lang=\"en-US\"> festival Uro nie Dycha_Poznan_2023<\/span><\/em><\/span><\/p>\n\n<iframe width=\"100%\" height=\"120\" src=\"https:\/\/player-widget.mixcloud.com\/widget\/iframe\/?hide_cover=1&#038;feed=%2FTeslafm_net%2Fspace-oddity-recollection-49-monika-pich%2F\" frameborder=\"0\" ><\/iframe>\t\t\t\t\t\t\t\t<\/div>\n\t\t\t\t<\/div>\n\t\t\t\t\t<\/div>\n\t\t<\/div>\n\t\t\t\t\t<\/div>\n\t\t<\/section>\n\t\t\t\t<section class=\"elementor-section elementor-top-section elementor-element elementor-element-ea277e5 elementor-section-boxed elementor-section-height-default elementor-section-height-default\" data-id=\"ea277e5\" data-element_type=\"section\" data-e-type=\"section\">\n\t\t\t\t\t\t<div class=\"elementor-container elementor-column-gap-default\">\n\t\t\t\t\t<div class=\"elementor-column elementor-col-50 elementor-top-column elementor-element elementor-element-c2d37d7\" data-id=\"c2d37d7\" data-element_type=\"column\" data-e-type=\"column\">\n\t\t\t<div class=\"elementor-widget-wrap elementor-element-populated\">\n\t\t\t\t\t\t<div class=\"elementor-element elementor-element-024f4ce elementor-widget elementor-widget-image\" data-id=\"024f4ce\" data-element_type=\"widget\" data-e-type=\"widget\" data-widget_type=\"image.default\">\n\t\t\t\t<div class=\"elementor-widget-container\">\n\t\t\t\t\t\t\t\t\t\t\t\t\t\t\t<img fetchpriority=\"high\" decoding=\"async\" width=\"472\" height=\"472\" src=\"https:\/\/teslafm.net\/wp-content\/uploads\/2023\/11\/Uro-nie-Dycha_2023_October_Poznan.jpg\" class=\"attachment-large size-large wp-image-63943\" alt=\"\" srcset=\"https:\/\/teslafm.net\/wp-content\/uploads\/2023\/11\/Uro-nie-Dycha_2023_October_Poznan.jpg 472w, https:\/\/teslafm.net\/wp-content\/uploads\/2023\/11\/Uro-nie-Dycha_2023_October_Poznan-300x300.jpg 300w, https:\/\/teslafm.net\/wp-content\/uploads\/2023\/11\/Uro-nie-Dycha_2023_October_Poznan-150x150.jpg 150w, https:\/\/teslafm.net\/wp-content\/uploads\/2023\/11\/Uro-nie-Dycha_2023_October_Poznan-12x12.jpg 12w\" sizes=\"(max-width: 472px) 100vw, 472px\" \/>\t\t\t\t\t\t\t\t\t\t\t\t\t\t\t<\/div>\n\t\t\t\t<\/div>\n\t\t\t\t\t<\/div>\n\t\t<\/div>\n\t\t\t\t<div class=\"elementor-column elementor-col-50 elementor-top-column elementor-element elementor-element-9b5b682\" data-id=\"9b5b682\" data-element_type=\"column\" data-e-type=\"column\">\n\t\t\t<div class=\"elementor-widget-wrap elementor-element-populated\">\n\t\t\t\t\t\t<div class=\"elementor-element elementor-element-a67e30d elementor-widget elementor-widget-text-editor\" data-id=\"a67e30d\" data-element_type=\"widget\" data-e-type=\"widget\" data-widget_type=\"text-editor.default\">\n\t\t\t\t<div class=\"elementor-widget-container\">\n\t\t\t\t\t\t\t\t\t<p lang=\"pl-PL\"><span style=\"color: #808080;\">Uro nie dycha' 10th in memoriam festival a <strong>Albert Tyra\u0142a<\/strong>which took place in the studio on Orzeszkowa Street in Pozna\u0144, Poland, in October 2023. This event was organized under the auspices of the publishing company <strong>uroruro.manufucture<\/strong>. The festival included concerts, but also performative activities, poetry readings and film screenings.<\/span><\/p><p lang=\"pl-PL\"><span style=\"color: #808080;\">Among the artists were: <strong>namorzu<\/strong>,<strong> Dorota Kasprzak<\/strong>,<strong> w\u0119dr\u00f3wki po nienarysowanych liniach<\/strong>,<strong> Rados\u0142aw Dziubek<\/strong>,<strong> Krew Z Kontaktu<\/strong>,<strong> chore ia<\/strong>, <strong>Miros\u0142aw Rajkowski<\/strong>,<strong> uroruro<\/strong>, <strong>FEET<\/strong>,<strong> Cherkasow + Kaliski<\/strong>, <strong>poesi.fysik.<\/strong>, <strong>Laboratory of Sound<\/strong>, <strong>Wrong Dials<\/strong>, <strong>R. IWANSKI<\/strong>,<strong> Radio Noise Duo<\/strong>,<strong> Sebastian Komorowski<\/strong> and<strong> interrupted lava<\/strong>.<\/span><\/p><p><a href=\"https:\/\/uroruro-manufucktura.bandcamp.com\/\" target=\"_blank\" rel=\"noopener\">https:\/\/uroruro-manufucktura.bandcamp.com\/<\/a><\/p><p><span style=\"color: #808080;\">Enjoy the mixtrack, November, 2023\u2032. <\/span><br \/><span style=\"color: #808080;\">produced by <strong>monikapich<\/strong><\/span><\/p><p>\u00a0<\/p>\t\t\t\t\t\t\t\t<\/div>\n\t\t\t\t<\/div>\n\t\t\t\t\t<\/div>\n\t\t<\/div>\n\t\t\t\t\t<\/div>\n\t\t<\/section>\n\t\t\t\t<\/div>","protected":false},"excerpt":{"rendered":"<p>Space Oddity Recollection #49 10th festival Uro nie Dycha_Poznan_2023 &#8216;Uro nie dycha&#8217; 10\u00ba festival in memoriam a Albert Tyra\u0142a, que tuvo lugar en el estudio de la calle Orzeszkowa de Pozna\u0144, Polonia, en octubre de 2023. Este evento se organiz\u00f3 bajo los auspicios de la editorial uroruro.manufuctura. El festival incluy\u00f3 conciertos, pero tambi\u00e9n actividades performativas, [&hellip;]<\/p>\n","protected":false},"author":19,"featured_media":0,"parent":0,"menu_order":0,"comment_status":"closed","ping_status":"closed","template":"","meta":{"footnotes":""},"class_list":["post-63938","page","type-page","status-publish","hentry"],"yoast_head":"<!-- This site is optimized with the Yoast SEO plugin v27.2 - https:\/\/yoast.com\/product\/yoast-seo-wordpress\/ -->\n<title>Space Oddity Recollection #49 -<\/title>\n<meta name=\"robots\" content=\"index, follow, max-snippet:-1, max-image-preview:large, max-video-preview:-1\" \/>\n<link rel=\"canonical\" href=\"https:\/\/teslafm.net\/en\/space-oddity-recollection-49\/\" \/>\n<meta property=\"og:locale\" content=\"en_US\" \/>\n<meta property=\"og:type\" content=\"article\" \/>\n<meta property=\"og:title\" content=\"Space Oddity Recollection #49 -\" \/>\n<meta property=\"og:description\" content=\"Space Oddity Recollection #49 10th festival Uro nie Dycha_Poznan_2023 &#8216;Uro nie dycha&#8217; 10\u00ba festival in memoriam a Albert Tyra\u0142a, que tuvo lugar en el estudio de la calle Orzeszkowa de Pozna\u0144, Polonia, en octubre de 2023. Este evento se organiz\u00f3 bajo los auspicios de la editorial uroruro.manufuctura. El festival incluy\u00f3 conciertos, pero tambi\u00e9n actividades performativas, [&hellip;]\" \/>\n<meta property=\"og:url\" content=\"https:\/\/teslafm.net\/en\/space-oddity-recollection-49\/\" \/>\n<meta property=\"article:publisher\" content=\"https:\/\/www.facebook.com\/teslafm.net\" \/>\n<meta property=\"article:modified_time\" content=\"2023-11-21T15:18:56+00:00\" \/>\n<meta property=\"og:image\" content=\"http:\/\/teslafm.net\/wp-content\/uploads\/2023\/11\/Uro-nie-Dycha_2023_October_Poznan.jpg\" \/>\n<meta name=\"twitter:card\" content=\"summary_large_image\" \/>\n<meta name=\"twitter:site\" content=\"@teslafm\" \/>\n<meta name=\"twitter:label1\" content=\"Est. reading time\" \/>\n\t<meta name=\"twitter:data1\" content=\"1 minute\" \/>\n<script type=\"application\/ld+json\" class=\"yoast-schema-graph\">{\"@context\":\"https:\/\/schema.org\",\"@graph\":[{\"@type\":\"WebPage\",\"@id\":\"https:\/\/teslafm.net\/space-oddity-recollection-49\/\",\"url\":\"https:\/\/teslafm.net\/space-oddity-recollection-49\/\",\"name\":\"Space Oddity Recollection #49 -\",\"isPartOf\":{\"@id\":\"https:\/\/teslafm.net\/#website\"},\"primaryImageOfPage\":{\"@id\":\"https:\/\/teslafm.net\/space-oddity-recollection-49\/#primaryimage\"},\"image\":{\"@id\":\"https:\/\/teslafm.net\/space-oddity-recollection-49\/#primaryimage\"},\"thumbnailUrl\":\"http:\/\/teslafm.net\/wp-content\/uploads\/2023\/11\/Uro-nie-Dycha_2023_October_Poznan.jpg\",\"datePublished\":\"2023-11-21T15:13:25+00:00\",\"dateModified\":\"2023-11-21T15:18:56+00:00\",\"breadcrumb\":{\"@id\":\"https:\/\/teslafm.net\/space-oddity-recollection-49\/#breadcrumb\"},\"inLanguage\":\"en-US\",\"potentialAction\":[{\"@type\":\"ReadAction\",\"target\":[\"https:\/\/teslafm.net\/space-oddity-recollection-49\/\"]}]},{\"@type\":\"ImageObject\",\"inLanguage\":\"en-US\",\"@id\":\"https:\/\/teslafm.net\/space-oddity-recollection-49\/#primaryimage\",\"url\":\"http:\/\/teslafm.net\/wp-content\/uploads\/2023\/11\/Uro-nie-Dycha_2023_October_Poznan.jpg\",\"contentUrl\":\"http:\/\/teslafm.net\/wp-content\/uploads\/2023\/11\/Uro-nie-Dycha_2023_October_Poznan.jpg\"},{\"@type\":\"BreadcrumbList\",\"@id\":\"https:\/\/teslafm.net\/space-oddity-recollection-49\/#breadcrumb\",\"itemListElement\":[{\"@type\":\"ListItem\",\"position\":1,\"name\":\"Portada\",\"item\":\"https:\/\/teslafm.net\/\"},{\"@type\":\"ListItem\",\"position\":2,\"name\":\"Space Oddity Recollection #49\"}]},{\"@type\":\"WebSite\",\"@id\":\"https:\/\/teslafm.net\/#website\",\"url\":\"https:\/\/teslafm.net\/\",\"name\":\"TeslaFM\",\"description\":\"An experimental and creative radio\",\"publisher\":{\"@id\":\"https:\/\/teslafm.net\/#organization\"},\"potentialAction\":[{\"@type\":\"SearchAction\",\"target\":{\"@type\":\"EntryPoint\",\"urlTemplate\":\"https:\/\/teslafm.net\/?s={search_term_string}\"},\"query-input\":{\"@type\":\"PropertyValueSpecification\",\"valueRequired\":true,\"valueName\":\"search_term_string\"}}],\"inLanguage\":\"en-US\"},{\"@type\":\"Organization\",\"@id\":\"https:\/\/teslafm.net\/#organization\",\"name\":\"TeslaFM\",\"url\":\"https:\/\/teslafm.net\/\",\"logo\":{\"@type\":\"ImageObject\",\"inLanguage\":\"en-US\",\"@id\":\"https:\/\/teslafm.net\/#\/schema\/logo\/image\/\",\"url\":\"https:\/\/teslafm.net\/wp-content\/uploads\/2020\/06\/logo-tesla.png\",\"contentUrl\":\"https:\/\/teslafm.net\/wp-content\/uploads\/2020\/06\/logo-tesla.png\",\"width\":512,\"height\":512,\"caption\":\"TeslaFM\"},\"image\":{\"@id\":\"https:\/\/teslafm.net\/#\/schema\/logo\/image\/\"},\"sameAs\":[\"https:\/\/www.facebook.com\/teslafm.net\",\"https:\/\/x.com\/teslafm\"]}]}<\/script>\n<!-- \/ Yoast SEO plugin. -->","yoast_head_json":{"title":"Space Oddity Recollection #49 -","robots":{"index":"index","follow":"follow","max-snippet":"max-snippet:-1","max-image-preview":"max-image-preview:large","max-video-preview":"max-video-preview:-1"},"canonical":"https:\/\/teslafm.net\/en\/space-oddity-recollection-49\/","og_locale":"en_US","og_type":"article","og_title":"Space Oddity Recollection #49 -","og_description":"Space Oddity Recollection #49 10th festival Uro nie Dycha_Poznan_2023 &#8216;Uro nie dycha&#8217; 10\u00ba festival in memoriam a Albert Tyra\u0142a, que tuvo lugar en el estudio de la calle Orzeszkowa de Pozna\u0144, Polonia, en octubre de 2023. Este evento se organiz\u00f3 bajo los auspicios de la editorial uroruro.manufuctura. El festival incluy\u00f3 conciertos, pero tambi\u00e9n actividades performativas, [&hellip;]","og_url":"https:\/\/teslafm.net\/en\/space-oddity-recollection-49\/","article_publisher":"https:\/\/www.facebook.com\/teslafm.net","article_modified_time":"2023-11-21T15:18:56+00:00","og_image":[{"url":"http:\/\/teslafm.net\/wp-content\/uploads\/2023\/11\/Uro-nie-Dycha_2023_October_Poznan.jpg","type":"","width":"","height":""}],"twitter_card":"summary_large_image","twitter_site":"@teslafm","twitter_misc":{"Est. reading time":"1 minute"},"schema":{"@context":"https:\/\/schema.org","@graph":[{"@type":"WebPage","@id":"https:\/\/teslafm.net\/space-oddity-recollection-49\/","url":"https:\/\/teslafm.net\/space-oddity-recollection-49\/","name":"Space Oddity Recollection #49 -","isPartOf":{"@id":"https:\/\/teslafm.net\/#website"},"primaryImageOfPage":{"@id":"https:\/\/teslafm.net\/space-oddity-recollection-49\/#primaryimage"},"image":{"@id":"https:\/\/teslafm.net\/space-oddity-recollection-49\/#primaryimage"},"thumbnailUrl":"http:\/\/teslafm.net\/wp-content\/uploads\/2023\/11\/Uro-nie-Dycha_2023_October_Poznan.jpg","datePublished":"2023-11-21T15:13:25+00:00","dateModified":"2023-11-21T15:18:56+00:00","breadcrumb":{"@id":"https:\/\/teslafm.net\/space-oddity-recollection-49\/#breadcrumb"},"inLanguage":"en-US","potentialAction":[{"@type":"ReadAction","target":["https:\/\/teslafm.net\/space-oddity-recollection-49\/"]}]},{"@type":"ImageObject","inLanguage":"en-US","@id":"https:\/\/teslafm.net\/space-oddity-recollection-49\/#primaryimage","url":"http:\/\/teslafm.net\/wp-content\/uploads\/2023\/11\/Uro-nie-Dycha_2023_October_Poznan.jpg","contentUrl":"http:\/\/teslafm.net\/wp-content\/uploads\/2023\/11\/Uro-nie-Dycha_2023_October_Poznan.jpg"},{"@type":"BreadcrumbList","@id":"https:\/\/teslafm.net\/space-oddity-recollection-49\/#breadcrumb","itemListElement":[{"@type":"ListItem","position":1,"name":"Portada","item":"https:\/\/teslafm.net\/"},{"@type":"ListItem","position":2,"name":"Space Oddity Recollection #49"}]},{"@type":"WebSite","@id":"https:\/\/teslafm.net\/#website","url":"https:\/\/teslafm.net\/","name":"TeslaFM","description":"An experimental and creative radio","publisher":{"@id":"https:\/\/teslafm.net\/#organization"},"potentialAction":[{"@type":"SearchAction","target":{"@type":"EntryPoint","urlTemplate":"https:\/\/teslafm.net\/?s={search_term_string}"},"query-input":{"@type":"PropertyValueSpecification","valueRequired":true,"valueName":"search_term_string"}}],"inLanguage":"en-US"},{"@type":"Organization","@id":"https:\/\/teslafm.net\/#organization","name":"TeslaFM","url":"https:\/\/teslafm.net\/","logo":{"@type":"ImageObject","inLanguage":"en-US","@id":"https:\/\/teslafm.net\/#\/schema\/logo\/image\/","url":"https:\/\/teslafm.net\/wp-content\/uploads\/2020\/06\/logo-tesla.png","contentUrl":"https:\/\/teslafm.net\/wp-content\/uploads\/2020\/06\/logo-tesla.png","width":512,"height":512,"caption":"TeslaFM"},"image":{"@id":"https:\/\/teslafm.net\/#\/schema\/logo\/image\/"},"sameAs":["https:\/\/www.facebook.com\/teslafm.net","https:\/\/x.com\/teslafm"]}]}},"rttpg_featured_image_url":null,"rttpg_author":{"display_name":"Ishak","author_link":"https:\/\/teslafm.net\/en\/author\/cravan\/"},"rttpg_comment":0,"rttpg_category":null,"rttpg_excerpt":"Space Oddity Recollection #49 10th festival Uro nie Dycha_Poznan_2023 &#8216;Uro nie dycha&#8217; 10\u00ba festival in memoriam a Albert Tyra\u0142a, que tuvo lugar en el estudio de la calle Orzeszkowa de Pozna\u0144, Polonia, en octubre de 2023. Este evento se organiz\u00f3 bajo los auspicios de la editorial uroruro.manufuctura. El festival incluy\u00f3 conciertos, pero tambi\u00e9n actividades performativas,&hellip;","_links":{"self":[{"href":"https:\/\/teslafm.net\/en\/wp-json\/wp\/v2\/pages\/63938","targetHints":{"allow":["GET"]}}],"collection":[{"href":"https:\/\/teslafm.net\/en\/wp-json\/wp\/v2\/pages"}],"about":[{"href":"https:\/\/teslafm.net\/en\/wp-json\/wp\/v2\/types\/page"}],"author":[{"embeddable":true,"href":"https:\/\/teslafm.net\/en\/wp-json\/wp\/v2\/users\/19"}],"replies":[{"embeddable":true,"href":"https:\/\/teslafm.net\/en\/wp-json\/wp\/v2\/comments?post=63938"}],"version-history":[{"count":7,"href":"https:\/\/teslafm.net\/en\/wp-json\/wp\/v2\/pages\/63938\/revisions"}],"predecessor-version":[{"id":63946,"href":"https:\/\/teslafm.net\/en\/wp-json\/wp\/v2\/pages\/63938\/revisions\/63946"}],"wp:attachment":[{"href":"https:\/\/teslafm.net\/en\/wp-json\/wp\/v2\/media?parent=63938"}],"curies":[{"name":"wp","href":"https:\/\/api.w.org\/{rel}","templated":true}]}}